{"id":5054,"date":"2021-03-14T11:20:52","date_gmt":"2021-03-14T10:20:52","guid":{"rendered":"https:\/\/spmaskiner.com\/harvesteraggregate\/harvesteraggregate-lf\/"},"modified":"2025-10-28T09:34:15","modified_gmt":"2025-10-28T08:34:15","slug":"harvesteraggregate-lf","status":"publish","type":"page","link":"https:\/\/spmaskiner.com\/de\/harvesteraggregate\/harvesteraggregate-lf\/","title":{"rendered":"Harvesteraggregate LF"},"content":{"rendered":"\t\t<div data-elementor-type=\"wp-page\" data-elementor-id=\"5054\" class=\"elementor elementor-5054 elementor-489\" data-elementor-post-type=\"page\">\n\t\t\t\t\t\t<section class=\"elementor-section elementor-top-section elementor-element elementor-element-1bce3936 elementor-section-boxed elementor-section-height-default elementor-section-height-default\" data-id=\"1bce3936\" data-element_type=\"section\" data-e-type=\"section\">\n\t\t\t\t\t\t<div class=\"elementor-container elementor-column-gap-default\">\n\t\t\t\t\t<div class=\"elementor-column elementor-col-100 elementor-top-column elementor-element elementor-element-7e6ee8ee\" data-id=\"7e6ee8ee\" data-element_type=\"column\" data-e-type=\"column\">\n\t\t\t<div class=\"elementor-widget-wrap elementor-element-populated\">\n\t\t\t\t\t\t<div class=\"elementor-element elementor-element-1aafbf82 elementor-widget elementor-widget-heading\" data-id=\"1aafbf82\" data-element_type=\"widget\" data-e-type=\"widget\" data-widget_type=\"heading.default\">\n\t\t\t\t<div class=\"elementor-widget-container\">\n\t\t\t\t\t<h1 class=\"elementor-heading-title elementor-size-default\">Harvesteraggregate LF<\/h1>\t\t\t\t<\/div>\n\t\t\t\t<\/div>\n\t\t\t\t<div class=\"elementor-element elementor-element-2a7ed5f8 elementor-widget elementor-widget-text-editor\" data-id=\"2a7ed5f8\" data-element_type=\"widget\" data-e-type=\"widget\" data-widget_type=\"text-editor.default\">\n\t\t\t\t<div class=\"elementor-widget-container\">\n\t\t\t\t\t\t\t\t\t<p>Die Aggregate der LF-Serie zeichnen sich durch ihre wendige und kompakte Bauweise in Verbindung mit h\u00f6chster Produktivit\u00e4t und Betriebssicherheit aus. F\u00fcr maximale Rentabilit\u00e4t sind die Aggregate nach dem Low-Friction-Konzept konstruiert. Ganz gleich ob bei der Erstdurchforstung, Abholzung oder Ernte von viel Laubwald \u2013 eines der Aggregate aus der LF- Serie passt immer. Erfahren Sie im Folgenden mehr \u00fcber die LF-Aggregate und finden Sie das perfekte Aggregat f\u00fcr Ihre Anforderungen.<\/p>\n\t\t\t\t\t\t\t\t<\/div>\n\t\t\t\t<\/div>\n\t\t\t\t\t<\/div>\n\t\t<\/div>\n\t\t\t\t\t<\/div>\n\t\t<\/section>\n\t\t\t\t<section class=\"elementor-section elementor-top-section elementor-element elementor-element-44369634 unit-group-container elementor-section-boxed elementor-section-height-default elementor-section-height-default\" data-id=\"44369634\" data-element_type=\"section\" data-e-type=\"section\">\n\t\t\t\t\t\t<div class=\"elementor-container elementor-column-gap-default\">\n\t\t\t\t\t<div class=\"elementor-column elementor-col-33 elementor-top-column elementor-element elementor-element-30ee73d3 unit-group-col\" data-id=\"30ee73d3\" data-element_type=\"column\" data-e-type=\"column\">\n\t\t\t<div class=\"elementor-widget-wrap elementor-element-populated\">\n\t\t\t\t\t\t<div class=\"elementor-element elementor-element-0d15f39 unit-group-block elementor-position-top elementor-widget elementor-widget-image-box\" data-id=\"0d15f39\" data-element_type=\"widget\" data-e-type=\"widget\" data-widget_type=\"image-box.default\">\n\t\t\t\t<div class=\"elementor-widget-container\">\n\t\t\t\t\t<div class=\"elementor-image-box-wrapper\"><figure class=\"elementor-image-box-img\"><a href=\"https:\/\/spmaskiner.com\/de\/harvesteraggregate\/harvesteraggregate-lf\/durchforstungsaggregat-sp-461-lf-next-generation\/\" tabindex=\"-1\"><img loading=\"lazy\" decoding=\"async\" width=\"747\" height=\"900\" src=\"https:\/\/spmaskiner.com\/wp-content\/uploads\/2025\/06\/461-NG-hemsida-kopiera.jpg\" class=\"attachment-medium_large size-medium_large wp-image-11584\" alt=\"\" srcset=\"https:\/\/spmaskiner.com\/wp-content\/uploads\/2025\/06\/461-NG-hemsida-kopiera.jpg 747w, https:\/\/spmaskiner.com\/wp-content\/uploads\/2025\/06\/461-NG-hemsida-kopiera-249x300.jpg 249w\" sizes=\"auto, (max-width: 747px) 100vw, 747px\" \/><\/a><\/figure><div class=\"elementor-image-box-content\"><h2 class=\"elementor-image-box-title\"><a href=\"https:\/\/spmaskiner.com\/de\/harvesteraggregate\/harvesteraggregate-lf\/durchforstungsaggregat-sp-461-lf-next-generation\/\">SP 461 LF Next Generation<\/a><\/h2><p class=\"elementor-image-box-description\"><strong>NEU \u2013 Suchen Sie nach einem leistungsstarken und wendigen Durchforstungsaggregat?<\/strong><br> <strong>SP 461 LF NG<\/strong> ist das Aggregat der n\u00e4chsten Generatio<\/p><\/div><\/div>\t\t\t\t<\/div>\n\t\t\t\t<\/div>\n\t\t\t\t\t<\/div>\n\t\t<\/div>\n\t\t\t\t<div class=\"elementor-column elementor-col-33 elementor-top-column elementor-element elementor-element-7da63d9f unit-group-col\" data-id=\"7da63d9f\" data-element_type=\"column\" data-e-type=\"column\">\n\t\t\t<div class=\"elementor-widget-wrap elementor-element-populated\">\n\t\t\t\t\t\t<div class=\"elementor-element elementor-element-8120009 unit-group-block elementor-position-top elementor-widget elementor-widget-image-box\" data-id=\"8120009\" data-element_type=\"widget\" data-e-type=\"widget\" data-widget_type=\"image-box.default\">\n\t\t\t\t<div class=\"elementor-widget-container\">\n\t\t\t\t\t<div class=\"elementor-image-box-wrapper\"><figure class=\"elementor-image-box-img\"><a href=\"https:\/\/spmaskiner.com\/de\/harvesteraggregate\/harvesteraggregate-lf\/harvesteraggregate-sp-561-lf\/\" tabindex=\"-1\"><img loading=\"lazy\" decoding=\"async\" width=\"664\" height=\"800\" src=\"https:\/\/spmaskiner.com\/wp-content\/uploads\/2021\/04\/ar00001496_161116.jpg\" class=\"attachment-full size-full wp-image-2650\" alt=\"\" srcset=\"https:\/\/spmaskiner.com\/wp-content\/uploads\/2021\/04\/ar00001496_161116.jpg 664w, https:\/\/spmaskiner.com\/wp-content\/uploads\/2021\/04\/ar00001496_161116-249x300.jpg 249w\" sizes=\"auto, (max-width: 664px) 100vw, 664px\" \/><\/a><\/figure><div class=\"elementor-image-box-content\"><h2 class=\"elementor-image-box-title\"><a href=\"https:\/\/spmaskiner.com\/de\/harvesteraggregate\/harvesteraggregate-lf\/harvesteraggregate-sp-561-lf\/\">SP 561 LF<\/a><\/h2><p class=\"elementor-image-box-description\">SP 561 LF ist ein vielseitiges Allroundaggregat. SP 561 LF ist f\u00fcr verschiedene T\u00e4tigkeiten konstruiert und verf\u00fcgt \u00fcber ausgezeichnete Funktionen sowohl f\u00fcr geringf\u00fcgigere Durchforstungen als auch leichtere Abholzungen.<\/p><\/div><\/div>\t\t\t\t<\/div>\n\t\t\t\t<\/div>\n\t\t\t\t\t<\/div>\n\t\t<\/div>\n\t\t\t\t<div class=\"elementor-column elementor-col-33 elementor-top-column elementor-element elementor-element-eb005cd unit-group-col\" data-id=\"eb005cd\" data-element_type=\"column\" data-e-type=\"column\">\n\t\t\t<div class=\"elementor-widget-wrap elementor-element-populated\">\n\t\t\t\t\t\t<div class=\"elementor-element elementor-element-17840f0 unit-group-block elementor-position-top elementor-widget elementor-widget-image-box\" data-id=\"17840f0\" data-element_type=\"widget\" data-e-type=\"widget\" data-widget_type=\"image-box.default\">\n\t\t\t\t<div class=\"elementor-widget-container\">\n\t\t\t\t\t<div class=\"elementor-image-box-wrapper\"><figure class=\"elementor-image-box-img\"><a href=\"https:\/\/spmaskiner.com\/de\/harvesteraggregate\/harvesteraggregate-lf\/harvesteraggregate-sp-661-lf\/\" tabindex=\"-1\"><img loading=\"lazy\" decoding=\"async\" width=\"664\" height=\"800\" src=\"https:\/\/spmaskiner.com\/wp-content\/uploads\/2021\/04\/ar00001741_170607.jpg\" class=\"attachment-medium_large size-medium_large wp-image-2837\" alt=\"\" srcset=\"https:\/\/spmaskiner.com\/wp-content\/uploads\/2021\/04\/ar00001741_170607.jpg 664w, https:\/\/spmaskiner.com\/wp-content\/uploads\/2021\/04\/ar00001741_170607-249x300.jpg 249w\" sizes=\"auto, (max-width: 664px) 100vw, 664px\" \/><\/a><\/figure><div class=\"elementor-image-box-content\"><h2 class=\"elementor-image-box-title\"><a href=\"https:\/\/spmaskiner.com\/de\/harvesteraggregate\/harvesteraggregate-lf\/harvesteraggregate-sp-661-lf\/\">SP 661 LF<\/a><\/h2><p class=\"elementor-image-box-description\">SP 661 LF ist ein flexibles, robustes und effizientes Hochleistungsaggregat, das gem\u00e4\u00df dem Niedrigfriktionsprinzip von SP f\u00fcr minimale Friktion und maximale Produktivit\u00e4t konstruiert wurde. <\/p><\/div><\/div>\t\t\t\t<\/div>\n\t\t\t\t<\/div>\n\t\t\t\t\t<\/div>\n\t\t<\/div>\n\t\t\t\t\t<\/div>\n\t\t<\/section>\n\t\t\t\t<section class=\"elementor-section elementor-top-section elementor-element elementor-element-d0ce688 unit-group-container elementor-section-boxed elementor-section-height-default elementor-section-height-default\" data-id=\"d0ce688\" data-element_type=\"section\" data-e-type=\"section\">\n\t\t\t\t\t\t<div class=\"elementor-container elementor-column-gap-default\">\n\t\t\t\t\t<div class=\"elementor-column elementor-col-33 elementor-top-column elementor-element elementor-element-cc0c5c1 unit-group-col\" data-id=\"cc0c5c1\" data-element_type=\"column\" data-e-type=\"column\">\n\t\t\t<div class=\"elementor-widget-wrap elementor-element-populated\">\n\t\t\t\t\t\t<div class=\"elementor-element elementor-element-d429245 unit-group-block elementor-position-top elementor-widget elementor-widget-image-box\" data-id=\"d429245\" data-element_type=\"widget\" data-e-type=\"widget\" data-widget_type=\"image-box.default\">\n\t\t\t\t<div class=\"elementor-widget-container\">\n\t\t\t\t\t<div class=\"elementor-image-box-wrapper\"><figure class=\"elementor-image-box-img\"><a href=\"https:\/\/spmaskiner.com\/de\/harvesteraggregate\/harvesteraggregate-lf\/harvesteraggregat-sp-661-lite\/\" tabindex=\"-1\"><img loading=\"lazy\" decoding=\"async\" width=\"747\" height=\"900\" src=\"https:\/\/spmaskiner.com\/wp-content\/uploads\/2025\/06\/661-Lite_hemsida.jpg\" class=\"attachment-medium_large size-medium_large wp-image-11559\" alt=\"\" srcset=\"https:\/\/spmaskiner.com\/wp-content\/uploads\/2025\/06\/661-Lite_hemsida.jpg 747w, https:\/\/spmaskiner.com\/wp-content\/uploads\/2025\/06\/661-Lite_hemsida-249x300.jpg 249w\" sizes=\"auto, (max-width: 747px) 100vw, 747px\" \/><\/a><\/figure><div class=\"elementor-image-box-content\"><h2 class=\"elementor-image-box-title\"><a href=\"https:\/\/spmaskiner.com\/de\/harvesteraggregate\/harvesteraggregate-lf\/harvesteraggregat-sp-661-lite\/\">SP 661 LF Lite<\/a><\/h2><p class=\"elementor-image-box-description\">NEU \u2013 <strong> M\u00f6chten Sie einen Harvesterkopf mit den gleichen hervorragenden Eigenschaften wie der 661 LF \u2013 aber mit geringerem Gewicht? <\/strong>Dann ist der <br>SP 661 LF Li<\/p><\/div><\/div>\t\t\t\t<\/div>\n\t\t\t\t<\/div>\n\t\t\t\t\t<\/div>\n\t\t<\/div>\n\t\t\t\t<div class=\"elementor-column elementor-col-33 elementor-top-column elementor-element elementor-element-b9b01a4 unit-group-col\" data-id=\"b9b01a4\" data-element_type=\"column\" data-e-type=\"column\">\n\t\t\t<div class=\"elementor-widget-wrap elementor-element-populated\">\n\t\t\t\t\t\t<div class=\"elementor-element elementor-element-53abd09 unit-group-block elementor-position-top elementor-widget elementor-widget-image-box\" data-id=\"53abd09\" data-element_type=\"widget\" data-e-type=\"widget\" data-widget_type=\"image-box.default\">\n\t\t\t\t<div class=\"elementor-widget-container\">\n\t\t\t\t\t<div class=\"elementor-image-box-wrapper\"><figure class=\"elementor-image-box-img\"><a href=\"https:\/\/spmaskiner.com\/de\/harvesteraggregate\/harvesteraggregate-lf\/harvesteraggregate-sp-761-lf\/\" tabindex=\"-1\"><img loading=\"lazy\" decoding=\"async\" width=\"664\" height=\"800\" src=\"https:\/\/spmaskiner.com\/wp-content\/uploads\/2021\/04\/ar00001604_161116.jpg\" class=\"attachment-medium_large size-medium_large wp-image-3075\" alt=\"\" srcset=\"https:\/\/spmaskiner.com\/wp-content\/uploads\/2021\/04\/ar00001604_161116.jpg 664w, https:\/\/spmaskiner.com\/wp-content\/uploads\/2021\/04\/ar00001604_161116-249x300.jpg 249w\" sizes=\"auto, (max-width: 664px) 100vw, 664px\" \/><\/a><\/figure><div class=\"elementor-image-box-content\"><h2 class=\"elementor-image-box-title\"><a href=\"https:\/\/spmaskiner.com\/de\/harvesteraggregate\/harvesteraggregate-lf\/harvesteraggregate-sp-761-lf\/\">SP 761 LF<\/a><\/h2><p class=\"elementor-image-box-description\">SP 761 LF ist ein starkes, schnelles und zuverl\u00e4ssiges Hochleistungsaggregat, das f\u00fcr die schwersten Aufgaben entwickelt wurde. Die Aggregate k\u00f6nnen sowohl an gro\u00dfen Harvestern auf R\u00e4dern als auch an Baggern in der Gewichtsklasse 20-25 t installiert werden.<\/p><\/div><\/div>\t\t\t\t<\/div>\n\t\t\t\t<\/div>\n\t\t\t\t\t<\/div>\n\t\t<\/div>\n\t\t\t\t<div class=\"elementor-column elementor-col-33 elementor-top-column elementor-element elementor-element-c9fb968 unit-group-col\" data-id=\"c9fb968\" data-element_type=\"column\" data-e-type=\"column\">\n\t\t\t<div class=\"elementor-widget-wrap\">\n\t\t\t\t\t\t\t<\/div>\n\t\t<\/div>\n\t\t\t\t\t<\/div>\n\t\t<\/section>\n\t\t\t\t<\/div>\n\t\t","protected":false},"excerpt":{"rendered":"<p>Harvesteraggregate LF Die Aggregate der LF-Serie zeichnen sich durch ihre wendige und kompakte Bauweise in Verbindung mit h\u00f6chster Produktivit\u00e4t und Betriebssicherheit aus. F\u00fcr maximale Rentabilit\u00e4t sind die Aggregate nach dem Low-Friction-Konzept konstruiert. Ganz gleich ob bei der Erstdurchforstung, Abholzung oder Ernte von viel Laubwald \u2013 eines der Aggregate aus der LF- Serie passt immer. Erfahren [&hellip;]<\/p>\n","protected":false},"author":1,"featured_media":0,"parent":5052,"menu_order":220,"comment_status":"closed","ping_status":"closed","template":"elementor_header_footer","meta":{"_acf_changed":false,"site-sidebar-layout":"no-sidebar","site-content-layout":"page-builder","ast-site-content-layout":"default","site-content-style":"default","site-sidebar-style":"default","ast-global-header-display":"","ast-banner-title-visibility":"","ast-main-header-display":"","ast-hfb-above-header-display":"","ast-hfb-below-header-display":"","ast-hfb-mobile-header-display":"","site-post-title":"disabled","ast-breadcrumbs-content":"","ast-featured-img":"disabled","footer-sml-layout":"","ast-disable-related-posts":"","theme-transparent-header-meta":"default","adv-header-id-meta":"","stick-header-meta":"","header-above-stick-meta":"","header-main-stick-meta":"","header-below-stick-meta":"","astra-migrate-meta-layouts":"default","ast-page-background-enabled":"default","ast-page-background-meta":{"desktop":{"background-color":"","background-image":"","background-repeat":"repeat","background-position":"center center","background-size":"auto","background-attachment":"scroll","background-type":"","background-media":"","overlay-type":"","overlay-color":"","overlay-opacity":"","overlay-gradient":""},"tablet":{"background-color":"","background-image":"","background-repeat":"repeat","background-position":"center center","background-size":"auto","background-attachment":"scroll","background-type":"","background-media":"","overlay-type":"","overlay-color":"","overlay-opacity":"","overlay-gradient":""},"mobile":{"background-color":"","background-image":"","background-repeat":"repeat","background-position":"center center","background-size":"auto","background-attachment":"scroll","background-type":"","background-media":"","overlay-type":"","overlay-color":"","overlay-opacity":"","overlay-gradient":""}},"ast-content-background-meta":{"desktop":{"background-color":"var(--ast-global-color-5)","background-image":"","background-repeat":"repeat","background-position":"center center","background-size":"auto","background-attachment":"scroll","background-type":"","background-media":"","overlay-type":"","overlay-color":"","overlay-opacity":"","overlay-gradient":""},"tablet":{"background-color":"var(--ast-global-color-5)","background-image":"","background-repeat":"repeat","background-position":"center center","background-size":"auto","background-attachment":"scroll","background-type":"","background-media":"","overlay-type":"","overlay-color":"","overlay-opacity":"","overlay-gradient":""},"mobile":{"background-color":"var(--ast-global-color-5)","background-image":"","background-repeat":"repeat","background-position":"center center","background-size":"auto","background-attachment":"scroll","background-type":"","background-media":"","overlay-type":"","overlay-color":"","overlay-opacity":"","overlay-gradient":""}},"footnotes":""},"class_list":["post-5054","page","type-page","status-publish","hentry"],"acf":[],"yoast_head":"<!-- This site is optimized with the Yoast SEO plugin v26.9 - https:\/\/yoast.com\/product\/yoast-seo-wordpress\/ -->\n<title>Harvesteraggregate LF - SP Maskiner<\/title>\n<meta name=\"robots\" content=\"index, follow, max-snippet:-1, max-image-preview:large, max-video-preview:-1\" \/>\n<link rel=\"canonical\" href=\"https:\/\/spmaskiner.com\/de\/harvesteraggregate\/harvesteraggregate-lf\/\" \/>\n<meta property=\"og:locale\" content=\"de_DE\" \/>\n<meta property=\"og:type\" content=\"article\" \/>\n<meta property=\"og:title\" content=\"Harvesteraggregate LF - SP Maskiner\" \/>\n<meta property=\"og:description\" content=\"Harvesteraggregate LF Die Aggregate der LF-Serie zeichnen sich durch ihre wendige und kompakte Bauweise in Verbindung mit h\u00f6chster Produktivit\u00e4t und Betriebssicherheit aus. F\u00fcr maximale Rentabilit\u00e4t sind die Aggregate nach dem Low-Friction-Konzept konstruiert. Ganz gleich ob bei der Erstdurchforstung, Abholzung oder Ernte von viel Laubwald \u2013 eines der Aggregate aus der LF- Serie passt immer. Erfahren [&hellip;]\" \/>\n<meta property=\"og:url\" content=\"https:\/\/spmaskiner.com\/de\/harvesteraggregate\/harvesteraggregate-lf\/\" \/>\n<meta property=\"og:site_name\" content=\"SP Maskiner\" \/>\n<meta property=\"article:modified_time\" content=\"2025-10-28T08:34:15+00:00\" \/>\n<meta property=\"og:image\" content=\"https:\/\/spmaskiner.com\/wp-content\/uploads\/2025\/06\/461-NG-hemsida-kopiera.jpg\" \/>\n\t<meta property=\"og:image:width\" content=\"747\" \/>\n\t<meta property=\"og:image:height\" content=\"900\" \/>\n\t<meta property=\"og:image:type\" content=\"image\/jpeg\" \/>\n<meta name=\"twitter:card\" content=\"summary_large_image\" \/>\n<script type=\"application\/ld+json\" class=\"yoast-schema-graph\">{\"@context\":\"https:\/\/schema.org\",\"@graph\":[{\"@type\":\"WebPage\",\"@id\":\"https:\/\/spmaskiner.com\/de\/harvesteraggregate\/harvesteraggregate-lf\/\",\"url\":\"https:\/\/spmaskiner.com\/de\/harvesteraggregate\/harvesteraggregate-lf\/\",\"name\":\"Harvesteraggregate LF - SP Maskiner\",\"isPartOf\":{\"@id\":\"https:\/\/spmaskiner.com\/de\/#website\"},\"primaryImageOfPage\":{\"@id\":\"https:\/\/spmaskiner.com\/de\/harvesteraggregate\/harvesteraggregate-lf\/#primaryimage\"},\"image\":{\"@id\":\"https:\/\/spmaskiner.com\/de\/harvesteraggregate\/harvesteraggregate-lf\/#primaryimage\"},\"thumbnailUrl\":\"https:\/\/spmaskiner.com\/wp-content\/uploads\/2025\/06\/461-NG-hemsida-kopiera.jpg\",\"datePublished\":\"2021-03-14T10:20:52+00:00\",\"dateModified\":\"2025-10-28T08:34:15+00:00\",\"breadcrumb\":{\"@id\":\"https:\/\/spmaskiner.com\/de\/harvesteraggregate\/harvesteraggregate-lf\/#breadcrumb\"},\"inLanguage\":\"de\",\"potentialAction\":[{\"@type\":\"ReadAction\",\"target\":[\"https:\/\/spmaskiner.com\/de\/harvesteraggregate\/harvesteraggregate-lf\/\"]}]},{\"@type\":\"ImageObject\",\"inLanguage\":\"de\",\"@id\":\"https:\/\/spmaskiner.com\/de\/harvesteraggregate\/harvesteraggregate-lf\/#primaryimage\",\"url\":\"https:\/\/spmaskiner.com\/wp-content\/uploads\/2025\/06\/461-NG-hemsida-kopiera.jpg\",\"contentUrl\":\"https:\/\/spmaskiner.com\/wp-content\/uploads\/2025\/06\/461-NG-hemsida-kopiera.jpg\"},{\"@type\":\"BreadcrumbList\",\"@id\":\"https:\/\/spmaskiner.com\/de\/harvesteraggregate\/harvesteraggregate-lf\/#breadcrumb\",\"itemListElement\":[{\"@type\":\"ListItem\",\"position\":1,\"name\":\"Home\",\"item\":\"https:\/\/spmaskiner.com\/de\/\"},{\"@type\":\"ListItem\",\"position\":2,\"name\":\"Harvesteraggregate\",\"item\":\"https:\/\/spmaskiner.com\/de\/harvesteraggregate\/\"},{\"@type\":\"ListItem\",\"position\":3,\"name\":\"Harvesteraggregate LF\"}]},{\"@type\":\"WebSite\",\"@id\":\"https:\/\/spmaskiner.com\/de\/#website\",\"url\":\"https:\/\/spmaskiner.com\/de\/\",\"name\":\"SP Maskiner\",\"description\":\"Always ahead\",\"publisher\":{\"@id\":\"https:\/\/spmaskiner.com\/de\/#organization\"},\"potentialAction\":[{\"@type\":\"SearchAction\",\"target\":{\"@type\":\"EntryPoint\",\"urlTemplate\":\"https:\/\/spmaskiner.com\/de\/?s={search_term_string}\"},\"query-input\":{\"@type\":\"PropertyValueSpecification\",\"valueRequired\":true,\"valueName\":\"search_term_string\"}}],\"inLanguage\":\"de\"},{\"@type\":\"Organization\",\"@id\":\"https:\/\/spmaskiner.com\/de\/#organization\",\"name\":\"SP Maskiner\",\"url\":\"https:\/\/spmaskiner.com\/de\/\",\"logo\":{\"@type\":\"ImageObject\",\"inLanguage\":\"de\",\"@id\":\"https:\/\/spmaskiner.com\/de\/#\/schema\/logo\/image\/\",\"url\":\"https:\/\/spmaskiner.com\/wp-content\/uploads\/2021\/03\/spmaskiner-logotyp.png\",\"contentUrl\":\"https:\/\/spmaskiner.com\/wp-content\/uploads\/2021\/03\/spmaskiner-logotyp.png\",\"width\":350,\"height\":65,\"caption\":\"SP Maskiner\"},\"image\":{\"@id\":\"https:\/\/spmaskiner.com\/de\/#\/schema\/logo\/image\/\"}}]}<\/script>\n<!-- \/ Yoast SEO plugin. -->","yoast_head_json":{"title":"Harvesteraggregate LF - SP Maskiner","robots":{"index":"index","follow":"follow","max-snippet":"max-snippet:-1","max-image-preview":"max-image-preview:large","max-video-preview":"max-video-preview:-1"},"canonical":"https:\/\/spmaskiner.com\/de\/harvesteraggregate\/harvesteraggregate-lf\/","og_locale":"de_DE","og_type":"article","og_title":"Harvesteraggregate LF - SP Maskiner","og_description":"Harvesteraggregate LF Die Aggregate der LF-Serie zeichnen sich durch ihre wendige und kompakte Bauweise in Verbindung mit h\u00f6chster Produktivit\u00e4t und Betriebssicherheit aus. F\u00fcr maximale Rentabilit\u00e4t sind die Aggregate nach dem Low-Friction-Konzept konstruiert. Ganz gleich ob bei der Erstdurchforstung, Abholzung oder Ernte von viel Laubwald \u2013 eines der Aggregate aus der LF- Serie passt immer. Erfahren [&hellip;]","og_url":"https:\/\/spmaskiner.com\/de\/harvesteraggregate\/harvesteraggregate-lf\/","og_site_name":"SP Maskiner","article_modified_time":"2025-10-28T08:34:15+00:00","og_image":[{"width":747,"height":900,"url":"https:\/\/spmaskiner.com\/wp-content\/uploads\/2025\/06\/461-NG-hemsida-kopiera.jpg","type":"image\/jpeg"}],"twitter_card":"summary_large_image","schema":{"@context":"https:\/\/schema.org","@graph":[{"@type":"WebPage","@id":"https:\/\/spmaskiner.com\/de\/harvesteraggregate\/harvesteraggregate-lf\/","url":"https:\/\/spmaskiner.com\/de\/harvesteraggregate\/harvesteraggregate-lf\/","name":"Harvesteraggregate LF - SP Maskiner","isPartOf":{"@id":"https:\/\/spmaskiner.com\/de\/#website"},"primaryImageOfPage":{"@id":"https:\/\/spmaskiner.com\/de\/harvesteraggregate\/harvesteraggregate-lf\/#primaryimage"},"image":{"@id":"https:\/\/spmaskiner.com\/de\/harvesteraggregate\/harvesteraggregate-lf\/#primaryimage"},"thumbnailUrl":"https:\/\/spmaskiner.com\/wp-content\/uploads\/2025\/06\/461-NG-hemsida-kopiera.jpg","datePublished":"2021-03-14T10:20:52+00:00","dateModified":"2025-10-28T08:34:15+00:00","breadcrumb":{"@id":"https:\/\/spmaskiner.com\/de\/harvesteraggregate\/harvesteraggregate-lf\/#breadcrumb"},"inLanguage":"de","potentialAction":[{"@type":"ReadAction","target":["https:\/\/spmaskiner.com\/de\/harvesteraggregate\/harvesteraggregate-lf\/"]}]},{"@type":"ImageObject","inLanguage":"de","@id":"https:\/\/spmaskiner.com\/de\/harvesteraggregate\/harvesteraggregate-lf\/#primaryimage","url":"https:\/\/spmaskiner.com\/wp-content\/uploads\/2025\/06\/461-NG-hemsida-kopiera.jpg","contentUrl":"https:\/\/spmaskiner.com\/wp-content\/uploads\/2025\/06\/461-NG-hemsida-kopiera.jpg"},{"@type":"BreadcrumbList","@id":"https:\/\/spmaskiner.com\/de\/harvesteraggregate\/harvesteraggregate-lf\/#breadcrumb","itemListElement":[{"@type":"ListItem","position":1,"name":"Home","item":"https:\/\/spmaskiner.com\/de\/"},{"@type":"ListItem","position":2,"name":"Harvesteraggregate","item":"https:\/\/spmaskiner.com\/de\/harvesteraggregate\/"},{"@type":"ListItem","position":3,"name":"Harvesteraggregate LF"}]},{"@type":"WebSite","@id":"https:\/\/spmaskiner.com\/de\/#website","url":"https:\/\/spmaskiner.com\/de\/","name":"SP Maskiner","description":"Always ahead","publisher":{"@id":"https:\/\/spmaskiner.com\/de\/#organization"},"potentialAction":[{"@type":"SearchAction","target":{"@type":"EntryPoint","urlTemplate":"https:\/\/spmaskiner.com\/de\/?s={search_term_string}"},"query-input":{"@type":"PropertyValueSpecification","valueRequired":true,"valueName":"search_term_string"}}],"inLanguage":"de"},{"@type":"Organization","@id":"https:\/\/spmaskiner.com\/de\/#organization","name":"SP Maskiner","url":"https:\/\/spmaskiner.com\/de\/","logo":{"@type":"ImageObject","inLanguage":"de","@id":"https:\/\/spmaskiner.com\/de\/#\/schema\/logo\/image\/","url":"https:\/\/spmaskiner.com\/wp-content\/uploads\/2021\/03\/spmaskiner-logotyp.png","contentUrl":"https:\/\/spmaskiner.com\/wp-content\/uploads\/2021\/03\/spmaskiner-logotyp.png","width":350,"height":65,"caption":"SP Maskiner"},"image":{"@id":"https:\/\/spmaskiner.com\/de\/#\/schema\/logo\/image\/"}}]}},"_links":{"self":[{"href":"https:\/\/spmaskiner.com\/de\/wp-json\/wp\/v2\/pages\/5054","targetHints":{"allow":["GET"]}}],"collection":[{"href":"https:\/\/spmaskiner.com\/de\/wp-json\/wp\/v2\/pages"}],"about":[{"href":"https:\/\/spmaskiner.com\/de\/wp-json\/wp\/v2\/types\/page"}],"author":[{"embeddable":true,"href":"https:\/\/spmaskiner.com\/de\/wp-json\/wp\/v2\/users\/1"}],"replies":[{"embeddable":true,"href":"https:\/\/spmaskiner.com\/de\/wp-json\/wp\/v2\/comments?post=5054"}],"version-history":[{"count":13,"href":"https:\/\/spmaskiner.com\/de\/wp-json\/wp\/v2\/pages\/5054\/revisions"}],"predecessor-version":[{"id":12168,"href":"https:\/\/spmaskiner.com\/de\/wp-json\/wp\/v2\/pages\/5054\/revisions\/12168"}],"up":[{"embeddable":true,"href":"https:\/\/spmaskiner.com\/de\/wp-json\/wp\/v2\/pages\/5052"}],"wp:attachment":[{"href":"https:\/\/spmaskiner.com\/de\/wp-json\/wp\/v2\/media?parent=5054"}],"curies":[{"name":"wp","href":"https:\/\/api.w.org\/{rel}","templated":true}]}}