{"id":5138,"date":"2021-04-09T11:43:29","date_gmt":"2021-04-09T09:43:29","guid":{"rendered":"https:\/\/spmaskiner.com\/harvesteraggregate\/harvesteraggregate-lx\/harvesteraggregate-sp-591-lx-g3\/sp-591-lx-g3-zubehoer-und-ausruestung\/"},"modified":"2026-02-19T13:03:27","modified_gmt":"2026-02-19T12:03:27","slug":"sp-591-lx-g3-zubehoer-und-ausruestung","status":"publish","type":"page","link":"https:\/\/spmaskiner.com\/de\/harvesteraggregate\/harvesteraggregate-lx\/harvesteraggregate-sp-591-lx-g3\/sp-591-lx-g3-zubehoer-und-ausruestung\/","title":{"rendered":"Zubeh\u00f6r und Ausr\u00fcstung"},"content":{"rendered":"\t\t<div data-elementor-type=\"wp-page\" data-elementor-id=\"5138\" class=\"elementor elementor-5138 elementor-3144\" data-elementor-post-type=\"page\">\n\t\t\t\t\t\t<section class=\"elementor-section elementor-top-section elementor-element elementor-element-350464f9 elementor-section-height-min-height elementor-section-items-top product-top-section elementor-section-boxed elementor-section-height-default\" data-id=\"350464f9\" data-element_type=\"section\" data-e-type=\"section\" data-settings=\"{&quot;background_background&quot;:&quot;classic&quot;}\">\n\t\t\t\t\t\t<div class=\"elementor-container elementor-column-gap-default\">\n\t\t\t\t\t<div class=\"elementor-column elementor-col-50 elementor-top-column elementor-element elementor-element-4f64430f\" data-id=\"4f64430f\" data-element_type=\"column\" data-e-type=\"column\" data-settings=\"{&quot;background_background&quot;:&quot;classic&quot;}\">\n\t\t\t<div class=\"elementor-widget-wrap elementor-element-populated\">\n\t\t\t\t\t\t<div class=\"elementor-element elementor-element-85aeac0 elementor-widget__width-auto elementor-widget elementor-widget-heading\" data-id=\"85aeac0\" data-element_type=\"widget\" data-e-type=\"widget\" data-widget_type=\"heading.default\">\n\t\t\t\t<div class=\"elementor-widget-container\">\n\t\t\t\t\t<h2 class=\"elementor-heading-title elementor-size-default\">SP 591 LX G4<\/h2>\t\t\t\t<\/div>\n\t\t\t\t<\/div>\n\t\t\t\t\t<\/div>\n\t\t<\/div>\n\t\t\t\t<div class=\"elementor-column elementor-col-50 elementor-top-column elementor-element elementor-element-13cf71ea\" data-id=\"13cf71ea\" data-element_type=\"column\" data-e-type=\"column\" data-settings=\"{&quot;background_background&quot;:&quot;classic&quot;}\">\n\t\t\t<div class=\"elementor-widget-wrap\">\n\t\t\t\t\t\t\t<\/div>\n\t\t<\/div>\n\t\t\t\t\t<\/div>\n\t\t<\/section>\n\t\t\t\t<section class=\"elementor-section elementor-top-section elementor-element elementor-element-62a7671a elementor-section-full_width elementor-section-height-default elementor-section-height-default\" data-id=\"62a7671a\" data-element_type=\"section\" data-e-type=\"section\">\n\t\t\t\t\t\t<div class=\"elementor-container elementor-column-gap-default\">\n\t\t\t\t\t<div class=\"elementor-column elementor-col-100 elementor-top-column elementor-element elementor-element-7a34a1e8\" data-id=\"7a34a1e8\" data-element_type=\"column\" data-e-type=\"column\">\n\t\t\t<div class=\"elementor-widget-wrap elementor-element-populated\">\n\t\t\t\t\t\t<div class=\"elementor-element elementor-element-2f8c579 elementor-nav-menu__align-center elementor-nav-menu--dropdown-mobile elementor-nav-menu__text-align-aside elementor-nav-menu--toggle elementor-nav-menu--burger elementor-widget elementor-widget-global elementor-global-3155 elementor-widget-nav-menu\" data-id=\"2f8c579\" data-element_type=\"widget\" data-e-type=\"widget\" id=\"product-menu\" data-settings=\"{&quot;layout&quot;:&quot;horizontal&quot;,&quot;submenu_icon&quot;:{&quot;value&quot;:&quot;fas fa-caret-down&quot;,&quot;library&quot;:&quot;fa-solid&quot;},&quot;toggle&quot;:&quot;burger&quot;}\" data-widget_type=\"nav-menu.default\">\n\t\t\t\t<div class=\"elementor-widget-container\">\n\t\t\t\t\t\t\t\t<nav aria-label=\"Men\u00fc\" class=\"elementor-nav-menu--main elementor-nav-menu__container elementor-nav-menu--layout-horizontal e--pointer-background e--animation-fade\">\n\t\t\t\t<ul id=\"menu-1-2f8c579\" class=\"elementor-nav-menu\"><li class=\"menu-item menu-item-type-post_type menu-item-object-page menu-item-5408\"><a href=\"https:\/\/spmaskiner.com\/de\/harvesteraggregate\/harvesteraggregate-lx\/harvesteraggregate-sp-591-lx-g3\/\" class=\"elementor-item menu-link\">Produktinformation<\/a><\/li>\n<li class=\"menu-item menu-item-type-post_type menu-item-object-page menu-item-5409\"><a href=\"https:\/\/spmaskiner.com\/de\/harvesteraggregate\/harvesteraggregate-lx\/harvesteraggregate-sp-591-lx-g3\/sp-591-lx-g3-technische-daten\/\" title=\"SP 591 LX G3 \u2013 Tekniska data\" class=\"elementor-item menu-link\">Technische Daten<\/a><\/li>\n<li class=\"menu-item menu-item-type-post_type menu-item-object-page menu-item-5410\"><a href=\"https:\/\/spmaskiner.com\/de\/harvesteraggregate\/harvesteraggregate-lx\/harvesteraggregate-sp-591-lx-g3\/sp-591-lx-g3-kundfoerdelar\/\" title=\"SP 591 LX G3 \u2013 Kundf\u00f6rdelar\" class=\"elementor-item menu-link\">Kundennutzen<\/a><\/li>\n<li class=\"menu-item menu-item-type-post_type menu-item-object-page menu-item-5411\"><a href=\"https:\/\/spmaskiner.com\/de\/harvesteraggregate\/harvesteraggregate-lx\/harvesteraggregate-sp-591-lx-g3\/sp-591-lx-g3-steuerungssystem\/\" class=\"elementor-item menu-link\">Steuerungssystem<\/a><\/li>\n<li class=\"menu-item menu-item-type-post_type menu-item-object-page menu-item-5412\"><a href=\"https:\/\/spmaskiner.com\/de\/harvesteraggregate\/harvesteraggregate-lx\/harvesteraggregate-sp-591-lx-g3\/sp-591-lx-g3-zubehoer-und-ausruestung\/\" title=\"SP 591 LX G3 \u2013 Tillbeh\u00f6r &#038; utrustning\" class=\"elementor-item menu-link\">Zubeh\u00f6r und Ausr\u00fcstung<\/a><\/li>\n<\/ul>\t\t\t<\/nav>\n\t\t\t\t\t<div class=\"elementor-menu-toggle\" role=\"button\" tabindex=\"0\" aria-label=\"Men\u00fc Umschalter\" aria-expanded=\"false\">\n\t\t\t<i aria-hidden=\"true\" role=\"presentation\" class=\"elementor-menu-toggle__icon--open eicon-menu-bar\"><\/i><i aria-hidden=\"true\" role=\"presentation\" class=\"elementor-menu-toggle__icon--close eicon-close\"><\/i>\t\t<\/div>\n\t\t\t\t\t<nav class=\"elementor-nav-menu--dropdown elementor-nav-menu__container\" aria-hidden=\"true\">\n\t\t\t\t<ul id=\"menu-2-2f8c579\" class=\"elementor-nav-menu\"><li class=\"menu-item menu-item-type-post_type menu-item-object-page menu-item-5408\"><a href=\"https:\/\/spmaskiner.com\/de\/harvesteraggregate\/harvesteraggregate-lx\/harvesteraggregate-sp-591-lx-g3\/\" class=\"elementor-item menu-link\" tabindex=\"-1\">Produktinformation<\/a><\/li>\n<li class=\"menu-item menu-item-type-post_type menu-item-object-page menu-item-5409\"><a href=\"https:\/\/spmaskiner.com\/de\/harvesteraggregate\/harvesteraggregate-lx\/harvesteraggregate-sp-591-lx-g3\/sp-591-lx-g3-technische-daten\/\" title=\"SP 591 LX G3 \u2013 Tekniska data\" class=\"elementor-item menu-link\" tabindex=\"-1\">Technische Daten<\/a><\/li>\n<li class=\"menu-item menu-item-type-post_type menu-item-object-page menu-item-5410\"><a href=\"https:\/\/spmaskiner.com\/de\/harvesteraggregate\/harvesteraggregate-lx\/harvesteraggregate-sp-591-lx-g3\/sp-591-lx-g3-kundfoerdelar\/\" title=\"SP 591 LX G3 \u2013 Kundf\u00f6rdelar\" class=\"elementor-item menu-link\" tabindex=\"-1\">Kundennutzen<\/a><\/li>\n<li class=\"menu-item menu-item-type-post_type menu-item-object-page menu-item-5411\"><a href=\"https:\/\/spmaskiner.com\/de\/harvesteraggregate\/harvesteraggregate-lx\/harvesteraggregate-sp-591-lx-g3\/sp-591-lx-g3-steuerungssystem\/\" class=\"elementor-item menu-link\" tabindex=\"-1\">Steuerungssystem<\/a><\/li>\n<li class=\"menu-item menu-item-type-post_type menu-item-object-page menu-item-5412\"><a href=\"https:\/\/spmaskiner.com\/de\/harvesteraggregate\/harvesteraggregate-lx\/harvesteraggregate-sp-591-lx-g3\/sp-591-lx-g3-zubehoer-und-ausruestung\/\" title=\"SP 591 LX G3 \u2013 Tillbeh\u00f6r &#038; utrustning\" class=\"elementor-item menu-link\" tabindex=\"-1\">Zubeh\u00f6r und Ausr\u00fcstung<\/a><\/li>\n<\/ul>\t\t\t<\/nav>\n\t\t\t\t\t\t<\/div>\n\t\t\t\t<\/div>\n\t\t\t\t\t<\/div>\n\t\t<\/div>\n\t\t\t\t\t<\/div>\n\t\t<\/section>\n\t\t\t\t<section class=\"elementor-section elementor-top-section elementor-element elementor-element-22f6c59d elementor-section-boxed elementor-section-height-default elementor-section-height-default\" data-id=\"22f6c59d\" data-element_type=\"section\" data-e-type=\"section\">\n\t\t\t\t\t\t<div class=\"elementor-container elementor-column-gap-default\">\n\t\t\t\t\t<div class=\"elementor-column elementor-col-100 elementor-top-column elementor-element elementor-element-5631476\" data-id=\"5631476\" data-element_type=\"column\" data-e-type=\"column\">\n\t\t\t<div class=\"elementor-widget-wrap elementor-element-populated\">\n\t\t\t\t\t\t<div class=\"elementor-element elementor-element-62c405df elementor-widget elementor-widget-heading\" data-id=\"62c405df\" data-element_type=\"widget\" data-e-type=\"widget\" data-widget_type=\"heading.default\">\n\t\t\t\t<div class=\"elementor-widget-container\">\n\t\t\t\t\t<h1 class=\"elementor-heading-title elementor-size-default\">Zubeh\u00f6r und Ausr\u00fcstung - Harvesteraggregate SP 591 LX G4<\/h1>\t\t\t\t<\/div>\n\t\t\t\t<\/div>\n\t\t\t\t<div class=\"elementor-element elementor-element-5c148800 elementor-widget elementor-widget-text-editor\" data-id=\"5c148800\" data-element_type=\"widget\" data-e-type=\"widget\" data-widget_type=\"text-editor.default\">\n\t\t\t\t<div class=\"elementor-widget-container\">\n\t\t\t\t\t\t\t\t\t<div class=\"col-md-8 col-md-offset-2 text-center margin-bottom-lg\">\r\n\r\nAlle unsere Aggregate weisen standardm\u00e4\u00dfig ein hohes Ausr\u00fcstungsniveau auf. Es steht jedoch eine Reihe von Zubeh\u00f6r f\u00fcr die Abstimmung des Aggregats auf die unterschiedlichen Anforderungen, Maschinen und Holzerntebedingungen zur Verf\u00fcgung. Nachfolgend werden die gebr\u00e4uchlichsten Zubeh\u00f6rteile beschrieben.\r\n\r\nWeitere Informationen zum Thema Zubeh\u00f6r erhalten Sie von Ihrem SP-H\u00e4ndler oder bei SP Maskiner.\r\n\r\n<\/div>\t\t\t\t\t\t\t\t<\/div>\n\t\t\t\t<\/div>\n\t\t\t\t\t<\/div>\n\t\t<\/div>\n\t\t\t\t\t<\/div>\n\t\t<\/section>\n\t\t\t\t<section class=\"elementor-section elementor-inner-section elementor-element elementor-element-6366a268 elementor-section-boxed elementor-section-height-default elementor-section-height-default\" data-id=\"6366a268\" data-element_type=\"section\" data-e-type=\"section\">\n\t\t\t\t\t\t<div class=\"elementor-container elementor-column-gap-default\">\n\t\t\t\t\t<div class=\"elementor-column elementor-col-50 elementor-inner-column elementor-element elementor-element-6e559185\" data-id=\"6e559185\" data-element_type=\"column\" data-e-type=\"column\">\n\t\t\t<div class=\"elementor-widget-wrap elementor-element-populated\">\n\t\t\t\t\t\t<div class=\"elementor-element elementor-element-511bca53 elementor-widget elementor-widget-text-editor\" data-id=\"511bca53\" data-element_type=\"widget\" data-e-type=\"widget\" data-widget_type=\"text-editor.default\">\n\t\t\t\t<div class=\"elementor-widget-container\">\n\t\t\t\t\t\t\t\t\t<p><strong>Wurzelsuchfunktion<\/strong><br \/>Mithilfe eines Sensors im S\u00e4gekasten sucht das Aggregat auf einfachen Knopfdruck nach dem Stammende.<\/p>\n<p><strong>Vorschubmotoren<\/strong><br \/>Verschieden gro\u00dfe Vorschubmotoren gibt es, um die Leistung des Aggregats je nach Arbeitsbedingungen und Gr\u00f6\u00dfe der Grundmaschine zu optimieren. Zur Auswahl stehen Konfigurationen mit 500\/315 bzw. 620\/400 cc.<\/p>\n<p><strong>Beleuchtung S\u00e4gekasten<\/strong><br \/>Eine LED-Leuchte am S\u00e4gekasten sorgt f\u00fcr zus\u00e4tzliche Ausleuchtung des Arbeitsbereichs.<\/p>\n<p><strong>Separate L\u00e4ngenmesseinheit<\/strong><br \/>Der hydraulisch gesteuerte L\u00e4ngenmessarm erm\u00f6glicht eine sehr genaue L\u00e4ngenmessung.<\/p>\n<p><strong>3\/4 \u201d s\u00e4geeinheit<\/strong><br \/>F\u00fcr Holzeinschl\u00e4ge und Bedingungen, die eine robustere, massivere L\u00f6sung erfordern.<\/p>\n\t\t\t\t\t\t\t\t<\/div>\n\t\t\t\t<\/div>\n\t\t\t\t\t<\/div>\n\t\t<\/div>\n\t\t\t\t<div class=\"elementor-column elementor-col-50 elementor-inner-column elementor-element elementor-element-1ed45670\" data-id=\"1ed45670\" data-element_type=\"column\" data-e-type=\"column\">\n\t\t\t<div class=\"elementor-widget-wrap elementor-element-populated\">\n\t\t\t\t\t\t<div class=\"elementor-element elementor-element-20b8de97 elementor-widget elementor-widget-text-editor\" data-id=\"20b8de97\" data-element_type=\"widget\" data-e-type=\"widget\" data-widget_type=\"text-editor.default\">\n\t\t\t\t<div class=\"elementor-widget-container\">\n\t\t\t\t\t\t\t\t\t<p><strong>Vorschubwalzen<\/strong><br \/>Vorschubwalzen sind in verschiedenen Ausf\u00fchrungen und Modellen an die jeweiligen Bedingungen und Anforderungen anpassbar.<\/p>\n<p><strong>Angewinkelte Motorarme<\/strong><br \/>Erm\u00f6glicht dank erh\u00f6hter Rotation des Stammes eine effektivere Entrindung von Eukalyptus und Akazie.<\/p>\n<p><strong>Kompatibilit\u00e4t mit Messsystemen<\/strong><br \/>Unsere Harvesteraggregate k\u00f6nnen mit nahezu allen Steuerungs- und Messsystemen am Markt eingesetzt werden, sodass bei der Wahl eines Aggregats von SP kein neues Computersystem erforderlich ist. Im Gegensatz zu vielen anderen Marken am Markt erfordert die Installation eines Aggregats von SP daher keine Umgestaltung der vorhandenen Steuerung und auch keine zus\u00e4tzliche Elektronik.<\/p>\n<p><strong>Dasa 7 &#8211; Kabellos oder verkabelt<\/strong><br \/>Dasa 7 ist in zwei verschiedenen Versionen erh\u00e4ltlich: kabellos und verkabelt. Beide Versionen sind mit der Software H50, H60 oder H70 erh\u00e4ltlich und lassen sich daher an Ihren spezifischen Bedarf f\u00fcr die Holzernte anpassen.<\/p>\n\t\t\t\t\t\t\t\t<\/div>\n\t\t\t\t<\/div>\n\t\t\t\t\t<\/div>\n\t\t<\/div>\n\t\t\t\t\t<\/div>\n\t\t<\/section>\n\t\t\t\t<\/div>\n\t\t","protected":false},"excerpt":{"rendered":"<p>SP 591 LX G4 Zubeh\u00f6r und Ausr\u00fcstung &#8211; Harvesteraggregate SP 591 LX G4 Alle unsere Aggregate weisen standardm\u00e4\u00dfig ein hohes Ausr\u00fcstungsniveau auf. Es steht jedoch eine Reihe von Zubeh\u00f6r f\u00fcr die Abstimmung des Aggregats auf die unterschiedlichen Anforderungen, Maschinen und Holzerntebedingungen zur Verf\u00fcgung. Nachfolgend werden die gebr\u00e4uchlichsten Zubeh\u00f6rteile beschrieben. Weitere Informationen zum Thema Zubeh\u00f6r erhalten [&hellip;]<\/p>\n","protected":false},"author":1,"featured_media":0,"parent":5130,"menu_order":351,"comment_status":"closed","ping_status":"closed","template":"","meta":{"_acf_changed":false,"site-sidebar-layout":"no-sidebar","site-content-layout":"page-builder","ast-site-content-layout":"default","site-content-style":"default","site-sidebar-style":"default","ast-global-header-display":"","ast-banner-title-visibility":"","ast-main-header-display":"","ast-hfb-above-header-display":"","ast-hfb-below-header-display":"","ast-hfb-mobile-header-display":"","site-post-title":"disabled","ast-breadcrumbs-content":"","ast-featured-img":"disabled","footer-sml-layout":"","ast-disable-related-posts":"","theme-transparent-header-meta":"default","adv-header-id-meta":"","stick-header-meta":"","header-above-stick-meta":"","header-main-stick-meta":"","header-below-stick-meta":"","astra-migrate-meta-layouts":"default","ast-page-background-enabled":"default","ast-page-background-meta":{"desktop":{"background-color":"","background-image":"","background-repeat":"repeat","background-position":"center center","background-size":"auto","background-attachment":"scroll","background-type":"","background-media":"","overlay-type":"","overlay-color":"","overlay-opacity":"","overlay-gradient":""},"tablet":{"background-color":"","background-image":"","background-repeat":"repeat","background-position":"center center","background-size":"auto","background-attachment":"scroll","background-type":"","background-media":"","overlay-type":"","overlay-color":"","overlay-opacity":"","overlay-gradient":""},"mobile":{"background-color":"","background-image":"","background-repeat":"repeat","background-position":"center center","background-size":"auto","background-attachment":"scroll","background-type":"","background-media":"","overlay-type":"","overlay-color":"","overlay-opacity":"","overlay-gradient":""}},"ast-content-background-meta":{"desktop":{"background-color":"var(--ast-global-color-5)","background-image":"","background-repeat":"repeat","background-position":"center center","background-size":"auto","background-attachment":"scroll","background-type":"","background-media":"","overlay-type":"","overlay-color":"","overlay-opacity":"","overlay-gradient":""},"tablet":{"background-color":"var(--ast-global-color-5)","background-image":"","background-repeat":"repeat","background-position":"center center","background-size":"auto","background-attachment":"scroll","background-type":"","background-media":"","overlay-type":"","overlay-color":"","overlay-opacity":"","overlay-gradient":""},"mobile":{"background-color":"var(--ast-global-color-5)","background-image":"","background-repeat":"repeat","background-position":"center center","background-size":"auto","background-attachment":"scroll","background-type":"","background-media":"","overlay-type":"","overlay-color":"","overlay-opacity":"","overlay-gradient":""}},"footnotes":""},"class_list":["post-5138","page","type-page","status-publish","hentry"],"acf":[],"yoast_head":"<!-- This site is optimized with the Yoast SEO plugin v26.9 - https:\/\/yoast.com\/product\/yoast-seo-wordpress\/ -->\n<title>Zubeh\u00f6r und Ausr\u00fcstung - SP Maskiner<\/title>\n<meta name=\"robots\" content=\"index, follow, max-snippet:-1, max-image-preview:large, max-video-preview:-1\" \/>\n<link rel=\"canonical\" href=\"https:\/\/spmaskiner.com\/de\/harvesteraggregate\/harvesteraggregate-lx\/harvesteraggregate-sp-591-lx-g3\/sp-591-lx-g3-zubehoer-und-ausruestung\/\" \/>\n<meta property=\"og:locale\" content=\"de_DE\" \/>\n<meta property=\"og:type\" content=\"article\" \/>\n<meta property=\"og:title\" content=\"Zubeh\u00f6r und Ausr\u00fcstung - SP Maskiner\" \/>\n<meta property=\"og:description\" content=\"SP 591 LX G4 Zubeh\u00f6r und Ausr\u00fcstung &#8211; Harvesteraggregate SP 591 LX G4 Alle unsere Aggregate weisen standardm\u00e4\u00dfig ein hohes Ausr\u00fcstungsniveau auf. Es steht jedoch eine Reihe von Zubeh\u00f6r f\u00fcr die Abstimmung des Aggregats auf die unterschiedlichen Anforderungen, Maschinen und Holzerntebedingungen zur Verf\u00fcgung. Nachfolgend werden die gebr\u00e4uchlichsten Zubeh\u00f6rteile beschrieben. Weitere Informationen zum Thema Zubeh\u00f6r erhalten [&hellip;]\" \/>\n<meta property=\"og:url\" content=\"https:\/\/spmaskiner.com\/de\/harvesteraggregate\/harvesteraggregate-lx\/harvesteraggregate-sp-591-lx-g3\/sp-591-lx-g3-zubehoer-und-ausruestung\/\" \/>\n<meta property=\"og:site_name\" content=\"SP Maskiner\" \/>\n<meta property=\"article:modified_time\" content=\"2026-02-19T12:03:27+00:00\" \/>\n<meta name=\"twitter:card\" content=\"summary_large_image\" \/>\n<script type=\"application\/ld+json\" class=\"yoast-schema-graph\">{\"@context\":\"https:\/\/schema.org\",\"@graph\":[{\"@type\":\"WebPage\",\"@id\":\"https:\/\/spmaskiner.com\/de\/harvesteraggregate\/harvesteraggregate-lx\/harvesteraggregate-sp-591-lx-g3\/sp-591-lx-g3-zubehoer-und-ausruestung\/\",\"url\":\"https:\/\/spmaskiner.com\/de\/harvesteraggregate\/harvesteraggregate-lx\/harvesteraggregate-sp-591-lx-g3\/sp-591-lx-g3-zubehoer-und-ausruestung\/\",\"name\":\"Zubeh\u00f6r und Ausr\u00fcstung - SP Maskiner\",\"isPartOf\":{\"@id\":\"https:\/\/spmaskiner.com\/de\/#website\"},\"datePublished\":\"2021-04-09T09:43:29+00:00\",\"dateModified\":\"2026-02-19T12:03:27+00:00\",\"breadcrumb\":{\"@id\":\"https:\/\/spmaskiner.com\/de\/harvesteraggregate\/harvesteraggregate-lx\/harvesteraggregate-sp-591-lx-g3\/sp-591-lx-g3-zubehoer-und-ausruestung\/#breadcrumb\"},\"inLanguage\":\"de\",\"potentialAction\":[{\"@type\":\"ReadAction\",\"target\":[\"https:\/\/spmaskiner.com\/de\/harvesteraggregate\/harvesteraggregate-lx\/harvesteraggregate-sp-591-lx-g3\/sp-591-lx-g3-zubehoer-und-ausruestung\/\"]}]},{\"@type\":\"BreadcrumbList\",\"@id\":\"https:\/\/spmaskiner.com\/de\/harvesteraggregate\/harvesteraggregate-lx\/harvesteraggregate-sp-591-lx-g3\/sp-591-lx-g3-zubehoer-und-ausruestung\/#breadcrumb\",\"itemListElement\":[{\"@type\":\"ListItem\",\"position\":1,\"name\":\"Home\",\"item\":\"https:\/\/spmaskiner.com\/de\/\"},{\"@type\":\"ListItem\",\"position\":2,\"name\":\"Harvesteraggregate\",\"item\":\"https:\/\/spmaskiner.com\/de\/harvesteraggregate\/\"},{\"@type\":\"ListItem\",\"position\":3,\"name\":\"Harvesteraggregate LX\",\"item\":\"https:\/\/spmaskiner.com\/de\/harvesteraggregate\/harvesteraggregate-lx\/\"},{\"@type\":\"ListItem\",\"position\":4,\"name\":\"Harvesteraggregate SP 591 LX G4\",\"item\":\"https:\/\/spmaskiner.com\/de\/harvester-heads\/harvester-heads-lx\/harvester-head-sp-591-lx-g3\/\"},{\"@type\":\"ListItem\",\"position\":5,\"name\":\"Zubeh\u00f6r und Ausr\u00fcstung\"}]},{\"@type\":\"WebSite\",\"@id\":\"https:\/\/spmaskiner.com\/de\/#website\",\"url\":\"https:\/\/spmaskiner.com\/de\/\",\"name\":\"SP Maskiner\",\"description\":\"Always ahead\",\"publisher\":{\"@id\":\"https:\/\/spmaskiner.com\/de\/#organization\"},\"potentialAction\":[{\"@type\":\"SearchAction\",\"target\":{\"@type\":\"EntryPoint\",\"urlTemplate\":\"https:\/\/spmaskiner.com\/de\/?s={search_term_string}\"},\"query-input\":{\"@type\":\"PropertyValueSpecification\",\"valueRequired\":true,\"valueName\":\"search_term_string\"}}],\"inLanguage\":\"de\"},{\"@type\":\"Organization\",\"@id\":\"https:\/\/spmaskiner.com\/de\/#organization\",\"name\":\"SP Maskiner\",\"url\":\"https:\/\/spmaskiner.com\/de\/\",\"logo\":{\"@type\":\"ImageObject\",\"inLanguage\":\"de\",\"@id\":\"https:\/\/spmaskiner.com\/de\/#\/schema\/logo\/image\/\",\"url\":\"https:\/\/spmaskiner.com\/wp-content\/uploads\/2021\/03\/spmaskiner-logotyp.png\",\"contentUrl\":\"https:\/\/spmaskiner.com\/wp-content\/uploads\/2021\/03\/spmaskiner-logotyp.png\",\"width\":350,\"height\":65,\"caption\":\"SP Maskiner\"},\"image\":{\"@id\":\"https:\/\/spmaskiner.com\/de\/#\/schema\/logo\/image\/\"}}]}<\/script>\n<!-- \/ Yoast SEO plugin. -->","yoast_head_json":{"title":"Zubeh\u00f6r und Ausr\u00fcstung - SP Maskiner","robots":{"index":"index","follow":"follow","max-snippet":"max-snippet:-1","max-image-preview":"max-image-preview:large","max-video-preview":"max-video-preview:-1"},"canonical":"https:\/\/spmaskiner.com\/de\/harvesteraggregate\/harvesteraggregate-lx\/harvesteraggregate-sp-591-lx-g3\/sp-591-lx-g3-zubehoer-und-ausruestung\/","og_locale":"de_DE","og_type":"article","og_title":"Zubeh\u00f6r und Ausr\u00fcstung - SP Maskiner","og_description":"SP 591 LX G4 Zubeh\u00f6r und Ausr\u00fcstung &#8211; Harvesteraggregate SP 591 LX G4 Alle unsere Aggregate weisen standardm\u00e4\u00dfig ein hohes Ausr\u00fcstungsniveau auf. Es steht jedoch eine Reihe von Zubeh\u00f6r f\u00fcr die Abstimmung des Aggregats auf die unterschiedlichen Anforderungen, Maschinen und Holzerntebedingungen zur Verf\u00fcgung. Nachfolgend werden die gebr\u00e4uchlichsten Zubeh\u00f6rteile beschrieben. Weitere Informationen zum Thema Zubeh\u00f6r erhalten [&hellip;]","og_url":"https:\/\/spmaskiner.com\/de\/harvesteraggregate\/harvesteraggregate-lx\/harvesteraggregate-sp-591-lx-g3\/sp-591-lx-g3-zubehoer-und-ausruestung\/","og_site_name":"SP Maskiner","article_modified_time":"2026-02-19T12:03:27+00:00","twitter_card":"summary_large_image","schema":{"@context":"https:\/\/schema.org","@graph":[{"@type":"WebPage","@id":"https:\/\/spmaskiner.com\/de\/harvesteraggregate\/harvesteraggregate-lx\/harvesteraggregate-sp-591-lx-g3\/sp-591-lx-g3-zubehoer-und-ausruestung\/","url":"https:\/\/spmaskiner.com\/de\/harvesteraggregate\/harvesteraggregate-lx\/harvesteraggregate-sp-591-lx-g3\/sp-591-lx-g3-zubehoer-und-ausruestung\/","name":"Zubeh\u00f6r und Ausr\u00fcstung - SP Maskiner","isPartOf":{"@id":"https:\/\/spmaskiner.com\/de\/#website"},"datePublished":"2021-04-09T09:43:29+00:00","dateModified":"2026-02-19T12:03:27+00:00","breadcrumb":{"@id":"https:\/\/spmaskiner.com\/de\/harvesteraggregate\/harvesteraggregate-lx\/harvesteraggregate-sp-591-lx-g3\/sp-591-lx-g3-zubehoer-und-ausruestung\/#breadcrumb"},"inLanguage":"de","potentialAction":[{"@type":"ReadAction","target":["https:\/\/spmaskiner.com\/de\/harvesteraggregate\/harvesteraggregate-lx\/harvesteraggregate-sp-591-lx-g3\/sp-591-lx-g3-zubehoer-und-ausruestung\/"]}]},{"@type":"BreadcrumbList","@id":"https:\/\/spmaskiner.com\/de\/harvesteraggregate\/harvesteraggregate-lx\/harvesteraggregate-sp-591-lx-g3\/sp-591-lx-g3-zubehoer-und-ausruestung\/#breadcrumb","itemListElement":[{"@type":"ListItem","position":1,"name":"Home","item":"https:\/\/spmaskiner.com\/de\/"},{"@type":"ListItem","position":2,"name":"Harvesteraggregate","item":"https:\/\/spmaskiner.com\/de\/harvesteraggregate\/"},{"@type":"ListItem","position":3,"name":"Harvesteraggregate LX","item":"https:\/\/spmaskiner.com\/de\/harvesteraggregate\/harvesteraggregate-lx\/"},{"@type":"ListItem","position":4,"name":"Harvesteraggregate SP 591 LX G4","item":"https:\/\/spmaskiner.com\/de\/harvester-heads\/harvester-heads-lx\/harvester-head-sp-591-lx-g3\/"},{"@type":"ListItem","position":5,"name":"Zubeh\u00f6r und Ausr\u00fcstung"}]},{"@type":"WebSite","@id":"https:\/\/spmaskiner.com\/de\/#website","url":"https:\/\/spmaskiner.com\/de\/","name":"SP Maskiner","description":"Always ahead","publisher":{"@id":"https:\/\/spmaskiner.com\/de\/#organization"},"potentialAction":[{"@type":"SearchAction","target":{"@type":"EntryPoint","urlTemplate":"https:\/\/spmaskiner.com\/de\/?s={search_term_string}"},"query-input":{"@type":"PropertyValueSpecification","valueRequired":true,"valueName":"search_term_string"}}],"inLanguage":"de"},{"@type":"Organization","@id":"https:\/\/spmaskiner.com\/de\/#organization","name":"SP Maskiner","url":"https:\/\/spmaskiner.com\/de\/","logo":{"@type":"ImageObject","inLanguage":"de","@id":"https:\/\/spmaskiner.com\/de\/#\/schema\/logo\/image\/","url":"https:\/\/spmaskiner.com\/wp-content\/uploads\/2021\/03\/spmaskiner-logotyp.png","contentUrl":"https:\/\/spmaskiner.com\/wp-content\/uploads\/2021\/03\/spmaskiner-logotyp.png","width":350,"height":65,"caption":"SP Maskiner"},"image":{"@id":"https:\/\/spmaskiner.com\/de\/#\/schema\/logo\/image\/"}}]}},"_links":{"self":[{"href":"https:\/\/spmaskiner.com\/de\/wp-json\/wp\/v2\/pages\/5138","targetHints":{"allow":["GET"]}}],"collection":[{"href":"https:\/\/spmaskiner.com\/de\/wp-json\/wp\/v2\/pages"}],"about":[{"href":"https:\/\/spmaskiner.com\/de\/wp-json\/wp\/v2\/types\/page"}],"author":[{"embeddable":true,"href":"https:\/\/spmaskiner.com\/de\/wp-json\/wp\/v2\/users\/1"}],"replies":[{"embeddable":true,"href":"https:\/\/spmaskiner.com\/de\/wp-json\/wp\/v2\/comments?post=5138"}],"version-history":[{"count":5,"href":"https:\/\/spmaskiner.com\/de\/wp-json\/wp\/v2\/pages\/5138\/revisions"}],"predecessor-version":[{"id":12742,"href":"https:\/\/spmaskiner.com\/de\/wp-json\/wp\/v2\/pages\/5138\/revisions\/12742"}],"up":[{"embeddable":true,"href":"https:\/\/spmaskiner.com\/de\/wp-json\/wp\/v2\/pages\/5130"}],"wp:attachment":[{"href":"https:\/\/spmaskiner.com\/de\/wp-json\/wp\/v2\/media?parent=5138"}],"curies":[{"name":"wp","href":"https:\/\/api.w.org\/{rel}","templated":true}]}}