{"id":5177,"date":"2021-03-25T10:10:29","date_gmt":"2021-03-25T09:10:29","guid":{"rendered":"https:\/\/spmaskiner.com\/unternehmensinformationen\/ueber-das-unternehmen\/"},"modified":"2021-10-18T10:42:22","modified_gmt":"2021-10-18T08:42:22","slug":"ueber-das-unternehmen","status":"publish","type":"page","link":"https:\/\/spmaskiner.com\/de\/unternehmensinformationen\/ueber-das-unternehmen\/","title":{"rendered":"\u00dcber das Unternehmen"},"content":{"rendered":"\t\t<div data-elementor-type=\"wp-page\" data-elementor-id=\"5177\" class=\"elementor elementor-5177 elementor-1499\" data-elementor-post-type=\"page\">\n\t\t\t\t\t\t<section class=\"elementor-section elementor-top-section elementor-element elementor-element-38057d05 elementor-section-content-top elementor-section-boxed elementor-section-height-default elementor-section-height-default\" data-id=\"38057d05\" data-element_type=\"section\" data-e-type=\"section\">\n\t\t\t\t\t\t<div class=\"elementor-container elementor-column-gap-no\">\n\t\t\t\t\t<nav class=\"elementor-column elementor-col-50 elementor-top-column elementor-element elementor-element-33112c16 elementor-hidden-tablet elementor-hidden-phone elementor-invisible\" data-id=\"33112c16\" data-element_type=\"column\" data-e-type=\"column\" id=\"news-block\" data-settings=\"{&quot;animation&quot;:&quot;fadeIn&quot;}\">\n\t\t\t<div class=\"elementor-widget-wrap elementor-element-populated\">\n\t\t\t\t\t\t\t<\/div>\n\t\t<\/nav>\n\t\t\t\t<article class=\"elementor-column elementor-col-50 elementor-top-column elementor-element elementor-element-1574c4e1\" data-id=\"1574c4e1\" data-element_type=\"column\" data-e-type=\"column\">\n\t\t\t<div class=\"elementor-widget-wrap elementor-element-populated\">\n\t\t\t\t\t\t<div class=\"elementor-element elementor-element-19c89396 elementor-widget elementor-widget-heading\" data-id=\"19c89396\" data-element_type=\"widget\" data-e-type=\"widget\" data-widget_type=\"heading.default\">\n\t\t\t\t<div class=\"elementor-widget-container\">\n\t\t\t\t\t<h1 class=\"elementor-heading-title elementor-size-default\">\u00dcber das Unternehmen<\/h1>\t\t\t\t<\/div>\n\t\t\t\t<\/div>\n\t\t\t\t<div class=\"elementor-element elementor-element-722aa59 elementor-widget elementor-widget-image\" data-id=\"722aa59\" data-element_type=\"widget\" data-e-type=\"widget\" data-widget_type=\"image.default\">\n\t\t\t\t<div class=\"elementor-widget-container\">\n\t\t\t\t\t\t\t\t\t\t\t\t\t\t\t<img loading=\"lazy\" decoding=\"async\" width=\"1024\" height=\"533\" src=\"https:\/\/spmaskiner.com\/wp-content\/uploads\/2021\/04\/sp661lf-landing-1-1024x533.jpg\" class=\"attachment-large size-large wp-image-4629\" alt=\"\" srcset=\"https:\/\/spmaskiner.com\/wp-content\/uploads\/2021\/04\/sp661lf-landing-1-1024x533.jpg 1024w, https:\/\/spmaskiner.com\/wp-content\/uploads\/2021\/04\/sp661lf-landing-1-300x156.jpg 300w, https:\/\/spmaskiner.com\/wp-content\/uploads\/2021\/04\/sp661lf-landing-1-768x400.jpg 768w, https:\/\/spmaskiner.com\/wp-content\/uploads\/2021\/04\/sp661lf-landing-1-1536x800.jpg 1536w, https:\/\/spmaskiner.com\/wp-content\/uploads\/2021\/04\/sp661lf-landing-1.jpg 1920w\" sizes=\"auto, (max-width: 1024px) 100vw, 1024px\" \/>\t\t\t\t\t\t\t\t\t\t\t\t\t\t\t<\/div>\n\t\t\t\t<\/div>\n\t\t\t\t<div class=\"elementor-element elementor-element-6a7aba9 elementor-widget elementor-widget-text-editor\" data-id=\"6a7aba9\" data-element_type=\"widget\" data-e-type=\"widget\" data-widget_type=\"text-editor.default\">\n\t\t\t\t<div class=\"elementor-widget-container\">\n\t\t\t\t\t\t\t\t\t<p>SP Maskiner ist ein weltweit f\u00fchrender Lieferant von Harvesteraggregaten, die in Schweden hergestellt werden. Unser Konzept lautet, Aggregate zu liefern, die an s\u00e4mtliche Harvestermarken und -modelle passen. Mit den Aggregaten von SP Maskiner besitzen Sie daher mehr M\u00f6glichkeiten zur Optimierung von Durchforstung und Holzernte.<\/p>\n<p>SP Maskiner wurde 1978 gegr\u00fcndet, im kleinen D\u00f6rfchen Lillarp mitten in den W\u00e4ldern Sm\u00e5lands. 1980 stellte SP Maskiner das weltweit erste Eingriffaggregat SP21 her, mit dem die professionelle Forstwirtschaft revolutioniert wurde.<\/p>\n<p>Heute ist SP Maskiner eine renommierte internationale Marke mit H\u00e4ndlern rund um den Globus. Zu unseren St\u00e4rken z\u00e4hlen unsere moderne Produktpalette und unser offenes Ohr f\u00fcr die Belange unserer Kunden. Unser Produktspektrum deckt alle Holzerntetypen und -bedingungen ab \u2013 von der Erstdurchforstung bis hin zur Abholzung sowie bei der Ernte von Energieholz und Eukalyptus.<\/p>\n<p>Dank unserer langj\u00e4hrigen Branchenerfahrung wissen wir genau, was der Kunde w\u00fcnscht. Trotz unserer globalen Marke haben wir unsere schwedische Qualit\u00e4t und die N\u00e4he zum Kunden bewahrt. Wir arbeiten st\u00e4ndig eng mit unseren Kunden zusammen und versuchen stets, deren Bedarf zu befriedigen.<\/p>\n<p>Gem\u00e4\u00df unserem Motto \u201eAlways ahead\u201c entwickeln wir uns stetig weiter und nehmen eine technologische F\u00fchrungsposition in unserem Segment ein. Wir arbeiten stets daran, Technologie und Effizienz weiter zu optimieren. Wir wollen die zuk\u00fcnftigen Anforderungen in der Forstwirtschaft erf\u00fcllen. Jetzt und in Zukunft erstellen wir neue und innovative L\u00f6sungen f\u00fcr unsere Kunden.<\/p>\n\t\t\t\t\t\t\t\t<\/div>\n\t\t\t\t<\/div>\n\t\t\t\t<section class=\"elementor-section elementor-inner-section elementor-element elementor-element-8be5ea1 elementor-section-boxed elementor-section-height-default elementor-section-height-default\" data-id=\"8be5ea1\" data-element_type=\"section\" data-e-type=\"section\" data-settings=\"{&quot;background_background&quot;:&quot;classic&quot;}\">\n\t\t\t\t\t\t<div class=\"elementor-container elementor-column-gap-default\">\n\t\t\t\t\t<div class=\"elementor-column elementor-col-100 elementor-inner-column elementor-element elementor-element-21fd36d\" data-id=\"21fd36d\" data-element_type=\"column\" data-e-type=\"column\">\n\t\t\t<div class=\"elementor-widget-wrap elementor-element-populated\">\n\t\t\t\t\t\t<div class=\"elementor-element elementor-element-fa06b94 elementor-widget elementor-widget-heading\" data-id=\"fa06b94\" data-element_type=\"widget\" data-e-type=\"widget\" data-widget_type=\"heading.default\">\n\t\t\t\t<div class=\"elementor-widget-container\">\n\t\t\t\t\t<h2 class=\"elementor-heading-title elementor-size-default\">Always Ahead<\/h2>\t\t\t\t<\/div>\n\t\t\t\t<\/div>\n\t\t\t\t<div class=\"elementor-element elementor-element-181e262 elementor-widget elementor-widget-text-editor\" data-id=\"181e262\" data-element_type=\"widget\" data-e-type=\"widget\" data-widget_type=\"text-editor.default\">\n\t\t\t\t<div class=\"elementor-widget-container\">\n\t\t\t\t\t\t\t\t\t<p>Dies ist unser Motto! Es mag nicht so wichtig erscheinen, aber es ist viel mehr als das. F\u00fcr uns bei SP ist ALWAYS AHEAD ein dauerndes Bestreben, stets an vorderster Front zu stehen und stets das Beste zu liefern; ob es sich um unsere Produkte, technischen L\u00f6sungen oder um die Art und Weise handelt, wie wir Sie als Kunden unterst\u00fctzen und behandeln.<\/p>\n<p>Wenn Sie sich f\u00fcr SP entscheiden, ist es unser Ziel, Ihnen ein erstklassiges Harvesteraggregat zur Verf\u00fcgung zu stellen. Nicht nur in Bezug auf Leistung und Produktivit\u00e4t, sondern auch auf Zuverl\u00e4s-sigkeit und Qualit\u00e4t. Wir haben mehr als 40 Jahre Erfahrung in der Entwicklung und Herstellung von Harvesteraggregaten und wissen, was erforderlich ist, um unseren Kunden die beste Ausr\u00fcstung und Unterst\u00fctzung zu bieten. Unser Ziel ist es, Ihre Erwartungen zu \u00fcbertreffen und dass Sie als Kunde immer die bestm\u00f6glichen Bedingungen haben; damit Sie STETIG VORAN sind.<\/p>\n<p>Wir sind stolz auf unsere Produkte, dies zeigt sich auch damit, wie gr\u00fcndlich unser Entwicklungs-team neue Komponenten und Materialien analysiert und testet, bevor sie f\u00fcr den Einbau bei Ag-gregaten zugelassen werden. Unsere Mitarbeiter sind bestrebt immer sicherzustellen, dass wir STETIG VORAN sind &#8211; um das Bes-te zu liefern.<\/p>\n\t\t\t\t\t\t\t\t<\/div>\n\t\t\t\t<\/div>\n\t\t\t\t\t<\/div>\n\t\t<\/div>\n\t\t\t\t\t<\/div>\n\t\t<\/section>\n\t\t\t\t\t<\/div>\n\t\t<\/article>\n\t\t\t\t\t<\/div>\n\t\t<\/section>\n\t\t\t\t<section class=\"elementor-section elementor-top-section elementor-element elementor-element-6692d932 elementor-section-boxed elementor-section-height-default elementor-section-height-default\" data-id=\"6692d932\" data-element_type=\"section\" data-e-type=\"section\">\n\t\t\t\t\t\t<div class=\"elementor-container elementor-column-gap-default\">\n\t\t\t\t\t<section class=\"elementor-column elementor-col-100 elementor-top-column elementor-element elementor-element-4287a4e7\" data-id=\"4287a4e7\" data-element_type=\"column\" data-e-type=\"column\">\n\t\t\t<div class=\"elementor-widget-wrap\">\n\t\t\t\t\t\t\t<\/div>\n\t\t<\/section>\n\t\t\t\t\t<\/div>\n\t\t<\/section>\n\t\t\t\t<\/div>\n\t\t","protected":false},"excerpt":{"rendered":"<p>\u00dcber das Unternehmen SP Maskiner ist ein weltweit f\u00fchrender Lieferant von Harvesteraggregaten, die in Schweden hergestellt werden. Unser Konzept lautet, Aggregate zu liefern, die an s\u00e4mtliche Harvestermarken und -modelle passen. Mit den Aggregaten von SP Maskiner besitzen Sie daher mehr M\u00f6glichkeiten zur Optimierung von Durchforstung und Holzernte. SP Maskiner wurde 1978 gegr\u00fcndet, im kleinen D\u00f6rfchen [&hellip;]<\/p>\n","protected":false},"author":1,"featured_media":0,"parent":5175,"menu_order":363,"comment_status":"closed","ping_status":"closed","template":"elementor_header_footer","meta":{"_acf_changed":false,"site-sidebar-layout":"no-sidebar","site-content-layout":"page-builder","ast-site-content-layout":"default","site-content-style":"default","site-sidebar-style":"default","ast-global-header-display":"","ast-banner-title-visibility":"","ast-main-header-display":"","ast-hfb-above-header-display":"","ast-hfb-below-header-display":"","ast-hfb-mobile-header-display":"","site-post-title":"disabled","ast-breadcrumbs-content":"","ast-featured-img":"disabled","footer-sml-layout":"","ast-disable-related-posts":"","theme-transparent-header-meta":"default","adv-header-id-meta":"","stick-header-meta":"","header-above-stick-meta":"","header-main-stick-meta":"","header-below-stick-meta":"","astra-migrate-meta-layouts":"default","ast-page-background-enabled":"default","ast-page-background-meta":{"desktop":{"background-color":"","background-image":"","background-repeat":"repeat","background-position":"center center","background-size":"auto","background-attachment":"scroll","background-type":"","background-media":"","overlay-type":"","overlay-color":"","overlay-opacity":"","overlay-gradient":""},"tablet":{"background-color":"","background-image":"","background-repeat":"repeat","background-position":"center center","background-size":"auto","background-attachment":"scroll","background-type":"","background-media":"","overlay-type":"","overlay-color":"","overlay-opacity":"","overlay-gradient":""},"mobile":{"background-color":"","background-image":"","background-repeat":"repeat","background-position":"center center","background-size":"auto","background-attachment":"scroll","background-type":"","background-media":"","overlay-type":"","overlay-color":"","overlay-opacity":"","overlay-gradient":""}},"ast-content-background-meta":{"desktop":{"background-color":"var(--ast-global-color-5)","background-image":"","background-repeat":"repeat","background-position":"center center","background-size":"auto","background-attachment":"scroll","background-type":"","background-media":"","overlay-type":"","overlay-color":"","overlay-opacity":"","overlay-gradient":""},"tablet":{"background-color":"var(--ast-global-color-5)","background-image":"","background-repeat":"repeat","background-position":"center center","background-size":"auto","background-attachment":"scroll","background-type":"","background-media":"","overlay-type":"","overlay-color":"","overlay-opacity":"","overlay-gradient":""},"mobile":{"background-color":"var(--ast-global-color-5)","background-image":"","background-repeat":"repeat","background-position":"center center","background-size":"auto","background-attachment":"scroll","background-type":"","background-media":"","overlay-type":"","overlay-color":"","overlay-opacity":"","overlay-gradient":""}},"footnotes":""},"class_list":["post-5177","page","type-page","status-publish","hentry"],"acf":[],"yoast_head":"<!-- This site is optimized with the Yoast SEO plugin v26.9 - https:\/\/yoast.com\/product\/yoast-seo-wordpress\/ -->\n<title>\u00dcber das Unternehmen - SP Maskiner<\/title>\n<meta name=\"robots\" content=\"index, follow, max-snippet:-1, max-image-preview:large, max-video-preview:-1\" \/>\n<link rel=\"canonical\" href=\"https:\/\/spmaskiner.com\/de\/unternehmensinformationen\/ueber-das-unternehmen\/\" \/>\n<meta property=\"og:locale\" content=\"de_DE\" \/>\n<meta property=\"og:type\" content=\"article\" \/>\n<meta property=\"og:title\" content=\"\u00dcber das Unternehmen - SP Maskiner\" \/>\n<meta property=\"og:description\" content=\"\u00dcber das Unternehmen SP Maskiner ist ein weltweit f\u00fchrender Lieferant von Harvesteraggregaten, die in Schweden hergestellt werden. Unser Konzept lautet, Aggregate zu liefern, die an s\u00e4mtliche Harvestermarken und -modelle passen. Mit den Aggregaten von SP Maskiner besitzen Sie daher mehr M\u00f6glichkeiten zur Optimierung von Durchforstung und Holzernte. SP Maskiner wurde 1978 gegr\u00fcndet, im kleinen D\u00f6rfchen [&hellip;]\" \/>\n<meta property=\"og:url\" content=\"https:\/\/spmaskiner.com\/de\/unternehmensinformationen\/ueber-das-unternehmen\/\" \/>\n<meta property=\"og:site_name\" content=\"SP Maskiner\" \/>\n<meta property=\"article:modified_time\" content=\"2021-10-18T08:42:22+00:00\" \/>\n<meta property=\"og:image\" content=\"https:\/\/spmaskiner.com\/wp-content\/uploads\/2021\/04\/sp661lf-landing-1-1024x533.jpg\" \/>\n<meta name=\"twitter:card\" content=\"summary_large_image\" \/>\n<script type=\"application\/ld+json\" class=\"yoast-schema-graph\">{\"@context\":\"https:\/\/schema.org\",\"@graph\":[{\"@type\":\"WebPage\",\"@id\":\"https:\/\/spmaskiner.com\/de\/unternehmensinformationen\/ueber-das-unternehmen\/\",\"url\":\"https:\/\/spmaskiner.com\/de\/unternehmensinformationen\/ueber-das-unternehmen\/\",\"name\":\"\u00dcber das Unternehmen - SP Maskiner\",\"isPartOf\":{\"@id\":\"https:\/\/spmaskiner.com\/de\/#website\"},\"primaryImageOfPage\":{\"@id\":\"https:\/\/spmaskiner.com\/de\/unternehmensinformationen\/ueber-das-unternehmen\/#primaryimage\"},\"image\":{\"@id\":\"https:\/\/spmaskiner.com\/de\/unternehmensinformationen\/ueber-das-unternehmen\/#primaryimage\"},\"thumbnailUrl\":\"https:\/\/spmaskiner.com\/wp-content\/uploads\/2021\/04\/sp661lf-landing-1-1024x533.jpg\",\"datePublished\":\"2021-03-25T09:10:29+00:00\",\"dateModified\":\"2021-10-18T08:42:22+00:00\",\"breadcrumb\":{\"@id\":\"https:\/\/spmaskiner.com\/de\/unternehmensinformationen\/ueber-das-unternehmen\/#breadcrumb\"},\"inLanguage\":\"de\",\"potentialAction\":[{\"@type\":\"ReadAction\",\"target\":[\"https:\/\/spmaskiner.com\/de\/unternehmensinformationen\/ueber-das-unternehmen\/\"]}]},{\"@type\":\"ImageObject\",\"inLanguage\":\"de\",\"@id\":\"https:\/\/spmaskiner.com\/de\/unternehmensinformationen\/ueber-das-unternehmen\/#primaryimage\",\"url\":\"https:\/\/spmaskiner.com\/wp-content\/uploads\/2021\/04\/sp661lf-landing-1-1024x533.jpg\",\"contentUrl\":\"https:\/\/spmaskiner.com\/wp-content\/uploads\/2021\/04\/sp661lf-landing-1-1024x533.jpg\"},{\"@type\":\"BreadcrumbList\",\"@id\":\"https:\/\/spmaskiner.com\/de\/unternehmensinformationen\/ueber-das-unternehmen\/#breadcrumb\",\"itemListElement\":[{\"@type\":\"ListItem\",\"position\":1,\"name\":\"Home\",\"item\":\"https:\/\/spmaskiner.com\/de\/\"},{\"@type\":\"ListItem\",\"position\":2,\"name\":\"Unternehmensinformationen\",\"item\":\"https:\/\/spmaskiner.com\/de\/unternehmensinformationen\/\"},{\"@type\":\"ListItem\",\"position\":3,\"name\":\"\u00dcber das Unternehmen\"}]},{\"@type\":\"WebSite\",\"@id\":\"https:\/\/spmaskiner.com\/de\/#website\",\"url\":\"https:\/\/spmaskiner.com\/de\/\",\"name\":\"SP Maskiner\",\"description\":\"Always ahead\",\"publisher\":{\"@id\":\"https:\/\/spmaskiner.com\/de\/#organization\"},\"potentialAction\":[{\"@type\":\"SearchAction\",\"target\":{\"@type\":\"EntryPoint\",\"urlTemplate\":\"https:\/\/spmaskiner.com\/de\/?s={search_term_string}\"},\"query-input\":{\"@type\":\"PropertyValueSpecification\",\"valueRequired\":true,\"valueName\":\"search_term_string\"}}],\"inLanguage\":\"de\"},{\"@type\":\"Organization\",\"@id\":\"https:\/\/spmaskiner.com\/de\/#organization\",\"name\":\"SP Maskiner\",\"url\":\"https:\/\/spmaskiner.com\/de\/\",\"logo\":{\"@type\":\"ImageObject\",\"inLanguage\":\"de\",\"@id\":\"https:\/\/spmaskiner.com\/de\/#\/schema\/logo\/image\/\",\"url\":\"https:\/\/spmaskiner.com\/wp-content\/uploads\/2021\/03\/spmaskiner-logotyp.png\",\"contentUrl\":\"https:\/\/spmaskiner.com\/wp-content\/uploads\/2021\/03\/spmaskiner-logotyp.png\",\"width\":350,\"height\":65,\"caption\":\"SP Maskiner\"},\"image\":{\"@id\":\"https:\/\/spmaskiner.com\/de\/#\/schema\/logo\/image\/\"}}]}<\/script>\n<!-- \/ Yoast SEO plugin. -->","yoast_head_json":{"title":"\u00dcber das Unternehmen - SP Maskiner","robots":{"index":"index","follow":"follow","max-snippet":"max-snippet:-1","max-image-preview":"max-image-preview:large","max-video-preview":"max-video-preview:-1"},"canonical":"https:\/\/spmaskiner.com\/de\/unternehmensinformationen\/ueber-das-unternehmen\/","og_locale":"de_DE","og_type":"article","og_title":"\u00dcber das Unternehmen - SP Maskiner","og_description":"\u00dcber das Unternehmen SP Maskiner ist ein weltweit f\u00fchrender Lieferant von Harvesteraggregaten, die in Schweden hergestellt werden. Unser Konzept lautet, Aggregate zu liefern, die an s\u00e4mtliche Harvestermarken und -modelle passen. Mit den Aggregaten von SP Maskiner besitzen Sie daher mehr M\u00f6glichkeiten zur Optimierung von Durchforstung und Holzernte. SP Maskiner wurde 1978 gegr\u00fcndet, im kleinen D\u00f6rfchen [&hellip;]","og_url":"https:\/\/spmaskiner.com\/de\/unternehmensinformationen\/ueber-das-unternehmen\/","og_site_name":"SP Maskiner","article_modified_time":"2021-10-18T08:42:22+00:00","og_image":[{"url":"https:\/\/spmaskiner.com\/wp-content\/uploads\/2021\/04\/sp661lf-landing-1-1024x533.jpg","type":"","width":"","height":""}],"twitter_card":"summary_large_image","schema":{"@context":"https:\/\/schema.org","@graph":[{"@type":"WebPage","@id":"https:\/\/spmaskiner.com\/de\/unternehmensinformationen\/ueber-das-unternehmen\/","url":"https:\/\/spmaskiner.com\/de\/unternehmensinformationen\/ueber-das-unternehmen\/","name":"\u00dcber das Unternehmen - SP Maskiner","isPartOf":{"@id":"https:\/\/spmaskiner.com\/de\/#website"},"primaryImageOfPage":{"@id":"https:\/\/spmaskiner.com\/de\/unternehmensinformationen\/ueber-das-unternehmen\/#primaryimage"},"image":{"@id":"https:\/\/spmaskiner.com\/de\/unternehmensinformationen\/ueber-das-unternehmen\/#primaryimage"},"thumbnailUrl":"https:\/\/spmaskiner.com\/wp-content\/uploads\/2021\/04\/sp661lf-landing-1-1024x533.jpg","datePublished":"2021-03-25T09:10:29+00:00","dateModified":"2021-10-18T08:42:22+00:00","breadcrumb":{"@id":"https:\/\/spmaskiner.com\/de\/unternehmensinformationen\/ueber-das-unternehmen\/#breadcrumb"},"inLanguage":"de","potentialAction":[{"@type":"ReadAction","target":["https:\/\/spmaskiner.com\/de\/unternehmensinformationen\/ueber-das-unternehmen\/"]}]},{"@type":"ImageObject","inLanguage":"de","@id":"https:\/\/spmaskiner.com\/de\/unternehmensinformationen\/ueber-das-unternehmen\/#primaryimage","url":"https:\/\/spmaskiner.com\/wp-content\/uploads\/2021\/04\/sp661lf-landing-1-1024x533.jpg","contentUrl":"https:\/\/spmaskiner.com\/wp-content\/uploads\/2021\/04\/sp661lf-landing-1-1024x533.jpg"},{"@type":"BreadcrumbList","@id":"https:\/\/spmaskiner.com\/de\/unternehmensinformationen\/ueber-das-unternehmen\/#breadcrumb","itemListElement":[{"@type":"ListItem","position":1,"name":"Home","item":"https:\/\/spmaskiner.com\/de\/"},{"@type":"ListItem","position":2,"name":"Unternehmensinformationen","item":"https:\/\/spmaskiner.com\/de\/unternehmensinformationen\/"},{"@type":"ListItem","position":3,"name":"\u00dcber das Unternehmen"}]},{"@type":"WebSite","@id":"https:\/\/spmaskiner.com\/de\/#website","url":"https:\/\/spmaskiner.com\/de\/","name":"SP Maskiner","description":"Always ahead","publisher":{"@id":"https:\/\/spmaskiner.com\/de\/#organization"},"potentialAction":[{"@type":"SearchAction","target":{"@type":"EntryPoint","urlTemplate":"https:\/\/spmaskiner.com\/de\/?s={search_term_string}"},"query-input":{"@type":"PropertyValueSpecification","valueRequired":true,"valueName":"search_term_string"}}],"inLanguage":"de"},{"@type":"Organization","@id":"https:\/\/spmaskiner.com\/de\/#organization","name":"SP Maskiner","url":"https:\/\/spmaskiner.com\/de\/","logo":{"@type":"ImageObject","inLanguage":"de","@id":"https:\/\/spmaskiner.com\/de\/#\/schema\/logo\/image\/","url":"https:\/\/spmaskiner.com\/wp-content\/uploads\/2021\/03\/spmaskiner-logotyp.png","contentUrl":"https:\/\/spmaskiner.com\/wp-content\/uploads\/2021\/03\/spmaskiner-logotyp.png","width":350,"height":65,"caption":"SP Maskiner"},"image":{"@id":"https:\/\/spmaskiner.com\/de\/#\/schema\/logo\/image\/"}}]}},"_links":{"self":[{"href":"https:\/\/spmaskiner.com\/de\/wp-json\/wp\/v2\/pages\/5177","targetHints":{"allow":["GET"]}}],"collection":[{"href":"https:\/\/spmaskiner.com\/de\/wp-json\/wp\/v2\/pages"}],"about":[{"href":"https:\/\/spmaskiner.com\/de\/wp-json\/wp\/v2\/types\/page"}],"author":[{"embeddable":true,"href":"https:\/\/spmaskiner.com\/de\/wp-json\/wp\/v2\/users\/1"}],"replies":[{"embeddable":true,"href":"https:\/\/spmaskiner.com\/de\/wp-json\/wp\/v2\/comments?post=5177"}],"version-history":[{"count":0,"href":"https:\/\/spmaskiner.com\/de\/wp-json\/wp\/v2\/pages\/5177\/revisions"}],"up":[{"embeddable":true,"href":"https:\/\/spmaskiner.com\/de\/wp-json\/wp\/v2\/pages\/5175"}],"wp:attachment":[{"href":"https:\/\/spmaskiner.com\/de\/wp-json\/wp\/v2\/media?parent=5177"}],"curies":[{"name":"wp","href":"https:\/\/api.w.org\/{rel}","templated":true}]}}