{"id":5187,"date":"2021-08-11T10:06:53","date_gmt":"2021-08-11T08:06:53","guid":{"rendered":"https:\/\/spmaskiner.com\/websiteinformationen\/"},"modified":"2021-08-11T10:06:53","modified_gmt":"2021-08-11T08:06:53","slug":"websiteinformationen","status":"publish","type":"page","link":"https:\/\/spmaskiner.com\/de\/websiteinformationen\/","title":{"rendered":"Websiteinformationen"},"content":{"rendered":"\n<h2 class=\"wp-block-heading\" id=\"WEBBLASARE\">Webbrowser<\/h2>\n\n<p>Unsere Website funktioniert am besten mit moderneren Versionen g\u00e4ngiger Webbrowser. Wir empfehlen einen der folgenden Webbrowser:<\/p>\n\n<h3 class=\"wp-block-heading\">Windows<\/h3>\n\n<p><a href=\"http:\/\/www.google.com\/chrome\/\" target=\"_blank\" rel=\"noreferrer noopener\">Chrome<\/a>&#13;\n<a href=\"http:\/\/www.microsoft.com\/windows\/internet-explorer\/\" target=\"_blank\" rel=\"noreferrer noopener\">Internet Explorer 9.0<\/a> oder aktuellere Versionen herunterladen&#13;\n<a href=\"http:\/\/www.mozilla.com\/\" target=\"_blank\" rel=\"noreferrer noopener\">Mozilla Firefox<\/a><\/p>\n\n<h3 class=\"wp-block-heading\">Mac OS<\/h3>\n\n<p><a href=\"http:\/\/www.google.com\/chrome\/\" target=\"_blank\" rel=\"noreferrer noopener\">Chrome<\/a>&#13;\n<a href=\"http:\/\/www.apple.com\/safari\/\" target=\"_blank\" rel=\"noreferrer noopener\">Safari 3.0<\/a> oder aktuellere Versionen herunterladen&#13;\n<a href=\"http:\/\/www.mozilla.com\/\" target=\"_blank\" rel=\"noreferrer noopener\">Mozilla Firefox<\/a><\/p>\n\n<hr class=\"wp-block-separator\"\/>\n\n<p>Funktioniert die Website nicht, liegt dies m\u00f6glicherweise daran, dass JavaScript und bzw. oder Cookies im Webbrowser deaktiviert sind. \u00dcberpr\u00fcfen Sie dies wie folgt:<\/p>\n\n<ul class=\"wp-block-list\"><li>Im Internet Explorer sollten Werkzeuge\/Internetoptionen\/Sicherheit\/Stufe anpassen\/Active Scripting aktiviert und das Kontrollk\u00e4stchen Werkzeuge\/Internetoptionen\/Datenschutz\/Erweitert\/Automatische Cookie-Verwaltung au\u00dfer Kraft setzen nicht markiert sein.<\/li><li>Bei Firefox sollten die Kontrollk\u00e4stchen Werkzeug\/Einstellungen\/Datenschutz\/Cookies\/Speicherung von Cookies zulassen und Werkzeuge\/Einstellungen\/Inhalt\/JavaScript aktivieren markiert werden.<\/li><li>In Safari wechseln Sie im Safari-Men\u00fc zur Registerkarte Sicherheit und markieren JavaScript aktivieren und w\u00e4hlen die Option Immer aus, die sich rechts von Cookies akzeptieren befindet. Bei anderen Webbrowsern kann die Aktivierung von JavaScript und Cookies anders erfolgen. Sie gehen meist aus den Einstellungen des Webbrowsers hervor.<\/li><\/ul>\n\n<hr class=\"wp-block-separator\"\/>\n\n<h2 class=\"wp-block-heading\" id=\"COOKIES\">Cookies<\/h2>\n\n<p>Unsere Website verwendet so genannte Cookies. Bei einem Cookie handelt es sich um eine kleine Datei, die die Website auf Ihrem Computer speichert.<\/p>\n\n<h4 class=\"wp-block-heading\">Cookies werden vor\u00fcbergehend auf dem Computer abgelegt.<\/h4>\n\n<p>Wir nutzen Session-Cookies und Session-ID, um die verschiedenen Seiten korrekt anzuzeigen. Der Cookie wird nicht vom Computer gespeichert. Er ist nur so lange vorhanden, bis Sie den Webbrowser wieder schlie\u00dfen. Dieser Cookie-Typ dient lediglich der Kommunikation zwischen Ihrem Computer und unserem Server. Wir erhalten keine Benutzerinformationen \u00fcber Sie und eine eventuelle Virus\u00fcbertragung ist nicht m\u00f6glich.<\/p>\n\n<h4 class=\"wp-block-heading\">Der Cookie l\u00e4sst sich deaktiveren.<\/h4>\n\n<p>Akzeptieren Sie die Verwendung von Cookies nicht, k\u00f6nnen Sie Ihren Webbrowser dementsprechend einstellen. Die Website wird daraufhin nicht ordnungsgem\u00e4\u00df angezeigt.<\/p>\n\n<hr class=\"wp-block-separator\"\/>\n\n<h2 class=\"wp-block-heading\" id=\"JAVASCRIPT\">JavaScript<\/h2>\n\n<p>Mehrere Website-Serviceleistungen erfordern die Aktivierung von JavaScript. Kontrollieren Sie, ob JavaScript im Webbrowser aktiviert ist.<\/p>\n\n<hr class=\"wp-block-separator\"\/>\n\n<h2 class=\"wp-block-heading\" id=\"FARGUPPLOSNING\">Farben und Aufl\u00f6sung<\/h2>\n\n<p>Um die Abbildungen der Bilddatenbank in guter Qualit\u00e4t wiedergeben zu k\u00f6nnen, sollte die Grafikkarte Ihres Computers auf mindestens 256 Farben, vorzugsweise mehr, eingestellt sein.<\/p>\n\n<p>Die Webseite ist responsiv gestaltet, d.h. sie funktioniert f\u00fcr verschiedene Ger\u00e4te und unterschiedliche Aufl\u00f6sungen.<\/p>\n\n<hr class=\"wp-block-separator\"\/>\n\n<h2 class=\"wp-block-heading\" id=\"NERLADDNING\">Download von Dateien<\/h2>\n\n<p>Um eine <strong>Datei zu \u00f6ffnen<\/strong>, klicken Sie auf den Link. Die Links zu den Dateien \u00f6ffnen sich automatisch in neuen Fenstern.<\/p>\n\n<p>Um eine <strong>Datei zu speichern<\/strong>, rechtsklicken Sie auf den Link und w\u00e4hlen Sie Ziel speichern unter aus. Geben Sie der Datei einen Namen und w\u00e4hlen Sie aus, wo sie gespeichert werden soll.<\/p>\n\n<h4 class=\"wp-block-heading\">PDF-Dateien \u00f6ffnen<\/h4>\n\n<p>Zum \u00d6ffnen von PDF-Dateien empfehlen wir, die kostenlose Software <a title=\"Acrobat Reader von der Adobe-Website\" href=\"http:\/\/www.adobe.com\/\" target=\"_blank\" rel=\"noopener\">Acrobat Reader<\/a> herunterzuladen.<\/p>\n\n<h4 class=\"wp-block-heading\">Word-, Excel- oder Powerpoint-Dateien \u00f6ffnen<\/h4>\n\n<p>Sofern Sie nicht \u00fcber das Programm zum Lesen des Dateiformats von <a href=\"https:\/\/www.microsoft.com\/de-de\/download\/details.aspx?id=4\" target=\"_blank\" rel=\"noopener\">Word<\/a>, <a href=\"https:\/\/www.microsoft.com\/de-de\/download\/details.aspx?id=10\" target=\"_blank\" rel=\"noopener\">Excel<\/a> oder <a href=\"https:\/\/www.microsoft.com\/de-de\/download\/details.aspx?id=13\" target=\"_blank\" rel=\"noopener\">Powerpoint<\/a> verf\u00fcgen, k\u00f6nnen Sie den Microsoft Viewer gratis herunterladen.<\/p>\n\n<hr class=\"wp-block-separator\"\/>\n\n<h2 class=\"wp-block-heading\" id=\"SITEMAP\">Sitemap<\/h2>\n\n<p>Der Inhalt jedes Bereichs ist auf <a title=\"Gehe zu Sitemap\" href=\"http:\/\/www.spmaskiner.com\/de-de\/sitemap\/\">Sitemap<\/a> zu sehen.<\/p>\n\n<hr class=\"wp-block-separator\"\/>\n\n<h2 class=\"wp-block-heading\" id=\"KONTAKT\">Kontakt und Support<\/h2>\n\n<p>Bei technischen Problemen oder allgemeinen Fragen k\u00f6nnen Sie sich \u00fcber den Link <a title=\"Zur Kontaktseite\" href=\"http:\/\/www.spmaskiner.com\/de-de\/kontakt\/\">an uns wenden<\/a>.<\/p>\n","protected":false},"excerpt":{"rendered":"<p>Webbrowser Unsere Website funktioniert am besten mit moderneren Versionen g\u00e4ngiger Webbrowser. Wir empfehlen einen der folgenden Webbrowser: Windows Chrome&#13; Internet Explorer 9.0 oder aktuellere Versionen herunterladen&#13; Mozilla Firefox Mac OS Chrome&#13; Safari 3.0 oder aktuellere Versionen herunterladen&#13; Mozilla Firefox Funktioniert die Website nicht, liegt dies m\u00f6glicherweise daran, dass JavaScript und bzw. oder Cookies im Webbrowser [&hellip;]<\/p>\n","protected":false},"author":1,"featured_media":0,"parent":0,"menu_order":362,"comment_status":"closed","ping_status":"closed","template":"","meta":{"_acf_changed":false,"site-sidebar-layout":"default","site-content-layout":"default","ast-site-content-layout":"default","site-content-style":"default","site-sidebar-style":"default","ast-global-header-display":"","ast-banner-title-visibility":"","ast-main-header-display":"","ast-hfb-above-header-display":"","ast-hfb-below-header-display":"","ast-hfb-mobile-header-display":"","site-post-title":"","ast-breadcrumbs-content":"","ast-featured-img":"","footer-sml-layout":"","ast-disable-related-posts":"","theme-transparent-header-meta":"default","adv-header-id-meta":"","stick-header-meta":"","header-above-stick-meta":"","header-main-stick-meta":"","header-below-stick-meta":"","astra-migrate-meta-layouts":"default","ast-page-background-enabled":"default","ast-page-background-meta":{"desktop":{"background-color":"","background-image":"","background-repeat":"repeat","background-position":"center center","background-size":"auto","background-attachment":"scroll","background-type":"","background-media":"","overlay-type":"","overlay-color":"","overlay-opacity":"","overlay-gradient":""},"tablet":{"background-color":"","background-image":"","background-repeat":"repeat","background-position":"center center","background-size":"auto","background-attachment":"scroll","background-type":"","background-media":"","overlay-type":"","overlay-color":"","overlay-opacity":"","overlay-gradient":""},"mobile":{"background-color":"","background-image":"","background-repeat":"repeat","background-position":"center center","background-size":"auto","background-attachment":"scroll","background-type":"","background-media":"","overlay-type":"","overlay-color":"","overlay-opacity":"","overlay-gradient":""}},"ast-content-background-meta":{"desktop":{"background-color":"var(--ast-global-color-5)","background-image":"","background-repeat":"repeat","background-position":"center center","background-size":"auto","background-attachment":"scroll","background-type":"","background-media":"","overlay-type":"","overlay-color":"","overlay-opacity":"","overlay-gradient":""},"tablet":{"background-color":"var(--ast-global-color-5)","background-image":"","background-repeat":"repeat","background-position":"center center","background-size":"auto","background-attachment":"scroll","background-type":"","background-media":"","overlay-type":"","overlay-color":"","overlay-opacity":"","overlay-gradient":""},"mobile":{"background-color":"var(--ast-global-color-5)","background-image":"","background-repeat":"repeat","background-position":"center center","background-size":"auto","background-attachment":"scroll","background-type":"","background-media":"","overlay-type":"","overlay-color":"","overlay-opacity":"","overlay-gradient":""}},"footnotes":""},"class_list":["post-5187","page","type-page","status-publish","hentry"],"acf":[],"yoast_head":"<!-- This site is optimized with the Yoast SEO plugin v26.9 - https:\/\/yoast.com\/product\/yoast-seo-wordpress\/ -->\n<title>Websiteinformationen - SP Maskiner<\/title>\n<meta name=\"robots\" content=\"index, follow, max-snippet:-1, max-image-preview:large, max-video-preview:-1\" \/>\n<link rel=\"canonical\" href=\"https:\/\/spmaskiner.com\/de\/websiteinformationen\/\" \/>\n<meta property=\"og:locale\" content=\"de_DE\" \/>\n<meta property=\"og:type\" content=\"article\" \/>\n<meta property=\"og:title\" content=\"Websiteinformationen - SP Maskiner\" \/>\n<meta property=\"og:description\" content=\"Webbrowser Unsere Website funktioniert am besten mit moderneren Versionen g\u00e4ngiger Webbrowser. Wir empfehlen einen der folgenden Webbrowser: Windows Chrome&#013; Internet Explorer 9.0 oder aktuellere Versionen herunterladen&#013; Mozilla Firefox Mac OS Chrome&#013; Safari 3.0 oder aktuellere Versionen herunterladen&#013; Mozilla Firefox Funktioniert die Website nicht, liegt dies m\u00f6glicherweise daran, dass JavaScript und bzw. oder Cookies im Webbrowser [&hellip;]\" \/>\n<meta property=\"og:url\" content=\"https:\/\/spmaskiner.com\/de\/websiteinformationen\/\" \/>\n<meta property=\"og:site_name\" content=\"SP Maskiner\" \/>\n<meta name=\"twitter:card\" content=\"summary_large_image\" \/>\n<script type=\"application\/ld+json\" class=\"yoast-schema-graph\">{\"@context\":\"https:\/\/schema.org\",\"@graph\":[{\"@type\":\"WebPage\",\"@id\":\"https:\/\/spmaskiner.com\/de\/websiteinformationen\/\",\"url\":\"https:\/\/spmaskiner.com\/de\/websiteinformationen\/\",\"name\":\"Websiteinformationen - SP Maskiner\",\"isPartOf\":{\"@id\":\"https:\/\/spmaskiner.com\/de\/#website\"},\"datePublished\":\"2021-08-11T08:06:53+00:00\",\"breadcrumb\":{\"@id\":\"https:\/\/spmaskiner.com\/de\/websiteinformationen\/#breadcrumb\"},\"inLanguage\":\"de\",\"potentialAction\":[{\"@type\":\"ReadAction\",\"target\":[\"https:\/\/spmaskiner.com\/de\/websiteinformationen\/\"]}]},{\"@type\":\"BreadcrumbList\",\"@id\":\"https:\/\/spmaskiner.com\/de\/websiteinformationen\/#breadcrumb\",\"itemListElement\":[{\"@type\":\"ListItem\",\"position\":1,\"name\":\"Home\",\"item\":\"https:\/\/spmaskiner.com\/de\/\"},{\"@type\":\"ListItem\",\"position\":2,\"name\":\"Websiteinformationen\"}]},{\"@type\":\"WebSite\",\"@id\":\"https:\/\/spmaskiner.com\/de\/#website\",\"url\":\"https:\/\/spmaskiner.com\/de\/\",\"name\":\"SP Maskiner\",\"description\":\"Always ahead\",\"publisher\":{\"@id\":\"https:\/\/spmaskiner.com\/de\/#organization\"},\"potentialAction\":[{\"@type\":\"SearchAction\",\"target\":{\"@type\":\"EntryPoint\",\"urlTemplate\":\"https:\/\/spmaskiner.com\/de\/?s={search_term_string}\"},\"query-input\":{\"@type\":\"PropertyValueSpecification\",\"valueRequired\":true,\"valueName\":\"search_term_string\"}}],\"inLanguage\":\"de\"},{\"@type\":\"Organization\",\"@id\":\"https:\/\/spmaskiner.com\/de\/#organization\",\"name\":\"SP Maskiner\",\"url\":\"https:\/\/spmaskiner.com\/de\/\",\"logo\":{\"@type\":\"ImageObject\",\"inLanguage\":\"de\",\"@id\":\"https:\/\/spmaskiner.com\/de\/#\/schema\/logo\/image\/\",\"url\":\"https:\/\/spmaskiner.com\/wp-content\/uploads\/2021\/03\/spmaskiner-logotyp.png\",\"contentUrl\":\"https:\/\/spmaskiner.com\/wp-content\/uploads\/2021\/03\/spmaskiner-logotyp.png\",\"width\":350,\"height\":65,\"caption\":\"SP Maskiner\"},\"image\":{\"@id\":\"https:\/\/spmaskiner.com\/de\/#\/schema\/logo\/image\/\"}}]}<\/script>\n<!-- \/ Yoast SEO plugin. -->","yoast_head_json":{"title":"Websiteinformationen - SP Maskiner","robots":{"index":"index","follow":"follow","max-snippet":"max-snippet:-1","max-image-preview":"max-image-preview:large","max-video-preview":"max-video-preview:-1"},"canonical":"https:\/\/spmaskiner.com\/de\/websiteinformationen\/","og_locale":"de_DE","og_type":"article","og_title":"Websiteinformationen - SP Maskiner","og_description":"Webbrowser Unsere Website funktioniert am besten mit moderneren Versionen g\u00e4ngiger Webbrowser. Wir empfehlen einen der folgenden Webbrowser: Windows Chrome&#13; Internet Explorer 9.0 oder aktuellere Versionen herunterladen&#13; Mozilla Firefox Mac OS Chrome&#13; Safari 3.0 oder aktuellere Versionen herunterladen&#13; Mozilla Firefox Funktioniert die Website nicht, liegt dies m\u00f6glicherweise daran, dass JavaScript und bzw. oder Cookies im Webbrowser [&hellip;]","og_url":"https:\/\/spmaskiner.com\/de\/websiteinformationen\/","og_site_name":"SP Maskiner","twitter_card":"summary_large_image","schema":{"@context":"https:\/\/schema.org","@graph":[{"@type":"WebPage","@id":"https:\/\/spmaskiner.com\/de\/websiteinformationen\/","url":"https:\/\/spmaskiner.com\/de\/websiteinformationen\/","name":"Websiteinformationen - SP Maskiner","isPartOf":{"@id":"https:\/\/spmaskiner.com\/de\/#website"},"datePublished":"2021-08-11T08:06:53+00:00","breadcrumb":{"@id":"https:\/\/spmaskiner.com\/de\/websiteinformationen\/#breadcrumb"},"inLanguage":"de","potentialAction":[{"@type":"ReadAction","target":["https:\/\/spmaskiner.com\/de\/websiteinformationen\/"]}]},{"@type":"BreadcrumbList","@id":"https:\/\/spmaskiner.com\/de\/websiteinformationen\/#breadcrumb","itemListElement":[{"@type":"ListItem","position":1,"name":"Home","item":"https:\/\/spmaskiner.com\/de\/"},{"@type":"ListItem","position":2,"name":"Websiteinformationen"}]},{"@type":"WebSite","@id":"https:\/\/spmaskiner.com\/de\/#website","url":"https:\/\/spmaskiner.com\/de\/","name":"SP Maskiner","description":"Always ahead","publisher":{"@id":"https:\/\/spmaskiner.com\/de\/#organization"},"potentialAction":[{"@type":"SearchAction","target":{"@type":"EntryPoint","urlTemplate":"https:\/\/spmaskiner.com\/de\/?s={search_term_string}"},"query-input":{"@type":"PropertyValueSpecification","valueRequired":true,"valueName":"search_term_string"}}],"inLanguage":"de"},{"@type":"Organization","@id":"https:\/\/spmaskiner.com\/de\/#organization","name":"SP Maskiner","url":"https:\/\/spmaskiner.com\/de\/","logo":{"@type":"ImageObject","inLanguage":"de","@id":"https:\/\/spmaskiner.com\/de\/#\/schema\/logo\/image\/","url":"https:\/\/spmaskiner.com\/wp-content\/uploads\/2021\/03\/spmaskiner-logotyp.png","contentUrl":"https:\/\/spmaskiner.com\/wp-content\/uploads\/2021\/03\/spmaskiner-logotyp.png","width":350,"height":65,"caption":"SP Maskiner"},"image":{"@id":"https:\/\/spmaskiner.com\/de\/#\/schema\/logo\/image\/"}}]}},"_links":{"self":[{"href":"https:\/\/spmaskiner.com\/de\/wp-json\/wp\/v2\/pages\/5187","targetHints":{"allow":["GET"]}}],"collection":[{"href":"https:\/\/spmaskiner.com\/de\/wp-json\/wp\/v2\/pages"}],"about":[{"href":"https:\/\/spmaskiner.com\/de\/wp-json\/wp\/v2\/types\/page"}],"author":[{"embeddable":true,"href":"https:\/\/spmaskiner.com\/de\/wp-json\/wp\/v2\/users\/1"}],"replies":[{"embeddable":true,"href":"https:\/\/spmaskiner.com\/de\/wp-json\/wp\/v2\/comments?post=5187"}],"version-history":[{"count":0,"href":"https:\/\/spmaskiner.com\/de\/wp-json\/wp\/v2\/pages\/5187\/revisions"}],"wp:attachment":[{"href":"https:\/\/spmaskiner.com\/de\/wp-json\/wp\/v2\/media?parent=5187"}],"curies":[{"name":"wp","href":"https:\/\/api.w.org\/{rel}","templated":true}]}}