{"id":5270,"date":"2021-09-09T10:27:31","date_gmt":"2021-09-09T08:27:31","guid":{"rendered":"https:\/\/spmaskiner.com\/kundenvorteile\/laengenmessung\/"},"modified":"2021-09-09T10:27:31","modified_gmt":"2021-09-09T08:27:31","slug":"laengenmessung","status":"publish","type":"page","link":"https:\/\/spmaskiner.com\/de\/kundenvorteile\/laengenmessung\/","title":{"rendered":"L\u00e4ngenmessung"},"content":{"rendered":"\t\t<div data-elementor-type=\"wp-page\" data-elementor-id=\"5270\" class=\"elementor elementor-5270 elementor-4221\" data-elementor-post-type=\"page\">\n\t\t\t\t\t\t<section class=\"elementor-section elementor-top-section elementor-element elementor-element-1f0e1330 elementor-section-boxed elementor-section-height-default elementor-section-height-default\" data-id=\"1f0e1330\" data-element_type=\"section\" data-e-type=\"section\">\n\t\t\t\t\t\t<div class=\"elementor-container elementor-column-gap-default\">\n\t\t\t\t\t<div class=\"elementor-column elementor-col-100 elementor-top-column elementor-element elementor-element-3b3196d7\" data-id=\"3b3196d7\" data-element_type=\"column\" data-e-type=\"column\">\n\t\t\t<div class=\"elementor-widget-wrap elementor-element-populated\">\n\t\t\t\t\t\t<div class=\"elementor-element elementor-element-2d4df7f6 elementor-widget elementor-widget-heading\" data-id=\"2d4df7f6\" data-element_type=\"widget\" data-e-type=\"widget\" data-widget_type=\"heading.default\">\n\t\t\t\t<div class=\"elementor-widget-container\">\n\t\t\t\t\t<h1 class=\"elementor-heading-title elementor-size-default\">L\u00e4ngenmessung<\/h1>\t\t\t\t<\/div>\n\t\t\t\t<\/div>\n\t\t\t\t<div class=\"elementor-element elementor-element-439bc2a3 elementor-widget elementor-widget-text-editor\" data-id=\"439bc2a3\" data-element_type=\"widget\" data-e-type=\"widget\" data-widget_type=\"text-editor.default\">\n\t\t\t\t<div class=\"elementor-widget-container\">\n\t\t\t\t\t\t\t\t\t<h2>Zuverl\u00e4ssige L\u00e4ngenmessung mit hoher Betriebssicherheit und minimalem Wartungsaufwand<\/h2>\n<p>Dank ihrer Einzigartigkeit in Design und Konstruktion bietet die L\u00e4ngenmesseinheit von SP-Aggregaten eine au\u00dfergew\u00f6hnlich hohe Zuverl\u00e4ssigkeit, Betriebssicherheit und Messgenauigkeit. Die Hydraulik ist f\u00fcr sehr schnelle Bewegungen und Richtungswechsel konzipiert und stellt so sicher, dass das Messrad stets mit dem Stamm in Kontakt bleibt. Dies und die hohe Aufl\u00f6sung des Sensors gew\u00e4hrleisten, dass die korrekten Messwerte abgelesen und ans System weitergegeben werden. Eine kr\u00e4ftige und robuste Lagerung, eine einzigartige integrierte Kabelf\u00fchrung und ein mechanisch ber\u00fchrungsfreier Sensor bieten Zuverl\u00e4ssigkeit und Betriebssicherheit selbst unter den h\u00e4rtesten Bedingungen.<br \/>Unabh\u00e4ngig von der Holzart l\u00e4sst sich die Messung dank verschiedener Optionen f\u00fcr Profilform und Breite der Messr\u00e4der optimieren, wobei ein gro\u00dfer Messraddurchmesser immer f\u00fcr optimalen Kontakt mit dem Stamm sorgt. Das Ergebnis: Maximale Zuverl\u00e4ssigkeit beim Eindringen in verschiedene Rindenstrukturen und minimale Abweichungen bei hohen wie sehr niedrigen Temperaturen. W\u00e4hrend des gesamten Arbeitsvorgangs wird das L\u00e4ngenmesssystem mithilfe eines schnellen und kr\u00e4ftigen Hydraulikzylinders gegen den Stamm gedr\u00fcckt. Dies erm\u00f6glicht selbst bei unebenen und krummen St\u00e4mmen eine hervorragende L\u00e4ngenmessung. Bei Verschlei\u00dferscheinungen l\u00e4sst sich das Messrad aufgrund der servicefreundlichen Konstruktion schnell und einfach auswechseln.<\/p>\n\t\t\t\t\t\t\t\t<\/div>\n\t\t\t\t<\/div>\n\t\t\t\t<div class=\"elementor-element elementor-element-7fabeb9 elementor-icon-list--layout-inline elementor-align-end elementor-list-item-link-full_width elementor-widget elementor-widget-icon-list\" data-id=\"7fabeb9\" data-element_type=\"widget\" data-e-type=\"widget\" data-widget_type=\"icon-list.default\">\n\t\t\t\t<div class=\"elementor-widget-container\">\n\t\t\t\t\t\t\t<ul class=\"elementor-icon-list-items elementor-inline-items\">\n\t\t\t\t\t\t\t<li class=\"elementor-icon-list-item elementor-inline-item\">\n\t\t\t\t\t\t\t\t\t\t\t<a href=\"\/wp-content\/uploads\/2021\/09\/LengthMeasuring_DE.pdf\">\n\n\t\t\t\t\t\t\t\t\t\t\t\t<span class=\"elementor-icon-list-icon\">\n\t\t\t\t\t\t\t<i aria-hidden=\"true\" class=\"fas fa-file-pdf\"><\/i>\t\t\t\t\t\t<\/span>\n\t\t\t\t\t\t\t\t\t\t<span class=\"elementor-icon-list-text\">Brosch\u00fcre L\u00e4ngenmessung<\/span>\n\t\t\t\t\t\t\t\t\t\t\t<\/a>\n\t\t\t\t\t\t\t\t\t<\/li>\n\t\t\t\t\t\t<\/ul>\n\t\t\t\t\t\t<\/div>\n\t\t\t\t<\/div>\n\t\t\t\t<section class=\"elementor-section elementor-inner-section elementor-element elementor-element-6a7542ef elementor-section-boxed elementor-section-height-default elementor-section-height-default\" data-id=\"6a7542ef\" data-element_type=\"section\" data-e-type=\"section\">\n\t\t\t\t\t\t<div class=\"elementor-container elementor-column-gap-default\">\n\t\t\t\t\t<div class=\"elementor-column elementor-col-50 elementor-inner-column elementor-element elementor-element-35292250\" data-id=\"35292250\" data-element_type=\"column\" data-e-type=\"column\">\n\t\t\t<div class=\"elementor-widget-wrap elementor-element-populated\">\n\t\t\t\t\t\t<div class=\"elementor-element elementor-element-4e47f9b elementor-widget elementor-widget-image\" data-id=\"4e47f9b\" data-element_type=\"widget\" data-e-type=\"widget\" data-widget_type=\"image.default\">\n\t\t\t\t<div class=\"elementor-widget-container\">\n\t\t\t\t\t\t\t\t\t\t\t\t\t\t\t<img loading=\"lazy\" decoding=\"async\" width=\"816\" height=\"1024\" src=\"https:\/\/spmaskiner.com\/wp-content\/uploads\/2021\/06\/langdmatning-mathjul-816x1024.png\" class=\"attachment-large size-large wp-image-4659\" alt=\"\" srcset=\"https:\/\/spmaskiner.com\/wp-content\/uploads\/2021\/06\/langdmatning-mathjul-816x1024.png 816w, https:\/\/spmaskiner.com\/wp-content\/uploads\/2021\/06\/langdmatning-mathjul-239x300.png 239w, https:\/\/spmaskiner.com\/wp-content\/uploads\/2021\/06\/langdmatning-mathjul-768x964.png 768w, https:\/\/spmaskiner.com\/wp-content\/uploads\/2021\/06\/langdmatning-mathjul.png 1045w\" sizes=\"auto, (max-width: 816px) 100vw, 816px\" \/>\t\t\t\t\t\t\t\t\t\t\t\t\t\t\t<\/div>\n\t\t\t\t<\/div>\n\t\t\t\t\t<\/div>\n\t\t<\/div>\n\t\t\t\t<div class=\"elementor-column elementor-col-50 elementor-inner-column elementor-element elementor-element-5f75fc1\" data-id=\"5f75fc1\" data-element_type=\"column\" data-e-type=\"column\">\n\t\t\t<div class=\"elementor-widget-wrap elementor-element-populated\">\n\t\t\t\t\t\t<div class=\"elementor-element elementor-element-c4e0e65 elementor-widget elementor-widget-text-editor\" data-id=\"c4e0e65\" data-element_type=\"widget\" data-e-type=\"widget\" data-widget_type=\"text-editor.default\">\n\t\t\t\t<div class=\"elementor-widget-container\">\n\t\t\t\t\t\t\t\t\t<p><span style=\"color: #ff0000;\"><em><strong>Die L\u00e4ngenmesseinheit<\/strong><\/em><\/span> wird \u00fcber einen sehr gut gesch\u00fctzten Hydraulikzylinder und festumschlossene Schl\u00e4uche bet\u00e4tigt, womit sich das Messrad am ge\u00f6ffneten Aggregat in eine gesch\u00fctzte Position einziehen l\u00e4sst.<\/p>\n<p><span style=\"color: #ff0000;\"><em><strong>Das Messrad<\/strong><\/em><\/span> ist f\u00fcr maximale Lebensdauer und minimalen Wartungsaufwand mit einer sehr robusten und dauergeschmierten Lagerung versehen. Diese robuste Lagerung ist gr\u00f6\u00dfenm\u00e4\u00dfig so ausgelegt, dass sie auch sehr hohen Seitenkr\u00e4ften gewachsen ist, wie sie z. B. bei der Mehrbaumverarbeitung und bei der Abholzung von krummen Laubb\u00e4umen auftreten.<\/p>\n<p><span style=\"color: #ff0000;\"><em><strong>Der L\u00e4ngenmessarm<\/strong><\/em><\/span> hat f\u00fcr maximale Lebensdauer eine sehr kr\u00e4ftige und robuste Lagerung am Rahmen. Dies sorgt au\u00dferdem f\u00fcr eine sehr stabile und spielfreie Bewegung des Messarms und somit f\u00fcr beste Messgenauigkeit.<\/p>\n<p><span style=\"color: #ff0000;\"><em><strong>Bei den gr\u00f6\u00dferen Aggregaten<\/strong><\/em><\/span>, SP661LF und SP761LF, die oft in einer rauen Umgebung mit groben St\u00e4mmen auf leistungsstarken Tr\u00e4germaschinen zum Einsatz kommen, ist die einzigartige Kabelf\u00fchrung zum L\u00e4ngenmesssensor vollst\u00e4ndig gesch\u00fctzt. Dank vollst\u00e4ndiger Integrierung in den Rahmen und den L\u00e4ngenmessarm k\u00f6nnen ihr \u00e4u\u00dfere Einfl\u00fcsse nichts anhaben. Dies erm\u00f6glicht auch bei den h\u00e4rtesten Bedingungen optimale Zuverl\u00e4ssigkeit.<\/p>\n<p><span style=\"color: #ff0000;\"><em><strong>Der L\u00e4ngenmessersensor<\/strong><\/em><\/span> arbeitet v\u00f6llig ber\u00fchrungslos ohne mechanische Verbindung mit dem Messrad. Da der Sensor auch keine beweglichen Teile oder offene Elektronik hat, werden so maximale Zuverl\u00e4ssigkeit und Lebensdauer gew\u00e4hrleistet.<\/p>\n\t\t\t\t\t\t\t\t<\/div>\n\t\t\t\t<\/div>\n\t\t\t\t\t<\/div>\n\t\t<\/div>\n\t\t\t\t\t<\/div>\n\t\t<\/section>\n\t\t\t\t\t<\/div>\n\t\t<\/div>\n\t\t\t\t\t<\/div>\n\t\t<\/section>\n\t\t\t\t<\/div>\n\t\t","protected":false},"excerpt":{"rendered":"<p>L\u00e4ngenmessung Zuverl\u00e4ssige L\u00e4ngenmessung mit hoher Betriebssicherheit und minimalem Wartungsaufwand Dank ihrer Einzigartigkeit in Design und Konstruktion bietet die L\u00e4ngenmesseinheit von SP-Aggregaten eine au\u00dfergew\u00f6hnlich hohe Zuverl\u00e4ssigkeit, Betriebssicherheit und Messgenauigkeit. Die Hydraulik ist f\u00fcr sehr schnelle Bewegungen und Richtungswechsel konzipiert und stellt so sicher, dass das Messrad stets mit dem Stamm in Kontakt bleibt. Dies und die [&hellip;]<\/p>\n","protected":false},"author":1,"featured_media":0,"parent":5204,"menu_order":174,"comment_status":"closed","ping_status":"closed","template":"","meta":{"_acf_changed":false,"site-sidebar-layout":"no-sidebar","site-content-layout":"page-builder","ast-site-content-layout":"default","site-content-style":"default","site-sidebar-style":"default","ast-global-header-display":"","ast-banner-title-visibility":"","ast-main-header-display":"","ast-hfb-above-header-display":"","ast-hfb-below-header-display":"","ast-hfb-mobile-header-display":"","site-post-title":"disabled","ast-breadcrumbs-content":"","ast-featured-img":"disabled","footer-sml-layout":"","ast-disable-related-posts":"","theme-transparent-header-meta":"default","adv-header-id-meta":"","stick-header-meta":"","header-above-stick-meta":"","header-main-stick-meta":"","header-below-stick-meta":"","astra-migrate-meta-layouts":"default","ast-page-background-enabled":"default","ast-page-background-meta":{"desktop":{"background-color":"","background-image":"","background-repeat":"repeat","background-position":"center center","background-size":"auto","background-attachment":"scroll","background-type":"","background-media":"","overlay-type":"","overlay-color":"","overlay-opacity":"","overlay-gradient":""},"tablet":{"background-color":"","background-image":"","background-repeat":"repeat","background-position":"center center","background-size":"auto","background-attachment":"scroll","background-type":"","background-media":"","overlay-type":"","overlay-color":"","overlay-opacity":"","overlay-gradient":""},"mobile":{"background-color":"","background-image":"","background-repeat":"repeat","background-position":"center center","background-size":"auto","background-attachment":"scroll","background-type":"","background-media":"","overlay-type":"","overlay-color":"","overlay-opacity":"","overlay-gradient":""}},"ast-content-background-meta":{"desktop":{"background-color":"var(--ast-global-color-5)","background-image":"","background-repeat":"repeat","background-position":"center center","background-size":"auto","background-attachment":"scroll","background-type":"","background-media":"","overlay-type":"","overlay-color":"","overlay-opacity":"","overlay-gradient":""},"tablet":{"background-color":"var(--ast-global-color-5)","background-image":"","background-repeat":"repeat","background-position":"center center","background-size":"auto","background-attachment":"scroll","background-type":"","background-media":"","overlay-type":"","overlay-color":"","overlay-opacity":"","overlay-gradient":""},"mobile":{"background-color":"var(--ast-global-color-5)","background-image":"","background-repeat":"repeat","background-position":"center center","background-size":"auto","background-attachment":"scroll","background-type":"","background-media":"","overlay-type":"","overlay-color":"","overlay-opacity":"","overlay-gradient":""}},"footnotes":""},"class_list":["post-5270","page","type-page","status-publish","hentry"],"acf":[],"yoast_head":"<!-- This site is optimized with the Yoast SEO plugin v26.9 - https:\/\/yoast.com\/product\/yoast-seo-wordpress\/ -->\n<title>L\u00e4ngenmessung - SP Maskiner<\/title>\n<meta name=\"robots\" content=\"index, follow, max-snippet:-1, max-image-preview:large, max-video-preview:-1\" \/>\n<link rel=\"canonical\" href=\"https:\/\/spmaskiner.com\/de\/kundenvorteile\/laengenmessung\/\" \/>\n<meta property=\"og:locale\" content=\"de_DE\" \/>\n<meta property=\"og:type\" content=\"article\" \/>\n<meta property=\"og:title\" content=\"L\u00e4ngenmessung - SP Maskiner\" \/>\n<meta property=\"og:description\" content=\"L\u00e4ngenmessung Zuverl\u00e4ssige L\u00e4ngenmessung mit hoher Betriebssicherheit und minimalem Wartungsaufwand Dank ihrer Einzigartigkeit in Design und Konstruktion bietet die L\u00e4ngenmesseinheit von SP-Aggregaten eine au\u00dfergew\u00f6hnlich hohe Zuverl\u00e4ssigkeit, Betriebssicherheit und Messgenauigkeit. Die Hydraulik ist f\u00fcr sehr schnelle Bewegungen und Richtungswechsel konzipiert und stellt so sicher, dass das Messrad stets mit dem Stamm in Kontakt bleibt. Dies und die [&hellip;]\" \/>\n<meta property=\"og:url\" content=\"https:\/\/spmaskiner.com\/de\/kundenvorteile\/laengenmessung\/\" \/>\n<meta property=\"og:site_name\" content=\"SP Maskiner\" \/>\n<meta property=\"og:image\" content=\"https:\/\/spmaskiner.com\/wp-content\/uploads\/2021\/06\/langdmatning-mathjul-816x1024.png\" \/>\n<meta name=\"twitter:card\" content=\"summary_large_image\" \/>\n<script type=\"application\/ld+json\" class=\"yoast-schema-graph\">{\"@context\":\"https:\/\/schema.org\",\"@graph\":[{\"@type\":\"WebPage\",\"@id\":\"https:\/\/spmaskiner.com\/de\/kundenvorteile\/laengenmessung\/\",\"url\":\"https:\/\/spmaskiner.com\/de\/kundenvorteile\/laengenmessung\/\",\"name\":\"L\u00e4ngenmessung - SP Maskiner\",\"isPartOf\":{\"@id\":\"https:\/\/spmaskiner.com\/de\/#website\"},\"primaryImageOfPage\":{\"@id\":\"https:\/\/spmaskiner.com\/de\/kundenvorteile\/laengenmessung\/#primaryimage\"},\"image\":{\"@id\":\"https:\/\/spmaskiner.com\/de\/kundenvorteile\/laengenmessung\/#primaryimage\"},\"thumbnailUrl\":\"https:\/\/spmaskiner.com\/wp-content\/uploads\/2021\/06\/langdmatning-mathjul-816x1024.png\",\"datePublished\":\"2021-09-09T08:27:31+00:00\",\"breadcrumb\":{\"@id\":\"https:\/\/spmaskiner.com\/de\/kundenvorteile\/laengenmessung\/#breadcrumb\"},\"inLanguage\":\"de\",\"potentialAction\":[{\"@type\":\"ReadAction\",\"target\":[\"https:\/\/spmaskiner.com\/de\/kundenvorteile\/laengenmessung\/\"]}]},{\"@type\":\"ImageObject\",\"inLanguage\":\"de\",\"@id\":\"https:\/\/spmaskiner.com\/de\/kundenvorteile\/laengenmessung\/#primaryimage\",\"url\":\"https:\/\/spmaskiner.com\/wp-content\/uploads\/2021\/06\/langdmatning-mathjul-816x1024.png\",\"contentUrl\":\"https:\/\/spmaskiner.com\/wp-content\/uploads\/2021\/06\/langdmatning-mathjul-816x1024.png\"},{\"@type\":\"BreadcrumbList\",\"@id\":\"https:\/\/spmaskiner.com\/de\/kundenvorteile\/laengenmessung\/#breadcrumb\",\"itemListElement\":[{\"@type\":\"ListItem\",\"position\":1,\"name\":\"Home\",\"item\":\"https:\/\/spmaskiner.com\/de\/\"},{\"@type\":\"ListItem\",\"position\":2,\"name\":\"Kundennutzen\",\"item\":\"https:\/\/spmaskiner.com\/de\/kundenvorteile\/\"},{\"@type\":\"ListItem\",\"position\":3,\"name\":\"L\u00e4ngenmessung\"}]},{\"@type\":\"WebSite\",\"@id\":\"https:\/\/spmaskiner.com\/de\/#website\",\"url\":\"https:\/\/spmaskiner.com\/de\/\",\"name\":\"SP Maskiner\",\"description\":\"Always ahead\",\"publisher\":{\"@id\":\"https:\/\/spmaskiner.com\/de\/#organization\"},\"potentialAction\":[{\"@type\":\"SearchAction\",\"target\":{\"@type\":\"EntryPoint\",\"urlTemplate\":\"https:\/\/spmaskiner.com\/de\/?s={search_term_string}\"},\"query-input\":{\"@type\":\"PropertyValueSpecification\",\"valueRequired\":true,\"valueName\":\"search_term_string\"}}],\"inLanguage\":\"de\"},{\"@type\":\"Organization\",\"@id\":\"https:\/\/spmaskiner.com\/de\/#organization\",\"name\":\"SP Maskiner\",\"url\":\"https:\/\/spmaskiner.com\/de\/\",\"logo\":{\"@type\":\"ImageObject\",\"inLanguage\":\"de\",\"@id\":\"https:\/\/spmaskiner.com\/de\/#\/schema\/logo\/image\/\",\"url\":\"https:\/\/spmaskiner.com\/wp-content\/uploads\/2021\/03\/spmaskiner-logotyp.png\",\"contentUrl\":\"https:\/\/spmaskiner.com\/wp-content\/uploads\/2021\/03\/spmaskiner-logotyp.png\",\"width\":350,\"height\":65,\"caption\":\"SP Maskiner\"},\"image\":{\"@id\":\"https:\/\/spmaskiner.com\/de\/#\/schema\/logo\/image\/\"}}]}<\/script>\n<!-- \/ Yoast SEO plugin. -->","yoast_head_json":{"title":"L\u00e4ngenmessung - SP Maskiner","robots":{"index":"index","follow":"follow","max-snippet":"max-snippet:-1","max-image-preview":"max-image-preview:large","max-video-preview":"max-video-preview:-1"},"canonical":"https:\/\/spmaskiner.com\/de\/kundenvorteile\/laengenmessung\/","og_locale":"de_DE","og_type":"article","og_title":"L\u00e4ngenmessung - SP Maskiner","og_description":"L\u00e4ngenmessung Zuverl\u00e4ssige L\u00e4ngenmessung mit hoher Betriebssicherheit und minimalem Wartungsaufwand Dank ihrer Einzigartigkeit in Design und Konstruktion bietet die L\u00e4ngenmesseinheit von SP-Aggregaten eine au\u00dfergew\u00f6hnlich hohe Zuverl\u00e4ssigkeit, Betriebssicherheit und Messgenauigkeit. Die Hydraulik ist f\u00fcr sehr schnelle Bewegungen und Richtungswechsel konzipiert und stellt so sicher, dass das Messrad stets mit dem Stamm in Kontakt bleibt. Dies und die [&hellip;]","og_url":"https:\/\/spmaskiner.com\/de\/kundenvorteile\/laengenmessung\/","og_site_name":"SP Maskiner","og_image":[{"url":"https:\/\/spmaskiner.com\/wp-content\/uploads\/2021\/06\/langdmatning-mathjul-816x1024.png","type":"","width":"","height":""}],"twitter_card":"summary_large_image","schema":{"@context":"https:\/\/schema.org","@graph":[{"@type":"WebPage","@id":"https:\/\/spmaskiner.com\/de\/kundenvorteile\/laengenmessung\/","url":"https:\/\/spmaskiner.com\/de\/kundenvorteile\/laengenmessung\/","name":"L\u00e4ngenmessung - SP Maskiner","isPartOf":{"@id":"https:\/\/spmaskiner.com\/de\/#website"},"primaryImageOfPage":{"@id":"https:\/\/spmaskiner.com\/de\/kundenvorteile\/laengenmessung\/#primaryimage"},"image":{"@id":"https:\/\/spmaskiner.com\/de\/kundenvorteile\/laengenmessung\/#primaryimage"},"thumbnailUrl":"https:\/\/spmaskiner.com\/wp-content\/uploads\/2021\/06\/langdmatning-mathjul-816x1024.png","datePublished":"2021-09-09T08:27:31+00:00","breadcrumb":{"@id":"https:\/\/spmaskiner.com\/de\/kundenvorteile\/laengenmessung\/#breadcrumb"},"inLanguage":"de","potentialAction":[{"@type":"ReadAction","target":["https:\/\/spmaskiner.com\/de\/kundenvorteile\/laengenmessung\/"]}]},{"@type":"ImageObject","inLanguage":"de","@id":"https:\/\/spmaskiner.com\/de\/kundenvorteile\/laengenmessung\/#primaryimage","url":"https:\/\/spmaskiner.com\/wp-content\/uploads\/2021\/06\/langdmatning-mathjul-816x1024.png","contentUrl":"https:\/\/spmaskiner.com\/wp-content\/uploads\/2021\/06\/langdmatning-mathjul-816x1024.png"},{"@type":"BreadcrumbList","@id":"https:\/\/spmaskiner.com\/de\/kundenvorteile\/laengenmessung\/#breadcrumb","itemListElement":[{"@type":"ListItem","position":1,"name":"Home","item":"https:\/\/spmaskiner.com\/de\/"},{"@type":"ListItem","position":2,"name":"Kundennutzen","item":"https:\/\/spmaskiner.com\/de\/kundenvorteile\/"},{"@type":"ListItem","position":3,"name":"L\u00e4ngenmessung"}]},{"@type":"WebSite","@id":"https:\/\/spmaskiner.com\/de\/#website","url":"https:\/\/spmaskiner.com\/de\/","name":"SP Maskiner","description":"Always ahead","publisher":{"@id":"https:\/\/spmaskiner.com\/de\/#organization"},"potentialAction":[{"@type":"SearchAction","target":{"@type":"EntryPoint","urlTemplate":"https:\/\/spmaskiner.com\/de\/?s={search_term_string}"},"query-input":{"@type":"PropertyValueSpecification","valueRequired":true,"valueName":"search_term_string"}}],"inLanguage":"de"},{"@type":"Organization","@id":"https:\/\/spmaskiner.com\/de\/#organization","name":"SP Maskiner","url":"https:\/\/spmaskiner.com\/de\/","logo":{"@type":"ImageObject","inLanguage":"de","@id":"https:\/\/spmaskiner.com\/de\/#\/schema\/logo\/image\/","url":"https:\/\/spmaskiner.com\/wp-content\/uploads\/2021\/03\/spmaskiner-logotyp.png","contentUrl":"https:\/\/spmaskiner.com\/wp-content\/uploads\/2021\/03\/spmaskiner-logotyp.png","width":350,"height":65,"caption":"SP Maskiner"},"image":{"@id":"https:\/\/spmaskiner.com\/de\/#\/schema\/logo\/image\/"}}]}},"_links":{"self":[{"href":"https:\/\/spmaskiner.com\/de\/wp-json\/wp\/v2\/pages\/5270","targetHints":{"allow":["GET"]}}],"collection":[{"href":"https:\/\/spmaskiner.com\/de\/wp-json\/wp\/v2\/pages"}],"about":[{"href":"https:\/\/spmaskiner.com\/de\/wp-json\/wp\/v2\/types\/page"}],"author":[{"embeddable":true,"href":"https:\/\/spmaskiner.com\/de\/wp-json\/wp\/v2\/users\/1"}],"replies":[{"embeddable":true,"href":"https:\/\/spmaskiner.com\/de\/wp-json\/wp\/v2\/comments?post=5270"}],"version-history":[{"count":0,"href":"https:\/\/spmaskiner.com\/de\/wp-json\/wp\/v2\/pages\/5270\/revisions"}],"up":[{"embeddable":true,"href":"https:\/\/spmaskiner.com\/de\/wp-json\/wp\/v2\/pages\/5204"}],"wp:attachment":[{"href":"https:\/\/spmaskiner.com\/de\/wp-json\/wp\/v2\/media?parent=5270"}],"curies":[{"name":"wp","href":"https:\/\/api.w.org\/{rel}","templated":true}]}}