{"id":9716,"date":"2022-03-04T09:05:48","date_gmt":"2022-03-04T08:05:48","guid":{"rendered":"https:\/\/spmaskiner.com\/kundenvorteile\/aggregate-fuer-alle-maschinentypen-und-messsysteme\/"},"modified":"2022-11-15T16:25:05","modified_gmt":"2022-11-15T15:25:05","slug":"aggregate-fuer-alle-maschinentypen-und-messsysteme","status":"publish","type":"page","link":"https:\/\/spmaskiner.com\/de\/kundenvorteile\/aggregate-fuer-alle-maschinentypen-und-messsysteme\/","title":{"rendered":"Aggregate f\u00fcr alle Maschinentypen und Messsysteme"},"content":{"rendered":"\t\t<div data-elementor-type=\"wp-page\" data-elementor-id=\"9716\" class=\"elementor elementor-9716 elementor-7113\" data-elementor-post-type=\"page\">\n\t\t\t\t\t\t<section class=\"elementor-section elementor-top-section elementor-element elementor-element-190c45f elementor-section-boxed elementor-section-height-default elementor-section-height-default\" data-id=\"190c45f\" data-element_type=\"section\" data-e-type=\"section\">\n\t\t\t\t\t\t<div class=\"elementor-container elementor-column-gap-default\">\n\t\t\t\t\t<div class=\"elementor-column elementor-col-100 elementor-top-column elementor-element elementor-element-380323b6\" data-id=\"380323b6\" data-element_type=\"column\" data-e-type=\"column\">\n\t\t\t<div class=\"elementor-widget-wrap elementor-element-populated\">\n\t\t\t\t\t\t<div class=\"elementor-element elementor-element-578343ec elementor-widget elementor-widget-heading\" data-id=\"578343ec\" data-element_type=\"widget\" data-e-type=\"widget\" data-widget_type=\"heading.default\">\n\t\t\t\t<div class=\"elementor-widget-container\">\n\t\t\t\t\t<h1 class=\"elementor-heading-title elementor-size-default\">Aggregate f\u00fcr alle Maschinentypen und Messsysteme<\/h1>\t\t\t\t<\/div>\n\t\t\t\t<\/div>\n\t\t\t\t<div class=\"elementor-element elementor-element-0ccd9c5 elementor-widget elementor-widget-text-editor\" data-id=\"0ccd9c5\" data-element_type=\"widget\" data-e-type=\"widget\" data-widget_type=\"text-editor.default\">\n\t\t\t\t<div class=\"elementor-widget-container\">\n\t\t\t\t\t\t\t\t\t<p>Wir von SP bieten eine breite Palette an Aggregaten f\u00fcr alle Maschinentypen, Marken, Modelle und Holzernteprozesse \u2013 von der ersten Durchforstung \u00fcber die Abholzung bis hin zur \u00f6kologischen Holzernte von Biokraftstoff und Entrindung von Eukalyptus. Dank unseres Know-hows und unserer langj\u00e4hrigen Erfahrung wissen wir, worauf es ankommt, um Ihre Holzernte so effizient und rentabel wie m\u00f6glich zu gestalten \u2013 unabh\u00e4ngig von Ihrer Maschine und Ihren Arbeitsbedingungen. All unsere Harvesteraggregate werden nach unserem Low-Friction-Konzept entwickelt, wobei \u00fcber vierzig Jahre Erfahrung und Entwicklung Hochleistungsaggregate hervorgebracht haben, die sich durch ihre einzigartige Kombination aus maximaler Produktivit\u00e4t, optimiertem Kraftstoffverbrauch, minimalen Wartungskosten und pr\u00e4zisen Messungen auszeichnen.<\/p>\n<p>Falls Sie derzeit ein Aggregat eines anderen Herstellers nutzen, jedoch Ihre Effizienz und Rentabilit\u00e4t steigern m\u00f6chten, ist ein Umstieg auf ein Aggregat von SP ganz einfach m\u00f6glich. Unsere Harvesteraggregate k\u00f6nnen mit nahezu allen Steuerungs- und Messsystemen am Markt eingesetzt werden, sodass bei der Wahl eines Aggregats von SP kein neues Computersystem erforderlich ist. Im Gegensatz zu vielen anderen Marken am Markt erfordert die Installation eines Aggregats von SP daher keine Umgestaltung der vorhandenen Steuerung und auch keine zus\u00e4tzliche Elektronik.<\/p>\n<p>Unabh\u00e4ngig von Typ oder Marke der Grundmaschine sind wir Experten f\u00fcr das Installieren von Aggregaten sowie f\u00fcr das Anpassen von Installationen und k\u00f6nnen so die Funktionalit\u00e4t und Kapazit\u00e4t Ihres Aggregats maximieren. Haben Sie einen Rad- oder einen Raupenharvester? Oder einen Bagger? Ein Modell von Rottne, John Deere, Komatsu, Eco Log, Ponsse, Volvo, Caterpillar oder Sany? Oder von einer anderen Marke? Ganz gleich, um welche Maschine es geht \u2013 SP hat das perfekte Aggregat f\u00fcr Sie. Dar\u00fcber hinaus bieten wir bei der Wahl eines Aggregats von SP immer eine kostenlose Analyse um zu ermitteln, wie Sie Ihre Rentabilit\u00e4t basierend auf Ihren individuellen Bedingungen und Holzernteprozessen maximieren k\u00f6nnen.<\/p>\n\t\t\t\t\t\t\t\t<\/div>\n\t\t\t\t<\/div>\n\t\t\t\t<div class=\"elementor-element elementor-element-4c5a6be elementor-icon-list--layout-inline elementor-align-end elementor-list-item-link-full_width elementor-widget elementor-widget-icon-list\" data-id=\"4c5a6be\" data-element_type=\"widget\" data-e-type=\"widget\" data-widget_type=\"icon-list.default\">\n\t\t\t\t<div class=\"elementor-widget-container\">\n\t\t\t\t\t\t\t<ul class=\"elementor-icon-list-items elementor-inline-items\">\n\t\t\t\t\t\t\t<li class=\"elementor-icon-list-item elementor-inline-item\">\n\t\t\t\t\t\t\t\t\t\t\t<a href=\"https:\/\/spmaskiner.com\/wp-content\/uploads\/2022\/11\/Headsforallmachines_De.pdf\">\n\n\t\t\t\t\t\t\t\t\t\t\t\t<span class=\"elementor-icon-list-icon\">\n\t\t\t\t\t\t\t<i aria-hidden=\"true\" class=\"fas fa-file-pdf\"><\/i>\t\t\t\t\t\t<\/span>\n\t\t\t\t\t\t\t\t\t\t<span class=\"elementor-icon-list-text\">Brosch\u00fcre - Aggregate f\u00fcr alle Maschinentypen und Messsysteme<\/span>\n\t\t\t\t\t\t\t\t\t\t\t<\/a>\n\t\t\t\t\t\t\t\t\t<\/li>\n\t\t\t\t\t\t<\/ul>\n\t\t\t\t\t\t<\/div>\n\t\t\t\t<\/div>\n\t\t\t\t\t<\/div>\n\t\t<\/div>\n\t\t\t\t\t<\/div>\n\t\t<\/section>\n\t\t\t\t<section class=\"elementor-section elementor-top-section elementor-element elementor-element-bc4dae0 elementor-section-boxed elementor-section-height-default elementor-section-height-default\" data-id=\"bc4dae0\" data-element_type=\"section\" data-e-type=\"section\">\n\t\t\t\t\t\t<div class=\"elementor-container elementor-column-gap-default\">\n\t\t\t\t\t<div class=\"elementor-column elementor-col-33 elementor-top-column elementor-element elementor-element-7fd6320\" data-id=\"7fd6320\" data-element_type=\"column\" data-e-type=\"column\">\n\t\t\t<div class=\"elementor-widget-wrap elementor-element-populated\">\n\t\t\t\t\t\t<div class=\"elementor-element elementor-element-855dc69 elementor-widget elementor-widget-image\" data-id=\"855dc69\" data-element_type=\"widget\" data-e-type=\"widget\" data-widget_type=\"image.default\">\n\t\t\t\t<div class=\"elementor-widget-container\">\n\t\t\t\t\t\t\t\t\t\t\t\t\t\t\t<img loading=\"lazy\" decoding=\"async\" width=\"1024\" height=\"576\" src=\"https:\/\/spmaskiner.com\/wp-content\/uploads\/2022\/03\/brnilsson122-1024x576.jpg\" class=\"attachment-large size-large wp-image-7137\" alt=\"\" srcset=\"https:\/\/spmaskiner.com\/wp-content\/uploads\/2022\/03\/brnilsson122-1024x576.jpg 1024w, https:\/\/spmaskiner.com\/wp-content\/uploads\/2022\/03\/brnilsson122-300x169.jpg 300w, https:\/\/spmaskiner.com\/wp-content\/uploads\/2022\/03\/brnilsson122-768x432.jpg 768w, https:\/\/spmaskiner.com\/wp-content\/uploads\/2022\/03\/brnilsson122-1536x864.jpg 1536w, https:\/\/spmaskiner.com\/wp-content\/uploads\/2022\/03\/brnilsson122-2048x1152.jpg 2048w\" sizes=\"auto, (max-width: 1024px) 100vw, 1024px\" \/>\t\t\t\t\t\t\t\t\t\t\t\t\t\t\t<\/div>\n\t\t\t\t<\/div>\n\t\t\t\t\t<\/div>\n\t\t<\/div>\n\t\t\t\t<div class=\"elementor-column elementor-col-33 elementor-top-column elementor-element elementor-element-d0fff82\" data-id=\"d0fff82\" data-element_type=\"column\" data-e-type=\"column\">\n\t\t\t<div class=\"elementor-widget-wrap elementor-element-populated\">\n\t\t\t\t\t\t<div class=\"elementor-element elementor-element-624ab7f elementor-widget elementor-widget-image\" data-id=\"624ab7f\" data-element_type=\"widget\" data-e-type=\"widget\" data-widget_type=\"image.default\">\n\t\t\t\t<div class=\"elementor-widget-container\">\n\t\t\t\t\t\t\t\t\t\t\t\t\t\t\t<img loading=\"lazy\" decoding=\"async\" width=\"1024\" height=\"576\" src=\"https:\/\/spmaskiner.com\/wp-content\/uploads\/2022\/03\/eisab145-1024x576.jpg\" class=\"attachment-large size-large wp-image-7141\" alt=\"\" srcset=\"https:\/\/spmaskiner.com\/wp-content\/uploads\/2022\/03\/eisab145-1024x576.jpg 1024w, https:\/\/spmaskiner.com\/wp-content\/uploads\/2022\/03\/eisab145-300x169.jpg 300w, https:\/\/spmaskiner.com\/wp-content\/uploads\/2022\/03\/eisab145-768x432.jpg 768w, https:\/\/spmaskiner.com\/wp-content\/uploads\/2022\/03\/eisab145-1536x864.jpg 1536w, https:\/\/spmaskiner.com\/wp-content\/uploads\/2022\/03\/eisab145.jpg 1920w\" sizes=\"auto, (max-width: 1024px) 100vw, 1024px\" \/>\t\t\t\t\t\t\t\t\t\t\t\t\t\t\t<\/div>\n\t\t\t\t<\/div>\n\t\t\t\t\t<\/div>\n\t\t<\/div>\n\t\t\t\t<div class=\"elementor-column elementor-col-33 elementor-top-column elementor-element elementor-element-94195c7\" data-id=\"94195c7\" data-element_type=\"column\" data-e-type=\"column\">\n\t\t\t<div class=\"elementor-widget-wrap elementor-element-populated\">\n\t\t\t\t\t\t<div class=\"elementor-element elementor-element-f93ccbe elementor-widget elementor-widget-image\" data-id=\"f93ccbe\" data-element_type=\"widget\" data-e-type=\"widget\" data-widget_type=\"image.default\">\n\t\t\t\t<div class=\"elementor-widget-container\">\n\t\t\t\t\t\t\t\t\t\t\t\t\t\t\t<img loading=\"lazy\" decoding=\"async\" width=\"1024\" height=\"576\" src=\"https:\/\/spmaskiner.com\/wp-content\/uploads\/2022\/03\/manoskog134-1024x576.jpg\" class=\"attachment-large size-large wp-image-7145\" alt=\"\" srcset=\"https:\/\/spmaskiner.com\/wp-content\/uploads\/2022\/03\/manoskog134-1024x576.jpg 1024w, https:\/\/spmaskiner.com\/wp-content\/uploads\/2022\/03\/manoskog134-300x169.jpg 300w, https:\/\/spmaskiner.com\/wp-content\/uploads\/2022\/03\/manoskog134-768x432.jpg 768w, https:\/\/spmaskiner.com\/wp-content\/uploads\/2022\/03\/manoskog134-1536x864.jpg 1536w, https:\/\/spmaskiner.com\/wp-content\/uploads\/2022\/03\/manoskog134.jpg 1920w\" sizes=\"auto, (max-width: 1024px) 100vw, 1024px\" \/>\t\t\t\t\t\t\t\t\t\t\t\t\t\t\t<\/div>\n\t\t\t\t<\/div>\n\t\t\t\t\t<\/div>\n\t\t<\/div>\n\t\t\t\t\t<\/div>\n\t\t<\/section>\n\t\t\t\t<\/div>\n\t\t","protected":false},"excerpt":{"rendered":"<p>Aggregate f\u00fcr alle Maschinentypen und Messsysteme Wir von SP bieten eine breite Palette an Aggregaten f\u00fcr alle Maschinentypen, Marken, Modelle und Holzernteprozesse \u2013 von der ersten Durchforstung \u00fcber die Abholzung bis hin zur \u00f6kologischen Holzernte von Biokraftstoff und Entrindung von Eukalyptus. Dank unseres Know-hows und unserer langj\u00e4hrigen Erfahrung wissen wir, worauf es ankommt, um Ihre [&hellip;]<\/p>\n","protected":false},"author":2,"featured_media":0,"parent":5204,"menu_order":24,"comment_status":"closed","ping_status":"closed","template":"elementor_header_footer","meta":{"_acf_changed":false,"site-sidebar-layout":"no-sidebar","site-content-layout":"page-builder","ast-site-content-layout":"default","site-content-style":"default","site-sidebar-style":"default","ast-global-header-display":"","ast-banner-title-visibility":"","ast-main-header-display":"","ast-hfb-above-header-display":"","ast-hfb-below-header-display":"","ast-hfb-mobile-header-display":"","site-post-title":"disabled","ast-breadcrumbs-content":"","ast-featured-img":"disabled","footer-sml-layout":"","ast-disable-related-posts":"","theme-transparent-header-meta":"default","adv-header-id-meta":"","stick-header-meta":"","header-above-stick-meta":"","header-main-stick-meta":"","header-below-stick-meta":"","astra-migrate-meta-layouts":"default","ast-page-background-enabled":"default","ast-page-background-meta":{"desktop":{"background-color":"","background-image":"","background-repeat":"repeat","background-position":"center center","background-size":"auto","background-attachment":"scroll","background-type":"","background-media":"","overlay-type":"","overlay-color":"","overlay-opacity":"","overlay-gradient":""},"tablet":{"background-color":"","background-image":"","background-repeat":"repeat","background-position":"center center","background-size":"auto","background-attachment":"scroll","background-type":"","background-media":"","overlay-type":"","overlay-color":"","overlay-opacity":"","overlay-gradient":""},"mobile":{"background-color":"","background-image":"","background-repeat":"repeat","background-position":"center center","background-size":"auto","background-attachment":"scroll","background-type":"","background-media":"","overlay-type":"","overlay-color":"","overlay-opacity":"","overlay-gradient":""}},"ast-content-background-meta":{"desktop":{"background-color":"var(--ast-global-color-5)","background-image":"","background-repeat":"repeat","background-position":"center center","background-size":"auto","background-attachment":"scroll","background-type":"","background-media":"","overlay-type":"","overlay-color":"","overlay-opacity":"","overlay-gradient":""},"tablet":{"background-color":"var(--ast-global-color-5)","background-image":"","background-repeat":"repeat","background-position":"center center","background-size":"auto","background-attachment":"scroll","background-type":"","background-media":"","overlay-type":"","overlay-color":"","overlay-opacity":"","overlay-gradient":""},"mobile":{"background-color":"var(--ast-global-color-5)","background-image":"","background-repeat":"repeat","background-position":"center center","background-size":"auto","background-attachment":"scroll","background-type":"","background-media":"","overlay-type":"","overlay-color":"","overlay-opacity":"","overlay-gradient":""}},"footnotes":""},"class_list":["post-9716","page","type-page","status-publish","hentry"],"acf":[],"yoast_head":"<!-- This site is optimized with the Yoast SEO plugin v26.9 - https:\/\/yoast.com\/product\/yoast-seo-wordpress\/ -->\n<title>Aggregate f\u00fcr alle Maschinentypen und Messsysteme - SP Maskiner<\/title>\n<meta name=\"robots\" content=\"index, follow, max-snippet:-1, max-image-preview:large, max-video-preview:-1\" \/>\n<link rel=\"canonical\" href=\"https:\/\/spmaskiner.com\/de\/kundenvorteile\/aggregate-fuer-alle-maschinentypen-und-messsysteme\/\" \/>\n<meta property=\"og:locale\" content=\"de_DE\" \/>\n<meta property=\"og:type\" content=\"article\" \/>\n<meta property=\"og:title\" content=\"Aggregate f\u00fcr alle Maschinentypen und Messsysteme - SP Maskiner\" \/>\n<meta property=\"og:description\" content=\"Aggregate f\u00fcr alle Maschinentypen und Messsysteme Wir von SP bieten eine breite Palette an Aggregaten f\u00fcr alle Maschinentypen, Marken, Modelle und Holzernteprozesse \u2013 von der ersten Durchforstung \u00fcber die Abholzung bis hin zur \u00f6kologischen Holzernte von Biokraftstoff und Entrindung von Eukalyptus. Dank unseres Know-hows und unserer langj\u00e4hrigen Erfahrung wissen wir, worauf es ankommt, um Ihre [&hellip;]\" \/>\n<meta property=\"og:url\" content=\"https:\/\/spmaskiner.com\/de\/kundenvorteile\/aggregate-fuer-alle-maschinentypen-und-messsysteme\/\" \/>\n<meta property=\"og:site_name\" content=\"SP Maskiner\" \/>\n<meta property=\"article:modified_time\" content=\"2022-11-15T15:25:05+00:00\" \/>\n<meta property=\"og:image\" content=\"https:\/\/spmaskiner.com\/wp-content\/uploads\/2022\/03\/brnilsson122-scaled.jpg\" \/>\n\t<meta property=\"og:image:width\" content=\"2560\" \/>\n\t<meta property=\"og:image:height\" content=\"1440\" \/>\n\t<meta property=\"og:image:type\" content=\"image\/jpeg\" \/>\n<meta name=\"twitter:card\" content=\"summary_large_image\" \/>\n<script type=\"application\/ld+json\" class=\"yoast-schema-graph\">{\"@context\":\"https:\/\/schema.org\",\"@graph\":[{\"@type\":\"WebPage\",\"@id\":\"https:\/\/spmaskiner.com\/de\/kundenvorteile\/aggregate-fuer-alle-maschinentypen-und-messsysteme\/\",\"url\":\"https:\/\/spmaskiner.com\/de\/kundenvorteile\/aggregate-fuer-alle-maschinentypen-und-messsysteme\/\",\"name\":\"Aggregate f\u00fcr alle Maschinentypen und Messsysteme - SP Maskiner\",\"isPartOf\":{\"@id\":\"https:\/\/spmaskiner.com\/de\/#website\"},\"primaryImageOfPage\":{\"@id\":\"https:\/\/spmaskiner.com\/de\/kundenvorteile\/aggregate-fuer-alle-maschinentypen-und-messsysteme\/#primaryimage\"},\"image\":{\"@id\":\"https:\/\/spmaskiner.com\/de\/kundenvorteile\/aggregate-fuer-alle-maschinentypen-und-messsysteme\/#primaryimage\"},\"thumbnailUrl\":\"https:\/\/spmaskiner.com\/wp-content\/uploads\/2022\/03\/brnilsson122-1024x576.jpg\",\"datePublished\":\"2022-03-04T08:05:48+00:00\",\"dateModified\":\"2022-11-15T15:25:05+00:00\",\"breadcrumb\":{\"@id\":\"https:\/\/spmaskiner.com\/de\/kundenvorteile\/aggregate-fuer-alle-maschinentypen-und-messsysteme\/#breadcrumb\"},\"inLanguage\":\"de\",\"potentialAction\":[{\"@type\":\"ReadAction\",\"target\":[\"https:\/\/spmaskiner.com\/de\/kundenvorteile\/aggregate-fuer-alle-maschinentypen-und-messsysteme\/\"]}]},{\"@type\":\"ImageObject\",\"inLanguage\":\"de\",\"@id\":\"https:\/\/spmaskiner.com\/de\/kundenvorteile\/aggregate-fuer-alle-maschinentypen-und-messsysteme\/#primaryimage\",\"url\":\"https:\/\/spmaskiner.com\/wp-content\/uploads\/2022\/03\/brnilsson122-1024x576.jpg\",\"contentUrl\":\"https:\/\/spmaskiner.com\/wp-content\/uploads\/2022\/03\/brnilsson122-1024x576.jpg\"},{\"@type\":\"BreadcrumbList\",\"@id\":\"https:\/\/spmaskiner.com\/de\/kundenvorteile\/aggregate-fuer-alle-maschinentypen-und-messsysteme\/#breadcrumb\",\"itemListElement\":[{\"@type\":\"ListItem\",\"position\":1,\"name\":\"Home\",\"item\":\"https:\/\/spmaskiner.com\/de\/\"},{\"@type\":\"ListItem\",\"position\":2,\"name\":\"Kundennutzen\",\"item\":\"https:\/\/spmaskiner.com\/de\/kundenvorteile\/\"},{\"@type\":\"ListItem\",\"position\":3,\"name\":\"Aggregate f\u00fcr alle Maschinentypen und Messsysteme\"}]},{\"@type\":\"WebSite\",\"@id\":\"https:\/\/spmaskiner.com\/de\/#website\",\"url\":\"https:\/\/spmaskiner.com\/de\/\",\"name\":\"SP Maskiner\",\"description\":\"Always ahead\",\"publisher\":{\"@id\":\"https:\/\/spmaskiner.com\/de\/#organization\"},\"potentialAction\":[{\"@type\":\"SearchAction\",\"target\":{\"@type\":\"EntryPoint\",\"urlTemplate\":\"https:\/\/spmaskiner.com\/de\/?s={search_term_string}\"},\"query-input\":{\"@type\":\"PropertyValueSpecification\",\"valueRequired\":true,\"valueName\":\"search_term_string\"}}],\"inLanguage\":\"de\"},{\"@type\":\"Organization\",\"@id\":\"https:\/\/spmaskiner.com\/de\/#organization\",\"name\":\"SP Maskiner\",\"url\":\"https:\/\/spmaskiner.com\/de\/\",\"logo\":{\"@type\":\"ImageObject\",\"inLanguage\":\"de\",\"@id\":\"https:\/\/spmaskiner.com\/de\/#\/schema\/logo\/image\/\",\"url\":\"https:\/\/spmaskiner.com\/wp-content\/uploads\/2021\/03\/spmaskiner-logotyp.png\",\"contentUrl\":\"https:\/\/spmaskiner.com\/wp-content\/uploads\/2021\/03\/spmaskiner-logotyp.png\",\"width\":350,\"height\":65,\"caption\":\"SP Maskiner\"},\"image\":{\"@id\":\"https:\/\/spmaskiner.com\/de\/#\/schema\/logo\/image\/\"}}]}<\/script>\n<!-- \/ Yoast SEO plugin. -->","yoast_head_json":{"title":"Aggregate f\u00fcr alle Maschinentypen und Messsysteme - SP Maskiner","robots":{"index":"index","follow":"follow","max-snippet":"max-snippet:-1","max-image-preview":"max-image-preview:large","max-video-preview":"max-video-preview:-1"},"canonical":"https:\/\/spmaskiner.com\/de\/kundenvorteile\/aggregate-fuer-alle-maschinentypen-und-messsysteme\/","og_locale":"de_DE","og_type":"article","og_title":"Aggregate f\u00fcr alle Maschinentypen und Messsysteme - SP Maskiner","og_description":"Aggregate f\u00fcr alle Maschinentypen und Messsysteme Wir von SP bieten eine breite Palette an Aggregaten f\u00fcr alle Maschinentypen, Marken, Modelle und Holzernteprozesse \u2013 von der ersten Durchforstung \u00fcber die Abholzung bis hin zur \u00f6kologischen Holzernte von Biokraftstoff und Entrindung von Eukalyptus. Dank unseres Know-hows und unserer langj\u00e4hrigen Erfahrung wissen wir, worauf es ankommt, um Ihre [&hellip;]","og_url":"https:\/\/spmaskiner.com\/de\/kundenvorteile\/aggregate-fuer-alle-maschinentypen-und-messsysteme\/","og_site_name":"SP Maskiner","article_modified_time":"2022-11-15T15:25:05+00:00","og_image":[{"width":2560,"height":1440,"url":"https:\/\/spmaskiner.com\/wp-content\/uploads\/2022\/03\/brnilsson122-scaled.jpg","type":"image\/jpeg"}],"twitter_card":"summary_large_image","schema":{"@context":"https:\/\/schema.org","@graph":[{"@type":"WebPage","@id":"https:\/\/spmaskiner.com\/de\/kundenvorteile\/aggregate-fuer-alle-maschinentypen-und-messsysteme\/","url":"https:\/\/spmaskiner.com\/de\/kundenvorteile\/aggregate-fuer-alle-maschinentypen-und-messsysteme\/","name":"Aggregate f\u00fcr alle Maschinentypen und Messsysteme - SP Maskiner","isPartOf":{"@id":"https:\/\/spmaskiner.com\/de\/#website"},"primaryImageOfPage":{"@id":"https:\/\/spmaskiner.com\/de\/kundenvorteile\/aggregate-fuer-alle-maschinentypen-und-messsysteme\/#primaryimage"},"image":{"@id":"https:\/\/spmaskiner.com\/de\/kundenvorteile\/aggregate-fuer-alle-maschinentypen-und-messsysteme\/#primaryimage"},"thumbnailUrl":"https:\/\/spmaskiner.com\/wp-content\/uploads\/2022\/03\/brnilsson122-1024x576.jpg","datePublished":"2022-03-04T08:05:48+00:00","dateModified":"2022-11-15T15:25:05+00:00","breadcrumb":{"@id":"https:\/\/spmaskiner.com\/de\/kundenvorteile\/aggregate-fuer-alle-maschinentypen-und-messsysteme\/#breadcrumb"},"inLanguage":"de","potentialAction":[{"@type":"ReadAction","target":["https:\/\/spmaskiner.com\/de\/kundenvorteile\/aggregate-fuer-alle-maschinentypen-und-messsysteme\/"]}]},{"@type":"ImageObject","inLanguage":"de","@id":"https:\/\/spmaskiner.com\/de\/kundenvorteile\/aggregate-fuer-alle-maschinentypen-und-messsysteme\/#primaryimage","url":"https:\/\/spmaskiner.com\/wp-content\/uploads\/2022\/03\/brnilsson122-1024x576.jpg","contentUrl":"https:\/\/spmaskiner.com\/wp-content\/uploads\/2022\/03\/brnilsson122-1024x576.jpg"},{"@type":"BreadcrumbList","@id":"https:\/\/spmaskiner.com\/de\/kundenvorteile\/aggregate-fuer-alle-maschinentypen-und-messsysteme\/#breadcrumb","itemListElement":[{"@type":"ListItem","position":1,"name":"Home","item":"https:\/\/spmaskiner.com\/de\/"},{"@type":"ListItem","position":2,"name":"Kundennutzen","item":"https:\/\/spmaskiner.com\/de\/kundenvorteile\/"},{"@type":"ListItem","position":3,"name":"Aggregate f\u00fcr alle Maschinentypen und Messsysteme"}]},{"@type":"WebSite","@id":"https:\/\/spmaskiner.com\/de\/#website","url":"https:\/\/spmaskiner.com\/de\/","name":"SP Maskiner","description":"Always ahead","publisher":{"@id":"https:\/\/spmaskiner.com\/de\/#organization"},"potentialAction":[{"@type":"SearchAction","target":{"@type":"EntryPoint","urlTemplate":"https:\/\/spmaskiner.com\/de\/?s={search_term_string}"},"query-input":{"@type":"PropertyValueSpecification","valueRequired":true,"valueName":"search_term_string"}}],"inLanguage":"de"},{"@type":"Organization","@id":"https:\/\/spmaskiner.com\/de\/#organization","name":"SP Maskiner","url":"https:\/\/spmaskiner.com\/de\/","logo":{"@type":"ImageObject","inLanguage":"de","@id":"https:\/\/spmaskiner.com\/de\/#\/schema\/logo\/image\/","url":"https:\/\/spmaskiner.com\/wp-content\/uploads\/2021\/03\/spmaskiner-logotyp.png","contentUrl":"https:\/\/spmaskiner.com\/wp-content\/uploads\/2021\/03\/spmaskiner-logotyp.png","width":350,"height":65,"caption":"SP Maskiner"},"image":{"@id":"https:\/\/spmaskiner.com\/de\/#\/schema\/logo\/image\/"}}]}},"_links":{"self":[{"href":"https:\/\/spmaskiner.com\/de\/wp-json\/wp\/v2\/pages\/9716","targetHints":{"allow":["GET"]}}],"collection":[{"href":"https:\/\/spmaskiner.com\/de\/wp-json\/wp\/v2\/pages"}],"about":[{"href":"https:\/\/spmaskiner.com\/de\/wp-json\/wp\/v2\/types\/page"}],"author":[{"embeddable":true,"href":"https:\/\/spmaskiner.com\/de\/wp-json\/wp\/v2\/users\/2"}],"replies":[{"embeddable":true,"href":"https:\/\/spmaskiner.com\/de\/wp-json\/wp\/v2\/comments?post=9716"}],"version-history":[{"count":1,"href":"https:\/\/spmaskiner.com\/de\/wp-json\/wp\/v2\/pages\/9716\/revisions"}],"predecessor-version":[{"id":9717,"href":"https:\/\/spmaskiner.com\/de\/wp-json\/wp\/v2\/pages\/9716\/revisions\/9717"}],"up":[{"embeddable":true,"href":"https:\/\/spmaskiner.com\/de\/wp-json\/wp\/v2\/pages\/5204"}],"wp:attachment":[{"href":"https:\/\/spmaskiner.com\/de\/wp-json\/wp\/v2\/media?parent=9716"}],"curies":[{"name":"wp","href":"https:\/\/api.w.org\/{rel}","templated":true}]}}