{"id":9738,"date":"2022-10-25T07:52:28","date_gmt":"2022-10-25T05:52:28","guid":{"rendered":"https:\/\/spmaskiner.com\/kundenvorteile\/produktive-aggregate-fuer-bagger\/"},"modified":"2022-11-15T16:46:37","modified_gmt":"2022-11-15T15:46:37","slug":"produktive-aggregate-fuer-bagger","status":"publish","type":"page","link":"https:\/\/spmaskiner.com\/de\/kundenvorteile\/produktive-aggregate-fuer-bagger\/","title":{"rendered":"Produktive Aggregate f\u00fcr Bagger"},"content":{"rendered":"\t\t<div data-elementor-type=\"wp-page\" data-elementor-id=\"9738\" class=\"elementor elementor-9738 elementor-9557\" data-elementor-post-type=\"page\">\n\t\t\t\t\t\t<section class=\"elementor-section elementor-top-section elementor-element elementor-element-190c45f elementor-section-boxed elementor-section-height-default elementor-section-height-default\" data-id=\"190c45f\" data-element_type=\"section\" data-e-type=\"section\">\n\t\t\t\t\t\t<div class=\"elementor-container elementor-column-gap-default\">\n\t\t\t\t\t<div class=\"elementor-column elementor-col-100 elementor-top-column elementor-element elementor-element-380323b6\" data-id=\"380323b6\" data-element_type=\"column\" data-e-type=\"column\">\n\t\t\t<div class=\"elementor-widget-wrap elementor-element-populated\">\n\t\t\t\t\t\t<div class=\"elementor-element elementor-element-578343ec elementor-widget elementor-widget-heading\" data-id=\"578343ec\" data-element_type=\"widget\" data-e-type=\"widget\" data-widget_type=\"heading.default\">\n\t\t\t\t<div class=\"elementor-widget-container\">\n\t\t\t\t\t<h1 class=\"elementor-heading-title elementor-size-default\">Produktive Aggregate f\u00fcr Bagger<\/h1>\t\t\t\t<\/div>\n\t\t\t\t<\/div>\n\t\t\t\t<div class=\"elementor-element elementor-element-0ccd9c5 elementor-widget elementor-widget-text-editor\" data-id=\"0ccd9c5\" data-element_type=\"widget\" data-e-type=\"widget\" data-widget_type=\"text-editor.default\">\n\t\t\t\t<div class=\"elementor-widget-container\">\n\t\t\t\t\t\t\t\t\t<p>Mit einem Aggregat von SP verwandeln Sie Ihren Bagger ganz einfach in einen produktiven Harvester. Mit \u00fcber vierzig Jahren Erfahrung d\u00fcrfen wir uns zurecht als Experten f\u00fcr Aggregatinstallationen bezeichnen, die genau wissen, wie Sie aus Ihrer Maschine und Ihrem Aggregat das Optimum herausholen. Im Laufe der Jahre wurden SPs Aggregate weltweit an allen erdenklichen Baggermodellen und -marken installiert. Und wir sind stolz darauf, dass wir heute eine der f\u00fchrenden Marken am Weltmarkt sind. Unser Excavator Conversion Kit b\u00fcndelt unser umfassendes Wissen und unseren reichen Erfahrungsschatz in einer technischen Schritt-f\u00fcr-Schritt-Dokumentation, die es unseren H\u00e4ndlern und Kunden erm\u00f6glicht, die Installation schnell, einfach und reibungslos mit dem bestm\u00f6glichen Ergebnis durchzuf\u00fchren. Zudem k\u00f6nnen wir Ihnen als Kunden eine kostenlose Analyse anbieten, um den individuellen Bedarf zu ermitteln, mit dem Sie Ihre Produktion mithilfe unserer Aggregate am besten maximieren. Dank unseres Know-hows treffen Kunden mit SP immer eine zuverl\u00e4ssige Wahl. Alle SP-Aggregate werden nach unserem einzigartigen Low-Friction-Konzept entwickelt und zeichnen sich durch besonders hohe Leistung, Vorschubgeschwindigkeit sowie optimierten Kraftstoffverbrauch aus. Eine intelligente und effiziente Hydraulik mit minimalen Druckverlusten sorgt f\u00fcr eine hohe Energieeffizienz und minimiert die Gefahr einer System\u00fcberhitzung, was die Lebensdauer der Komponenten sowohl an der Maschine als auch am Aggregat erheblich verl\u00e4ngert.<\/p>\n<p>Hierdurch garantiert unser Konzept zudem extrem niedrige Wartungskosten, minimale Ausfallzeiten und g\u00fcnstige Gesamtbetriebskosten. Mit ihrer einzigartigen Hydraulik eignen sich die Harvesteraggregate von SP ideal f\u00fcr Baggerinstallationen und bieten Ihnen alles, was Sie ben\u00f6tigen, um eine produktive und rentable Holzernte zu gew\u00e4hrleisten \u2013 unabh\u00e4ngig von der Art und den Bedingungen Ihrer Holzernte.<\/p>\n\t\t\t\t\t\t\t\t<\/div>\n\t\t\t\t<\/div>\n\t\t\t\t<div class=\"elementor-element elementor-element-4c5a6be elementor-icon-list--layout-inline elementor-align-end elementor-list-item-link-full_width elementor-widget elementor-widget-icon-list\" data-id=\"4c5a6be\" data-element_type=\"widget\" data-e-type=\"widget\" data-widget_type=\"icon-list.default\">\n\t\t\t\t<div class=\"elementor-widget-container\">\n\t\t\t\t\t\t\t<ul class=\"elementor-icon-list-items elementor-inline-items\">\n\t\t\t\t\t\t\t<li class=\"elementor-icon-list-item elementor-inline-item\">\n\t\t\t\t\t\t\t\t\t\t\t<a href=\"https:\/\/spmaskiner.com\/wp-content\/uploads\/2022\/11\/productiveheadsforexcavators_De.pdf\" target=\"_blank\">\n\n\t\t\t\t\t\t\t\t\t\t\t\t<span class=\"elementor-icon-list-icon\">\n\t\t\t\t\t\t\t<i aria-hidden=\"true\" class=\"fas fa-file-pdf\"><\/i>\t\t\t\t\t\t<\/span>\n\t\t\t\t\t\t\t\t\t\t<span class=\"elementor-icon-list-text\">Brosch\u00fcre - Produktive Aggregate f\u00fcr Bagger<\/span>\n\t\t\t\t\t\t\t\t\t\t\t<\/a>\n\t\t\t\t\t\t\t\t\t<\/li>\n\t\t\t\t\t\t<\/ul>\n\t\t\t\t\t\t<\/div>\n\t\t\t\t<\/div>\n\t\t\t\t\t<\/div>\n\t\t<\/div>\n\t\t\t\t\t<\/div>\n\t\t<\/section>\n\t\t\t\t<section class=\"elementor-section elementor-top-section elementor-element elementor-element-bc4dae0 elementor-section-boxed elementor-section-height-default elementor-section-height-default\" data-id=\"bc4dae0\" data-element_type=\"section\" data-e-type=\"section\">\n\t\t\t\t\t\t<div class=\"elementor-container elementor-column-gap-default\">\n\t\t\t\t\t<div class=\"elementor-column elementor-col-33 elementor-top-column elementor-element elementor-element-7fd6320\" data-id=\"7fd6320\" data-element_type=\"column\" data-e-type=\"column\">\n\t\t\t<div class=\"elementor-widget-wrap elementor-element-populated\">\n\t\t\t\t\t\t<div class=\"elementor-element elementor-element-855dc69 elementor-widget elementor-widget-image\" data-id=\"855dc69\" data-element_type=\"widget\" data-e-type=\"widget\" data-widget_type=\"image.default\">\n\t\t\t\t<div class=\"elementor-widget-container\">\n\t\t\t\t\t\t\t\t\t\t\t\t\t\t\t<img loading=\"lazy\" decoding=\"async\" width=\"1024\" height=\"683\" src=\"https:\/\/spmaskiner.com\/wp-content\/uploads\/2022\/10\/174245968_4667029113323699_6238349744950711997_n.jpg\" class=\"attachment-large size-large wp-image-9561\" alt=\"Sk\u00f6rdaraggregat gr\u00e4vmaskin\" srcset=\"https:\/\/spmaskiner.com\/wp-content\/uploads\/2022\/10\/174245968_4667029113323699_6238349744950711997_n.jpg 1024w, https:\/\/spmaskiner.com\/wp-content\/uploads\/2022\/10\/174245968_4667029113323699_6238349744950711997_n-300x200.jpg 300w, https:\/\/spmaskiner.com\/wp-content\/uploads\/2022\/10\/174245968_4667029113323699_6238349744950711997_n-768x512.jpg 768w\" sizes=\"auto, (max-width: 1024px) 100vw, 1024px\" \/>\t\t\t\t\t\t\t\t\t\t\t\t\t\t\t<\/div>\n\t\t\t\t<\/div>\n\t\t\t\t\t<\/div>\n\t\t<\/div>\n\t\t\t\t<div class=\"elementor-column elementor-col-33 elementor-top-column elementor-element elementor-element-d0fff82\" data-id=\"d0fff82\" data-element_type=\"column\" data-e-type=\"column\">\n\t\t\t<div class=\"elementor-widget-wrap elementor-element-populated\">\n\t\t\t\t\t\t<div class=\"elementor-element elementor-element-624ab7f elementor-widget elementor-widget-image\" data-id=\"624ab7f\" data-element_type=\"widget\" data-e-type=\"widget\" data-widget_type=\"image.default\">\n\t\t\t\t<div class=\"elementor-widget-container\">\n\t\t\t\t\t\t\t\t\t\t\t\t\t\t\t<img loading=\"lazy\" decoding=\"async\" width=\"1024\" height=\"683\" src=\"https:\/\/spmaskiner.com\/wp-content\/uploads\/2022\/10\/IMG_1117-1024x683.jpg\" class=\"attachment-large size-large wp-image-9568\" alt=\"Sk\u00f6rdaraggregat gr\u00e4vmaskin\" srcset=\"https:\/\/spmaskiner.com\/wp-content\/uploads\/2022\/10\/IMG_1117-1024x683.jpg 1024w, https:\/\/spmaskiner.com\/wp-content\/uploads\/2022\/10\/IMG_1117-300x200.jpg 300w, https:\/\/spmaskiner.com\/wp-content\/uploads\/2022\/10\/IMG_1117-768x512.jpg 768w, https:\/\/spmaskiner.com\/wp-content\/uploads\/2022\/10\/IMG_1117-1536x1024.jpg 1536w, https:\/\/spmaskiner.com\/wp-content\/uploads\/2022\/10\/IMG_1117-2048x1365.jpg 2048w\" sizes=\"auto, (max-width: 1024px) 100vw, 1024px\" \/>\t\t\t\t\t\t\t\t\t\t\t\t\t\t\t<\/div>\n\t\t\t\t<\/div>\n\t\t\t\t\t<\/div>\n\t\t<\/div>\n\t\t\t\t<div class=\"elementor-column elementor-col-33 elementor-top-column elementor-element elementor-element-94195c7\" data-id=\"94195c7\" data-element_type=\"column\" data-e-type=\"column\">\n\t\t\t<div class=\"elementor-widget-wrap elementor-element-populated\">\n\t\t\t\t\t\t<div class=\"elementor-element elementor-element-f93ccbe elementor-widget elementor-widget-image\" data-id=\"f93ccbe\" data-element_type=\"widget\" data-e-type=\"widget\" data-widget_type=\"image.default\">\n\t\t\t\t<div class=\"elementor-widget-container\">\n\t\t\t\t\t\t\t\t\t\t\t\t\t\t\t<img loading=\"lazy\" decoding=\"async\" width=\"1024\" height=\"683\" src=\"https:\/\/spmaskiner.com\/wp-content\/uploads\/2022\/10\/IMG-20220107-WA0038-1024x683.jpg\" class=\"attachment-large size-large wp-image-9575\" alt=\"Sk\u00f6rdaraggregat gr\u00e4vmaskin\" srcset=\"https:\/\/spmaskiner.com\/wp-content\/uploads\/2022\/10\/IMG-20220107-WA0038-1024x683.jpg 1024w, https:\/\/spmaskiner.com\/wp-content\/uploads\/2022\/10\/IMG-20220107-WA0038-300x200.jpg 300w, https:\/\/spmaskiner.com\/wp-content\/uploads\/2022\/10\/IMG-20220107-WA0038-768x512.jpg 768w, https:\/\/spmaskiner.com\/wp-content\/uploads\/2022\/10\/IMG-20220107-WA0038-1536x1024.jpg 1536w, https:\/\/spmaskiner.com\/wp-content\/uploads\/2022\/10\/IMG-20220107-WA0038.jpg 1920w\" sizes=\"auto, (max-width: 1024px) 100vw, 1024px\" \/>\t\t\t\t\t\t\t\t\t\t\t\t\t\t\t<\/div>\n\t\t\t\t<\/div>\n\t\t\t\t\t<\/div>\n\t\t<\/div>\n\t\t\t\t\t<\/div>\n\t\t<\/section>\n\t\t\t\t<\/div>\n\t\t","protected":false},"excerpt":{"rendered":"<p>Produktive Aggregate f\u00fcr Bagger Mit einem Aggregat von SP verwandeln Sie Ihren Bagger ganz einfach in einen produktiven Harvester. Mit \u00fcber vierzig Jahren Erfahrung d\u00fcrfen wir uns zurecht als Experten f\u00fcr Aggregatinstallationen bezeichnen, die genau wissen, wie Sie aus Ihrer Maschine und Ihrem Aggregat das Optimum herausholen. Im Laufe der Jahre wurden SPs Aggregate weltweit [&hellip;]<\/p>\n","protected":false},"author":2,"featured_media":0,"parent":5204,"menu_order":194,"comment_status":"closed","ping_status":"closed","template":"elementor_header_footer","meta":{"_acf_changed":false,"site-sidebar-layout":"no-sidebar","site-content-layout":"page-builder","ast-site-content-layout":"default","site-content-style":"default","site-sidebar-style":"default","ast-global-header-display":"","ast-banner-title-visibility":"","ast-main-header-display":"","ast-hfb-above-header-display":"","ast-hfb-below-header-display":"","ast-hfb-mobile-header-display":"","site-post-title":"disabled","ast-breadcrumbs-content":"","ast-featured-img":"disabled","footer-sml-layout":"","ast-disable-related-posts":"","theme-transparent-header-meta":"default","adv-header-id-meta":"","stick-header-meta":"","header-above-stick-meta":"","header-main-stick-meta":"","header-below-stick-meta":"","astra-migrate-meta-layouts":"default","ast-page-background-enabled":"default","ast-page-background-meta":{"desktop":{"background-color":"","background-image":"","background-repeat":"repeat","background-position":"center center","background-size":"auto","background-attachment":"scroll","background-type":"","background-media":"","overlay-type":"","overlay-color":"","overlay-opacity":"","overlay-gradient":""},"tablet":{"background-color":"","background-image":"","background-repeat":"repeat","background-position":"center center","background-size":"auto","background-attachment":"scroll","background-type":"","background-media":"","overlay-type":"","overlay-color":"","overlay-opacity":"","overlay-gradient":""},"mobile":{"background-color":"","background-image":"","background-repeat":"repeat","background-position":"center center","background-size":"auto","background-attachment":"scroll","background-type":"","background-media":"","overlay-type":"","overlay-color":"","overlay-opacity":"","overlay-gradient":""}},"ast-content-background-meta":{"desktop":{"background-color":"var(--ast-global-color-5)","background-image":"","background-repeat":"repeat","background-position":"center center","background-size":"auto","background-attachment":"scroll","background-type":"","background-media":"","overlay-type":"","overlay-color":"","overlay-opacity":"","overlay-gradient":""},"tablet":{"background-color":"var(--ast-global-color-5)","background-image":"","background-repeat":"repeat","background-position":"center center","background-size":"auto","background-attachment":"scroll","background-type":"","background-media":"","overlay-type":"","overlay-color":"","overlay-opacity":"","overlay-gradient":""},"mobile":{"background-color":"var(--ast-global-color-5)","background-image":"","background-repeat":"repeat","background-position":"center center","background-size":"auto","background-attachment":"scroll","background-type":"","background-media":"","overlay-type":"","overlay-color":"","overlay-opacity":"","overlay-gradient":""}},"footnotes":""},"class_list":["post-9738","page","type-page","status-publish","hentry"],"acf":[],"yoast_head":"<!-- This site is optimized with the Yoast SEO plugin v26.9 - https:\/\/yoast.com\/product\/yoast-seo-wordpress\/ -->\n<title>Produktive Aggregate f\u00fcr Bagger - SP Maskiner<\/title>\n<meta name=\"robots\" content=\"index, follow, max-snippet:-1, max-image-preview:large, max-video-preview:-1\" \/>\n<link rel=\"canonical\" href=\"https:\/\/spmaskiner.com\/de\/kundenvorteile\/produktive-aggregate-fuer-bagger\/\" \/>\n<meta property=\"og:locale\" content=\"de_DE\" \/>\n<meta property=\"og:type\" content=\"article\" \/>\n<meta property=\"og:title\" content=\"Produktive Aggregate f\u00fcr Bagger - SP Maskiner\" \/>\n<meta property=\"og:description\" content=\"Produktive Aggregate f\u00fcr Bagger Mit einem Aggregat von SP verwandeln Sie Ihren Bagger ganz einfach in einen produktiven Harvester. Mit \u00fcber vierzig Jahren Erfahrung d\u00fcrfen wir uns zurecht als Experten f\u00fcr Aggregatinstallationen bezeichnen, die genau wissen, wie Sie aus Ihrer Maschine und Ihrem Aggregat das Optimum herausholen. Im Laufe der Jahre wurden SPs Aggregate weltweit [&hellip;]\" \/>\n<meta property=\"og:url\" content=\"https:\/\/spmaskiner.com\/de\/kundenvorteile\/produktive-aggregate-fuer-bagger\/\" \/>\n<meta property=\"og:site_name\" content=\"SP Maskiner\" \/>\n<meta property=\"article:modified_time\" content=\"2022-11-15T15:46:37+00:00\" \/>\n<meta property=\"og:image\" content=\"https:\/\/spmaskiner.com\/wp-content\/uploads\/2022\/10\/174245968_4667029113323699_6238349744950711997_n.jpg\" \/>\n\t<meta property=\"og:image:width\" content=\"1024\" \/>\n\t<meta property=\"og:image:height\" content=\"683\" \/>\n\t<meta property=\"og:image:type\" content=\"image\/jpeg\" \/>\n<meta name=\"twitter:card\" content=\"summary_large_image\" \/>\n<script type=\"application\/ld+json\" class=\"yoast-schema-graph\">{\"@context\":\"https:\/\/schema.org\",\"@graph\":[{\"@type\":\"WebPage\",\"@id\":\"https:\/\/spmaskiner.com\/de\/kundenvorteile\/produktive-aggregate-fuer-bagger\/\",\"url\":\"https:\/\/spmaskiner.com\/de\/kundenvorteile\/produktive-aggregate-fuer-bagger\/\",\"name\":\"Produktive Aggregate f\u00fcr Bagger - SP Maskiner\",\"isPartOf\":{\"@id\":\"https:\/\/spmaskiner.com\/de\/#website\"},\"primaryImageOfPage\":{\"@id\":\"https:\/\/spmaskiner.com\/de\/kundenvorteile\/produktive-aggregate-fuer-bagger\/#primaryimage\"},\"image\":{\"@id\":\"https:\/\/spmaskiner.com\/de\/kundenvorteile\/produktive-aggregate-fuer-bagger\/#primaryimage\"},\"thumbnailUrl\":\"https:\/\/spmaskiner.com\/wp-content\/uploads\/2022\/10\/174245968_4667029113323699_6238349744950711997_n.jpg\",\"datePublished\":\"2022-10-25T05:52:28+00:00\",\"dateModified\":\"2022-11-15T15:46:37+00:00\",\"breadcrumb\":{\"@id\":\"https:\/\/spmaskiner.com\/de\/kundenvorteile\/produktive-aggregate-fuer-bagger\/#breadcrumb\"},\"inLanguage\":\"de\",\"potentialAction\":[{\"@type\":\"ReadAction\",\"target\":[\"https:\/\/spmaskiner.com\/de\/kundenvorteile\/produktive-aggregate-fuer-bagger\/\"]}]},{\"@type\":\"ImageObject\",\"inLanguage\":\"de\",\"@id\":\"https:\/\/spmaskiner.com\/de\/kundenvorteile\/produktive-aggregate-fuer-bagger\/#primaryimage\",\"url\":\"https:\/\/spmaskiner.com\/wp-content\/uploads\/2022\/10\/174245968_4667029113323699_6238349744950711997_n.jpg\",\"contentUrl\":\"https:\/\/spmaskiner.com\/wp-content\/uploads\/2022\/10\/174245968_4667029113323699_6238349744950711997_n.jpg\"},{\"@type\":\"BreadcrumbList\",\"@id\":\"https:\/\/spmaskiner.com\/de\/kundenvorteile\/produktive-aggregate-fuer-bagger\/#breadcrumb\",\"itemListElement\":[{\"@type\":\"ListItem\",\"position\":1,\"name\":\"Home\",\"item\":\"https:\/\/spmaskiner.com\/de\/\"},{\"@type\":\"ListItem\",\"position\":2,\"name\":\"Kundennutzen\",\"item\":\"https:\/\/spmaskiner.com\/de\/kundenvorteile\/\"},{\"@type\":\"ListItem\",\"position\":3,\"name\":\"Produktive Aggregate f\u00fcr Bagger\"}]},{\"@type\":\"WebSite\",\"@id\":\"https:\/\/spmaskiner.com\/de\/#website\",\"url\":\"https:\/\/spmaskiner.com\/de\/\",\"name\":\"SP Maskiner\",\"description\":\"Always ahead\",\"publisher\":{\"@id\":\"https:\/\/spmaskiner.com\/de\/#organization\"},\"potentialAction\":[{\"@type\":\"SearchAction\",\"target\":{\"@type\":\"EntryPoint\",\"urlTemplate\":\"https:\/\/spmaskiner.com\/de\/?s={search_term_string}\"},\"query-input\":{\"@type\":\"PropertyValueSpecification\",\"valueRequired\":true,\"valueName\":\"search_term_string\"}}],\"inLanguage\":\"de\"},{\"@type\":\"Organization\",\"@id\":\"https:\/\/spmaskiner.com\/de\/#organization\",\"name\":\"SP Maskiner\",\"url\":\"https:\/\/spmaskiner.com\/de\/\",\"logo\":{\"@type\":\"ImageObject\",\"inLanguage\":\"de\",\"@id\":\"https:\/\/spmaskiner.com\/de\/#\/schema\/logo\/image\/\",\"url\":\"https:\/\/spmaskiner.com\/wp-content\/uploads\/2021\/03\/spmaskiner-logotyp.png\",\"contentUrl\":\"https:\/\/spmaskiner.com\/wp-content\/uploads\/2021\/03\/spmaskiner-logotyp.png\",\"width\":350,\"height\":65,\"caption\":\"SP Maskiner\"},\"image\":{\"@id\":\"https:\/\/spmaskiner.com\/de\/#\/schema\/logo\/image\/\"}}]}<\/script>\n<!-- \/ Yoast SEO plugin. -->","yoast_head_json":{"title":"Produktive Aggregate f\u00fcr Bagger - SP Maskiner","robots":{"index":"index","follow":"follow","max-snippet":"max-snippet:-1","max-image-preview":"max-image-preview:large","max-video-preview":"max-video-preview:-1"},"canonical":"https:\/\/spmaskiner.com\/de\/kundenvorteile\/produktive-aggregate-fuer-bagger\/","og_locale":"de_DE","og_type":"article","og_title":"Produktive Aggregate f\u00fcr Bagger - SP Maskiner","og_description":"Produktive Aggregate f\u00fcr Bagger Mit einem Aggregat von SP verwandeln Sie Ihren Bagger ganz einfach in einen produktiven Harvester. Mit \u00fcber vierzig Jahren Erfahrung d\u00fcrfen wir uns zurecht als Experten f\u00fcr Aggregatinstallationen bezeichnen, die genau wissen, wie Sie aus Ihrer Maschine und Ihrem Aggregat das Optimum herausholen. Im Laufe der Jahre wurden SPs Aggregate weltweit [&hellip;]","og_url":"https:\/\/spmaskiner.com\/de\/kundenvorteile\/produktive-aggregate-fuer-bagger\/","og_site_name":"SP Maskiner","article_modified_time":"2022-11-15T15:46:37+00:00","og_image":[{"width":1024,"height":683,"url":"https:\/\/spmaskiner.com\/wp-content\/uploads\/2022\/10\/174245968_4667029113323699_6238349744950711997_n.jpg","type":"image\/jpeg"}],"twitter_card":"summary_large_image","schema":{"@context":"https:\/\/schema.org","@graph":[{"@type":"WebPage","@id":"https:\/\/spmaskiner.com\/de\/kundenvorteile\/produktive-aggregate-fuer-bagger\/","url":"https:\/\/spmaskiner.com\/de\/kundenvorteile\/produktive-aggregate-fuer-bagger\/","name":"Produktive Aggregate f\u00fcr Bagger - SP Maskiner","isPartOf":{"@id":"https:\/\/spmaskiner.com\/de\/#website"},"primaryImageOfPage":{"@id":"https:\/\/spmaskiner.com\/de\/kundenvorteile\/produktive-aggregate-fuer-bagger\/#primaryimage"},"image":{"@id":"https:\/\/spmaskiner.com\/de\/kundenvorteile\/produktive-aggregate-fuer-bagger\/#primaryimage"},"thumbnailUrl":"https:\/\/spmaskiner.com\/wp-content\/uploads\/2022\/10\/174245968_4667029113323699_6238349744950711997_n.jpg","datePublished":"2022-10-25T05:52:28+00:00","dateModified":"2022-11-15T15:46:37+00:00","breadcrumb":{"@id":"https:\/\/spmaskiner.com\/de\/kundenvorteile\/produktive-aggregate-fuer-bagger\/#breadcrumb"},"inLanguage":"de","potentialAction":[{"@type":"ReadAction","target":["https:\/\/spmaskiner.com\/de\/kundenvorteile\/produktive-aggregate-fuer-bagger\/"]}]},{"@type":"ImageObject","inLanguage":"de","@id":"https:\/\/spmaskiner.com\/de\/kundenvorteile\/produktive-aggregate-fuer-bagger\/#primaryimage","url":"https:\/\/spmaskiner.com\/wp-content\/uploads\/2022\/10\/174245968_4667029113323699_6238349744950711997_n.jpg","contentUrl":"https:\/\/spmaskiner.com\/wp-content\/uploads\/2022\/10\/174245968_4667029113323699_6238349744950711997_n.jpg"},{"@type":"BreadcrumbList","@id":"https:\/\/spmaskiner.com\/de\/kundenvorteile\/produktive-aggregate-fuer-bagger\/#breadcrumb","itemListElement":[{"@type":"ListItem","position":1,"name":"Home","item":"https:\/\/spmaskiner.com\/de\/"},{"@type":"ListItem","position":2,"name":"Kundennutzen","item":"https:\/\/spmaskiner.com\/de\/kundenvorteile\/"},{"@type":"ListItem","position":3,"name":"Produktive Aggregate f\u00fcr Bagger"}]},{"@type":"WebSite","@id":"https:\/\/spmaskiner.com\/de\/#website","url":"https:\/\/spmaskiner.com\/de\/","name":"SP Maskiner","description":"Always ahead","publisher":{"@id":"https:\/\/spmaskiner.com\/de\/#organization"},"potentialAction":[{"@type":"SearchAction","target":{"@type":"EntryPoint","urlTemplate":"https:\/\/spmaskiner.com\/de\/?s={search_term_string}"},"query-input":{"@type":"PropertyValueSpecification","valueRequired":true,"valueName":"search_term_string"}}],"inLanguage":"de"},{"@type":"Organization","@id":"https:\/\/spmaskiner.com\/de\/#organization","name":"SP Maskiner","url":"https:\/\/spmaskiner.com\/de\/","logo":{"@type":"ImageObject","inLanguage":"de","@id":"https:\/\/spmaskiner.com\/de\/#\/schema\/logo\/image\/","url":"https:\/\/spmaskiner.com\/wp-content\/uploads\/2021\/03\/spmaskiner-logotyp.png","contentUrl":"https:\/\/spmaskiner.com\/wp-content\/uploads\/2021\/03\/spmaskiner-logotyp.png","width":350,"height":65,"caption":"SP Maskiner"},"image":{"@id":"https:\/\/spmaskiner.com\/de\/#\/schema\/logo\/image\/"}}]}},"_links":{"self":[{"href":"https:\/\/spmaskiner.com\/de\/wp-json\/wp\/v2\/pages\/9738","targetHints":{"allow":["GET"]}}],"collection":[{"href":"https:\/\/spmaskiner.com\/de\/wp-json\/wp\/v2\/pages"}],"about":[{"href":"https:\/\/spmaskiner.com\/de\/wp-json\/wp\/v2\/types\/page"}],"author":[{"embeddable":true,"href":"https:\/\/spmaskiner.com\/de\/wp-json\/wp\/v2\/users\/2"}],"replies":[{"embeddable":true,"href":"https:\/\/spmaskiner.com\/de\/wp-json\/wp\/v2\/comments?post=9738"}],"version-history":[{"count":1,"href":"https:\/\/spmaskiner.com\/de\/wp-json\/wp\/v2\/pages\/9738\/revisions"}],"predecessor-version":[{"id":9739,"href":"https:\/\/spmaskiner.com\/de\/wp-json\/wp\/v2\/pages\/9738\/revisions\/9739"}],"up":[{"embeddable":true,"href":"https:\/\/spmaskiner.com\/de\/wp-json\/wp\/v2\/pages\/5204"}],"wp:attachment":[{"href":"https:\/\/spmaskiner.com\/de\/wp-json\/wp\/v2\/media?parent=9738"}],"curies":[{"name":"wp","href":"https:\/\/api.w.org\/{rel}","templated":true}]}}