{"id":9762,"date":"2022-04-21T14:11:52","date_gmt":"2022-04-21T12:11:52","guid":{"rendered":"https:\/\/spmaskiner.com\/kundenvorteile\/hochwertige-fertigung\/"},"modified":"2022-11-15T16:57:39","modified_gmt":"2022-11-15T15:57:39","slug":"hochwertige-fertigung","status":"publish","type":"page","link":"https:\/\/spmaskiner.com\/de\/kundenvorteile\/hochwertige-fertigung\/","title":{"rendered":"Hochwertige Fertigung"},"content":{"rendered":"\t\t<div data-elementor-type=\"wp-page\" data-elementor-id=\"9762\" class=\"elementor elementor-9762 elementor-7225\" data-elementor-post-type=\"page\">\n\t\t\t\t\t\t<section class=\"elementor-section elementor-top-section elementor-element elementor-element-190c45f elementor-section-boxed elementor-section-height-default elementor-section-height-default\" data-id=\"190c45f\" data-element_type=\"section\" data-e-type=\"section\">\n\t\t\t\t\t\t<div class=\"elementor-container elementor-column-gap-default\">\n\t\t\t\t\t<div class=\"elementor-column elementor-col-100 elementor-top-column elementor-element elementor-element-380323b6\" data-id=\"380323b6\" data-element_type=\"column\" data-e-type=\"column\">\n\t\t\t<div class=\"elementor-widget-wrap elementor-element-populated\">\n\t\t\t\t\t\t<div class=\"elementor-element elementor-element-578343ec elementor-widget elementor-widget-heading\" data-id=\"578343ec\" data-element_type=\"widget\" data-e-type=\"widget\" data-widget_type=\"heading.default\">\n\t\t\t\t<div class=\"elementor-widget-container\">\n\t\t\t\t\t<h1 class=\"elementor-heading-title elementor-size-default\">Hochwertige Fertigung<\/h1>\t\t\t\t<\/div>\n\t\t\t\t<\/div>\n\t\t\t\t<div class=\"elementor-element elementor-element-0ccd9c5 elementor-widget elementor-widget-text-editor\" data-id=\"0ccd9c5\" data-element_type=\"widget\" data-e-type=\"widget\" data-widget_type=\"text-editor.default\">\n\t\t\t\t<div class=\"elementor-widget-container\">\n\t\t\t\t\t\t\t\t\t<p><strong>Hochwertige Fertigung von Anfang bis Ende<\/strong><\/p>\n<p>Hier bei SP Maskiner dreht sich alles um Qualit\u00e4t, und jedes Aggregat, das unser Werk verl\u00e4sst, ist das Ergebnis von fundierter Kompetenz und einer gro\u00dfen Portion fachlichem Stolz. Dank der Liebe zum Detail auf jeder Stufe unseres Prozesses \u2013 von der Materialwahl \u00fcber die Konstruktion bis hin zum Schwei\u00dfen und der Endkontrolle \u2013 sind wir uns sicher, dass jedes Aggregat bei der Lieferung einwandfrei funktioniert und dass Installation und Inbetriebnahme reibungslos verlaufen.<\/p>\n<p>Jeder Bestandteil des Aggregats wird sorgf\u00e4ltig ausgew\u00e4hlt um sicherzustellen, dass alles \u2013 vom Werkstoff f\u00fcr den Rahmen bis hin zu den Komponenten wie Hydraulikventile, Zylinder, Sensoren und Entastungsmesser \u2013 von h\u00f6chster Qualit\u00e4t ist. Aufgrund unserer langj\u00e4hrigen Erfahrung und Kompetenz im Bereich der Aggregatfertigung haben wir uns entschieden, weitgehend mit Gussteilen zu arbeiten, z.\u00a0B. f\u00fcr die Rahmen und Messer. Denn wir wissen, dass dies robuste und langlebige Aggregate zum Ergebnis hat. Der Einsatz von Gussteilen macht SPs Ansatz bei der Aggregatfertigung zu etwas Einzigartigem \u2013 ebenso wie unsere Liebe zum Detail auf jeder Fertigungsstufe. Die Kombination aus sorgf\u00e4ltig ausgew\u00e4hlten Komponenten und \u00e4u\u00dferster Pr\u00e4zision bei s\u00e4mtlichen Schwei\u00dfarbeiten gew\u00e4hrleistet Aggregate mit maximaler Lebensdauer und minimaler Rahmenwartung. Aufgrund unserer hohen Wertsch\u00e4tzung f\u00fcr den Verarbeitungsprozess wenden wir grunds\u00e4tzlich ein kontrolliertes Verfahren an, um jedes Mal perfekte Ergebnisse zu gew\u00e4hrleisten.<\/p>\n<p>Kein Aggregat verl\u00e4sst unser Werk, ohne vorher unser gr\u00fcndliches Kontrollprogramm \u201eSP Quality Assurance\u201c durchlaufen zu haben.<br \/>\nDieses Protokoll beschreibt detailliert, was zu pr\u00fcfen ist und welche Kontrollen durchzuf\u00fchren sind um sicherzustellen, dass alle Funktionen vor der Auslieferung \u00fcberpr\u00fcft werden \u2013 und nichts dem Zufall \u00fcberlassen wird.<\/p>\n<p>Als Aggregathersteller stellen wir hohe Anforderungen an uns selbst und sind stolz darauf, dass unsere Kunden bei der Auswahl eines Aggregats von SP immer die beste Qualit\u00e4t erwarten k\u00f6nnen.<\/p>\n\t\t\t\t\t\t\t\t<\/div>\n\t\t\t\t<\/div>\n\t\t\t\t<div class=\"elementor-element elementor-element-4c5a6be elementor-icon-list--layout-inline elementor-align-end elementor-list-item-link-full_width elementor-widget elementor-widget-icon-list\" data-id=\"4c5a6be\" data-element_type=\"widget\" data-e-type=\"widget\" data-widget_type=\"icon-list.default\">\n\t\t\t\t<div class=\"elementor-widget-container\">\n\t\t\t\t\t\t\t<ul class=\"elementor-icon-list-items elementor-inline-items\">\n\t\t\t\t\t\t\t<li class=\"elementor-icon-list-item elementor-inline-item\">\n\t\t\t\t\t\t\t\t\t\t\t<a href=\"https:\/\/spmaskiner.com\/wp-content\/uploads\/2022\/11\/qualitymanufacturing_De.pdf\">\n\n\t\t\t\t\t\t\t\t\t\t\t\t<span class=\"elementor-icon-list-icon\">\n\t\t\t\t\t\t\t<i aria-hidden=\"true\" class=\"fas fa-file-pdf\"><\/i>\t\t\t\t\t\t<\/span>\n\t\t\t\t\t\t\t\t\t\t<span class=\"elementor-icon-list-text\">Brosch\u00fcre - Hochwertige Fertigung<\/span>\n\t\t\t\t\t\t\t\t\t\t\t<\/a>\n\t\t\t\t\t\t\t\t\t<\/li>\n\t\t\t\t\t\t<\/ul>\n\t\t\t\t\t\t<\/div>\n\t\t\t\t<\/div>\n\t\t\t\t\t<\/div>\n\t\t<\/div>\n\t\t\t\t\t<\/div>\n\t\t<\/section>\n\t\t\t\t<section class=\"elementor-section elementor-top-section elementor-element elementor-element-0862548 elementor-section-boxed elementor-section-height-default elementor-section-height-default\" data-id=\"0862548\" data-element_type=\"section\" data-e-type=\"section\">\n\t\t\t\t\t\t<div class=\"elementor-container elementor-column-gap-default\">\n\t\t\t\t\t<div class=\"elementor-column elementor-col-100 elementor-top-column elementor-element elementor-element-cd8c7cf\" data-id=\"cd8c7cf\" data-element_type=\"column\" data-e-type=\"column\">\n\t\t\t<div class=\"elementor-widget-wrap elementor-element-populated\">\n\t\t\t\t\t\t<div class=\"elementor-element elementor-element-07841ae elementor-widget elementor-widget-image\" data-id=\"07841ae\" data-element_type=\"widget\" data-e-type=\"widget\" data-widget_type=\"image.default\">\n\t\t\t\t<div class=\"elementor-widget-container\">\n\t\t\t\t\t\t\t\t\t\t\t\t\t\t\t<img loading=\"lazy\" decoding=\"async\" width=\"1024\" height=\"683\" src=\"https:\/\/spmaskiner.com\/wp-content\/uploads\/2022\/04\/DSC05966-1024x683.jpg\" class=\"attachment-large size-large wp-image-7229\" alt=\"Tillverkningskvalitet\" srcset=\"https:\/\/spmaskiner.com\/wp-content\/uploads\/2022\/04\/DSC05966-1024x683.jpg 1024w, https:\/\/spmaskiner.com\/wp-content\/uploads\/2022\/04\/DSC05966-300x200.jpg 300w, https:\/\/spmaskiner.com\/wp-content\/uploads\/2022\/04\/DSC05966-768x512.jpg 768w, https:\/\/spmaskiner.com\/wp-content\/uploads\/2022\/04\/DSC05966-1536x1024.jpg 1536w, https:\/\/spmaskiner.com\/wp-content\/uploads\/2022\/04\/DSC05966-2048x1366.jpg 2048w\" sizes=\"auto, (max-width: 1024px) 100vw, 1024px\" \/>\t\t\t\t\t\t\t\t\t\t\t\t\t\t\t<\/div>\n\t\t\t\t<\/div>\n\t\t\t\t\t<\/div>\n\t\t<\/div>\n\t\t\t\t\t<\/div>\n\t\t<\/section>\n\t\t\t\t<\/div>\n\t\t","protected":false},"excerpt":{"rendered":"<p>Hochwertige Fertigung Hochwertige Fertigung von Anfang bis Ende Hier bei SP Maskiner dreht sich alles um Qualit\u00e4t, und jedes Aggregat, das unser Werk verl\u00e4sst, ist das Ergebnis von fundierter Kompetenz und einer gro\u00dfen Portion fachlichem Stolz. Dank der Liebe zum Detail auf jeder Stufe unseres Prozesses \u2013 von der Materialwahl \u00fcber die Konstruktion bis hin [&hellip;]<\/p>\n","protected":false},"author":2,"featured_media":0,"parent":5204,"menu_order":138,"comment_status":"closed","ping_status":"closed","template":"elementor_header_footer","meta":{"_acf_changed":false,"site-sidebar-layout":"no-sidebar","site-content-layout":"page-builder","ast-site-content-layout":"default","site-content-style":"default","site-sidebar-style":"default","ast-global-header-display":"","ast-banner-title-visibility":"","ast-main-header-display":"","ast-hfb-above-header-display":"","ast-hfb-below-header-display":"","ast-hfb-mobile-header-display":"","site-post-title":"disabled","ast-breadcrumbs-content":"","ast-featured-img":"disabled","footer-sml-layout":"","ast-disable-related-posts":"","theme-transparent-header-meta":"default","adv-header-id-meta":"","stick-header-meta":"","header-above-stick-meta":"","header-main-stick-meta":"","header-below-stick-meta":"","astra-migrate-meta-layouts":"default","ast-page-background-enabled":"default","ast-page-background-meta":{"desktop":{"background-color":"","background-image":"","background-repeat":"repeat","background-position":"center center","background-size":"auto","background-attachment":"scroll","background-type":"","background-media":"","overlay-type":"","overlay-color":"","overlay-opacity":"","overlay-gradient":""},"tablet":{"background-color":"","background-image":"","background-repeat":"repeat","background-position":"center center","background-size":"auto","background-attachment":"scroll","background-type":"","background-media":"","overlay-type":"","overlay-color":"","overlay-opacity":"","overlay-gradient":""},"mobile":{"background-color":"","background-image":"","background-repeat":"repeat","background-position":"center center","background-size":"auto","background-attachment":"scroll","background-type":"","background-media":"","overlay-type":"","overlay-color":"","overlay-opacity":"","overlay-gradient":""}},"ast-content-background-meta":{"desktop":{"background-color":"var(--ast-global-color-5)","background-image":"","background-repeat":"repeat","background-position":"center center","background-size":"auto","background-attachment":"scroll","background-type":"","background-media":"","overlay-type":"","overlay-color":"","overlay-opacity":"","overlay-gradient":""},"tablet":{"background-color":"var(--ast-global-color-5)","background-image":"","background-repeat":"repeat","background-position":"center center","background-size":"auto","background-attachment":"scroll","background-type":"","background-media":"","overlay-type":"","overlay-color":"","overlay-opacity":"","overlay-gradient":""},"mobile":{"background-color":"var(--ast-global-color-5)","background-image":"","background-repeat":"repeat","background-position":"center center","background-size":"auto","background-attachment":"scroll","background-type":"","background-media":"","overlay-type":"","overlay-color":"","overlay-opacity":"","overlay-gradient":""}},"footnotes":""},"class_list":["post-9762","page","type-page","status-publish","hentry"],"acf":[],"yoast_head":"<!-- This site is optimized with the Yoast SEO plugin v26.9 - https:\/\/yoast.com\/product\/yoast-seo-wordpress\/ -->\n<title>Hochwertige Fertigung - SP Maskiner<\/title>\n<meta name=\"robots\" content=\"index, follow, max-snippet:-1, max-image-preview:large, max-video-preview:-1\" \/>\n<link rel=\"canonical\" href=\"https:\/\/spmaskiner.com\/de\/kundenvorteile\/hochwertige-fertigung\/\" \/>\n<meta property=\"og:locale\" content=\"de_DE\" \/>\n<meta property=\"og:type\" content=\"article\" \/>\n<meta property=\"og:title\" content=\"Hochwertige Fertigung - SP Maskiner\" \/>\n<meta property=\"og:description\" content=\"Hochwertige Fertigung Hochwertige Fertigung von Anfang bis Ende Hier bei SP Maskiner dreht sich alles um Qualit\u00e4t, und jedes Aggregat, das unser Werk verl\u00e4sst, ist das Ergebnis von fundierter Kompetenz und einer gro\u00dfen Portion fachlichem Stolz. Dank der Liebe zum Detail auf jeder Stufe unseres Prozesses \u2013 von der Materialwahl \u00fcber die Konstruktion bis hin [&hellip;]\" \/>\n<meta property=\"og:url\" content=\"https:\/\/spmaskiner.com\/de\/kundenvorteile\/hochwertige-fertigung\/\" \/>\n<meta property=\"og:site_name\" content=\"SP Maskiner\" \/>\n<meta property=\"article:modified_time\" content=\"2022-11-15T15:57:39+00:00\" \/>\n<meta property=\"og:image\" content=\"https:\/\/spmaskiner.com\/wp-content\/uploads\/2022\/04\/DSC05966-scaled.jpg\" \/>\n\t<meta property=\"og:image:width\" content=\"2560\" \/>\n\t<meta property=\"og:image:height\" content=\"1707\" \/>\n\t<meta property=\"og:image:type\" content=\"image\/jpeg\" \/>\n<meta name=\"twitter:card\" content=\"summary_large_image\" \/>\n<script type=\"application\/ld+json\" class=\"yoast-schema-graph\">{\"@context\":\"https:\/\/schema.org\",\"@graph\":[{\"@type\":\"WebPage\",\"@id\":\"https:\/\/spmaskiner.com\/de\/kundenvorteile\/hochwertige-fertigung\/\",\"url\":\"https:\/\/spmaskiner.com\/de\/kundenvorteile\/hochwertige-fertigung\/\",\"name\":\"Hochwertige Fertigung - SP Maskiner\",\"isPartOf\":{\"@id\":\"https:\/\/spmaskiner.com\/de\/#website\"},\"primaryImageOfPage\":{\"@id\":\"https:\/\/spmaskiner.com\/de\/kundenvorteile\/hochwertige-fertigung\/#primaryimage\"},\"image\":{\"@id\":\"https:\/\/spmaskiner.com\/de\/kundenvorteile\/hochwertige-fertigung\/#primaryimage\"},\"thumbnailUrl\":\"https:\/\/spmaskiner.com\/wp-content\/uploads\/2022\/04\/DSC05966-1024x683.jpg\",\"datePublished\":\"2022-04-21T12:11:52+00:00\",\"dateModified\":\"2022-11-15T15:57:39+00:00\",\"breadcrumb\":{\"@id\":\"https:\/\/spmaskiner.com\/de\/kundenvorteile\/hochwertige-fertigung\/#breadcrumb\"},\"inLanguage\":\"de\",\"potentialAction\":[{\"@type\":\"ReadAction\",\"target\":[\"https:\/\/spmaskiner.com\/de\/kundenvorteile\/hochwertige-fertigung\/\"]}]},{\"@type\":\"ImageObject\",\"inLanguage\":\"de\",\"@id\":\"https:\/\/spmaskiner.com\/de\/kundenvorteile\/hochwertige-fertigung\/#primaryimage\",\"url\":\"https:\/\/spmaskiner.com\/wp-content\/uploads\/2022\/04\/DSC05966-1024x683.jpg\",\"contentUrl\":\"https:\/\/spmaskiner.com\/wp-content\/uploads\/2022\/04\/DSC05966-1024x683.jpg\"},{\"@type\":\"BreadcrumbList\",\"@id\":\"https:\/\/spmaskiner.com\/de\/kundenvorteile\/hochwertige-fertigung\/#breadcrumb\",\"itemListElement\":[{\"@type\":\"ListItem\",\"position\":1,\"name\":\"Home\",\"item\":\"https:\/\/spmaskiner.com\/de\/\"},{\"@type\":\"ListItem\",\"position\":2,\"name\":\"Kundennutzen\",\"item\":\"https:\/\/spmaskiner.com\/de\/kundenvorteile\/\"},{\"@type\":\"ListItem\",\"position\":3,\"name\":\"Hochwertige Fertigung\"}]},{\"@type\":\"WebSite\",\"@id\":\"https:\/\/spmaskiner.com\/de\/#website\",\"url\":\"https:\/\/spmaskiner.com\/de\/\",\"name\":\"SP Maskiner\",\"description\":\"Always ahead\",\"publisher\":{\"@id\":\"https:\/\/spmaskiner.com\/de\/#organization\"},\"potentialAction\":[{\"@type\":\"SearchAction\",\"target\":{\"@type\":\"EntryPoint\",\"urlTemplate\":\"https:\/\/spmaskiner.com\/de\/?s={search_term_string}\"},\"query-input\":{\"@type\":\"PropertyValueSpecification\",\"valueRequired\":true,\"valueName\":\"search_term_string\"}}],\"inLanguage\":\"de\"},{\"@type\":\"Organization\",\"@id\":\"https:\/\/spmaskiner.com\/de\/#organization\",\"name\":\"SP Maskiner\",\"url\":\"https:\/\/spmaskiner.com\/de\/\",\"logo\":{\"@type\":\"ImageObject\",\"inLanguage\":\"de\",\"@id\":\"https:\/\/spmaskiner.com\/de\/#\/schema\/logo\/image\/\",\"url\":\"https:\/\/spmaskiner.com\/wp-content\/uploads\/2021\/03\/spmaskiner-logotyp.png\",\"contentUrl\":\"https:\/\/spmaskiner.com\/wp-content\/uploads\/2021\/03\/spmaskiner-logotyp.png\",\"width\":350,\"height\":65,\"caption\":\"SP Maskiner\"},\"image\":{\"@id\":\"https:\/\/spmaskiner.com\/de\/#\/schema\/logo\/image\/\"}}]}<\/script>\n<!-- \/ Yoast SEO plugin. -->","yoast_head_json":{"title":"Hochwertige Fertigung - SP Maskiner","robots":{"index":"index","follow":"follow","max-snippet":"max-snippet:-1","max-image-preview":"max-image-preview:large","max-video-preview":"max-video-preview:-1"},"canonical":"https:\/\/spmaskiner.com\/de\/kundenvorteile\/hochwertige-fertigung\/","og_locale":"de_DE","og_type":"article","og_title":"Hochwertige Fertigung - SP Maskiner","og_description":"Hochwertige Fertigung Hochwertige Fertigung von Anfang bis Ende Hier bei SP Maskiner dreht sich alles um Qualit\u00e4t, und jedes Aggregat, das unser Werk verl\u00e4sst, ist das Ergebnis von fundierter Kompetenz und einer gro\u00dfen Portion fachlichem Stolz. Dank der Liebe zum Detail auf jeder Stufe unseres Prozesses \u2013 von der Materialwahl \u00fcber die Konstruktion bis hin [&hellip;]","og_url":"https:\/\/spmaskiner.com\/de\/kundenvorteile\/hochwertige-fertigung\/","og_site_name":"SP Maskiner","article_modified_time":"2022-11-15T15:57:39+00:00","og_image":[{"width":2560,"height":1707,"url":"https:\/\/spmaskiner.com\/wp-content\/uploads\/2022\/04\/DSC05966-scaled.jpg","type":"image\/jpeg"}],"twitter_card":"summary_large_image","schema":{"@context":"https:\/\/schema.org","@graph":[{"@type":"WebPage","@id":"https:\/\/spmaskiner.com\/de\/kundenvorteile\/hochwertige-fertigung\/","url":"https:\/\/spmaskiner.com\/de\/kundenvorteile\/hochwertige-fertigung\/","name":"Hochwertige Fertigung - SP Maskiner","isPartOf":{"@id":"https:\/\/spmaskiner.com\/de\/#website"},"primaryImageOfPage":{"@id":"https:\/\/spmaskiner.com\/de\/kundenvorteile\/hochwertige-fertigung\/#primaryimage"},"image":{"@id":"https:\/\/spmaskiner.com\/de\/kundenvorteile\/hochwertige-fertigung\/#primaryimage"},"thumbnailUrl":"https:\/\/spmaskiner.com\/wp-content\/uploads\/2022\/04\/DSC05966-1024x683.jpg","datePublished":"2022-04-21T12:11:52+00:00","dateModified":"2022-11-15T15:57:39+00:00","breadcrumb":{"@id":"https:\/\/spmaskiner.com\/de\/kundenvorteile\/hochwertige-fertigung\/#breadcrumb"},"inLanguage":"de","potentialAction":[{"@type":"ReadAction","target":["https:\/\/spmaskiner.com\/de\/kundenvorteile\/hochwertige-fertigung\/"]}]},{"@type":"ImageObject","inLanguage":"de","@id":"https:\/\/spmaskiner.com\/de\/kundenvorteile\/hochwertige-fertigung\/#primaryimage","url":"https:\/\/spmaskiner.com\/wp-content\/uploads\/2022\/04\/DSC05966-1024x683.jpg","contentUrl":"https:\/\/spmaskiner.com\/wp-content\/uploads\/2022\/04\/DSC05966-1024x683.jpg"},{"@type":"BreadcrumbList","@id":"https:\/\/spmaskiner.com\/de\/kundenvorteile\/hochwertige-fertigung\/#breadcrumb","itemListElement":[{"@type":"ListItem","position":1,"name":"Home","item":"https:\/\/spmaskiner.com\/de\/"},{"@type":"ListItem","position":2,"name":"Kundennutzen","item":"https:\/\/spmaskiner.com\/de\/kundenvorteile\/"},{"@type":"ListItem","position":3,"name":"Hochwertige Fertigung"}]},{"@type":"WebSite","@id":"https:\/\/spmaskiner.com\/de\/#website","url":"https:\/\/spmaskiner.com\/de\/","name":"SP Maskiner","description":"Always ahead","publisher":{"@id":"https:\/\/spmaskiner.com\/de\/#organization"},"potentialAction":[{"@type":"SearchAction","target":{"@type":"EntryPoint","urlTemplate":"https:\/\/spmaskiner.com\/de\/?s={search_term_string}"},"query-input":{"@type":"PropertyValueSpecification","valueRequired":true,"valueName":"search_term_string"}}],"inLanguage":"de"},{"@type":"Organization","@id":"https:\/\/spmaskiner.com\/de\/#organization","name":"SP Maskiner","url":"https:\/\/spmaskiner.com\/de\/","logo":{"@type":"ImageObject","inLanguage":"de","@id":"https:\/\/spmaskiner.com\/de\/#\/schema\/logo\/image\/","url":"https:\/\/spmaskiner.com\/wp-content\/uploads\/2021\/03\/spmaskiner-logotyp.png","contentUrl":"https:\/\/spmaskiner.com\/wp-content\/uploads\/2021\/03\/spmaskiner-logotyp.png","width":350,"height":65,"caption":"SP Maskiner"},"image":{"@id":"https:\/\/spmaskiner.com\/de\/#\/schema\/logo\/image\/"}}]}},"_links":{"self":[{"href":"https:\/\/spmaskiner.com\/de\/wp-json\/wp\/v2\/pages\/9762","targetHints":{"allow":["GET"]}}],"collection":[{"href":"https:\/\/spmaskiner.com\/de\/wp-json\/wp\/v2\/pages"}],"about":[{"href":"https:\/\/spmaskiner.com\/de\/wp-json\/wp\/v2\/types\/page"}],"author":[{"embeddable":true,"href":"https:\/\/spmaskiner.com\/de\/wp-json\/wp\/v2\/users\/2"}],"replies":[{"embeddable":true,"href":"https:\/\/spmaskiner.com\/de\/wp-json\/wp\/v2\/comments?post=9762"}],"version-history":[{"count":1,"href":"https:\/\/spmaskiner.com\/de\/wp-json\/wp\/v2\/pages\/9762\/revisions"}],"predecessor-version":[{"id":9763,"href":"https:\/\/spmaskiner.com\/de\/wp-json\/wp\/v2\/pages\/9762\/revisions\/9763"}],"up":[{"embeddable":true,"href":"https:\/\/spmaskiner.com\/de\/wp-json\/wp\/v2\/pages\/5204"}],"wp:attachment":[{"href":"https:\/\/spmaskiner.com\/de\/wp-json\/wp\/v2\/media?parent=9762"}],"curies":[{"name":"wp","href":"https:\/\/api.w.org\/{rel}","templated":true}]}}