{"id":7628,"date":"2021-03-05T09:54:14","date_gmt":"2021-03-05T08:54:14","guid":{"rendered":"https:\/\/spmaskiner.com\/cabezales-procesadores\/"},"modified":"2022-05-31T08:23:44","modified_gmt":"2022-05-31T06:23:44","slug":"cabezales-procesadores","status":"publish","type":"page","link":"https:\/\/spmaskiner.com\/es\/cabezales-procesadores\/","title":{"rendered":"Cabezales procesadores"},"content":{"rendered":"\t\t<div data-elementor-type=\"wp-page\" data-elementor-id=\"7628\" class=\"elementor elementor-7628 elementor-11\" data-elementor-post-type=\"page\">\n\t\t\t\t\t\t<section class=\"elementor-section elementor-top-section elementor-element elementor-element-dbfcb83 elementor-section-boxed elementor-section-height-default elementor-section-height-default\" data-id=\"dbfcb83\" data-element_type=\"section\" data-e-type=\"section\">\n\t\t\t\t\t\t<div class=\"elementor-container elementor-column-gap-default\">\n\t\t\t\t\t<div class=\"elementor-column elementor-col-100 elementor-top-column elementor-element elementor-element-0a98888\" data-id=\"0a98888\" data-element_type=\"column\" data-e-type=\"column\">\n\t\t\t<div class=\"elementor-widget-wrap elementor-element-populated\">\n\t\t\t\t\t\t<div class=\"elementor-element elementor-element-2848fcf elementor-widget elementor-widget-heading\" data-id=\"2848fcf\" data-element_type=\"widget\" data-e-type=\"widget\" data-widget_type=\"heading.default\">\n\t\t\t\t<div class=\"elementor-widget-container\">\n\t\t\t\t\t<h1 class=\"elementor-heading-title elementor-size-default\">Cabezales procesadores<\/h1>\t\t\t\t<\/div>\n\t\t\t\t<\/div>\n\t\t\t\t<div class=\"elementor-element elementor-element-dfda329 elementor-widget elementor-widget-text-editor\" data-id=\"dfda329\" data-element_type=\"widget\" data-e-type=\"widget\" data-widget_type=\"text-editor.default\">\n\t\t\t\t<div class=\"elementor-widget-container\">\n\t\t\t\t\t\t\t\t\tLa diferencia es f\u00e1cil de detectar con un cabezal de cosechadora de SP Maskiner. Hay una buena raz\u00f3n por la que se pueden ver nuestros cabezales montados en m\u00e1quinas de todo el mundo.\r\nNunca nos la jugamos con la calidad y estamos a la cabeza de los desarrollos t\u00e9cnicos que hay\r\nen nuestro segmento. Todos nuestros cabezales se pueden utilizar con cualquier marca o modelo\r\nde cosechadora.\r\n\r\nNuestra gama de productos abarca todos los tipos y condiciones de cosecha, desde el raleo inicial hasta la tala final, as\u00ed como la cosecha de le\u00f1a y eucalipto. A continuaci\u00f3n puede leer m\u00e1s sobre nuestras tres series de cabezales de cosechadora diferentes y encontrar el cabezal perfecto para usted.\r\n\r\nSP puede ofrecer cabezales de cosechadora para todos los tipos de m\u00e1quinas y condiciones\r\nde cosecha. Para hacer esto sin poner nada en peligro, hemos desarrollado tres series diferentes\r\nde cabezales de cosechadora: LF, LX y E, todos ellos ofrecen dise\u00f1os, soluciones y ventajas \u00fanicas. Todo pensado para que pueda encontrar el cabezal SP perfecto para sus necesidades espec\u00edficas.\r\n\r\n&nbsp;\t\t\t\t\t\t\t\t<\/div>\n\t\t\t\t<\/div>\n\t\t\t\t\t<\/div>\n\t\t<\/div>\n\t\t\t\t\t<\/div>\n\t\t<\/section>\n\t\t\t\t<section class=\"elementor-section elementor-top-section elementor-element elementor-element-574c92f unit-group-container elementor-section-boxed elementor-section-height-default elementor-section-height-default\" data-id=\"574c92f\" data-element_type=\"section\" data-e-type=\"section\">\n\t\t\t\t\t\t<div class=\"elementor-container elementor-column-gap-default\">\n\t\t\t\t\t<div class=\"elementor-column elementor-col-33 elementor-top-column elementor-element elementor-element-24219d9 unit-group-col\" data-id=\"24219d9\" data-element_type=\"column\" data-e-type=\"column\">\n\t\t\t<div class=\"elementor-widget-wrap elementor-element-populated\">\n\t\t\t\t\t\t<div class=\"elementor-element elementor-element-574d482 unit-group-block elementor-position-top elementor-widget elementor-widget-image-box\" data-id=\"574d482\" data-element_type=\"widget\" data-e-type=\"widget\" data-widget_type=\"image-box.default\">\n\t\t\t\t<div class=\"elementor-widget-container\">\n\t\t\t\t\t<div class=\"elementor-image-box-wrapper\"><figure class=\"elementor-image-box-img\"><a href=\"https:\/\/spmaskiner.com\/es\/cabezales-procesadores\/cabezales-procesadores-lf\/\" tabindex=\"-1\"><img loading=\"lazy\" decoding=\"async\" width=\"380\" height=\"456\" src=\"https:\/\/spmaskiner.com\/wp-content\/uploads\/2021\/03\/sp461lf-thumb.jpg\" class=\"attachment-medium_large size-medium_large wp-image-444\" alt=\"\" srcset=\"https:\/\/spmaskiner.com\/wp-content\/uploads\/2021\/03\/sp461lf-thumb.jpg 380w, https:\/\/spmaskiner.com\/wp-content\/uploads\/2021\/03\/sp461lf-thumb-250x300.jpg 250w\" sizes=\"auto, (max-width: 380px) 100vw, 380px\" \/><\/a><\/figure><div class=\"elementor-image-box-content\"><h2 class=\"elementor-image-box-title\"><a href=\"https:\/\/spmaskiner.com\/es\/cabezales-procesadores\/cabezales-procesadores-lf\/\">Cabezales procesadores LF<\/a><\/h2><p class=\"elementor-image-box-description\">Cabezales de cosechadora r\u00e1pidos, \u00e1giles y compactos para maximizar la producci\u00f3n tanto  en bosques de madera blanda como en bosques de madera dura.<\/p><\/div><\/div>\t\t\t\t<\/div>\n\t\t\t\t<\/div>\n\t\t\t\t\t<\/div>\n\t\t<\/div>\n\t\t\t\t<div class=\"elementor-column elementor-col-33 elementor-top-column elementor-element elementor-element-4b58488 unit-group-col\" data-id=\"4b58488\" data-element_type=\"column\" data-e-type=\"column\">\n\t\t\t<div class=\"elementor-widget-wrap elementor-element-populated\">\n\t\t\t\t\t\t<div class=\"elementor-element elementor-element-c3e0a89 unit-group-block elementor-position-top elementor-widget elementor-widget-image-box\" data-id=\"c3e0a89\" data-element_type=\"widget\" data-e-type=\"widget\" data-widget_type=\"image-box.default\">\n\t\t\t\t<div class=\"elementor-widget-container\">\n\t\t\t\t\t<div class=\"elementor-image-box-wrapper\"><figure class=\"elementor-image-box-img\"><a href=\"https:\/\/spmaskiner.com\/es\/cabezales-procesadores\/cabezales-procesadores-lx\/\" tabindex=\"-1\"><img loading=\"lazy\" decoding=\"async\" width=\"656\" height=\"800\" src=\"https:\/\/spmaskiner.com\/wp-content\/uploads\/2021\/04\/ar00001662_161116.jpg\" class=\"attachment-full size-full wp-image-3165\" alt=\"\" srcset=\"https:\/\/spmaskiner.com\/wp-content\/uploads\/2021\/04\/ar00001662_161116.jpg 656w, https:\/\/spmaskiner.com\/wp-content\/uploads\/2021\/04\/ar00001662_161116-246x300.jpg 246w\" sizes=\"auto, (max-width: 656px) 100vw, 656px\" \/><\/a><\/figure><div class=\"elementor-image-box-content\"><h2 class=\"elementor-image-box-title\"><a href=\"https:\/\/spmaskiner.com\/es\/cabezales-procesadores\/cabezales-procesadores-lx\/\">Cabezales procesadores LX<\/a><\/h2><p class=\"elementor-image-box-description\">Cabezales de cosechadora extremadamente robustos y potentes para los trabajos m\u00e1s dif\u00edciles  y exigentes.<\/p><\/div><\/div>\t\t\t\t<\/div>\n\t\t\t\t<\/div>\n\t\t\t\t\t<\/div>\n\t\t<\/div>\n\t\t\t\t<div class=\"elementor-column elementor-col-33 elementor-top-column elementor-element elementor-element-f41f259 unit-group-col\" data-id=\"f41f259\" data-element_type=\"column\" data-e-type=\"column\">\n\t\t\t<div class=\"elementor-widget-wrap elementor-element-populated\">\n\t\t\t\t\t\t<div class=\"elementor-element elementor-element-840b86c unit-group-block elementor-position-top elementor-widget elementor-widget-image-box\" data-id=\"840b86c\" data-element_type=\"widget\" data-e-type=\"widget\" data-widget_type=\"image-box.default\">\n\t\t\t\t<div class=\"elementor-widget-container\">\n\t\t\t\t\t<div class=\"elementor-image-box-wrapper\"><figure class=\"elementor-image-box-img\"><a href=\"https:\/\/spmaskiner.com\/es\/cabezales-procesadores\/cabezales-procesadores-e\/\" tabindex=\"-1\"><img loading=\"lazy\" decoding=\"async\" width=\"664\" height=\"800\" src=\"https:\/\/spmaskiner.com\/wp-content\/uploads\/2021\/04\/sp661e-2.jpg\" class=\"attachment-full size-full wp-image-3297\" alt=\"\" srcset=\"https:\/\/spmaskiner.com\/wp-content\/uploads\/2021\/04\/sp661e-2.jpg 664w, https:\/\/spmaskiner.com\/wp-content\/uploads\/2021\/04\/sp661e-2-249x300.jpg 249w\" sizes=\"auto, (max-width: 664px) 100vw, 664px\" \/><\/a><\/figure><div class=\"elementor-image-box-content\"><h2 class=\"elementor-image-box-title\"><a href=\"https:\/\/spmaskiner.com\/es\/cabezales-procesadores\/cabezales-procesadores-e\/\">Cabezales procesadores E<\/a><\/h2><p class=\"elementor-image-box-description\">Especialmente dise\u00f1ado para el descortezado efectivo de eucaliptos y acacias cultivados en plantaciones.<\/p><\/div><\/div>\t\t\t\t<\/div>\n\t\t\t\t<\/div>\n\t\t\t\t\t<\/div>\n\t\t<\/div>\n\t\t\t\t\t<\/div>\n\t\t<\/section>\n\t\t\t\t<\/div>\n\t\t","protected":false},"excerpt":{"rendered":"<p>Cabezales procesadores La diferencia es f\u00e1cil de detectar con un cabezal de cosechadora de SP Maskiner. Hay una buena raz\u00f3n por la que se pueden ver nuestros cabezales montados en m\u00e1quinas de todo el mundo. Nunca nos la jugamos con la calidad y estamos a la cabeza de los desarrollos t\u00e9cnicos que hay en nuestro [&hellip;]<\/p>\n","protected":false},"author":1,"featured_media":0,"parent":0,"menu_order":217,"comment_status":"closed","ping_status":"closed","template":"elementor_header_footer","meta":{"_acf_changed":false,"site-sidebar-layout":"no-sidebar","site-content-layout":"page-builder","ast-site-content-layout":"default","site-content-style":"default","site-sidebar-style":"default","ast-global-header-display":"","ast-banner-title-visibility":"","ast-main-header-display":"","ast-hfb-above-header-display":"","ast-hfb-below-header-display":"","ast-hfb-mobile-header-display":"","site-post-title":"disabled","ast-breadcrumbs-content":"","ast-featured-img":"disabled","footer-sml-layout":"","ast-disable-related-posts":"","theme-transparent-header-meta":"default","adv-header-id-meta":"","stick-header-meta":"","header-above-stick-meta":"","header-main-stick-meta":"","header-below-stick-meta":"","astra-migrate-meta-layouts":"default","ast-page-background-enabled":"default","ast-page-background-meta":{"desktop":{"background-color":"","background-image":"","background-repeat":"repeat","background-position":"center center","background-size":"auto","background-attachment":"scroll","background-type":"","background-media":"","overlay-type":"","overlay-color":"","overlay-opacity":"","overlay-gradient":""},"tablet":{"background-color":"","background-image":"","background-repeat":"repeat","background-position":"center center","background-size":"auto","background-attachment":"scroll","background-type":"","background-media":"","overlay-type":"","overlay-color":"","overlay-opacity":"","overlay-gradient":""},"mobile":{"background-color":"","background-image":"","background-repeat":"repeat","background-position":"center center","background-size":"auto","background-attachment":"scroll","background-type":"","background-media":"","overlay-type":"","overlay-color":"","overlay-opacity":"","overlay-gradient":""}},"ast-content-background-meta":{"desktop":{"background-color":"var(--ast-global-color-5)","background-image":"","background-repeat":"repeat","background-position":"center center","background-size":"auto","background-attachment":"scroll","background-type":"","background-media":"","overlay-type":"","overlay-color":"","overlay-opacity":"","overlay-gradient":""},"tablet":{"background-color":"var(--ast-global-color-5)","background-image":"","background-repeat":"repeat","background-position":"center center","background-size":"auto","background-attachment":"scroll","background-type":"","background-media":"","overlay-type":"","overlay-color":"","overlay-opacity":"","overlay-gradient":""},"mobile":{"background-color":"var(--ast-global-color-5)","background-image":"","background-repeat":"repeat","background-position":"center center","background-size":"auto","background-attachment":"scroll","background-type":"","background-media":"","overlay-type":"","overlay-color":"","overlay-opacity":"","overlay-gradient":""}},"footnotes":""},"class_list":["post-7628","page","type-page","status-publish","hentry"],"acf":[],"yoast_head":"<!-- This site is optimized with the Yoast SEO plugin v26.9 - https:\/\/yoast.com\/product\/yoast-seo-wordpress\/ -->\n<title>Cabezales procesadores - SP Maskiner<\/title>\n<meta name=\"robots\" content=\"index, follow, max-snippet:-1, max-image-preview:large, max-video-preview:-1\" \/>\n<link rel=\"canonical\" href=\"https:\/\/spmaskiner.com\/es\/cabezales-procesadores\/\" \/>\n<meta property=\"og:locale\" content=\"es_ES\" \/>\n<meta property=\"og:type\" content=\"article\" \/>\n<meta property=\"og:title\" content=\"Cabezales procesadores - SP Maskiner\" \/>\n<meta property=\"og:description\" content=\"Cabezales procesadores La diferencia es f\u00e1cil de detectar con un cabezal de cosechadora de SP Maskiner. Hay una buena raz\u00f3n por la que se pueden ver nuestros cabezales montados en m\u00e1quinas de todo el mundo. Nunca nos la jugamos con la calidad y estamos a la cabeza de los desarrollos t\u00e9cnicos que hay en nuestro [&hellip;]\" \/>\n<meta property=\"og:url\" content=\"https:\/\/spmaskiner.com\/es\/cabezales-procesadores\/\" \/>\n<meta property=\"og:site_name\" content=\"SP Maskiner\" \/>\n<meta property=\"article:modified_time\" content=\"2022-05-31T06:23:44+00:00\" \/>\n<meta property=\"og:image\" content=\"https:\/\/spmaskiner.com\/wp-content\/uploads\/2021\/03\/sp461lf-thumb.jpg\" \/>\n\t<meta property=\"og:image:width\" content=\"380\" \/>\n\t<meta property=\"og:image:height\" content=\"456\" \/>\n\t<meta property=\"og:image:type\" content=\"image\/jpeg\" \/>\n<meta name=\"twitter:card\" content=\"summary_large_image\" \/>\n<script type=\"application\/ld+json\" class=\"yoast-schema-graph\">{\"@context\":\"https:\/\/schema.org\",\"@graph\":[{\"@type\":\"WebPage\",\"@id\":\"https:\/\/spmaskiner.com\/es\/cabezales-procesadores\/\",\"url\":\"https:\/\/spmaskiner.com\/es\/cabezales-procesadores\/\",\"name\":\"Cabezales procesadores - SP Maskiner\",\"isPartOf\":{\"@id\":\"https:\/\/spmaskiner.com\/es\/#website\"},\"primaryImageOfPage\":{\"@id\":\"https:\/\/spmaskiner.com\/es\/cabezales-procesadores\/#primaryimage\"},\"image\":{\"@id\":\"https:\/\/spmaskiner.com\/es\/cabezales-procesadores\/#primaryimage\"},\"thumbnailUrl\":\"https:\/\/spmaskiner.com\/wp-content\/uploads\/2021\/03\/sp461lf-thumb.jpg\",\"datePublished\":\"2021-03-05T08:54:14+00:00\",\"dateModified\":\"2022-05-31T06:23:44+00:00\",\"breadcrumb\":{\"@id\":\"https:\/\/spmaskiner.com\/es\/cabezales-procesadores\/#breadcrumb\"},\"inLanguage\":\"es\",\"potentialAction\":[{\"@type\":\"ReadAction\",\"target\":[\"https:\/\/spmaskiner.com\/es\/cabezales-procesadores\/\"]}]},{\"@type\":\"ImageObject\",\"inLanguage\":\"es\",\"@id\":\"https:\/\/spmaskiner.com\/es\/cabezales-procesadores\/#primaryimage\",\"url\":\"https:\/\/spmaskiner.com\/wp-content\/uploads\/2021\/03\/sp461lf-thumb.jpg\",\"contentUrl\":\"https:\/\/spmaskiner.com\/wp-content\/uploads\/2021\/03\/sp461lf-thumb.jpg\"},{\"@type\":\"BreadcrumbList\",\"@id\":\"https:\/\/spmaskiner.com\/es\/cabezales-procesadores\/#breadcrumb\",\"itemListElement\":[{\"@type\":\"ListItem\",\"position\":1,\"name\":\"Home\",\"item\":\"https:\/\/spmaskiner.com\/es\/\"},{\"@type\":\"ListItem\",\"position\":2,\"name\":\"Cabezales procesadores\"}]},{\"@type\":\"WebSite\",\"@id\":\"https:\/\/spmaskiner.com\/es\/#website\",\"url\":\"https:\/\/spmaskiner.com\/es\/\",\"name\":\"SP Maskiner\",\"description\":\"Always ahead\",\"publisher\":{\"@id\":\"https:\/\/spmaskiner.com\/es\/#organization\"},\"potentialAction\":[{\"@type\":\"SearchAction\",\"target\":{\"@type\":\"EntryPoint\",\"urlTemplate\":\"https:\/\/spmaskiner.com\/es\/?s={search_term_string}\"},\"query-input\":{\"@type\":\"PropertyValueSpecification\",\"valueRequired\":true,\"valueName\":\"search_term_string\"}}],\"inLanguage\":\"es\"},{\"@type\":\"Organization\",\"@id\":\"https:\/\/spmaskiner.com\/es\/#organization\",\"name\":\"SP Maskiner\",\"url\":\"https:\/\/spmaskiner.com\/es\/\",\"logo\":{\"@type\":\"ImageObject\",\"inLanguage\":\"es\",\"@id\":\"https:\/\/spmaskiner.com\/es\/#\/schema\/logo\/image\/\",\"url\":\"https:\/\/spmaskiner.com\/wp-content\/uploads\/2021\/03\/spmaskiner-logotyp.png\",\"contentUrl\":\"https:\/\/spmaskiner.com\/wp-content\/uploads\/2021\/03\/spmaskiner-logotyp.png\",\"width\":350,\"height\":65,\"caption\":\"SP Maskiner\"},\"image\":{\"@id\":\"https:\/\/spmaskiner.com\/es\/#\/schema\/logo\/image\/\"}}]}<\/script>\n<!-- \/ Yoast SEO plugin. -->","yoast_head_json":{"title":"Cabezales procesadores - SP Maskiner","robots":{"index":"index","follow":"follow","max-snippet":"max-snippet:-1","max-image-preview":"max-image-preview:large","max-video-preview":"max-video-preview:-1"},"canonical":"https:\/\/spmaskiner.com\/es\/cabezales-procesadores\/","og_locale":"es_ES","og_type":"article","og_title":"Cabezales procesadores - SP Maskiner","og_description":"Cabezales procesadores La diferencia es f\u00e1cil de detectar con un cabezal de cosechadora de SP Maskiner. Hay una buena raz\u00f3n por la que se pueden ver nuestros cabezales montados en m\u00e1quinas de todo el mundo. Nunca nos la jugamos con la calidad y estamos a la cabeza de los desarrollos t\u00e9cnicos que hay en nuestro [&hellip;]","og_url":"https:\/\/spmaskiner.com\/es\/cabezales-procesadores\/","og_site_name":"SP Maskiner","article_modified_time":"2022-05-31T06:23:44+00:00","og_image":[{"width":380,"height":456,"url":"https:\/\/spmaskiner.com\/wp-content\/uploads\/2021\/03\/sp461lf-thumb.jpg","type":"image\/jpeg"}],"twitter_card":"summary_large_image","schema":{"@context":"https:\/\/schema.org","@graph":[{"@type":"WebPage","@id":"https:\/\/spmaskiner.com\/es\/cabezales-procesadores\/","url":"https:\/\/spmaskiner.com\/es\/cabezales-procesadores\/","name":"Cabezales procesadores - SP Maskiner","isPartOf":{"@id":"https:\/\/spmaskiner.com\/es\/#website"},"primaryImageOfPage":{"@id":"https:\/\/spmaskiner.com\/es\/cabezales-procesadores\/#primaryimage"},"image":{"@id":"https:\/\/spmaskiner.com\/es\/cabezales-procesadores\/#primaryimage"},"thumbnailUrl":"https:\/\/spmaskiner.com\/wp-content\/uploads\/2021\/03\/sp461lf-thumb.jpg","datePublished":"2021-03-05T08:54:14+00:00","dateModified":"2022-05-31T06:23:44+00:00","breadcrumb":{"@id":"https:\/\/spmaskiner.com\/es\/cabezales-procesadores\/#breadcrumb"},"inLanguage":"es","potentialAction":[{"@type":"ReadAction","target":["https:\/\/spmaskiner.com\/es\/cabezales-procesadores\/"]}]},{"@type":"ImageObject","inLanguage":"es","@id":"https:\/\/spmaskiner.com\/es\/cabezales-procesadores\/#primaryimage","url":"https:\/\/spmaskiner.com\/wp-content\/uploads\/2021\/03\/sp461lf-thumb.jpg","contentUrl":"https:\/\/spmaskiner.com\/wp-content\/uploads\/2021\/03\/sp461lf-thumb.jpg"},{"@type":"BreadcrumbList","@id":"https:\/\/spmaskiner.com\/es\/cabezales-procesadores\/#breadcrumb","itemListElement":[{"@type":"ListItem","position":1,"name":"Home","item":"https:\/\/spmaskiner.com\/es\/"},{"@type":"ListItem","position":2,"name":"Cabezales procesadores"}]},{"@type":"WebSite","@id":"https:\/\/spmaskiner.com\/es\/#website","url":"https:\/\/spmaskiner.com\/es\/","name":"SP Maskiner","description":"Always ahead","publisher":{"@id":"https:\/\/spmaskiner.com\/es\/#organization"},"potentialAction":[{"@type":"SearchAction","target":{"@type":"EntryPoint","urlTemplate":"https:\/\/spmaskiner.com\/es\/?s={search_term_string}"},"query-input":{"@type":"PropertyValueSpecification","valueRequired":true,"valueName":"search_term_string"}}],"inLanguage":"es"},{"@type":"Organization","@id":"https:\/\/spmaskiner.com\/es\/#organization","name":"SP Maskiner","url":"https:\/\/spmaskiner.com\/es\/","logo":{"@type":"ImageObject","inLanguage":"es","@id":"https:\/\/spmaskiner.com\/es\/#\/schema\/logo\/image\/","url":"https:\/\/spmaskiner.com\/wp-content\/uploads\/2021\/03\/spmaskiner-logotyp.png","contentUrl":"https:\/\/spmaskiner.com\/wp-content\/uploads\/2021\/03\/spmaskiner-logotyp.png","width":350,"height":65,"caption":"SP Maskiner"},"image":{"@id":"https:\/\/spmaskiner.com\/es\/#\/schema\/logo\/image\/"}}]}},"_links":{"self":[{"href":"https:\/\/spmaskiner.com\/es\/wp-json\/wp\/v2\/pages\/7628","targetHints":{"allow":["GET"]}}],"collection":[{"href":"https:\/\/spmaskiner.com\/es\/wp-json\/wp\/v2\/pages"}],"about":[{"href":"https:\/\/spmaskiner.com\/es\/wp-json\/wp\/v2\/types\/page"}],"author":[{"embeddable":true,"href":"https:\/\/spmaskiner.com\/es\/wp-json\/wp\/v2\/users\/1"}],"replies":[{"embeddable":true,"href":"https:\/\/spmaskiner.com\/es\/wp-json\/wp\/v2\/comments?post=7628"}],"version-history":[{"count":13,"href":"https:\/\/spmaskiner.com\/es\/wp-json\/wp\/v2\/pages\/7628\/revisions"}],"predecessor-version":[{"id":7769,"href":"https:\/\/spmaskiner.com\/es\/wp-json\/wp\/v2\/pages\/7628\/revisions\/7769"}],"wp:attachment":[{"href":"https:\/\/spmaskiner.com\/es\/wp-json\/wp\/v2\/media?parent=7628"}],"curies":[{"name":"wp","href":"https:\/\/api.w.org\/{rel}","templated":true}]}}