{"id":7647,"date":"2021-03-14T11:20:52","date_gmt":"2021-03-14T10:20:52","guid":{"rendered":"https:\/\/spmaskiner.com\/cabezales-procesadores\/cabezales-procesadores-lf\/"},"modified":"2025-10-27T16:00:31","modified_gmt":"2025-10-27T15:00:31","slug":"cabezales-procesadores-lf","status":"publish","type":"page","link":"https:\/\/spmaskiner.com\/es\/cabezales-procesadores\/cabezales-procesadores-lf\/","title":{"rendered":"Cabezales procesadores LF"},"content":{"rendered":"\t\t<div data-elementor-type=\"wp-page\" data-elementor-id=\"7647\" class=\"elementor elementor-7647 elementor-489\" data-elementor-post-type=\"page\">\n\t\t\t\t\t\t<section class=\"elementor-section elementor-top-section elementor-element elementor-element-1bce3936 elementor-section-boxed elementor-section-height-default elementor-section-height-default\" data-id=\"1bce3936\" data-element_type=\"section\" data-e-type=\"section\">\n\t\t\t\t\t\t<div class=\"elementor-container elementor-column-gap-default\">\n\t\t\t\t\t<div class=\"elementor-column elementor-col-100 elementor-top-column elementor-element elementor-element-7e6ee8ee\" data-id=\"7e6ee8ee\" data-element_type=\"column\" data-e-type=\"column\">\n\t\t\t<div class=\"elementor-widget-wrap elementor-element-populated\">\n\t\t\t\t\t\t<div class=\"elementor-element elementor-element-1aafbf82 elementor-widget elementor-widget-heading\" data-id=\"1aafbf82\" data-element_type=\"widget\" data-e-type=\"widget\" data-widget_type=\"heading.default\">\n\t\t\t\t<div class=\"elementor-widget-container\">\n\t\t\t\t\t<h1 class=\"elementor-heading-title elementor-size-default\">Cabezales procesadores LF<\/h1>\t\t\t\t<\/div>\n\t\t\t\t<\/div>\n\t\t\t\t<div class=\"elementor-element elementor-element-2a7ed5f8 elementor-widget elementor-widget-text-editor\" data-id=\"2a7ed5f8\" data-element_type=\"widget\" data-e-type=\"widget\" data-widget_type=\"text-editor.default\">\n\t\t\t\t<div class=\"elementor-widget-container\">\n\t\t\t\t\t\t\t\t\t<p>Los cabezales de la serie LF se caracterizan por su dise\u00f1o esbelto y compacto combinado con la m\u00e1xima productividad y fiabilidad. Los cabezales est\u00e1n dise\u00f1ados de acuerdo con nuestro concepto de baja fricci\u00f3n para obtener la m\u00e1xima rentabilidad. Independientemente de que trabaje en el \u00e1mbito del raleo inicial, la tala final o con una gran cantidad de madera dura, la serie LF tiene el cabezal de cosechadora adecuado para el trabajo. Siga leyendo para descubrir m\u00e1s cosas sobre nuestros cabezales LF y para encontrar el cabezal perfecto para usted.<\/p>\n\t\t\t\t\t\t\t\t<\/div>\n\t\t\t\t<\/div>\n\t\t\t\t\t<\/div>\n\t\t<\/div>\n\t\t\t\t\t<\/div>\n\t\t<\/section>\n\t\t\t\t<section class=\"elementor-section elementor-top-section elementor-element elementor-element-44369634 unit-group-container elementor-section-boxed elementor-section-height-default elementor-section-height-default\" data-id=\"44369634\" data-element_type=\"section\" data-e-type=\"section\">\n\t\t\t\t\t\t<div class=\"elementor-container elementor-column-gap-default\">\n\t\t\t\t\t<div class=\"elementor-column elementor-col-33 elementor-top-column elementor-element elementor-element-30ee73d3 unit-group-col\" data-id=\"30ee73d3\" data-element_type=\"column\" data-e-type=\"column\">\n\t\t\t<div class=\"elementor-widget-wrap elementor-element-populated\">\n\t\t\t\t\t\t<div class=\"elementor-element elementor-element-0d15f39 unit-group-block elementor-position-top elementor-widget elementor-widget-image-box\" data-id=\"0d15f39\" data-element_type=\"widget\" data-e-type=\"widget\" data-widget_type=\"image-box.default\">\n\t\t\t\t<div class=\"elementor-widget-container\">\n\t\t\t\t\t<div class=\"elementor-image-box-wrapper\"><figure class=\"elementor-image-box-img\"><a href=\"https:\/\/spmaskiner.com\/es\/cabezales-procesadores\/cabezales-procesadores-lf\/harvester-head-sp-461-lf-next-generation\/\" tabindex=\"-1\"><img loading=\"lazy\" decoding=\"async\" width=\"747\" height=\"900\" src=\"https:\/\/spmaskiner.com\/wp-content\/uploads\/2025\/06\/461-NG-hemsida-kopiera.jpg\" class=\"attachment-medium_large size-medium_large wp-image-11584\" alt=\"\" srcset=\"https:\/\/spmaskiner.com\/wp-content\/uploads\/2025\/06\/461-NG-hemsida-kopiera.jpg 747w, https:\/\/spmaskiner.com\/wp-content\/uploads\/2025\/06\/461-NG-hemsida-kopiera-249x300.jpg 249w\" sizes=\"auto, (max-width: 747px) 100vw, 747px\" \/><\/a><\/figure><div class=\"elementor-image-box-content\"><h2 class=\"elementor-image-box-title\"><a href=\"https:\/\/spmaskiner.com\/es\/cabezales-procesadores\/cabezales-procesadores-lf\/harvester-head-sp-461-lf-next-generation\/\">SP 461 LF Next Generation<\/a><\/h2><p class=\"elementor-image-box-description\">NOVEDAD - <strong>\u00bfBuscas una cabeza procesadora potente y \u00e1gil para clareos?<\/strong><br><strong>SP 461 LF NG<\/strong> es la nueva generaci\u00f3n de cabezales \u2013 ligera, compacta y de alto rendimiento. Perfecta tanto para cosechadoras de brazo largo como para m\u00e1quinas de aclareo.<\/p><\/div><\/div>\t\t\t\t<\/div>\n\t\t\t\t<\/div>\n\t\t\t\t\t<\/div>\n\t\t<\/div>\n\t\t\t\t<div class=\"elementor-column elementor-col-33 elementor-top-column elementor-element elementor-element-7da63d9f unit-group-col\" data-id=\"7da63d9f\" data-element_type=\"column\" data-e-type=\"column\">\n\t\t\t<div class=\"elementor-widget-wrap elementor-element-populated\">\n\t\t\t\t\t\t<div class=\"elementor-element elementor-element-8120009 unit-group-block elementor-position-top elementor-widget elementor-widget-image-box\" data-id=\"8120009\" data-element_type=\"widget\" data-e-type=\"widget\" data-widget_type=\"image-box.default\">\n\t\t\t\t<div class=\"elementor-widget-container\">\n\t\t\t\t\t<div class=\"elementor-image-box-wrapper\"><figure class=\"elementor-image-box-img\"><a href=\"https:\/\/spmaskiner.com\/es\/cabezales-procesadores\/cabezales-procesadores-lf\/cabezales-procesadores-sp-561-lf\/\" tabindex=\"-1\"><img loading=\"lazy\" decoding=\"async\" width=\"664\" height=\"800\" src=\"https:\/\/spmaskiner.com\/wp-content\/uploads\/2021\/04\/ar00001496_161116.jpg\" class=\"attachment-full size-full wp-image-2650\" alt=\"\" srcset=\"https:\/\/spmaskiner.com\/wp-content\/uploads\/2021\/04\/ar00001496_161116.jpg 664w, https:\/\/spmaskiner.com\/wp-content\/uploads\/2021\/04\/ar00001496_161116-249x300.jpg 249w\" sizes=\"auto, (max-width: 664px) 100vw, 664px\" \/><\/a><\/figure><div class=\"elementor-image-box-content\"><h2 class=\"elementor-image-box-title\"><a href=\"https:\/\/spmaskiner.com\/es\/cabezales-procesadores\/cabezales-procesadores-lf\/cabezales-procesadores-sp-561-lf\/\">SP 561 LF<\/a><\/h2><p class=\"elementor-image-box-description\">El SP 561 LF es un cabezal procesador integral vers\u00e1til. El SP 561 LF se ha dise\u00f1ado para diversas tareas y ofrece muy buenas caracter\u00edsticas para todo el proceso, desde el clareo inicial a la tala final media.<\/p><\/div><\/div>\t\t\t\t<\/div>\n\t\t\t\t<\/div>\n\t\t\t\t\t<\/div>\n\t\t<\/div>\n\t\t\t\t<div class=\"elementor-column elementor-col-33 elementor-top-column elementor-element elementor-element-eb005cd unit-group-col\" data-id=\"eb005cd\" data-element_type=\"column\" data-e-type=\"column\">\n\t\t\t<div class=\"elementor-widget-wrap elementor-element-populated\">\n\t\t\t\t\t\t<div class=\"elementor-element elementor-element-17840f0 unit-group-block elementor-position-top elementor-widget elementor-widget-image-box\" data-id=\"17840f0\" data-element_type=\"widget\" data-e-type=\"widget\" data-widget_type=\"image-box.default\">\n\t\t\t\t<div class=\"elementor-widget-container\">\n\t\t\t\t\t<div class=\"elementor-image-box-wrapper\"><figure class=\"elementor-image-box-img\"><a href=\"https:\/\/spmaskiner.com\/es\/cabezales-procesadores\/cabezales-procesadores-lf\/cabezales-procesadores-sp-661-lf\/\" tabindex=\"-1\"><img loading=\"lazy\" decoding=\"async\" width=\"664\" height=\"800\" src=\"https:\/\/spmaskiner.com\/wp-content\/uploads\/2021\/04\/ar00001741_170607.jpg\" class=\"attachment-medium_large size-medium_large wp-image-2837\" alt=\"\" srcset=\"https:\/\/spmaskiner.com\/wp-content\/uploads\/2021\/04\/ar00001741_170607.jpg 664w, https:\/\/spmaskiner.com\/wp-content\/uploads\/2021\/04\/ar00001741_170607-249x300.jpg 249w\" sizes=\"auto, (max-width: 664px) 100vw, 664px\" \/><\/a><\/figure><div class=\"elementor-image-box-content\"><h2 class=\"elementor-image-box-title\"><a href=\"https:\/\/spmaskiner.com\/es\/cabezales-procesadores\/cabezales-procesadores-lf\/cabezales-procesadores-sp-661-lf\/\">SP 661 LF<\/a><\/h2><p class=\"elementor-image-box-description\"> El SP 661 E est\u00e1 espec\u00edficamente dise\u00f1ado para una tarea: el descortezado en una sola pasada de eucaliptus                                 cultivados en plantaciones.<\/p><\/div><\/div>\t\t\t\t<\/div>\n\t\t\t\t<\/div>\n\t\t\t\t\t<\/div>\n\t\t<\/div>\n\t\t\t\t\t<\/div>\n\t\t<\/section>\n\t\t\t\t<section class=\"elementor-section elementor-top-section elementor-element elementor-element-d0ce688 unit-group-container elementor-section-boxed elementor-section-height-default elementor-section-height-default\" data-id=\"d0ce688\" data-element_type=\"section\" data-e-type=\"section\">\n\t\t\t\t\t\t<div class=\"elementor-container elementor-column-gap-default\">\n\t\t\t\t\t<div class=\"elementor-column elementor-col-33 elementor-top-column elementor-element elementor-element-cc0c5c1 unit-group-col\" data-id=\"cc0c5c1\" data-element_type=\"column\" data-e-type=\"column\">\n\t\t\t<div class=\"elementor-widget-wrap elementor-element-populated\">\n\t\t\t\t\t\t<div class=\"elementor-element elementor-element-d429245 unit-group-block elementor-position-top elementor-widget elementor-widget-image-box\" data-id=\"d429245\" data-element_type=\"widget\" data-e-type=\"widget\" data-widget_type=\"image-box.default\">\n\t\t\t\t<div class=\"elementor-widget-container\">\n\t\t\t\t\t<div class=\"elementor-image-box-wrapper\"><figure class=\"elementor-image-box-img\"><a href=\"https:\/\/spmaskiner.com\/es\/cabezales-procesadores\/cabezales-procesadores-lf\/cabezal-procesador-sp-661-lite\/\" tabindex=\"-1\"><img loading=\"lazy\" decoding=\"async\" width=\"747\" height=\"900\" src=\"https:\/\/spmaskiner.com\/wp-content\/uploads\/2025\/06\/661-Lite_hemsida.jpg\" class=\"attachment-medium_large size-medium_large wp-image-11559\" alt=\"\" srcset=\"https:\/\/spmaskiner.com\/wp-content\/uploads\/2025\/06\/661-Lite_hemsida.jpg 747w, https:\/\/spmaskiner.com\/wp-content\/uploads\/2025\/06\/661-Lite_hemsida-249x300.jpg 249w\" sizes=\"auto, (max-width: 747px) 100vw, 747px\" \/><\/a><\/figure><div class=\"elementor-image-box-content\"><h2 class=\"elementor-image-box-title\"><a href=\"https:\/\/spmaskiner.com\/es\/cabezales-procesadores\/cabezales-procesadores-lf\/cabezal-procesador-sp-661-lite\/\">SP 661 LF Lite<\/a><\/h2><p class=\"elementor-image-box-description\">NOVEDAD - <b>\u00bfQuieres una cabeza procesadora con las mismas excelentes caracter\u00edsticas que la 661 LF, pero con menor peso?<\/b> Entonces la <b>SP 661 LF Lite<\/b> es la elecci\u00f3n obvia. <br>La <b>SP 661 LF Lite<\/b> es una cabeza ligera y eficiente,<br>optimizada para cosechadoras sobre ruedas<br>de la clase media.<\/p><\/div><\/div>\t\t\t\t<\/div>\n\t\t\t\t<\/div>\n\t\t\t\t\t<\/div>\n\t\t<\/div>\n\t\t\t\t<div class=\"elementor-column elementor-col-33 elementor-top-column elementor-element elementor-element-b9b01a4 unit-group-col\" data-id=\"b9b01a4\" data-element_type=\"column\" data-e-type=\"column\">\n\t\t\t<div class=\"elementor-widget-wrap elementor-element-populated\">\n\t\t\t\t\t\t<div class=\"elementor-element elementor-element-53abd09 unit-group-block elementor-position-top elementor-widget elementor-widget-image-box\" data-id=\"53abd09\" data-element_type=\"widget\" data-e-type=\"widget\" data-widget_type=\"image-box.default\">\n\t\t\t\t<div class=\"elementor-widget-container\">\n\t\t\t\t\t<div class=\"elementor-image-box-wrapper\"><figure class=\"elementor-image-box-img\"><a href=\"https:\/\/spmaskiner.com\/skordaraggregat\/skordaraggregat-lf\/skordaraggregat-sp-761-lf\/\" tabindex=\"-1\"><img loading=\"lazy\" decoding=\"async\" width=\"664\" height=\"800\" src=\"https:\/\/spmaskiner.com\/wp-content\/uploads\/2021\/04\/ar00001604_161116.jpg\" class=\"attachment-medium_large size-medium_large wp-image-3075\" alt=\"\" srcset=\"https:\/\/spmaskiner.com\/wp-content\/uploads\/2021\/04\/ar00001604_161116.jpg 664w, https:\/\/spmaskiner.com\/wp-content\/uploads\/2021\/04\/ar00001604_161116-249x300.jpg 249w\" sizes=\"auto, (max-width: 664px) 100vw, 664px\" \/><\/a><\/figure><div class=\"elementor-image-box-content\"><h2 class=\"elementor-image-box-title\"><a href=\"https:\/\/spmaskiner.com\/skordaraggregat\/skordaraggregat-lf\/skordaraggregat-sp-761-lf\/\">SP 761 LF<\/a><\/h2><p class=\"elementor-image-box-description\">El SP 761 LF es un cabezal procesador de alto rendimiento resistente y fiable dise\u00f1ado para los trabajos m\u00e1s duros. El cabezal procesador se puede instalar tanto en procesadoras grandes con ruedas como en excavadoras de 20-25 toneladas.<\/p><\/div><\/div>\t\t\t\t<\/div>\n\t\t\t\t<\/div>\n\t\t\t\t\t<\/div>\n\t\t<\/div>\n\t\t\t\t<div class=\"elementor-column elementor-col-33 elementor-top-column elementor-element elementor-element-c9fb968 unit-group-col\" data-id=\"c9fb968\" data-element_type=\"column\" data-e-type=\"column\">\n\t\t\t<div class=\"elementor-widget-wrap\">\n\t\t\t\t\t\t\t<\/div>\n\t\t<\/div>\n\t\t\t\t\t<\/div>\n\t\t<\/section>\n\t\t\t\t<\/div>\n\t\t","protected":false},"excerpt":{"rendered":"<p>Cabezales procesadores LF Los cabezales de la serie LF se caracterizan por su dise\u00f1o esbelto y compacto combinado con la m\u00e1xima productividad y fiabilidad. Los cabezales est\u00e1n dise\u00f1ados de acuerdo con nuestro concepto de baja fricci\u00f3n para obtener la m\u00e1xima rentabilidad. Independientemente de que trabaje en el \u00e1mbito del raleo inicial, la tala final o [&hellip;]<\/p>\n","protected":false},"author":1,"featured_media":0,"parent":7628,"menu_order":220,"comment_status":"closed","ping_status":"closed","template":"elementor_header_footer","meta":{"_acf_changed":false,"site-sidebar-layout":"no-sidebar","site-content-layout":"page-builder","ast-site-content-layout":"default","site-content-style":"default","site-sidebar-style":"default","ast-global-header-display":"","ast-banner-title-visibility":"","ast-main-header-display":"","ast-hfb-above-header-display":"","ast-hfb-below-header-display":"","ast-hfb-mobile-header-display":"","site-post-title":"disabled","ast-breadcrumbs-content":"","ast-featured-img":"disabled","footer-sml-layout":"","ast-disable-related-posts":"","theme-transparent-header-meta":"default","adv-header-id-meta":"","stick-header-meta":"","header-above-stick-meta":"","header-main-stick-meta":"","header-below-stick-meta":"","astra-migrate-meta-layouts":"default","ast-page-background-enabled":"default","ast-page-background-meta":{"desktop":{"background-color":"","background-image":"","background-repeat":"repeat","background-position":"center center","background-size":"auto","background-attachment":"scroll","background-type":"","background-media":"","overlay-type":"","overlay-color":"","overlay-opacity":"","overlay-gradient":""},"tablet":{"background-color":"","background-image":"","background-repeat":"repeat","background-position":"center center","background-size":"auto","background-attachment":"scroll","background-type":"","background-media":"","overlay-type":"","overlay-color":"","overlay-opacity":"","overlay-gradient":""},"mobile":{"background-color":"","background-image":"","background-repeat":"repeat","background-position":"center center","background-size":"auto","background-attachment":"scroll","background-type":"","background-media":"","overlay-type":"","overlay-color":"","overlay-opacity":"","overlay-gradient":""}},"ast-content-background-meta":{"desktop":{"background-color":"var(--ast-global-color-5)","background-image":"","background-repeat":"repeat","background-position":"center center","background-size":"auto","background-attachment":"scroll","background-type":"","background-media":"","overlay-type":"","overlay-color":"","overlay-opacity":"","overlay-gradient":""},"tablet":{"background-color":"var(--ast-global-color-5)","background-image":"","background-repeat":"repeat","background-position":"center center","background-size":"auto","background-attachment":"scroll","background-type":"","background-media":"","overlay-type":"","overlay-color":"","overlay-opacity":"","overlay-gradient":""},"mobile":{"background-color":"var(--ast-global-color-5)","background-image":"","background-repeat":"repeat","background-position":"center center","background-size":"auto","background-attachment":"scroll","background-type":"","background-media":"","overlay-type":"","overlay-color":"","overlay-opacity":"","overlay-gradient":""}},"footnotes":""},"class_list":["post-7647","page","type-page","status-publish","hentry"],"acf":[],"yoast_head":"<!-- This site is optimized with the Yoast SEO plugin v26.9 - https:\/\/yoast.com\/product\/yoast-seo-wordpress\/ -->\n<title>Cabezales procesadores LF - SP Maskiner<\/title>\n<meta name=\"robots\" content=\"index, follow, max-snippet:-1, max-image-preview:large, max-video-preview:-1\" \/>\n<link rel=\"canonical\" href=\"https:\/\/spmaskiner.com\/es\/cabezales-procesadores\/cabezales-procesadores-lf\/\" \/>\n<meta property=\"og:locale\" content=\"es_ES\" \/>\n<meta property=\"og:type\" content=\"article\" \/>\n<meta property=\"og:title\" content=\"Cabezales procesadores LF - SP Maskiner\" \/>\n<meta property=\"og:description\" content=\"Cabezales procesadores LF Los cabezales de la serie LF se caracterizan por su dise\u00f1o esbelto y compacto combinado con la m\u00e1xima productividad y fiabilidad. Los cabezales est\u00e1n dise\u00f1ados de acuerdo con nuestro concepto de baja fricci\u00f3n para obtener la m\u00e1xima rentabilidad. Independientemente de que trabaje en el \u00e1mbito del raleo inicial, la tala final o [&hellip;]\" \/>\n<meta property=\"og:url\" content=\"https:\/\/spmaskiner.com\/es\/cabezales-procesadores\/cabezales-procesadores-lf\/\" \/>\n<meta property=\"og:site_name\" content=\"SP Maskiner\" \/>\n<meta property=\"article:modified_time\" content=\"2025-10-27T15:00:31+00:00\" \/>\n<meta property=\"og:image\" content=\"https:\/\/spmaskiner.com\/wp-content\/uploads\/2025\/06\/461-NG-hemsida-kopiera.jpg\" \/>\n\t<meta property=\"og:image:width\" content=\"747\" \/>\n\t<meta property=\"og:image:height\" content=\"900\" \/>\n\t<meta property=\"og:image:type\" content=\"image\/jpeg\" \/>\n<meta name=\"twitter:card\" content=\"summary_large_image\" \/>\n<script type=\"application\/ld+json\" class=\"yoast-schema-graph\">{\"@context\":\"https:\/\/schema.org\",\"@graph\":[{\"@type\":\"WebPage\",\"@id\":\"https:\/\/spmaskiner.com\/es\/cabezales-procesadores\/cabezales-procesadores-lf\/\",\"url\":\"https:\/\/spmaskiner.com\/es\/cabezales-procesadores\/cabezales-procesadores-lf\/\",\"name\":\"Cabezales procesadores LF - SP Maskiner\",\"isPartOf\":{\"@id\":\"https:\/\/spmaskiner.com\/es\/#website\"},\"primaryImageOfPage\":{\"@id\":\"https:\/\/spmaskiner.com\/es\/cabezales-procesadores\/cabezales-procesadores-lf\/#primaryimage\"},\"image\":{\"@id\":\"https:\/\/spmaskiner.com\/es\/cabezales-procesadores\/cabezales-procesadores-lf\/#primaryimage\"},\"thumbnailUrl\":\"https:\/\/spmaskiner.com\/wp-content\/uploads\/2025\/06\/461-NG-hemsida-kopiera.jpg\",\"datePublished\":\"2021-03-14T10:20:52+00:00\",\"dateModified\":\"2025-10-27T15:00:31+00:00\",\"breadcrumb\":{\"@id\":\"https:\/\/spmaskiner.com\/es\/cabezales-procesadores\/cabezales-procesadores-lf\/#breadcrumb\"},\"inLanguage\":\"es\",\"potentialAction\":[{\"@type\":\"ReadAction\",\"target\":[\"https:\/\/spmaskiner.com\/es\/cabezales-procesadores\/cabezales-procesadores-lf\/\"]}]},{\"@type\":\"ImageObject\",\"inLanguage\":\"es\",\"@id\":\"https:\/\/spmaskiner.com\/es\/cabezales-procesadores\/cabezales-procesadores-lf\/#primaryimage\",\"url\":\"https:\/\/spmaskiner.com\/wp-content\/uploads\/2025\/06\/461-NG-hemsida-kopiera.jpg\",\"contentUrl\":\"https:\/\/spmaskiner.com\/wp-content\/uploads\/2025\/06\/461-NG-hemsida-kopiera.jpg\"},{\"@type\":\"BreadcrumbList\",\"@id\":\"https:\/\/spmaskiner.com\/es\/cabezales-procesadores\/cabezales-procesadores-lf\/#breadcrumb\",\"itemListElement\":[{\"@type\":\"ListItem\",\"position\":1,\"name\":\"Home\",\"item\":\"https:\/\/spmaskiner.com\/es\/\"},{\"@type\":\"ListItem\",\"position\":2,\"name\":\"Cabezales procesadores\",\"item\":\"https:\/\/spmaskiner.com\/es\/cabezales-procesadores\/\"},{\"@type\":\"ListItem\",\"position\":3,\"name\":\"Cabezales procesadores LF\"}]},{\"@type\":\"WebSite\",\"@id\":\"https:\/\/spmaskiner.com\/es\/#website\",\"url\":\"https:\/\/spmaskiner.com\/es\/\",\"name\":\"SP Maskiner\",\"description\":\"Always ahead\",\"publisher\":{\"@id\":\"https:\/\/spmaskiner.com\/es\/#organization\"},\"potentialAction\":[{\"@type\":\"SearchAction\",\"target\":{\"@type\":\"EntryPoint\",\"urlTemplate\":\"https:\/\/spmaskiner.com\/es\/?s={search_term_string}\"},\"query-input\":{\"@type\":\"PropertyValueSpecification\",\"valueRequired\":true,\"valueName\":\"search_term_string\"}}],\"inLanguage\":\"es\"},{\"@type\":\"Organization\",\"@id\":\"https:\/\/spmaskiner.com\/es\/#organization\",\"name\":\"SP Maskiner\",\"url\":\"https:\/\/spmaskiner.com\/es\/\",\"logo\":{\"@type\":\"ImageObject\",\"inLanguage\":\"es\",\"@id\":\"https:\/\/spmaskiner.com\/es\/#\/schema\/logo\/image\/\",\"url\":\"https:\/\/spmaskiner.com\/wp-content\/uploads\/2021\/03\/spmaskiner-logotyp.png\",\"contentUrl\":\"https:\/\/spmaskiner.com\/wp-content\/uploads\/2021\/03\/spmaskiner-logotyp.png\",\"width\":350,\"height\":65,\"caption\":\"SP Maskiner\"},\"image\":{\"@id\":\"https:\/\/spmaskiner.com\/es\/#\/schema\/logo\/image\/\"}}]}<\/script>\n<!-- \/ Yoast SEO plugin. -->","yoast_head_json":{"title":"Cabezales procesadores LF - SP Maskiner","robots":{"index":"index","follow":"follow","max-snippet":"max-snippet:-1","max-image-preview":"max-image-preview:large","max-video-preview":"max-video-preview:-1"},"canonical":"https:\/\/spmaskiner.com\/es\/cabezales-procesadores\/cabezales-procesadores-lf\/","og_locale":"es_ES","og_type":"article","og_title":"Cabezales procesadores LF - SP Maskiner","og_description":"Cabezales procesadores LF Los cabezales de la serie LF se caracterizan por su dise\u00f1o esbelto y compacto combinado con la m\u00e1xima productividad y fiabilidad. Los cabezales est\u00e1n dise\u00f1ados de acuerdo con nuestro concepto de baja fricci\u00f3n para obtener la m\u00e1xima rentabilidad. Independientemente de que trabaje en el \u00e1mbito del raleo inicial, la tala final o [&hellip;]","og_url":"https:\/\/spmaskiner.com\/es\/cabezales-procesadores\/cabezales-procesadores-lf\/","og_site_name":"SP Maskiner","article_modified_time":"2025-10-27T15:00:31+00:00","og_image":[{"width":747,"height":900,"url":"https:\/\/spmaskiner.com\/wp-content\/uploads\/2025\/06\/461-NG-hemsida-kopiera.jpg","type":"image\/jpeg"}],"twitter_card":"summary_large_image","schema":{"@context":"https:\/\/schema.org","@graph":[{"@type":"WebPage","@id":"https:\/\/spmaskiner.com\/es\/cabezales-procesadores\/cabezales-procesadores-lf\/","url":"https:\/\/spmaskiner.com\/es\/cabezales-procesadores\/cabezales-procesadores-lf\/","name":"Cabezales procesadores LF - SP Maskiner","isPartOf":{"@id":"https:\/\/spmaskiner.com\/es\/#website"},"primaryImageOfPage":{"@id":"https:\/\/spmaskiner.com\/es\/cabezales-procesadores\/cabezales-procesadores-lf\/#primaryimage"},"image":{"@id":"https:\/\/spmaskiner.com\/es\/cabezales-procesadores\/cabezales-procesadores-lf\/#primaryimage"},"thumbnailUrl":"https:\/\/spmaskiner.com\/wp-content\/uploads\/2025\/06\/461-NG-hemsida-kopiera.jpg","datePublished":"2021-03-14T10:20:52+00:00","dateModified":"2025-10-27T15:00:31+00:00","breadcrumb":{"@id":"https:\/\/spmaskiner.com\/es\/cabezales-procesadores\/cabezales-procesadores-lf\/#breadcrumb"},"inLanguage":"es","potentialAction":[{"@type":"ReadAction","target":["https:\/\/spmaskiner.com\/es\/cabezales-procesadores\/cabezales-procesadores-lf\/"]}]},{"@type":"ImageObject","inLanguage":"es","@id":"https:\/\/spmaskiner.com\/es\/cabezales-procesadores\/cabezales-procesadores-lf\/#primaryimage","url":"https:\/\/spmaskiner.com\/wp-content\/uploads\/2025\/06\/461-NG-hemsida-kopiera.jpg","contentUrl":"https:\/\/spmaskiner.com\/wp-content\/uploads\/2025\/06\/461-NG-hemsida-kopiera.jpg"},{"@type":"BreadcrumbList","@id":"https:\/\/spmaskiner.com\/es\/cabezales-procesadores\/cabezales-procesadores-lf\/#breadcrumb","itemListElement":[{"@type":"ListItem","position":1,"name":"Home","item":"https:\/\/spmaskiner.com\/es\/"},{"@type":"ListItem","position":2,"name":"Cabezales procesadores","item":"https:\/\/spmaskiner.com\/es\/cabezales-procesadores\/"},{"@type":"ListItem","position":3,"name":"Cabezales procesadores LF"}]},{"@type":"WebSite","@id":"https:\/\/spmaskiner.com\/es\/#website","url":"https:\/\/spmaskiner.com\/es\/","name":"SP Maskiner","description":"Always ahead","publisher":{"@id":"https:\/\/spmaskiner.com\/es\/#organization"},"potentialAction":[{"@type":"SearchAction","target":{"@type":"EntryPoint","urlTemplate":"https:\/\/spmaskiner.com\/es\/?s={search_term_string}"},"query-input":{"@type":"PropertyValueSpecification","valueRequired":true,"valueName":"search_term_string"}}],"inLanguage":"es"},{"@type":"Organization","@id":"https:\/\/spmaskiner.com\/es\/#organization","name":"SP Maskiner","url":"https:\/\/spmaskiner.com\/es\/","logo":{"@type":"ImageObject","inLanguage":"es","@id":"https:\/\/spmaskiner.com\/es\/#\/schema\/logo\/image\/","url":"https:\/\/spmaskiner.com\/wp-content\/uploads\/2021\/03\/spmaskiner-logotyp.png","contentUrl":"https:\/\/spmaskiner.com\/wp-content\/uploads\/2021\/03\/spmaskiner-logotyp.png","width":350,"height":65,"caption":"SP Maskiner"},"image":{"@id":"https:\/\/spmaskiner.com\/es\/#\/schema\/logo\/image\/"}}]}},"_links":{"self":[{"href":"https:\/\/spmaskiner.com\/es\/wp-json\/wp\/v2\/pages\/7647","targetHints":{"allow":["GET"]}}],"collection":[{"href":"https:\/\/spmaskiner.com\/es\/wp-json\/wp\/v2\/pages"}],"about":[{"href":"https:\/\/spmaskiner.com\/es\/wp-json\/wp\/v2\/types\/page"}],"author":[{"embeddable":true,"href":"https:\/\/spmaskiner.com\/es\/wp-json\/wp\/v2\/users\/1"}],"replies":[{"embeddable":true,"href":"https:\/\/spmaskiner.com\/es\/wp-json\/wp\/v2\/comments?post=7647"}],"version-history":[{"count":9,"href":"https:\/\/spmaskiner.com\/es\/wp-json\/wp\/v2\/pages\/7647\/revisions"}],"predecessor-version":[{"id":12146,"href":"https:\/\/spmaskiner.com\/es\/wp-json\/wp\/v2\/pages\/7647\/revisions\/12146"}],"up":[{"embeddable":true,"href":"https:\/\/spmaskiner.com\/es\/wp-json\/wp\/v2\/pages\/7628"}],"wp:attachment":[{"href":"https:\/\/spmaskiner.com\/es\/wp-json\/wp\/v2\/media?parent=7647"}],"curies":[{"name":"wp","href":"https:\/\/api.w.org\/{rel}","templated":true}]}}