{"id":7717,"date":"2021-04-09T11:03:46","date_gmt":"2021-04-09T09:03:46","guid":{"rendered":"https:\/\/spmaskiner.com\/cabezales-procesadores\/cabezales-procesadores-lf\/cabezales-procesadores-sp-761-lf\/sp-761-lf-accesorios-y-equipamiento\/"},"modified":"2026-02-19T11:36:24","modified_gmt":"2026-02-19T10:36:24","slug":"sp-761-lf-accesorios-y-equipamiento","status":"publish","type":"page","link":"https:\/\/spmaskiner.com\/es\/cabezales-procesadores\/cabezales-procesadores-lf\/cabezales-procesadores-sp-761-lf\/sp-761-lf-accesorios-y-equipamiento\/","title":{"rendered":"SP 761 LF Accesorios y equipamiento"},"content":{"rendered":"\t\t<div data-elementor-type=\"wp-page\" data-elementor-id=\"7717\" class=\"elementor elementor-7717 elementor-3056\" data-elementor-post-type=\"page\">\n\t\t\t\t\t\t<section class=\"elementor-section elementor-top-section elementor-element elementor-element-350464f9 elementor-section-height-min-height elementor-section-items-top product-top-section elementor-section-boxed elementor-section-height-default\" data-id=\"350464f9\" data-element_type=\"section\" data-e-type=\"section\" data-settings=\"{&quot;background_background&quot;:&quot;classic&quot;}\">\n\t\t\t\t\t\t<div class=\"elementor-container elementor-column-gap-default\">\n\t\t\t\t\t<div class=\"elementor-column elementor-col-50 elementor-top-column elementor-element elementor-element-4f64430f\" data-id=\"4f64430f\" data-element_type=\"column\" data-e-type=\"column\" data-settings=\"{&quot;background_background&quot;:&quot;classic&quot;}\">\n\t\t\t<div class=\"elementor-widget-wrap elementor-element-populated\">\n\t\t\t\t\t\t<div class=\"elementor-element elementor-element-85aeac0 elementor-widget__width-auto elementor-widget elementor-widget-heading\" data-id=\"85aeac0\" data-element_type=\"widget\" data-e-type=\"widget\" data-widget_type=\"heading.default\">\n\t\t\t\t<div class=\"elementor-widget-container\">\n\t\t\t\t\t<h2 class=\"elementor-heading-title elementor-size-default\">SP 761 LF<\/h2>\t\t\t\t<\/div>\n\t\t\t\t<\/div>\n\t\t\t\t\t<\/div>\n\t\t<\/div>\n\t\t\t\t<div class=\"elementor-column elementor-col-50 elementor-top-column elementor-element elementor-element-13cf71ea\" data-id=\"13cf71ea\" data-element_type=\"column\" data-e-type=\"column\" data-settings=\"{&quot;background_background&quot;:&quot;classic&quot;}\">\n\t\t\t<div class=\"elementor-widget-wrap\">\n\t\t\t\t\t\t\t<\/div>\n\t\t<\/div>\n\t\t\t\t\t<\/div>\n\t\t<\/section>\n\t\t\t\t<section class=\"elementor-section elementor-top-section elementor-element elementor-element-62a7671a elementor-section-full_width elementor-section-height-default elementor-section-height-default\" data-id=\"62a7671a\" data-element_type=\"section\" data-e-type=\"section\">\n\t\t\t\t\t\t<div class=\"elementor-container elementor-column-gap-default\">\n\t\t\t\t\t<div class=\"elementor-column elementor-col-100 elementor-top-column elementor-element elementor-element-7a34a1e8\" data-id=\"7a34a1e8\" data-element_type=\"column\" data-e-type=\"column\">\n\t\t\t<div class=\"elementor-widget-wrap elementor-element-populated\">\n\t\t\t\t\t\t<div class=\"elementor-element elementor-element-129c11f elementor-nav-menu__align-center elementor-nav-menu--dropdown-mobile elementor-nav-menu__text-align-aside elementor-nav-menu--toggle elementor-nav-menu--burger elementor-widget elementor-widget-nav-menu\" data-id=\"129c11f\" data-element_type=\"widget\" data-e-type=\"widget\" id=\"product-menu\" data-settings=\"{&quot;layout&quot;:&quot;horizontal&quot;,&quot;submenu_icon&quot;:{&quot;value&quot;:&quot;&lt;i class=\\&quot;fas fa-caret-down\\&quot; aria-hidden=\\&quot;true\\&quot;&gt;&lt;\\\/i&gt;&quot;,&quot;library&quot;:&quot;fa-solid&quot;},&quot;toggle&quot;:&quot;burger&quot;}\" data-widget_type=\"nav-menu.default\">\n\t\t\t\t<div class=\"elementor-widget-container\">\n\t\t\t\t\t\t\t\t<nav aria-label=\"Meny\" class=\"elementor-nav-menu--main elementor-nav-menu__container elementor-nav-menu--layout-horizontal e--pointer-background e--animation-fade\">\n\t\t\t\t<ul id=\"menu-1-129c11f\" class=\"elementor-nav-menu\"><li class=\"menu-item menu-item-type-post_type menu-item-object-page menu-item-8065\"><a href=\"https:\/\/spmaskiner.com\/es\/cabezales-procesadores\/cabezales-procesadores-lf\/cabezales-procesadores-sp-761-lf\/\" class=\"elementor-item menu-link\">Informaci\u00f3n del Producto<\/a><\/li>\n<li class=\"menu-item menu-item-type-post_type menu-item-object-page menu-item-8066\"><a href=\"https:\/\/spmaskiner.com\/es\/cabezales-procesadores\/cabezales-procesadores-lf\/cabezales-procesadores-sp-761-lf\/sp-761-lf-ficha-tecnica\/\" class=\"elementor-item menu-link\">Ficha t\u00e9cnica<\/a><\/li>\n<li class=\"menu-item menu-item-type-post_type menu-item-object-page menu-item-8067\"><a href=\"https:\/\/spmaskiner.com\/es\/cabezales-procesadores\/cabezales-procesadores-lf\/cabezales-procesadores-sp-761-lf\/sp-761-lf-ventajas-para-el-cliente\/\" class=\"elementor-item menu-link\">Ventajas para el cliente<\/a><\/li>\n<li class=\"menu-item menu-item-type-post_type menu-item-object-page menu-item-8068\"><a href=\"https:\/\/spmaskiner.com\/es\/cabezales-procesadores\/cabezales-procesadores-lf\/cabezales-procesadores-sp-761-lf\/sp-761-lf-sistemas-de-control\/\" class=\"elementor-item menu-link\">Sistemas de control<\/a><\/li>\n<li class=\"menu-item menu-item-type-post_type menu-item-object-page menu-item-8069\"><a href=\"https:\/\/spmaskiner.com\/es\/cabezales-procesadores\/cabezales-procesadores-lf\/cabezales-procesadores-sp-761-lf\/sp-761-lf-accesorios-y-equipamiento\/\" class=\"elementor-item menu-link\">Accesorios y equipamiento<\/a><\/li>\n<\/ul>\t\t\t<\/nav>\n\t\t\t\t\t<div class=\"elementor-menu-toggle\" role=\"button\" tabindex=\"0\" aria-label=\"Alternar men\u00fa\" aria-expanded=\"false\">\n\t\t\t<i aria-hidden=\"true\" role=\"presentation\" class=\"elementor-menu-toggle__icon--open eicon-menu-bar\"><\/i><i aria-hidden=\"true\" role=\"presentation\" class=\"elementor-menu-toggle__icon--close eicon-close\"><\/i>\t\t<\/div>\n\t\t\t\t\t<nav class=\"elementor-nav-menu--dropdown elementor-nav-menu__container\" aria-hidden=\"true\">\n\t\t\t\t<ul id=\"menu-2-129c11f\" class=\"elementor-nav-menu\"><li class=\"menu-item menu-item-type-post_type menu-item-object-page menu-item-8065\"><a href=\"https:\/\/spmaskiner.com\/es\/cabezales-procesadores\/cabezales-procesadores-lf\/cabezales-procesadores-sp-761-lf\/\" class=\"elementor-item menu-link\" tabindex=\"-1\">Informaci\u00f3n del Producto<\/a><\/li>\n<li class=\"menu-item menu-item-type-post_type menu-item-object-page menu-item-8066\"><a href=\"https:\/\/spmaskiner.com\/es\/cabezales-procesadores\/cabezales-procesadores-lf\/cabezales-procesadores-sp-761-lf\/sp-761-lf-ficha-tecnica\/\" class=\"elementor-item menu-link\" tabindex=\"-1\">Ficha t\u00e9cnica<\/a><\/li>\n<li class=\"menu-item menu-item-type-post_type menu-item-object-page menu-item-8067\"><a href=\"https:\/\/spmaskiner.com\/es\/cabezales-procesadores\/cabezales-procesadores-lf\/cabezales-procesadores-sp-761-lf\/sp-761-lf-ventajas-para-el-cliente\/\" class=\"elementor-item menu-link\" tabindex=\"-1\">Ventajas para el cliente<\/a><\/li>\n<li class=\"menu-item menu-item-type-post_type menu-item-object-page menu-item-8068\"><a href=\"https:\/\/spmaskiner.com\/es\/cabezales-procesadores\/cabezales-procesadores-lf\/cabezales-procesadores-sp-761-lf\/sp-761-lf-sistemas-de-control\/\" class=\"elementor-item menu-link\" tabindex=\"-1\">Sistemas de control<\/a><\/li>\n<li class=\"menu-item menu-item-type-post_type menu-item-object-page menu-item-8069\"><a href=\"https:\/\/spmaskiner.com\/es\/cabezales-procesadores\/cabezales-procesadores-lf\/cabezales-procesadores-sp-761-lf\/sp-761-lf-accesorios-y-equipamiento\/\" class=\"elementor-item menu-link\" tabindex=\"-1\">Accesorios y equipamiento<\/a><\/li>\n<\/ul>\t\t\t<\/nav>\n\t\t\t\t\t\t<\/div>\n\t\t\t\t<\/div>\n\t\t\t\t\t<\/div>\n\t\t<\/div>\n\t\t\t\t\t<\/div>\n\t\t<\/section>\n\t\t\t\t<section class=\"elementor-section elementor-top-section elementor-element elementor-element-22f6c59d elementor-section-boxed elementor-section-height-default elementor-section-height-default\" data-id=\"22f6c59d\" data-element_type=\"section\" data-e-type=\"section\">\n\t\t\t\t\t\t<div class=\"elementor-container elementor-column-gap-default\">\n\t\t\t\t\t<div class=\"elementor-column elementor-col-100 elementor-top-column elementor-element elementor-element-5631476\" data-id=\"5631476\" data-element_type=\"column\" data-e-type=\"column\">\n\t\t\t<div class=\"elementor-widget-wrap elementor-element-populated\">\n\t\t\t\t\t\t<div class=\"elementor-element elementor-element-62c405df elementor-widget elementor-widget-heading\" data-id=\"62c405df\" data-element_type=\"widget\" data-e-type=\"widget\" data-widget_type=\"heading.default\">\n\t\t\t\t<div class=\"elementor-widget-container\">\n\t\t\t\t\t<h1 class=\"elementor-heading-title elementor-size-default\">Accesorios y equipamiento -Cabezal procesador SP 761 LF<\/h1>\t\t\t\t<\/div>\n\t\t\t\t<\/div>\n\t\t\t\t<div class=\"elementor-element elementor-element-5c148800 elementor-widget elementor-widget-text-editor\" data-id=\"5c148800\" data-element_type=\"widget\" data-e-type=\"widget\" data-widget_type=\"text-editor.default\">\n\t\t\t\t<div class=\"elementor-widget-container\">\n\t\t\t\t\t\t\t\t\t<div class=\"col-md-8 col-md-offset-2 text-center margin-bottom-lg\">\r\n\r\nTodos nuestros cabezales procesadores incluyen de serie equipamiento de alto nivel. Sin embargo, hay disponibles diferentes accesorios para optimizar el cabezal procesador para diferentes necesidades, veh\u00edculos y condiciones de tala. A continuaci\u00f3n se describen los accesorios m\u00e1s comunes.\r\n\r\nSi desea m\u00e1s informaci\u00f3n sobre los accesorios, p\u00f3ngase en contacto con el concesionario m\u00e1s cercano de SP o con SP Maskiner.\r\n\r\n<\/div>\t\t\t\t\t\t\t\t<\/div>\n\t\t\t\t<\/div>\n\t\t\t\t\t<\/div>\n\t\t<\/div>\n\t\t\t\t\t<\/div>\n\t\t<\/section>\n\t\t\t\t<section class=\"elementor-section elementor-inner-section elementor-element elementor-element-7fe7f08d elementor-section-boxed elementor-section-height-default elementor-section-height-default\" data-id=\"7fe7f08d\" data-element_type=\"section\" data-e-type=\"section\">\n\t\t\t\t\t\t<div class=\"elementor-container elementor-column-gap-default\">\n\t\t\t\t\t<div class=\"elementor-column elementor-col-50 elementor-inner-column elementor-element elementor-element-3ca852ec\" data-id=\"3ca852ec\" data-element_type=\"column\" data-e-type=\"column\">\n\t\t\t<div class=\"elementor-widget-wrap elementor-element-populated\">\n\t\t\t\t\t\t<div class=\"elementor-element elementor-element-2c1f357c elementor-widget elementor-widget-text-editor\" data-id=\"2c1f357c\" data-element_type=\"widget\" data-e-type=\"widget\" data-widget_type=\"text-editor.default\">\n\t\t\t\t<div class=\"elementor-widget-container\">\n\t\t\t\t\t\t\t\t\t<p><strong>Marcado con color<br \/>\n<\/strong>Se utiliza para optimizar el trabajo de autocargado cuando las variedades son dif\u00edciles<br \/>de distinguir solo con la vista.<\/p>\n<p><strong>Funci\u00f3n de Buscar fin<br \/>\n<\/strong>Con la ayuda de un sensor montado en la carcasa de la unidad de sierra, el cabezal localiza autom\u00e1ticamente el extremo del tallo con solo presionar un bot\u00f3n.<\/p>\n<p><strong>Sierra superior<br \/>\n<\/strong>Simplifica la cosecha de bosques de madera dura con muchas horquillas y la cosecha<br \/>de rodales con muchas roturas superiores.<\/p>\n<p><strong>Motores de rodillos<br \/>\n<\/strong>Hay disponibles motores de rodillos de diferentes tama\u00f1os para optimizar el rendimiento<br \/>del cabezal en funci\u00f3n de las condiciones de trabajo y el tama\u00f1o de la m\u00e1quina base.<br \/>Puede elegir entre tres cilindradas fijas: 934\u00a0cc, 1043\u00a0cc y 1248\u00a0cc.<\/p>\n<p><strong>Luz para la carcasa de la unidad de sierra<br \/>\n<\/strong>Una l\u00e1mpara LED en la carcasa de la unidad de sierra ofrece iluminaci\u00f3n adicional sobre<br \/>el \u00e1rea de trabajo.<\/p>\n<p><strong>Kit para eucaliptos<br \/>\n<\/strong>Kit de descortezado para eucaliptos.<\/p>\n<p><strong>Cuchillas procesadoras<br \/>\n<\/strong>Cuchillas de desrame especialmente dise\u00f1adas que simplifican y optimizan el proceso de recolecci\u00f3n de tallos de una pila cuando el cabezal se utiliza como procesador para bosques pretalados.<\/p>\n\t\t\t\t\t\t\t\t<\/div>\n\t\t\t\t<\/div>\n\t\t\t\t\t<\/div>\n\t\t<\/div>\n\t\t\t\t<div class=\"elementor-column elementor-col-50 elementor-inner-column elementor-element elementor-element-659e0afe\" data-id=\"659e0afe\" data-element_type=\"column\" data-e-type=\"column\">\n\t\t\t<div class=\"elementor-widget-wrap elementor-element-populated\">\n\t\t\t\t\t\t<div class=\"elementor-element elementor-element-29d8c576 elementor-widget elementor-widget-text-editor\" data-id=\"29d8c576\" data-element_type=\"widget\" data-e-type=\"widget\" data-widget_type=\"text-editor.default\">\n\t\t\t\t<div class=\"elementor-widget-container\">\n\t\t\t\t\t\t\t\t\t<p><strong>Rodillos de alimentaci\u00f3n<br \/>\n<\/strong>Hay disponibles varios modelos y variantes diferentes de rodillos de alimentaci\u00f3n para adaptarse a las diferentes condiciones y necesidades.<\/p>\n<p><strong>Integraci\u00f3n del sistema de medici\u00f3n<\/strong><\/p>\n<p>Nuestros cabezales de cosechadora se pueden utilizar con pr\u00e1cticamente todos los sistemas de control y medici\u00f3n del mercado, lo que significa que no hay necesidad de aprender o invertir en un nuevo sistema inform\u00e1tico cuando se decante por un cabezal de SP. Como resultado de ello, a diferencia de muchas otras marcas en el mercado, la instalaci\u00f3n de un cabezal SP no requiere la conversi\u00f3n del sistema de control existente ni de ning\u00fan sistema electr\u00f3nico adicional.<\/p>\n<p><strong>Dasa 7 &#8211; Inal\u00e1mbrico o por cable <\/strong><\/p>\n<p>El Dasa 7 est\u00e1 disponible en dos versiones diferentes, inal\u00e1mbrico y con cable, ambos disponibles con el software H50, H60 o H70 para poder adaptarse perfectamente a las necesidades de sus operaciones de tala.<\/p>\n\t\t\t\t\t\t\t\t<\/div>\n\t\t\t\t<\/div>\n\t\t\t\t\t<\/div>\n\t\t<\/div>\n\t\t\t\t\t<\/div>\n\t\t<\/section>\n\t\t\t\t<\/div>\n\t\t","protected":false},"excerpt":{"rendered":"<p>SP 761 LF Accesorios y equipamiento -Cabezal procesador SP 761 LF Todos nuestros cabezales procesadores incluyen de serie equipamiento de alto nivel. Sin embargo, hay disponibles diferentes accesorios para optimizar el cabezal procesador para diferentes necesidades, veh\u00edculos y condiciones de tala. A continuaci\u00f3n se describen los accesorios m\u00e1s comunes. Si desea m\u00e1s informaci\u00f3n sobre los [&hellip;]<\/p>\n","protected":false},"author":1,"featured_media":0,"parent":7709,"menu_order":354,"comment_status":"closed","ping_status":"closed","template":"","meta":{"_acf_changed":false,"site-sidebar-layout":"no-sidebar","site-content-layout":"page-builder","ast-site-content-layout":"default","site-content-style":"default","site-sidebar-style":"default","ast-global-header-display":"","ast-banner-title-visibility":"","ast-main-header-display":"","ast-hfb-above-header-display":"","ast-hfb-below-header-display":"","ast-hfb-mobile-header-display":"","site-post-title":"disabled","ast-breadcrumbs-content":"","ast-featured-img":"disabled","footer-sml-layout":"","ast-disable-related-posts":"","theme-transparent-header-meta":"default","adv-header-id-meta":"","stick-header-meta":"","header-above-stick-meta":"","header-main-stick-meta":"","header-below-stick-meta":"","astra-migrate-meta-layouts":"default","ast-page-background-enabled":"default","ast-page-background-meta":{"desktop":{"background-color":"","background-image":"","background-repeat":"repeat","background-position":"center center","background-size":"auto","background-attachment":"scroll","background-type":"","background-media":"","overlay-type":"","overlay-color":"","overlay-opacity":"","overlay-gradient":""},"tablet":{"background-color":"","background-image":"","background-repeat":"repeat","background-position":"center center","background-size":"auto","background-attachment":"scroll","background-type":"","background-media":"","overlay-type":"","overlay-color":"","overlay-opacity":"","overlay-gradient":""},"mobile":{"background-color":"","background-image":"","background-repeat":"repeat","background-position":"center center","background-size":"auto","background-attachment":"scroll","background-type":"","background-media":"","overlay-type":"","overlay-color":"","overlay-opacity":"","overlay-gradient":""}},"ast-content-background-meta":{"desktop":{"background-color":"var(--ast-global-color-5)","background-image":"","background-repeat":"repeat","background-position":"center center","background-size":"auto","background-attachment":"scroll","background-type":"","background-media":"","overlay-type":"","overlay-color":"","overlay-opacity":"","overlay-gradient":""},"tablet":{"background-color":"var(--ast-global-color-5)","background-image":"","background-repeat":"repeat","background-position":"center center","background-size":"auto","background-attachment":"scroll","background-type":"","background-media":"","overlay-type":"","overlay-color":"","overlay-opacity":"","overlay-gradient":""},"mobile":{"background-color":"var(--ast-global-color-5)","background-image":"","background-repeat":"repeat","background-position":"center center","background-size":"auto","background-attachment":"scroll","background-type":"","background-media":"","overlay-type":"","overlay-color":"","overlay-opacity":"","overlay-gradient":""}},"footnotes":""},"class_list":["post-7717","page","type-page","status-publish","hentry"],"acf":[],"yoast_head":"<!-- This site is optimized with the Yoast SEO plugin v26.9 - https:\/\/yoast.com\/product\/yoast-seo-wordpress\/ -->\n<title>SP 761 LF Accesorios y equipamiento - SP Maskiner<\/title>\n<meta name=\"robots\" content=\"index, follow, max-snippet:-1, max-image-preview:large, max-video-preview:-1\" \/>\n<link rel=\"canonical\" href=\"https:\/\/spmaskiner.com\/es\/cabezales-procesadores\/cabezales-procesadores-lf\/cabezales-procesadores-sp-761-lf\/sp-761-lf-accesorios-y-equipamiento\/\" \/>\n<meta property=\"og:locale\" content=\"es_ES\" \/>\n<meta property=\"og:type\" content=\"article\" \/>\n<meta property=\"og:title\" content=\"SP 761 LF Accesorios y equipamiento - SP Maskiner\" \/>\n<meta property=\"og:description\" content=\"SP 761 LF Accesorios y equipamiento -Cabezal procesador SP 761 LF Todos nuestros cabezales procesadores incluyen de serie equipamiento de alto nivel. Sin embargo, hay disponibles diferentes accesorios para optimizar el cabezal procesador para diferentes necesidades, veh\u00edculos y condiciones de tala. A continuaci\u00f3n se describen los accesorios m\u00e1s comunes. Si desea m\u00e1s informaci\u00f3n sobre los [&hellip;]\" \/>\n<meta property=\"og:url\" content=\"https:\/\/spmaskiner.com\/es\/cabezales-procesadores\/cabezales-procesadores-lf\/cabezales-procesadores-sp-761-lf\/sp-761-lf-accesorios-y-equipamiento\/\" \/>\n<meta property=\"og:site_name\" content=\"SP Maskiner\" \/>\n<meta property=\"article:modified_time\" content=\"2026-02-19T10:36:24+00:00\" \/>\n<meta name=\"twitter:card\" content=\"summary_large_image\" \/>\n<script type=\"application\/ld+json\" class=\"yoast-schema-graph\">{\"@context\":\"https:\/\/schema.org\",\"@graph\":[{\"@type\":\"WebPage\",\"@id\":\"https:\/\/spmaskiner.com\/es\/cabezales-procesadores\/cabezales-procesadores-lf\/cabezales-procesadores-sp-761-lf\/sp-761-lf-accesorios-y-equipamiento\/\",\"url\":\"https:\/\/spmaskiner.com\/es\/cabezales-procesadores\/cabezales-procesadores-lf\/cabezales-procesadores-sp-761-lf\/sp-761-lf-accesorios-y-equipamiento\/\",\"name\":\"SP 761 LF Accesorios y equipamiento - SP Maskiner\",\"isPartOf\":{\"@id\":\"https:\/\/spmaskiner.com\/es\/#website\"},\"datePublished\":\"2021-04-09T09:03:46+00:00\",\"dateModified\":\"2026-02-19T10:36:24+00:00\",\"breadcrumb\":{\"@id\":\"https:\/\/spmaskiner.com\/es\/cabezales-procesadores\/cabezales-procesadores-lf\/cabezales-procesadores-sp-761-lf\/sp-761-lf-accesorios-y-equipamiento\/#breadcrumb\"},\"inLanguage\":\"es\",\"potentialAction\":[{\"@type\":\"ReadAction\",\"target\":[\"https:\/\/spmaskiner.com\/es\/cabezales-procesadores\/cabezales-procesadores-lf\/cabezales-procesadores-sp-761-lf\/sp-761-lf-accesorios-y-equipamiento\/\"]}]},{\"@type\":\"BreadcrumbList\",\"@id\":\"https:\/\/spmaskiner.com\/es\/cabezales-procesadores\/cabezales-procesadores-lf\/cabezales-procesadores-sp-761-lf\/sp-761-lf-accesorios-y-equipamiento\/#breadcrumb\",\"itemListElement\":[{\"@type\":\"ListItem\",\"position\":1,\"name\":\"Home\",\"item\":\"https:\/\/spmaskiner.com\/es\/\"},{\"@type\":\"ListItem\",\"position\":2,\"name\":\"Cabezales procesadores\",\"item\":\"https:\/\/spmaskiner.com\/es\/cabezales-procesadores\/\"},{\"@type\":\"ListItem\",\"position\":3,\"name\":\"Cabezales procesadores LF\",\"item\":\"https:\/\/spmaskiner.com\/es\/harvester-heads\/harvester-heads-lf\/\"},{\"@type\":\"ListItem\",\"position\":4,\"name\":\"Cabezal procesador SP 761 LF\",\"item\":\"https:\/\/spmaskiner.com\/es\/harvester-heads\/harvester-heads-lf\/harvester-head-sp-761-lf\/\"},{\"@type\":\"ListItem\",\"position\":5,\"name\":\"SP 761 LF Accesorios y equipamiento\"}]},{\"@type\":\"WebSite\",\"@id\":\"https:\/\/spmaskiner.com\/es\/#website\",\"url\":\"https:\/\/spmaskiner.com\/es\/\",\"name\":\"SP Maskiner\",\"description\":\"Always ahead\",\"publisher\":{\"@id\":\"https:\/\/spmaskiner.com\/es\/#organization\"},\"potentialAction\":[{\"@type\":\"SearchAction\",\"target\":{\"@type\":\"EntryPoint\",\"urlTemplate\":\"https:\/\/spmaskiner.com\/es\/?s={search_term_string}\"},\"query-input\":{\"@type\":\"PropertyValueSpecification\",\"valueRequired\":true,\"valueName\":\"search_term_string\"}}],\"inLanguage\":\"es\"},{\"@type\":\"Organization\",\"@id\":\"https:\/\/spmaskiner.com\/es\/#organization\",\"name\":\"SP Maskiner\",\"url\":\"https:\/\/spmaskiner.com\/es\/\",\"logo\":{\"@type\":\"ImageObject\",\"inLanguage\":\"es\",\"@id\":\"https:\/\/spmaskiner.com\/es\/#\/schema\/logo\/image\/\",\"url\":\"https:\/\/spmaskiner.com\/wp-content\/uploads\/2021\/03\/spmaskiner-logotyp.png\",\"contentUrl\":\"https:\/\/spmaskiner.com\/wp-content\/uploads\/2021\/03\/spmaskiner-logotyp.png\",\"width\":350,\"height\":65,\"caption\":\"SP Maskiner\"},\"image\":{\"@id\":\"https:\/\/spmaskiner.com\/es\/#\/schema\/logo\/image\/\"}}]}<\/script>\n<!-- \/ Yoast SEO plugin. -->","yoast_head_json":{"title":"SP 761 LF Accesorios y equipamiento - SP Maskiner","robots":{"index":"index","follow":"follow","max-snippet":"max-snippet:-1","max-image-preview":"max-image-preview:large","max-video-preview":"max-video-preview:-1"},"canonical":"https:\/\/spmaskiner.com\/es\/cabezales-procesadores\/cabezales-procesadores-lf\/cabezales-procesadores-sp-761-lf\/sp-761-lf-accesorios-y-equipamiento\/","og_locale":"es_ES","og_type":"article","og_title":"SP 761 LF Accesorios y equipamiento - SP Maskiner","og_description":"SP 761 LF Accesorios y equipamiento -Cabezal procesador SP 761 LF Todos nuestros cabezales procesadores incluyen de serie equipamiento de alto nivel. Sin embargo, hay disponibles diferentes accesorios para optimizar el cabezal procesador para diferentes necesidades, veh\u00edculos y condiciones de tala. A continuaci\u00f3n se describen los accesorios m\u00e1s comunes. Si desea m\u00e1s informaci\u00f3n sobre los [&hellip;]","og_url":"https:\/\/spmaskiner.com\/es\/cabezales-procesadores\/cabezales-procesadores-lf\/cabezales-procesadores-sp-761-lf\/sp-761-lf-accesorios-y-equipamiento\/","og_site_name":"SP Maskiner","article_modified_time":"2026-02-19T10:36:24+00:00","twitter_card":"summary_large_image","schema":{"@context":"https:\/\/schema.org","@graph":[{"@type":"WebPage","@id":"https:\/\/spmaskiner.com\/es\/cabezales-procesadores\/cabezales-procesadores-lf\/cabezales-procesadores-sp-761-lf\/sp-761-lf-accesorios-y-equipamiento\/","url":"https:\/\/spmaskiner.com\/es\/cabezales-procesadores\/cabezales-procesadores-lf\/cabezales-procesadores-sp-761-lf\/sp-761-lf-accesorios-y-equipamiento\/","name":"SP 761 LF Accesorios y equipamiento - SP Maskiner","isPartOf":{"@id":"https:\/\/spmaskiner.com\/es\/#website"},"datePublished":"2021-04-09T09:03:46+00:00","dateModified":"2026-02-19T10:36:24+00:00","breadcrumb":{"@id":"https:\/\/spmaskiner.com\/es\/cabezales-procesadores\/cabezales-procesadores-lf\/cabezales-procesadores-sp-761-lf\/sp-761-lf-accesorios-y-equipamiento\/#breadcrumb"},"inLanguage":"es","potentialAction":[{"@type":"ReadAction","target":["https:\/\/spmaskiner.com\/es\/cabezales-procesadores\/cabezales-procesadores-lf\/cabezales-procesadores-sp-761-lf\/sp-761-lf-accesorios-y-equipamiento\/"]}]},{"@type":"BreadcrumbList","@id":"https:\/\/spmaskiner.com\/es\/cabezales-procesadores\/cabezales-procesadores-lf\/cabezales-procesadores-sp-761-lf\/sp-761-lf-accesorios-y-equipamiento\/#breadcrumb","itemListElement":[{"@type":"ListItem","position":1,"name":"Home","item":"https:\/\/spmaskiner.com\/es\/"},{"@type":"ListItem","position":2,"name":"Cabezales procesadores","item":"https:\/\/spmaskiner.com\/es\/cabezales-procesadores\/"},{"@type":"ListItem","position":3,"name":"Cabezales procesadores LF","item":"https:\/\/spmaskiner.com\/es\/harvester-heads\/harvester-heads-lf\/"},{"@type":"ListItem","position":4,"name":"Cabezal procesador SP 761 LF","item":"https:\/\/spmaskiner.com\/es\/harvester-heads\/harvester-heads-lf\/harvester-head-sp-761-lf\/"},{"@type":"ListItem","position":5,"name":"SP 761 LF Accesorios y equipamiento"}]},{"@type":"WebSite","@id":"https:\/\/spmaskiner.com\/es\/#website","url":"https:\/\/spmaskiner.com\/es\/","name":"SP Maskiner","description":"Always ahead","publisher":{"@id":"https:\/\/spmaskiner.com\/es\/#organization"},"potentialAction":[{"@type":"SearchAction","target":{"@type":"EntryPoint","urlTemplate":"https:\/\/spmaskiner.com\/es\/?s={search_term_string}"},"query-input":{"@type":"PropertyValueSpecification","valueRequired":true,"valueName":"search_term_string"}}],"inLanguage":"es"},{"@type":"Organization","@id":"https:\/\/spmaskiner.com\/es\/#organization","name":"SP Maskiner","url":"https:\/\/spmaskiner.com\/es\/","logo":{"@type":"ImageObject","inLanguage":"es","@id":"https:\/\/spmaskiner.com\/es\/#\/schema\/logo\/image\/","url":"https:\/\/spmaskiner.com\/wp-content\/uploads\/2021\/03\/spmaskiner-logotyp.png","contentUrl":"https:\/\/spmaskiner.com\/wp-content\/uploads\/2021\/03\/spmaskiner-logotyp.png","width":350,"height":65,"caption":"SP Maskiner"},"image":{"@id":"https:\/\/spmaskiner.com\/es\/#\/schema\/logo\/image\/"}}]}},"_links":{"self":[{"href":"https:\/\/spmaskiner.com\/es\/wp-json\/wp\/v2\/pages\/7717","targetHints":{"allow":["GET"]}}],"collection":[{"href":"https:\/\/spmaskiner.com\/es\/wp-json\/wp\/v2\/pages"}],"about":[{"href":"https:\/\/spmaskiner.com\/es\/wp-json\/wp\/v2\/types\/page"}],"author":[{"embeddable":true,"href":"https:\/\/spmaskiner.com\/es\/wp-json\/wp\/v2\/users\/1"}],"replies":[{"embeddable":true,"href":"https:\/\/spmaskiner.com\/es\/wp-json\/wp\/v2\/comments?post=7717"}],"version-history":[{"count":6,"href":"https:\/\/spmaskiner.com\/es\/wp-json\/wp\/v2\/pages\/7717\/revisions"}],"predecessor-version":[{"id":12722,"href":"https:\/\/spmaskiner.com\/es\/wp-json\/wp\/v2\/pages\/7717\/revisions\/12722"}],"up":[{"embeddable":true,"href":"https:\/\/spmaskiner.com\/es\/wp-json\/wp\/v2\/pages\/7709"}],"wp:attachment":[{"href":"https:\/\/spmaskiner.com\/es\/wp-json\/wp\/v2\/media?parent=7717"}],"curies":[{"name":"wp","href":"https:\/\/api.w.org\/{rel}","templated":true}]}}