{"id":7823,"date":"2021-03-25T10:10:29","date_gmt":"2021-03-25T09:10:29","guid":{"rendered":"https:\/\/spmaskiner.com\/informacion-de-la-empresa\/informacion-de-la-empresa\/"},"modified":"2022-05-31T09:56:23","modified_gmt":"2022-05-31T07:56:23","slug":"informacion-de-la-empresa","status":"publish","type":"page","link":"https:\/\/spmaskiner.com\/es\/informacion-de-la-empresa\/informacion-de-la-empresa\/","title":{"rendered":"Informaci\u00f3n de la empresa"},"content":{"rendered":"\t\t<div data-elementor-type=\"wp-page\" data-elementor-id=\"7823\" class=\"elementor elementor-7823 elementor-1499\" data-elementor-post-type=\"page\">\n\t\t\t\t\t\t<section class=\"elementor-section elementor-top-section elementor-element elementor-element-38057d05 elementor-section-content-top elementor-section-boxed elementor-section-height-default elementor-section-height-default\" data-id=\"38057d05\" data-element_type=\"section\" data-e-type=\"section\">\n\t\t\t\t\t\t<div class=\"elementor-container elementor-column-gap-no\">\n\t\t\t\t\t<nav class=\"elementor-column elementor-col-50 elementor-top-column elementor-element elementor-element-33112c16 elementor-hidden-tablet elementor-hidden-phone elementor-invisible\" data-id=\"33112c16\" data-element_type=\"column\" data-e-type=\"column\" id=\"news-block\" data-settings=\"{&quot;animation&quot;:&quot;fadeIn&quot;}\">\n\t\t\t<div class=\"elementor-widget-wrap elementor-element-populated\">\n\t\t\t\t\t\t\t<\/div>\n\t\t<\/nav>\n\t\t\t\t<article class=\"elementor-column elementor-col-50 elementor-top-column elementor-element elementor-element-1574c4e1\" data-id=\"1574c4e1\" data-element_type=\"column\" data-e-type=\"column\">\n\t\t\t<div class=\"elementor-widget-wrap elementor-element-populated\">\n\t\t\t\t\t\t<div class=\"elementor-element elementor-element-19c89396 elementor-widget elementor-widget-heading\" data-id=\"19c89396\" data-element_type=\"widget\" data-e-type=\"widget\" data-widget_type=\"heading.default\">\n\t\t\t\t<div class=\"elementor-widget-container\">\n\t\t\t\t\t<h1 class=\"elementor-heading-title elementor-size-default\">Informaci\u00f3n de la empresa<\/h1>\t\t\t\t<\/div>\n\t\t\t\t<\/div>\n\t\t\t\t<div class=\"elementor-element elementor-element-722aa59 elementor-widget elementor-widget-image\" data-id=\"722aa59\" data-element_type=\"widget\" data-e-type=\"widget\" data-widget_type=\"image.default\">\n\t\t\t\t<div class=\"elementor-widget-container\">\n\t\t\t\t\t\t\t\t\t\t\t\t\t\t\t<img loading=\"lazy\" decoding=\"async\" width=\"1024\" height=\"533\" src=\"https:\/\/spmaskiner.com\/wp-content\/uploads\/2021\/04\/sp661lf-landing-1-1024x533.jpg\" class=\"attachment-large size-large wp-image-7543\" alt=\"\" srcset=\"https:\/\/spmaskiner.com\/wp-content\/uploads\/2021\/04\/sp661lf-landing-1-1024x533.jpg 1024w, https:\/\/spmaskiner.com\/wp-content\/uploads\/2021\/04\/sp661lf-landing-1-300x156.jpg 300w, https:\/\/spmaskiner.com\/wp-content\/uploads\/2021\/04\/sp661lf-landing-1-768x400.jpg 768w, https:\/\/spmaskiner.com\/wp-content\/uploads\/2021\/04\/sp661lf-landing-1-1536x800.jpg 1536w, https:\/\/spmaskiner.com\/wp-content\/uploads\/2021\/04\/sp661lf-landing-1.jpg 1920w\" sizes=\"auto, (max-width: 1024px) 100vw, 1024px\" \/>\t\t\t\t\t\t\t\t\t\t\t\t\t\t\t<\/div>\n\t\t\t\t<\/div>\n\t\t\t\t<div class=\"elementor-element elementor-element-6a7aba9 elementor-widget elementor-widget-text-editor\" data-id=\"6a7aba9\" data-element_type=\"widget\" data-e-type=\"widget\" data-widget_type=\"text-editor.default\">\n\t\t\t\t<div class=\"elementor-widget-container\">\n\t\t\t\t\t\t\t\t\tSP Maskiner es un proveedor mundial l\u00edder en cabezales procesadores fabricados en Suecia. Nuestro objetivo es suministrar cabezales procesadores que puedan acoplarse en procesadoras de todas las marcas y modelos. Los cabezales procesadores de SP Maskiner proporcionan por tanto m\u00e1s oportunidades para optimizar el clareo y la tala.\r\n\r\nSP fue fundada en 1978, en el peque\u00f1o pueblo de Lillarp, situado en el coraz\u00f3n de los bosques del sur de Suecia. En 1980, SP Maskiner fabric\u00f3 el primer cabezal procesador de sujeci\u00f3n \u00fanica, el SP21, que revolucion\u00f3 el sector forestal. Desde 2003, SP Maskiner forma parte del Grupo Weland.\r\n\r\nSP Maskiner actualmente es una marca internacional reconocida con distribuidores en todo el mundo. Nuestro punto fuerte es nuestra moderna gama de productos y nuestra sensibilidad. Nuestra gama de productos cubre todos los tipos y condiciones de tala, desde el primer clareo hasta la tala final, as\u00ed como la tala de eucaliptos y madera para fines energ\u00e9ticos.\r\n\r\nCon larga experiencia en el sector, somos sensibles a las necesidades de nuestros clientes. A pesar de ser una marca global, seguimos manteniendo nuestra calidad sueca y proximidad a nuestros clientes. Constantemente trabajamos codo a codo con nuestros clientes y siempre estamos intentando satisfacer sus necesidades.\r\n\r\nCon nuestro lema, \u201cAlways ahead\u201d (Siempre adelante), mantenemos un desarrollo continuo y estamos a la vanguardia de los desarrollos t\u00e9cnicos en nuestro segmento. Siempre procuramos llevar la tecnolog\u00eda y la eficiencia al siguiente nivel. Luchamos por satisfacer las futuras demandas de la silvicultura. Nuestro impulso proviene del deseo de crear nuevas e innovadoras soluciones para usted como cliente ahora y en el futuro.\t\t\t\t\t\t\t\t<\/div>\n\t\t\t\t<\/div>\n\t\t\t\t<section class=\"elementor-section elementor-inner-section elementor-element elementor-element-8be5ea1 elementor-section-boxed elementor-section-height-default elementor-section-height-default\" data-id=\"8be5ea1\" data-element_type=\"section\" data-e-type=\"section\" data-settings=\"{&quot;background_background&quot;:&quot;classic&quot;}\">\n\t\t\t\t\t\t<div class=\"elementor-container elementor-column-gap-default\">\n\t\t\t\t\t<div class=\"elementor-column elementor-col-100 elementor-inner-column elementor-element elementor-element-21fd36d\" data-id=\"21fd36d\" data-element_type=\"column\" data-e-type=\"column\">\n\t\t\t<div class=\"elementor-widget-wrap elementor-element-populated\">\n\t\t\t\t\t\t<div class=\"elementor-element elementor-element-fa06b94 elementor-widget elementor-widget-heading\" data-id=\"fa06b94\" data-element_type=\"widget\" data-e-type=\"widget\" data-widget_type=\"heading.default\">\n\t\t\t\t<div class=\"elementor-widget-container\">\n\t\t\t\t\t<h2 class=\"elementor-heading-title elementor-size-default\">Always Ahead<\/h2>\t\t\t\t<\/div>\n\t\t\t\t<\/div>\n\t\t\t\t<div class=\"elementor-element elementor-element-181e262 elementor-widget elementor-widget-text-editor\" data-id=\"181e262\" data-element_type=\"widget\" data-e-type=\"widget\" data-widget_type=\"text-editor.default\">\n\t\t\t\t<div class=\"elementor-widget-container\">\n\t\t\t\t\t\t\t\t\t\u00a1Es nuestro lema! Aunque no parezca tan importante, es mucho m\u00e1s que eso. Para Nosotros en SP, ALWAYS AHEAD es nuestro esfuerzo de estar siempre a la vanguardia, de entregar siempre lo mejor, ya sean nuestros productos, soluciones t\u00e9cnicas o la forma en que lo apoyamos y tratamos como cliente.\r\n\r\nCuando usted elige SP, nuestro objetivo es proporcionarle un cabezal procesador de primera clase. No s\u00f3lo en t\u00e9rminos de rendimiento y productividad, sino tambi\u00e9n de fiabilidad y calidad operativa. Tenemos m\u00e1s de 40 a\u00f1os de experiencia dise\u00f1ando y fabricando cabezales procesadores y sabemos lo que se necesita para proporcionar a nuestros clientes el mejor equipo y soporte. Nuestro objetivo es superar sus expectativas y que usted, como cliente, tenga siempre las mejores condiciones posibles para poder estar ALWAYS AHEAD.\r\n\r\nEstamos orgullosos de nuestros productos y estos lo demuestran. Es evidente en cu\u00e1n exhaustivamente nuestro equipo de desarrollo analiza y prueba los nuevos componentes y materiales antes de que sean aprobados para su instalaci\u00f3n en los cabezales. Es evidente en la calidad de la fabricaci\u00f3n, soldadura y montaje de nuestros cabezales. Esto se refleja en todos nuestros empleados que siempre hacen lo posible para garantizar que siempre estemos ALWAYS AHEAD y que entreguemos justamente eso: LO MEJOR.\t\t\t\t\t\t\t\t<\/div>\n\t\t\t\t<\/div>\n\t\t\t\t\t<\/div>\n\t\t<\/div>\n\t\t\t\t\t<\/div>\n\t\t<\/section>\n\t\t\t\t\t<\/div>\n\t\t<\/article>\n\t\t\t\t\t<\/div>\n\t\t<\/section>\n\t\t\t\t<section class=\"elementor-section elementor-top-section elementor-element elementor-element-6692d932 elementor-section-boxed elementor-section-height-default elementor-section-height-default\" data-id=\"6692d932\" data-element_type=\"section\" data-e-type=\"section\">\n\t\t\t\t\t\t<div class=\"elementor-container elementor-column-gap-default\">\n\t\t\t\t\t<section class=\"elementor-column elementor-col-100 elementor-top-column elementor-element elementor-element-4287a4e7\" data-id=\"4287a4e7\" data-element_type=\"column\" data-e-type=\"column\">\n\t\t\t<div class=\"elementor-widget-wrap\">\n\t\t\t\t\t\t\t<\/div>\n\t\t<\/section>\n\t\t\t\t\t<\/div>\n\t\t<\/section>\n\t\t\t\t<\/div>\n\t\t","protected":false},"excerpt":{"rendered":"<p>Informaci\u00f3n de la empresa SP Maskiner es un proveedor mundial l\u00edder en cabezales procesadores fabricados en Suecia. Nuestro objetivo es suministrar cabezales procesadores que puedan acoplarse en procesadoras de todas las marcas y modelos. Los cabezales procesadores de SP Maskiner proporcionan por tanto m\u00e1s oportunidades para optimizar el clareo y la tala. SP fue fundada [&hellip;]<\/p>\n","protected":false},"author":1,"featured_media":0,"parent":7821,"menu_order":141,"comment_status":"closed","ping_status":"closed","template":"elementor_header_footer","meta":{"_acf_changed":false,"site-sidebar-layout":"no-sidebar","site-content-layout":"page-builder","ast-site-content-layout":"default","site-content-style":"default","site-sidebar-style":"default","ast-global-header-display":"","ast-banner-title-visibility":"","ast-main-header-display":"","ast-hfb-above-header-display":"","ast-hfb-below-header-display":"","ast-hfb-mobile-header-display":"","site-post-title":"disabled","ast-breadcrumbs-content":"","ast-featured-img":"disabled","footer-sml-layout":"","ast-disable-related-posts":"","theme-transparent-header-meta":"default","adv-header-id-meta":"","stick-header-meta":"","header-above-stick-meta":"","header-main-stick-meta":"","header-below-stick-meta":"","astra-migrate-meta-layouts":"default","ast-page-background-enabled":"default","ast-page-background-meta":{"desktop":{"background-color":"","background-image":"","background-repeat":"repeat","background-position":"center center","background-size":"auto","background-attachment":"scroll","background-type":"","background-media":"","overlay-type":"","overlay-color":"","overlay-opacity":"","overlay-gradient":""},"tablet":{"background-color":"","background-image":"","background-repeat":"repeat","background-position":"center center","background-size":"auto","background-attachment":"scroll","background-type":"","background-media":"","overlay-type":"","overlay-color":"","overlay-opacity":"","overlay-gradient":""},"mobile":{"background-color":"","background-image":"","background-repeat":"repeat","background-position":"center center","background-size":"auto","background-attachment":"scroll","background-type":"","background-media":"","overlay-type":"","overlay-color":"","overlay-opacity":"","overlay-gradient":""}},"ast-content-background-meta":{"desktop":{"background-color":"var(--ast-global-color-5)","background-image":"","background-repeat":"repeat","background-position":"center center","background-size":"auto","background-attachment":"scroll","background-type":"","background-media":"","overlay-type":"","overlay-color":"","overlay-opacity":"","overlay-gradient":""},"tablet":{"background-color":"var(--ast-global-color-5)","background-image":"","background-repeat":"repeat","background-position":"center center","background-size":"auto","background-attachment":"scroll","background-type":"","background-media":"","overlay-type":"","overlay-color":"","overlay-opacity":"","overlay-gradient":""},"mobile":{"background-color":"var(--ast-global-color-5)","background-image":"","background-repeat":"repeat","background-position":"center center","background-size":"auto","background-attachment":"scroll","background-type":"","background-media":"","overlay-type":"","overlay-color":"","overlay-opacity":"","overlay-gradient":""}},"footnotes":""},"class_list":["post-7823","page","type-page","status-publish","hentry"],"acf":[],"yoast_head":"<!-- This site is optimized with the Yoast SEO plugin v26.9 - https:\/\/yoast.com\/product\/yoast-seo-wordpress\/ -->\n<title>Informaci\u00f3n de la empresa - SP Maskiner<\/title>\n<meta name=\"robots\" content=\"index, follow, max-snippet:-1, max-image-preview:large, max-video-preview:-1\" \/>\n<link rel=\"canonical\" href=\"https:\/\/spmaskiner.com\/es\/informacion-de-la-empresa\/informacion-de-la-empresa\/\" \/>\n<meta property=\"og:locale\" content=\"es_ES\" \/>\n<meta property=\"og:type\" content=\"article\" \/>\n<meta property=\"og:title\" content=\"Informaci\u00f3n de la empresa - SP Maskiner\" \/>\n<meta property=\"og:description\" content=\"Informaci\u00f3n de la empresa SP Maskiner es un proveedor mundial l\u00edder en cabezales procesadores fabricados en Suecia. Nuestro objetivo es suministrar cabezales procesadores que puedan acoplarse en procesadoras de todas las marcas y modelos. Los cabezales procesadores de SP Maskiner proporcionan por tanto m\u00e1s oportunidades para optimizar el clareo y la tala. SP fue fundada [&hellip;]\" \/>\n<meta property=\"og:url\" content=\"https:\/\/spmaskiner.com\/es\/informacion-de-la-empresa\/informacion-de-la-empresa\/\" \/>\n<meta property=\"og:site_name\" content=\"SP Maskiner\" \/>\n<meta property=\"article:modified_time\" content=\"2022-05-31T07:56:23+00:00\" \/>\n<meta property=\"og:image\" content=\"https:\/\/spmaskiner.com\/wp-content\/uploads\/2021\/04\/sp661lf-landing-1.jpg\" \/>\n\t<meta property=\"og:image:width\" content=\"1920\" \/>\n\t<meta property=\"og:image:height\" content=\"1000\" \/>\n\t<meta property=\"og:image:type\" content=\"image\/jpeg\" \/>\n<meta name=\"twitter:card\" content=\"summary_large_image\" \/>\n<script type=\"application\/ld+json\" class=\"yoast-schema-graph\">{\"@context\":\"https:\/\/schema.org\",\"@graph\":[{\"@type\":\"WebPage\",\"@id\":\"https:\/\/spmaskiner.com\/es\/informacion-de-la-empresa\/informacion-de-la-empresa\/\",\"url\":\"https:\/\/spmaskiner.com\/es\/informacion-de-la-empresa\/informacion-de-la-empresa\/\",\"name\":\"Informaci\u00f3n de la empresa - SP Maskiner\",\"isPartOf\":{\"@id\":\"https:\/\/spmaskiner.com\/es\/#website\"},\"primaryImageOfPage\":{\"@id\":\"https:\/\/spmaskiner.com\/es\/informacion-de-la-empresa\/informacion-de-la-empresa\/#primaryimage\"},\"image\":{\"@id\":\"https:\/\/spmaskiner.com\/es\/informacion-de-la-empresa\/informacion-de-la-empresa\/#primaryimage\"},\"thumbnailUrl\":\"https:\/\/spmaskiner.com\/wp-content\/uploads\/2021\/04\/sp661lf-landing-1-1024x533.jpg\",\"datePublished\":\"2021-03-25T09:10:29+00:00\",\"dateModified\":\"2022-05-31T07:56:23+00:00\",\"breadcrumb\":{\"@id\":\"https:\/\/spmaskiner.com\/es\/informacion-de-la-empresa\/informacion-de-la-empresa\/#breadcrumb\"},\"inLanguage\":\"es\",\"potentialAction\":[{\"@type\":\"ReadAction\",\"target\":[\"https:\/\/spmaskiner.com\/es\/informacion-de-la-empresa\/informacion-de-la-empresa\/\"]}]},{\"@type\":\"ImageObject\",\"inLanguage\":\"es\",\"@id\":\"https:\/\/spmaskiner.com\/es\/informacion-de-la-empresa\/informacion-de-la-empresa\/#primaryimage\",\"url\":\"https:\/\/spmaskiner.com\/wp-content\/uploads\/2021\/04\/sp661lf-landing-1-1024x533.jpg\",\"contentUrl\":\"https:\/\/spmaskiner.com\/wp-content\/uploads\/2021\/04\/sp661lf-landing-1-1024x533.jpg\"},{\"@type\":\"BreadcrumbList\",\"@id\":\"https:\/\/spmaskiner.com\/es\/informacion-de-la-empresa\/informacion-de-la-empresa\/#breadcrumb\",\"itemListElement\":[{\"@type\":\"ListItem\",\"position\":1,\"name\":\"Home\",\"item\":\"https:\/\/spmaskiner.com\/es\/\"},{\"@type\":\"ListItem\",\"position\":2,\"name\":\"Informaci\u00f3n de la empresa\",\"item\":\"https:\/\/spmaskiner.com\/es\/corporate-information\/\"},{\"@type\":\"ListItem\",\"position\":3,\"name\":\"Informaci\u00f3n de la empresa\"}]},{\"@type\":\"WebSite\",\"@id\":\"https:\/\/spmaskiner.com\/es\/#website\",\"url\":\"https:\/\/spmaskiner.com\/es\/\",\"name\":\"SP Maskiner\",\"description\":\"Always ahead\",\"publisher\":{\"@id\":\"https:\/\/spmaskiner.com\/es\/#organization\"},\"potentialAction\":[{\"@type\":\"SearchAction\",\"target\":{\"@type\":\"EntryPoint\",\"urlTemplate\":\"https:\/\/spmaskiner.com\/es\/?s={search_term_string}\"},\"query-input\":{\"@type\":\"PropertyValueSpecification\",\"valueRequired\":true,\"valueName\":\"search_term_string\"}}],\"inLanguage\":\"es\"},{\"@type\":\"Organization\",\"@id\":\"https:\/\/spmaskiner.com\/es\/#organization\",\"name\":\"SP Maskiner\",\"url\":\"https:\/\/spmaskiner.com\/es\/\",\"logo\":{\"@type\":\"ImageObject\",\"inLanguage\":\"es\",\"@id\":\"https:\/\/spmaskiner.com\/es\/#\/schema\/logo\/image\/\",\"url\":\"https:\/\/spmaskiner.com\/wp-content\/uploads\/2021\/03\/spmaskiner-logotyp.png\",\"contentUrl\":\"https:\/\/spmaskiner.com\/wp-content\/uploads\/2021\/03\/spmaskiner-logotyp.png\",\"width\":350,\"height\":65,\"caption\":\"SP Maskiner\"},\"image\":{\"@id\":\"https:\/\/spmaskiner.com\/es\/#\/schema\/logo\/image\/\"}}]}<\/script>\n<!-- \/ Yoast SEO plugin. -->","yoast_head_json":{"title":"Informaci\u00f3n de la empresa - SP Maskiner","robots":{"index":"index","follow":"follow","max-snippet":"max-snippet:-1","max-image-preview":"max-image-preview:large","max-video-preview":"max-video-preview:-1"},"canonical":"https:\/\/spmaskiner.com\/es\/informacion-de-la-empresa\/informacion-de-la-empresa\/","og_locale":"es_ES","og_type":"article","og_title":"Informaci\u00f3n de la empresa - SP Maskiner","og_description":"Informaci\u00f3n de la empresa SP Maskiner es un proveedor mundial l\u00edder en cabezales procesadores fabricados en Suecia. Nuestro objetivo es suministrar cabezales procesadores que puedan acoplarse en procesadoras de todas las marcas y modelos. Los cabezales procesadores de SP Maskiner proporcionan por tanto m\u00e1s oportunidades para optimizar el clareo y la tala. SP fue fundada [&hellip;]","og_url":"https:\/\/spmaskiner.com\/es\/informacion-de-la-empresa\/informacion-de-la-empresa\/","og_site_name":"SP Maskiner","article_modified_time":"2022-05-31T07:56:23+00:00","og_image":[{"width":1920,"height":1000,"url":"https:\/\/spmaskiner.com\/wp-content\/uploads\/2021\/04\/sp661lf-landing-1.jpg","type":"image\/jpeg"}],"twitter_card":"summary_large_image","schema":{"@context":"https:\/\/schema.org","@graph":[{"@type":"WebPage","@id":"https:\/\/spmaskiner.com\/es\/informacion-de-la-empresa\/informacion-de-la-empresa\/","url":"https:\/\/spmaskiner.com\/es\/informacion-de-la-empresa\/informacion-de-la-empresa\/","name":"Informaci\u00f3n de la empresa - SP Maskiner","isPartOf":{"@id":"https:\/\/spmaskiner.com\/es\/#website"},"primaryImageOfPage":{"@id":"https:\/\/spmaskiner.com\/es\/informacion-de-la-empresa\/informacion-de-la-empresa\/#primaryimage"},"image":{"@id":"https:\/\/spmaskiner.com\/es\/informacion-de-la-empresa\/informacion-de-la-empresa\/#primaryimage"},"thumbnailUrl":"https:\/\/spmaskiner.com\/wp-content\/uploads\/2021\/04\/sp661lf-landing-1-1024x533.jpg","datePublished":"2021-03-25T09:10:29+00:00","dateModified":"2022-05-31T07:56:23+00:00","breadcrumb":{"@id":"https:\/\/spmaskiner.com\/es\/informacion-de-la-empresa\/informacion-de-la-empresa\/#breadcrumb"},"inLanguage":"es","potentialAction":[{"@type":"ReadAction","target":["https:\/\/spmaskiner.com\/es\/informacion-de-la-empresa\/informacion-de-la-empresa\/"]}]},{"@type":"ImageObject","inLanguage":"es","@id":"https:\/\/spmaskiner.com\/es\/informacion-de-la-empresa\/informacion-de-la-empresa\/#primaryimage","url":"https:\/\/spmaskiner.com\/wp-content\/uploads\/2021\/04\/sp661lf-landing-1-1024x533.jpg","contentUrl":"https:\/\/spmaskiner.com\/wp-content\/uploads\/2021\/04\/sp661lf-landing-1-1024x533.jpg"},{"@type":"BreadcrumbList","@id":"https:\/\/spmaskiner.com\/es\/informacion-de-la-empresa\/informacion-de-la-empresa\/#breadcrumb","itemListElement":[{"@type":"ListItem","position":1,"name":"Home","item":"https:\/\/spmaskiner.com\/es\/"},{"@type":"ListItem","position":2,"name":"Informaci\u00f3n de la empresa","item":"https:\/\/spmaskiner.com\/es\/corporate-information\/"},{"@type":"ListItem","position":3,"name":"Informaci\u00f3n de la empresa"}]},{"@type":"WebSite","@id":"https:\/\/spmaskiner.com\/es\/#website","url":"https:\/\/spmaskiner.com\/es\/","name":"SP Maskiner","description":"Always ahead","publisher":{"@id":"https:\/\/spmaskiner.com\/es\/#organization"},"potentialAction":[{"@type":"SearchAction","target":{"@type":"EntryPoint","urlTemplate":"https:\/\/spmaskiner.com\/es\/?s={search_term_string}"},"query-input":{"@type":"PropertyValueSpecification","valueRequired":true,"valueName":"search_term_string"}}],"inLanguage":"es"},{"@type":"Organization","@id":"https:\/\/spmaskiner.com\/es\/#organization","name":"SP Maskiner","url":"https:\/\/spmaskiner.com\/es\/","logo":{"@type":"ImageObject","inLanguage":"es","@id":"https:\/\/spmaskiner.com\/es\/#\/schema\/logo\/image\/","url":"https:\/\/spmaskiner.com\/wp-content\/uploads\/2021\/03\/spmaskiner-logotyp.png","contentUrl":"https:\/\/spmaskiner.com\/wp-content\/uploads\/2021\/03\/spmaskiner-logotyp.png","width":350,"height":65,"caption":"SP Maskiner"},"image":{"@id":"https:\/\/spmaskiner.com\/es\/#\/schema\/logo\/image\/"}}]}},"_links":{"self":[{"href":"https:\/\/spmaskiner.com\/es\/wp-json\/wp\/v2\/pages\/7823","targetHints":{"allow":["GET"]}}],"collection":[{"href":"https:\/\/spmaskiner.com\/es\/wp-json\/wp\/v2\/pages"}],"about":[{"href":"https:\/\/spmaskiner.com\/es\/wp-json\/wp\/v2\/types\/page"}],"author":[{"embeddable":true,"href":"https:\/\/spmaskiner.com\/es\/wp-json\/wp\/v2\/users\/1"}],"replies":[{"embeddable":true,"href":"https:\/\/spmaskiner.com\/es\/wp-json\/wp\/v2\/comments?post=7823"}],"version-history":[{"count":1,"href":"https:\/\/spmaskiner.com\/es\/wp-json\/wp\/v2\/pages\/7823\/revisions"}],"predecessor-version":[{"id":7824,"href":"https:\/\/spmaskiner.com\/es\/wp-json\/wp\/v2\/pages\/7823\/revisions\/7824"}],"up":[{"embeddable":true,"href":"https:\/\/spmaskiner.com\/es\/wp-json\/wp\/v2\/pages\/7821"}],"wp:attachment":[{"href":"https:\/\/spmaskiner.com\/es\/wp-json\/wp\/v2\/media?parent=7823"}],"curies":[{"name":"wp","href":"https:\/\/api.w.org\/{rel}","templated":true}]}}