{"id":7840,"date":"2022-03-04T09:05:48","date_gmt":"2022-03-04T08:05:48","guid":{"rendered":"https:\/\/spmaskiner.com\/ventajas-para-el-cliente\/cabezales-para-todos-los-tipos-de-maquinas-y-sistemas-de-medicion\/"},"modified":"2022-05-31T10:15:51","modified_gmt":"2022-05-31T08:15:51","slug":"cabezales-para-todos-los-tipos-de-maquinas-y-sistemas-de-medicion","status":"publish","type":"page","link":"https:\/\/spmaskiner.com\/es\/ventajas-para-el-cliente\/cabezales-para-todos-los-tipos-de-maquinas-y-sistemas-de-medicion\/","title":{"rendered":"Cabezales para todos los tipos de m\u00e1quinas y sistemas de medici\u00f3n"},"content":{"rendered":"\t\t<div data-elementor-type=\"wp-page\" data-elementor-id=\"7840\" class=\"elementor elementor-7840 elementor-7113\" data-elementor-post-type=\"page\">\n\t\t\t\t\t\t<section class=\"elementor-section elementor-top-section elementor-element elementor-element-190c45f elementor-section-boxed elementor-section-height-default elementor-section-height-default\" data-id=\"190c45f\" data-element_type=\"section\" data-e-type=\"section\">\n\t\t\t\t\t\t<div class=\"elementor-container elementor-column-gap-default\">\n\t\t\t\t\t<div class=\"elementor-column elementor-col-100 elementor-top-column elementor-element elementor-element-380323b6\" data-id=\"380323b6\" data-element_type=\"column\" data-e-type=\"column\">\n\t\t\t<div class=\"elementor-widget-wrap elementor-element-populated\">\n\t\t\t\t\t\t<div class=\"elementor-element elementor-element-578343ec elementor-widget elementor-widget-heading\" data-id=\"578343ec\" data-element_type=\"widget\" data-e-type=\"widget\" data-widget_type=\"heading.default\">\n\t\t\t\t<div class=\"elementor-widget-container\">\n\t\t\t\t\t<h1 class=\"elementor-heading-title elementor-size-default\">Cabezales para todos los tipos de m\u00e1quinas y sistemas de medici\u00f3n<\/h1>\t\t\t\t<\/div>\n\t\t\t\t<\/div>\n\t\t\t\t<div class=\"elementor-element elementor-element-0ccd9c5 elementor-widget elementor-widget-text-editor\" data-id=\"0ccd9c5\" data-element_type=\"widget\" data-e-type=\"widget\" data-widget_type=\"text-editor.default\">\n\t\t\t\t<div class=\"elementor-widget-container\">\n\t\t\t\t\t\t\t\t\tEn SP le ofrecemos una amplia gama de cabezales para todos los tipos de m\u00e1quinas, marcas, modelos y operaciones de cosecha, desde el primer raleo hasta la tala final y la cosecha biol\u00f3gica de biocombustibles y el descortezado de eucaliptos. Gracias a nuestros conocimientos y amplia experiencia, sabemos lo que se necesita para que sus operaciones de cosecha sean lo m\u00e1s eficientes y rentables posible, independientemente de la m\u00e1quina que utilice o de las condiciones de trabajo a las que se enfrente. Todos nuestros cabezales de cosechadora est\u00e1n dise\u00f1ados en l\u00ednea con nuestro concepto de baja fricci\u00f3n, con m\u00e1s de cuarenta a\u00f1os de experiencia y desarrollo, lo que da como resultado unos cabezales de alto rendimiento que destacan por su combinaci\u00f3n \u00fanica de productividad maximizada, consumo de combustible optimizado, costes de mantenimiento m\u00ednimos y medici\u00f3n precisa.\r\nSi actualmente est\u00e1 utilizando un cabezal de otro fabricante pero desea aumentar su eficiencia y rentabilidad, la transici\u00f3n a un cabezal de SP es coser y cantar. Nuestros cabezales de cosechadora se pueden utilizar con pr\u00e1cticamente todos los sistemas de control y medici\u00f3n del mercado, lo que significa que no hay necesidad de aprender o invertir en un nuevo sistema inform\u00e1tico cuando se decante por un cabezal de SP. Como resultado de ello, a diferencia de muchas otras marcas en el mercado, la instalaci\u00f3n de un cabezal SP no requiere la conversi\u00f3n del sistema de control existente ni de ning\u00fan sistema electr\u00f3nico adicional.\r\nIndependientemente del tipo de m\u00e1quina base o marca, somos expertos en instalar cabezales y adaptar las instalaciones para maximizar la funcionalidad y la capacidad de su cabezal. \u00bfTienes una cosechadora con ruedas o de orugas? \u00bfO una excavadora? \u00bfEs una Rottne, John Deere, Komatsu, Eco Log, Ponsse, Volvo, Caterpillar o Sany? \u00bfO de alguna otra marca? Independientemente de cu\u00e1l sea, SP tiene un cabezal perfecto para usted. Adem\u00e1s, al elegir un cabezal de SP, siempre ofrecemos un an\u00e1lisis gratuito para ver c\u00f3mo puede maximizar su rentabilidad en funci\u00f3n de sus condiciones espec\u00edficas y operaciones de cosecha.\t\t\t\t\t\t\t\t<\/div>\n\t\t\t\t<\/div>\n\t\t\t\t<div class=\"elementor-element elementor-element-4c5a6be elementor-icon-list--layout-inline elementor-align-end elementor-list-item-link-full_width elementor-widget elementor-widget-icon-list\" data-id=\"4c5a6be\" data-element_type=\"widget\" data-e-type=\"widget\" data-widget_type=\"icon-list.default\">\n\t\t\t\t<div class=\"elementor-widget-container\">\n\t\t\t\t\t\t\t<ul class=\"elementor-icon-list-items elementor-inline-items\">\n\t\t\t\t\t\t\t<li class=\"elementor-icon-list-item elementor-inline-item\">\n\t\t\t\t\t\t\t\t\t\t\t<a href=\"https:\/\/spmaskiner.com\/wp-content\/uploads\/2022\/05\/Headsforallmachinesen-es-ES.pdf\">\n\n\t\t\t\t\t\t\t\t\t\t\t\t<span class=\"elementor-icon-list-icon\">\n\t\t\t\t\t\t\t<i aria-hidden=\"true\" class=\"fas fa-file-pdf\"><\/i>\t\t\t\t\t\t<\/span>\n\t\t\t\t\t\t\t\t\t\t<span class=\"elementor-icon-list-text\">Folleto Cabezales para todos los tipos de m\u00e1quinas<\/span>\n\t\t\t\t\t\t\t\t\t\t\t<\/a>\n\t\t\t\t\t\t\t\t\t<\/li>\n\t\t\t\t\t\t<\/ul>\n\t\t\t\t\t\t<\/div>\n\t\t\t\t<\/div>\n\t\t\t\t\t<\/div>\n\t\t<\/div>\n\t\t\t\t\t<\/div>\n\t\t<\/section>\n\t\t\t\t<section class=\"elementor-section elementor-top-section elementor-element elementor-element-bc4dae0 elementor-section-boxed elementor-section-height-default elementor-section-height-default\" data-id=\"bc4dae0\" data-element_type=\"section\" data-e-type=\"section\">\n\t\t\t\t\t\t<div class=\"elementor-container elementor-column-gap-default\">\n\t\t\t\t\t<div class=\"elementor-column elementor-col-33 elementor-top-column elementor-element elementor-element-7fd6320\" data-id=\"7fd6320\" data-element_type=\"column\" data-e-type=\"column\">\n\t\t\t<div class=\"elementor-widget-wrap elementor-element-populated\">\n\t\t\t\t\t\t<div class=\"elementor-element elementor-element-855dc69 elementor-widget elementor-widget-image\" data-id=\"855dc69\" data-element_type=\"widget\" data-e-type=\"widget\" data-widget_type=\"image.default\">\n\t\t\t\t<div class=\"elementor-widget-container\">\n\t\t\t\t\t\t\t\t\t\t\t\t\t\t\t<img loading=\"lazy\" decoding=\"async\" width=\"1024\" height=\"576\" src=\"https:\/\/spmaskiner.com\/wp-content\/uploads\/2022\/03\/brnilsson122-1024x576.jpg\" class=\"attachment-large size-large wp-image-7614\" alt=\"\" srcset=\"https:\/\/spmaskiner.com\/wp-content\/uploads\/2022\/03\/brnilsson122-1024x576.jpg 1024w, https:\/\/spmaskiner.com\/wp-content\/uploads\/2022\/03\/brnilsson122-300x169.jpg 300w, https:\/\/spmaskiner.com\/wp-content\/uploads\/2022\/03\/brnilsson122-768x432.jpg 768w, https:\/\/spmaskiner.com\/wp-content\/uploads\/2022\/03\/brnilsson122-1536x864.jpg 1536w, https:\/\/spmaskiner.com\/wp-content\/uploads\/2022\/03\/brnilsson122-2048x1152.jpg 2048w\" sizes=\"auto, (max-width: 1024px) 100vw, 1024px\" \/>\t\t\t\t\t\t\t\t\t\t\t\t\t\t\t<\/div>\n\t\t\t\t<\/div>\n\t\t\t\t\t<\/div>\n\t\t<\/div>\n\t\t\t\t<div class=\"elementor-column elementor-col-33 elementor-top-column elementor-element elementor-element-d0fff82\" data-id=\"d0fff82\" data-element_type=\"column\" data-e-type=\"column\">\n\t\t\t<div class=\"elementor-widget-wrap elementor-element-populated\">\n\t\t\t\t\t\t<div class=\"elementor-element elementor-element-624ab7f elementor-widget elementor-widget-image\" data-id=\"624ab7f\" data-element_type=\"widget\" data-e-type=\"widget\" data-widget_type=\"image.default\">\n\t\t\t\t<div class=\"elementor-widget-container\">\n\t\t\t\t\t\t\t\t\t\t\t\t\t\t\t<img loading=\"lazy\" decoding=\"async\" width=\"1024\" height=\"576\" src=\"https:\/\/spmaskiner.com\/wp-content\/uploads\/2022\/03\/eisab145-1024x576.jpg\" class=\"attachment-large size-large wp-image-7615\" alt=\"\" srcset=\"https:\/\/spmaskiner.com\/wp-content\/uploads\/2022\/03\/eisab145-1024x576.jpg 1024w, https:\/\/spmaskiner.com\/wp-content\/uploads\/2022\/03\/eisab145-300x169.jpg 300w, https:\/\/spmaskiner.com\/wp-content\/uploads\/2022\/03\/eisab145-768x432.jpg 768w, https:\/\/spmaskiner.com\/wp-content\/uploads\/2022\/03\/eisab145-1536x864.jpg 1536w, https:\/\/spmaskiner.com\/wp-content\/uploads\/2022\/03\/eisab145.jpg 1920w\" sizes=\"auto, (max-width: 1024px) 100vw, 1024px\" \/>\t\t\t\t\t\t\t\t\t\t\t\t\t\t\t<\/div>\n\t\t\t\t<\/div>\n\t\t\t\t\t<\/div>\n\t\t<\/div>\n\t\t\t\t<div class=\"elementor-column elementor-col-33 elementor-top-column elementor-element elementor-element-94195c7\" data-id=\"94195c7\" data-element_type=\"column\" data-e-type=\"column\">\n\t\t\t<div class=\"elementor-widget-wrap elementor-element-populated\">\n\t\t\t\t\t\t<div class=\"elementor-element elementor-element-f93ccbe elementor-widget elementor-widget-image\" data-id=\"f93ccbe\" data-element_type=\"widget\" data-e-type=\"widget\" data-widget_type=\"image.default\">\n\t\t\t\t<div class=\"elementor-widget-container\">\n\t\t\t\t\t\t\t\t\t\t\t\t\t\t\t<img loading=\"lazy\" decoding=\"async\" width=\"1024\" height=\"576\" src=\"https:\/\/spmaskiner.com\/wp-content\/uploads\/2022\/03\/manoskog134-1024x576.jpg\" class=\"attachment-large size-large wp-image-7616\" alt=\"\" srcset=\"https:\/\/spmaskiner.com\/wp-content\/uploads\/2022\/03\/manoskog134-1024x576.jpg 1024w, https:\/\/spmaskiner.com\/wp-content\/uploads\/2022\/03\/manoskog134-300x169.jpg 300w, https:\/\/spmaskiner.com\/wp-content\/uploads\/2022\/03\/manoskog134-768x432.jpg 768w, https:\/\/spmaskiner.com\/wp-content\/uploads\/2022\/03\/manoskog134-1536x864.jpg 1536w, https:\/\/spmaskiner.com\/wp-content\/uploads\/2022\/03\/manoskog134.jpg 1920w\" sizes=\"auto, (max-width: 1024px) 100vw, 1024px\" \/>\t\t\t\t\t\t\t\t\t\t\t\t\t\t\t<\/div>\n\t\t\t\t<\/div>\n\t\t\t\t\t<\/div>\n\t\t<\/div>\n\t\t\t\t\t<\/div>\n\t\t<\/section>\n\t\t\t\t<\/div>\n\t\t","protected":false},"excerpt":{"rendered":"<p>Cabezales para todos los tipos de m\u00e1quinas y sistemas de medici\u00f3n En SP le ofrecemos una amplia gama de cabezales para todos los tipos de m\u00e1quinas, marcas, modelos y operaciones de cosecha, desde el primer raleo hasta la tala final y la cosecha biol\u00f3gica de biocombustibles y el descortezado de eucaliptos. Gracias a nuestros conocimientos [&hellip;]<\/p>\n","protected":false},"author":2,"featured_media":0,"parent":7833,"menu_order":59,"comment_status":"closed","ping_status":"closed","template":"elementor_header_footer","meta":{"_acf_changed":false,"site-sidebar-layout":"no-sidebar","site-content-layout":"page-builder","ast-site-content-layout":"default","site-content-style":"default","site-sidebar-style":"default","ast-global-header-display":"","ast-banner-title-visibility":"","ast-main-header-display":"","ast-hfb-above-header-display":"","ast-hfb-below-header-display":"","ast-hfb-mobile-header-display":"","site-post-title":"disabled","ast-breadcrumbs-content":"","ast-featured-img":"disabled","footer-sml-layout":"","ast-disable-related-posts":"","theme-transparent-header-meta":"default","adv-header-id-meta":"","stick-header-meta":"","header-above-stick-meta":"","header-main-stick-meta":"","header-below-stick-meta":"","astra-migrate-meta-layouts":"default","ast-page-background-enabled":"default","ast-page-background-meta":{"desktop":{"background-color":"","background-image":"","background-repeat":"repeat","background-position":"center center","background-size":"auto","background-attachment":"scroll","background-type":"","background-media":"","overlay-type":"","overlay-color":"","overlay-opacity":"","overlay-gradient":""},"tablet":{"background-color":"","background-image":"","background-repeat":"repeat","background-position":"center center","background-size":"auto","background-attachment":"scroll","background-type":"","background-media":"","overlay-type":"","overlay-color":"","overlay-opacity":"","overlay-gradient":""},"mobile":{"background-color":"","background-image":"","background-repeat":"repeat","background-position":"center center","background-size":"auto","background-attachment":"scroll","background-type":"","background-media":"","overlay-type":"","overlay-color":"","overlay-opacity":"","overlay-gradient":""}},"ast-content-background-meta":{"desktop":{"background-color":"var(--ast-global-color-5)","background-image":"","background-repeat":"repeat","background-position":"center center","background-size":"auto","background-attachment":"scroll","background-type":"","background-media":"","overlay-type":"","overlay-color":"","overlay-opacity":"","overlay-gradient":""},"tablet":{"background-color":"var(--ast-global-color-5)","background-image":"","background-repeat":"repeat","background-position":"center center","background-size":"auto","background-attachment":"scroll","background-type":"","background-media":"","overlay-type":"","overlay-color":"","overlay-opacity":"","overlay-gradient":""},"mobile":{"background-color":"var(--ast-global-color-5)","background-image":"","background-repeat":"repeat","background-position":"center center","background-size":"auto","background-attachment":"scroll","background-type":"","background-media":"","overlay-type":"","overlay-color":"","overlay-opacity":"","overlay-gradient":""}},"footnotes":""},"class_list":["post-7840","page","type-page","status-publish","hentry"],"acf":[],"yoast_head":"<!-- This site is optimized with the Yoast SEO plugin v26.9 - https:\/\/yoast.com\/product\/yoast-seo-wordpress\/ -->\n<title>Cabezales para todos los tipos de m\u00e1quinas y sistemas de medici\u00f3n - SP Maskiner<\/title>\n<meta name=\"robots\" content=\"index, follow, max-snippet:-1, max-image-preview:large, max-video-preview:-1\" \/>\n<link rel=\"canonical\" href=\"https:\/\/spmaskiner.com\/es\/ventajas-para-el-cliente\/cabezales-para-todos-los-tipos-de-maquinas-y-sistemas-de-medicion\/\" \/>\n<meta property=\"og:locale\" content=\"es_ES\" \/>\n<meta property=\"og:type\" content=\"article\" \/>\n<meta property=\"og:title\" content=\"Cabezales para todos los tipos de m\u00e1quinas y sistemas de medici\u00f3n - SP Maskiner\" \/>\n<meta property=\"og:description\" content=\"Cabezales para todos los tipos de m\u00e1quinas y sistemas de medici\u00f3n En SP le ofrecemos una amplia gama de cabezales para todos los tipos de m\u00e1quinas, marcas, modelos y operaciones de cosecha, desde el primer raleo hasta la tala final y la cosecha biol\u00f3gica de biocombustibles y el descortezado de eucaliptos. Gracias a nuestros conocimientos [&hellip;]\" \/>\n<meta property=\"og:url\" content=\"https:\/\/spmaskiner.com\/es\/ventajas-para-el-cliente\/cabezales-para-todos-los-tipos-de-maquinas-y-sistemas-de-medicion\/\" \/>\n<meta property=\"og:site_name\" content=\"SP Maskiner\" \/>\n<meta property=\"article:modified_time\" content=\"2022-05-31T08:15:51+00:00\" \/>\n<meta property=\"og:image\" content=\"https:\/\/spmaskiner.com\/wp-content\/uploads\/2022\/03\/brnilsson122-scaled.jpg\" \/>\n\t<meta property=\"og:image:width\" content=\"2560\" \/>\n\t<meta property=\"og:image:height\" content=\"1440\" \/>\n\t<meta property=\"og:image:type\" content=\"image\/jpeg\" \/>\n<meta name=\"twitter:card\" content=\"summary_large_image\" \/>\n<script type=\"application\/ld+json\" class=\"yoast-schema-graph\">{\"@context\":\"https:\/\/schema.org\",\"@graph\":[{\"@type\":\"WebPage\",\"@id\":\"https:\/\/spmaskiner.com\/es\/ventajas-para-el-cliente\/cabezales-para-todos-los-tipos-de-maquinas-y-sistemas-de-medicion\/\",\"url\":\"https:\/\/spmaskiner.com\/es\/ventajas-para-el-cliente\/cabezales-para-todos-los-tipos-de-maquinas-y-sistemas-de-medicion\/\",\"name\":\"Cabezales para todos los tipos de m\u00e1quinas y sistemas de medici\u00f3n - SP Maskiner\",\"isPartOf\":{\"@id\":\"https:\/\/spmaskiner.com\/es\/#website\"},\"primaryImageOfPage\":{\"@id\":\"https:\/\/spmaskiner.com\/es\/ventajas-para-el-cliente\/cabezales-para-todos-los-tipos-de-maquinas-y-sistemas-de-medicion\/#primaryimage\"},\"image\":{\"@id\":\"https:\/\/spmaskiner.com\/es\/ventajas-para-el-cliente\/cabezales-para-todos-los-tipos-de-maquinas-y-sistemas-de-medicion\/#primaryimage\"},\"thumbnailUrl\":\"https:\/\/spmaskiner.com\/wp-content\/uploads\/2022\/03\/brnilsson122-1024x576.jpg\",\"datePublished\":\"2022-03-04T08:05:48+00:00\",\"dateModified\":\"2022-05-31T08:15:51+00:00\",\"breadcrumb\":{\"@id\":\"https:\/\/spmaskiner.com\/es\/ventajas-para-el-cliente\/cabezales-para-todos-los-tipos-de-maquinas-y-sistemas-de-medicion\/#breadcrumb\"},\"inLanguage\":\"es\",\"potentialAction\":[{\"@type\":\"ReadAction\",\"target\":[\"https:\/\/spmaskiner.com\/es\/ventajas-para-el-cliente\/cabezales-para-todos-los-tipos-de-maquinas-y-sistemas-de-medicion\/\"]}]},{\"@type\":\"ImageObject\",\"inLanguage\":\"es\",\"@id\":\"https:\/\/spmaskiner.com\/es\/ventajas-para-el-cliente\/cabezales-para-todos-los-tipos-de-maquinas-y-sistemas-de-medicion\/#primaryimage\",\"url\":\"https:\/\/spmaskiner.com\/wp-content\/uploads\/2022\/03\/brnilsson122-1024x576.jpg\",\"contentUrl\":\"https:\/\/spmaskiner.com\/wp-content\/uploads\/2022\/03\/brnilsson122-1024x576.jpg\"},{\"@type\":\"BreadcrumbList\",\"@id\":\"https:\/\/spmaskiner.com\/es\/ventajas-para-el-cliente\/cabezales-para-todos-los-tipos-de-maquinas-y-sistemas-de-medicion\/#breadcrumb\",\"itemListElement\":[{\"@type\":\"ListItem\",\"position\":1,\"name\":\"Home\",\"item\":\"https:\/\/spmaskiner.com\/es\/\"},{\"@type\":\"ListItem\",\"position\":2,\"name\":\"Ventajas para el cliente\",\"item\":\"https:\/\/spmaskiner.com\/es\/ventajas-para-el-cliente\/\"},{\"@type\":\"ListItem\",\"position\":3,\"name\":\"Cabezales para todos los tipos de m\u00e1quinas y sistemas de medici\u00f3n\"}]},{\"@type\":\"WebSite\",\"@id\":\"https:\/\/spmaskiner.com\/es\/#website\",\"url\":\"https:\/\/spmaskiner.com\/es\/\",\"name\":\"SP Maskiner\",\"description\":\"Always ahead\",\"publisher\":{\"@id\":\"https:\/\/spmaskiner.com\/es\/#organization\"},\"potentialAction\":[{\"@type\":\"SearchAction\",\"target\":{\"@type\":\"EntryPoint\",\"urlTemplate\":\"https:\/\/spmaskiner.com\/es\/?s={search_term_string}\"},\"query-input\":{\"@type\":\"PropertyValueSpecification\",\"valueRequired\":true,\"valueName\":\"search_term_string\"}}],\"inLanguage\":\"es\"},{\"@type\":\"Organization\",\"@id\":\"https:\/\/spmaskiner.com\/es\/#organization\",\"name\":\"SP Maskiner\",\"url\":\"https:\/\/spmaskiner.com\/es\/\",\"logo\":{\"@type\":\"ImageObject\",\"inLanguage\":\"es\",\"@id\":\"https:\/\/spmaskiner.com\/es\/#\/schema\/logo\/image\/\",\"url\":\"https:\/\/spmaskiner.com\/wp-content\/uploads\/2021\/03\/spmaskiner-logotyp.png\",\"contentUrl\":\"https:\/\/spmaskiner.com\/wp-content\/uploads\/2021\/03\/spmaskiner-logotyp.png\",\"width\":350,\"height\":65,\"caption\":\"SP Maskiner\"},\"image\":{\"@id\":\"https:\/\/spmaskiner.com\/es\/#\/schema\/logo\/image\/\"}}]}<\/script>\n<!-- \/ Yoast SEO plugin. -->","yoast_head_json":{"title":"Cabezales para todos los tipos de m\u00e1quinas y sistemas de medici\u00f3n - SP Maskiner","robots":{"index":"index","follow":"follow","max-snippet":"max-snippet:-1","max-image-preview":"max-image-preview:large","max-video-preview":"max-video-preview:-1"},"canonical":"https:\/\/spmaskiner.com\/es\/ventajas-para-el-cliente\/cabezales-para-todos-los-tipos-de-maquinas-y-sistemas-de-medicion\/","og_locale":"es_ES","og_type":"article","og_title":"Cabezales para todos los tipos de m\u00e1quinas y sistemas de medici\u00f3n - SP Maskiner","og_description":"Cabezales para todos los tipos de m\u00e1quinas y sistemas de medici\u00f3n En SP le ofrecemos una amplia gama de cabezales para todos los tipos de m\u00e1quinas, marcas, modelos y operaciones de cosecha, desde el primer raleo hasta la tala final y la cosecha biol\u00f3gica de biocombustibles y el descortezado de eucaliptos. Gracias a nuestros conocimientos [&hellip;]","og_url":"https:\/\/spmaskiner.com\/es\/ventajas-para-el-cliente\/cabezales-para-todos-los-tipos-de-maquinas-y-sistemas-de-medicion\/","og_site_name":"SP Maskiner","article_modified_time":"2022-05-31T08:15:51+00:00","og_image":[{"width":2560,"height":1440,"url":"https:\/\/spmaskiner.com\/wp-content\/uploads\/2022\/03\/brnilsson122-scaled.jpg","type":"image\/jpeg"}],"twitter_card":"summary_large_image","schema":{"@context":"https:\/\/schema.org","@graph":[{"@type":"WebPage","@id":"https:\/\/spmaskiner.com\/es\/ventajas-para-el-cliente\/cabezales-para-todos-los-tipos-de-maquinas-y-sistemas-de-medicion\/","url":"https:\/\/spmaskiner.com\/es\/ventajas-para-el-cliente\/cabezales-para-todos-los-tipos-de-maquinas-y-sistemas-de-medicion\/","name":"Cabezales para todos los tipos de m\u00e1quinas y sistemas de medici\u00f3n - SP Maskiner","isPartOf":{"@id":"https:\/\/spmaskiner.com\/es\/#website"},"primaryImageOfPage":{"@id":"https:\/\/spmaskiner.com\/es\/ventajas-para-el-cliente\/cabezales-para-todos-los-tipos-de-maquinas-y-sistemas-de-medicion\/#primaryimage"},"image":{"@id":"https:\/\/spmaskiner.com\/es\/ventajas-para-el-cliente\/cabezales-para-todos-los-tipos-de-maquinas-y-sistemas-de-medicion\/#primaryimage"},"thumbnailUrl":"https:\/\/spmaskiner.com\/wp-content\/uploads\/2022\/03\/brnilsson122-1024x576.jpg","datePublished":"2022-03-04T08:05:48+00:00","dateModified":"2022-05-31T08:15:51+00:00","breadcrumb":{"@id":"https:\/\/spmaskiner.com\/es\/ventajas-para-el-cliente\/cabezales-para-todos-los-tipos-de-maquinas-y-sistemas-de-medicion\/#breadcrumb"},"inLanguage":"es","potentialAction":[{"@type":"ReadAction","target":["https:\/\/spmaskiner.com\/es\/ventajas-para-el-cliente\/cabezales-para-todos-los-tipos-de-maquinas-y-sistemas-de-medicion\/"]}]},{"@type":"ImageObject","inLanguage":"es","@id":"https:\/\/spmaskiner.com\/es\/ventajas-para-el-cliente\/cabezales-para-todos-los-tipos-de-maquinas-y-sistemas-de-medicion\/#primaryimage","url":"https:\/\/spmaskiner.com\/wp-content\/uploads\/2022\/03\/brnilsson122-1024x576.jpg","contentUrl":"https:\/\/spmaskiner.com\/wp-content\/uploads\/2022\/03\/brnilsson122-1024x576.jpg"},{"@type":"BreadcrumbList","@id":"https:\/\/spmaskiner.com\/es\/ventajas-para-el-cliente\/cabezales-para-todos-los-tipos-de-maquinas-y-sistemas-de-medicion\/#breadcrumb","itemListElement":[{"@type":"ListItem","position":1,"name":"Home","item":"https:\/\/spmaskiner.com\/es\/"},{"@type":"ListItem","position":2,"name":"Ventajas para el cliente","item":"https:\/\/spmaskiner.com\/es\/ventajas-para-el-cliente\/"},{"@type":"ListItem","position":3,"name":"Cabezales para todos los tipos de m\u00e1quinas y sistemas de medici\u00f3n"}]},{"@type":"WebSite","@id":"https:\/\/spmaskiner.com\/es\/#website","url":"https:\/\/spmaskiner.com\/es\/","name":"SP Maskiner","description":"Always ahead","publisher":{"@id":"https:\/\/spmaskiner.com\/es\/#organization"},"potentialAction":[{"@type":"SearchAction","target":{"@type":"EntryPoint","urlTemplate":"https:\/\/spmaskiner.com\/es\/?s={search_term_string}"},"query-input":{"@type":"PropertyValueSpecification","valueRequired":true,"valueName":"search_term_string"}}],"inLanguage":"es"},{"@type":"Organization","@id":"https:\/\/spmaskiner.com\/es\/#organization","name":"SP Maskiner","url":"https:\/\/spmaskiner.com\/es\/","logo":{"@type":"ImageObject","inLanguage":"es","@id":"https:\/\/spmaskiner.com\/es\/#\/schema\/logo\/image\/","url":"https:\/\/spmaskiner.com\/wp-content\/uploads\/2021\/03\/spmaskiner-logotyp.png","contentUrl":"https:\/\/spmaskiner.com\/wp-content\/uploads\/2021\/03\/spmaskiner-logotyp.png","width":350,"height":65,"caption":"SP Maskiner"},"image":{"@id":"https:\/\/spmaskiner.com\/es\/#\/schema\/logo\/image\/"}}]}},"_links":{"self":[{"href":"https:\/\/spmaskiner.com\/es\/wp-json\/wp\/v2\/pages\/7840","targetHints":{"allow":["GET"]}}],"collection":[{"href":"https:\/\/spmaskiner.com\/es\/wp-json\/wp\/v2\/pages"}],"about":[{"href":"https:\/\/spmaskiner.com\/es\/wp-json\/wp\/v2\/types\/page"}],"author":[{"embeddable":true,"href":"https:\/\/spmaskiner.com\/es\/wp-json\/wp\/v2\/users\/2"}],"replies":[{"embeddable":true,"href":"https:\/\/spmaskiner.com\/es\/wp-json\/wp\/v2\/comments?post=7840"}],"version-history":[{"count":1,"href":"https:\/\/spmaskiner.com\/es\/wp-json\/wp\/v2\/pages\/7840\/revisions"}],"predecessor-version":[{"id":7841,"href":"https:\/\/spmaskiner.com\/es\/wp-json\/wp\/v2\/pages\/7840\/revisions\/7841"}],"up":[{"embeddable":true,"href":"https:\/\/spmaskiner.com\/es\/wp-json\/wp\/v2\/pages\/7833"}],"wp:attachment":[{"href":"https:\/\/spmaskiner.com\/es\/wp-json\/wp\/v2\/media?parent=7840"}],"curies":[{"name":"wp","href":"https:\/\/api.w.org\/{rel}","templated":true}]}}