{"id":7873,"date":"2021-06-15T09:19:02","date_gmt":"2021-06-15T07:19:02","guid":{"rendered":"https:\/\/spmaskiner.com\/ventajas-para-el-cliente\/medicion-de-la-longitud\/"},"modified":"2022-05-31T10:40:09","modified_gmt":"2022-05-31T08:40:09","slug":"medicion-de-la-longitud","status":"publish","type":"page","link":"https:\/\/spmaskiner.com\/es\/ventajas-para-el-cliente\/medicion-de-la-longitud\/","title":{"rendered":"Medici\u00f3n de la longitud"},"content":{"rendered":"\t\t<div data-elementor-type=\"wp-page\" data-elementor-id=\"7873\" class=\"elementor elementor-7873 elementor-4221\" data-elementor-post-type=\"page\">\n\t\t\t\t\t\t<section class=\"elementor-section elementor-top-section elementor-element elementor-element-1f0e1330 elementor-section-boxed elementor-section-height-default elementor-section-height-default\" data-id=\"1f0e1330\" data-element_type=\"section\" data-e-type=\"section\">\n\t\t\t\t\t\t<div class=\"elementor-container elementor-column-gap-default\">\n\t\t\t\t\t<div class=\"elementor-column elementor-col-100 elementor-top-column elementor-element elementor-element-3b3196d7\" data-id=\"3b3196d7\" data-element_type=\"column\" data-e-type=\"column\">\n\t\t\t<div class=\"elementor-widget-wrap elementor-element-populated\">\n\t\t\t\t\t\t<div class=\"elementor-element elementor-element-2d4df7f6 elementor-widget elementor-widget-heading\" data-id=\"2d4df7f6\" data-element_type=\"widget\" data-e-type=\"widget\" data-widget_type=\"heading.default\">\n\t\t\t\t<div class=\"elementor-widget-container\">\n\t\t\t\t\t<h1 class=\"elementor-heading-title elementor-size-default\">Medici\u00f3n de la longitud<\/h1>\t\t\t\t<\/div>\n\t\t\t\t<\/div>\n\t\t\t\t<div class=\"elementor-element elementor-element-439bc2a3 elementor-widget elementor-widget-text-editor\" data-id=\"439bc2a3\" data-element_type=\"widget\" data-e-type=\"widget\" data-widget_type=\"text-editor.default\">\n\t\t\t\t<div class=\"elementor-widget-container\">\n\t\t\t\t\t\t\t\t\t<h2>Medici\u00f3n de la longitud fiable con una enorme fiabilidad y un mantenimiento m\u00ednimo<\/h2>\r\nGracias a su dise\u00f1o y construcci\u00f3n \u00fanicos, la unidad de medici\u00f3n de la longitud de los cabezales SP ofrece una fiabilidad, seguridad y precisi\u00f3n de\r\nmedici\u00f3n excepcionalmente altas. El sistema hidr\u00e1ulico est\u00e1 dise\u00f1ado para gestionar movimientos extremadamente r\u00e1pidos y cambios de direcci\u00f3n,\r\ngarantizando que la rueda de medici\u00f3n permanezca en contacto con el tallo en todo momento. Combinado con la alta resoluci\u00f3n del sensor, esto\r\ngarantiza la realizaci\u00f3n y el reenv\u00edo de mediciones correctas dentro del sistema. Los rodamientos robustos y resistentes, el enrutamiento \u00fanico del\r\ncableado interno y un sensor mec\u00e1nico sin contacto garantizan fiabilidad y seguridad, incluso en las condiciones m\u00e1s exigentes.\r\n\r\nIndependientemente de la especie de \u00e1rbol, el proceso de medici\u00f3n se puede optimizar mediante los diversos perfiles y anchos de las ruedas de medici\u00f3n, mientras que el gran di\u00e1metro de la rueda de medici\u00f3n garantiza un contacto \u00f3ptimo con el tallo en todo momento. Esto garantiza una fiabilidad\r\nm\u00e1xima al penetrar en diferentes estructuras de corteza y unas desviaciones m\u00ednimas, independientemente de que haya temperaturas extremas,\r\naltas o bajas. A lo largo del proceso, la unidad de medici\u00f3n de la longitud se presiona contra el tallo mediante un potente cilindro hidr\u00e1ulico con tiempos\r\nde respuesta r\u00e1pidos, lo que garantiza mediciones de la longitud excepcionales, incluso en tallos torcidos y desiguales. Cuando, finalmente, la rueda de medici\u00f3n tenga que sustituirse debido al desgaste, el dise\u00f1o que facilita la puesta a punto permite una sustituci\u00f3n r\u00e1pida y sencilla.\t\t\t\t\t\t\t\t<\/div>\n\t\t\t\t<\/div>\n\t\t\t\t<div class=\"elementor-element elementor-element-7fabeb9 elementor-icon-list--layout-inline elementor-align-end elementor-list-item-link-full_width elementor-widget elementor-widget-icon-list\" data-id=\"7fabeb9\" data-element_type=\"widget\" data-e-type=\"widget\" data-widget_type=\"icon-list.default\">\n\t\t\t\t<div class=\"elementor-widget-container\">\n\t\t\t\t\t\t\t<ul class=\"elementor-icon-list-items elementor-inline-items\">\n\t\t\t\t\t\t\t<li class=\"elementor-icon-list-item elementor-inline-item\">\n\t\t\t\t\t\t\t\t\t\t\t<a href=\"https:\/\/spmaskiner.com\/wp-content\/uploads\/2022\/05\/LengthMeasuring-es-ES.pdf\">\n\n\t\t\t\t\t\t\t\t\t\t\t\t<span class=\"elementor-icon-list-icon\">\n\t\t\t\t\t\t\t<i aria-hidden=\"true\" class=\"fas fa-file-pdf\"><\/i>\t\t\t\t\t\t<\/span>\n\t\t\t\t\t\t\t\t\t\t<span class=\"elementor-icon-list-text\">Folleto Medici\u00f3n de la longitud<\/span>\n\t\t\t\t\t\t\t\t\t\t\t<\/a>\n\t\t\t\t\t\t\t\t\t<\/li>\n\t\t\t\t\t\t<\/ul>\n\t\t\t\t\t\t<\/div>\n\t\t\t\t<\/div>\n\t\t\t\t<section class=\"elementor-section elementor-inner-section elementor-element elementor-element-6a7542ef elementor-section-boxed elementor-section-height-default elementor-section-height-default\" data-id=\"6a7542ef\" data-element_type=\"section\" data-e-type=\"section\">\n\t\t\t\t\t\t<div class=\"elementor-container elementor-column-gap-default\">\n\t\t\t\t\t<div class=\"elementor-column elementor-col-50 elementor-inner-column elementor-element elementor-element-35292250\" data-id=\"35292250\" data-element_type=\"column\" data-e-type=\"column\">\n\t\t\t<div class=\"elementor-widget-wrap elementor-element-populated\">\n\t\t\t\t\t\t<div class=\"elementor-element elementor-element-4e47f9b elementor-widget elementor-widget-image\" data-id=\"4e47f9b\" data-element_type=\"widget\" data-e-type=\"widget\" data-widget_type=\"image.default\">\n\t\t\t\t<div class=\"elementor-widget-container\">\n\t\t\t\t\t\t\t\t\t\t\t\t\t\t\t<img loading=\"lazy\" decoding=\"async\" width=\"816\" height=\"1024\" src=\"https:\/\/spmaskiner.com\/wp-content\/uploads\/2021\/06\/langdmatning-mathjul-816x1024.png\" class=\"attachment-large size-large wp-image-7558\" alt=\"\" srcset=\"https:\/\/spmaskiner.com\/wp-content\/uploads\/2021\/06\/langdmatning-mathjul-816x1024.png 816w, https:\/\/spmaskiner.com\/wp-content\/uploads\/2021\/06\/langdmatning-mathjul-239x300.png 239w, https:\/\/spmaskiner.com\/wp-content\/uploads\/2021\/06\/langdmatning-mathjul-768x964.png 768w, https:\/\/spmaskiner.com\/wp-content\/uploads\/2021\/06\/langdmatning-mathjul.png 1045w\" sizes=\"auto, (max-width: 816px) 100vw, 816px\" \/>\t\t\t\t\t\t\t\t\t\t\t\t\t\t\t<\/div>\n\t\t\t\t<\/div>\n\t\t\t\t\t<\/div>\n\t\t<\/div>\n\t\t\t\t<div class=\"elementor-column elementor-col-50 elementor-inner-column elementor-element elementor-element-5f75fc1\" data-id=\"5f75fc1\" data-element_type=\"column\" data-e-type=\"column\">\n\t\t\t<div class=\"elementor-widget-wrap elementor-element-populated\">\n\t\t\t\t\t\t<div class=\"elementor-element elementor-element-c4e0e65 elementor-widget elementor-widget-text-editor\" data-id=\"c4e0e65\" data-element_type=\"widget\" data-e-type=\"widget\" data-widget_type=\"text-editor.default\">\n\t\t\t\t<div class=\"elementor-widget-container\">\n\t\t\t\t\t\t\t\t\t<span style=\"color: #ff0000;\"><em><strong>La unidad de medici\u00f3n de la longitud<\/strong><\/em><\/span> la acciona un cilindro hidr\u00e1ulico extremadamente bien protegido y mangueras encapsuladas, lo que permite que\r\nla rueda de medici\u00f3n se retraiga a una posici\u00f3n protegida cuando se abre el cabezal.\r\n\r\n<span style=\"color: #ff0000;\"><em><strong>La rueda de medici\u00f3n<\/strong><\/em><\/span> tiene unos rodamientos extremadamente robustos y\r\nautolubricantes para una vida \u00fatil \u00f3ptima y unas necesidades de mantenimiento m\u00ednimas. Los rodamientos robustos tambi\u00e9n son lo suficientemente grandes como para soportar las fuerzas laterales extremadamente altas generadas, por ejemplo, durante la manipulaci\u00f3n de varios \u00e1rboles y al cosechar \u00e1rboles de madera dura torcida.\r\n\r\n<span style=\"color: #ff0000;\"><em><strong>El brazo de medici\u00f3n de la longitud<\/strong><\/em><\/span> est\u00e1 fijado al bastidor del cabezal con una conexi\u00f3n robusta y resistente para minimizar la puesta a punto y maximizar la durabilidad. Esto tambi\u00e9n garantiza un movimiento extremadamente s\u00f3lido\u00a0 del brazo de medici\u00f3n sin juego para obtener la m\u00e1xima precisi\u00f3n de medici\u00f3n.\r\n\r\n<span style=\"color: #ff0000;\"><em><strong>Nuestros cabezales de mayor tama\u00f1o<\/strong><\/em><\/span>, el SP661LF y el SP761LF, que se suelen montar en potentes soportes para trabajar en entornos exigentes con \u00e1rboles de gran di\u00e1metro, tienen un enrutamiento del cableado \u00fanico y\u00a0 totalmente protegido hasta el sensor de medici\u00f3n de la longitud. Puesto que toda la longitud del cableado est\u00e1 enrutada dentro del bastidor y del brazo de medici\u00f3n de la longitud, est\u00e1 completamente protegido de las fuerzas externas en todo momento. Esto garantiza la m\u00e1xima fiabilidad, incluso en las condiciones m\u00e1s exigentes.\r\n\r\n<span style=\"color: #ff0000;\"><em><strong>El sensor de medici\u00f3n de la longitud<\/strong><\/em><\/span> es completamente sin contacto ni enlace mec\u00e1nico a la rueda de medici\u00f3n. Puesto que el sensor no tiene partes m\u00f3viles ni ning\u00fan componente electr\u00f3nico abierto, esto garantiza la m\u00e1xima fiabilidad y vida \u00fatil.\t\t\t\t\t\t\t\t<\/div>\n\t\t\t\t<\/div>\n\t\t\t\t\t<\/div>\n\t\t<\/div>\n\t\t\t\t\t<\/div>\n\t\t<\/section>\n\t\t\t\t\t<\/div>\n\t\t<\/div>\n\t\t\t\t\t<\/div>\n\t\t<\/section>\n\t\t\t\t<\/div>\n\t\t","protected":false},"excerpt":{"rendered":"<p>Medici\u00f3n de la longitud Medici\u00f3n de la longitud fiable con una enorme fiabilidad y un mantenimiento m\u00ednimo Gracias a su dise\u00f1o y construcci\u00f3n \u00fanicos, la unidad de medici\u00f3n de la longitud de los cabezales SP ofrece una fiabilidad, seguridad y precisi\u00f3n de medici\u00f3n excepcionalmente altas. El sistema hidr\u00e1ulico est\u00e1 dise\u00f1ado para gestionar movimientos extremadamente r\u00e1pidos [&hellip;]<\/p>\n","protected":false},"author":1,"featured_media":0,"parent":7833,"menu_order":178,"comment_status":"closed","ping_status":"closed","template":"","meta":{"_acf_changed":false,"site-sidebar-layout":"no-sidebar","site-content-layout":"page-builder","ast-site-content-layout":"default","site-content-style":"default","site-sidebar-style":"default","ast-global-header-display":"","ast-banner-title-visibility":"","ast-main-header-display":"","ast-hfb-above-header-display":"","ast-hfb-below-header-display":"","ast-hfb-mobile-header-display":"","site-post-title":"disabled","ast-breadcrumbs-content":"","ast-featured-img":"disabled","footer-sml-layout":"","ast-disable-related-posts":"","theme-transparent-header-meta":"default","adv-header-id-meta":"","stick-header-meta":"","header-above-stick-meta":"","header-main-stick-meta":"","header-below-stick-meta":"","astra-migrate-meta-layouts":"default","ast-page-background-enabled":"default","ast-page-background-meta":{"desktop":{"background-color":"","background-image":"","background-repeat":"repeat","background-position":"center center","background-size":"auto","background-attachment":"scroll","background-type":"","background-media":"","overlay-type":"","overlay-color":"","overlay-opacity":"","overlay-gradient":""},"tablet":{"background-color":"","background-image":"","background-repeat":"repeat","background-position":"center center","background-size":"auto","background-attachment":"scroll","background-type":"","background-media":"","overlay-type":"","overlay-color":"","overlay-opacity":"","overlay-gradient":""},"mobile":{"background-color":"","background-image":"","background-repeat":"repeat","background-position":"center center","background-size":"auto","background-attachment":"scroll","background-type":"","background-media":"","overlay-type":"","overlay-color":"","overlay-opacity":"","overlay-gradient":""}},"ast-content-background-meta":{"desktop":{"background-color":"var(--ast-global-color-5)","background-image":"","background-repeat":"repeat","background-position":"center center","background-size":"auto","background-attachment":"scroll","background-type":"","background-media":"","overlay-type":"","overlay-color":"","overlay-opacity":"","overlay-gradient":""},"tablet":{"background-color":"var(--ast-global-color-5)","background-image":"","background-repeat":"repeat","background-position":"center center","background-size":"auto","background-attachment":"scroll","background-type":"","background-media":"","overlay-type":"","overlay-color":"","overlay-opacity":"","overlay-gradient":""},"mobile":{"background-color":"var(--ast-global-color-5)","background-image":"","background-repeat":"repeat","background-position":"center center","background-size":"auto","background-attachment":"scroll","background-type":"","background-media":"","overlay-type":"","overlay-color":"","overlay-opacity":"","overlay-gradient":""}},"footnotes":""},"class_list":["post-7873","page","type-page","status-publish","hentry"],"acf":[],"yoast_head":"<!-- This site is optimized with the Yoast SEO plugin v26.9 - https:\/\/yoast.com\/product\/yoast-seo-wordpress\/ -->\n<title>Medici\u00f3n de la longitud - SP Maskiner<\/title>\n<meta name=\"robots\" content=\"index, follow, max-snippet:-1, max-image-preview:large, max-video-preview:-1\" \/>\n<link rel=\"canonical\" href=\"https:\/\/spmaskiner.com\/es\/ventajas-para-el-cliente\/medicion-de-la-longitud\/\" \/>\n<meta property=\"og:locale\" content=\"es_ES\" \/>\n<meta property=\"og:type\" content=\"article\" \/>\n<meta property=\"og:title\" content=\"Medici\u00f3n de la longitud - SP Maskiner\" \/>\n<meta property=\"og:description\" content=\"Medici\u00f3n de la longitud Medici\u00f3n de la longitud fiable con una enorme fiabilidad y un mantenimiento m\u00ednimo Gracias a su dise\u00f1o y construcci\u00f3n \u00fanicos, la unidad de medici\u00f3n de la longitud de los cabezales SP ofrece una fiabilidad, seguridad y precisi\u00f3n de medici\u00f3n excepcionalmente altas. El sistema hidr\u00e1ulico est\u00e1 dise\u00f1ado para gestionar movimientos extremadamente r\u00e1pidos [&hellip;]\" \/>\n<meta property=\"og:url\" content=\"https:\/\/spmaskiner.com\/es\/ventajas-para-el-cliente\/medicion-de-la-longitud\/\" \/>\n<meta property=\"og:site_name\" content=\"SP Maskiner\" \/>\n<meta property=\"article:modified_time\" content=\"2022-05-31T08:40:09+00:00\" \/>\n<meta property=\"og:image\" content=\"https:\/\/spmaskiner.com\/wp-content\/uploads\/2021\/06\/langdmatning-mathjul.png\" \/>\n\t<meta property=\"og:image:width\" content=\"1045\" \/>\n\t<meta property=\"og:image:height\" content=\"1312\" \/>\n\t<meta property=\"og:image:type\" content=\"image\/png\" \/>\n<meta name=\"twitter:card\" content=\"summary_large_image\" \/>\n<script type=\"application\/ld+json\" class=\"yoast-schema-graph\">{\"@context\":\"https:\/\/schema.org\",\"@graph\":[{\"@type\":\"WebPage\",\"@id\":\"https:\/\/spmaskiner.com\/es\/ventajas-para-el-cliente\/medicion-de-la-longitud\/\",\"url\":\"https:\/\/spmaskiner.com\/es\/ventajas-para-el-cliente\/medicion-de-la-longitud\/\",\"name\":\"Medici\u00f3n de la longitud - SP Maskiner\",\"isPartOf\":{\"@id\":\"https:\/\/spmaskiner.com\/es\/#website\"},\"primaryImageOfPage\":{\"@id\":\"https:\/\/spmaskiner.com\/es\/ventajas-para-el-cliente\/medicion-de-la-longitud\/#primaryimage\"},\"image\":{\"@id\":\"https:\/\/spmaskiner.com\/es\/ventajas-para-el-cliente\/medicion-de-la-longitud\/#primaryimage\"},\"thumbnailUrl\":\"https:\/\/spmaskiner.com\/wp-content\/uploads\/2021\/06\/langdmatning-mathjul-816x1024.png\",\"datePublished\":\"2021-06-15T07:19:02+00:00\",\"dateModified\":\"2022-05-31T08:40:09+00:00\",\"breadcrumb\":{\"@id\":\"https:\/\/spmaskiner.com\/es\/ventajas-para-el-cliente\/medicion-de-la-longitud\/#breadcrumb\"},\"inLanguage\":\"es\",\"potentialAction\":[{\"@type\":\"ReadAction\",\"target\":[\"https:\/\/spmaskiner.com\/es\/ventajas-para-el-cliente\/medicion-de-la-longitud\/\"]}]},{\"@type\":\"ImageObject\",\"inLanguage\":\"es\",\"@id\":\"https:\/\/spmaskiner.com\/es\/ventajas-para-el-cliente\/medicion-de-la-longitud\/#primaryimage\",\"url\":\"https:\/\/spmaskiner.com\/wp-content\/uploads\/2021\/06\/langdmatning-mathjul-816x1024.png\",\"contentUrl\":\"https:\/\/spmaskiner.com\/wp-content\/uploads\/2021\/06\/langdmatning-mathjul-816x1024.png\"},{\"@type\":\"BreadcrumbList\",\"@id\":\"https:\/\/spmaskiner.com\/es\/ventajas-para-el-cliente\/medicion-de-la-longitud\/#breadcrumb\",\"itemListElement\":[{\"@type\":\"ListItem\",\"position\":1,\"name\":\"Home\",\"item\":\"https:\/\/spmaskiner.com\/es\/\"},{\"@type\":\"ListItem\",\"position\":2,\"name\":\"Ventajas para el cliente\",\"item\":\"https:\/\/spmaskiner.com\/es\/ventajas-para-el-cliente\/\"},{\"@type\":\"ListItem\",\"position\":3,\"name\":\"Medici\u00f3n de la longitud\"}]},{\"@type\":\"WebSite\",\"@id\":\"https:\/\/spmaskiner.com\/es\/#website\",\"url\":\"https:\/\/spmaskiner.com\/es\/\",\"name\":\"SP Maskiner\",\"description\":\"Always ahead\",\"publisher\":{\"@id\":\"https:\/\/spmaskiner.com\/es\/#organization\"},\"potentialAction\":[{\"@type\":\"SearchAction\",\"target\":{\"@type\":\"EntryPoint\",\"urlTemplate\":\"https:\/\/spmaskiner.com\/es\/?s={search_term_string}\"},\"query-input\":{\"@type\":\"PropertyValueSpecification\",\"valueRequired\":true,\"valueName\":\"search_term_string\"}}],\"inLanguage\":\"es\"},{\"@type\":\"Organization\",\"@id\":\"https:\/\/spmaskiner.com\/es\/#organization\",\"name\":\"SP Maskiner\",\"url\":\"https:\/\/spmaskiner.com\/es\/\",\"logo\":{\"@type\":\"ImageObject\",\"inLanguage\":\"es\",\"@id\":\"https:\/\/spmaskiner.com\/es\/#\/schema\/logo\/image\/\",\"url\":\"https:\/\/spmaskiner.com\/wp-content\/uploads\/2021\/03\/spmaskiner-logotyp.png\",\"contentUrl\":\"https:\/\/spmaskiner.com\/wp-content\/uploads\/2021\/03\/spmaskiner-logotyp.png\",\"width\":350,\"height\":65,\"caption\":\"SP Maskiner\"},\"image\":{\"@id\":\"https:\/\/spmaskiner.com\/es\/#\/schema\/logo\/image\/\"}}]}<\/script>\n<!-- \/ Yoast SEO plugin. -->","yoast_head_json":{"title":"Medici\u00f3n de la longitud - SP Maskiner","robots":{"index":"index","follow":"follow","max-snippet":"max-snippet:-1","max-image-preview":"max-image-preview:large","max-video-preview":"max-video-preview:-1"},"canonical":"https:\/\/spmaskiner.com\/es\/ventajas-para-el-cliente\/medicion-de-la-longitud\/","og_locale":"es_ES","og_type":"article","og_title":"Medici\u00f3n de la longitud - SP Maskiner","og_description":"Medici\u00f3n de la longitud Medici\u00f3n de la longitud fiable con una enorme fiabilidad y un mantenimiento m\u00ednimo Gracias a su dise\u00f1o y construcci\u00f3n \u00fanicos, la unidad de medici\u00f3n de la longitud de los cabezales SP ofrece una fiabilidad, seguridad y precisi\u00f3n de medici\u00f3n excepcionalmente altas. El sistema hidr\u00e1ulico est\u00e1 dise\u00f1ado para gestionar movimientos extremadamente r\u00e1pidos [&hellip;]","og_url":"https:\/\/spmaskiner.com\/es\/ventajas-para-el-cliente\/medicion-de-la-longitud\/","og_site_name":"SP Maskiner","article_modified_time":"2022-05-31T08:40:09+00:00","og_image":[{"width":1045,"height":1312,"url":"https:\/\/spmaskiner.com\/wp-content\/uploads\/2021\/06\/langdmatning-mathjul.png","type":"image\/png"}],"twitter_card":"summary_large_image","schema":{"@context":"https:\/\/schema.org","@graph":[{"@type":"WebPage","@id":"https:\/\/spmaskiner.com\/es\/ventajas-para-el-cliente\/medicion-de-la-longitud\/","url":"https:\/\/spmaskiner.com\/es\/ventajas-para-el-cliente\/medicion-de-la-longitud\/","name":"Medici\u00f3n de la longitud - SP Maskiner","isPartOf":{"@id":"https:\/\/spmaskiner.com\/es\/#website"},"primaryImageOfPage":{"@id":"https:\/\/spmaskiner.com\/es\/ventajas-para-el-cliente\/medicion-de-la-longitud\/#primaryimage"},"image":{"@id":"https:\/\/spmaskiner.com\/es\/ventajas-para-el-cliente\/medicion-de-la-longitud\/#primaryimage"},"thumbnailUrl":"https:\/\/spmaskiner.com\/wp-content\/uploads\/2021\/06\/langdmatning-mathjul-816x1024.png","datePublished":"2021-06-15T07:19:02+00:00","dateModified":"2022-05-31T08:40:09+00:00","breadcrumb":{"@id":"https:\/\/spmaskiner.com\/es\/ventajas-para-el-cliente\/medicion-de-la-longitud\/#breadcrumb"},"inLanguage":"es","potentialAction":[{"@type":"ReadAction","target":["https:\/\/spmaskiner.com\/es\/ventajas-para-el-cliente\/medicion-de-la-longitud\/"]}]},{"@type":"ImageObject","inLanguage":"es","@id":"https:\/\/spmaskiner.com\/es\/ventajas-para-el-cliente\/medicion-de-la-longitud\/#primaryimage","url":"https:\/\/spmaskiner.com\/wp-content\/uploads\/2021\/06\/langdmatning-mathjul-816x1024.png","contentUrl":"https:\/\/spmaskiner.com\/wp-content\/uploads\/2021\/06\/langdmatning-mathjul-816x1024.png"},{"@type":"BreadcrumbList","@id":"https:\/\/spmaskiner.com\/es\/ventajas-para-el-cliente\/medicion-de-la-longitud\/#breadcrumb","itemListElement":[{"@type":"ListItem","position":1,"name":"Home","item":"https:\/\/spmaskiner.com\/es\/"},{"@type":"ListItem","position":2,"name":"Ventajas para el cliente","item":"https:\/\/spmaskiner.com\/es\/ventajas-para-el-cliente\/"},{"@type":"ListItem","position":3,"name":"Medici\u00f3n de la longitud"}]},{"@type":"WebSite","@id":"https:\/\/spmaskiner.com\/es\/#website","url":"https:\/\/spmaskiner.com\/es\/","name":"SP Maskiner","description":"Always ahead","publisher":{"@id":"https:\/\/spmaskiner.com\/es\/#organization"},"potentialAction":[{"@type":"SearchAction","target":{"@type":"EntryPoint","urlTemplate":"https:\/\/spmaskiner.com\/es\/?s={search_term_string}"},"query-input":{"@type":"PropertyValueSpecification","valueRequired":true,"valueName":"search_term_string"}}],"inLanguage":"es"},{"@type":"Organization","@id":"https:\/\/spmaskiner.com\/es\/#organization","name":"SP Maskiner","url":"https:\/\/spmaskiner.com\/es\/","logo":{"@type":"ImageObject","inLanguage":"es","@id":"https:\/\/spmaskiner.com\/es\/#\/schema\/logo\/image\/","url":"https:\/\/spmaskiner.com\/wp-content\/uploads\/2021\/03\/spmaskiner-logotyp.png","contentUrl":"https:\/\/spmaskiner.com\/wp-content\/uploads\/2021\/03\/spmaskiner-logotyp.png","width":350,"height":65,"caption":"SP Maskiner"},"image":{"@id":"https:\/\/spmaskiner.com\/es\/#\/schema\/logo\/image\/"}}]}},"_links":{"self":[{"href":"https:\/\/spmaskiner.com\/es\/wp-json\/wp\/v2\/pages\/7873","targetHints":{"allow":["GET"]}}],"collection":[{"href":"https:\/\/spmaskiner.com\/es\/wp-json\/wp\/v2\/pages"}],"about":[{"href":"https:\/\/spmaskiner.com\/es\/wp-json\/wp\/v2\/types\/page"}],"author":[{"embeddable":true,"href":"https:\/\/spmaskiner.com\/es\/wp-json\/wp\/v2\/users\/1"}],"replies":[{"embeddable":true,"href":"https:\/\/spmaskiner.com\/es\/wp-json\/wp\/v2\/comments?post=7873"}],"version-history":[{"count":1,"href":"https:\/\/spmaskiner.com\/es\/wp-json\/wp\/v2\/pages\/7873\/revisions"}],"predecessor-version":[{"id":7874,"href":"https:\/\/spmaskiner.com\/es\/wp-json\/wp\/v2\/pages\/7873\/revisions\/7874"}],"up":[{"embeddable":true,"href":"https:\/\/spmaskiner.com\/es\/wp-json\/wp\/v2\/pages\/7833"}],"wp:attachment":[{"href":"https:\/\/spmaskiner.com\/es\/wp-json\/wp\/v2\/media?parent=7873"}],"curies":[{"name":"wp","href":"https:\/\/api.w.org\/{rel}","templated":true}]}}