{"id":7908,"date":"2021-07-23T11:28:48","date_gmt":"2021-07-23T09:28:48","guid":{"rendered":"https:\/\/spmaskiner.com\/informacion-del-sitio-web\/"},"modified":"2022-05-31T12:37:10","modified_gmt":"2022-05-31T10:37:10","slug":"informacion-del-sitio-web","status":"publish","type":"page","link":"https:\/\/spmaskiner.com\/es\/informacion-del-sitio-web\/","title":{"rendered":"Informaci\u00f3n del sitio web"},"content":{"rendered":"\n<h2 class=\"wp-block-heading\" id=\"WEBBLASARE\">Navegadores<\/h2>\n\n<p>Nuestro sitio web funciona mejor con las versiones m\u00e1s recientes de los navegadores habituales. Recomendamos uno de los siguientes navegadores:<\/p>\n\n<h3 class=\"wp-block-heading\">Windows<\/h3>\n\n<p><a href=\"http:\/\/www.google.com\/chrome\/\" target=\"_blank\" rel=\"noreferrer noopener\">Chrome<\/a>&#13;\n<a href=\"http:\/\/www.microsoft.com\/windows\/internet-explorer\/\" target=\"_blank\" rel=\"noreferrer noopener\">Internet Explorer 9.0<\/a> o posterior&#13;\n<a href=\"http:\/\/www.mozilla.com\/\" target=\"_blank\" rel=\"noreferrer noopener\">Mozilla Firefox<\/a><\/p>\n\n<h3 class=\"wp-block-heading\">Mac OS<\/h3>\n\n<p><a href=\"http:\/\/www.google.com\/chrome\/\" target=\"_blank\" rel=\"noreferrer noopener\">Chrome<\/a>&#13;\n<a href=\"http:\/\/www.apple.com\/safari\/\" target=\"_blank\" rel=\"noreferrer noopener\">Safari 3.0<\/a> o posterior&#13;\n<a href=\"http:\/\/www.mozilla.com\/\" target=\"_blank\" rel=\"noreferrer noopener\">Mozilla Firefox<\/a><\/p>\n\n<hr class=\"wp-block-separator\"\/>\n\n<p>Si el sitio web no funciona, puede deberse a que JavaScript o las Cookies no est\u00e1n activadas en el navegador. Puede comprobar lo siguiente:<\/p>\n\n<ul class=\"wp-block-list\"><li>En Internet Explorer, la opci\u00f3n Herramientas \/ Opciones de Internet \/ Seguridad \/ Nivel personalizado \/ Automatizaci\u00f3n \/ Active scripting debe estar activada y la casilla de verificaci\u00f3n Herramientas \/ Opciones de Internet \/ Privacidad \/ Avanzada \/ Invalidar la administraci\u00f3n autom\u00e1tica de cookies debe estar marcada.<\/li><li>En Firefox, las casillas de verificaci\u00f3n Herramientas \/ Opciones \/ Privacidad \/ Cookies \/ Aceptar cookies de sitios y Herramientas \/ Opciones \/ Contenido \/ Activar JavaScript debe estar marcada.<\/li><li>En Safari, debe ir al men\u00fa Safari \/ Seguridad y marcar la casilla de verificaci\u00f3n Activar JavaScript, a continuaci\u00f3n seleccione la opci\u00f3n Siempre en la parte derecha del encabezado Aceptar cookies. JavaScript y Cookies tienen que activarse de forma diferente en otros navegadores, aunque las opciones pueden encontrarse generalmente en los ajustes del navegador.<\/li><\/ul>\n\n<hr class=\"wp-block-separator\"\/>\n\n<h2 class=\"wp-block-heading\" id=\"COOKIES\">Cookies<\/h2>\n\n<p>Nuestro sitio web utiliza cookies. Una cookie es un peque\u00f1o archivo de datos que el sitio guarda en su ordenador.<\/p>\n\n<h4 class=\"wp-block-heading\">Las cookies se almacenan temporalmente en el ordenador<\/h4>\n\n<p>Utilizamos cookies de sesi\u00f3n e ID de sesi\u00f3n para que pueda ver correctamente las diferentes p\u00e1ginas. La cookie no se almacena en el ordenador tras cerrar el navegador. Este tipo de cookie se utiliza \u00fanicamente para la comunicaci\u00f3n entre el ordenador y nuestro servidor. No nos facilita informaci\u00f3n sobre usted como usuario y no puede transmitir virus.<\/p>\n\n<h4 class=\"wp-block-heading\">Puede desactivar la cookie<\/h4>\n\n<p>Si no acepta el uso de cookies, puede cambiar el ajuste en el navegador para no permitir cookies. No obstante, esto significar\u00e1 que el sitio web no funcionar\u00e1.<\/p>\n\n<hr class=\"wp-block-separator\"\/>\n\n<h2 class=\"wp-block-heading\" id=\"JAVASCRIPT\">Javascript<\/h2>\n\n<p>Para que funcionen algunos servicios del sitio es necesario que Javascript est\u00e9 activado. Para comprobar si Javascript est\u00e1 activado, consulte en el encabezado Navegador.<\/p>\n\n<hr class=\"wp-block-separator\"\/>\n\n<h2 class=\"wp-block-heading\" id=\"FARGUPPLOSNING\">Colores y resoluci\u00f3n<\/h2>\n\n<p>Para ver las im\u00e1genes de la Galer\u00eda de im\u00e1genes con una buena calidad, la tarjeta de v\u00eddeo del ordenador debe definirse en al menos 256 colores, preferiblemente m\u00e1s.&#13;\n<\/p>\n\n<p>El sitio web tiene capacidad de respuesta, lo que significa que funciona en varios dispositivos y en varias resoluciones.<\/p>\n\n<hr class=\"wp-block-separator\"\/>\n\n<h2 class=\"wp-block-heading\" id=\"NERLADDNING\">Descargando archivos<\/h2>\n\n<p>Para <strong>abrir un archivo<\/strong>, haga clic en el enlace. Los enlaces a archivos se abren autom\u00e1ticamente en nuevas ventanas.<\/p>\n\n<p>Para <strong>guardar un archivo<\/strong>, haga clic con el bot\u00f3n secundario del rat\u00f3n en el enlace y seleccione Guardar destino como. D\u00e9 un nombre al archivo y elija d\u00f3nde guardarlo.<\/p>\n\n<h4 class=\"wp-block-heading\">Abrir archivos PDF<\/h4>\n\n<p>Para abrir archivos PDF, recomendamos el software <a title=\"Descargar Acrobat Reader del sitio web de Adobe\" href=\"http:\/\/www.adobe.com\/\" target=\"_blank\" rel=\"noopener\">Acrobat Reader<\/a>, que es gratuito.<\/p>\n\n<h4 class=\"wp-block-heading\">Abrir archivos de Word, Excel o PowerPoint<\/h4>\n\n<p>Si no tiene un software que pueda leer formatos de archivo <a href=\"https:\/\/www.microsoft.com\/es-es\/download\/details.aspx?id=4\" target=\"_blank\" rel=\"noopener\">Word<\/a>, <a href=\"https:\/\/www.microsoft.com\/es-es\/download\/details.aspx?id=10\" target=\"_blank\" rel=\"noopener\">Excel<\/a> o <a href=\"https:\/\/www.microsoft.com\/es-es\/download\/details.aspx?id=13\" target=\"_blank\" rel=\"noopener\">PowerPoint<\/a>, puede descargar Microsoft Viewer gratis.<\/p>\n\n<hr class=\"wp-block-separator\"\/>\n\n<h2 class=\"wp-block-heading\" id=\"SITEMAP\">Mapa del sitio<\/h2>\n\n<p>Puede ver lo que contiene cada \u00e1rea en nuestro mapa del sitio.<\/p>\n\n<hr class=\"wp-block-separator\"\/>\n\n<h2 class=\"wp-block-heading\" id=\"KONTAKT\">Contacto y Asistencia t\u00e9cnica<\/h2>\n\n<p>En caso de problemas t\u00e9cnicos o cuestiones generales, puede ponerse en contacto con nosotros.<\/p>\n","protected":false},"excerpt":{"rendered":"<p>Navegadores Nuestro sitio web funciona mejor con las versiones m\u00e1s recientes de los navegadores habituales. Recomendamos uno de los siguientes navegadores: Windows Chrome&#13; Internet Explorer 9.0 o posterior&#13; Mozilla Firefox Mac OS Chrome&#13; Safari 3.0 o posterior&#13; Mozilla Firefox Si el sitio web no funciona, puede deberse a que JavaScript o las Cookies no est\u00e1n [&hellip;]<\/p>\n","protected":false},"author":1,"featured_media":0,"parent":0,"menu_order":142,"comment_status":"closed","ping_status":"closed","template":"","meta":{"_acf_changed":false,"site-sidebar-layout":"default","site-content-layout":"default","ast-site-content-layout":"default","site-content-style":"default","site-sidebar-style":"default","ast-global-header-display":"","ast-banner-title-visibility":"","ast-main-header-display":"","ast-hfb-above-header-display":"","ast-hfb-below-header-display":"","ast-hfb-mobile-header-display":"","site-post-title":"","ast-breadcrumbs-content":"","ast-featured-img":"","footer-sml-layout":"","ast-disable-related-posts":"","theme-transparent-header-meta":"default","adv-header-id-meta":"","stick-header-meta":"","header-above-stick-meta":"","header-main-stick-meta":"","header-below-stick-meta":"","astra-migrate-meta-layouts":"default","ast-page-background-enabled":"default","ast-page-background-meta":{"desktop":{"background-color":"","background-image":"","background-repeat":"repeat","background-position":"center center","background-size":"auto","background-attachment":"scroll","background-type":"","background-media":"","overlay-type":"","overlay-color":"","overlay-opacity":"","overlay-gradient":""},"tablet":{"background-color":"","background-image":"","background-repeat":"repeat","background-position":"center center","background-size":"auto","background-attachment":"scroll","background-type":"","background-media":"","overlay-type":"","overlay-color":"","overlay-opacity":"","overlay-gradient":""},"mobile":{"background-color":"","background-image":"","background-repeat":"repeat","background-position":"center center","background-size":"auto","background-attachment":"scroll","background-type":"","background-media":"","overlay-type":"","overlay-color":"","overlay-opacity":"","overlay-gradient":""}},"ast-content-background-meta":{"desktop":{"background-color":"var(--ast-global-color-5)","background-image":"","background-repeat":"repeat","background-position":"center center","background-size":"auto","background-attachment":"scroll","background-type":"","background-media":"","overlay-type":"","overlay-color":"","overlay-opacity":"","overlay-gradient":""},"tablet":{"background-color":"var(--ast-global-color-5)","background-image":"","background-repeat":"repeat","background-position":"center center","background-size":"auto","background-attachment":"scroll","background-type":"","background-media":"","overlay-type":"","overlay-color":"","overlay-opacity":"","overlay-gradient":""},"mobile":{"background-color":"var(--ast-global-color-5)","background-image":"","background-repeat":"repeat","background-position":"center center","background-size":"auto","background-attachment":"scroll","background-type":"","background-media":"","overlay-type":"","overlay-color":"","overlay-opacity":"","overlay-gradient":""}},"footnotes":""},"class_list":["post-7908","page","type-page","status-publish","hentry"],"acf":[],"yoast_head":"<!-- This site is optimized with the Yoast SEO plugin v26.9 - https:\/\/yoast.com\/product\/yoast-seo-wordpress\/ -->\n<title>Informaci\u00f3n del sitio web - SP Maskiner<\/title>\n<meta name=\"robots\" content=\"index, follow, max-snippet:-1, max-image-preview:large, max-video-preview:-1\" \/>\n<link rel=\"canonical\" href=\"https:\/\/spmaskiner.com\/es\/informacion-del-sitio-web\/\" \/>\n<meta property=\"og:locale\" content=\"es_ES\" \/>\n<meta property=\"og:type\" content=\"article\" \/>\n<meta property=\"og:title\" content=\"Informaci\u00f3n del sitio web - SP Maskiner\" \/>\n<meta property=\"og:description\" content=\"Navegadores Nuestro sitio web funciona mejor con las versiones m\u00e1s recientes de los navegadores habituales. Recomendamos uno de los siguientes navegadores: Windows Chrome&#013; Internet Explorer 9.0 o posterior&#013; Mozilla Firefox Mac OS Chrome&#013; Safari 3.0 o posterior&#013; Mozilla Firefox Si el sitio web no funciona, puede deberse a que JavaScript o las Cookies no est\u00e1n [&hellip;]\" \/>\n<meta property=\"og:url\" content=\"https:\/\/spmaskiner.com\/es\/informacion-del-sitio-web\/\" \/>\n<meta property=\"og:site_name\" content=\"SP Maskiner\" \/>\n<meta property=\"article:modified_time\" content=\"2022-05-31T10:37:10+00:00\" \/>\n<meta name=\"twitter:card\" content=\"summary_large_image\" \/>\n<script type=\"application\/ld+json\" class=\"yoast-schema-graph\">{\"@context\":\"https:\/\/schema.org\",\"@graph\":[{\"@type\":\"WebPage\",\"@id\":\"https:\/\/spmaskiner.com\/es\/informacion-del-sitio-web\/\",\"url\":\"https:\/\/spmaskiner.com\/es\/informacion-del-sitio-web\/\",\"name\":\"Informaci\u00f3n del sitio web - SP Maskiner\",\"isPartOf\":{\"@id\":\"https:\/\/spmaskiner.com\/es\/#website\"},\"datePublished\":\"2021-07-23T09:28:48+00:00\",\"dateModified\":\"2022-05-31T10:37:10+00:00\",\"breadcrumb\":{\"@id\":\"https:\/\/spmaskiner.com\/es\/informacion-del-sitio-web\/#breadcrumb\"},\"inLanguage\":\"es\",\"potentialAction\":[{\"@type\":\"ReadAction\",\"target\":[\"https:\/\/spmaskiner.com\/es\/informacion-del-sitio-web\/\"]}]},{\"@type\":\"BreadcrumbList\",\"@id\":\"https:\/\/spmaskiner.com\/es\/informacion-del-sitio-web\/#breadcrumb\",\"itemListElement\":[{\"@type\":\"ListItem\",\"position\":1,\"name\":\"Home\",\"item\":\"https:\/\/spmaskiner.com\/es\/\"},{\"@type\":\"ListItem\",\"position\":2,\"name\":\"Informaci\u00f3n del sitio web\"}]},{\"@type\":\"WebSite\",\"@id\":\"https:\/\/spmaskiner.com\/es\/#website\",\"url\":\"https:\/\/spmaskiner.com\/es\/\",\"name\":\"SP Maskiner\",\"description\":\"Always ahead\",\"publisher\":{\"@id\":\"https:\/\/spmaskiner.com\/es\/#organization\"},\"potentialAction\":[{\"@type\":\"SearchAction\",\"target\":{\"@type\":\"EntryPoint\",\"urlTemplate\":\"https:\/\/spmaskiner.com\/es\/?s={search_term_string}\"},\"query-input\":{\"@type\":\"PropertyValueSpecification\",\"valueRequired\":true,\"valueName\":\"search_term_string\"}}],\"inLanguage\":\"es\"},{\"@type\":\"Organization\",\"@id\":\"https:\/\/spmaskiner.com\/es\/#organization\",\"name\":\"SP Maskiner\",\"url\":\"https:\/\/spmaskiner.com\/es\/\",\"logo\":{\"@type\":\"ImageObject\",\"inLanguage\":\"es\",\"@id\":\"https:\/\/spmaskiner.com\/es\/#\/schema\/logo\/image\/\",\"url\":\"https:\/\/spmaskiner.com\/wp-content\/uploads\/2021\/03\/spmaskiner-logotyp.png\",\"contentUrl\":\"https:\/\/spmaskiner.com\/wp-content\/uploads\/2021\/03\/spmaskiner-logotyp.png\",\"width\":350,\"height\":65,\"caption\":\"SP Maskiner\"},\"image\":{\"@id\":\"https:\/\/spmaskiner.com\/es\/#\/schema\/logo\/image\/\"}}]}<\/script>\n<!-- \/ Yoast SEO plugin. -->","yoast_head_json":{"title":"Informaci\u00f3n del sitio web - SP Maskiner","robots":{"index":"index","follow":"follow","max-snippet":"max-snippet:-1","max-image-preview":"max-image-preview:large","max-video-preview":"max-video-preview:-1"},"canonical":"https:\/\/spmaskiner.com\/es\/informacion-del-sitio-web\/","og_locale":"es_ES","og_type":"article","og_title":"Informaci\u00f3n del sitio web - SP Maskiner","og_description":"Navegadores Nuestro sitio web funciona mejor con las versiones m\u00e1s recientes de los navegadores habituales. Recomendamos uno de los siguientes navegadores: Windows Chrome&#13; Internet Explorer 9.0 o posterior&#13; Mozilla Firefox Mac OS Chrome&#13; Safari 3.0 o posterior&#13; Mozilla Firefox Si el sitio web no funciona, puede deberse a que JavaScript o las Cookies no est\u00e1n [&hellip;]","og_url":"https:\/\/spmaskiner.com\/es\/informacion-del-sitio-web\/","og_site_name":"SP Maskiner","article_modified_time":"2022-05-31T10:37:10+00:00","twitter_card":"summary_large_image","schema":{"@context":"https:\/\/schema.org","@graph":[{"@type":"WebPage","@id":"https:\/\/spmaskiner.com\/es\/informacion-del-sitio-web\/","url":"https:\/\/spmaskiner.com\/es\/informacion-del-sitio-web\/","name":"Informaci\u00f3n del sitio web - SP Maskiner","isPartOf":{"@id":"https:\/\/spmaskiner.com\/es\/#website"},"datePublished":"2021-07-23T09:28:48+00:00","dateModified":"2022-05-31T10:37:10+00:00","breadcrumb":{"@id":"https:\/\/spmaskiner.com\/es\/informacion-del-sitio-web\/#breadcrumb"},"inLanguage":"es","potentialAction":[{"@type":"ReadAction","target":["https:\/\/spmaskiner.com\/es\/informacion-del-sitio-web\/"]}]},{"@type":"BreadcrumbList","@id":"https:\/\/spmaskiner.com\/es\/informacion-del-sitio-web\/#breadcrumb","itemListElement":[{"@type":"ListItem","position":1,"name":"Home","item":"https:\/\/spmaskiner.com\/es\/"},{"@type":"ListItem","position":2,"name":"Informaci\u00f3n del sitio web"}]},{"@type":"WebSite","@id":"https:\/\/spmaskiner.com\/es\/#website","url":"https:\/\/spmaskiner.com\/es\/","name":"SP Maskiner","description":"Always ahead","publisher":{"@id":"https:\/\/spmaskiner.com\/es\/#organization"},"potentialAction":[{"@type":"SearchAction","target":{"@type":"EntryPoint","urlTemplate":"https:\/\/spmaskiner.com\/es\/?s={search_term_string}"},"query-input":{"@type":"PropertyValueSpecification","valueRequired":true,"valueName":"search_term_string"}}],"inLanguage":"es"},{"@type":"Organization","@id":"https:\/\/spmaskiner.com\/es\/#organization","name":"SP Maskiner","url":"https:\/\/spmaskiner.com\/es\/","logo":{"@type":"ImageObject","inLanguage":"es","@id":"https:\/\/spmaskiner.com\/es\/#\/schema\/logo\/image\/","url":"https:\/\/spmaskiner.com\/wp-content\/uploads\/2021\/03\/spmaskiner-logotyp.png","contentUrl":"https:\/\/spmaskiner.com\/wp-content\/uploads\/2021\/03\/spmaskiner-logotyp.png","width":350,"height":65,"caption":"SP Maskiner"},"image":{"@id":"https:\/\/spmaskiner.com\/es\/#\/schema\/logo\/image\/"}}]}},"_links":{"self":[{"href":"https:\/\/spmaskiner.com\/es\/wp-json\/wp\/v2\/pages\/7908","targetHints":{"allow":["GET"]}}],"collection":[{"href":"https:\/\/spmaskiner.com\/es\/wp-json\/wp\/v2\/pages"}],"about":[{"href":"https:\/\/spmaskiner.com\/es\/wp-json\/wp\/v2\/types\/page"}],"author":[{"embeddable":true,"href":"https:\/\/spmaskiner.com\/es\/wp-json\/wp\/v2\/users\/1"}],"replies":[{"embeddable":true,"href":"https:\/\/spmaskiner.com\/es\/wp-json\/wp\/v2\/comments?post=7908"}],"version-history":[{"count":1,"href":"https:\/\/spmaskiner.com\/es\/wp-json\/wp\/v2\/pages\/7908\/revisions"}],"predecessor-version":[{"id":7909,"href":"https:\/\/spmaskiner.com\/es\/wp-json\/wp\/v2\/pages\/7908\/revisions\/7909"}],"wp:attachment":[{"href":"https:\/\/spmaskiner.com\/es\/wp-json\/wp\/v2\/media?parent=7908"}],"curies":[{"name":"wp","href":"https:\/\/api.w.org\/{rel}","templated":true}]}}