{"id":12179,"date":"2025-06-02T16:08:23","date_gmt":"2025-06-02T14:08:23","guid":{"rendered":"https:\/\/spmaskiner.com\/tetes-dabattage\/tetes-dabattage-lf\/sp-461-lf-next-generation\/accessoires-et-equipement\/"},"modified":"2026-02-20T11:20:45","modified_gmt":"2026-02-20T10:20:45","slug":"accessoires-et-equipement","status":"publish","type":"page","link":"https:\/\/spmaskiner.com\/fr\/tetes-dabattage\/tetes-dabattage-lf\/sp-461-lf-next-generation\/accessoires-et-equipement\/","title":{"rendered":"Accessoires et \u00e9quipement"},"content":{"rendered":"\t\t<div data-elementor-type=\"wp-page\" data-elementor-id=\"12179\" class=\"elementor elementor-12179 elementor-10797\" data-elementor-post-type=\"page\">\n\t\t\t\t\t\t<section class=\"elementor-section elementor-top-section elementor-element elementor-element-350464f9 elementor-section-height-min-height elementor-section-items-top product-top-section elementor-section-boxed elementor-section-height-default\" data-id=\"350464f9\" data-element_type=\"section\" data-e-type=\"section\" data-settings=\"{&quot;background_background&quot;:&quot;classic&quot;}\">\n\t\t\t\t\t\t<div class=\"elementor-container elementor-column-gap-default\">\n\t\t\t\t\t<div class=\"elementor-column elementor-col-50 elementor-top-column elementor-element elementor-element-4f64430f\" data-id=\"4f64430f\" data-element_type=\"column\" data-e-type=\"column\" data-settings=\"{&quot;background_background&quot;:&quot;classic&quot;}\">\n\t\t\t<div class=\"elementor-widget-wrap elementor-element-populated\">\n\t\t\t\t\t\t<div class=\"elementor-element elementor-element-85aeac0 elementor-widget__width-auto elementor-widget elementor-widget-heading\" data-id=\"85aeac0\" data-element_type=\"widget\" data-e-type=\"widget\" data-widget_type=\"heading.default\">\n\t\t\t\t<div class=\"elementor-widget-container\">\n\t\t\t\t\t<h2 class=\"elementor-heading-title elementor-size-default\">SP 461 LF Next Generation<\/h2>\t\t\t\t<\/div>\n\t\t\t\t<\/div>\n\t\t\t\t\t<\/div>\n\t\t<\/div>\n\t\t\t\t<div class=\"elementor-column elementor-col-50 elementor-top-column elementor-element elementor-element-13cf71ea\" data-id=\"13cf71ea\" data-element_type=\"column\" data-e-type=\"column\" data-settings=\"{&quot;background_background&quot;:&quot;classic&quot;}\">\n\t\t\t<div class=\"elementor-widget-wrap\">\n\t\t\t\t\t\t\t<\/div>\n\t\t<\/div>\n\t\t\t\t\t<\/div>\n\t\t<\/section>\n\t\t\t\t<section class=\"elementor-section elementor-top-section elementor-element elementor-element-62a7671a elementor-section-full_width elementor-section-height-default elementor-section-height-default\" data-id=\"62a7671a\" data-element_type=\"section\" data-e-type=\"section\">\n\t\t\t\t\t\t<div class=\"elementor-container elementor-column-gap-default\">\n\t\t\t\t\t<div class=\"elementor-column elementor-col-100 elementor-top-column elementor-element elementor-element-7a34a1e8\" data-id=\"7a34a1e8\" data-element_type=\"column\" data-e-type=\"column\">\n\t\t\t<div class=\"elementor-widget-wrap elementor-element-populated\">\n\t\t\t\t\t\t<div class=\"elementor-element elementor-element-3ce2fa7 elementor-nav-menu__align-center elementor-nav-menu--dropdown-mobile elementor-nav-menu__text-align-aside elementor-nav-menu--toggle elementor-nav-menu--burger elementor-widget elementor-widget-nav-menu\" data-id=\"3ce2fa7\" data-element_type=\"widget\" data-e-type=\"widget\" id=\"product-menu\" data-settings=\"{&quot;layout&quot;:&quot;horizontal&quot;,&quot;submenu_icon&quot;:{&quot;value&quot;:&quot;&lt;i class=\\&quot;fas fa-caret-down\\&quot; aria-hidden=\\&quot;true\\&quot;&gt;&lt;\\\/i&gt;&quot;,&quot;library&quot;:&quot;fa-solid&quot;},&quot;toggle&quot;:&quot;burger&quot;}\" data-widget_type=\"nav-menu.default\">\n\t\t\t\t<div class=\"elementor-widget-container\">\n\t\t\t\t\t\t\t\t<nav aria-label=\"Menu\" class=\"elementor-nav-menu--main elementor-nav-menu__container elementor-nav-menu--layout-horizontal e--pointer-background e--animation-fade\">\n\t\t\t\t<ul id=\"menu-1-3ce2fa7\" class=\"elementor-nav-menu\"><li class=\"menu-item menu-item-type-post_type menu-item-object-page menu-item-11073\"><a href=\"https:\/\/spmaskiner.com\/en\/harvester-heads\/harvester-heads-lf\/harvester-head-sp-461-lf-next-generation\/\" class=\"elementor-item menu-link\">SP 461 LF Next Generation<\/a><\/li>\n<li class=\"menu-item menu-item-type-post_type menu-item-object-page menu-item-11051\"><a href=\"https:\/\/spmaskiner.com\/en\/harvester-heads\/harvester-heads-lf\/harvester-head-sp-461-lf-next-generation\/customer-benefits\/\" class=\"elementor-item menu-link\">Avantages pour les clients<\/a><\/li>\n<li class=\"menu-item menu-item-type-post_type menu-item-object-page menu-item-11050\"><a href=\"https:\/\/spmaskiner.com\/en\/harvester-heads\/harvester-heads-lf\/harvester-head-sp-461-lf-next-generation\/control-and-measurement-systems\/\" class=\"elementor-item menu-link\">Sistemas de control<\/a><\/li>\n<li class=\"menu-item menu-item-type-post_type menu-item-object-page menu-item-11049\"><a href=\"https:\/\/spmaskiner.com\/en\/harvester-heads\/harvester-heads-lf\/harvester-head-sp-461-lf-next-generation\/technical-data\/\" class=\"elementor-item menu-link\">Donn\u00e9es techniques<\/a><\/li>\n<li class=\"menu-item menu-item-type-post_type menu-item-object-page menu-item-11048\"><a href=\"https:\/\/spmaskiner.com\/en\/harvester-heads\/harvester-heads-lf\/harvester-head-sp-461-lf-next-generation\/accessories-and-equipment\/\" class=\"elementor-item menu-link\">Accessoires et \u00e9quipement<\/a><\/li>\n<\/ul>\t\t\t<\/nav>\n\t\t\t\t\t<div class=\"elementor-menu-toggle\" role=\"button\" tabindex=\"0\" aria-label=\"Permuter le menu\" aria-expanded=\"false\">\n\t\t\t<i aria-hidden=\"true\" role=\"presentation\" class=\"elementor-menu-toggle__icon--open eicon-menu-bar\"><\/i><i aria-hidden=\"true\" role=\"presentation\" class=\"elementor-menu-toggle__icon--close eicon-close\"><\/i>\t\t<\/div>\n\t\t\t\t\t<nav class=\"elementor-nav-menu--dropdown elementor-nav-menu__container\" aria-hidden=\"true\">\n\t\t\t\t<ul id=\"menu-2-3ce2fa7\" class=\"elementor-nav-menu\"><li class=\"menu-item menu-item-type-post_type menu-item-object-page menu-item-11073\"><a href=\"https:\/\/spmaskiner.com\/en\/harvester-heads\/harvester-heads-lf\/harvester-head-sp-461-lf-next-generation\/\" class=\"elementor-item menu-link\" tabindex=\"-1\">SP 461 LF Next Generation<\/a><\/li>\n<li class=\"menu-item menu-item-type-post_type menu-item-object-page menu-item-11051\"><a href=\"https:\/\/spmaskiner.com\/en\/harvester-heads\/harvester-heads-lf\/harvester-head-sp-461-lf-next-generation\/customer-benefits\/\" class=\"elementor-item menu-link\" tabindex=\"-1\">Avantages pour les clients<\/a><\/li>\n<li class=\"menu-item menu-item-type-post_type menu-item-object-page menu-item-11050\"><a href=\"https:\/\/spmaskiner.com\/en\/harvester-heads\/harvester-heads-lf\/harvester-head-sp-461-lf-next-generation\/control-and-measurement-systems\/\" class=\"elementor-item menu-link\" tabindex=\"-1\">Sistemas de control<\/a><\/li>\n<li class=\"menu-item menu-item-type-post_type menu-item-object-page menu-item-11049\"><a href=\"https:\/\/spmaskiner.com\/en\/harvester-heads\/harvester-heads-lf\/harvester-head-sp-461-lf-next-generation\/technical-data\/\" class=\"elementor-item menu-link\" tabindex=\"-1\">Donn\u00e9es techniques<\/a><\/li>\n<li class=\"menu-item menu-item-type-post_type menu-item-object-page menu-item-11048\"><a href=\"https:\/\/spmaskiner.com\/en\/harvester-heads\/harvester-heads-lf\/harvester-head-sp-461-lf-next-generation\/accessories-and-equipment\/\" class=\"elementor-item menu-link\" tabindex=\"-1\">Accessoires et \u00e9quipement<\/a><\/li>\n<\/ul>\t\t\t<\/nav>\n\t\t\t\t\t\t<\/div>\n\t\t\t\t<\/div>\n\t\t\t\t\t<\/div>\n\t\t<\/div>\n\t\t\t\t\t<\/div>\n\t\t<\/section>\n\t\t\t\t<section class=\"elementor-section elementor-top-section elementor-element elementor-element-22f6c59d elementor-section-boxed elementor-section-height-default elementor-section-height-default\" data-id=\"22f6c59d\" data-element_type=\"section\" data-e-type=\"section\">\n\t\t\t\t\t\t<div class=\"elementor-container elementor-column-gap-default\">\n\t\t\t\t\t<div class=\"elementor-column elementor-col-100 elementor-top-column elementor-element elementor-element-5631476\" data-id=\"5631476\" data-element_type=\"column\" data-e-type=\"column\">\n\t\t\t<div class=\"elementor-widget-wrap elementor-element-populated\">\n\t\t\t\t\t\t<div class=\"elementor-element elementor-element-62c405df elementor-widget elementor-widget-heading\" data-id=\"62c405df\" data-element_type=\"widget\" data-e-type=\"widget\" data-widget_type=\"heading.default\">\n\t\t\t\t<div class=\"elementor-widget-container\">\n\t\t\t\t\t<h1 class=\"elementor-heading-title elementor-size-default\">Accessoires et \u00e9quipement - T\u00eates d\u2019abattage SP 461 LF Next Generation<\/h1>\t\t\t\t<\/div>\n\t\t\t\t<\/div>\n\t\t\t\t<div class=\"elementor-element elementor-element-5c148800 elementor-widget elementor-widget-text-editor\" data-id=\"5c148800\" data-element_type=\"widget\" data-e-type=\"widget\" data-widget_type=\"text-editor.default\">\n\t\t\t\t<div class=\"elementor-widget-container\">\n\t\t\t\t\t\t\t\t\t<p>Toutes nos t\u00eates d\u2019abattage ont un haut niveau d\u2019\u00e9quipement standard. Divers accessoires sont disponibles afin d\u2019optimiser la t\u00eate d\u2019abattage pour diff\u00e9rents besoins, porteurs et conditions d\u2019exploitation. Les accessoires les plus courants sont pr\u00e9sent\u00e9s ci-dessous.<\/p>\n<p>Pour plus d\u2019informations sur les accessoires, veuillez contacter votre agent SP le plus proche ou SP Maskiner.<\/p>\t\t\t\t\t\t\t\t<\/div>\n\t\t\t\t<\/div>\n\t\t\t\t\t<\/div>\n\t\t<\/div>\n\t\t\t\t\t<\/div>\n\t\t<\/section>\n\t\t\t\t<section class=\"elementor-section elementor-inner-section elementor-element elementor-element-3c5334a elementor-section-boxed elementor-section-height-default elementor-section-height-default\" data-id=\"3c5334a\" data-element_type=\"section\" data-e-type=\"section\">\n\t\t\t\t\t\t<div class=\"elementor-container elementor-column-gap-default\">\n\t\t\t\t\t<div class=\"elementor-column elementor-col-50 elementor-inner-column elementor-element elementor-element-547f287d\" data-id=\"547f287d\" data-element_type=\"column\" data-e-type=\"column\">\n\t\t\t<div class=\"elementor-widget-wrap elementor-element-populated\">\n\t\t\t\t\t\t<div class=\"elementor-element elementor-element-6e3bc9ca elementor-widget elementor-widget-text-editor\" data-id=\"6e3bc9ca\" data-element_type=\"widget\" data-e-type=\"widget\" data-widget_type=\"text-editor.default\">\n\t\t\t\t<div class=\"elementor-widget-container\">\n\t\t\t\t\t\t\t\t\t<strong>Marquage couleur<\/strong><br>Utilis\u00e9 pour faciliter le d\u00e9bardage lorsque les bois d\u00e9bit\u00e9s sont difficiles \u00e0 diff\u00e9rencier \u00e0 l\u2019\u0153il nu.<br><br><strong>\u00c9quipement de fa\u00e7onnage multi-arbres<\/strong><br>Un \u00e9quipement permettant d\u2019augmenter la production pour les \u00e9claircies de petite envergure car l\u2019\u00e9quipement de fa\u00e7onnage multi-arbres SP permet d\u2019abattre et d\u2019accumuler plusieurs tiges pour ensuite les fa\u00e7onner en m\u00eame temps.<br><br><strong>Fonction de recherche de racine<\/strong><br>\u00c0 l\u2019aide d\u2019un capteur mont\u00e9 dans le bo\u00eetier de la scie, la t\u00eate cherche automatiquement l\u2019extr\u00e9mit\u00e9 de la tige d\u2019une seule pression sur un bouton.<br><br><strong>Moteurs de rouleaux<\/strong><br>Des moteurs de rouleaux de diff\u00e9rentes tailles sont disponibles pour optimiser les performances de la t\u00eate en fonction des conditions de travail et de la taille de la machine de base. Choisissez entre des moteurs de 514, 560 et 625 cm3.<br><br><strong>\u00c9clairage du bo\u00eetier de scie<\/strong><br>Lampe LED dans le bo\u00eetier de scie pour un \u00e9clairage suppl\u00e9mentaire de la zone de travail.\t\t\t\t\t\t\t\t<\/div>\n\t\t\t\t<\/div>\n\t\t\t\t\t<\/div>\n\t\t<\/div>\n\t\t\t\t<div class=\"elementor-column elementor-col-50 elementor-inner-column elementor-element elementor-element-52acc4\" data-id=\"52acc4\" data-element_type=\"column\" data-e-type=\"column\">\n\t\t\t<div class=\"elementor-widget-wrap elementor-element-populated\">\n\t\t\t\t\t\t<div class=\"elementor-element elementor-element-625651ca elementor-widget elementor-widget-text-editor\" data-id=\"625651ca\" data-element_type=\"widget\" data-e-type=\"widget\" data-widget_type=\"text-editor.default\">\n\t\t\t\t<div class=\"elementor-widget-container\">\n\t\t\t\t\t\t\t\t\t<p><strong>Kit eucalyptus<\/strong><br \/>Kit d\u2019\u00e9cor\u00e7age pour les eucalyptus.<br \/><br \/><strong>Pignons<\/strong><br \/>Les pignons sont disponibles en plusieurs mod\u00e8les et versions afin de convenir \u00e0 des conditions et besoins vari\u00e9s.<\/p><p><strong>Adaptation du syst\u00e8me de mesure<\/strong><br \/>Nos t\u00eates d\u2019abattage peuvent \u00eatre utilis\u00e9es avec pratiquement tous les syst\u00e8mes de contr\u00f4le et de mesure disponibles sur le march\u00e9. Vous n\u2019avez donc pas besoin d\u2019apprendre ou d\u2019acheter un nouveau syst\u00e8me informatique lorsque vous choisissez une t\u00eate SP. Par cons\u00e9quent, contrairement \u00e0 de nombreuses autres marques du march\u00e9, l\u2019installation d\u2019une t\u00eate SP ne n\u00e9cessite aucune conversion du syst\u00e8me de contr\u00f4le existant et aucun composant \u00e9lectronique suppl\u00e9mentaire.<\/p><p><strong>Dasa 7 &#8211; Sans fil ou filaire<\/strong><br \/>Dasa 7 est disponible en deux versions diff\u00e9rentes &#8211; Wireless (sans fil) et Wired (filaire), toutes deux disponibles avec le logiciel H50, H60 ou H70 pour r\u00e9pondre parfaitement aux besoins de vos activit\u00e9s foresti\u00e8res sp\u00e9cifiques.<\/p>\t\t\t\t\t\t\t\t<\/div>\n\t\t\t\t<\/div>\n\t\t\t\t\t<\/div>\n\t\t<\/div>\n\t\t\t\t\t<\/div>\n\t\t<\/section>\n\t\t\t\t<\/div>\n\t\t","protected":false},"excerpt":{"rendered":"<p>SP 461 LF Next Generation Accessoires et \u00e9quipement &#8211; T\u00eates d\u2019abattage SP 461 LF Next Generation Toutes nos t\u00eates d\u2019abattage ont un haut niveau d\u2019\u00e9quipement standard. Divers accessoires sont disponibles afin d\u2019optimiser la t\u00eate d\u2019abattage pour diff\u00e9rents besoins, porteurs et conditions d\u2019exploitation. Les accessoires les plus courants sont pr\u00e9sent\u00e9s ci-dessous. Pour plus d\u2019informations sur les [&hellip;]<\/p>\n","protected":false},"author":3,"featured_media":0,"parent":12045,"menu_order":348,"comment_status":"closed","ping_status":"closed","template":"","meta":{"_acf_changed":false,"site-sidebar-layout":"no-sidebar","site-content-layout":"page-builder","ast-site-content-layout":"full-width-container","site-content-style":"unboxed","site-sidebar-style":"unboxed","ast-global-header-display":"","ast-banner-title-visibility":"","ast-main-header-display":"","ast-hfb-above-header-display":"","ast-hfb-below-header-display":"","ast-hfb-mobile-header-display":"","site-post-title":"disabled","ast-breadcrumbs-content":"","ast-featured-img":"disabled","footer-sml-layout":"","ast-disable-related-posts":"","theme-transparent-header-meta":"default","adv-header-id-meta":"","stick-header-meta":"","header-above-stick-meta":"","header-main-stick-meta":"","header-below-stick-meta":"","astra-migrate-meta-layouts":"default","ast-page-background-enabled":"default","ast-page-background-meta":{"desktop":{"background-color":"","background-image":"","background-repeat":"repeat","background-position":"center center","background-size":"auto","background-attachment":"scroll","background-type":"","background-media":"","overlay-type":"","overlay-color":"","overlay-opacity":"","overlay-gradient":""},"tablet":{"background-color":"","background-image":"","background-repeat":"repeat","background-position":"center center","background-size":"auto","background-attachment":"scroll","background-type":"","background-media":"","overlay-type":"","overlay-color":"","overlay-opacity":"","overlay-gradient":""},"mobile":{"background-color":"","background-image":"","background-repeat":"repeat","background-position":"center center","background-size":"auto","background-attachment":"scroll","background-type":"","background-media":"","overlay-type":"","overlay-color":"","overlay-opacity":"","overlay-gradient":""}},"ast-content-background-meta":{"desktop":{"background-color":"var(--ast-global-color-5)","background-image":"","background-repeat":"repeat","background-position":"center center","background-size":"auto","background-attachment":"scroll","background-type":"","background-media":"","overlay-type":"","overlay-color":"","overlay-opacity":"","overlay-gradient":""},"tablet":{"background-color":"var(--ast-global-color-5)","background-image":"","background-repeat":"repeat","background-position":"center center","background-size":"auto","background-attachment":"scroll","background-type":"","background-media":"","overlay-type":"","overlay-color":"","overlay-opacity":"","overlay-gradient":""},"mobile":{"background-color":"var(--ast-global-color-5)","background-image":"","background-repeat":"repeat","background-position":"center center","background-size":"auto","background-attachment":"scroll","background-type":"","background-media":"","overlay-type":"","overlay-color":"","overlay-opacity":"","overlay-gradient":""}},"footnotes":""},"class_list":["post-12179","page","type-page","status-publish","hentry"],"acf":[],"yoast_head":"<!-- This site is optimized with the Yoast SEO plugin v26.9 - https:\/\/yoast.com\/product\/yoast-seo-wordpress\/ -->\n<title>Accessoires et \u00e9quipement - SP Maskiner<\/title>\n<meta name=\"robots\" content=\"index, follow, max-snippet:-1, max-image-preview:large, max-video-preview:-1\" \/>\n<link rel=\"canonical\" href=\"https:\/\/spmaskiner.com\/fr\/tetes-dabattage\/tetes-dabattage-lf\/sp-461-lf-next-generation\/accessoires-et-equipement\/\" \/>\n<meta property=\"og:locale\" content=\"fr_FR\" \/>\n<meta property=\"og:type\" content=\"article\" \/>\n<meta property=\"og:title\" content=\"Accessoires et \u00e9quipement - SP Maskiner\" \/>\n<meta property=\"og:description\" content=\"SP 461 LF Next Generation Accessoires et \u00e9quipement &#8211; T\u00eates d\u2019abattage SP 461 LF Next Generation Toutes nos t\u00eates d\u2019abattage ont un haut niveau d\u2019\u00e9quipement standard. Divers accessoires sont disponibles afin d\u2019optimiser la t\u00eate d\u2019abattage pour diff\u00e9rents besoins, porteurs et conditions d\u2019exploitation. Les accessoires les plus courants sont pr\u00e9sent\u00e9s ci-dessous. Pour plus d\u2019informations sur les [&hellip;]\" \/>\n<meta property=\"og:url\" content=\"https:\/\/spmaskiner.com\/fr\/tetes-dabattage\/tetes-dabattage-lf\/sp-461-lf-next-generation\/accessoires-et-equipement\/\" \/>\n<meta property=\"og:site_name\" content=\"SP Maskiner\" \/>\n<meta property=\"article:modified_time\" content=\"2026-02-20T10:20:45+00:00\" \/>\n<meta name=\"twitter:card\" content=\"summary_large_image\" \/>\n<script type=\"application\/ld+json\" class=\"yoast-schema-graph\">{\"@context\":\"https:\/\/schema.org\",\"@graph\":[{\"@type\":\"WebPage\",\"@id\":\"https:\/\/spmaskiner.com\/fr\/tetes-dabattage\/tetes-dabattage-lf\/sp-461-lf-next-generation\/accessoires-et-equipement\/\",\"url\":\"https:\/\/spmaskiner.com\/fr\/tetes-dabattage\/tetes-dabattage-lf\/sp-461-lf-next-generation\/accessoires-et-equipement\/\",\"name\":\"Accessoires et \u00e9quipement - SP Maskiner\",\"isPartOf\":{\"@id\":\"https:\/\/spmaskiner.com\/fr\/#website\"},\"datePublished\":\"2025-06-02T14:08:23+00:00\",\"dateModified\":\"2026-02-20T10:20:45+00:00\",\"breadcrumb\":{\"@id\":\"https:\/\/spmaskiner.com\/fr\/tetes-dabattage\/tetes-dabattage-lf\/sp-461-lf-next-generation\/accessoires-et-equipement\/#breadcrumb\"},\"inLanguage\":\"fr-FR\",\"potentialAction\":[{\"@type\":\"ReadAction\",\"target\":[\"https:\/\/spmaskiner.com\/fr\/tetes-dabattage\/tetes-dabattage-lf\/sp-461-lf-next-generation\/accessoires-et-equipement\/\"]}]},{\"@type\":\"BreadcrumbList\",\"@id\":\"https:\/\/spmaskiner.com\/fr\/tetes-dabattage\/tetes-dabattage-lf\/sp-461-lf-next-generation\/accessoires-et-equipement\/#breadcrumb\",\"itemListElement\":[{\"@type\":\"ListItem\",\"position\":1,\"name\":\"Home\",\"item\":\"https:\/\/spmaskiner.com\/fr\/\"},{\"@type\":\"ListItem\",\"position\":2,\"name\":\"T\u00eates d\u2019abattage\",\"item\":\"https:\/\/spmaskiner.com\/fr\/tetes-dabattage\/\"},{\"@type\":\"ListItem\",\"position\":3,\"name\":\"T\u00eates d\u2019abattage LF\",\"item\":\"https:\/\/spmaskiner.com\/fr\/skordaraggregat\/skordaraggregat-lf\/\"},{\"@type\":\"ListItem\",\"position\":4,\"name\":\"SP 461 LF Next Generation\",\"item\":\"https:\/\/spmaskiner.com\/fr\/harvester-heads\/harvester-heads-lf\/harvester-head-sp-461-lf-next-generation\/\"},{\"@type\":\"ListItem\",\"position\":5,\"name\":\"Accessoires et \u00e9quipement\"}]},{\"@type\":\"WebSite\",\"@id\":\"https:\/\/spmaskiner.com\/fr\/#website\",\"url\":\"https:\/\/spmaskiner.com\/fr\/\",\"name\":\"SP Maskiner\",\"description\":\"Always ahead\",\"publisher\":{\"@id\":\"https:\/\/spmaskiner.com\/fr\/#organization\"},\"potentialAction\":[{\"@type\":\"SearchAction\",\"target\":{\"@type\":\"EntryPoint\",\"urlTemplate\":\"https:\/\/spmaskiner.com\/fr\/?s={search_term_string}\"},\"query-input\":{\"@type\":\"PropertyValueSpecification\",\"valueRequired\":true,\"valueName\":\"search_term_string\"}}],\"inLanguage\":\"fr-FR\"},{\"@type\":\"Organization\",\"@id\":\"https:\/\/spmaskiner.com\/fr\/#organization\",\"name\":\"SP Maskiner\",\"url\":\"https:\/\/spmaskiner.com\/fr\/\",\"logo\":{\"@type\":\"ImageObject\",\"inLanguage\":\"fr-FR\",\"@id\":\"https:\/\/spmaskiner.com\/fr\/#\/schema\/logo\/image\/\",\"url\":\"https:\/\/spmaskiner.com\/wp-content\/uploads\/2021\/03\/spmaskiner-logotyp.png\",\"contentUrl\":\"https:\/\/spmaskiner.com\/wp-content\/uploads\/2021\/03\/spmaskiner-logotyp.png\",\"width\":350,\"height\":65,\"caption\":\"SP Maskiner\"},\"image\":{\"@id\":\"https:\/\/spmaskiner.com\/fr\/#\/schema\/logo\/image\/\"}}]}<\/script>\n<!-- \/ Yoast SEO plugin. -->","yoast_head_json":{"title":"Accessoires et \u00e9quipement - SP Maskiner","robots":{"index":"index","follow":"follow","max-snippet":"max-snippet:-1","max-image-preview":"max-image-preview:large","max-video-preview":"max-video-preview:-1"},"canonical":"https:\/\/spmaskiner.com\/fr\/tetes-dabattage\/tetes-dabattage-lf\/sp-461-lf-next-generation\/accessoires-et-equipement\/","og_locale":"fr_FR","og_type":"article","og_title":"Accessoires et \u00e9quipement - SP Maskiner","og_description":"SP 461 LF Next Generation Accessoires et \u00e9quipement &#8211; T\u00eates d\u2019abattage SP 461 LF Next Generation Toutes nos t\u00eates d\u2019abattage ont un haut niveau d\u2019\u00e9quipement standard. Divers accessoires sont disponibles afin d\u2019optimiser la t\u00eate d\u2019abattage pour diff\u00e9rents besoins, porteurs et conditions d\u2019exploitation. Les accessoires les plus courants sont pr\u00e9sent\u00e9s ci-dessous. Pour plus d\u2019informations sur les [&hellip;]","og_url":"https:\/\/spmaskiner.com\/fr\/tetes-dabattage\/tetes-dabattage-lf\/sp-461-lf-next-generation\/accessoires-et-equipement\/","og_site_name":"SP Maskiner","article_modified_time":"2026-02-20T10:20:45+00:00","twitter_card":"summary_large_image","schema":{"@context":"https:\/\/schema.org","@graph":[{"@type":"WebPage","@id":"https:\/\/spmaskiner.com\/fr\/tetes-dabattage\/tetes-dabattage-lf\/sp-461-lf-next-generation\/accessoires-et-equipement\/","url":"https:\/\/spmaskiner.com\/fr\/tetes-dabattage\/tetes-dabattage-lf\/sp-461-lf-next-generation\/accessoires-et-equipement\/","name":"Accessoires et \u00e9quipement - SP Maskiner","isPartOf":{"@id":"https:\/\/spmaskiner.com\/fr\/#website"},"datePublished":"2025-06-02T14:08:23+00:00","dateModified":"2026-02-20T10:20:45+00:00","breadcrumb":{"@id":"https:\/\/spmaskiner.com\/fr\/tetes-dabattage\/tetes-dabattage-lf\/sp-461-lf-next-generation\/accessoires-et-equipement\/#breadcrumb"},"inLanguage":"fr-FR","potentialAction":[{"@type":"ReadAction","target":["https:\/\/spmaskiner.com\/fr\/tetes-dabattage\/tetes-dabattage-lf\/sp-461-lf-next-generation\/accessoires-et-equipement\/"]}]},{"@type":"BreadcrumbList","@id":"https:\/\/spmaskiner.com\/fr\/tetes-dabattage\/tetes-dabattage-lf\/sp-461-lf-next-generation\/accessoires-et-equipement\/#breadcrumb","itemListElement":[{"@type":"ListItem","position":1,"name":"Home","item":"https:\/\/spmaskiner.com\/fr\/"},{"@type":"ListItem","position":2,"name":"T\u00eates d\u2019abattage","item":"https:\/\/spmaskiner.com\/fr\/tetes-dabattage\/"},{"@type":"ListItem","position":3,"name":"T\u00eates d\u2019abattage LF","item":"https:\/\/spmaskiner.com\/fr\/skordaraggregat\/skordaraggregat-lf\/"},{"@type":"ListItem","position":4,"name":"SP 461 LF Next Generation","item":"https:\/\/spmaskiner.com\/fr\/harvester-heads\/harvester-heads-lf\/harvester-head-sp-461-lf-next-generation\/"},{"@type":"ListItem","position":5,"name":"Accessoires et \u00e9quipement"}]},{"@type":"WebSite","@id":"https:\/\/spmaskiner.com\/fr\/#website","url":"https:\/\/spmaskiner.com\/fr\/","name":"SP Maskiner","description":"Always ahead","publisher":{"@id":"https:\/\/spmaskiner.com\/fr\/#organization"},"potentialAction":[{"@type":"SearchAction","target":{"@type":"EntryPoint","urlTemplate":"https:\/\/spmaskiner.com\/fr\/?s={search_term_string}"},"query-input":{"@type":"PropertyValueSpecification","valueRequired":true,"valueName":"search_term_string"}}],"inLanguage":"fr-FR"},{"@type":"Organization","@id":"https:\/\/spmaskiner.com\/fr\/#organization","name":"SP Maskiner","url":"https:\/\/spmaskiner.com\/fr\/","logo":{"@type":"ImageObject","inLanguage":"fr-FR","@id":"https:\/\/spmaskiner.com\/fr\/#\/schema\/logo\/image\/","url":"https:\/\/spmaskiner.com\/wp-content\/uploads\/2021\/03\/spmaskiner-logotyp.png","contentUrl":"https:\/\/spmaskiner.com\/wp-content\/uploads\/2021\/03\/spmaskiner-logotyp.png","width":350,"height":65,"caption":"SP Maskiner"},"image":{"@id":"https:\/\/spmaskiner.com\/fr\/#\/schema\/logo\/image\/"}}]}},"_links":{"self":[{"href":"https:\/\/spmaskiner.com\/fr\/wp-json\/wp\/v2\/pages\/12179","targetHints":{"allow":["GET"]}}],"collection":[{"href":"https:\/\/spmaskiner.com\/fr\/wp-json\/wp\/v2\/pages"}],"about":[{"href":"https:\/\/spmaskiner.com\/fr\/wp-json\/wp\/v2\/types\/page"}],"author":[{"embeddable":true,"href":"https:\/\/spmaskiner.com\/fr\/wp-json\/wp\/v2\/users\/3"}],"replies":[{"embeddable":true,"href":"https:\/\/spmaskiner.com\/fr\/wp-json\/wp\/v2\/comments?post=12179"}],"version-history":[{"count":7,"href":"https:\/\/spmaskiner.com\/fr\/wp-json\/wp\/v2\/pages\/12179\/revisions"}],"predecessor-version":[{"id":12771,"href":"https:\/\/spmaskiner.com\/fr\/wp-json\/wp\/v2\/pages\/12179\/revisions\/12771"}],"up":[{"embeddable":true,"href":"https:\/\/spmaskiner.com\/fr\/wp-json\/wp\/v2\/pages\/12045"}],"wp:attachment":[{"href":"https:\/\/spmaskiner.com\/fr\/wp-json\/wp\/v2\/media?parent=12179"}],"curies":[{"name":"wp","href":"https:\/\/api.w.org\/{rel}","templated":true}]}}