{"id":5651,"date":"2021-03-14T11:20:52","date_gmt":"2021-03-14T10:20:52","guid":{"rendered":"https:\/\/spmaskiner.com\/tetes-dabattage\/tetes-dabattage-lf\/"},"modified":"2025-10-27T15:53:45","modified_gmt":"2025-10-27T14:53:45","slug":"tetes-dabattage-lf","status":"publish","type":"page","link":"https:\/\/spmaskiner.com\/fr\/tetes-dabattage\/tetes-dabattage-lf\/","title":{"rendered":"T\u00eates d\u2019abattage LF"},"content":{"rendered":"\t\t<div data-elementor-type=\"wp-page\" data-elementor-id=\"5651\" class=\"elementor elementor-5651 elementor-489\" data-elementor-post-type=\"page\">\n\t\t\t\t\t\t<section class=\"elementor-section elementor-top-section elementor-element elementor-element-1bce3936 elementor-section-boxed elementor-section-height-default elementor-section-height-default\" data-id=\"1bce3936\" data-element_type=\"section\" data-e-type=\"section\">\n\t\t\t\t\t\t<div class=\"elementor-container elementor-column-gap-default\">\n\t\t\t\t\t<div class=\"elementor-column elementor-col-100 elementor-top-column elementor-element elementor-element-7e6ee8ee\" data-id=\"7e6ee8ee\" data-element_type=\"column\" data-e-type=\"column\">\n\t\t\t<div class=\"elementor-widget-wrap elementor-element-populated\">\n\t\t\t\t\t\t<div class=\"elementor-element elementor-element-1aafbf82 elementor-widget elementor-widget-heading\" data-id=\"1aafbf82\" data-element_type=\"widget\" data-e-type=\"widget\" data-widget_type=\"heading.default\">\n\t\t\t\t<div class=\"elementor-widget-container\">\n\t\t\t\t\t<h1 class=\"elementor-heading-title elementor-size-default\">T\u00eates d\u2019abattage LF<\/h1>\t\t\t\t<\/div>\n\t\t\t\t<\/div>\n\t\t\t\t<div class=\"elementor-element elementor-element-2a7ed5f8 elementor-widget elementor-widget-text-editor\" data-id=\"2a7ed5f8\" data-element_type=\"widget\" data-e-type=\"widget\" data-widget_type=\"text-editor.default\">\n\t\t\t\t<div class=\"elementor-widget-container\">\n\t\t\t\t\t\t\t\t\t<p>Les t\u00eates de la s\u00e9rie LF se caract\u00e9risent par leur conception agile et compacte et leurs qualit\u00e9s de productivit\u00e9 et fiabilit\u00e9 maximales. Les t\u00eates sont con\u00e7ues selon le concept de faible frottement pour une rentabilit\u00e9 maximale. Qu\u2019il s\u2019agisse d\u2019effectuer des premi\u00e8res \u00e9claircies, des coupes d\u00e9finitives ou de nombreux abattages dans les for\u00eats de feuillus, vous trouverez la t\u00eate id\u00e9ale dans la s\u00e9rie LF. D\u00e9couvrez plus d\u2019informations sur les t\u00eates LF ci-dessous et trouvez la t\u00eate optimale pour vous.<\/p>\n\t\t\t\t\t\t\t\t<\/div>\n\t\t\t\t<\/div>\n\t\t\t\t\t<\/div>\n\t\t<\/div>\n\t\t\t\t\t<\/div>\n\t\t<\/section>\n\t\t\t\t<section class=\"elementor-section elementor-top-section elementor-element elementor-element-44369634 unit-group-container elementor-section-boxed elementor-section-height-default elementor-section-height-default\" data-id=\"44369634\" data-element_type=\"section\" data-e-type=\"section\">\n\t\t\t\t\t\t<div class=\"elementor-container elementor-column-gap-default\">\n\t\t\t\t\t<div class=\"elementor-column elementor-col-33 elementor-top-column elementor-element elementor-element-30ee73d3 unit-group-col\" data-id=\"30ee73d3\" data-element_type=\"column\" data-e-type=\"column\">\n\t\t\t<div class=\"elementor-widget-wrap elementor-element-populated\">\n\t\t\t\t\t\t<div class=\"elementor-element elementor-element-0d15f39 unit-group-block elementor-position-top elementor-widget elementor-widget-image-box\" data-id=\"0d15f39\" data-element_type=\"widget\" data-e-type=\"widget\" data-widget_type=\"image-box.default\">\n\t\t\t\t<div class=\"elementor-widget-container\">\n\t\t\t\t\t<div class=\"elementor-image-box-wrapper\"><figure class=\"elementor-image-box-img\"><a href=\"https:\/\/spmaskiner.com\/fr\/tetes-dabattage\/tetes-dabattage-lf\/sp-461-lf-next-generation\/\" tabindex=\"-1\"><img loading=\"lazy\" decoding=\"async\" width=\"747\" height=\"900\" src=\"https:\/\/spmaskiner.com\/wp-content\/uploads\/2025\/06\/461-NG-hemsida-kopiera.jpg\" class=\"attachment-medium_large size-medium_large wp-image-11584\" alt=\"\" srcset=\"https:\/\/spmaskiner.com\/wp-content\/uploads\/2025\/06\/461-NG-hemsida-kopiera.jpg 747w, https:\/\/spmaskiner.com\/wp-content\/uploads\/2025\/06\/461-NG-hemsida-kopiera-249x300.jpg 249w\" sizes=\"auto, (max-width: 747px) 100vw, 747px\" \/><\/a><\/figure><div class=\"elementor-image-box-content\"><h2 class=\"elementor-image-box-title\"><a href=\"https:\/\/spmaskiner.com\/fr\/tetes-dabattage\/tetes-dabattage-lf\/sp-461-lf-next-generation\/\">SP 461 LF Next Generation<\/a><\/h2><p class=\"elementor-image-box-description\">NOUVEAUT\u00c9 - <strong>Vous cherchez une t\u00eate d\u2019\u00e9claircie puissante dans un format pratique ? <\/strong><br data-start=\"135\" data-end=\"138\"><strong>SP 461 LF NG<\/strong> La SP 461 LF NG est la t\u00eate d\u2019\u00e9claircie de nouvelle g\u00e9n\u00e9ration, qui offre un faible poids, des dimensions compactes et une productivit\u00e9 impressionnante<\/p><\/div><\/div>\t\t\t\t<\/div>\n\t\t\t\t<\/div>\n\t\t\t\t\t<\/div>\n\t\t<\/div>\n\t\t\t\t<div class=\"elementor-column elementor-col-33 elementor-top-column elementor-element elementor-element-7da63d9f unit-group-col\" data-id=\"7da63d9f\" data-element_type=\"column\" data-e-type=\"column\">\n\t\t\t<div class=\"elementor-widget-wrap elementor-element-populated\">\n\t\t\t\t\t\t<div class=\"elementor-element elementor-element-8120009 unit-group-block elementor-position-top elementor-widget elementor-widget-image-box\" data-id=\"8120009\" data-element_type=\"widget\" data-e-type=\"widget\" data-widget_type=\"image-box.default\">\n\t\t\t\t<div class=\"elementor-widget-container\">\n\t\t\t\t\t<div class=\"elementor-image-box-wrapper\"><figure class=\"elementor-image-box-img\"><a href=\"https:\/\/spmaskiner.com\/fr\/tetes-dabattage\/tetes-dabattage-lf\/tetes-dabattage-sp-561-lf\/\" tabindex=\"-1\"><img loading=\"lazy\" decoding=\"async\" width=\"664\" height=\"800\" src=\"https:\/\/spmaskiner.com\/wp-content\/uploads\/2021\/04\/ar00001496_161116.jpg\" class=\"attachment-full size-full wp-image-2650\" alt=\"\" srcset=\"https:\/\/spmaskiner.com\/wp-content\/uploads\/2021\/04\/ar00001496_161116.jpg 664w, https:\/\/spmaskiner.com\/wp-content\/uploads\/2021\/04\/ar00001496_161116-249x300.jpg 249w\" sizes=\"auto, (max-width: 664px) 100vw, 664px\" \/><\/a><\/figure><div class=\"elementor-image-box-content\"><h2 class=\"elementor-image-box-title\"><a href=\"https:\/\/spmaskiner.com\/fr\/tetes-dabattage\/tetes-dabattage-lf\/tetes-dabattage-sp-561-lf\/\">SP 561 LF<\/a><\/h2><p class=\"elementor-image-box-description\">La SP 561 LF est une t\u00eate d\u2019abattage hautement polyvalente. Elle offre d\u2019excellentes caract\u00e9ristiques de performances pour des travaux vari\u00e9s, de la premi\u00e8re coupe d\u2019\u00e9claircie \u00e0 la coupe d\u00e9finitive.<\/p><\/div><\/div>\t\t\t\t<\/div>\n\t\t\t\t<\/div>\n\t\t\t\t\t<\/div>\n\t\t<\/div>\n\t\t\t\t<div class=\"elementor-column elementor-col-33 elementor-top-column elementor-element elementor-element-eb005cd unit-group-col\" data-id=\"eb005cd\" data-element_type=\"column\" data-e-type=\"column\">\n\t\t\t<div class=\"elementor-widget-wrap elementor-element-populated\">\n\t\t\t\t\t\t<div class=\"elementor-element elementor-element-17840f0 unit-group-block elementor-position-top elementor-widget elementor-widget-image-box\" data-id=\"17840f0\" data-element_type=\"widget\" data-e-type=\"widget\" data-widget_type=\"image-box.default\">\n\t\t\t\t<div class=\"elementor-widget-container\">\n\t\t\t\t\t<div class=\"elementor-image-box-wrapper\"><figure class=\"elementor-image-box-img\"><a href=\"https:\/\/spmaskiner.com\/fr\/tetes-dabattage\/tetes-dabattage-lf\/tetes-dabattage-sp-661-lf\/\" tabindex=\"-1\"><img loading=\"lazy\" decoding=\"async\" width=\"664\" height=\"800\" src=\"https:\/\/spmaskiner.com\/wp-content\/uploads\/2021\/04\/ar00001741_170607.jpg\" class=\"attachment-medium_large size-medium_large wp-image-2837\" alt=\"\" srcset=\"https:\/\/spmaskiner.com\/wp-content\/uploads\/2021\/04\/ar00001741_170607.jpg 664w, https:\/\/spmaskiner.com\/wp-content\/uploads\/2021\/04\/ar00001741_170607-249x300.jpg 249w\" sizes=\"auto, (max-width: 664px) 100vw, 664px\" \/><\/a><\/figure><div class=\"elementor-image-box-content\"><h2 class=\"elementor-image-box-title\"><a href=\"https:\/\/spmaskiner.com\/fr\/tetes-dabattage\/tetes-dabattage-lf\/tetes-dabattage-sp-661-lf\/\">SP 661 LF<\/a><\/h2><p class=\"elementor-image-box-description\">La SP 661 LF est une t\u00eate d\u2019abattage haute performance compacte et robuste, con\u00e7ue pour une productivit\u00e9 maximale sur les petits et grands diam\u00e8tres.<\/p><\/div><\/div>\t\t\t\t<\/div>\n\t\t\t\t<\/div>\n\t\t\t\t\t<\/div>\n\t\t<\/div>\n\t\t\t\t\t<\/div>\n\t\t<\/section>\n\t\t\t\t<section class=\"elementor-section elementor-top-section elementor-element elementor-element-d0ce688 unit-group-container elementor-section-boxed elementor-section-height-default elementor-section-height-default\" data-id=\"d0ce688\" data-element_type=\"section\" data-e-type=\"section\">\n\t\t\t\t\t\t<div class=\"elementor-container elementor-column-gap-default\">\n\t\t\t\t\t<div class=\"elementor-column elementor-col-33 elementor-top-column elementor-element elementor-element-cc0c5c1 unit-group-col\" data-id=\"cc0c5c1\" data-element_type=\"column\" data-e-type=\"column\">\n\t\t\t<div class=\"elementor-widget-wrap elementor-element-populated\">\n\t\t\t\t\t\t<div class=\"elementor-element elementor-element-d429245 unit-group-block elementor-position-top elementor-widget elementor-widget-image-box\" data-id=\"d429245\" data-element_type=\"widget\" data-e-type=\"widget\" data-widget_type=\"image-box.default\">\n\t\t\t\t<div class=\"elementor-widget-container\">\n\t\t\t\t\t<div class=\"elementor-image-box-wrapper\"><figure class=\"elementor-image-box-img\"><a href=\"https:\/\/spmaskiner.com\/fr\/tetes-dabattage\/tetes-dabattage-lf\/tete-dabattage-sp-661-lite\/\" tabindex=\"-1\"><img loading=\"lazy\" decoding=\"async\" width=\"747\" height=\"900\" src=\"https:\/\/spmaskiner.com\/wp-content\/uploads\/2025\/06\/661-Lite_hemsida.jpg\" class=\"attachment-medium_large size-medium_large wp-image-11559\" alt=\"\" srcset=\"https:\/\/spmaskiner.com\/wp-content\/uploads\/2025\/06\/661-Lite_hemsida.jpg 747w, https:\/\/spmaskiner.com\/wp-content\/uploads\/2025\/06\/661-Lite_hemsida-249x300.jpg 249w\" sizes=\"auto, (max-width: 747px) 100vw, 747px\" \/><\/a><\/figure><div class=\"elementor-image-box-content\"><h2 class=\"elementor-image-box-title\"><a href=\"https:\/\/spmaskiner.com\/fr\/tetes-dabattage\/tetes-dabattage-lf\/tete-dabattage-sp-661-lite\/\">SP 661 LF Lite<\/a><\/h2><p class=\"elementor-image-box-description\">NOUVEAUT\u00c9 \u2013 <strong>Vous souhaitez une t\u00eate d'abattage pr\u00e9sentant les m\u00eames caract\u00e9ristiques que la 661 LF, mais avec un poids r\u00e9duit ?<\/strong><br><strong>SP 661 LF Lite<\/strong> La SP 661 LF Lite est une t\u00eate l\u00e9g\u00e8re et efficace, optimis\u00e9e pour les abatteuses \u00e0 roues de milieu de gamme.<\/p><\/div><\/div>\t\t\t\t<\/div>\n\t\t\t\t<\/div>\n\t\t\t\t\t<\/div>\n\t\t<\/div>\n\t\t\t\t<div class=\"elementor-column elementor-col-33 elementor-top-column elementor-element elementor-element-b9b01a4 unit-group-col\" data-id=\"b9b01a4\" data-element_type=\"column\" data-e-type=\"column\">\n\t\t\t<div class=\"elementor-widget-wrap elementor-element-populated\">\n\t\t\t\t\t\t<div class=\"elementor-element elementor-element-53abd09 unit-group-block elementor-position-top elementor-widget elementor-widget-image-box\" data-id=\"53abd09\" data-element_type=\"widget\" data-e-type=\"widget\" data-widget_type=\"image-box.default\">\n\t\t\t\t<div class=\"elementor-widget-container\">\n\t\t\t\t\t<div class=\"elementor-image-box-wrapper\"><figure class=\"elementor-image-box-img\"><a href=\"https:\/\/spmaskiner.com\/fr\/tetes-dabattage\/tetes-dabattage-lf\/tetes-dabattage-sp-761-lf\/\" tabindex=\"-1\"><img loading=\"lazy\" decoding=\"async\" width=\"664\" height=\"800\" src=\"https:\/\/spmaskiner.com\/wp-content\/uploads\/2021\/04\/ar00001604_161116.jpg\" class=\"attachment-medium_large size-medium_large wp-image-3075\" alt=\"\" srcset=\"https:\/\/spmaskiner.com\/wp-content\/uploads\/2021\/04\/ar00001604_161116.jpg 664w, https:\/\/spmaskiner.com\/wp-content\/uploads\/2021\/04\/ar00001604_161116-249x300.jpg 249w\" sizes=\"auto, (max-width: 664px) 100vw, 664px\" \/><\/a><\/figure><div class=\"elementor-image-box-content\"><h2 class=\"elementor-image-box-title\"><a href=\"https:\/\/spmaskiner.com\/fr\/tetes-dabattage\/tetes-dabattage-lf\/tetes-dabattage-sp-761-lf\/\">SP 761 LF<\/a><\/h2><p class=\"elementor-image-box-description\">La SP 761 LF est une t\u00eate d\u2019abattage haute performance rapide et fiable, con\u00e7ue pour les travaux les plus lourds. Elle peut \u00eatre utilis\u00e9e aussi bien avec de grandes abatteuses sur roues qu\u2019avec des excavatrices de 20 \u00e0 25 tonnes.<\/p><\/div><\/div>\t\t\t\t<\/div>\n\t\t\t\t<\/div>\n\t\t\t\t\t<\/div>\n\t\t<\/div>\n\t\t\t\t<div class=\"elementor-column elementor-col-33 elementor-top-column elementor-element elementor-element-c9fb968 unit-group-col\" data-id=\"c9fb968\" data-element_type=\"column\" data-e-type=\"column\">\n\t\t\t<div class=\"elementor-widget-wrap\">\n\t\t\t\t\t\t\t<\/div>\n\t\t<\/div>\n\t\t\t\t\t<\/div>\n\t\t<\/section>\n\t\t\t\t<\/div>\n\t\t","protected":false},"excerpt":{"rendered":"<p>T\u00eates d\u2019abattage LF Les t\u00eates de la s\u00e9rie LF se caract\u00e9risent par leur conception agile et compacte et leurs qualit\u00e9s de productivit\u00e9 et fiabilit\u00e9 maximales. Les t\u00eates sont con\u00e7ues selon le concept de faible frottement pour une rentabilit\u00e9 maximale. Qu\u2019il s\u2019agisse d\u2019effectuer des premi\u00e8res \u00e9claircies, des coupes d\u00e9finitives ou de nombreux abattages dans les for\u00eats [&hellip;]<\/p>\n","protected":false},"author":1,"featured_media":0,"parent":5648,"menu_order":220,"comment_status":"closed","ping_status":"closed","template":"elementor_header_footer","meta":{"_acf_changed":false,"site-sidebar-layout":"no-sidebar","site-content-layout":"page-builder","ast-site-content-layout":"default","site-content-style":"default","site-sidebar-style":"default","ast-global-header-display":"","ast-banner-title-visibility":"","ast-main-header-display":"","ast-hfb-above-header-display":"","ast-hfb-below-header-display":"","ast-hfb-mobile-header-display":"","site-post-title":"disabled","ast-breadcrumbs-content":"","ast-featured-img":"disabled","footer-sml-layout":"","ast-disable-related-posts":"","theme-transparent-header-meta":"default","adv-header-id-meta":"","stick-header-meta":"","header-above-stick-meta":"","header-main-stick-meta":"","header-below-stick-meta":"","astra-migrate-meta-layouts":"default","ast-page-background-enabled":"default","ast-page-background-meta":{"desktop":{"background-color":"","background-image":"","background-repeat":"repeat","background-position":"center center","background-size":"auto","background-attachment":"scroll","background-type":"","background-media":"","overlay-type":"","overlay-color":"","overlay-opacity":"","overlay-gradient":""},"tablet":{"background-color":"","background-image":"","background-repeat":"repeat","background-position":"center center","background-size":"auto","background-attachment":"scroll","background-type":"","background-media":"","overlay-type":"","overlay-color":"","overlay-opacity":"","overlay-gradient":""},"mobile":{"background-color":"","background-image":"","background-repeat":"repeat","background-position":"center center","background-size":"auto","background-attachment":"scroll","background-type":"","background-media":"","overlay-type":"","overlay-color":"","overlay-opacity":"","overlay-gradient":""}},"ast-content-background-meta":{"desktop":{"background-color":"var(--ast-global-color-5)","background-image":"","background-repeat":"repeat","background-position":"center center","background-size":"auto","background-attachment":"scroll","background-type":"","background-media":"","overlay-type":"","overlay-color":"","overlay-opacity":"","overlay-gradient":""},"tablet":{"background-color":"var(--ast-global-color-5)","background-image":"","background-repeat":"repeat","background-position":"center center","background-size":"auto","background-attachment":"scroll","background-type":"","background-media":"","overlay-type":"","overlay-color":"","overlay-opacity":"","overlay-gradient":""},"mobile":{"background-color":"var(--ast-global-color-5)","background-image":"","background-repeat":"repeat","background-position":"center center","background-size":"auto","background-attachment":"scroll","background-type":"","background-media":"","overlay-type":"","overlay-color":"","overlay-opacity":"","overlay-gradient":""}},"footnotes":""},"class_list":["post-5651","page","type-page","status-publish","hentry"],"acf":[],"yoast_head":"<!-- This site is optimized with the Yoast SEO plugin v26.9 - https:\/\/yoast.com\/product\/yoast-seo-wordpress\/ -->\n<title>T\u00eates d\u2019abattage LF - SP Maskiner<\/title>\n<meta name=\"robots\" content=\"index, follow, max-snippet:-1, max-image-preview:large, max-video-preview:-1\" \/>\n<link rel=\"canonical\" href=\"https:\/\/spmaskiner.com\/fr\/tetes-dabattage\/tetes-dabattage-lf\/\" \/>\n<meta property=\"og:locale\" content=\"fr_FR\" \/>\n<meta property=\"og:type\" content=\"article\" \/>\n<meta property=\"og:title\" content=\"T\u00eates d\u2019abattage LF - SP Maskiner\" \/>\n<meta property=\"og:description\" content=\"T\u00eates d\u2019abattage LF Les t\u00eates de la s\u00e9rie LF se caract\u00e9risent par leur conception agile et compacte et leurs qualit\u00e9s de productivit\u00e9 et fiabilit\u00e9 maximales. Les t\u00eates sont con\u00e7ues selon le concept de faible frottement pour une rentabilit\u00e9 maximale. Qu\u2019il s\u2019agisse d\u2019effectuer des premi\u00e8res \u00e9claircies, des coupes d\u00e9finitives ou de nombreux abattages dans les for\u00eats [&hellip;]\" \/>\n<meta property=\"og:url\" content=\"https:\/\/spmaskiner.com\/fr\/tetes-dabattage\/tetes-dabattage-lf\/\" \/>\n<meta property=\"og:site_name\" content=\"SP Maskiner\" \/>\n<meta property=\"article:modified_time\" content=\"2025-10-27T14:53:45+00:00\" \/>\n<meta property=\"og:image\" content=\"https:\/\/spmaskiner.com\/wp-content\/uploads\/2025\/06\/461-NG-hemsida-kopiera.jpg\" \/>\n\t<meta property=\"og:image:width\" content=\"747\" \/>\n\t<meta property=\"og:image:height\" content=\"900\" \/>\n\t<meta property=\"og:image:type\" content=\"image\/jpeg\" \/>\n<meta name=\"twitter:card\" content=\"summary_large_image\" \/>\n<script type=\"application\/ld+json\" class=\"yoast-schema-graph\">{\"@context\":\"https:\/\/schema.org\",\"@graph\":[{\"@type\":\"WebPage\",\"@id\":\"https:\/\/spmaskiner.com\/fr\/tetes-dabattage\/tetes-dabattage-lf\/\",\"url\":\"https:\/\/spmaskiner.com\/fr\/tetes-dabattage\/tetes-dabattage-lf\/\",\"name\":\"T\u00eates d\u2019abattage LF - SP Maskiner\",\"isPartOf\":{\"@id\":\"https:\/\/spmaskiner.com\/fr\/#website\"},\"primaryImageOfPage\":{\"@id\":\"https:\/\/spmaskiner.com\/fr\/tetes-dabattage\/tetes-dabattage-lf\/#primaryimage\"},\"image\":{\"@id\":\"https:\/\/spmaskiner.com\/fr\/tetes-dabattage\/tetes-dabattage-lf\/#primaryimage\"},\"thumbnailUrl\":\"https:\/\/spmaskiner.com\/wp-content\/uploads\/2025\/06\/461-NG-hemsida-kopiera.jpg\",\"datePublished\":\"2021-03-14T10:20:52+00:00\",\"dateModified\":\"2025-10-27T14:53:45+00:00\",\"breadcrumb\":{\"@id\":\"https:\/\/spmaskiner.com\/fr\/tetes-dabattage\/tetes-dabattage-lf\/#breadcrumb\"},\"inLanguage\":\"fr-FR\",\"potentialAction\":[{\"@type\":\"ReadAction\",\"target\":[\"https:\/\/spmaskiner.com\/fr\/tetes-dabattage\/tetes-dabattage-lf\/\"]}]},{\"@type\":\"ImageObject\",\"inLanguage\":\"fr-FR\",\"@id\":\"https:\/\/spmaskiner.com\/fr\/tetes-dabattage\/tetes-dabattage-lf\/#primaryimage\",\"url\":\"https:\/\/spmaskiner.com\/wp-content\/uploads\/2025\/06\/461-NG-hemsida-kopiera.jpg\",\"contentUrl\":\"https:\/\/spmaskiner.com\/wp-content\/uploads\/2025\/06\/461-NG-hemsida-kopiera.jpg\"},{\"@type\":\"BreadcrumbList\",\"@id\":\"https:\/\/spmaskiner.com\/fr\/tetes-dabattage\/tetes-dabattage-lf\/#breadcrumb\",\"itemListElement\":[{\"@type\":\"ListItem\",\"position\":1,\"name\":\"Home\",\"item\":\"https:\/\/spmaskiner.com\/fr\/\"},{\"@type\":\"ListItem\",\"position\":2,\"name\":\"T\u00eates d\u2019abattage\",\"item\":\"https:\/\/spmaskiner.com\/fr\/tetes-dabattage\/\"},{\"@type\":\"ListItem\",\"position\":3,\"name\":\"T\u00eates d\u2019abattage LF\"}]},{\"@type\":\"WebSite\",\"@id\":\"https:\/\/spmaskiner.com\/fr\/#website\",\"url\":\"https:\/\/spmaskiner.com\/fr\/\",\"name\":\"SP Maskiner\",\"description\":\"Always ahead\",\"publisher\":{\"@id\":\"https:\/\/spmaskiner.com\/fr\/#organization\"},\"potentialAction\":[{\"@type\":\"SearchAction\",\"target\":{\"@type\":\"EntryPoint\",\"urlTemplate\":\"https:\/\/spmaskiner.com\/fr\/?s={search_term_string}\"},\"query-input\":{\"@type\":\"PropertyValueSpecification\",\"valueRequired\":true,\"valueName\":\"search_term_string\"}}],\"inLanguage\":\"fr-FR\"},{\"@type\":\"Organization\",\"@id\":\"https:\/\/spmaskiner.com\/fr\/#organization\",\"name\":\"SP Maskiner\",\"url\":\"https:\/\/spmaskiner.com\/fr\/\",\"logo\":{\"@type\":\"ImageObject\",\"inLanguage\":\"fr-FR\",\"@id\":\"https:\/\/spmaskiner.com\/fr\/#\/schema\/logo\/image\/\",\"url\":\"https:\/\/spmaskiner.com\/wp-content\/uploads\/2021\/03\/spmaskiner-logotyp.png\",\"contentUrl\":\"https:\/\/spmaskiner.com\/wp-content\/uploads\/2021\/03\/spmaskiner-logotyp.png\",\"width\":350,\"height\":65,\"caption\":\"SP Maskiner\"},\"image\":{\"@id\":\"https:\/\/spmaskiner.com\/fr\/#\/schema\/logo\/image\/\"}}]}<\/script>\n<!-- \/ Yoast SEO plugin. -->","yoast_head_json":{"title":"T\u00eates d\u2019abattage LF - SP Maskiner","robots":{"index":"index","follow":"follow","max-snippet":"max-snippet:-1","max-image-preview":"max-image-preview:large","max-video-preview":"max-video-preview:-1"},"canonical":"https:\/\/spmaskiner.com\/fr\/tetes-dabattage\/tetes-dabattage-lf\/","og_locale":"fr_FR","og_type":"article","og_title":"T\u00eates d\u2019abattage LF - SP Maskiner","og_description":"T\u00eates d\u2019abattage LF Les t\u00eates de la s\u00e9rie LF se caract\u00e9risent par leur conception agile et compacte et leurs qualit\u00e9s de productivit\u00e9 et fiabilit\u00e9 maximales. Les t\u00eates sont con\u00e7ues selon le concept de faible frottement pour une rentabilit\u00e9 maximale. Qu\u2019il s\u2019agisse d\u2019effectuer des premi\u00e8res \u00e9claircies, des coupes d\u00e9finitives ou de nombreux abattages dans les for\u00eats [&hellip;]","og_url":"https:\/\/spmaskiner.com\/fr\/tetes-dabattage\/tetes-dabattage-lf\/","og_site_name":"SP Maskiner","article_modified_time":"2025-10-27T14:53:45+00:00","og_image":[{"width":747,"height":900,"url":"https:\/\/spmaskiner.com\/wp-content\/uploads\/2025\/06\/461-NG-hemsida-kopiera.jpg","type":"image\/jpeg"}],"twitter_card":"summary_large_image","schema":{"@context":"https:\/\/schema.org","@graph":[{"@type":"WebPage","@id":"https:\/\/spmaskiner.com\/fr\/tetes-dabattage\/tetes-dabattage-lf\/","url":"https:\/\/spmaskiner.com\/fr\/tetes-dabattage\/tetes-dabattage-lf\/","name":"T\u00eates d\u2019abattage LF - SP Maskiner","isPartOf":{"@id":"https:\/\/spmaskiner.com\/fr\/#website"},"primaryImageOfPage":{"@id":"https:\/\/spmaskiner.com\/fr\/tetes-dabattage\/tetes-dabattage-lf\/#primaryimage"},"image":{"@id":"https:\/\/spmaskiner.com\/fr\/tetes-dabattage\/tetes-dabattage-lf\/#primaryimage"},"thumbnailUrl":"https:\/\/spmaskiner.com\/wp-content\/uploads\/2025\/06\/461-NG-hemsida-kopiera.jpg","datePublished":"2021-03-14T10:20:52+00:00","dateModified":"2025-10-27T14:53:45+00:00","breadcrumb":{"@id":"https:\/\/spmaskiner.com\/fr\/tetes-dabattage\/tetes-dabattage-lf\/#breadcrumb"},"inLanguage":"fr-FR","potentialAction":[{"@type":"ReadAction","target":["https:\/\/spmaskiner.com\/fr\/tetes-dabattage\/tetes-dabattage-lf\/"]}]},{"@type":"ImageObject","inLanguage":"fr-FR","@id":"https:\/\/spmaskiner.com\/fr\/tetes-dabattage\/tetes-dabattage-lf\/#primaryimage","url":"https:\/\/spmaskiner.com\/wp-content\/uploads\/2025\/06\/461-NG-hemsida-kopiera.jpg","contentUrl":"https:\/\/spmaskiner.com\/wp-content\/uploads\/2025\/06\/461-NG-hemsida-kopiera.jpg"},{"@type":"BreadcrumbList","@id":"https:\/\/spmaskiner.com\/fr\/tetes-dabattage\/tetes-dabattage-lf\/#breadcrumb","itemListElement":[{"@type":"ListItem","position":1,"name":"Home","item":"https:\/\/spmaskiner.com\/fr\/"},{"@type":"ListItem","position":2,"name":"T\u00eates d\u2019abattage","item":"https:\/\/spmaskiner.com\/fr\/tetes-dabattage\/"},{"@type":"ListItem","position":3,"name":"T\u00eates d\u2019abattage LF"}]},{"@type":"WebSite","@id":"https:\/\/spmaskiner.com\/fr\/#website","url":"https:\/\/spmaskiner.com\/fr\/","name":"SP Maskiner","description":"Always ahead","publisher":{"@id":"https:\/\/spmaskiner.com\/fr\/#organization"},"potentialAction":[{"@type":"SearchAction","target":{"@type":"EntryPoint","urlTemplate":"https:\/\/spmaskiner.com\/fr\/?s={search_term_string}"},"query-input":{"@type":"PropertyValueSpecification","valueRequired":true,"valueName":"search_term_string"}}],"inLanguage":"fr-FR"},{"@type":"Organization","@id":"https:\/\/spmaskiner.com\/fr\/#organization","name":"SP Maskiner","url":"https:\/\/spmaskiner.com\/fr\/","logo":{"@type":"ImageObject","inLanguage":"fr-FR","@id":"https:\/\/spmaskiner.com\/fr\/#\/schema\/logo\/image\/","url":"https:\/\/spmaskiner.com\/wp-content\/uploads\/2021\/03\/spmaskiner-logotyp.png","contentUrl":"https:\/\/spmaskiner.com\/wp-content\/uploads\/2021\/03\/spmaskiner-logotyp.png","width":350,"height":65,"caption":"SP Maskiner"},"image":{"@id":"https:\/\/spmaskiner.com\/fr\/#\/schema\/logo\/image\/"}}]}},"_links":{"self":[{"href":"https:\/\/spmaskiner.com\/fr\/wp-json\/wp\/v2\/pages\/5651","targetHints":{"allow":["GET"]}}],"collection":[{"href":"https:\/\/spmaskiner.com\/fr\/wp-json\/wp\/v2\/pages"}],"about":[{"href":"https:\/\/spmaskiner.com\/fr\/wp-json\/wp\/v2\/types\/page"}],"author":[{"embeddable":true,"href":"https:\/\/spmaskiner.com\/fr\/wp-json\/wp\/v2\/users\/1"}],"replies":[{"embeddable":true,"href":"https:\/\/spmaskiner.com\/fr\/wp-json\/wp\/v2\/comments?post=5651"}],"version-history":[{"count":9,"href":"https:\/\/spmaskiner.com\/fr\/wp-json\/wp\/v2\/pages\/5651\/revisions"}],"predecessor-version":[{"id":12140,"href":"https:\/\/spmaskiner.com\/fr\/wp-json\/wp\/v2\/pages\/5651\/revisions\/12140"}],"up":[{"embeddable":true,"href":"https:\/\/spmaskiner.com\/fr\/wp-json\/wp\/v2\/pages\/5648"}],"wp:attachment":[{"href":"https:\/\/spmaskiner.com\/fr\/wp-json\/wp\/v2\/media?parent=5651"}],"curies":[{"name":"wp","href":"https:\/\/api.w.org\/{rel}","templated":true}]}}