{"id":5655,"date":"2021-04-09T14:04:30","date_gmt":"2021-04-09T12:04:30","guid":{"rendered":"https:\/\/spmaskiner.com\/tetes-dabattage\/tetes-dabattage-e\/"},"modified":"2021-09-27T09:56:46","modified_gmt":"2021-09-27T07:56:46","slug":"tetes-dabattage-e","status":"publish","type":"page","link":"https:\/\/spmaskiner.com\/fr\/tetes-dabattage\/tetes-dabattage-e\/","title":{"rendered":"T\u00eates d\u2019abattage E"},"content":{"rendered":"\t\t<div data-elementor-type=\"wp-page\" data-elementor-id=\"5655\" class=\"elementor elementor-5655 elementor-3274\" data-elementor-post-type=\"page\">\n\t\t\t\t\t\t<section class=\"elementor-section elementor-top-section elementor-element elementor-element-1bce3936 elementor-section-boxed elementor-section-height-default elementor-section-height-default\" data-id=\"1bce3936\" data-element_type=\"section\" data-e-type=\"section\">\n\t\t\t\t\t\t<div class=\"elementor-container elementor-column-gap-default\">\n\t\t\t\t\t<div class=\"elementor-column elementor-col-100 elementor-top-column elementor-element elementor-element-7e6ee8ee\" data-id=\"7e6ee8ee\" data-element_type=\"column\" data-e-type=\"column\">\n\t\t\t<div class=\"elementor-widget-wrap elementor-element-populated\">\n\t\t\t\t\t\t<div class=\"elementor-element elementor-element-1aafbf82 elementor-widget elementor-widget-heading\" data-id=\"1aafbf82\" data-element_type=\"widget\" data-e-type=\"widget\" data-widget_type=\"heading.default\">\n\t\t\t\t<div class=\"elementor-widget-container\">\n\t\t\t\t\t<h1 class=\"elementor-heading-title elementor-size-default\">T\u00eates d\u2019abattage E<\/h1>\t\t\t\t<\/div>\n\t\t\t\t<\/div>\n\t\t\t\t<div class=\"elementor-element elementor-element-2a7ed5f8 elementor-widget elementor-widget-text-editor\" data-id=\"2a7ed5f8\" data-element_type=\"widget\" data-e-type=\"widget\" data-widget_type=\"text-editor.default\">\n\t\t\t\t<div class=\"elementor-widget-container\">\n\t\t\t\t\t\t\t\t\t<p>Les t\u00eates de la s\u00e9rie E sont con\u00e7ues pour une seule t\u00e2che : l\u2019abattage et l\u2019\u00e9cor\u00e7age efficaces des eucalyptus de plantation. Outre l\u2019\u00e9cor\u00e7age \u00e0 haute efficacit\u00e9, ces t\u00eates se caract\u00e9risent par leur conception robuste et bien prot\u00e9g\u00e9e avec un acheminement de tuyaux de classe mondiale. Gr\u00e2ce au syst\u00e8me LogHold de SP, aux pressions proportionnelles et \u00e0 un syst\u00e8me hydraulique optimis\u00e9, les t\u00eates offrent \u00e9galement des performances et une productivit\u00e9 maximales. Ensemble, ces qualit\u00e9s forment une combinaison imbattable de productivit\u00e9 maximale et de besoin d\u2019entretien minimal, pour une fiabilit\u00e9 optimale.<\/p>\n\t\t\t\t\t\t\t\t<\/div>\n\t\t\t\t<\/div>\n\t\t\t\t\t<\/div>\n\t\t<\/div>\n\t\t\t\t\t<\/div>\n\t\t<\/section>\n\t\t\t\t<section class=\"elementor-section elementor-top-section elementor-element elementor-element-44369634 unit-group-container elementor-section-boxed elementor-section-height-default elementor-section-height-default\" data-id=\"44369634\" data-element_type=\"section\" data-e-type=\"section\">\n\t\t\t\t\t\t<div class=\"elementor-container elementor-column-gap-default\">\n\t\t\t\t\t<div class=\"elementor-column elementor-col-33 elementor-top-column elementor-element elementor-element-30ee73d3 unit-group-col\" data-id=\"30ee73d3\" data-element_type=\"column\" data-e-type=\"column\">\n\t\t\t<div class=\"elementor-widget-wrap elementor-element-populated\">\n\t\t\t\t\t\t<div class=\"elementor-element elementor-element-1fa25b4 unit-group-block elementor-position-top elementor-widget elementor-widget-image-box\" data-id=\"1fa25b4\" data-element_type=\"widget\" data-e-type=\"widget\" data-widget_type=\"image-box.default\">\n\t\t\t\t<div class=\"elementor-widget-container\">\n\t\t\t\t\t<div class=\"elementor-image-box-wrapper\"><figure class=\"elementor-image-box-img\"><a href=\"https:\/\/spmaskiner.com\/fr\/tetes-dabattage\/tetes-dabattage-e\/tetes-dabattage-sp-661-e\/\" tabindex=\"-1\"><img loading=\"lazy\" decoding=\"async\" width=\"664\" height=\"800\" src=\"https:\/\/spmaskiner.com\/wp-content\/uploads\/2021\/04\/sp661e-2.jpg\" class=\"attachment-medium_large size-medium_large wp-image-3297\" alt=\"\" srcset=\"https:\/\/spmaskiner.com\/wp-content\/uploads\/2021\/04\/sp661e-2.jpg 664w, https:\/\/spmaskiner.com\/wp-content\/uploads\/2021\/04\/sp661e-2-249x300.jpg 249w\" sizes=\"auto, (max-width: 664px) 100vw, 664px\" \/><\/a><\/figure><div class=\"elementor-image-box-content\"><h2 class=\"elementor-image-box-title\"><a href=\"https:\/\/spmaskiner.com\/fr\/tetes-dabattage\/tetes-dabattage-e\/tetes-dabattage-sp-661-e\/\">SP 661 E<\/a><\/h2><p class=\"elementor-image-box-description\">La SP 661 E est con\u00e7ue pour une seule t\u00e2che : l\u2019\u00e9cor\u00e7age en un seul passage des eucalyptus de plantation. Une combinaison unique de couteaux d\u2019\u00e9cor\u00e7age sp\u00e9cialement con\u00e7us, de d\u00e9flecteurs d\u2019\u00e9corce rempla\u00e7ables et de capacit\u00e9s d\u2019alimentation \u00e0 grande vitesse permet d\u2019associer la meilleure productivit\u00e9 \u00e0 la plus haute qualit\u00e9 d\u2019\u00e9cor\u00e7age.<\/p><\/div><\/div>\t\t\t\t<\/div>\n\t\t\t\t<\/div>\n\t\t\t\t\t<\/div>\n\t\t<\/div>\n\t\t\t\t<div class=\"elementor-column elementor-col-33 elementor-top-column elementor-element elementor-element-229f4d0 unit-group-col\" data-id=\"229f4d0\" data-element_type=\"column\" data-e-type=\"column\">\n\t\t\t<div class=\"elementor-widget-wrap elementor-element-populated\">\n\t\t\t\t\t\t<div class=\"elementor-element elementor-element-de609eb unit-group-block elementor-position-top elementor-widget elementor-widget-image-box\" data-id=\"de609eb\" data-element_type=\"widget\" data-e-type=\"widget\" data-widget_type=\"image-box.default\">\n\t\t\t\t<div class=\"elementor-widget-container\">\n\t\t\t\t\t<div class=\"elementor-image-box-wrapper\"><figure class=\"elementor-image-box-img\"><a href=\"https:\/\/spmaskiner.com\/fr\/tetes-dabattage\/tetes-dabattage-e\/tetes-dabattage-sp-761-e\/\" tabindex=\"-1\"><img loading=\"lazy\" decoding=\"async\" width=\"664\" height=\"800\" src=\"https:\/\/spmaskiner.com\/wp-content\/uploads\/2021\/04\/sp761e-2.jpg\" class=\"attachment-medium_large size-medium_large wp-image-3347\" alt=\"\" srcset=\"https:\/\/spmaskiner.com\/wp-content\/uploads\/2021\/04\/sp761e-2.jpg 664w, https:\/\/spmaskiner.com\/wp-content\/uploads\/2021\/04\/sp761e-2-249x300.jpg 249w\" sizes=\"auto, (max-width: 664px) 100vw, 664px\" \/><\/a><\/figure><div class=\"elementor-image-box-content\"><h2 class=\"elementor-image-box-title\"><a href=\"https:\/\/spmaskiner.com\/fr\/tetes-dabattage\/tetes-dabattage-e\/tetes-dabattage-sp-761-e\/\">SP 761 E<\/a><\/h2><p class=\"elementor-image-box-description\">La SP 761 E est con\u00e7ue pour une seule t\u00e2che : l\u2019\u00e9cor\u00e7age en un seul passage de gros eucalyptus de plantation. Une combinaison unique de couteaux d\u2019\u00e9cor\u00e7age sp\u00e9cialement con\u00e7us, de d\u00e9flecteurs d\u2019\u00e9corce dans le cadre et de capacit\u00e9s d\u2019alimentation \u00e0 grande vitesse permet d\u2019associer la meilleure productivit\u00e9 \u00e0 la plus haute qualit\u00e9 d\u2019\u00e9cor\u00e7age.<\/p><\/div><\/div>\t\t\t\t<\/div>\n\t\t\t\t<\/div>\n\t\t\t\t\t<\/div>\n\t\t<\/div>\n\t\t\t\t<div class=\"elementor-column elementor-col-33 elementor-top-column elementor-element elementor-element-eb005cd unit-group-col\" data-id=\"eb005cd\" data-element_type=\"column\" data-e-type=\"column\">\n\t\t\t<div class=\"elementor-widget-wrap\">\n\t\t\t\t\t\t\t<\/div>\n\t\t<\/div>\n\t\t\t\t\t<\/div>\n\t\t<\/section>\n\t\t\t\t<\/div>\n\t\t","protected":false},"excerpt":{"rendered":"<p>T\u00eates d\u2019abattage E Les t\u00eates de la s\u00e9rie E sont con\u00e7ues pour une seule t\u00e2che : l\u2019abattage et l\u2019\u00e9cor\u00e7age efficaces des eucalyptus de plantation. Outre l\u2019\u00e9cor\u00e7age \u00e0 haute efficacit\u00e9, ces t\u00eates se caract\u00e9risent par leur conception robuste et bien prot\u00e9g\u00e9e avec un acheminement de tuyaux de classe mondiale. Gr\u00e2ce au syst\u00e8me LogHold de SP, aux [&hellip;]<\/p>\n","protected":false},"author":1,"featured_media":0,"parent":5648,"menu_order":338,"comment_status":"closed","ping_status":"closed","template":"elementor_header_footer","meta":{"_acf_changed":false,"site-sidebar-layout":"no-sidebar","site-content-layout":"page-builder","ast-site-content-layout":"default","site-content-style":"default","site-sidebar-style":"default","ast-global-header-display":"","ast-banner-title-visibility":"","ast-main-header-display":"","ast-hfb-above-header-display":"","ast-hfb-below-header-display":"","ast-hfb-mobile-header-display":"","site-post-title":"disabled","ast-breadcrumbs-content":"","ast-featured-img":"disabled","footer-sml-layout":"","ast-disable-related-posts":"","theme-transparent-header-meta":"default","adv-header-id-meta":"","stick-header-meta":"","header-above-stick-meta":"","header-main-stick-meta":"","header-below-stick-meta":"","astra-migrate-meta-layouts":"default","ast-page-background-enabled":"default","ast-page-background-meta":{"desktop":{"background-color":"","background-image":"","background-repeat":"repeat","background-position":"center center","background-size":"auto","background-attachment":"scroll","background-type":"","background-media":"","overlay-type":"","overlay-color":"","overlay-opacity":"","overlay-gradient":""},"tablet":{"background-color":"","background-image":"","background-repeat":"repeat","background-position":"center center","background-size":"auto","background-attachment":"scroll","background-type":"","background-media":"","overlay-type":"","overlay-color":"","overlay-opacity":"","overlay-gradient":""},"mobile":{"background-color":"","background-image":"","background-repeat":"repeat","background-position":"center center","background-size":"auto","background-attachment":"scroll","background-type":"","background-media":"","overlay-type":"","overlay-color":"","overlay-opacity":"","overlay-gradient":""}},"ast-content-background-meta":{"desktop":{"background-color":"var(--ast-global-color-5)","background-image":"","background-repeat":"repeat","background-position":"center center","background-size":"auto","background-attachment":"scroll","background-type":"","background-media":"","overlay-type":"","overlay-color":"","overlay-opacity":"","overlay-gradient":""},"tablet":{"background-color":"var(--ast-global-color-5)","background-image":"","background-repeat":"repeat","background-position":"center center","background-size":"auto","background-attachment":"scroll","background-type":"","background-media":"","overlay-type":"","overlay-color":"","overlay-opacity":"","overlay-gradient":""},"mobile":{"background-color":"var(--ast-global-color-5)","background-image":"","background-repeat":"repeat","background-position":"center center","background-size":"auto","background-attachment":"scroll","background-type":"","background-media":"","overlay-type":"","overlay-color":"","overlay-opacity":"","overlay-gradient":""}},"footnotes":""},"class_list":["post-5655","page","type-page","status-publish","hentry"],"acf":[],"yoast_head":"<!-- This site is optimized with the Yoast SEO plugin v26.9 - https:\/\/yoast.com\/product\/yoast-seo-wordpress\/ -->\n<title>T\u00eates d\u2019abattage E - SP Maskiner<\/title>\n<meta name=\"robots\" content=\"index, follow, max-snippet:-1, max-image-preview:large, max-video-preview:-1\" \/>\n<link rel=\"canonical\" href=\"https:\/\/spmaskiner.com\/fr\/tetes-dabattage\/tetes-dabattage-e\/\" \/>\n<meta property=\"og:locale\" content=\"fr_FR\" \/>\n<meta property=\"og:type\" content=\"article\" \/>\n<meta property=\"og:title\" content=\"T\u00eates d\u2019abattage E - SP Maskiner\" \/>\n<meta property=\"og:description\" content=\"T\u00eates d\u2019abattage E Les t\u00eates de la s\u00e9rie E sont con\u00e7ues pour une seule t\u00e2che : l\u2019abattage et l\u2019\u00e9cor\u00e7age efficaces des eucalyptus de plantation. Outre l\u2019\u00e9cor\u00e7age \u00e0 haute efficacit\u00e9, ces t\u00eates se caract\u00e9risent par leur conception robuste et bien prot\u00e9g\u00e9e avec un acheminement de tuyaux de classe mondiale. Gr\u00e2ce au syst\u00e8me LogHold de SP, aux [&hellip;]\" \/>\n<meta property=\"og:url\" content=\"https:\/\/spmaskiner.com\/fr\/tetes-dabattage\/tetes-dabattage-e\/\" \/>\n<meta property=\"og:site_name\" content=\"SP Maskiner\" \/>\n<meta property=\"article:modified_time\" content=\"2021-09-27T07:56:46+00:00\" \/>\n<meta property=\"og:image\" content=\"https:\/\/spmaskiner.com\/wp-content\/uploads\/2021\/04\/sp661e-2.jpg\" \/>\n<meta name=\"twitter:card\" content=\"summary_large_image\" \/>\n<script type=\"application\/ld+json\" class=\"yoast-schema-graph\">{\"@context\":\"https:\/\/schema.org\",\"@graph\":[{\"@type\":\"WebPage\",\"@id\":\"https:\/\/spmaskiner.com\/fr\/tetes-dabattage\/tetes-dabattage-e\/\",\"url\":\"https:\/\/spmaskiner.com\/fr\/tetes-dabattage\/tetes-dabattage-e\/\",\"name\":\"T\u00eates d\u2019abattage E - SP Maskiner\",\"isPartOf\":{\"@id\":\"https:\/\/spmaskiner.com\/fr\/#website\"},\"primaryImageOfPage\":{\"@id\":\"https:\/\/spmaskiner.com\/fr\/tetes-dabattage\/tetes-dabattage-e\/#primaryimage\"},\"image\":{\"@id\":\"https:\/\/spmaskiner.com\/fr\/tetes-dabattage\/tetes-dabattage-e\/#primaryimage\"},\"thumbnailUrl\":\"https:\/\/spmaskiner.com\/wp-content\/uploads\/2021\/04\/sp661e-2.jpg\",\"datePublished\":\"2021-04-09T12:04:30+00:00\",\"dateModified\":\"2021-09-27T07:56:46+00:00\",\"breadcrumb\":{\"@id\":\"https:\/\/spmaskiner.com\/fr\/tetes-dabattage\/tetes-dabattage-e\/#breadcrumb\"},\"inLanguage\":\"fr-FR\",\"potentialAction\":[{\"@type\":\"ReadAction\",\"target\":[\"https:\/\/spmaskiner.com\/fr\/tetes-dabattage\/tetes-dabattage-e\/\"]}]},{\"@type\":\"ImageObject\",\"inLanguage\":\"fr-FR\",\"@id\":\"https:\/\/spmaskiner.com\/fr\/tetes-dabattage\/tetes-dabattage-e\/#primaryimage\",\"url\":\"https:\/\/spmaskiner.com\/wp-content\/uploads\/2021\/04\/sp661e-2.jpg\",\"contentUrl\":\"https:\/\/spmaskiner.com\/wp-content\/uploads\/2021\/04\/sp661e-2.jpg\"},{\"@type\":\"BreadcrumbList\",\"@id\":\"https:\/\/spmaskiner.com\/fr\/tetes-dabattage\/tetes-dabattage-e\/#breadcrumb\",\"itemListElement\":[{\"@type\":\"ListItem\",\"position\":1,\"name\":\"Home\",\"item\":\"https:\/\/spmaskiner.com\/fr\/\"},{\"@type\":\"ListItem\",\"position\":2,\"name\":\"T\u00eates d\u2019abattage\",\"item\":\"https:\/\/spmaskiner.com\/fr\/tetes-dabattage\/\"},{\"@type\":\"ListItem\",\"position\":3,\"name\":\"T\u00eates d\u2019abattage E\"}]},{\"@type\":\"WebSite\",\"@id\":\"https:\/\/spmaskiner.com\/fr\/#website\",\"url\":\"https:\/\/spmaskiner.com\/fr\/\",\"name\":\"SP Maskiner\",\"description\":\"Always ahead\",\"publisher\":{\"@id\":\"https:\/\/spmaskiner.com\/fr\/#organization\"},\"potentialAction\":[{\"@type\":\"SearchAction\",\"target\":{\"@type\":\"EntryPoint\",\"urlTemplate\":\"https:\/\/spmaskiner.com\/fr\/?s={search_term_string}\"},\"query-input\":{\"@type\":\"PropertyValueSpecification\",\"valueRequired\":true,\"valueName\":\"search_term_string\"}}],\"inLanguage\":\"fr-FR\"},{\"@type\":\"Organization\",\"@id\":\"https:\/\/spmaskiner.com\/fr\/#organization\",\"name\":\"SP Maskiner\",\"url\":\"https:\/\/spmaskiner.com\/fr\/\",\"logo\":{\"@type\":\"ImageObject\",\"inLanguage\":\"fr-FR\",\"@id\":\"https:\/\/spmaskiner.com\/fr\/#\/schema\/logo\/image\/\",\"url\":\"https:\/\/spmaskiner.com\/wp-content\/uploads\/2021\/03\/spmaskiner-logotyp.png\",\"contentUrl\":\"https:\/\/spmaskiner.com\/wp-content\/uploads\/2021\/03\/spmaskiner-logotyp.png\",\"width\":350,\"height\":65,\"caption\":\"SP Maskiner\"},\"image\":{\"@id\":\"https:\/\/spmaskiner.com\/fr\/#\/schema\/logo\/image\/\"}}]}<\/script>\n<!-- \/ Yoast SEO plugin. -->","yoast_head_json":{"title":"T\u00eates d\u2019abattage E - SP Maskiner","robots":{"index":"index","follow":"follow","max-snippet":"max-snippet:-1","max-image-preview":"max-image-preview:large","max-video-preview":"max-video-preview:-1"},"canonical":"https:\/\/spmaskiner.com\/fr\/tetes-dabattage\/tetes-dabattage-e\/","og_locale":"fr_FR","og_type":"article","og_title":"T\u00eates d\u2019abattage E - SP Maskiner","og_description":"T\u00eates d\u2019abattage E Les t\u00eates de la s\u00e9rie E sont con\u00e7ues pour une seule t\u00e2che : l\u2019abattage et l\u2019\u00e9cor\u00e7age efficaces des eucalyptus de plantation. Outre l\u2019\u00e9cor\u00e7age \u00e0 haute efficacit\u00e9, ces t\u00eates se caract\u00e9risent par leur conception robuste et bien prot\u00e9g\u00e9e avec un acheminement de tuyaux de classe mondiale. Gr\u00e2ce au syst\u00e8me LogHold de SP, aux [&hellip;]","og_url":"https:\/\/spmaskiner.com\/fr\/tetes-dabattage\/tetes-dabattage-e\/","og_site_name":"SP Maskiner","article_modified_time":"2021-09-27T07:56:46+00:00","og_image":[{"url":"https:\/\/spmaskiner.com\/wp-content\/uploads\/2021\/04\/sp661e-2.jpg","type":"","width":"","height":""}],"twitter_card":"summary_large_image","schema":{"@context":"https:\/\/schema.org","@graph":[{"@type":"WebPage","@id":"https:\/\/spmaskiner.com\/fr\/tetes-dabattage\/tetes-dabattage-e\/","url":"https:\/\/spmaskiner.com\/fr\/tetes-dabattage\/tetes-dabattage-e\/","name":"T\u00eates d\u2019abattage E - SP Maskiner","isPartOf":{"@id":"https:\/\/spmaskiner.com\/fr\/#website"},"primaryImageOfPage":{"@id":"https:\/\/spmaskiner.com\/fr\/tetes-dabattage\/tetes-dabattage-e\/#primaryimage"},"image":{"@id":"https:\/\/spmaskiner.com\/fr\/tetes-dabattage\/tetes-dabattage-e\/#primaryimage"},"thumbnailUrl":"https:\/\/spmaskiner.com\/wp-content\/uploads\/2021\/04\/sp661e-2.jpg","datePublished":"2021-04-09T12:04:30+00:00","dateModified":"2021-09-27T07:56:46+00:00","breadcrumb":{"@id":"https:\/\/spmaskiner.com\/fr\/tetes-dabattage\/tetes-dabattage-e\/#breadcrumb"},"inLanguage":"fr-FR","potentialAction":[{"@type":"ReadAction","target":["https:\/\/spmaskiner.com\/fr\/tetes-dabattage\/tetes-dabattage-e\/"]}]},{"@type":"ImageObject","inLanguage":"fr-FR","@id":"https:\/\/spmaskiner.com\/fr\/tetes-dabattage\/tetes-dabattage-e\/#primaryimage","url":"https:\/\/spmaskiner.com\/wp-content\/uploads\/2021\/04\/sp661e-2.jpg","contentUrl":"https:\/\/spmaskiner.com\/wp-content\/uploads\/2021\/04\/sp661e-2.jpg"},{"@type":"BreadcrumbList","@id":"https:\/\/spmaskiner.com\/fr\/tetes-dabattage\/tetes-dabattage-e\/#breadcrumb","itemListElement":[{"@type":"ListItem","position":1,"name":"Home","item":"https:\/\/spmaskiner.com\/fr\/"},{"@type":"ListItem","position":2,"name":"T\u00eates d\u2019abattage","item":"https:\/\/spmaskiner.com\/fr\/tetes-dabattage\/"},{"@type":"ListItem","position":3,"name":"T\u00eates d\u2019abattage E"}]},{"@type":"WebSite","@id":"https:\/\/spmaskiner.com\/fr\/#website","url":"https:\/\/spmaskiner.com\/fr\/","name":"SP Maskiner","description":"Always ahead","publisher":{"@id":"https:\/\/spmaskiner.com\/fr\/#organization"},"potentialAction":[{"@type":"SearchAction","target":{"@type":"EntryPoint","urlTemplate":"https:\/\/spmaskiner.com\/fr\/?s={search_term_string}"},"query-input":{"@type":"PropertyValueSpecification","valueRequired":true,"valueName":"search_term_string"}}],"inLanguage":"fr-FR"},{"@type":"Organization","@id":"https:\/\/spmaskiner.com\/fr\/#organization","name":"SP Maskiner","url":"https:\/\/spmaskiner.com\/fr\/","logo":{"@type":"ImageObject","inLanguage":"fr-FR","@id":"https:\/\/spmaskiner.com\/fr\/#\/schema\/logo\/image\/","url":"https:\/\/spmaskiner.com\/wp-content\/uploads\/2021\/03\/spmaskiner-logotyp.png","contentUrl":"https:\/\/spmaskiner.com\/wp-content\/uploads\/2021\/03\/spmaskiner-logotyp.png","width":350,"height":65,"caption":"SP Maskiner"},"image":{"@id":"https:\/\/spmaskiner.com\/fr\/#\/schema\/logo\/image\/"}}]}},"_links":{"self":[{"href":"https:\/\/spmaskiner.com\/fr\/wp-json\/wp\/v2\/pages\/5655","targetHints":{"allow":["GET"]}}],"collection":[{"href":"https:\/\/spmaskiner.com\/fr\/wp-json\/wp\/v2\/pages"}],"about":[{"href":"https:\/\/spmaskiner.com\/fr\/wp-json\/wp\/v2\/types\/page"}],"author":[{"embeddable":true,"href":"https:\/\/spmaskiner.com\/fr\/wp-json\/wp\/v2\/users\/1"}],"replies":[{"embeddable":true,"href":"https:\/\/spmaskiner.com\/fr\/wp-json\/wp\/v2\/comments?post=5655"}],"version-history":[{"count":0,"href":"https:\/\/spmaskiner.com\/fr\/wp-json\/wp\/v2\/pages\/5655\/revisions"}],"up":[{"embeddable":true,"href":"https:\/\/spmaskiner.com\/fr\/wp-json\/wp\/v2\/pages\/5648"}],"wp:attachment":[{"href":"https:\/\/spmaskiner.com\/fr\/wp-json\/wp\/v2\/media?parent=5655"}],"curies":[{"name":"wp","href":"https:\/\/api.w.org\/{rel}","templated":true}]}}