{"id":5850,"date":"2021-09-22T16:32:43","date_gmt":"2021-09-22T14:32:43","guid":{"rendered":"https:\/\/spmaskiner.com\/avantages-pour-les-clients\/mesure-de-la-longueur\/"},"modified":"2021-09-27T11:36:32","modified_gmt":"2021-09-27T09:36:32","slug":"mesure-de-la-longueur","status":"publish","type":"page","link":"https:\/\/spmaskiner.com\/fr\/avantages-pour-les-clients\/mesure-de-la-longueur\/","title":{"rendered":"Mesure de la longueur"},"content":{"rendered":"\t\t<div data-elementor-type=\"wp-page\" data-elementor-id=\"5850\" class=\"elementor elementor-5850 elementor-4221\" data-elementor-post-type=\"page\">\n\t\t\t\t\t\t<section class=\"elementor-section elementor-top-section elementor-element elementor-element-1f0e1330 elementor-section-boxed elementor-section-height-default elementor-section-height-default\" data-id=\"1f0e1330\" data-element_type=\"section\" data-e-type=\"section\">\n\t\t\t\t\t\t<div class=\"elementor-container elementor-column-gap-default\">\n\t\t\t\t\t<div class=\"elementor-column elementor-col-100 elementor-top-column elementor-element elementor-element-3b3196d7\" data-id=\"3b3196d7\" data-element_type=\"column\" data-e-type=\"column\">\n\t\t\t<div class=\"elementor-widget-wrap elementor-element-populated\">\n\t\t\t\t\t\t<div class=\"elementor-element elementor-element-2d4df7f6 elementor-widget elementor-widget-heading\" data-id=\"2d4df7f6\" data-element_type=\"widget\" data-e-type=\"widget\" data-widget_type=\"heading.default\">\n\t\t\t\t<div class=\"elementor-widget-container\">\n\t\t\t\t\t<h1 class=\"elementor-heading-title elementor-size-default\">Mesure de la longueur<\/h1>\t\t\t\t<\/div>\n\t\t\t\t<\/div>\n\t\t\t\t<div class=\"elementor-element elementor-element-439bc2a3 elementor-widget elementor-widget-text-editor\" data-id=\"439bc2a3\" data-element_type=\"widget\" data-e-type=\"widget\" data-widget_type=\"text-editor.default\">\n\t\t\t\t<div class=\"elementor-widget-container\">\n\t\t\t\t\t\t\t\t\t<h2>Unit\u00e9 de mesure de la longueur fiable offrant une excellente disponibilit\u00e9 et un entretien minimal<\/h2>\n<p>Gr\u00e2ce \u00e0 sa conception unique, l\u2019unit\u00e9 de mesure de la longueur mont\u00e9e sur les t\u00eates SP offre une fiabilit\u00e9, une disponibilit\u00e9 et une pr\u00e9cision exceptionnelles. Le syst\u00e8me hydraulique est con\u00e7u pour g\u00e9rer des mouvements et changements de direction tr\u00e8s rapides et la roue de mesure reste donc toujours en contact avec la tige. Associ\u00e9 \u00e0 la haute r\u00e9solution du capteur, ce syst\u00e8me permet de prendre des mesures correctes et de les transmettre au sein du syst\u00e8me. Des roulements solides et robustes, un acheminement int\u00e9gr\u00e9 unique des c\u00e2bles et un capteur sans contact m\u00e9canique assurent une haute fiabilit\u00e9 et une excellente disponibilit\u00e9, m\u00eame dans les conditions les plus exigeantes.<\/p>\n<p>Quelle que soit l\u2019esp\u00e8ce d\u2019arbre, la mesure peut \u00eatre optimis\u00e9e \u00e0 l\u2019aide de diff\u00e9rentes options de profil et de largeur de la roue de mesure, dont le grand diam\u00e8tre garantit un contact optimal avec la tige pendant toute l\u2019op\u00e9ration. On profite ainsi d\u2019une fiabilit\u00e9 maximale lors de la p\u00e9n\u00e9tration dans diff\u00e9rentes structures d\u2019\u00e9corce ainsi que d\u2019\u00e9carts minimaux, m\u00eame si la temp\u00e9rature est tr\u00e8s haute ou tr\u00e8s basse. Pendant tout le processus, l\u2019unit\u00e9 de mesure de la longueur est comprim\u00e9e contre la tige par un v\u00e9rin hydraulique puissant et rapide, ce qui permet d\u2019obtenir d\u2019excellentes mesures de la longueur, m\u00eame sur des tiges tordues et in\u00e9gales. Lorsque la roue de mesure finit par \u00eatre us\u00e9e et doit \u00eatre remplac\u00e9e, la conception tr\u00e8s conviviale permet un remplacement rapide et facile.<\/p>\n\t\t\t\t\t\t\t\t<\/div>\n\t\t\t\t<\/div>\n\t\t\t\t<div class=\"elementor-element elementor-element-7fabeb9 elementor-icon-list--layout-inline elementor-align-end elementor-list-item-link-full_width elementor-widget elementor-widget-icon-list\" data-id=\"7fabeb9\" data-element_type=\"widget\" data-e-type=\"widget\" data-widget_type=\"icon-list.default\">\n\t\t\t\t<div class=\"elementor-widget-container\">\n\t\t\t\t\t\t\t<ul class=\"elementor-icon-list-items elementor-inline-items\">\n\t\t\t\t\t\t\t<li class=\"elementor-icon-list-item elementor-inline-item\">\n\t\t\t\t\t\t\t\t\t\t\t<a href=\"https:\/\/spmaskiner.com\/wp-content\/uploads\/2021\/09\/LengthMeasuring_FR-1.pdf\">\n\n\t\t\t\t\t\t\t\t\t\t\t\t<span class=\"elementor-icon-list-icon\">\n\t\t\t\t\t\t\t<i aria-hidden=\"true\" class=\"fas fa-file-pdf\"><\/i>\t\t\t\t\t\t<\/span>\n\t\t\t\t\t\t\t\t\t\t<span class=\"elementor-icon-list-text\">Brochure Mesure de la longueur (PDF)<\/span>\n\t\t\t\t\t\t\t\t\t\t\t<\/a>\n\t\t\t\t\t\t\t\t\t<\/li>\n\t\t\t\t\t\t<\/ul>\n\t\t\t\t\t\t<\/div>\n\t\t\t\t<\/div>\n\t\t\t\t<section class=\"elementor-section elementor-inner-section elementor-element elementor-element-6a7542ef elementor-section-boxed elementor-section-height-default elementor-section-height-default\" data-id=\"6a7542ef\" data-element_type=\"section\" data-e-type=\"section\">\n\t\t\t\t\t\t<div class=\"elementor-container elementor-column-gap-default\">\n\t\t\t\t\t<div class=\"elementor-column elementor-col-50 elementor-inner-column elementor-element elementor-element-35292250\" data-id=\"35292250\" data-element_type=\"column\" data-e-type=\"column\">\n\t\t\t<div class=\"elementor-widget-wrap elementor-element-populated\">\n\t\t\t\t\t\t<div class=\"elementor-element elementor-element-4e47f9b elementor-widget elementor-widget-image\" data-id=\"4e47f9b\" data-element_type=\"widget\" data-e-type=\"widget\" data-widget_type=\"image.default\">\n\t\t\t\t<div class=\"elementor-widget-container\">\n\t\t\t\t\t\t\t\t\t\t\t\t\t\t\t<img loading=\"lazy\" decoding=\"async\" width=\"816\" height=\"1024\" src=\"https:\/\/spmaskiner.com\/wp-content\/uploads\/2021\/06\/langdmatning-mathjul-816x1024.png\" class=\"attachment-large size-large wp-image-6664\" alt=\"\" srcset=\"https:\/\/spmaskiner.com\/wp-content\/uploads\/2021\/06\/langdmatning-mathjul-816x1024.png 816w, https:\/\/spmaskiner.com\/wp-content\/uploads\/2021\/06\/langdmatning-mathjul-239x300.png 239w, https:\/\/spmaskiner.com\/wp-content\/uploads\/2021\/06\/langdmatning-mathjul-768x964.png 768w, https:\/\/spmaskiner.com\/wp-content\/uploads\/2021\/06\/langdmatning-mathjul.png 1045w\" sizes=\"auto, (max-width: 816px) 100vw, 816px\" \/>\t\t\t\t\t\t\t\t\t\t\t\t\t\t\t<\/div>\n\t\t\t\t<\/div>\n\t\t\t\t\t<\/div>\n\t\t<\/div>\n\t\t\t\t<div class=\"elementor-column elementor-col-50 elementor-inner-column elementor-element elementor-element-5f75fc1\" data-id=\"5f75fc1\" data-element_type=\"column\" data-e-type=\"column\">\n\t\t\t<div class=\"elementor-widget-wrap elementor-element-populated\">\n\t\t\t\t\t\t<div class=\"elementor-element elementor-element-c4e0e65 elementor-widget elementor-widget-text-editor\" data-id=\"c4e0e65\" data-element_type=\"widget\" data-e-type=\"widget\" data-widget_type=\"text-editor.default\">\n\t\t\t\t<div class=\"elementor-widget-container\">\n\t\t\t\t\t\t\t\t\t<p><span style=\"color: #ff0000;\"><em><strong>L\u2019unit\u00e9 de mesure de la longueur<\/strong><\/em><\/span> est actionn\u00e9e par un v\u00e9rin hydraulique tr\u00e8s bien prot\u00e9g\u00e9 et des tuyaux encapsul\u00e9s. La roue de mesure peut donc \u00eatre r\u00e9tract\u00e9e en position prot\u00e9g\u00e9e lorsque la t\u00eate est ouverte.<\/p>\n<p><span style=\"color: #ff0000;\"><em><strong>La roue de mesure<\/strong><\/em><\/span> est \u00e9quip\u00e9e de roulements tr\u00e8s robustes et auto-lubrifiants offrant une dur\u00e9e de service optimale et ne requ\u00e9rant que tr\u00e8s peu d\u2019entretien. Les roulements robustes sont suffisamment grands pour r\u00e9sister aux forces lat\u00e9rales tr\u00e8s \u00e9lev\u00e9es g\u00e9n\u00e9r\u00e9es, par exemple, pendant le fa\u00e7onnage multi-arbres et lors de l\u2019abattage d\u2019arbres feuillus tordus.<\/p>\n<p><span style=\"color: #ff0000;\"><em><strong>Le bras de mesure de la longueur <\/strong><\/em><\/span> comporte un roulement tr\u00e8s solide et robuste contre le cadre afin de maximiser la dur\u00e9e de service. Ceci permet \u00e9galement au bras de mesure de pr\u00e9senter des mouvements tr\u00e8s stables, sans aucun jeu, pour assurer une pr\u00e9cision de mesure optimale.<\/p>\n<p><span style=\"color: #ff0000;\"><em><strong>Les t\u00eates de plus grande taille,<\/strong><\/em><\/span>les SP661LF et SP761LF, sont souvent mont\u00e9es sur de puissants porteurs pour travailler dans des environnements difficiles avec des arbres de grand diam\u00e8tre. Elles pr\u00e9sentent un acheminement de c\u00e2bles unique et enti\u00e8rement prot\u00e9g\u00e9 vers le capteur de mesure de la longueur. Les c\u00e2bles \u00e9tant enti\u00e8rement int\u00e9gr\u00e9s dans le cadre et dans le bras de mesure de la longueur, ils restent toujours parfaitement prot\u00e9g\u00e9s contre les forces externes. Ceci permet de profiter d\u2019une fiabilit\u00e9 maximale, m\u00eame dans les conditions les plus difficiles.<\/p>\n<p><span style=\"color: #ff0000;\"><em><strong>Le capteur de mesure de la longueur<\/strong><\/em><\/span> est enti\u00e8rement sans contact, sans aucune liaison m\u00e9canique avec la roue de mesure. Il ne comporte aucune pi\u00e8ce mobile et aucun composant \u00e9lectronique ouvert, ce qui permet d\u2019optimiser la fiabilit\u00e9 et la dur\u00e9e de service.<\/p>\n\t\t\t\t\t\t\t\t<\/div>\n\t\t\t\t<\/div>\n\t\t\t\t\t<\/div>\n\t\t<\/div>\n\t\t\t\t\t<\/div>\n\t\t<\/section>\n\t\t\t\t\t<\/div>\n\t\t<\/div>\n\t\t\t\t\t<\/div>\n\t\t<\/section>\n\t\t\t\t<\/div>\n\t\t","protected":false},"excerpt":{"rendered":"<p>Mesure de la longueur Unit\u00e9 de mesure de la longueur fiable offrant une excellente disponibilit\u00e9 et un entretien minimal Gr\u00e2ce \u00e0 sa conception unique, l\u2019unit\u00e9 de mesure de la longueur mont\u00e9e sur les t\u00eates SP offre une fiabilit\u00e9, une disponibilit\u00e9 et une pr\u00e9cision exceptionnelles. Le syst\u00e8me hydraulique est con\u00e7u pour g\u00e9rer des mouvements et changements [&hellip;]<\/p>\n","protected":false},"author":1,"featured_media":0,"parent":5840,"menu_order":180,"comment_status":"closed","ping_status":"closed","template":"","meta":{"_acf_changed":false,"site-sidebar-layout":"no-sidebar","site-content-layout":"page-builder","ast-site-content-layout":"default","site-content-style":"default","site-sidebar-style":"default","ast-global-header-display":"","ast-banner-title-visibility":"","ast-main-header-display":"","ast-hfb-above-header-display":"","ast-hfb-below-header-display":"","ast-hfb-mobile-header-display":"","site-post-title":"disabled","ast-breadcrumbs-content":"","ast-featured-img":"disabled","footer-sml-layout":"","ast-disable-related-posts":"","theme-transparent-header-meta":"default","adv-header-id-meta":"","stick-header-meta":"","header-above-stick-meta":"","header-main-stick-meta":"","header-below-stick-meta":"","astra-migrate-meta-layouts":"default","ast-page-background-enabled":"default","ast-page-background-meta":{"desktop":{"background-color":"","background-image":"","background-repeat":"repeat","background-position":"center center","background-size":"auto","background-attachment":"scroll","background-type":"","background-media":"","overlay-type":"","overlay-color":"","overlay-opacity":"","overlay-gradient":""},"tablet":{"background-color":"","background-image":"","background-repeat":"repeat","background-position":"center center","background-size":"auto","background-attachment":"scroll","background-type":"","background-media":"","overlay-type":"","overlay-color":"","overlay-opacity":"","overlay-gradient":""},"mobile":{"background-color":"","background-image":"","background-repeat":"repeat","background-position":"center center","background-size":"auto","background-attachment":"scroll","background-type":"","background-media":"","overlay-type":"","overlay-color":"","overlay-opacity":"","overlay-gradient":""}},"ast-content-background-meta":{"desktop":{"background-color":"var(--ast-global-color-5)","background-image":"","background-repeat":"repeat","background-position":"center center","background-size":"auto","background-attachment":"scroll","background-type":"","background-media":"","overlay-type":"","overlay-color":"","overlay-opacity":"","overlay-gradient":""},"tablet":{"background-color":"var(--ast-global-color-5)","background-image":"","background-repeat":"repeat","background-position":"center center","background-size":"auto","background-attachment":"scroll","background-type":"","background-media":"","overlay-type":"","overlay-color":"","overlay-opacity":"","overlay-gradient":""},"mobile":{"background-color":"var(--ast-global-color-5)","background-image":"","background-repeat":"repeat","background-position":"center center","background-size":"auto","background-attachment":"scroll","background-type":"","background-media":"","overlay-type":"","overlay-color":"","overlay-opacity":"","overlay-gradient":""}},"footnotes":""},"class_list":["post-5850","page","type-page","status-publish","hentry"],"acf":[],"yoast_head":"<!-- This site is optimized with the Yoast SEO plugin v26.9 - https:\/\/yoast.com\/product\/yoast-seo-wordpress\/ -->\n<title>Mesure de la longueur - SP Maskiner<\/title>\n<meta name=\"robots\" content=\"index, follow, max-snippet:-1, max-image-preview:large, max-video-preview:-1\" \/>\n<link rel=\"canonical\" href=\"https:\/\/spmaskiner.com\/fr\/avantages-pour-les-clients\/mesure-de-la-longueur\/\" \/>\n<meta property=\"og:locale\" content=\"fr_FR\" \/>\n<meta property=\"og:type\" content=\"article\" \/>\n<meta property=\"og:title\" content=\"Mesure de la longueur - SP Maskiner\" \/>\n<meta property=\"og:description\" content=\"Mesure de la longueur Unit\u00e9 de mesure de la longueur fiable offrant une excellente disponibilit\u00e9 et un entretien minimal Gr\u00e2ce \u00e0 sa conception unique, l\u2019unit\u00e9 de mesure de la longueur mont\u00e9e sur les t\u00eates SP offre une fiabilit\u00e9, une disponibilit\u00e9 et une pr\u00e9cision exceptionnelles. Le syst\u00e8me hydraulique est con\u00e7u pour g\u00e9rer des mouvements et changements [&hellip;]\" \/>\n<meta property=\"og:url\" content=\"https:\/\/spmaskiner.com\/fr\/avantages-pour-les-clients\/mesure-de-la-longueur\/\" \/>\n<meta property=\"og:site_name\" content=\"SP Maskiner\" \/>\n<meta property=\"article:modified_time\" content=\"2021-09-27T09:36:32+00:00\" \/>\n<meta property=\"og:image\" content=\"https:\/\/spmaskiner.com\/wp-content\/uploads\/2021\/06\/langdmatning-mathjul-816x1024.png\" \/>\n<meta name=\"twitter:card\" content=\"summary_large_image\" \/>\n<script type=\"application\/ld+json\" class=\"yoast-schema-graph\">{\"@context\":\"https:\/\/schema.org\",\"@graph\":[{\"@type\":\"WebPage\",\"@id\":\"https:\/\/spmaskiner.com\/fr\/avantages-pour-les-clients\/mesure-de-la-longueur\/\",\"url\":\"https:\/\/spmaskiner.com\/fr\/avantages-pour-les-clients\/mesure-de-la-longueur\/\",\"name\":\"Mesure de la longueur - SP Maskiner\",\"isPartOf\":{\"@id\":\"https:\/\/spmaskiner.com\/fr\/#website\"},\"primaryImageOfPage\":{\"@id\":\"https:\/\/spmaskiner.com\/fr\/avantages-pour-les-clients\/mesure-de-la-longueur\/#primaryimage\"},\"image\":{\"@id\":\"https:\/\/spmaskiner.com\/fr\/avantages-pour-les-clients\/mesure-de-la-longueur\/#primaryimage\"},\"thumbnailUrl\":\"https:\/\/spmaskiner.com\/wp-content\/uploads\/2021\/06\/langdmatning-mathjul-816x1024.png\",\"datePublished\":\"2021-09-22T14:32:43+00:00\",\"dateModified\":\"2021-09-27T09:36:32+00:00\",\"breadcrumb\":{\"@id\":\"https:\/\/spmaskiner.com\/fr\/avantages-pour-les-clients\/mesure-de-la-longueur\/#breadcrumb\"},\"inLanguage\":\"fr-FR\",\"potentialAction\":[{\"@type\":\"ReadAction\",\"target\":[\"https:\/\/spmaskiner.com\/fr\/avantages-pour-les-clients\/mesure-de-la-longueur\/\"]}]},{\"@type\":\"ImageObject\",\"inLanguage\":\"fr-FR\",\"@id\":\"https:\/\/spmaskiner.com\/fr\/avantages-pour-les-clients\/mesure-de-la-longueur\/#primaryimage\",\"url\":\"https:\/\/spmaskiner.com\/wp-content\/uploads\/2021\/06\/langdmatning-mathjul-816x1024.png\",\"contentUrl\":\"https:\/\/spmaskiner.com\/wp-content\/uploads\/2021\/06\/langdmatning-mathjul-816x1024.png\"},{\"@type\":\"BreadcrumbList\",\"@id\":\"https:\/\/spmaskiner.com\/fr\/avantages-pour-les-clients\/mesure-de-la-longueur\/#breadcrumb\",\"itemListElement\":[{\"@type\":\"ListItem\",\"position\":1,\"name\":\"Home\",\"item\":\"https:\/\/spmaskiner.com\/fr\/\"},{\"@type\":\"ListItem\",\"position\":2,\"name\":\"Avantages pour les clients\",\"item\":\"https:\/\/spmaskiner.com\/fr\/customer-benefits\/\"},{\"@type\":\"ListItem\",\"position\":3,\"name\":\"Mesure de la longueur\"}]},{\"@type\":\"WebSite\",\"@id\":\"https:\/\/spmaskiner.com\/fr\/#website\",\"url\":\"https:\/\/spmaskiner.com\/fr\/\",\"name\":\"SP Maskiner\",\"description\":\"Always ahead\",\"publisher\":{\"@id\":\"https:\/\/spmaskiner.com\/fr\/#organization\"},\"potentialAction\":[{\"@type\":\"SearchAction\",\"target\":{\"@type\":\"EntryPoint\",\"urlTemplate\":\"https:\/\/spmaskiner.com\/fr\/?s={search_term_string}\"},\"query-input\":{\"@type\":\"PropertyValueSpecification\",\"valueRequired\":true,\"valueName\":\"search_term_string\"}}],\"inLanguage\":\"fr-FR\"},{\"@type\":\"Organization\",\"@id\":\"https:\/\/spmaskiner.com\/fr\/#organization\",\"name\":\"SP Maskiner\",\"url\":\"https:\/\/spmaskiner.com\/fr\/\",\"logo\":{\"@type\":\"ImageObject\",\"inLanguage\":\"fr-FR\",\"@id\":\"https:\/\/spmaskiner.com\/fr\/#\/schema\/logo\/image\/\",\"url\":\"https:\/\/spmaskiner.com\/wp-content\/uploads\/2021\/03\/spmaskiner-logotyp.png\",\"contentUrl\":\"https:\/\/spmaskiner.com\/wp-content\/uploads\/2021\/03\/spmaskiner-logotyp.png\",\"width\":350,\"height\":65,\"caption\":\"SP Maskiner\"},\"image\":{\"@id\":\"https:\/\/spmaskiner.com\/fr\/#\/schema\/logo\/image\/\"}}]}<\/script>\n<!-- \/ Yoast SEO plugin. -->","yoast_head_json":{"title":"Mesure de la longueur - SP Maskiner","robots":{"index":"index","follow":"follow","max-snippet":"max-snippet:-1","max-image-preview":"max-image-preview:large","max-video-preview":"max-video-preview:-1"},"canonical":"https:\/\/spmaskiner.com\/fr\/avantages-pour-les-clients\/mesure-de-la-longueur\/","og_locale":"fr_FR","og_type":"article","og_title":"Mesure de la longueur - SP Maskiner","og_description":"Mesure de la longueur Unit\u00e9 de mesure de la longueur fiable offrant une excellente disponibilit\u00e9 et un entretien minimal Gr\u00e2ce \u00e0 sa conception unique, l\u2019unit\u00e9 de mesure de la longueur mont\u00e9e sur les t\u00eates SP offre une fiabilit\u00e9, une disponibilit\u00e9 et une pr\u00e9cision exceptionnelles. Le syst\u00e8me hydraulique est con\u00e7u pour g\u00e9rer des mouvements et changements [&hellip;]","og_url":"https:\/\/spmaskiner.com\/fr\/avantages-pour-les-clients\/mesure-de-la-longueur\/","og_site_name":"SP Maskiner","article_modified_time":"2021-09-27T09:36:32+00:00","og_image":[{"url":"https:\/\/spmaskiner.com\/wp-content\/uploads\/2021\/06\/langdmatning-mathjul-816x1024.png","type":"","width":"","height":""}],"twitter_card":"summary_large_image","schema":{"@context":"https:\/\/schema.org","@graph":[{"@type":"WebPage","@id":"https:\/\/spmaskiner.com\/fr\/avantages-pour-les-clients\/mesure-de-la-longueur\/","url":"https:\/\/spmaskiner.com\/fr\/avantages-pour-les-clients\/mesure-de-la-longueur\/","name":"Mesure de la longueur - SP Maskiner","isPartOf":{"@id":"https:\/\/spmaskiner.com\/fr\/#website"},"primaryImageOfPage":{"@id":"https:\/\/spmaskiner.com\/fr\/avantages-pour-les-clients\/mesure-de-la-longueur\/#primaryimage"},"image":{"@id":"https:\/\/spmaskiner.com\/fr\/avantages-pour-les-clients\/mesure-de-la-longueur\/#primaryimage"},"thumbnailUrl":"https:\/\/spmaskiner.com\/wp-content\/uploads\/2021\/06\/langdmatning-mathjul-816x1024.png","datePublished":"2021-09-22T14:32:43+00:00","dateModified":"2021-09-27T09:36:32+00:00","breadcrumb":{"@id":"https:\/\/spmaskiner.com\/fr\/avantages-pour-les-clients\/mesure-de-la-longueur\/#breadcrumb"},"inLanguage":"fr-FR","potentialAction":[{"@type":"ReadAction","target":["https:\/\/spmaskiner.com\/fr\/avantages-pour-les-clients\/mesure-de-la-longueur\/"]}]},{"@type":"ImageObject","inLanguage":"fr-FR","@id":"https:\/\/spmaskiner.com\/fr\/avantages-pour-les-clients\/mesure-de-la-longueur\/#primaryimage","url":"https:\/\/spmaskiner.com\/wp-content\/uploads\/2021\/06\/langdmatning-mathjul-816x1024.png","contentUrl":"https:\/\/spmaskiner.com\/wp-content\/uploads\/2021\/06\/langdmatning-mathjul-816x1024.png"},{"@type":"BreadcrumbList","@id":"https:\/\/spmaskiner.com\/fr\/avantages-pour-les-clients\/mesure-de-la-longueur\/#breadcrumb","itemListElement":[{"@type":"ListItem","position":1,"name":"Home","item":"https:\/\/spmaskiner.com\/fr\/"},{"@type":"ListItem","position":2,"name":"Avantages pour les clients","item":"https:\/\/spmaskiner.com\/fr\/customer-benefits\/"},{"@type":"ListItem","position":3,"name":"Mesure de la longueur"}]},{"@type":"WebSite","@id":"https:\/\/spmaskiner.com\/fr\/#website","url":"https:\/\/spmaskiner.com\/fr\/","name":"SP Maskiner","description":"Always ahead","publisher":{"@id":"https:\/\/spmaskiner.com\/fr\/#organization"},"potentialAction":[{"@type":"SearchAction","target":{"@type":"EntryPoint","urlTemplate":"https:\/\/spmaskiner.com\/fr\/?s={search_term_string}"},"query-input":{"@type":"PropertyValueSpecification","valueRequired":true,"valueName":"search_term_string"}}],"inLanguage":"fr-FR"},{"@type":"Organization","@id":"https:\/\/spmaskiner.com\/fr\/#organization","name":"SP Maskiner","url":"https:\/\/spmaskiner.com\/fr\/","logo":{"@type":"ImageObject","inLanguage":"fr-FR","@id":"https:\/\/spmaskiner.com\/fr\/#\/schema\/logo\/image\/","url":"https:\/\/spmaskiner.com\/wp-content\/uploads\/2021\/03\/spmaskiner-logotyp.png","contentUrl":"https:\/\/spmaskiner.com\/wp-content\/uploads\/2021\/03\/spmaskiner-logotyp.png","width":350,"height":65,"caption":"SP Maskiner"},"image":{"@id":"https:\/\/spmaskiner.com\/fr\/#\/schema\/logo\/image\/"}}]}},"_links":{"self":[{"href":"https:\/\/spmaskiner.com\/fr\/wp-json\/wp\/v2\/pages\/5850","targetHints":{"allow":["GET"]}}],"collection":[{"href":"https:\/\/spmaskiner.com\/fr\/wp-json\/wp\/v2\/pages"}],"about":[{"href":"https:\/\/spmaskiner.com\/fr\/wp-json\/wp\/v2\/types\/page"}],"author":[{"embeddable":true,"href":"https:\/\/spmaskiner.com\/fr\/wp-json\/wp\/v2\/users\/1"}],"replies":[{"embeddable":true,"href":"https:\/\/spmaskiner.com\/fr\/wp-json\/wp\/v2\/comments?post=5850"}],"version-history":[{"count":0,"href":"https:\/\/spmaskiner.com\/fr\/wp-json\/wp\/v2\/pages\/5850\/revisions"}],"up":[{"embeddable":true,"href":"https:\/\/spmaskiner.com\/fr\/wp-json\/wp\/v2\/pages\/5840"}],"wp:attachment":[{"href":"https:\/\/spmaskiner.com\/fr\/wp-json\/wp\/v2\/media?parent=5850"}],"curies":[{"name":"wp","href":"https:\/\/api.w.org\/{rel}","templated":true}]}}