{"id":5893,"date":"2021-03-25T10:10:29","date_gmt":"2021-03-25T09:10:29","guid":{"rendered":"https:\/\/spmaskiner.com\/a-propos-de-lentreprise\/a-propos-de-lentreprise\/"},"modified":"2021-10-18T10:42:08","modified_gmt":"2021-10-18T08:42:08","slug":"a-propos-de-lentreprise","status":"publish","type":"page","link":"https:\/\/spmaskiner.com\/fr\/a-propos-de-lentreprise\/a-propos-de-lentreprise\/","title":{"rendered":"\u00c0 propos de l\u2019entreprise"},"content":{"rendered":"\t\t<div data-elementor-type=\"wp-page\" data-elementor-id=\"5893\" class=\"elementor elementor-5893 elementor-1499\" data-elementor-post-type=\"page\">\n\t\t\t\t\t\t<section class=\"elementor-section elementor-top-section elementor-element elementor-element-38057d05 elementor-section-content-top elementor-section-boxed elementor-section-height-default elementor-section-height-default\" data-id=\"38057d05\" data-element_type=\"section\" data-e-type=\"section\">\n\t\t\t\t\t\t<div class=\"elementor-container elementor-column-gap-no\">\n\t\t\t\t\t<nav class=\"elementor-column elementor-col-50 elementor-top-column elementor-element elementor-element-33112c16 elementor-hidden-tablet elementor-hidden-phone elementor-invisible\" data-id=\"33112c16\" data-element_type=\"column\" data-e-type=\"column\" id=\"news-block\" data-settings=\"{&quot;animation&quot;:&quot;fadeIn&quot;}\">\n\t\t\t<div class=\"elementor-widget-wrap elementor-element-populated\">\n\t\t\t\t\t\t\t<\/div>\n\t\t<\/nav>\n\t\t\t\t<article class=\"elementor-column elementor-col-50 elementor-top-column elementor-element elementor-element-1574c4e1\" data-id=\"1574c4e1\" data-element_type=\"column\" data-e-type=\"column\">\n\t\t\t<div class=\"elementor-widget-wrap elementor-element-populated\">\n\t\t\t\t\t\t<div class=\"elementor-element elementor-element-19c89396 elementor-widget elementor-widget-heading\" data-id=\"19c89396\" data-element_type=\"widget\" data-e-type=\"widget\" data-widget_type=\"heading.default\">\n\t\t\t\t<div class=\"elementor-widget-container\">\n\t\t\t\t\t<h1 class=\"elementor-heading-title elementor-size-default\">\u00c0 propos de l\u2019entreprise<\/h1>\t\t\t\t<\/div>\n\t\t\t\t<\/div>\n\t\t\t\t<div class=\"elementor-element elementor-element-722aa59 elementor-widget elementor-widget-image\" data-id=\"722aa59\" data-element_type=\"widget\" data-e-type=\"widget\" data-widget_type=\"image.default\">\n\t\t\t\t<div class=\"elementor-widget-container\">\n\t\t\t\t\t\t\t\t\t\t\t\t\t\t\t<img loading=\"lazy\" decoding=\"async\" width=\"1024\" height=\"533\" src=\"https:\/\/spmaskiner.com\/wp-content\/uploads\/2021\/04\/sp661lf-landing-1-1024x533.jpg\" class=\"attachment-large size-large wp-image-5733\" alt=\"\" srcset=\"https:\/\/spmaskiner.com\/wp-content\/uploads\/2021\/04\/sp661lf-landing-1-1024x533.jpg 1024w, https:\/\/spmaskiner.com\/wp-content\/uploads\/2021\/04\/sp661lf-landing-1-300x156.jpg 300w, https:\/\/spmaskiner.com\/wp-content\/uploads\/2021\/04\/sp661lf-landing-1-768x400.jpg 768w, https:\/\/spmaskiner.com\/wp-content\/uploads\/2021\/04\/sp661lf-landing-1-1536x800.jpg 1536w, https:\/\/spmaskiner.com\/wp-content\/uploads\/2021\/04\/sp661lf-landing-1.jpg 1920w\" sizes=\"auto, (max-width: 1024px) 100vw, 1024px\" \/>\t\t\t\t\t\t\t\t\t\t\t\t\t\t\t<\/div>\n\t\t\t\t<\/div>\n\t\t\t\t<div class=\"elementor-element elementor-element-6a7aba9 elementor-widget elementor-widget-text-editor\" data-id=\"6a7aba9\" data-element_type=\"widget\" data-e-type=\"widget\" data-widget_type=\"text-editor.default\">\n\t\t\t\t<div class=\"elementor-widget-container\">\n\t\t\t\t\t\t\t\t\t<p>SP Maskiner est un fournisseur leader mondial de t\u00eates d\u2019abattage de fabrication su\u00e9doise. Notre concept est de proposer des t\u00eates d\u2019abattage qui s\u2019installent sur les abatteuses de toutes marques et de tous mod\u00e8les. Les t\u00eates d\u2019abattage SP Maskiner vous offrent ainsi de plus amples opportunit\u00e9s pour optimiser les travaux d\u2019abattage et coupes d\u2019\u00e9claircie.<\/p>\n<p>L\u2019entreprise SP est n\u00e9e en 1978, dans le petit village de Lillarp, au c\u0153ur des for\u00eats du sud de la Su\u00e8de. En 1980, SP Maskiner a produit la toute premi\u00e8re t\u00eate d\u2019abattage-\u00e9branchage \u00e0 prise unique au monde, la SP21, qui a r\u00e9volutionn\u00e9 la sylviculture professionnelle.<\/p>\n<p>SP Maskiner est aujourd\u2019hui une marque internationale r\u00e9put\u00e9e, avec des distributeurs dans le monde entier. Notre force r\u00e9side dans une gamme de produits modernes et notre \u00e9coute du client. Notre gamme couvre tous les types et conditions d\u2019abattage, de la premi\u00e8re \u00e9claircie \u00e0 l\u2019abattage final, ainsi que la r\u00e9colte de bois \u00e9nergie et d\u2019eucalyptus.<\/p>\n<p>Forts d\u2019une longue exp\u00e9rience dans le secteur, nous sommes sensibles aux besoins de nos clients. Marque mondiale, nous tenons n\u00e9anmoins \u00e0 conserver notre qualit\u00e9 su\u00e9doise et notre proximit\u00e9 avec le client. Nous travaillons en permanence en lien \u00e9troit avec nos clients et essayons toujours de satisfaire leurs besoins.<\/p>\n<p>Fid\u00e8les \u00e0 notre devise \u00ab Always ahead \u00bb (Toujours en t\u00eate), nous d\u00e9veloppons constamment notre gamme et restons \u00e0 la pointe des \u00e9volutions techniques dans notre segment. Nous nous effor\u00e7ons toujours de porter la technologie et l\u2019efficacit\u00e9 \u00e0 un niveau sup\u00e9rieur, afin de r\u00e9pondre aux exigences futures de l\u2019exploitation foresti\u00e8re. Nous sommes anim\u00e9s par le d\u00e9sir de cr\u00e9er de nouvelles solutions et innovations pour vous, notre client, aujourd\u2019hui comme \u00e0 l\u2019avenir.<\/p>\n\t\t\t\t\t\t\t\t<\/div>\n\t\t\t\t<\/div>\n\t\t\t\t<section class=\"elementor-section elementor-inner-section elementor-element elementor-element-8be5ea1 elementor-section-boxed elementor-section-height-default elementor-section-height-default\" data-id=\"8be5ea1\" data-element_type=\"section\" data-e-type=\"section\" data-settings=\"{&quot;background_background&quot;:&quot;classic&quot;}\">\n\t\t\t\t\t\t<div class=\"elementor-container elementor-column-gap-default\">\n\t\t\t\t\t<div class=\"elementor-column elementor-col-100 elementor-inner-column elementor-element elementor-element-21fd36d\" data-id=\"21fd36d\" data-element_type=\"column\" data-e-type=\"column\">\n\t\t\t<div class=\"elementor-widget-wrap elementor-element-populated\">\n\t\t\t\t\t\t<div class=\"elementor-element elementor-element-fa06b94 elementor-widget elementor-widget-heading\" data-id=\"fa06b94\" data-element_type=\"widget\" data-e-type=\"widget\" data-widget_type=\"heading.default\">\n\t\t\t\t<div class=\"elementor-widget-container\">\n\t\t\t\t\t<h2 class=\"elementor-heading-title elementor-size-default\">Always Ahead - Toujours en t\u00eate<\/h2>\t\t\t\t<\/div>\n\t\t\t\t<\/div>\n\t\t\t\t<div class=\"elementor-element elementor-element-181e262 elementor-widget elementor-widget-text-editor\" data-id=\"181e262\" data-element_type=\"widget\" data-e-type=\"widget\" data-widget_type=\"text-editor.default\">\n\t\t\t\t<div class=\"elementor-widget-container\">\n\t\t\t\t\t\t\t\t\t<p>\u00ab Always ahead \u00bb est notre devise. Et c\u2019est aussi bien plus que cela. Pour SP Maskiner, elle repr\u00e9sente notre volont\u00e9 d\u2019\u00eatre toujours leader pour offrir ce qui se fait de mieux, que ce soit nos produits, nos solutions techniques ou la fa\u00e7on dont nous traitons et soutenons nos clients.<\/p>\n<p>Quand vous choisissez SP, nous nous concentrons sur le m\u00eame objectif : vous fournir une t\u00eate d\u2019abattage de premi\u00e8re classe \u2013 et vous garantir tout \u00e0 la fois performances et productivit\u00e9, fiabilit\u00e9 op\u00e9rationnelle et qualit\u00e9. Nous avons plus de 40 ann\u00e9es d\u2019exp\u00e9rience dans la conception et la fabrication de t\u00eates d\u2019abattage et nous savons ce qu\u2019il faut faire pour fournir \u00e0 nos clients le meilleur \u00e9quipement et le meilleur support. Nous entendons d\u00e9passer vos attentes et vous assurer les meilleures conditions possibles pour vous maintenir TOUJOURS EN T\u00caTE.<\/p>\n<p>Nous sommes fiers de nos produits et cela se remarque, notamment dans la rigueur avec laquelle notre \u00e9quipe de d\u00e9veloppement analyse et teste de nouveaux composants et mat\u00e9riaux avant de les approuver. Mais aussi dans la qualit\u00e9 de fabrication, soudage et assemblage de nos t\u00eates d\u2019abattage. Et cela se voit chez tous nos salari\u00e9s qui font en sorte de nous maintenir TOUJOURS EN T\u00caTE pour vous donner, tout simplement, le meilleur.<\/p>\n\t\t\t\t\t\t\t\t<\/div>\n\t\t\t\t<\/div>\n\t\t\t\t\t<\/div>\n\t\t<\/div>\n\t\t\t\t\t<\/div>\n\t\t<\/section>\n\t\t\t\t\t<\/div>\n\t\t<\/article>\n\t\t\t\t\t<\/div>\n\t\t<\/section>\n\t\t\t\t<section class=\"elementor-section elementor-top-section elementor-element elementor-element-6692d932 elementor-section-boxed elementor-section-height-default elementor-section-height-default\" data-id=\"6692d932\" data-element_type=\"section\" data-e-type=\"section\">\n\t\t\t\t\t\t<div class=\"elementor-container elementor-column-gap-default\">\n\t\t\t\t\t<section class=\"elementor-column elementor-col-100 elementor-top-column elementor-element elementor-element-4287a4e7\" data-id=\"4287a4e7\" data-element_type=\"column\" data-e-type=\"column\">\n\t\t\t<div class=\"elementor-widget-wrap\">\n\t\t\t\t\t\t\t<\/div>\n\t\t<\/section>\n\t\t\t\t\t<\/div>\n\t\t<\/section>\n\t\t\t\t<\/div>\n\t\t","protected":false},"excerpt":{"rendered":"<p>\u00c0 propos de l\u2019entreprise SP Maskiner est un fournisseur leader mondial de t\u00eates d\u2019abattage de fabrication su\u00e9doise. Notre concept est de proposer des t\u00eates d\u2019abattage qui s\u2019installent sur les abatteuses de toutes marques et de tous mod\u00e8les. Les t\u00eates d\u2019abattage SP Maskiner vous offrent ainsi de plus amples opportunit\u00e9s pour optimiser les travaux d\u2019abattage et [&hellip;]<\/p>\n","protected":false},"author":1,"featured_media":0,"parent":5884,"menu_order":1,"comment_status":"closed","ping_status":"closed","template":"elementor_header_footer","meta":{"_acf_changed":false,"site-sidebar-layout":"no-sidebar","site-content-layout":"page-builder","ast-site-content-layout":"default","site-content-style":"default","site-sidebar-style":"default","ast-global-header-display":"","ast-banner-title-visibility":"","ast-main-header-display":"","ast-hfb-above-header-display":"","ast-hfb-below-header-display":"","ast-hfb-mobile-header-display":"","site-post-title":"disabled","ast-breadcrumbs-content":"","ast-featured-img":"disabled","footer-sml-layout":"","ast-disable-related-posts":"","theme-transparent-header-meta":"default","adv-header-id-meta":"","stick-header-meta":"","header-above-stick-meta":"","header-main-stick-meta":"","header-below-stick-meta":"","astra-migrate-meta-layouts":"default","ast-page-background-enabled":"default","ast-page-background-meta":{"desktop":{"background-color":"","background-image":"","background-repeat":"repeat","background-position":"center center","background-size":"auto","background-attachment":"scroll","background-type":"","background-media":"","overlay-type":"","overlay-color":"","overlay-opacity":"","overlay-gradient":""},"tablet":{"background-color":"","background-image":"","background-repeat":"repeat","background-position":"center center","background-size":"auto","background-attachment":"scroll","background-type":"","background-media":"","overlay-type":"","overlay-color":"","overlay-opacity":"","overlay-gradient":""},"mobile":{"background-color":"","background-image":"","background-repeat":"repeat","background-position":"center center","background-size":"auto","background-attachment":"scroll","background-type":"","background-media":"","overlay-type":"","overlay-color":"","overlay-opacity":"","overlay-gradient":""}},"ast-content-background-meta":{"desktop":{"background-color":"var(--ast-global-color-5)","background-image":"","background-repeat":"repeat","background-position":"center center","background-size":"auto","background-attachment":"scroll","background-type":"","background-media":"","overlay-type":"","overlay-color":"","overlay-opacity":"","overlay-gradient":""},"tablet":{"background-color":"var(--ast-global-color-5)","background-image":"","background-repeat":"repeat","background-position":"center center","background-size":"auto","background-attachment":"scroll","background-type":"","background-media":"","overlay-type":"","overlay-color":"","overlay-opacity":"","overlay-gradient":""},"mobile":{"background-color":"var(--ast-global-color-5)","background-image":"","background-repeat":"repeat","background-position":"center center","background-size":"auto","background-attachment":"scroll","background-type":"","background-media":"","overlay-type":"","overlay-color":"","overlay-opacity":"","overlay-gradient":""}},"footnotes":""},"class_list":["post-5893","page","type-page","status-publish","hentry"],"acf":[],"yoast_head":"<!-- This site is optimized with the Yoast SEO plugin v26.9 - https:\/\/yoast.com\/product\/yoast-seo-wordpress\/ -->\n<title>\u00c0 propos de l\u2019entreprise - SP Maskiner<\/title>\n<meta name=\"robots\" content=\"index, follow, max-snippet:-1, max-image-preview:large, max-video-preview:-1\" \/>\n<link rel=\"canonical\" href=\"https:\/\/spmaskiner.com\/fr\/a-propos-de-lentreprise\/a-propos-de-lentreprise\/\" \/>\n<meta property=\"og:locale\" content=\"fr_FR\" \/>\n<meta property=\"og:type\" content=\"article\" \/>\n<meta property=\"og:title\" content=\"\u00c0 propos de l\u2019entreprise - SP Maskiner\" \/>\n<meta property=\"og:description\" content=\"\u00c0 propos de l\u2019entreprise SP Maskiner est un fournisseur leader mondial de t\u00eates d\u2019abattage de fabrication su\u00e9doise. Notre concept est de proposer des t\u00eates d\u2019abattage qui s\u2019installent sur les abatteuses de toutes marques et de tous mod\u00e8les. Les t\u00eates d\u2019abattage SP Maskiner vous offrent ainsi de plus amples opportunit\u00e9s pour optimiser les travaux d\u2019abattage et [&hellip;]\" \/>\n<meta property=\"og:url\" content=\"https:\/\/spmaskiner.com\/fr\/a-propos-de-lentreprise\/a-propos-de-lentreprise\/\" \/>\n<meta property=\"og:site_name\" content=\"SP Maskiner\" \/>\n<meta property=\"article:modified_time\" content=\"2021-10-18T08:42:08+00:00\" \/>\n<meta property=\"og:image\" content=\"https:\/\/spmaskiner.com\/wp-content\/uploads\/2021\/04\/sp661lf-landing-1-1024x533.jpg\" \/>\n<meta name=\"twitter:card\" content=\"summary_large_image\" \/>\n<script type=\"application\/ld+json\" class=\"yoast-schema-graph\">{\"@context\":\"https:\/\/schema.org\",\"@graph\":[{\"@type\":\"WebPage\",\"@id\":\"https:\/\/spmaskiner.com\/fr\/a-propos-de-lentreprise\/a-propos-de-lentreprise\/\",\"url\":\"https:\/\/spmaskiner.com\/fr\/a-propos-de-lentreprise\/a-propos-de-lentreprise\/\",\"name\":\"\u00c0 propos de l\u2019entreprise - SP Maskiner\",\"isPartOf\":{\"@id\":\"https:\/\/spmaskiner.com\/fr\/#website\"},\"primaryImageOfPage\":{\"@id\":\"https:\/\/spmaskiner.com\/fr\/a-propos-de-lentreprise\/a-propos-de-lentreprise\/#primaryimage\"},\"image\":{\"@id\":\"https:\/\/spmaskiner.com\/fr\/a-propos-de-lentreprise\/a-propos-de-lentreprise\/#primaryimage\"},\"thumbnailUrl\":\"https:\/\/spmaskiner.com\/wp-content\/uploads\/2021\/04\/sp661lf-landing-1-1024x533.jpg\",\"datePublished\":\"2021-03-25T09:10:29+00:00\",\"dateModified\":\"2021-10-18T08:42:08+00:00\",\"breadcrumb\":{\"@id\":\"https:\/\/spmaskiner.com\/fr\/a-propos-de-lentreprise\/a-propos-de-lentreprise\/#breadcrumb\"},\"inLanguage\":\"fr-FR\",\"potentialAction\":[{\"@type\":\"ReadAction\",\"target\":[\"https:\/\/spmaskiner.com\/fr\/a-propos-de-lentreprise\/a-propos-de-lentreprise\/\"]}]},{\"@type\":\"ImageObject\",\"inLanguage\":\"fr-FR\",\"@id\":\"https:\/\/spmaskiner.com\/fr\/a-propos-de-lentreprise\/a-propos-de-lentreprise\/#primaryimage\",\"url\":\"https:\/\/spmaskiner.com\/wp-content\/uploads\/2021\/04\/sp661lf-landing-1-1024x533.jpg\",\"contentUrl\":\"https:\/\/spmaskiner.com\/wp-content\/uploads\/2021\/04\/sp661lf-landing-1-1024x533.jpg\"},{\"@type\":\"BreadcrumbList\",\"@id\":\"https:\/\/spmaskiner.com\/fr\/a-propos-de-lentreprise\/a-propos-de-lentreprise\/#breadcrumb\",\"itemListElement\":[{\"@type\":\"ListItem\",\"position\":1,\"name\":\"Home\",\"item\":\"https:\/\/spmaskiner.com\/fr\/\"},{\"@type\":\"ListItem\",\"position\":2,\"name\":\"\u00c0 propos de l\u2019entreprise\",\"item\":\"https:\/\/spmaskiner.com\/fr\/corporate-information\/\"},{\"@type\":\"ListItem\",\"position\":3,\"name\":\"\u00c0 propos de l\u2019entreprise\"}]},{\"@type\":\"WebSite\",\"@id\":\"https:\/\/spmaskiner.com\/fr\/#website\",\"url\":\"https:\/\/spmaskiner.com\/fr\/\",\"name\":\"SP Maskiner\",\"description\":\"Always ahead\",\"publisher\":{\"@id\":\"https:\/\/spmaskiner.com\/fr\/#organization\"},\"potentialAction\":[{\"@type\":\"SearchAction\",\"target\":{\"@type\":\"EntryPoint\",\"urlTemplate\":\"https:\/\/spmaskiner.com\/fr\/?s={search_term_string}\"},\"query-input\":{\"@type\":\"PropertyValueSpecification\",\"valueRequired\":true,\"valueName\":\"search_term_string\"}}],\"inLanguage\":\"fr-FR\"},{\"@type\":\"Organization\",\"@id\":\"https:\/\/spmaskiner.com\/fr\/#organization\",\"name\":\"SP Maskiner\",\"url\":\"https:\/\/spmaskiner.com\/fr\/\",\"logo\":{\"@type\":\"ImageObject\",\"inLanguage\":\"fr-FR\",\"@id\":\"https:\/\/spmaskiner.com\/fr\/#\/schema\/logo\/image\/\",\"url\":\"https:\/\/spmaskiner.com\/wp-content\/uploads\/2021\/03\/spmaskiner-logotyp.png\",\"contentUrl\":\"https:\/\/spmaskiner.com\/wp-content\/uploads\/2021\/03\/spmaskiner-logotyp.png\",\"width\":350,\"height\":65,\"caption\":\"SP Maskiner\"},\"image\":{\"@id\":\"https:\/\/spmaskiner.com\/fr\/#\/schema\/logo\/image\/\"}}]}<\/script>\n<!-- \/ Yoast SEO plugin. -->","yoast_head_json":{"title":"\u00c0 propos de l\u2019entreprise - SP Maskiner","robots":{"index":"index","follow":"follow","max-snippet":"max-snippet:-1","max-image-preview":"max-image-preview:large","max-video-preview":"max-video-preview:-1"},"canonical":"https:\/\/spmaskiner.com\/fr\/a-propos-de-lentreprise\/a-propos-de-lentreprise\/","og_locale":"fr_FR","og_type":"article","og_title":"\u00c0 propos de l\u2019entreprise - SP Maskiner","og_description":"\u00c0 propos de l\u2019entreprise SP Maskiner est un fournisseur leader mondial de t\u00eates d\u2019abattage de fabrication su\u00e9doise. Notre concept est de proposer des t\u00eates d\u2019abattage qui s\u2019installent sur les abatteuses de toutes marques et de tous mod\u00e8les. Les t\u00eates d\u2019abattage SP Maskiner vous offrent ainsi de plus amples opportunit\u00e9s pour optimiser les travaux d\u2019abattage et [&hellip;]","og_url":"https:\/\/spmaskiner.com\/fr\/a-propos-de-lentreprise\/a-propos-de-lentreprise\/","og_site_name":"SP Maskiner","article_modified_time":"2021-10-18T08:42:08+00:00","og_image":[{"url":"https:\/\/spmaskiner.com\/wp-content\/uploads\/2021\/04\/sp661lf-landing-1-1024x533.jpg","type":"","width":"","height":""}],"twitter_card":"summary_large_image","schema":{"@context":"https:\/\/schema.org","@graph":[{"@type":"WebPage","@id":"https:\/\/spmaskiner.com\/fr\/a-propos-de-lentreprise\/a-propos-de-lentreprise\/","url":"https:\/\/spmaskiner.com\/fr\/a-propos-de-lentreprise\/a-propos-de-lentreprise\/","name":"\u00c0 propos de l\u2019entreprise - SP Maskiner","isPartOf":{"@id":"https:\/\/spmaskiner.com\/fr\/#website"},"primaryImageOfPage":{"@id":"https:\/\/spmaskiner.com\/fr\/a-propos-de-lentreprise\/a-propos-de-lentreprise\/#primaryimage"},"image":{"@id":"https:\/\/spmaskiner.com\/fr\/a-propos-de-lentreprise\/a-propos-de-lentreprise\/#primaryimage"},"thumbnailUrl":"https:\/\/spmaskiner.com\/wp-content\/uploads\/2021\/04\/sp661lf-landing-1-1024x533.jpg","datePublished":"2021-03-25T09:10:29+00:00","dateModified":"2021-10-18T08:42:08+00:00","breadcrumb":{"@id":"https:\/\/spmaskiner.com\/fr\/a-propos-de-lentreprise\/a-propos-de-lentreprise\/#breadcrumb"},"inLanguage":"fr-FR","potentialAction":[{"@type":"ReadAction","target":["https:\/\/spmaskiner.com\/fr\/a-propos-de-lentreprise\/a-propos-de-lentreprise\/"]}]},{"@type":"ImageObject","inLanguage":"fr-FR","@id":"https:\/\/spmaskiner.com\/fr\/a-propos-de-lentreprise\/a-propos-de-lentreprise\/#primaryimage","url":"https:\/\/spmaskiner.com\/wp-content\/uploads\/2021\/04\/sp661lf-landing-1-1024x533.jpg","contentUrl":"https:\/\/spmaskiner.com\/wp-content\/uploads\/2021\/04\/sp661lf-landing-1-1024x533.jpg"},{"@type":"BreadcrumbList","@id":"https:\/\/spmaskiner.com\/fr\/a-propos-de-lentreprise\/a-propos-de-lentreprise\/#breadcrumb","itemListElement":[{"@type":"ListItem","position":1,"name":"Home","item":"https:\/\/spmaskiner.com\/fr\/"},{"@type":"ListItem","position":2,"name":"\u00c0 propos de l\u2019entreprise","item":"https:\/\/spmaskiner.com\/fr\/corporate-information\/"},{"@type":"ListItem","position":3,"name":"\u00c0 propos de l\u2019entreprise"}]},{"@type":"WebSite","@id":"https:\/\/spmaskiner.com\/fr\/#website","url":"https:\/\/spmaskiner.com\/fr\/","name":"SP Maskiner","description":"Always ahead","publisher":{"@id":"https:\/\/spmaskiner.com\/fr\/#organization"},"potentialAction":[{"@type":"SearchAction","target":{"@type":"EntryPoint","urlTemplate":"https:\/\/spmaskiner.com\/fr\/?s={search_term_string}"},"query-input":{"@type":"PropertyValueSpecification","valueRequired":true,"valueName":"search_term_string"}}],"inLanguage":"fr-FR"},{"@type":"Organization","@id":"https:\/\/spmaskiner.com\/fr\/#organization","name":"SP Maskiner","url":"https:\/\/spmaskiner.com\/fr\/","logo":{"@type":"ImageObject","inLanguage":"fr-FR","@id":"https:\/\/spmaskiner.com\/fr\/#\/schema\/logo\/image\/","url":"https:\/\/spmaskiner.com\/wp-content\/uploads\/2021\/03\/spmaskiner-logotyp.png","contentUrl":"https:\/\/spmaskiner.com\/wp-content\/uploads\/2021\/03\/spmaskiner-logotyp.png","width":350,"height":65,"caption":"SP Maskiner"},"image":{"@id":"https:\/\/spmaskiner.com\/fr\/#\/schema\/logo\/image\/"}}]}},"_links":{"self":[{"href":"https:\/\/spmaskiner.com\/fr\/wp-json\/wp\/v2\/pages\/5893","targetHints":{"allow":["GET"]}}],"collection":[{"href":"https:\/\/spmaskiner.com\/fr\/wp-json\/wp\/v2\/pages"}],"about":[{"href":"https:\/\/spmaskiner.com\/fr\/wp-json\/wp\/v2\/types\/page"}],"author":[{"embeddable":true,"href":"https:\/\/spmaskiner.com\/fr\/wp-json\/wp\/v2\/users\/1"}],"replies":[{"embeddable":true,"href":"https:\/\/spmaskiner.com\/fr\/wp-json\/wp\/v2\/comments?post=5893"}],"version-history":[{"count":0,"href":"https:\/\/spmaskiner.com\/fr\/wp-json\/wp\/v2\/pages\/5893\/revisions"}],"up":[{"embeddable":true,"href":"https:\/\/spmaskiner.com\/fr\/wp-json\/wp\/v2\/pages\/5884"}],"wp:attachment":[{"href":"https:\/\/spmaskiner.com\/fr\/wp-json\/wp\/v2\/media?parent=5893"}],"curies":[{"name":"wp","href":"https:\/\/api.w.org\/{rel}","templated":true}]}}