{"id":5897,"date":"2021-03-25T08:09:02","date_gmt":"2021-03-25T07:09:02","guid":{"rendered":"https:\/\/spmaskiner.com\/a-propos-de-lentreprise\/salons-et-evenements\/"},"modified":"2022-12-16T08:11:49","modified_gmt":"2022-12-16T07:11:49","slug":"salons-et-evenements","status":"publish","type":"page","link":"https:\/\/spmaskiner.com\/fr\/a-propos-de-lentreprise\/salons-et-evenements\/","title":{"rendered":"Salons et \u00e9v\u00e9nements"},"content":{"rendered":"\t\t<div data-elementor-type=\"wp-page\" data-elementor-id=\"5897\" class=\"elementor elementor-5897 elementor-1408\" data-elementor-post-type=\"page\">\n\t\t\t\t\t\t<section class=\"elementor-section elementor-top-section elementor-element elementor-element-466c6e9c elementor-section-content-top elementor-section-boxed elementor-section-height-default elementor-section-height-default\" data-id=\"466c6e9c\" data-element_type=\"section\" data-e-type=\"section\">\n\t\t\t\t\t\t<div class=\"elementor-container elementor-column-gap-no\">\n\t\t\t\t\t<div class=\"elementor-column elementor-col-50 elementor-top-column elementor-element elementor-element-1c00b53c elementor-hidden-tablet elementor-hidden-phone elementor-invisible\" data-id=\"1c00b53c\" data-element_type=\"column\" data-e-type=\"column\" id=\"news-block\" data-settings=\"{&quot;animation&quot;:&quot;fadeIn&quot;}\">\n\t\t\t<div class=\"elementor-widget-wrap elementor-element-populated\">\n\t\t\t\t\t\t\t<\/div>\n\t\t<\/div>\n\t\t\t\t<article class=\"elementor-column elementor-col-50 elementor-top-column elementor-element elementor-element-7d471032\" data-id=\"7d471032\" data-element_type=\"column\" data-e-type=\"column\">\n\t\t\t<div class=\"elementor-widget-wrap elementor-element-populated\">\n\t\t\t\t\t\t<div class=\"elementor-element elementor-element-561b543b elementor-widget elementor-widget-heading\" data-id=\"561b543b\" data-element_type=\"widget\" data-e-type=\"widget\" data-widget_type=\"heading.default\">\n\t\t\t\t<div class=\"elementor-widget-container\">\n\t\t\t\t\t<h1 class=\"elementor-heading-title elementor-size-default\">Salons et \u00e9v\u00e9nements<\/h1>\t\t\t\t<\/div>\n\t\t\t\t<\/div>\n\t\t\t\t<div class=\"elementor-element elementor-element-c1330a3 elementor-widget elementor-widget-image\" data-id=\"c1330a3\" data-element_type=\"widget\" data-e-type=\"widget\" data-widget_type=\"image.default\">\n\t\t\t\t<div class=\"elementor-widget-container\">\n\t\t\t\t\t\t\t\t\t\t\t\t\t\t\t<img loading=\"lazy\" decoding=\"async\" width=\"850\" height=\"360\" src=\"https:\/\/spmaskiner.com\/wp-content\/uploads\/2021\/03\/maessor-landing.jpg\" class=\"attachment-large size-large wp-image-5898\" alt=\"\" srcset=\"https:\/\/spmaskiner.com\/wp-content\/uploads\/2021\/03\/maessor-landing.jpg 850w, https:\/\/spmaskiner.com\/wp-content\/uploads\/2021\/03\/maessor-landing-300x127.jpg 300w, https:\/\/spmaskiner.com\/wp-content\/uploads\/2021\/03\/maessor-landing-768x325.jpg 768w\" sizes=\"auto, (max-width: 850px) 100vw, 850px\" \/>\t\t\t\t\t\t\t\t\t\t\t\t\t\t\t<\/div>\n\t\t\t\t<\/div>\n\t\t\t\t<div class=\"elementor-element elementor-element-addf312 elementor-widget elementor-widget-text-editor\" data-id=\"addf312\" data-element_type=\"widget\" data-e-type=\"widget\" data-widget_type=\"text-editor.default\">\n\t\t\t\t<div class=\"elementor-widget-container\">\n\t\t\t\t\t\t\t\t\t<p>Vous trouverez ici des informations sur les salons, expositions et \u00e9v\u00e9nements auxquels SP Maskiner participe. Nous nous r\u00e9jouissons de vous accueillir sur l\u2019un de nos stands. Pour plus d\u2019informations, vous pouvez contacter Anders Gannerud par e-mail\u00a0: <a href=\"mailto:anders.gannerud@spmaskiner.se\">anders.gannerud@spmaskiner.se<\/a> ou par t\u00e9l\u00e9phone au 072-4552159.<\/p>\n\t\t\t\t\t\t\t\t<\/div>\n\t\t\t\t<\/div>\n\t\t\t\t<div class=\"elementor-element elementor-element-ab9e70e elementor-grid-1 elementor-grid-tablet-1 elementor-posts--thumbnail-top elementor-grid-mobile-1 elementor-widget elementor-widget-posts\" data-id=\"ab9e70e\" data-element_type=\"widget\" data-e-type=\"widget\" data-settings=\"{&quot;custom_columns&quot;:&quot;1&quot;,&quot;custom_row_gap&quot;:{&quot;unit&quot;:&quot;px&quot;,&quot;size&quot;:7,&quot;sizes&quot;:[]},&quot;custom_columns_tablet&quot;:&quot;1&quot;,&quot;custom_columns_mobile&quot;:&quot;1&quot;,&quot;custom_row_gap_tablet&quot;:{&quot;unit&quot;:&quot;px&quot;,&quot;size&quot;:&quot;&quot;,&quot;sizes&quot;:[]},&quot;custom_row_gap_mobile&quot;:{&quot;unit&quot;:&quot;px&quot;,&quot;size&quot;:&quot;&quot;,&quot;sizes&quot;:[]}}\" data-widget_type=\"posts.custom\">\n\t\t\t\t<div class=\"elementor-widget-container\">\n\t\t\t\t\t      <div class=\"ecs-posts elementor-posts-container elementor-posts   elementor-grid elementor-posts--skin-custom\" data-settings=\"{&quot;current_page&quot;:1,&quot;max_num_pages&quot;:0,&quot;load_method&quot;:&quot;&quot;,&quot;widget_id&quot;:&quot;ab9e70e&quot;,&quot;post_id&quot;:5897,&quot;theme_id&quot;:5897,&quot;change_url&quot;:false,&quot;reinit_js&quot;:false}\">\r\n      <div class=\"elementor-posts-nothing-found\"><\/div>\t\t<\/div>\r\n\t\t\t\t\t\t<\/div>\n\t\t\t\t<\/div>\n\t\t\t\t\t<\/div>\n\t\t<\/article>\n\t\t\t\t\t<\/div>\n\t\t<\/section>\n\t\t\t\t<section class=\"elementor-section elementor-top-section elementor-element elementor-element-230c72c1 elementor-section-boxed elementor-section-height-default elementor-section-height-default\" data-id=\"230c72c1\" data-element_type=\"section\" data-e-type=\"section\">\n\t\t\t\t\t\t<div class=\"elementor-container elementor-column-gap-default\">\n\t\t\t\t\t<section class=\"elementor-column elementor-col-100 elementor-top-column elementor-element elementor-element-7af87639\" data-id=\"7af87639\" data-element_type=\"column\" data-e-type=\"column\">\n\t\t\t<div class=\"elementor-widget-wrap\">\n\t\t\t\t\t\t\t<\/div>\n\t\t<\/section>\n\t\t\t\t\t<\/div>\n\t\t<\/section>\n\t\t\t\t<\/div>\n\t\t","protected":false},"excerpt":{"rendered":"<p>Salons et \u00e9v\u00e9nements Vous trouverez ici des informations sur les salons, expositions et \u00e9v\u00e9nements auxquels SP Maskiner participe. Nous nous r\u00e9jouissons de vous accueillir sur l\u2019un de nos stands. Pour plus d\u2019informations, vous pouvez contacter Anders Gannerud par e-mail\u00a0: anders.gannerud@spmaskiner.se ou par t\u00e9l\u00e9phone au 072-4552159.<\/p>\n","protected":false},"author":1,"featured_media":0,"parent":5884,"menu_order":181,"comment_status":"closed","ping_status":"closed","template":"elementor_header_footer","meta":{"_acf_changed":false,"site-sidebar-layout":"no-sidebar","site-content-layout":"page-builder","ast-site-content-layout":"default","site-content-style":"default","site-sidebar-style":"default","ast-global-header-display":"","ast-banner-title-visibility":"","ast-main-header-display":"","ast-hfb-above-header-display":"","ast-hfb-below-header-display":"","ast-hfb-mobile-header-display":"","site-post-title":"disabled","ast-breadcrumbs-content":"","ast-featured-img":"disabled","footer-sml-layout":"","ast-disable-related-posts":"","theme-transparent-header-meta":"default","adv-header-id-meta":"","stick-header-meta":"","header-above-stick-meta":"","header-main-stick-meta":"","header-below-stick-meta":"","astra-migrate-meta-layouts":"default","ast-page-background-enabled":"default","ast-page-background-meta":{"desktop":{"background-color":"","background-image":"","background-repeat":"repeat","background-position":"center center","background-size":"auto","background-attachment":"scroll","background-type":"","background-media":"","overlay-type":"","overlay-color":"","overlay-opacity":"","overlay-gradient":""},"tablet":{"background-color":"","background-image":"","background-repeat":"repeat","background-position":"center center","background-size":"auto","background-attachment":"scroll","background-type":"","background-media":"","overlay-type":"","overlay-color":"","overlay-opacity":"","overlay-gradient":""},"mobile":{"background-color":"","background-image":"","background-repeat":"repeat","background-position":"center center","background-size":"auto","background-attachment":"scroll","background-type":"","background-media":"","overlay-type":"","overlay-color":"","overlay-opacity":"","overlay-gradient":""}},"ast-content-background-meta":{"desktop":{"background-color":"var(--ast-global-color-5)","background-image":"","background-repeat":"repeat","background-position":"center center","background-size":"auto","background-attachment":"scroll","background-type":"","background-media":"","overlay-type":"","overlay-color":"","overlay-opacity":"","overlay-gradient":""},"tablet":{"background-color":"var(--ast-global-color-5)","background-image":"","background-repeat":"repeat","background-position":"center center","background-size":"auto","background-attachment":"scroll","background-type":"","background-media":"","overlay-type":"","overlay-color":"","overlay-opacity":"","overlay-gradient":""},"mobile":{"background-color":"var(--ast-global-color-5)","background-image":"","background-repeat":"repeat","background-position":"center center","background-size":"auto","background-attachment":"scroll","background-type":"","background-media":"","overlay-type":"","overlay-color":"","overlay-opacity":"","overlay-gradient":""}},"footnotes":""},"class_list":["post-5897","page","type-page","status-publish","hentry"],"acf":[],"yoast_head":"<!-- This site is optimized with the Yoast SEO plugin v26.9 - https:\/\/yoast.com\/product\/yoast-seo-wordpress\/ -->\n<title>Salons et \u00e9v\u00e9nements - SP Maskiner<\/title>\n<meta name=\"robots\" content=\"index, follow, max-snippet:-1, max-image-preview:large, max-video-preview:-1\" \/>\n<link rel=\"canonical\" href=\"https:\/\/spmaskiner.com\/fr\/a-propos-de-lentreprise\/salons-et-evenements\/\" \/>\n<meta property=\"og:locale\" content=\"fr_FR\" \/>\n<meta property=\"og:type\" content=\"article\" \/>\n<meta property=\"og:title\" content=\"Salons et \u00e9v\u00e9nements - SP Maskiner\" \/>\n<meta property=\"og:description\" content=\"Salons et \u00e9v\u00e9nements Vous trouverez ici des informations sur les salons, expositions et \u00e9v\u00e9nements auxquels SP Maskiner participe. Nous nous r\u00e9jouissons de vous accueillir sur l\u2019un de nos stands. Pour plus d\u2019informations, vous pouvez contacter Anders Gannerud par e-mail\u00a0: anders.gannerud@spmaskiner.se ou par t\u00e9l\u00e9phone au 072-4552159.\" \/>\n<meta property=\"og:url\" content=\"https:\/\/spmaskiner.com\/fr\/a-propos-de-lentreprise\/salons-et-evenements\/\" \/>\n<meta property=\"og:site_name\" content=\"SP Maskiner\" \/>\n<meta property=\"article:modified_time\" content=\"2022-12-16T07:11:49+00:00\" \/>\n<meta property=\"og:image\" content=\"https:\/\/spmaskiner.com\/wp-content\/uploads\/2021\/03\/maessor-landing.jpg\" \/>\n<meta name=\"twitter:card\" content=\"summary_large_image\" \/>\n<script type=\"application\/ld+json\" class=\"yoast-schema-graph\">{\"@context\":\"https:\/\/schema.org\",\"@graph\":[{\"@type\":\"WebPage\",\"@id\":\"https:\/\/spmaskiner.com\/fr\/a-propos-de-lentreprise\/salons-et-evenements\/\",\"url\":\"https:\/\/spmaskiner.com\/fr\/a-propos-de-lentreprise\/salons-et-evenements\/\",\"name\":\"Salons et \u00e9v\u00e9nements - SP Maskiner\",\"isPartOf\":{\"@id\":\"https:\/\/spmaskiner.com\/fr\/#website\"},\"primaryImageOfPage\":{\"@id\":\"https:\/\/spmaskiner.com\/fr\/a-propos-de-lentreprise\/salons-et-evenements\/#primaryimage\"},\"image\":{\"@id\":\"https:\/\/spmaskiner.com\/fr\/a-propos-de-lentreprise\/salons-et-evenements\/#primaryimage\"},\"thumbnailUrl\":\"https:\/\/spmaskiner.com\/wp-content\/uploads\/2021\/03\/maessor-landing.jpg\",\"datePublished\":\"2021-03-25T07:09:02+00:00\",\"dateModified\":\"2022-12-16T07:11:49+00:00\",\"breadcrumb\":{\"@id\":\"https:\/\/spmaskiner.com\/fr\/a-propos-de-lentreprise\/salons-et-evenements\/#breadcrumb\"},\"inLanguage\":\"fr-FR\",\"potentialAction\":[{\"@type\":\"ReadAction\",\"target\":[\"https:\/\/spmaskiner.com\/fr\/a-propos-de-lentreprise\/salons-et-evenements\/\"]}]},{\"@type\":\"ImageObject\",\"inLanguage\":\"fr-FR\",\"@id\":\"https:\/\/spmaskiner.com\/fr\/a-propos-de-lentreprise\/salons-et-evenements\/#primaryimage\",\"url\":\"https:\/\/spmaskiner.com\/wp-content\/uploads\/2021\/03\/maessor-landing.jpg\",\"contentUrl\":\"https:\/\/spmaskiner.com\/wp-content\/uploads\/2021\/03\/maessor-landing.jpg\"},{\"@type\":\"BreadcrumbList\",\"@id\":\"https:\/\/spmaskiner.com\/fr\/a-propos-de-lentreprise\/salons-et-evenements\/#breadcrumb\",\"itemListElement\":[{\"@type\":\"ListItem\",\"position\":1,\"name\":\"Home\",\"item\":\"https:\/\/spmaskiner.com\/fr\/\"},{\"@type\":\"ListItem\",\"position\":2,\"name\":\"\u00c0 propos de l\u2019entreprise\",\"item\":\"https:\/\/spmaskiner.com\/fr\/corporate-information\/\"},{\"@type\":\"ListItem\",\"position\":3,\"name\":\"Salons et \u00e9v\u00e9nements\"}]},{\"@type\":\"WebSite\",\"@id\":\"https:\/\/spmaskiner.com\/fr\/#website\",\"url\":\"https:\/\/spmaskiner.com\/fr\/\",\"name\":\"SP Maskiner\",\"description\":\"Always ahead\",\"publisher\":{\"@id\":\"https:\/\/spmaskiner.com\/fr\/#organization\"},\"potentialAction\":[{\"@type\":\"SearchAction\",\"target\":{\"@type\":\"EntryPoint\",\"urlTemplate\":\"https:\/\/spmaskiner.com\/fr\/?s={search_term_string}\"},\"query-input\":{\"@type\":\"PropertyValueSpecification\",\"valueRequired\":true,\"valueName\":\"search_term_string\"}}],\"inLanguage\":\"fr-FR\"},{\"@type\":\"Organization\",\"@id\":\"https:\/\/spmaskiner.com\/fr\/#organization\",\"name\":\"SP Maskiner\",\"url\":\"https:\/\/spmaskiner.com\/fr\/\",\"logo\":{\"@type\":\"ImageObject\",\"inLanguage\":\"fr-FR\",\"@id\":\"https:\/\/spmaskiner.com\/fr\/#\/schema\/logo\/image\/\",\"url\":\"https:\/\/spmaskiner.com\/wp-content\/uploads\/2021\/03\/spmaskiner-logotyp.png\",\"contentUrl\":\"https:\/\/spmaskiner.com\/wp-content\/uploads\/2021\/03\/spmaskiner-logotyp.png\",\"width\":350,\"height\":65,\"caption\":\"SP Maskiner\"},\"image\":{\"@id\":\"https:\/\/spmaskiner.com\/fr\/#\/schema\/logo\/image\/\"}}]}<\/script>\n<!-- \/ Yoast SEO plugin. -->","yoast_head_json":{"title":"Salons et \u00e9v\u00e9nements - SP Maskiner","robots":{"index":"index","follow":"follow","max-snippet":"max-snippet:-1","max-image-preview":"max-image-preview:large","max-video-preview":"max-video-preview:-1"},"canonical":"https:\/\/spmaskiner.com\/fr\/a-propos-de-lentreprise\/salons-et-evenements\/","og_locale":"fr_FR","og_type":"article","og_title":"Salons et \u00e9v\u00e9nements - SP Maskiner","og_description":"Salons et \u00e9v\u00e9nements Vous trouverez ici des informations sur les salons, expositions et \u00e9v\u00e9nements auxquels SP Maskiner participe. Nous nous r\u00e9jouissons de vous accueillir sur l\u2019un de nos stands. Pour plus d\u2019informations, vous pouvez contacter Anders Gannerud par e-mail\u00a0: anders.gannerud@spmaskiner.se ou par t\u00e9l\u00e9phone au 072-4552159.","og_url":"https:\/\/spmaskiner.com\/fr\/a-propos-de-lentreprise\/salons-et-evenements\/","og_site_name":"SP Maskiner","article_modified_time":"2022-12-16T07:11:49+00:00","og_image":[{"url":"https:\/\/spmaskiner.com\/wp-content\/uploads\/2021\/03\/maessor-landing.jpg","type":"","width":"","height":""}],"twitter_card":"summary_large_image","schema":{"@context":"https:\/\/schema.org","@graph":[{"@type":"WebPage","@id":"https:\/\/spmaskiner.com\/fr\/a-propos-de-lentreprise\/salons-et-evenements\/","url":"https:\/\/spmaskiner.com\/fr\/a-propos-de-lentreprise\/salons-et-evenements\/","name":"Salons et \u00e9v\u00e9nements - SP Maskiner","isPartOf":{"@id":"https:\/\/spmaskiner.com\/fr\/#website"},"primaryImageOfPage":{"@id":"https:\/\/spmaskiner.com\/fr\/a-propos-de-lentreprise\/salons-et-evenements\/#primaryimage"},"image":{"@id":"https:\/\/spmaskiner.com\/fr\/a-propos-de-lentreprise\/salons-et-evenements\/#primaryimage"},"thumbnailUrl":"https:\/\/spmaskiner.com\/wp-content\/uploads\/2021\/03\/maessor-landing.jpg","datePublished":"2021-03-25T07:09:02+00:00","dateModified":"2022-12-16T07:11:49+00:00","breadcrumb":{"@id":"https:\/\/spmaskiner.com\/fr\/a-propos-de-lentreprise\/salons-et-evenements\/#breadcrumb"},"inLanguage":"fr-FR","potentialAction":[{"@type":"ReadAction","target":["https:\/\/spmaskiner.com\/fr\/a-propos-de-lentreprise\/salons-et-evenements\/"]}]},{"@type":"ImageObject","inLanguage":"fr-FR","@id":"https:\/\/spmaskiner.com\/fr\/a-propos-de-lentreprise\/salons-et-evenements\/#primaryimage","url":"https:\/\/spmaskiner.com\/wp-content\/uploads\/2021\/03\/maessor-landing.jpg","contentUrl":"https:\/\/spmaskiner.com\/wp-content\/uploads\/2021\/03\/maessor-landing.jpg"},{"@type":"BreadcrumbList","@id":"https:\/\/spmaskiner.com\/fr\/a-propos-de-lentreprise\/salons-et-evenements\/#breadcrumb","itemListElement":[{"@type":"ListItem","position":1,"name":"Home","item":"https:\/\/spmaskiner.com\/fr\/"},{"@type":"ListItem","position":2,"name":"\u00c0 propos de l\u2019entreprise","item":"https:\/\/spmaskiner.com\/fr\/corporate-information\/"},{"@type":"ListItem","position":3,"name":"Salons et \u00e9v\u00e9nements"}]},{"@type":"WebSite","@id":"https:\/\/spmaskiner.com\/fr\/#website","url":"https:\/\/spmaskiner.com\/fr\/","name":"SP Maskiner","description":"Always ahead","publisher":{"@id":"https:\/\/spmaskiner.com\/fr\/#organization"},"potentialAction":[{"@type":"SearchAction","target":{"@type":"EntryPoint","urlTemplate":"https:\/\/spmaskiner.com\/fr\/?s={search_term_string}"},"query-input":{"@type":"PropertyValueSpecification","valueRequired":true,"valueName":"search_term_string"}}],"inLanguage":"fr-FR"},{"@type":"Organization","@id":"https:\/\/spmaskiner.com\/fr\/#organization","name":"SP Maskiner","url":"https:\/\/spmaskiner.com\/fr\/","logo":{"@type":"ImageObject","inLanguage":"fr-FR","@id":"https:\/\/spmaskiner.com\/fr\/#\/schema\/logo\/image\/","url":"https:\/\/spmaskiner.com\/wp-content\/uploads\/2021\/03\/spmaskiner-logotyp.png","contentUrl":"https:\/\/spmaskiner.com\/wp-content\/uploads\/2021\/03\/spmaskiner-logotyp.png","width":350,"height":65,"caption":"SP Maskiner"},"image":{"@id":"https:\/\/spmaskiner.com\/fr\/#\/schema\/logo\/image\/"}}]}},"_links":{"self":[{"href":"https:\/\/spmaskiner.com\/fr\/wp-json\/wp\/v2\/pages\/5897","targetHints":{"allow":["GET"]}}],"collection":[{"href":"https:\/\/spmaskiner.com\/fr\/wp-json\/wp\/v2\/pages"}],"about":[{"href":"https:\/\/spmaskiner.com\/fr\/wp-json\/wp\/v2\/types\/page"}],"author":[{"embeddable":true,"href":"https:\/\/spmaskiner.com\/fr\/wp-json\/wp\/v2\/users\/1"}],"replies":[{"embeddable":true,"href":"https:\/\/spmaskiner.com\/fr\/wp-json\/wp\/v2\/comments?post=5897"}],"version-history":[{"count":2,"href":"https:\/\/spmaskiner.com\/fr\/wp-json\/wp\/v2\/pages\/5897\/revisions"}],"predecessor-version":[{"id":9876,"href":"https:\/\/spmaskiner.com\/fr\/wp-json\/wp\/v2\/pages\/5897\/revisions\/9876"}],"up":[{"embeddable":true,"href":"https:\/\/spmaskiner.com\/fr\/wp-json\/wp\/v2\/pages\/5884"}],"wp:attachment":[{"href":"https:\/\/spmaskiner.com\/fr\/wp-json\/wp\/v2\/media?parent=5897"}],"curies":[{"name":"wp","href":"https:\/\/api.w.org\/{rel}","templated":true}]}}