{"id":5909,"date":"2021-09-23T14:16:24","date_gmt":"2021-09-23T12:16:24","guid":{"rendered":"https:\/\/spmaskiner.com\/informations-sur-le-site\/"},"modified":"2021-09-23T14:16:25","modified_gmt":"2021-09-23T12:16:25","slug":"informations-sur-le-site","status":"publish","type":"page","link":"https:\/\/spmaskiner.com\/fr\/informations-sur-le-site\/","title":{"rendered":"Informations sur le site"},"content":{"rendered":"\n<h2 class=\"wp-block-heading\" id=\"WEBBLASARE\">Navigateurs web<\/h2>\n\n<p>Notre site web fonctionne mieux avec les versions les plus r\u00e9centes des navigateurs les plus courants. Nous recommandons l\u2019un des navigateurs suivants :<\/p>\n\n<h3 class=\"wp-block-heading\">Windows<\/h3>\n\n<p><a title=\"Download Chrome\" href=\"http:\/\/www.google.com\/chrome\/\" target=\"_blank\" rel=\"noopener\">Chrome<\/a>&#13;\n<a title=\"Download Internet Explorer\" href=\"http:\/\/www.microsoft.com\/windows\/internet-explorer\/\" target=\"_blank\" rel=\"noopener\">Internet Explorer 9.0<\/a> ou ult\u00e9rieur&#13;\n<a title=\"Download Mozilla Firefox\" href=\"http:\/\/www.mozilla.com\/\" target=\"_blank\" rel=\"noopener\">Mozilla Firefox<\/a><\/p>\n\n<h3 class=\"wp-block-heading\">Mac OS<\/h3>\n\n<p><a title=\"Download Chrome\" href=\"http:\/\/www.google.com\/chrome\/\" target=\"_blank\" rel=\"noopener\">Chrome<\/a>&#13;\n<a title=\"Download Safari\" href=\"http:\/\/www.apple.com\/safari\/\" target=\"_blank\" rel=\"noopener\">Safari 3.0<\/a> ou ult\u00e9rieur&#13;\n<a title=\"Download Mozilla Firefox\" href=\"http:\/\/www.mozilla.com\/\" target=\"_blank\" rel=\"noopener\">Mozilla Firefox<\/a><\/p>\n\n<hr class=\"wp-block-separator\"\/>\n\n<p>Si vous rencontrez des probl\u00e8mes sur le site, cela peut \u00eatre d\u00fb au fait que JavaScript et\/ou les cookies ne sont pas activ\u00e9s dans votre navigateur. Vous pouvez le v\u00e9rifier comme suit :<\/p>\n\n<ul class=\"wp-block-list\"><li>Dans Internet Explorer, l\u2019option Outils\/ Options Internet\/ S\u00e9curit\u00e9\/ Niveau personnalis\u00e9\/ Scripting\/ Active scripting doit \u00eatre activ\u00e9e et la case Outils\/ Options Internet\/ Confidentialit\u00e9\/ Avanc\u00e9\/ Annuler la gestion automatique des cookies ne doit pas \u00eatre coch\u00e9e.<\/li><li>Dans Firefox, les cases Outils\/ Options\/ Vie priv\u00e9e\/ Cookies\/ Accepter les cookies des sites et Outils\/ Options\/ Contenu\/ Activer JavaScript doivent \u00eatre coch\u00e9es.<\/li><li>Dans Safari, ouvrez les pr\u00e9f\u00e9rences Safari\/ S\u00e9curit\u00e9 et cochez la case Activer JavaScript, puis s\u00e9lectionnez l\u2019option Toujours \u00e0 droite de la rubrique Accepter les cookies. JavaScript et les cookies sont activ\u00e9s de diff\u00e9rentes mani\u00e8res dans d\u2019autres navigateurs, bien que ces options se trouvent g\u00e9n\u00e9ralement dans les param\u00e8tres du navigateur.<\/li><\/ul>\n\n<hr class=\"wp-block-separator\"\/>\n\n<h2 class=\"wp-block-heading\" id=\"COOKIES\">Cookies<\/h2>\n\n<p>Notre site web utilise des cookies. Un cookie est un petit fichier de donn\u00e9es que le site enregistre sur votre ordinateur.<\/p>\n\n<h4 class=\"wp-block-heading\">Les cookies sont stock\u00e9s temporairement sur votre ordinateur<\/h4>\n\n<p>Nous utilisons des cookies de session et un identifiant de session afin que vous puissiez voir les diff\u00e9rentes pages correctement. Le cookie n\u2019est pas stock\u00e9 sur votre ordinateur apr\u00e8s la fermeture du navigateur. Ce type de cookie est utilis\u00e9 uniquement pour la communication entre votre ordinateur et notre serveur. Il ne nous donne aucune information sur vous en tant qu\u2019utilisateur et il ne peut pas vous transmettre de virus.<\/p>\n\n<h4 class=\"wp-block-heading\">Vous pouvez d\u00e9sactiver le cookie<\/h4>\n\n<p>Si vous n\u2019acceptez pas l\u2019emploi de cookies, vous pouvez modifier les param\u00e8tres de votre navigateur pour ne pas autoriser les cookies. Dans ce cas, toutefois, le site web ne fonctionnera pas correctement pour vous.<\/p>\n\n<hr class=\"wp-block-separator\"\/>\n\n<h2 class=\"wp-block-heading\" id=\"JAVASCRIPT\">Javascript<\/h2>\n\n<p>Plusieurs des services du site n\u00e9cessitent l\u2019activation de Javascript. Pour v\u00e9rifier si Javascript est activ\u00e9, voir sous la rubrique Navigateur.<\/p>\n\n<hr class=\"wp-block-separator\"\/>\n\n<h2 class=\"wp-block-heading\" id=\"FARGUPPLOSNING\">Couleurs et r\u00e9solution<\/h2>\n\n<p>Afin d\u2019afficher la galerie d\u2019images avec une bonne qualit\u00e9, la carte vid\u00e9o de l\u2019ordinateur doit permettre l\u2019affichage d\u2019au moins 256 couleurs, de pr\u00e9f\u00e9rence plus.&#13;\n<\/p>\n\n<p>Le site web est r\u00e9actif, ce qui signifie qu\u2019il fonctionne sur diff\u00e9rents appareils et dans diff\u00e9rentes r\u00e9solutions.<\/p>\n\n<hr class=\"wp-block-separator\"\/>\n\n<h2 class=\"wp-block-heading\" id=\"NERLADDNING\">T\u00e9l\u00e9chargement de fichiers<\/h2>\n\n<p>Pour <strong>ouvrir un fichier<\/strong> \u2013 cliquez sur le lien. Les liens vers les fichiers s\u2019ouvrent automatiquement dans de nouvelles fen\u00eatres.<\/p>\n\n<p>Pour <strong>enregistrer un fichier<\/strong> \u2013 cliquez avec le bouton droit de la souris sur le lien et s\u00e9lectionnez \u2019Enregistrer sous\u2019. Nommez le fichier et choisissez l\u2019endroit o\u00f9 l\u2019enregistrer.<\/p>\n\n<h4 class=\"wp-block-heading\">Ouvrir les fichiers PDF<\/h4>\n\n<p>Pour ouvrir les fichiers PDF, nous recommandons le logiciel gratuit <a title=\"Download Acrobat Reader from Adobe&#x2019;s website\" href=\"http:\/\/www.adobe.com\/\" target=\"_blank\" rel=\"noopener\">Acrobat Reader<\/a>.<\/p>\n\n<h4 class=\"wp-block-heading\">Ouvrir les fichiers Word, Excel ou PowerPoint<\/h4>\n\n<p>Si vous n\u2019avez pas de logiciel capable de lire les formats de fichier pour <a href=\"https:\/\/www.microsoft.com\/en-gb\/download\/details.aspx?id=4\" target=\"_blank\" rel=\"noopener\">Word<\/a>, <a href=\"https:\/\/www.microsoft.com\/sv-se\/download\/details.aspx?id=10\" target=\"_blank\" rel=\"noopener\">Excel<\/a> ou <a href=\"https:\/\/www.microsoft.com\/en-gb\/download\/details.aspx?id=13\" target=\"_blank\" rel=\"noopener\">PowerPoint<\/a>, vous pouvez t\u00e9l\u00e9charger gratuitement Microsoft Viewer.<\/p>\n\n<hr class=\"wp-block-separator\"\/>\n\n<h2 class=\"wp-block-heading\" id=\"SITEMAP\">Plan du site<\/h2>\n\n<p>Le <a title=\"Go to the sitemap\" href=\"http:\/\/www.spmaskiner.com\/fr-fr\/sitemap\/\">plan du site<\/a> vous permet de voir le contenu de chaque partie du site.<\/p>\n\n<hr class=\"wp-block-separator\"\/>\n\n<h2 class=\"wp-block-heading\" id=\"KONTAKT\">Contact et support<\/h2>\n\n<p>En cas de probl\u00e8mes techniques ou pour toute question plus g\u00e9n\u00e9rale, n\u2019h\u00e9sitez pas \u00e0 <a title=\"Go to the contact page\" href=\"http:\/\/www.spmaskiner.com\/fr-fr\/kontakt\/\">nous contacter<\/a>.<\/p>\n","protected":false},"excerpt":{"rendered":"<p>Navigateurs web Notre site web fonctionne mieux avec les versions les plus r\u00e9centes des navigateurs les plus courants. Nous recommandons l\u2019un des navigateurs suivants : Windows Chrome&#13; Internet Explorer 9.0 ou ult\u00e9rieur&#13; Mozilla Firefox Mac OS Chrome&#13; Safari 3.0 ou ult\u00e9rieur&#13; Mozilla Firefox Si vous rencontrez des probl\u00e8mes sur le site, cela peut \u00eatre d\u00fb [&hellip;]<\/p>\n","protected":false},"author":1,"featured_media":0,"parent":0,"menu_order":145,"comment_status":"closed","ping_status":"closed","template":"","meta":{"_acf_changed":false,"site-sidebar-layout":"default","site-content-layout":"default","ast-site-content-layout":"default","site-content-style":"default","site-sidebar-style":"default","ast-global-header-display":"","ast-banner-title-visibility":"","ast-main-header-display":"","ast-hfb-above-header-display":"","ast-hfb-below-header-display":"","ast-hfb-mobile-header-display":"","site-post-title":"","ast-breadcrumbs-content":"","ast-featured-img":"","footer-sml-layout":"","ast-disable-related-posts":"","theme-transparent-header-meta":"default","adv-header-id-meta":"","stick-header-meta":"","header-above-stick-meta":"","header-main-stick-meta":"","header-below-stick-meta":"","astra-migrate-meta-layouts":"default","ast-page-background-enabled":"default","ast-page-background-meta":{"desktop":{"background-color":"","background-image":"","background-repeat":"repeat","background-position":"center center","background-size":"auto","background-attachment":"scroll","background-type":"","background-media":"","overlay-type":"","overlay-color":"","overlay-opacity":"","overlay-gradient":""},"tablet":{"background-color":"","background-image":"","background-repeat":"repeat","background-position":"center center","background-size":"auto","background-attachment":"scroll","background-type":"","background-media":"","overlay-type":"","overlay-color":"","overlay-opacity":"","overlay-gradient":""},"mobile":{"background-color":"","background-image":"","background-repeat":"repeat","background-position":"center center","background-size":"auto","background-attachment":"scroll","background-type":"","background-media":"","overlay-type":"","overlay-color":"","overlay-opacity":"","overlay-gradient":""}},"ast-content-background-meta":{"desktop":{"background-color":"var(--ast-global-color-5)","background-image":"","background-repeat":"repeat","background-position":"center center","background-size":"auto","background-attachment":"scroll","background-type":"","background-media":"","overlay-type":"","overlay-color":"","overlay-opacity":"","overlay-gradient":""},"tablet":{"background-color":"var(--ast-global-color-5)","background-image":"","background-repeat":"repeat","background-position":"center center","background-size":"auto","background-attachment":"scroll","background-type":"","background-media":"","overlay-type":"","overlay-color":"","overlay-opacity":"","overlay-gradient":""},"mobile":{"background-color":"var(--ast-global-color-5)","background-image":"","background-repeat":"repeat","background-position":"center center","background-size":"auto","background-attachment":"scroll","background-type":"","background-media":"","overlay-type":"","overlay-color":"","overlay-opacity":"","overlay-gradient":""}},"footnotes":""},"class_list":["post-5909","page","type-page","status-publish","hentry"],"acf":[],"yoast_head":"<!-- This site is optimized with the Yoast SEO plugin v26.9 - https:\/\/yoast.com\/product\/yoast-seo-wordpress\/ -->\n<title>Informations sur le site - SP Maskiner<\/title>\n<meta name=\"robots\" content=\"index, follow, max-snippet:-1, max-image-preview:large, max-video-preview:-1\" \/>\n<link rel=\"canonical\" href=\"https:\/\/spmaskiner.com\/fr\/informations-sur-le-site\/\" \/>\n<meta property=\"og:locale\" content=\"fr_FR\" \/>\n<meta property=\"og:type\" content=\"article\" \/>\n<meta property=\"og:title\" content=\"Informations sur le site - SP Maskiner\" \/>\n<meta property=\"og:description\" content=\"Navigateurs web Notre site web fonctionne mieux avec les versions les plus r\u00e9centes des navigateurs les plus courants. Nous recommandons l\u2019un des navigateurs suivants : Windows Chrome&#013; Internet Explorer 9.0 ou ult\u00e9rieur&#013; Mozilla Firefox Mac OS Chrome&#013; Safari 3.0 ou ult\u00e9rieur&#013; Mozilla Firefox Si vous rencontrez des probl\u00e8mes sur le site, cela peut \u00eatre d\u00fb [&hellip;]\" \/>\n<meta property=\"og:url\" content=\"https:\/\/spmaskiner.com\/fr\/informations-sur-le-site\/\" \/>\n<meta property=\"og:site_name\" content=\"SP Maskiner\" \/>\n<meta property=\"article:modified_time\" content=\"2021-09-23T12:16:25+00:00\" \/>\n<meta name=\"twitter:card\" content=\"summary_large_image\" \/>\n<script type=\"application\/ld+json\" class=\"yoast-schema-graph\">{\"@context\":\"https:\/\/schema.org\",\"@graph\":[{\"@type\":\"WebPage\",\"@id\":\"https:\/\/spmaskiner.com\/fr\/informations-sur-le-site\/\",\"url\":\"https:\/\/spmaskiner.com\/fr\/informations-sur-le-site\/\",\"name\":\"Informations sur le site - SP Maskiner\",\"isPartOf\":{\"@id\":\"https:\/\/spmaskiner.com\/fr\/#website\"},\"datePublished\":\"2021-09-23T12:16:24+00:00\",\"dateModified\":\"2021-09-23T12:16:25+00:00\",\"breadcrumb\":{\"@id\":\"https:\/\/spmaskiner.com\/fr\/informations-sur-le-site\/#breadcrumb\"},\"inLanguage\":\"fr-FR\",\"potentialAction\":[{\"@type\":\"ReadAction\",\"target\":[\"https:\/\/spmaskiner.com\/fr\/informations-sur-le-site\/\"]}]},{\"@type\":\"BreadcrumbList\",\"@id\":\"https:\/\/spmaskiner.com\/fr\/informations-sur-le-site\/#breadcrumb\",\"itemListElement\":[{\"@type\":\"ListItem\",\"position\":1,\"name\":\"Home\",\"item\":\"https:\/\/spmaskiner.com\/fr\/\"},{\"@type\":\"ListItem\",\"position\":2,\"name\":\"Informations sur le site\"}]},{\"@type\":\"WebSite\",\"@id\":\"https:\/\/spmaskiner.com\/fr\/#website\",\"url\":\"https:\/\/spmaskiner.com\/fr\/\",\"name\":\"SP Maskiner\",\"description\":\"Always ahead\",\"publisher\":{\"@id\":\"https:\/\/spmaskiner.com\/fr\/#organization\"},\"potentialAction\":[{\"@type\":\"SearchAction\",\"target\":{\"@type\":\"EntryPoint\",\"urlTemplate\":\"https:\/\/spmaskiner.com\/fr\/?s={search_term_string}\"},\"query-input\":{\"@type\":\"PropertyValueSpecification\",\"valueRequired\":true,\"valueName\":\"search_term_string\"}}],\"inLanguage\":\"fr-FR\"},{\"@type\":\"Organization\",\"@id\":\"https:\/\/spmaskiner.com\/fr\/#organization\",\"name\":\"SP Maskiner\",\"url\":\"https:\/\/spmaskiner.com\/fr\/\",\"logo\":{\"@type\":\"ImageObject\",\"inLanguage\":\"fr-FR\",\"@id\":\"https:\/\/spmaskiner.com\/fr\/#\/schema\/logo\/image\/\",\"url\":\"https:\/\/spmaskiner.com\/wp-content\/uploads\/2021\/03\/spmaskiner-logotyp.png\",\"contentUrl\":\"https:\/\/spmaskiner.com\/wp-content\/uploads\/2021\/03\/spmaskiner-logotyp.png\",\"width\":350,\"height\":65,\"caption\":\"SP Maskiner\"},\"image\":{\"@id\":\"https:\/\/spmaskiner.com\/fr\/#\/schema\/logo\/image\/\"}}]}<\/script>\n<!-- \/ Yoast SEO plugin. -->","yoast_head_json":{"title":"Informations sur le site - SP Maskiner","robots":{"index":"index","follow":"follow","max-snippet":"max-snippet:-1","max-image-preview":"max-image-preview:large","max-video-preview":"max-video-preview:-1"},"canonical":"https:\/\/spmaskiner.com\/fr\/informations-sur-le-site\/","og_locale":"fr_FR","og_type":"article","og_title":"Informations sur le site - SP Maskiner","og_description":"Navigateurs web Notre site web fonctionne mieux avec les versions les plus r\u00e9centes des navigateurs les plus courants. Nous recommandons l\u2019un des navigateurs suivants : Windows Chrome&#13; Internet Explorer 9.0 ou ult\u00e9rieur&#13; Mozilla Firefox Mac OS Chrome&#13; Safari 3.0 ou ult\u00e9rieur&#13; Mozilla Firefox Si vous rencontrez des probl\u00e8mes sur le site, cela peut \u00eatre d\u00fb [&hellip;]","og_url":"https:\/\/spmaskiner.com\/fr\/informations-sur-le-site\/","og_site_name":"SP Maskiner","article_modified_time":"2021-09-23T12:16:25+00:00","twitter_card":"summary_large_image","schema":{"@context":"https:\/\/schema.org","@graph":[{"@type":"WebPage","@id":"https:\/\/spmaskiner.com\/fr\/informations-sur-le-site\/","url":"https:\/\/spmaskiner.com\/fr\/informations-sur-le-site\/","name":"Informations sur le site - SP Maskiner","isPartOf":{"@id":"https:\/\/spmaskiner.com\/fr\/#website"},"datePublished":"2021-09-23T12:16:24+00:00","dateModified":"2021-09-23T12:16:25+00:00","breadcrumb":{"@id":"https:\/\/spmaskiner.com\/fr\/informations-sur-le-site\/#breadcrumb"},"inLanguage":"fr-FR","potentialAction":[{"@type":"ReadAction","target":["https:\/\/spmaskiner.com\/fr\/informations-sur-le-site\/"]}]},{"@type":"BreadcrumbList","@id":"https:\/\/spmaskiner.com\/fr\/informations-sur-le-site\/#breadcrumb","itemListElement":[{"@type":"ListItem","position":1,"name":"Home","item":"https:\/\/spmaskiner.com\/fr\/"},{"@type":"ListItem","position":2,"name":"Informations sur le site"}]},{"@type":"WebSite","@id":"https:\/\/spmaskiner.com\/fr\/#website","url":"https:\/\/spmaskiner.com\/fr\/","name":"SP Maskiner","description":"Always ahead","publisher":{"@id":"https:\/\/spmaskiner.com\/fr\/#organization"},"potentialAction":[{"@type":"SearchAction","target":{"@type":"EntryPoint","urlTemplate":"https:\/\/spmaskiner.com\/fr\/?s={search_term_string}"},"query-input":{"@type":"PropertyValueSpecification","valueRequired":true,"valueName":"search_term_string"}}],"inLanguage":"fr-FR"},{"@type":"Organization","@id":"https:\/\/spmaskiner.com\/fr\/#organization","name":"SP Maskiner","url":"https:\/\/spmaskiner.com\/fr\/","logo":{"@type":"ImageObject","inLanguage":"fr-FR","@id":"https:\/\/spmaskiner.com\/fr\/#\/schema\/logo\/image\/","url":"https:\/\/spmaskiner.com\/wp-content\/uploads\/2021\/03\/spmaskiner-logotyp.png","contentUrl":"https:\/\/spmaskiner.com\/wp-content\/uploads\/2021\/03\/spmaskiner-logotyp.png","width":350,"height":65,"caption":"SP Maskiner"},"image":{"@id":"https:\/\/spmaskiner.com\/fr\/#\/schema\/logo\/image\/"}}]}},"_links":{"self":[{"href":"https:\/\/spmaskiner.com\/fr\/wp-json\/wp\/v2\/pages\/5909","targetHints":{"allow":["GET"]}}],"collection":[{"href":"https:\/\/spmaskiner.com\/fr\/wp-json\/wp\/v2\/pages"}],"about":[{"href":"https:\/\/spmaskiner.com\/fr\/wp-json\/wp\/v2\/types\/page"}],"author":[{"embeddable":true,"href":"https:\/\/spmaskiner.com\/fr\/wp-json\/wp\/v2\/users\/1"}],"replies":[{"embeddable":true,"href":"https:\/\/spmaskiner.com\/fr\/wp-json\/wp\/v2\/comments?post=5909"}],"version-history":[{"count":0,"href":"https:\/\/spmaskiner.com\/fr\/wp-json\/wp\/v2\/pages\/5909\/revisions"}],"wp:attachment":[{"href":"https:\/\/spmaskiner.com\/fr\/wp-json\/wp\/v2\/media?parent=5909"}],"curies":[{"name":"wp","href":"https:\/\/api.w.org\/{rel}","templated":true}]}}