{"id":6294,"date":"2021-04-09T11:43:29","date_gmt":"2021-04-09T09:43:29","guid":{"rendered":"https:\/\/spmaskiner.com\/tetes-dabattage\/tetes-dabattage-lx\/tetes-dabattage-sp-591-lx-g3\/accessoires-et-equipement\/"},"modified":"2026-02-19T13:01:24","modified_gmt":"2026-02-19T12:01:24","slug":"accessoires-et-equipement","status":"publish","type":"page","link":"https:\/\/spmaskiner.com\/fr\/tetes-dabattage\/tetes-dabattage-lx\/tetes-dabattage-sp-591-lx-g3\/accessoires-et-equipement\/","title":{"rendered":"Accessoires et \u00e9quipement"},"content":{"rendered":"\t\t<div data-elementor-type=\"wp-page\" data-elementor-id=\"6294\" class=\"elementor elementor-6294 elementor-3144\" data-elementor-post-type=\"page\">\n\t\t\t\t\t\t<section class=\"elementor-section elementor-top-section elementor-element elementor-element-350464f9 elementor-section-height-min-height elementor-section-items-top product-top-section elementor-section-boxed elementor-section-height-default\" data-id=\"350464f9\" data-element_type=\"section\" data-e-type=\"section\" data-settings=\"{&quot;background_background&quot;:&quot;classic&quot;}\">\n\t\t\t\t\t\t<div class=\"elementor-container elementor-column-gap-default\">\n\t\t\t\t\t<div class=\"elementor-column elementor-col-50 elementor-top-column elementor-element elementor-element-4f64430f\" data-id=\"4f64430f\" data-element_type=\"column\" data-e-type=\"column\" data-settings=\"{&quot;background_background&quot;:&quot;classic&quot;}\">\n\t\t\t<div class=\"elementor-widget-wrap elementor-element-populated\">\n\t\t\t\t\t\t<div class=\"elementor-element elementor-element-85aeac0 elementor-widget__width-auto elementor-widget elementor-widget-heading\" data-id=\"85aeac0\" data-element_type=\"widget\" data-e-type=\"widget\" data-widget_type=\"heading.default\">\n\t\t\t\t<div class=\"elementor-widget-container\">\n\t\t\t\t\t<h2 class=\"elementor-heading-title elementor-size-default\">SP 591 LX G4<\/h2>\t\t\t\t<\/div>\n\t\t\t\t<\/div>\n\t\t\t\t\t<\/div>\n\t\t<\/div>\n\t\t\t\t<div class=\"elementor-column elementor-col-50 elementor-top-column elementor-element elementor-element-13cf71ea\" data-id=\"13cf71ea\" data-element_type=\"column\" data-e-type=\"column\" data-settings=\"{&quot;background_background&quot;:&quot;classic&quot;}\">\n\t\t\t<div class=\"elementor-widget-wrap\">\n\t\t\t\t\t\t\t<\/div>\n\t\t<\/div>\n\t\t\t\t\t<\/div>\n\t\t<\/section>\n\t\t\t\t<section class=\"elementor-section elementor-top-section elementor-element elementor-element-62a7671a elementor-section-full_width elementor-section-height-default elementor-section-height-default\" data-id=\"62a7671a\" data-element_type=\"section\" data-e-type=\"section\">\n\t\t\t\t\t\t<div class=\"elementor-container elementor-column-gap-default\">\n\t\t\t\t\t<div class=\"elementor-column elementor-col-100 elementor-top-column elementor-element elementor-element-7a34a1e8\" data-id=\"7a34a1e8\" data-element_type=\"column\" data-e-type=\"column\">\n\t\t\t<div class=\"elementor-widget-wrap elementor-element-populated\">\n\t\t\t\t\t\t<div class=\"elementor-element elementor-element-2f8c579 elementor-nav-menu__align-center elementor-nav-menu--dropdown-mobile elementor-nav-menu__text-align-aside elementor-nav-menu--toggle elementor-nav-menu--burger elementor-widget elementor-widget-global elementor-global-3155 elementor-widget-nav-menu\" data-id=\"2f8c579\" data-element_type=\"widget\" data-e-type=\"widget\" id=\"product-menu\" data-settings=\"{&quot;layout&quot;:&quot;horizontal&quot;,&quot;submenu_icon&quot;:{&quot;value&quot;:&quot;fas fa-caret-down&quot;,&quot;library&quot;:&quot;fa-solid&quot;},&quot;toggle&quot;:&quot;burger&quot;}\" data-widget_type=\"nav-menu.default\">\n\t\t\t\t<div class=\"elementor-widget-container\">\n\t\t\t\t\t\t\t\t<nav aria-label=\"Menu\" class=\"elementor-nav-menu--main elementor-nav-menu__container elementor-nav-menu--layout-horizontal e--pointer-background e--animation-fade\">\n\t\t\t\t<ul id=\"menu-1-2f8c579\" class=\"elementor-nav-menu\"><li class=\"menu-item menu-item-type-post_type menu-item-object-page menu-item-5999\"><a href=\"https:\/\/spmaskiner.com\/fr\/tetes-dabattage\/tetes-dabattage-lx\/tetes-dabattage-sp-591-lx-g3\/\" class=\"elementor-item menu-link\">Information produit<\/a><\/li>\n<li class=\"menu-item menu-item-type-post_type menu-item-object-page menu-item-6000\"><a href=\"https:\/\/spmaskiner.com\/fr\/tetes-dabattage\/tetes-dabattage-lx\/tetes-dabattage-sp-591-lx-g3\/caracteristiques-techniques\/\" title=\"SP 591 LX G3 \u2013 Tekniska data\" class=\"elementor-item menu-link\">Caract\u00e9ristiques techniques<\/a><\/li>\n<li class=\"menu-item menu-item-type-post_type menu-item-object-page menu-item-6001\"><a href=\"https:\/\/spmaskiner.com\/fr\/tetes-dabattage\/tetes-dabattage-lx\/tetes-dabattage-sp-591-lx-g3\/avantages-pour-les-clients\/\" title=\"SP 591 LX G3 \u2013 Kundf\u00f6rdelar\" class=\"elementor-item menu-link\">Avantages pour les clients<\/a><\/li>\n<li class=\"menu-item menu-item-type-post_type menu-item-object-page menu-item-6002\"><a href=\"https:\/\/spmaskiner.com\/fr\/tetes-dabattage\/tetes-dabattage-lx\/tetes-dabattage-sp-591-lx-g3\/systemes-de-commande\/\" class=\"elementor-item menu-link\">Syst\u00e8mes de commande<\/a><\/li>\n<li class=\"menu-item menu-item-type-post_type menu-item-object-page menu-item-6301\"><a href=\"https:\/\/spmaskiner.com\/fr\/tetes-dabattage\/tetes-dabattage-lx\/tetes-dabattage-sp-591-lx-g3\/accessoires-et-equipement\/\" title=\"SP 591 LX G3 &#8211; Tillbeh\u00f6r &#038; utrustning\" class=\"elementor-item menu-link\">Accessoires et \u00e9quipement<\/a><\/li>\n<\/ul>\t\t\t<\/nav>\n\t\t\t\t\t<div class=\"elementor-menu-toggle\" role=\"button\" tabindex=\"0\" aria-label=\"Permuter le menu\" aria-expanded=\"false\">\n\t\t\t<i aria-hidden=\"true\" role=\"presentation\" class=\"elementor-menu-toggle__icon--open eicon-menu-bar\"><\/i><i aria-hidden=\"true\" role=\"presentation\" class=\"elementor-menu-toggle__icon--close eicon-close\"><\/i>\t\t<\/div>\n\t\t\t\t\t<nav class=\"elementor-nav-menu--dropdown elementor-nav-menu__container\" aria-hidden=\"true\">\n\t\t\t\t<ul id=\"menu-2-2f8c579\" class=\"elementor-nav-menu\"><li class=\"menu-item menu-item-type-post_type menu-item-object-page menu-item-5999\"><a href=\"https:\/\/spmaskiner.com\/fr\/tetes-dabattage\/tetes-dabattage-lx\/tetes-dabattage-sp-591-lx-g3\/\" class=\"elementor-item menu-link\" tabindex=\"-1\">Information produit<\/a><\/li>\n<li class=\"menu-item menu-item-type-post_type menu-item-object-page menu-item-6000\"><a href=\"https:\/\/spmaskiner.com\/fr\/tetes-dabattage\/tetes-dabattage-lx\/tetes-dabattage-sp-591-lx-g3\/caracteristiques-techniques\/\" title=\"SP 591 LX G3 \u2013 Tekniska data\" class=\"elementor-item menu-link\" tabindex=\"-1\">Caract\u00e9ristiques techniques<\/a><\/li>\n<li class=\"menu-item menu-item-type-post_type menu-item-object-page menu-item-6001\"><a href=\"https:\/\/spmaskiner.com\/fr\/tetes-dabattage\/tetes-dabattage-lx\/tetes-dabattage-sp-591-lx-g3\/avantages-pour-les-clients\/\" title=\"SP 591 LX G3 \u2013 Kundf\u00f6rdelar\" class=\"elementor-item menu-link\" tabindex=\"-1\">Avantages pour les clients<\/a><\/li>\n<li class=\"menu-item menu-item-type-post_type menu-item-object-page menu-item-6002\"><a href=\"https:\/\/spmaskiner.com\/fr\/tetes-dabattage\/tetes-dabattage-lx\/tetes-dabattage-sp-591-lx-g3\/systemes-de-commande\/\" class=\"elementor-item menu-link\" tabindex=\"-1\">Syst\u00e8mes de commande<\/a><\/li>\n<li class=\"menu-item menu-item-type-post_type menu-item-object-page menu-item-6301\"><a href=\"https:\/\/spmaskiner.com\/fr\/tetes-dabattage\/tetes-dabattage-lx\/tetes-dabattage-sp-591-lx-g3\/accessoires-et-equipement\/\" title=\"SP 591 LX G3 &#8211; Tillbeh\u00f6r &#038; utrustning\" class=\"elementor-item menu-link\" tabindex=\"-1\">Accessoires et \u00e9quipement<\/a><\/li>\n<\/ul>\t\t\t<\/nav>\n\t\t\t\t\t\t<\/div>\n\t\t\t\t<\/div>\n\t\t\t\t\t<\/div>\n\t\t<\/div>\n\t\t\t\t\t<\/div>\n\t\t<\/section>\n\t\t\t\t<section class=\"elementor-section elementor-top-section elementor-element elementor-element-22f6c59d elementor-section-boxed elementor-section-height-default elementor-section-height-default\" data-id=\"22f6c59d\" data-element_type=\"section\" data-e-type=\"section\">\n\t\t\t\t\t\t<div class=\"elementor-container elementor-column-gap-default\">\n\t\t\t\t\t<div class=\"elementor-column elementor-col-100 elementor-top-column elementor-element elementor-element-5631476\" data-id=\"5631476\" data-element_type=\"column\" data-e-type=\"column\">\n\t\t\t<div class=\"elementor-widget-wrap elementor-element-populated\">\n\t\t\t\t\t\t<div class=\"elementor-element elementor-element-62c405df elementor-widget elementor-widget-heading\" data-id=\"62c405df\" data-element_type=\"widget\" data-e-type=\"widget\" data-widget_type=\"heading.default\">\n\t\t\t\t<div class=\"elementor-widget-container\">\n\t\t\t\t\t<h1 class=\"elementor-heading-title elementor-size-default\">Accessoires et \u00e9quipement  -T\u00eates d\u2019abattage SP 591 LX G4<\/h1>\t\t\t\t<\/div>\n\t\t\t\t<\/div>\n\t\t\t\t<div class=\"elementor-element elementor-element-5c148800 elementor-widget elementor-widget-text-editor\" data-id=\"5c148800\" data-element_type=\"widget\" data-e-type=\"widget\" data-widget_type=\"text-editor.default\">\n\t\t\t\t<div class=\"elementor-widget-container\">\n\t\t\t\t\t\t\t\t\tLa SP 591 LX G4 peut \u00eatre fournie avec une gamme d\u2019accessoires permettant de l\u2019adapter \u00e0 diff\u00e9rents besoins, porteurs et conditions d\u2019exploitation. Les accessoires les plus courants sont pr\u00e9sent\u00e9s ci-dessous.<br><br>Pour plus d\u2019informations, contactez votre agent SP le plus proche.\t\t\t\t\t\t\t\t<\/div>\n\t\t\t\t<\/div>\n\t\t\t\t\t<\/div>\n\t\t<\/div>\n\t\t\t\t\t<\/div>\n\t\t<\/section>\n\t\t\t\t<section class=\"elementor-section elementor-inner-section elementor-element elementor-element-6366a268 elementor-section-boxed elementor-section-height-default elementor-section-height-default\" data-id=\"6366a268\" data-element_type=\"section\" data-e-type=\"section\">\n\t\t\t\t\t\t<div class=\"elementor-container elementor-column-gap-default\">\n\t\t\t\t\t<div class=\"elementor-column elementor-col-50 elementor-inner-column elementor-element elementor-element-6e559185\" data-id=\"6e559185\" data-element_type=\"column\" data-e-type=\"column\">\n\t\t\t<div class=\"elementor-widget-wrap elementor-element-populated\">\n\t\t\t\t\t\t<div class=\"elementor-element elementor-element-511bca53 elementor-widget elementor-widget-text-editor\" data-id=\"511bca53\" data-element_type=\"widget\" data-e-type=\"widget\" data-widget_type=\"text-editor.default\">\n\t\t\t\t<div class=\"elementor-widget-container\">\n\t\t\t\t\t\t\t\t\t<p><strong>Fonction de recherche de racine<\/strong><br \/>\u00c0 l\u2019aide d\u2019un capteur mont\u00e9 dans le bo\u00eetier de la scie, la t\u00eate cherche automatiquement l\u2019extr\u00e9mit\u00e9 de la tige d\u2019une seule pression sur un bouton.<\/p>\n<p><strong>Moteurs de rouleaux<\/strong><br \/>Des moteurs de rouleaux de diff\u00e9rentes tailles sont disponibles pour optimiser les performances de la t\u00eate en fonction des conditions de travail et de la taille de la machine de base. Choisissez entre les configurations 500\/315 et 620\/400 cm3.<\/p>\n<p><strong>\u00c9clairage du bo\u00eetier de scie<\/strong><br \/>Lampe LED dans le bo\u00eetier de scie pour un \u00e9clairage suppl\u00e9mentaire de la zone de travail.<\/p>\n<p><strong>Unit\u00e9 s\u00e9par\u00e9e pour la mesure de la longueur<\/strong><br \/>Bras de mesure de longueur \u00e0 commande hydraulique offrant une excellente pr\u00e9cision de mesure.<\/p>\n<p><strong>Unit\u00e9 de sciage 3\/4\u201d<\/strong><br \/>Pour les abattages et les conditions qui exigent une solution plus robuste et r\u00e9sistante.<\/p>\n\t\t\t\t\t\t\t\t<\/div>\n\t\t\t\t<\/div>\n\t\t\t\t\t<\/div>\n\t\t<\/div>\n\t\t\t\t<div class=\"elementor-column elementor-col-50 elementor-inner-column elementor-element elementor-element-1ed45670\" data-id=\"1ed45670\" data-element_type=\"column\" data-e-type=\"column\">\n\t\t\t<div class=\"elementor-widget-wrap elementor-element-populated\">\n\t\t\t\t\t\t<div class=\"elementor-element elementor-element-20b8de97 elementor-widget elementor-widget-text-editor\" data-id=\"20b8de97\" data-element_type=\"widget\" data-e-type=\"widget\" data-widget_type=\"text-editor.default\">\n\t\t\t\t<div class=\"elementor-widget-container\">\n\t\t\t\t\t\t\t\t\t<p><strong>Pignons<\/strong><br \/>Les pignons sont disponibles en plusieurs mod\u00e8les et versions afin de convenir \u00e0 des conditions et besoins vari\u00e9s.<\/p>\n<p><strong>Bras motoris\u00e9s inclin\u00e9s <\/strong><br \/>Permettent une rotation sup\u00e9rieure du tronc et donc un \u00e9cor\u00e7age plus efficace des eucalyptus et des acacias.<\/p>\n<p><strong>Adaptation du syst\u00e8me de mesure<\/strong><br \/>Nos t\u00eates d\u2019abattage peuvent \u00eatre utilis\u00e9es avec pratiquement tous les syst\u00e8mes de contr\u00f4le et de mesure disponibles sur le march\u00e9. Vous n\u2019avez donc pas besoin d\u2019apprendre ou d\u2019acheter un nouveau syst\u00e8me informatique lorsque vous choisissez une t\u00eate SP. Par cons\u00e9quent, contrairement \u00e0 de nombreuses autres marques du march\u00e9, l\u2019installation d\u2019une t\u00eate SP ne n\u00e9cessite aucune conversion du syst\u00e8me de contr\u00f4le existant et aucun composant \u00e9lectronique suppl\u00e9mentaire.<\/p>\n<p><strong>Dasa 7 &#8211; Sans fil ou filaire<\/strong><br \/>Dasa 7 est disponible en deux versions diff\u00e9rentes &#8211; Wireless (sans fil) et Wired (filaire), toutes deux disponibles avec le logiciel H50, H60 ou H70 pour r\u00e9pondre parfaitement aux besoins de vos activit\u00e9s foresti\u00e8res sp\u00e9cifiques.<\/p>\n\t\t\t\t\t\t\t\t<\/div>\n\t\t\t\t<\/div>\n\t\t\t\t\t<\/div>\n\t\t<\/div>\n\t\t\t\t\t<\/div>\n\t\t<\/section>\n\t\t\t\t<\/div>\n\t\t","protected":false},"excerpt":{"rendered":"<p>SP 591 LX G4 Accessoires et \u00e9quipement -T\u00eates d\u2019abattage SP 591 LX G4 La SP 591 LX G4 peut \u00eatre fournie avec une gamme d\u2019accessoires permettant de l\u2019adapter \u00e0 diff\u00e9rents besoins, porteurs et conditions d\u2019exploitation. Les accessoires les plus courants sont pr\u00e9sent\u00e9s ci-dessous. Pour plus d\u2019informations, contactez votre agent SP le plus proche. Fonction de [&hellip;]<\/p>\n","protected":false},"author":1,"featured_media":0,"parent":5779,"menu_order":351,"comment_status":"closed","ping_status":"closed","template":"","meta":{"_acf_changed":false,"site-sidebar-layout":"no-sidebar","site-content-layout":"page-builder","ast-site-content-layout":"default","site-content-style":"default","site-sidebar-style":"default","ast-global-header-display":"","ast-banner-title-visibility":"","ast-main-header-display":"","ast-hfb-above-header-display":"","ast-hfb-below-header-display":"","ast-hfb-mobile-header-display":"","site-post-title":"disabled","ast-breadcrumbs-content":"","ast-featured-img":"disabled","footer-sml-layout":"","ast-disable-related-posts":"","theme-transparent-header-meta":"default","adv-header-id-meta":"","stick-header-meta":"","header-above-stick-meta":"","header-main-stick-meta":"","header-below-stick-meta":"","astra-migrate-meta-layouts":"default","ast-page-background-enabled":"default","ast-page-background-meta":{"desktop":{"background-color":"","background-image":"","background-repeat":"repeat","background-position":"center center","background-size":"auto","background-attachment":"scroll","background-type":"","background-media":"","overlay-type":"","overlay-color":"","overlay-opacity":"","overlay-gradient":""},"tablet":{"background-color":"","background-image":"","background-repeat":"repeat","background-position":"center center","background-size":"auto","background-attachment":"scroll","background-type":"","background-media":"","overlay-type":"","overlay-color":"","overlay-opacity":"","overlay-gradient":""},"mobile":{"background-color":"","background-image":"","background-repeat":"repeat","background-position":"center center","background-size":"auto","background-attachment":"scroll","background-type":"","background-media":"","overlay-type":"","overlay-color":"","overlay-opacity":"","overlay-gradient":""}},"ast-content-background-meta":{"desktop":{"background-color":"var(--ast-global-color-5)","background-image":"","background-repeat":"repeat","background-position":"center center","background-size":"auto","background-attachment":"scroll","background-type":"","background-media":"","overlay-type":"","overlay-color":"","overlay-opacity":"","overlay-gradient":""},"tablet":{"background-color":"var(--ast-global-color-5)","background-image":"","background-repeat":"repeat","background-position":"center center","background-size":"auto","background-attachment":"scroll","background-type":"","background-media":"","overlay-type":"","overlay-color":"","overlay-opacity":"","overlay-gradient":""},"mobile":{"background-color":"var(--ast-global-color-5)","background-image":"","background-repeat":"repeat","background-position":"center center","background-size":"auto","background-attachment":"scroll","background-type":"","background-media":"","overlay-type":"","overlay-color":"","overlay-opacity":"","overlay-gradient":""}},"footnotes":""},"class_list":["post-6294","page","type-page","status-publish","hentry"],"acf":[],"yoast_head":"<!-- This site is optimized with the Yoast SEO plugin v26.9 - https:\/\/yoast.com\/product\/yoast-seo-wordpress\/ -->\n<title>Accessoires et \u00e9quipement - SP Maskiner<\/title>\n<meta name=\"robots\" content=\"index, follow, max-snippet:-1, max-image-preview:large, max-video-preview:-1\" \/>\n<link rel=\"canonical\" href=\"https:\/\/spmaskiner.com\/fr\/tetes-dabattage\/tetes-dabattage-lx\/tetes-dabattage-sp-591-lx-g3\/accessoires-et-equipement\/\" \/>\n<meta property=\"og:locale\" content=\"fr_FR\" \/>\n<meta property=\"og:type\" content=\"article\" \/>\n<meta property=\"og:title\" content=\"Accessoires et \u00e9quipement - SP Maskiner\" \/>\n<meta property=\"og:description\" content=\"SP 591 LX G4 Accessoires et \u00e9quipement -T\u00eates d\u2019abattage SP 591 LX G4 La SP 591 LX G4 peut \u00eatre fournie avec une gamme d\u2019accessoires permettant de l\u2019adapter \u00e0 diff\u00e9rents besoins, porteurs et conditions d\u2019exploitation. Les accessoires les plus courants sont pr\u00e9sent\u00e9s ci-dessous. Pour plus d\u2019informations, contactez votre agent SP le plus proche. Fonction de [&hellip;]\" \/>\n<meta property=\"og:url\" content=\"https:\/\/spmaskiner.com\/fr\/tetes-dabattage\/tetes-dabattage-lx\/tetes-dabattage-sp-591-lx-g3\/accessoires-et-equipement\/\" \/>\n<meta property=\"og:site_name\" content=\"SP Maskiner\" \/>\n<meta property=\"article:modified_time\" content=\"2026-02-19T12:01:24+00:00\" \/>\n<meta name=\"twitter:card\" content=\"summary_large_image\" \/>\n<script type=\"application\/ld+json\" class=\"yoast-schema-graph\">{\"@context\":\"https:\/\/schema.org\",\"@graph\":[{\"@type\":\"WebPage\",\"@id\":\"https:\/\/spmaskiner.com\/fr\/tetes-dabattage\/tetes-dabattage-lx\/tetes-dabattage-sp-591-lx-g3\/accessoires-et-equipement\/\",\"url\":\"https:\/\/spmaskiner.com\/fr\/tetes-dabattage\/tetes-dabattage-lx\/tetes-dabattage-sp-591-lx-g3\/accessoires-et-equipement\/\",\"name\":\"Accessoires et \u00e9quipement - SP Maskiner\",\"isPartOf\":{\"@id\":\"https:\/\/spmaskiner.com\/fr\/#website\"},\"datePublished\":\"2021-04-09T09:43:29+00:00\",\"dateModified\":\"2026-02-19T12:01:24+00:00\",\"breadcrumb\":{\"@id\":\"https:\/\/spmaskiner.com\/fr\/tetes-dabattage\/tetes-dabattage-lx\/tetes-dabattage-sp-591-lx-g3\/accessoires-et-equipement\/#breadcrumb\"},\"inLanguage\":\"fr-FR\",\"potentialAction\":[{\"@type\":\"ReadAction\",\"target\":[\"https:\/\/spmaskiner.com\/fr\/tetes-dabattage\/tetes-dabattage-lx\/tetes-dabattage-sp-591-lx-g3\/accessoires-et-equipement\/\"]}]},{\"@type\":\"BreadcrumbList\",\"@id\":\"https:\/\/spmaskiner.com\/fr\/tetes-dabattage\/tetes-dabattage-lx\/tetes-dabattage-sp-591-lx-g3\/accessoires-et-equipement\/#breadcrumb\",\"itemListElement\":[{\"@type\":\"ListItem\",\"position\":1,\"name\":\"Home\",\"item\":\"https:\/\/spmaskiner.com\/fr\/\"},{\"@type\":\"ListItem\",\"position\":2,\"name\":\"T\u00eates d\u2019abattage\",\"item\":\"https:\/\/spmaskiner.com\/fr\/tetes-dabattage\/\"},{\"@type\":\"ListItem\",\"position\":3,\"name\":\"T\u00eates d\u2019abattage LX\",\"item\":\"https:\/\/spmaskiner.com\/fr\/tetes-dabattage\/tetes-dabattage-lx\/\"},{\"@type\":\"ListItem\",\"position\":4,\"name\":\"T\u00eates d\u2019abattage SP 591 LX G4\",\"item\":\"https:\/\/spmaskiner.com\/fr\/harvester-heads\/harvester-heads-lx\/harvester-head-sp-591-lx-g3\/\"},{\"@type\":\"ListItem\",\"position\":5,\"name\":\"Accessoires et \u00e9quipement\"}]},{\"@type\":\"WebSite\",\"@id\":\"https:\/\/spmaskiner.com\/fr\/#website\",\"url\":\"https:\/\/spmaskiner.com\/fr\/\",\"name\":\"SP Maskiner\",\"description\":\"Always ahead\",\"publisher\":{\"@id\":\"https:\/\/spmaskiner.com\/fr\/#organization\"},\"potentialAction\":[{\"@type\":\"SearchAction\",\"target\":{\"@type\":\"EntryPoint\",\"urlTemplate\":\"https:\/\/spmaskiner.com\/fr\/?s={search_term_string}\"},\"query-input\":{\"@type\":\"PropertyValueSpecification\",\"valueRequired\":true,\"valueName\":\"search_term_string\"}}],\"inLanguage\":\"fr-FR\"},{\"@type\":\"Organization\",\"@id\":\"https:\/\/spmaskiner.com\/fr\/#organization\",\"name\":\"SP Maskiner\",\"url\":\"https:\/\/spmaskiner.com\/fr\/\",\"logo\":{\"@type\":\"ImageObject\",\"inLanguage\":\"fr-FR\",\"@id\":\"https:\/\/spmaskiner.com\/fr\/#\/schema\/logo\/image\/\",\"url\":\"https:\/\/spmaskiner.com\/wp-content\/uploads\/2021\/03\/spmaskiner-logotyp.png\",\"contentUrl\":\"https:\/\/spmaskiner.com\/wp-content\/uploads\/2021\/03\/spmaskiner-logotyp.png\",\"width\":350,\"height\":65,\"caption\":\"SP Maskiner\"},\"image\":{\"@id\":\"https:\/\/spmaskiner.com\/fr\/#\/schema\/logo\/image\/\"}}]}<\/script>\n<!-- \/ Yoast SEO plugin. -->","yoast_head_json":{"title":"Accessoires et \u00e9quipement - SP Maskiner","robots":{"index":"index","follow":"follow","max-snippet":"max-snippet:-1","max-image-preview":"max-image-preview:large","max-video-preview":"max-video-preview:-1"},"canonical":"https:\/\/spmaskiner.com\/fr\/tetes-dabattage\/tetes-dabattage-lx\/tetes-dabattage-sp-591-lx-g3\/accessoires-et-equipement\/","og_locale":"fr_FR","og_type":"article","og_title":"Accessoires et \u00e9quipement - SP Maskiner","og_description":"SP 591 LX G4 Accessoires et \u00e9quipement -T\u00eates d\u2019abattage SP 591 LX G4 La SP 591 LX G4 peut \u00eatre fournie avec une gamme d\u2019accessoires permettant de l\u2019adapter \u00e0 diff\u00e9rents besoins, porteurs et conditions d\u2019exploitation. Les accessoires les plus courants sont pr\u00e9sent\u00e9s ci-dessous. Pour plus d\u2019informations, contactez votre agent SP le plus proche. Fonction de [&hellip;]","og_url":"https:\/\/spmaskiner.com\/fr\/tetes-dabattage\/tetes-dabattage-lx\/tetes-dabattage-sp-591-lx-g3\/accessoires-et-equipement\/","og_site_name":"SP Maskiner","article_modified_time":"2026-02-19T12:01:24+00:00","twitter_card":"summary_large_image","schema":{"@context":"https:\/\/schema.org","@graph":[{"@type":"WebPage","@id":"https:\/\/spmaskiner.com\/fr\/tetes-dabattage\/tetes-dabattage-lx\/tetes-dabattage-sp-591-lx-g3\/accessoires-et-equipement\/","url":"https:\/\/spmaskiner.com\/fr\/tetes-dabattage\/tetes-dabattage-lx\/tetes-dabattage-sp-591-lx-g3\/accessoires-et-equipement\/","name":"Accessoires et \u00e9quipement - SP Maskiner","isPartOf":{"@id":"https:\/\/spmaskiner.com\/fr\/#website"},"datePublished":"2021-04-09T09:43:29+00:00","dateModified":"2026-02-19T12:01:24+00:00","breadcrumb":{"@id":"https:\/\/spmaskiner.com\/fr\/tetes-dabattage\/tetes-dabattage-lx\/tetes-dabattage-sp-591-lx-g3\/accessoires-et-equipement\/#breadcrumb"},"inLanguage":"fr-FR","potentialAction":[{"@type":"ReadAction","target":["https:\/\/spmaskiner.com\/fr\/tetes-dabattage\/tetes-dabattage-lx\/tetes-dabattage-sp-591-lx-g3\/accessoires-et-equipement\/"]}]},{"@type":"BreadcrumbList","@id":"https:\/\/spmaskiner.com\/fr\/tetes-dabattage\/tetes-dabattage-lx\/tetes-dabattage-sp-591-lx-g3\/accessoires-et-equipement\/#breadcrumb","itemListElement":[{"@type":"ListItem","position":1,"name":"Home","item":"https:\/\/spmaskiner.com\/fr\/"},{"@type":"ListItem","position":2,"name":"T\u00eates d\u2019abattage","item":"https:\/\/spmaskiner.com\/fr\/tetes-dabattage\/"},{"@type":"ListItem","position":3,"name":"T\u00eates d\u2019abattage LX","item":"https:\/\/spmaskiner.com\/fr\/tetes-dabattage\/tetes-dabattage-lx\/"},{"@type":"ListItem","position":4,"name":"T\u00eates d\u2019abattage SP 591 LX G4","item":"https:\/\/spmaskiner.com\/fr\/harvester-heads\/harvester-heads-lx\/harvester-head-sp-591-lx-g3\/"},{"@type":"ListItem","position":5,"name":"Accessoires et \u00e9quipement"}]},{"@type":"WebSite","@id":"https:\/\/spmaskiner.com\/fr\/#website","url":"https:\/\/spmaskiner.com\/fr\/","name":"SP Maskiner","description":"Always ahead","publisher":{"@id":"https:\/\/spmaskiner.com\/fr\/#organization"},"potentialAction":[{"@type":"SearchAction","target":{"@type":"EntryPoint","urlTemplate":"https:\/\/spmaskiner.com\/fr\/?s={search_term_string}"},"query-input":{"@type":"PropertyValueSpecification","valueRequired":true,"valueName":"search_term_string"}}],"inLanguage":"fr-FR"},{"@type":"Organization","@id":"https:\/\/spmaskiner.com\/fr\/#organization","name":"SP Maskiner","url":"https:\/\/spmaskiner.com\/fr\/","logo":{"@type":"ImageObject","inLanguage":"fr-FR","@id":"https:\/\/spmaskiner.com\/fr\/#\/schema\/logo\/image\/","url":"https:\/\/spmaskiner.com\/wp-content\/uploads\/2021\/03\/spmaskiner-logotyp.png","contentUrl":"https:\/\/spmaskiner.com\/wp-content\/uploads\/2021\/03\/spmaskiner-logotyp.png","width":350,"height":65,"caption":"SP Maskiner"},"image":{"@id":"https:\/\/spmaskiner.com\/fr\/#\/schema\/logo\/image\/"}}]}},"_links":{"self":[{"href":"https:\/\/spmaskiner.com\/fr\/wp-json\/wp\/v2\/pages\/6294","targetHints":{"allow":["GET"]}}],"collection":[{"href":"https:\/\/spmaskiner.com\/fr\/wp-json\/wp\/v2\/pages"}],"about":[{"href":"https:\/\/spmaskiner.com\/fr\/wp-json\/wp\/v2\/types\/page"}],"author":[{"embeddable":true,"href":"https:\/\/spmaskiner.com\/fr\/wp-json\/wp\/v2\/users\/1"}],"replies":[{"embeddable":true,"href":"https:\/\/spmaskiner.com\/fr\/wp-json\/wp\/v2\/comments?post=6294"}],"version-history":[{"count":5,"href":"https:\/\/spmaskiner.com\/fr\/wp-json\/wp\/v2\/pages\/6294\/revisions"}],"predecessor-version":[{"id":12741,"href":"https:\/\/spmaskiner.com\/fr\/wp-json\/wp\/v2\/pages\/6294\/revisions\/12741"}],"up":[{"embeddable":true,"href":"https:\/\/spmaskiner.com\/fr\/wp-json\/wp\/v2\/pages\/5779"}],"wp:attachment":[{"href":"https:\/\/spmaskiner.com\/fr\/wp-json\/wp\/v2\/media?parent=6294"}],"curies":[{"name":"wp","href":"https:\/\/api.w.org\/{rel}","templated":true}]}}