{"id":9484,"date":"2022-06-21T09:14:48","date_gmt":"2022-06-21T07:14:48","guid":{"rendered":"https:\/\/spmaskiner.com\/tetes-dabattage\/simulateur-sp\/"},"modified":"2022-06-21T13:42:04","modified_gmt":"2022-06-21T11:42:04","slug":"simulateur-sp","status":"publish","type":"page","link":"https:\/\/spmaskiner.com\/fr\/tetes-dabattage\/simulateur-sp\/","title":{"rendered":"Simulateur SP"},"content":{"rendered":"\n<p><strong>\u2013 La cl\u00e9 d\u2019une exploitation foresti\u00e8re plus efficace<\/strong><\/p>\n\n\n\n<p>Vous commencez tout juste votre parcours pour devenir op\u00e9rateur de machines foresti\u00e8res ? Ou peut-\u00eatre \u00eates-vous un op\u00e9rateur chevronn\u00e9 avec plusieurs ann\u00e9es d\u2019exp\u00e9rience de la r\u00e9colte et du travail forestier ? Quoi qu\u2019il en soit, le simulateur SP est l\u2019outil qui vous permettra d\u2019atteindre le niveau sup\u00e9rieur.<\/p>\n\n\n\n<p><a href=\"https:\/\/spmaskiner.com\/wp-content\/uploads\/2022\/06\/SP_Simulator-brochure_FR-web.pdf\" target=\"_blank\" rel=\"noreferrer noopener\">Brochure, SP Simulator:<\/a><\/p>\n\n\n\n<figure class=\"wp-block-image size-full is-resized\"><a href=\"https:\/\/spmaskiner.com\/wp-content\/uploads\/2022\/06\/SP_Simulator-brochure_FR-web.pdf\" target=\"_blank\" rel=\"noreferrer noopener\"><img loading=\"lazy\" decoding=\"async\" src=\"https:\/\/spmaskiner.com\/wp-content\/uploads\/2022\/06\/SP_Simulator-brochure_FR-sid1.jpg\" alt=\"\" class=\"wp-image-9405\" width=\"298\" height=\"298\" srcset=\"https:\/\/spmaskiner.com\/wp-content\/uploads\/2022\/06\/SP_Simulator-brochure_FR-sid1.jpg 595w, https:\/\/spmaskiner.com\/wp-content\/uploads\/2022\/06\/SP_Simulator-brochure_FR-sid1-300x300.jpg 300w, https:\/\/spmaskiner.com\/wp-content\/uploads\/2022\/06\/SP_Simulator-brochure_FR-sid1-150x150.jpg 150w\" sizes=\"auto, (max-width: 298px) 100vw, 298px\" \/><\/a><\/figure>\n","protected":false},"excerpt":{"rendered":"<p>\u2013 La cl\u00e9 d\u2019une exploitation foresti\u00e8re plus efficace Vous commencez tout juste votre parcours pour devenir op\u00e9rateur de machines foresti\u00e8res ? Ou peut-\u00eatre \u00eates-vous un op\u00e9rateur chevronn\u00e9 avec plusieurs ann\u00e9es d\u2019exp\u00e9rience de la r\u00e9colte et du travail forestier ? Quoi qu\u2019il en soit, le simulateur SP est l\u2019outil qui vous permettra d\u2019atteindre le niveau sup\u00e9rieur. [&hellip;]<\/p>\n","protected":false},"author":1,"featured_media":0,"parent":5648,"menu_order":212,"comment_status":"closed","ping_status":"closed","template":"","meta":{"_acf_changed":false,"site-sidebar-layout":"default","site-content-layout":"","ast-site-content-layout":"default","site-content-style":"default","site-sidebar-style":"default","ast-global-header-display":"","ast-banner-title-visibility":"","ast-main-header-display":"","ast-hfb-above-header-display":"","ast-hfb-below-header-display":"","ast-hfb-mobile-header-display":"","site-post-title":"","ast-breadcrumbs-content":"","ast-featured-img":"","footer-sml-layout":"","ast-disable-related-posts":"","theme-transparent-header-meta":"","adv-header-id-meta":"","stick-header-meta":"","header-above-stick-meta":"","header-main-stick-meta":"","header-below-stick-meta":"","astra-migrate-meta-layouts":"default","ast-page-background-enabled":"default","ast-page-background-meta":{"desktop":{"background-color":"","background-image":"","background-repeat":"repeat","background-position":"center center","background-size":"auto","background-attachment":"scroll","background-type":"","background-media":"","overlay-type":"","overlay-color":"","overlay-opacity":"","overlay-gradient":""},"tablet":{"background-color":"","background-image":"","background-repeat":"repeat","background-position":"center center","background-size":"auto","background-attachment":"scroll","background-type":"","background-media":"","overlay-type":"","overlay-color":"","overlay-opacity":"","overlay-gradient":""},"mobile":{"background-color":"","background-image":"","background-repeat":"repeat","background-position":"center center","background-size":"auto","background-attachment":"scroll","background-type":"","background-media":"","overlay-type":"","overlay-color":"","overlay-opacity":"","overlay-gradient":""}},"ast-content-background-meta":{"desktop":{"background-color":"var(--ast-global-color-5)","background-image":"","background-repeat":"repeat","background-position":"center center","background-size":"auto","background-attachment":"scroll","background-type":"","background-media":"","overlay-type":"","overlay-color":"","overlay-opacity":"","overlay-gradient":""},"tablet":{"background-color":"var(--ast-global-color-5)","background-image":"","background-repeat":"repeat","background-position":"center center","background-size":"auto","background-attachment":"scroll","background-type":"","background-media":"","overlay-type":"","overlay-color":"","overlay-opacity":"","overlay-gradient":""},"mobile":{"background-color":"var(--ast-global-color-5)","background-image":"","background-repeat":"repeat","background-position":"center center","background-size":"auto","background-attachment":"scroll","background-type":"","background-media":"","overlay-type":"","overlay-color":"","overlay-opacity":"","overlay-gradient":""}},"footnotes":""},"class_list":["post-9484","page","type-page","status-publish","hentry"],"acf":[],"yoast_head":"<!-- This site is optimized with the Yoast SEO plugin v26.9 - https:\/\/yoast.com\/product\/yoast-seo-wordpress\/ -->\n<title>Simulateur SP - SP Maskiner<\/title>\n<meta name=\"robots\" content=\"index, follow, max-snippet:-1, max-image-preview:large, max-video-preview:-1\" \/>\n<link rel=\"canonical\" href=\"https:\/\/spmaskiner.com\/fr\/tetes-dabattage\/simulateur-sp\/\" \/>\n<meta property=\"og:locale\" content=\"fr_FR\" \/>\n<meta property=\"og:type\" content=\"article\" \/>\n<meta property=\"og:title\" content=\"Simulateur SP - SP Maskiner\" \/>\n<meta property=\"og:description\" content=\"\u2013 La cl\u00e9 d\u2019une exploitation foresti\u00e8re plus efficace Vous commencez tout juste votre parcours pour devenir op\u00e9rateur de machines foresti\u00e8res ? Ou peut-\u00eatre \u00eates-vous un op\u00e9rateur chevronn\u00e9 avec plusieurs ann\u00e9es d\u2019exp\u00e9rience de la r\u00e9colte et du travail forestier ? Quoi qu\u2019il en soit, le simulateur SP est l\u2019outil qui vous permettra d\u2019atteindre le niveau sup\u00e9rieur. [&hellip;]\" \/>\n<meta property=\"og:url\" content=\"https:\/\/spmaskiner.com\/fr\/tetes-dabattage\/simulateur-sp\/\" \/>\n<meta property=\"og:site_name\" content=\"SP Maskiner\" \/>\n<meta property=\"article:modified_time\" content=\"2022-06-21T11:42:04+00:00\" \/>\n<meta property=\"og:image\" content=\"https:\/\/spmaskiner.com\/wp-content\/uploads\/2022\/06\/SP_Simulator-brochure_FR-sid1.jpg\" \/>\n\t<meta property=\"og:image:width\" content=\"595\" \/>\n\t<meta property=\"og:image:height\" content=\"595\" \/>\n\t<meta property=\"og:image:type\" content=\"image\/jpeg\" \/>\n<meta name=\"twitter:card\" content=\"summary_large_image\" \/>\n<script type=\"application\/ld+json\" class=\"yoast-schema-graph\">{\"@context\":\"https:\/\/schema.org\",\"@graph\":[{\"@type\":\"WebPage\",\"@id\":\"https:\/\/spmaskiner.com\/fr\/tetes-dabattage\/simulateur-sp\/\",\"url\":\"https:\/\/spmaskiner.com\/fr\/tetes-dabattage\/simulateur-sp\/\",\"name\":\"Simulateur SP - SP Maskiner\",\"isPartOf\":{\"@id\":\"https:\/\/spmaskiner.com\/fr\/#website\"},\"primaryImageOfPage\":{\"@id\":\"https:\/\/spmaskiner.com\/fr\/tetes-dabattage\/simulateur-sp\/#primaryimage\"},\"image\":{\"@id\":\"https:\/\/spmaskiner.com\/fr\/tetes-dabattage\/simulateur-sp\/#primaryimage\"},\"thumbnailUrl\":\"https:\/\/spmaskiner.com\/wp-content\/uploads\/2022\/06\/SP_Simulator-brochure_FR-sid1.jpg\",\"datePublished\":\"2022-06-21T07:14:48+00:00\",\"dateModified\":\"2022-06-21T11:42:04+00:00\",\"breadcrumb\":{\"@id\":\"https:\/\/spmaskiner.com\/fr\/tetes-dabattage\/simulateur-sp\/#breadcrumb\"},\"inLanguage\":\"fr-FR\",\"potentialAction\":[{\"@type\":\"ReadAction\",\"target\":[\"https:\/\/spmaskiner.com\/fr\/tetes-dabattage\/simulateur-sp\/\"]}]},{\"@type\":\"ImageObject\",\"inLanguage\":\"fr-FR\",\"@id\":\"https:\/\/spmaskiner.com\/fr\/tetes-dabattage\/simulateur-sp\/#primaryimage\",\"url\":\"https:\/\/spmaskiner.com\/wp-content\/uploads\/2022\/06\/SP_Simulator-brochure_FR-sid1.jpg\",\"contentUrl\":\"https:\/\/spmaskiner.com\/wp-content\/uploads\/2022\/06\/SP_Simulator-brochure_FR-sid1.jpg\"},{\"@type\":\"BreadcrumbList\",\"@id\":\"https:\/\/spmaskiner.com\/fr\/tetes-dabattage\/simulateur-sp\/#breadcrumb\",\"itemListElement\":[{\"@type\":\"ListItem\",\"position\":1,\"name\":\"Home\",\"item\":\"https:\/\/spmaskiner.com\/fr\/\"},{\"@type\":\"ListItem\",\"position\":2,\"name\":\"T\u00eates d\u2019abattage\",\"item\":\"https:\/\/spmaskiner.com\/fr\/tetes-dabattage\/\"},{\"@type\":\"ListItem\",\"position\":3,\"name\":\"Simulateur SP\"}]},{\"@type\":\"WebSite\",\"@id\":\"https:\/\/spmaskiner.com\/fr\/#website\",\"url\":\"https:\/\/spmaskiner.com\/fr\/\",\"name\":\"SP Maskiner\",\"description\":\"Always ahead\",\"publisher\":{\"@id\":\"https:\/\/spmaskiner.com\/fr\/#organization\"},\"potentialAction\":[{\"@type\":\"SearchAction\",\"target\":{\"@type\":\"EntryPoint\",\"urlTemplate\":\"https:\/\/spmaskiner.com\/fr\/?s={search_term_string}\"},\"query-input\":{\"@type\":\"PropertyValueSpecification\",\"valueRequired\":true,\"valueName\":\"search_term_string\"}}],\"inLanguage\":\"fr-FR\"},{\"@type\":\"Organization\",\"@id\":\"https:\/\/spmaskiner.com\/fr\/#organization\",\"name\":\"SP Maskiner\",\"url\":\"https:\/\/spmaskiner.com\/fr\/\",\"logo\":{\"@type\":\"ImageObject\",\"inLanguage\":\"fr-FR\",\"@id\":\"https:\/\/spmaskiner.com\/fr\/#\/schema\/logo\/image\/\",\"url\":\"https:\/\/spmaskiner.com\/wp-content\/uploads\/2021\/03\/spmaskiner-logotyp.png\",\"contentUrl\":\"https:\/\/spmaskiner.com\/wp-content\/uploads\/2021\/03\/spmaskiner-logotyp.png\",\"width\":350,\"height\":65,\"caption\":\"SP Maskiner\"},\"image\":{\"@id\":\"https:\/\/spmaskiner.com\/fr\/#\/schema\/logo\/image\/\"}}]}<\/script>\n<!-- \/ Yoast SEO plugin. -->","yoast_head_json":{"title":"Simulateur SP - SP Maskiner","robots":{"index":"index","follow":"follow","max-snippet":"max-snippet:-1","max-image-preview":"max-image-preview:large","max-video-preview":"max-video-preview:-1"},"canonical":"https:\/\/spmaskiner.com\/fr\/tetes-dabattage\/simulateur-sp\/","og_locale":"fr_FR","og_type":"article","og_title":"Simulateur SP - SP Maskiner","og_description":"\u2013 La cl\u00e9 d\u2019une exploitation foresti\u00e8re plus efficace Vous commencez tout juste votre parcours pour devenir op\u00e9rateur de machines foresti\u00e8res ? Ou peut-\u00eatre \u00eates-vous un op\u00e9rateur chevronn\u00e9 avec plusieurs ann\u00e9es d\u2019exp\u00e9rience de la r\u00e9colte et du travail forestier ? Quoi qu\u2019il en soit, le simulateur SP est l\u2019outil qui vous permettra d\u2019atteindre le niveau sup\u00e9rieur. [&hellip;]","og_url":"https:\/\/spmaskiner.com\/fr\/tetes-dabattage\/simulateur-sp\/","og_site_name":"SP Maskiner","article_modified_time":"2022-06-21T11:42:04+00:00","og_image":[{"width":595,"height":595,"url":"https:\/\/spmaskiner.com\/wp-content\/uploads\/2022\/06\/SP_Simulator-brochure_FR-sid1.jpg","type":"image\/jpeg"}],"twitter_card":"summary_large_image","schema":{"@context":"https:\/\/schema.org","@graph":[{"@type":"WebPage","@id":"https:\/\/spmaskiner.com\/fr\/tetes-dabattage\/simulateur-sp\/","url":"https:\/\/spmaskiner.com\/fr\/tetes-dabattage\/simulateur-sp\/","name":"Simulateur SP - SP Maskiner","isPartOf":{"@id":"https:\/\/spmaskiner.com\/fr\/#website"},"primaryImageOfPage":{"@id":"https:\/\/spmaskiner.com\/fr\/tetes-dabattage\/simulateur-sp\/#primaryimage"},"image":{"@id":"https:\/\/spmaskiner.com\/fr\/tetes-dabattage\/simulateur-sp\/#primaryimage"},"thumbnailUrl":"https:\/\/spmaskiner.com\/wp-content\/uploads\/2022\/06\/SP_Simulator-brochure_FR-sid1.jpg","datePublished":"2022-06-21T07:14:48+00:00","dateModified":"2022-06-21T11:42:04+00:00","breadcrumb":{"@id":"https:\/\/spmaskiner.com\/fr\/tetes-dabattage\/simulateur-sp\/#breadcrumb"},"inLanguage":"fr-FR","potentialAction":[{"@type":"ReadAction","target":["https:\/\/spmaskiner.com\/fr\/tetes-dabattage\/simulateur-sp\/"]}]},{"@type":"ImageObject","inLanguage":"fr-FR","@id":"https:\/\/spmaskiner.com\/fr\/tetes-dabattage\/simulateur-sp\/#primaryimage","url":"https:\/\/spmaskiner.com\/wp-content\/uploads\/2022\/06\/SP_Simulator-brochure_FR-sid1.jpg","contentUrl":"https:\/\/spmaskiner.com\/wp-content\/uploads\/2022\/06\/SP_Simulator-brochure_FR-sid1.jpg"},{"@type":"BreadcrumbList","@id":"https:\/\/spmaskiner.com\/fr\/tetes-dabattage\/simulateur-sp\/#breadcrumb","itemListElement":[{"@type":"ListItem","position":1,"name":"Home","item":"https:\/\/spmaskiner.com\/fr\/"},{"@type":"ListItem","position":2,"name":"T\u00eates d\u2019abattage","item":"https:\/\/spmaskiner.com\/fr\/tetes-dabattage\/"},{"@type":"ListItem","position":3,"name":"Simulateur SP"}]},{"@type":"WebSite","@id":"https:\/\/spmaskiner.com\/fr\/#website","url":"https:\/\/spmaskiner.com\/fr\/","name":"SP Maskiner","description":"Always ahead","publisher":{"@id":"https:\/\/spmaskiner.com\/fr\/#organization"},"potentialAction":[{"@type":"SearchAction","target":{"@type":"EntryPoint","urlTemplate":"https:\/\/spmaskiner.com\/fr\/?s={search_term_string}"},"query-input":{"@type":"PropertyValueSpecification","valueRequired":true,"valueName":"search_term_string"}}],"inLanguage":"fr-FR"},{"@type":"Organization","@id":"https:\/\/spmaskiner.com\/fr\/#organization","name":"SP Maskiner","url":"https:\/\/spmaskiner.com\/fr\/","logo":{"@type":"ImageObject","inLanguage":"fr-FR","@id":"https:\/\/spmaskiner.com\/fr\/#\/schema\/logo\/image\/","url":"https:\/\/spmaskiner.com\/wp-content\/uploads\/2021\/03\/spmaskiner-logotyp.png","contentUrl":"https:\/\/spmaskiner.com\/wp-content\/uploads\/2021\/03\/spmaskiner-logotyp.png","width":350,"height":65,"caption":"SP Maskiner"},"image":{"@id":"https:\/\/spmaskiner.com\/fr\/#\/schema\/logo\/image\/"}}]}},"_links":{"self":[{"href":"https:\/\/spmaskiner.com\/fr\/wp-json\/wp\/v2\/pages\/9484","targetHints":{"allow":["GET"]}}],"collection":[{"href":"https:\/\/spmaskiner.com\/fr\/wp-json\/wp\/v2\/pages"}],"about":[{"href":"https:\/\/spmaskiner.com\/fr\/wp-json\/wp\/v2\/types\/page"}],"author":[{"embeddable":true,"href":"https:\/\/spmaskiner.com\/fr\/wp-json\/wp\/v2\/users\/1"}],"replies":[{"embeddable":true,"href":"https:\/\/spmaskiner.com\/fr\/wp-json\/wp\/v2\/comments?post=9484"}],"version-history":[{"count":4,"href":"https:\/\/spmaskiner.com\/fr\/wp-json\/wp\/v2\/pages\/9484\/revisions"}],"predecessor-version":[{"id":9508,"href":"https:\/\/spmaskiner.com\/fr\/wp-json\/wp\/v2\/pages\/9484\/revisions\/9508"}],"up":[{"embeddable":true,"href":"https:\/\/spmaskiner.com\/fr\/wp-json\/wp\/v2\/pages\/5648"}],"wp:attachment":[{"href":"https:\/\/spmaskiner.com\/fr\/wp-json\/wp\/v2\/media?parent=9484"}],"curies":[{"name":"wp","href":"https:\/\/api.w.org\/{rel}","templated":true}]}}