{"id":9714,"date":"2022-03-04T09:05:48","date_gmt":"2022-03-04T08:05:48","guid":{"rendered":"https:\/\/spmaskiner.com\/avantages-pour-les-clients\/des-tetes-pour-tous-les-types-de-machines-et-systemes-de-mesure\/"},"modified":"2022-11-15T16:18:01","modified_gmt":"2022-11-15T15:18:01","slug":"des-tetes-pour-tous-les-types-de-machines-et-systemes-de-mesure","status":"publish","type":"page","link":"https:\/\/spmaskiner.com\/fr\/avantages-pour-les-clients\/des-tetes-pour-tous-les-types-de-machines-et-systemes-de-mesure\/","title":{"rendered":"Des t\u00eates pour tous les types de machines et syst\u00e8mes de mesure"},"content":{"rendered":"\t\t<div data-elementor-type=\"wp-page\" data-elementor-id=\"9714\" class=\"elementor elementor-9714 elementor-7113\" data-elementor-post-type=\"page\">\n\t\t\t\t\t\t<section class=\"elementor-section elementor-top-section elementor-element elementor-element-190c45f elementor-section-boxed elementor-section-height-default elementor-section-height-default\" data-id=\"190c45f\" data-element_type=\"section\" data-e-type=\"section\">\n\t\t\t\t\t\t<div class=\"elementor-container elementor-column-gap-default\">\n\t\t\t\t\t<div class=\"elementor-column elementor-col-100 elementor-top-column elementor-element elementor-element-380323b6\" data-id=\"380323b6\" data-element_type=\"column\" data-e-type=\"column\">\n\t\t\t<div class=\"elementor-widget-wrap elementor-element-populated\">\n\t\t\t\t\t\t<div class=\"elementor-element elementor-element-578343ec elementor-widget elementor-widget-heading\" data-id=\"578343ec\" data-element_type=\"widget\" data-e-type=\"widget\" data-widget_type=\"heading.default\">\n\t\t\t\t<div class=\"elementor-widget-container\">\n\t\t\t\t\t<h1 class=\"elementor-heading-title elementor-size-default\">Des t\u00eates pour tous les types de machines et syst\u00e8mes de mesure<\/h1>\t\t\t\t<\/div>\n\t\t\t\t<\/div>\n\t\t\t\t<div class=\"elementor-element elementor-element-0ccd9c5 elementor-widget elementor-widget-text-editor\" data-id=\"0ccd9c5\" data-element_type=\"widget\" data-e-type=\"widget\" data-widget_type=\"text-editor.default\">\n\t\t\t\t<div class=\"elementor-widget-container\">\n\t\t\t\t\t\t\t\t\t<p>SP propose une large gamme de t\u00eates pour tous les types, marques et mod\u00e8les de machines et pour toutes les op\u00e9rations de r\u00e9colte \u2013 de la premi\u00e8re \u00e9claircie jusqu\u2019\u00e0 l\u2019abattage final, la r\u00e9colte de biocarburant ou l\u2019\u00e9cor\u00e7age d\u2019eucalyptus. Gr\u00e2ce \u00e0 notre savoir-faire et \u00e0 notre vaste exp\u00e9rience, nous savons ce qu\u2019il faut faire pour optimiser l\u2019efficacit\u00e9 et la rentabilit\u00e9 de vos op\u00e9rations de r\u00e9colte, quelles que soient la machine que vous utilisez ou les conditions de travail auxquelles vous \u00eates confront\u00e9. Nous concevons toutes nos t\u00eates d\u2019abattage conform\u00e9ment \u00e0 notre concept de faible frottement et en nous appuyant sur plus de quarante d\u2019ans d\u2019exp\u00e9rience et de d\u00e9veloppement. Nous proposons ainsi des t\u00eates hautes performances qui se caract\u00e9risent par leur combinaison unique de productivit\u00e9 maximis\u00e9e, de consommation de carburant optimis\u00e9e, de co\u00fbts de maintenance minimaux et de pr\u00e9cision de mesure.<\/p>\n<p>Si vous utilisez actuellement une t\u00eate d\u2019une autre marque mais souhaitez am\u00e9liorer votre efficacit\u00e9 et votre rentabilit\u00e9, vous pouvez facilement passer \u00e0 une t\u00eate SP. Nos t\u00eates d\u2019abattage peuvent \u00eatre utilis\u00e9es avec pratiquement tous les syst\u00e8mes de contr\u00f4le et de mesure disponibles sur le march\u00e9. Vous n\u2019avez donc pas besoin d\u2019apprendre ou d\u2019acheter un nouveau syst\u00e8me informatique lorsque vous choisissez une t\u00eate SP. Par cons\u00e9quent, contrairement \u00e0 de nombreuses autres marques du march\u00e9, l\u2019installation d\u2019une t\u00eate SP ne n\u00e9cessite aucune conversion du syst\u00e8me de contr\u00f4le existant et aucun composant \u00e9lectronique suppl\u00e9mentaire.<\/p>\n<p>Quel que soit le type ou la marque de la machine de base, nous sommes des experts de l\u2019installation des t\u00eates et de l\u2019adaptation des installations et pouvons maximiser la fonctionnalit\u00e9 et la capacit\u00e9 de votre t\u00eate. Utilisez-vous une abatteuse \u00e0 roues ou \u00e0 chenilles ? Ou bien une excavatrice ? S\u2019agit-il d\u2019une Rottne, John Deere, Komatsu, Eco Log, Ponsse, Volvo, Caterpillar ou Sany ? Ou bien d\u2019une autre marque ? Dans tous les cas, SP propose une t\u00eate parfaitement adapt\u00e9e \u00e0 vos besoins. En outre, lorsque vous choisissez une t\u00eate SP, nous vous offrons toujours une analyse gratuite pour d\u00e9terminer comment maximiser votre rentabilit\u00e9 en fonction de vos conditions et op\u00e9rations de r\u00e9colte sp\u00e9cifiques.<\/p>\n<p>&nbsp;<\/p>\n\t\t\t\t\t\t\t\t<\/div>\n\t\t\t\t<\/div>\n\t\t\t\t<div class=\"elementor-element elementor-element-4c5a6be elementor-icon-list--layout-inline elementor-align-end elementor-list-item-link-full_width elementor-widget elementor-widget-icon-list\" data-id=\"4c5a6be\" data-element_type=\"widget\" data-e-type=\"widget\" data-widget_type=\"icon-list.default\">\n\t\t\t\t<div class=\"elementor-widget-container\">\n\t\t\t\t\t\t\t<ul class=\"elementor-icon-list-items elementor-inline-items\">\n\t\t\t\t\t\t\t<li class=\"elementor-icon-list-item elementor-inline-item\">\n\t\t\t\t\t\t\t\t\t\t\t<a href=\"https:\/\/spmaskiner.com\/wp-content\/uploads\/2022\/11\/Headsforallmachines_Fr.pdf\">\n\n\t\t\t\t\t\t\t\t\t\t\t\t<span class=\"elementor-icon-list-icon\">\n\t\t\t\t\t\t\t<i aria-hidden=\"true\" class=\"fas fa-file-pdf\"><\/i>\t\t\t\t\t\t<\/span>\n\t\t\t\t\t\t\t\t\t\t<span class=\"elementor-icon-list-text\">Brochure - Des t\u00eates pour tous les types de machines<\/span>\n\t\t\t\t\t\t\t\t\t\t\t<\/a>\n\t\t\t\t\t\t\t\t\t<\/li>\n\t\t\t\t\t\t<\/ul>\n\t\t\t\t\t\t<\/div>\n\t\t\t\t<\/div>\n\t\t\t\t\t<\/div>\n\t\t<\/div>\n\t\t\t\t\t<\/div>\n\t\t<\/section>\n\t\t\t\t<section class=\"elementor-section elementor-top-section elementor-element elementor-element-bc4dae0 elementor-section-boxed elementor-section-height-default elementor-section-height-default\" data-id=\"bc4dae0\" data-element_type=\"section\" data-e-type=\"section\">\n\t\t\t\t\t\t<div class=\"elementor-container elementor-column-gap-default\">\n\t\t\t\t\t<div class=\"elementor-column elementor-col-33 elementor-top-column elementor-element elementor-element-7fd6320\" data-id=\"7fd6320\" data-element_type=\"column\" data-e-type=\"column\">\n\t\t\t<div class=\"elementor-widget-wrap elementor-element-populated\">\n\t\t\t\t\t\t<div class=\"elementor-element elementor-element-855dc69 elementor-widget elementor-widget-image\" data-id=\"855dc69\" data-element_type=\"widget\" data-e-type=\"widget\" data-widget_type=\"image.default\">\n\t\t\t\t<div class=\"elementor-widget-container\">\n\t\t\t\t\t\t\t\t\t\t\t\t\t\t\t<img loading=\"lazy\" decoding=\"async\" width=\"1024\" height=\"576\" src=\"https:\/\/spmaskiner.com\/wp-content\/uploads\/2022\/03\/brnilsson122-1024x576.jpg\" class=\"attachment-large size-large wp-image-7136\" alt=\"\" srcset=\"https:\/\/spmaskiner.com\/wp-content\/uploads\/2022\/03\/brnilsson122-1024x576.jpg 1024w, https:\/\/spmaskiner.com\/wp-content\/uploads\/2022\/03\/brnilsson122-300x169.jpg 300w, https:\/\/spmaskiner.com\/wp-content\/uploads\/2022\/03\/brnilsson122-768x432.jpg 768w, https:\/\/spmaskiner.com\/wp-content\/uploads\/2022\/03\/brnilsson122-1536x864.jpg 1536w, https:\/\/spmaskiner.com\/wp-content\/uploads\/2022\/03\/brnilsson122-2048x1152.jpg 2048w\" sizes=\"auto, (max-width: 1024px) 100vw, 1024px\" \/>\t\t\t\t\t\t\t\t\t\t\t\t\t\t\t<\/div>\n\t\t\t\t<\/div>\n\t\t\t\t\t<\/div>\n\t\t<\/div>\n\t\t\t\t<div class=\"elementor-column elementor-col-33 elementor-top-column elementor-element elementor-element-d0fff82\" data-id=\"d0fff82\" data-element_type=\"column\" data-e-type=\"column\">\n\t\t\t<div class=\"elementor-widget-wrap elementor-element-populated\">\n\t\t\t\t\t\t<div class=\"elementor-element elementor-element-624ab7f elementor-widget elementor-widget-image\" data-id=\"624ab7f\" data-element_type=\"widget\" data-e-type=\"widget\" data-widget_type=\"image.default\">\n\t\t\t\t<div class=\"elementor-widget-container\">\n\t\t\t\t\t\t\t\t\t\t\t\t\t\t\t<img loading=\"lazy\" decoding=\"async\" width=\"1024\" height=\"576\" src=\"https:\/\/spmaskiner.com\/wp-content\/uploads\/2022\/03\/eisab145-1024x576.jpg\" class=\"attachment-large size-large wp-image-7140\" alt=\"\" srcset=\"https:\/\/spmaskiner.com\/wp-content\/uploads\/2022\/03\/eisab145-1024x576.jpg 1024w, https:\/\/spmaskiner.com\/wp-content\/uploads\/2022\/03\/eisab145-300x169.jpg 300w, https:\/\/spmaskiner.com\/wp-content\/uploads\/2022\/03\/eisab145-768x432.jpg 768w, https:\/\/spmaskiner.com\/wp-content\/uploads\/2022\/03\/eisab145-1536x864.jpg 1536w, https:\/\/spmaskiner.com\/wp-content\/uploads\/2022\/03\/eisab145.jpg 1920w\" sizes=\"auto, (max-width: 1024px) 100vw, 1024px\" \/>\t\t\t\t\t\t\t\t\t\t\t\t\t\t\t<\/div>\n\t\t\t\t<\/div>\n\t\t\t\t\t<\/div>\n\t\t<\/div>\n\t\t\t\t<div class=\"elementor-column elementor-col-33 elementor-top-column elementor-element elementor-element-94195c7\" data-id=\"94195c7\" data-element_type=\"column\" data-e-type=\"column\">\n\t\t\t<div class=\"elementor-widget-wrap elementor-element-populated\">\n\t\t\t\t\t\t<div class=\"elementor-element elementor-element-f93ccbe elementor-widget elementor-widget-image\" data-id=\"f93ccbe\" data-element_type=\"widget\" data-e-type=\"widget\" data-widget_type=\"image.default\">\n\t\t\t\t<div class=\"elementor-widget-container\">\n\t\t\t\t\t\t\t\t\t\t\t\t\t\t\t<img loading=\"lazy\" decoding=\"async\" width=\"1024\" height=\"576\" src=\"https:\/\/spmaskiner.com\/wp-content\/uploads\/2022\/03\/manoskog134-1024x576.jpg\" class=\"attachment-large size-large wp-image-7144\" alt=\"\" srcset=\"https:\/\/spmaskiner.com\/wp-content\/uploads\/2022\/03\/manoskog134-1024x576.jpg 1024w, https:\/\/spmaskiner.com\/wp-content\/uploads\/2022\/03\/manoskog134-300x169.jpg 300w, https:\/\/spmaskiner.com\/wp-content\/uploads\/2022\/03\/manoskog134-768x432.jpg 768w, https:\/\/spmaskiner.com\/wp-content\/uploads\/2022\/03\/manoskog134-1536x864.jpg 1536w, https:\/\/spmaskiner.com\/wp-content\/uploads\/2022\/03\/manoskog134.jpg 1920w\" sizes=\"auto, (max-width: 1024px) 100vw, 1024px\" \/>\t\t\t\t\t\t\t\t\t\t\t\t\t\t\t<\/div>\n\t\t\t\t<\/div>\n\t\t\t\t\t<\/div>\n\t\t<\/div>\n\t\t\t\t\t<\/div>\n\t\t<\/section>\n\t\t\t\t<\/div>\n\t\t","protected":false},"excerpt":{"rendered":"<p>Des t\u00eates pour tous les types de machines et syst\u00e8mes de mesure SP propose une large gamme de t\u00eates pour tous les types, marques et mod\u00e8les de machines et pour toutes les op\u00e9rations de r\u00e9colte \u2013 de la premi\u00e8re \u00e9claircie jusqu\u2019\u00e0 l\u2019abattage final, la r\u00e9colte de biocarburant ou l\u2019\u00e9cor\u00e7age d\u2019eucalyptus. Gr\u00e2ce \u00e0 notre savoir-faire et [&hellip;]<\/p>\n","protected":false},"author":2,"featured_media":0,"parent":5840,"menu_order":100,"comment_status":"closed","ping_status":"closed","template":"elementor_header_footer","meta":{"_acf_changed":false,"site-sidebar-layout":"no-sidebar","site-content-layout":"page-builder","ast-site-content-layout":"default","site-content-style":"default","site-sidebar-style":"default","ast-global-header-display":"","ast-banner-title-visibility":"","ast-main-header-display":"","ast-hfb-above-header-display":"","ast-hfb-below-header-display":"","ast-hfb-mobile-header-display":"","site-post-title":"disabled","ast-breadcrumbs-content":"","ast-featured-img":"disabled","footer-sml-layout":"","ast-disable-related-posts":"","theme-transparent-header-meta":"default","adv-header-id-meta":"","stick-header-meta":"","header-above-stick-meta":"","header-main-stick-meta":"","header-below-stick-meta":"","astra-migrate-meta-layouts":"default","ast-page-background-enabled":"default","ast-page-background-meta":{"desktop":{"background-color":"","background-image":"","background-repeat":"repeat","background-position":"center center","background-size":"auto","background-attachment":"scroll","background-type":"","background-media":"","overlay-type":"","overlay-color":"","overlay-opacity":"","overlay-gradient":""},"tablet":{"background-color":"","background-image":"","background-repeat":"repeat","background-position":"center center","background-size":"auto","background-attachment":"scroll","background-type":"","background-media":"","overlay-type":"","overlay-color":"","overlay-opacity":"","overlay-gradient":""},"mobile":{"background-color":"","background-image":"","background-repeat":"repeat","background-position":"center center","background-size":"auto","background-attachment":"scroll","background-type":"","background-media":"","overlay-type":"","overlay-color":"","overlay-opacity":"","overlay-gradient":""}},"ast-content-background-meta":{"desktop":{"background-color":"var(--ast-global-color-5)","background-image":"","background-repeat":"repeat","background-position":"center center","background-size":"auto","background-attachment":"scroll","background-type":"","background-media":"","overlay-type":"","overlay-color":"","overlay-opacity":"","overlay-gradient":""},"tablet":{"background-color":"var(--ast-global-color-5)","background-image":"","background-repeat":"repeat","background-position":"center center","background-size":"auto","background-attachment":"scroll","background-type":"","background-media":"","overlay-type":"","overlay-color":"","overlay-opacity":"","overlay-gradient":""},"mobile":{"background-color":"var(--ast-global-color-5)","background-image":"","background-repeat":"repeat","background-position":"center center","background-size":"auto","background-attachment":"scroll","background-type":"","background-media":"","overlay-type":"","overlay-color":"","overlay-opacity":"","overlay-gradient":""}},"footnotes":""},"class_list":["post-9714","page","type-page","status-publish","hentry"],"acf":[],"yoast_head":"<!-- This site is optimized with the Yoast SEO plugin v26.9 - https:\/\/yoast.com\/product\/yoast-seo-wordpress\/ -->\n<title>Des t\u00eates pour tous les types de machines et syst\u00e8mes de mesure - SP Maskiner<\/title>\n<meta name=\"robots\" content=\"index, follow, max-snippet:-1, max-image-preview:large, max-video-preview:-1\" \/>\n<link rel=\"canonical\" href=\"https:\/\/spmaskiner.com\/fr\/avantages-pour-les-clients\/des-tetes-pour-tous-les-types-de-machines-et-systemes-de-mesure\/\" \/>\n<meta property=\"og:locale\" content=\"fr_FR\" \/>\n<meta property=\"og:type\" content=\"article\" \/>\n<meta property=\"og:title\" content=\"Des t\u00eates pour tous les types de machines et syst\u00e8mes de mesure - SP Maskiner\" \/>\n<meta property=\"og:description\" content=\"Des t\u00eates pour tous les types de machines et syst\u00e8mes de mesure SP propose une large gamme de t\u00eates pour tous les types, marques et mod\u00e8les de machines et pour toutes les op\u00e9rations de r\u00e9colte \u2013 de la premi\u00e8re \u00e9claircie jusqu\u2019\u00e0 l\u2019abattage final, la r\u00e9colte de biocarburant ou l\u2019\u00e9cor\u00e7age d\u2019eucalyptus. Gr\u00e2ce \u00e0 notre savoir-faire et [&hellip;]\" \/>\n<meta property=\"og:url\" content=\"https:\/\/spmaskiner.com\/fr\/avantages-pour-les-clients\/des-tetes-pour-tous-les-types-de-machines-et-systemes-de-mesure\/\" \/>\n<meta property=\"og:site_name\" content=\"SP Maskiner\" \/>\n<meta property=\"article:modified_time\" content=\"2022-11-15T15:18:01+00:00\" \/>\n<meta property=\"og:image\" content=\"https:\/\/spmaskiner.com\/wp-content\/uploads\/2022\/03\/brnilsson122-scaled.jpg\" \/>\n\t<meta property=\"og:image:width\" content=\"2560\" \/>\n\t<meta property=\"og:image:height\" content=\"1440\" \/>\n\t<meta property=\"og:image:type\" content=\"image\/jpeg\" \/>\n<meta name=\"twitter:card\" content=\"summary_large_image\" \/>\n<script type=\"application\/ld+json\" class=\"yoast-schema-graph\">{\"@context\":\"https:\/\/schema.org\",\"@graph\":[{\"@type\":\"WebPage\",\"@id\":\"https:\/\/spmaskiner.com\/fr\/avantages-pour-les-clients\/des-tetes-pour-tous-les-types-de-machines-et-systemes-de-mesure\/\",\"url\":\"https:\/\/spmaskiner.com\/fr\/avantages-pour-les-clients\/des-tetes-pour-tous-les-types-de-machines-et-systemes-de-mesure\/\",\"name\":\"Des t\u00eates pour tous les types de machines et syst\u00e8mes de mesure - SP Maskiner\",\"isPartOf\":{\"@id\":\"https:\/\/spmaskiner.com\/fr\/#website\"},\"primaryImageOfPage\":{\"@id\":\"https:\/\/spmaskiner.com\/fr\/avantages-pour-les-clients\/des-tetes-pour-tous-les-types-de-machines-et-systemes-de-mesure\/#primaryimage\"},\"image\":{\"@id\":\"https:\/\/spmaskiner.com\/fr\/avantages-pour-les-clients\/des-tetes-pour-tous-les-types-de-machines-et-systemes-de-mesure\/#primaryimage\"},\"thumbnailUrl\":\"https:\/\/spmaskiner.com\/wp-content\/uploads\/2022\/03\/brnilsson122-1024x576.jpg\",\"datePublished\":\"2022-03-04T08:05:48+00:00\",\"dateModified\":\"2022-11-15T15:18:01+00:00\",\"breadcrumb\":{\"@id\":\"https:\/\/spmaskiner.com\/fr\/avantages-pour-les-clients\/des-tetes-pour-tous-les-types-de-machines-et-systemes-de-mesure\/#breadcrumb\"},\"inLanguage\":\"fr-FR\",\"potentialAction\":[{\"@type\":\"ReadAction\",\"target\":[\"https:\/\/spmaskiner.com\/fr\/avantages-pour-les-clients\/des-tetes-pour-tous-les-types-de-machines-et-systemes-de-mesure\/\"]}]},{\"@type\":\"ImageObject\",\"inLanguage\":\"fr-FR\",\"@id\":\"https:\/\/spmaskiner.com\/fr\/avantages-pour-les-clients\/des-tetes-pour-tous-les-types-de-machines-et-systemes-de-mesure\/#primaryimage\",\"url\":\"https:\/\/spmaskiner.com\/wp-content\/uploads\/2022\/03\/brnilsson122-1024x576.jpg\",\"contentUrl\":\"https:\/\/spmaskiner.com\/wp-content\/uploads\/2022\/03\/brnilsson122-1024x576.jpg\"},{\"@type\":\"BreadcrumbList\",\"@id\":\"https:\/\/spmaskiner.com\/fr\/avantages-pour-les-clients\/des-tetes-pour-tous-les-types-de-machines-et-systemes-de-mesure\/#breadcrumb\",\"itemListElement\":[{\"@type\":\"ListItem\",\"position\":1,\"name\":\"Home\",\"item\":\"https:\/\/spmaskiner.com\/fr\/\"},{\"@type\":\"ListItem\",\"position\":2,\"name\":\"Avantages pour les clients\",\"item\":\"https:\/\/spmaskiner.com\/fr\/customer-benefits\/\"},{\"@type\":\"ListItem\",\"position\":3,\"name\":\"Des t\u00eates pour tous les types de machines et syst\u00e8mes de mesure\"}]},{\"@type\":\"WebSite\",\"@id\":\"https:\/\/spmaskiner.com\/fr\/#website\",\"url\":\"https:\/\/spmaskiner.com\/fr\/\",\"name\":\"SP Maskiner\",\"description\":\"Always ahead\",\"publisher\":{\"@id\":\"https:\/\/spmaskiner.com\/fr\/#organization\"},\"potentialAction\":[{\"@type\":\"SearchAction\",\"target\":{\"@type\":\"EntryPoint\",\"urlTemplate\":\"https:\/\/spmaskiner.com\/fr\/?s={search_term_string}\"},\"query-input\":{\"@type\":\"PropertyValueSpecification\",\"valueRequired\":true,\"valueName\":\"search_term_string\"}}],\"inLanguage\":\"fr-FR\"},{\"@type\":\"Organization\",\"@id\":\"https:\/\/spmaskiner.com\/fr\/#organization\",\"name\":\"SP Maskiner\",\"url\":\"https:\/\/spmaskiner.com\/fr\/\",\"logo\":{\"@type\":\"ImageObject\",\"inLanguage\":\"fr-FR\",\"@id\":\"https:\/\/spmaskiner.com\/fr\/#\/schema\/logo\/image\/\",\"url\":\"https:\/\/spmaskiner.com\/wp-content\/uploads\/2021\/03\/spmaskiner-logotyp.png\",\"contentUrl\":\"https:\/\/spmaskiner.com\/wp-content\/uploads\/2021\/03\/spmaskiner-logotyp.png\",\"width\":350,\"height\":65,\"caption\":\"SP Maskiner\"},\"image\":{\"@id\":\"https:\/\/spmaskiner.com\/fr\/#\/schema\/logo\/image\/\"}}]}<\/script>\n<!-- \/ Yoast SEO plugin. -->","yoast_head_json":{"title":"Des t\u00eates pour tous les types de machines et syst\u00e8mes de mesure - SP Maskiner","robots":{"index":"index","follow":"follow","max-snippet":"max-snippet:-1","max-image-preview":"max-image-preview:large","max-video-preview":"max-video-preview:-1"},"canonical":"https:\/\/spmaskiner.com\/fr\/avantages-pour-les-clients\/des-tetes-pour-tous-les-types-de-machines-et-systemes-de-mesure\/","og_locale":"fr_FR","og_type":"article","og_title":"Des t\u00eates pour tous les types de machines et syst\u00e8mes de mesure - SP Maskiner","og_description":"Des t\u00eates pour tous les types de machines et syst\u00e8mes de mesure SP propose une large gamme de t\u00eates pour tous les types, marques et mod\u00e8les de machines et pour toutes les op\u00e9rations de r\u00e9colte \u2013 de la premi\u00e8re \u00e9claircie jusqu\u2019\u00e0 l\u2019abattage final, la r\u00e9colte de biocarburant ou l\u2019\u00e9cor\u00e7age d\u2019eucalyptus. Gr\u00e2ce \u00e0 notre savoir-faire et [&hellip;]","og_url":"https:\/\/spmaskiner.com\/fr\/avantages-pour-les-clients\/des-tetes-pour-tous-les-types-de-machines-et-systemes-de-mesure\/","og_site_name":"SP Maskiner","article_modified_time":"2022-11-15T15:18:01+00:00","og_image":[{"width":2560,"height":1440,"url":"https:\/\/spmaskiner.com\/wp-content\/uploads\/2022\/03\/brnilsson122-scaled.jpg","type":"image\/jpeg"}],"twitter_card":"summary_large_image","schema":{"@context":"https:\/\/schema.org","@graph":[{"@type":"WebPage","@id":"https:\/\/spmaskiner.com\/fr\/avantages-pour-les-clients\/des-tetes-pour-tous-les-types-de-machines-et-systemes-de-mesure\/","url":"https:\/\/spmaskiner.com\/fr\/avantages-pour-les-clients\/des-tetes-pour-tous-les-types-de-machines-et-systemes-de-mesure\/","name":"Des t\u00eates pour tous les types de machines et syst\u00e8mes de mesure - SP Maskiner","isPartOf":{"@id":"https:\/\/spmaskiner.com\/fr\/#website"},"primaryImageOfPage":{"@id":"https:\/\/spmaskiner.com\/fr\/avantages-pour-les-clients\/des-tetes-pour-tous-les-types-de-machines-et-systemes-de-mesure\/#primaryimage"},"image":{"@id":"https:\/\/spmaskiner.com\/fr\/avantages-pour-les-clients\/des-tetes-pour-tous-les-types-de-machines-et-systemes-de-mesure\/#primaryimage"},"thumbnailUrl":"https:\/\/spmaskiner.com\/wp-content\/uploads\/2022\/03\/brnilsson122-1024x576.jpg","datePublished":"2022-03-04T08:05:48+00:00","dateModified":"2022-11-15T15:18:01+00:00","breadcrumb":{"@id":"https:\/\/spmaskiner.com\/fr\/avantages-pour-les-clients\/des-tetes-pour-tous-les-types-de-machines-et-systemes-de-mesure\/#breadcrumb"},"inLanguage":"fr-FR","potentialAction":[{"@type":"ReadAction","target":["https:\/\/spmaskiner.com\/fr\/avantages-pour-les-clients\/des-tetes-pour-tous-les-types-de-machines-et-systemes-de-mesure\/"]}]},{"@type":"ImageObject","inLanguage":"fr-FR","@id":"https:\/\/spmaskiner.com\/fr\/avantages-pour-les-clients\/des-tetes-pour-tous-les-types-de-machines-et-systemes-de-mesure\/#primaryimage","url":"https:\/\/spmaskiner.com\/wp-content\/uploads\/2022\/03\/brnilsson122-1024x576.jpg","contentUrl":"https:\/\/spmaskiner.com\/wp-content\/uploads\/2022\/03\/brnilsson122-1024x576.jpg"},{"@type":"BreadcrumbList","@id":"https:\/\/spmaskiner.com\/fr\/avantages-pour-les-clients\/des-tetes-pour-tous-les-types-de-machines-et-systemes-de-mesure\/#breadcrumb","itemListElement":[{"@type":"ListItem","position":1,"name":"Home","item":"https:\/\/spmaskiner.com\/fr\/"},{"@type":"ListItem","position":2,"name":"Avantages pour les clients","item":"https:\/\/spmaskiner.com\/fr\/customer-benefits\/"},{"@type":"ListItem","position":3,"name":"Des t\u00eates pour tous les types de machines et syst\u00e8mes de mesure"}]},{"@type":"WebSite","@id":"https:\/\/spmaskiner.com\/fr\/#website","url":"https:\/\/spmaskiner.com\/fr\/","name":"SP Maskiner","description":"Always ahead","publisher":{"@id":"https:\/\/spmaskiner.com\/fr\/#organization"},"potentialAction":[{"@type":"SearchAction","target":{"@type":"EntryPoint","urlTemplate":"https:\/\/spmaskiner.com\/fr\/?s={search_term_string}"},"query-input":{"@type":"PropertyValueSpecification","valueRequired":true,"valueName":"search_term_string"}}],"inLanguage":"fr-FR"},{"@type":"Organization","@id":"https:\/\/spmaskiner.com\/fr\/#organization","name":"SP Maskiner","url":"https:\/\/spmaskiner.com\/fr\/","logo":{"@type":"ImageObject","inLanguage":"fr-FR","@id":"https:\/\/spmaskiner.com\/fr\/#\/schema\/logo\/image\/","url":"https:\/\/spmaskiner.com\/wp-content\/uploads\/2021\/03\/spmaskiner-logotyp.png","contentUrl":"https:\/\/spmaskiner.com\/wp-content\/uploads\/2021\/03\/spmaskiner-logotyp.png","width":350,"height":65,"caption":"SP Maskiner"},"image":{"@id":"https:\/\/spmaskiner.com\/fr\/#\/schema\/logo\/image\/"}}]}},"_links":{"self":[{"href":"https:\/\/spmaskiner.com\/fr\/wp-json\/wp\/v2\/pages\/9714","targetHints":{"allow":["GET"]}}],"collection":[{"href":"https:\/\/spmaskiner.com\/fr\/wp-json\/wp\/v2\/pages"}],"about":[{"href":"https:\/\/spmaskiner.com\/fr\/wp-json\/wp\/v2\/types\/page"}],"author":[{"embeddable":true,"href":"https:\/\/spmaskiner.com\/fr\/wp-json\/wp\/v2\/users\/2"}],"replies":[{"embeddable":true,"href":"https:\/\/spmaskiner.com\/fr\/wp-json\/wp\/v2\/comments?post=9714"}],"version-history":[{"count":1,"href":"https:\/\/spmaskiner.com\/fr\/wp-json\/wp\/v2\/pages\/9714\/revisions"}],"predecessor-version":[{"id":9715,"href":"https:\/\/spmaskiner.com\/fr\/wp-json\/wp\/v2\/pages\/9714\/revisions\/9715"}],"up":[{"embeddable":true,"href":"https:\/\/spmaskiner.com\/fr\/wp-json\/wp\/v2\/pages\/5840"}],"wp:attachment":[{"href":"https:\/\/spmaskiner.com\/fr\/wp-json\/wp\/v2\/media?parent=9714"}],"curies":[{"name":"wp","href":"https:\/\/api.w.org\/{rel}","templated":true}]}}