{"id":9726,"date":"2022-10-25T07:52:28","date_gmt":"2022-10-25T05:52:28","guid":{"rendered":"https:\/\/spmaskiner.com\/avantages-pour-les-clients\/des-tetes-productives-pour-les-excavatrices\/"},"modified":"2022-11-15T16:39:33","modified_gmt":"2022-11-15T15:39:33","slug":"des-tetes-productives-pour-les-excavatrices","status":"publish","type":"page","link":"https:\/\/spmaskiner.com\/fr\/avantages-pour-les-clients\/des-tetes-productives-pour-les-excavatrices\/","title":{"rendered":"Des t\u00eates productives pour les excavatrices"},"content":{"rendered":"\t\t<div data-elementor-type=\"wp-page\" data-elementor-id=\"9726\" class=\"elementor elementor-9726 elementor-9557\" data-elementor-post-type=\"page\">\n\t\t\t\t\t\t<section class=\"elementor-section elementor-top-section elementor-element elementor-element-190c45f elementor-section-boxed elementor-section-height-default elementor-section-height-default\" data-id=\"190c45f\" data-element_type=\"section\" data-e-type=\"section\">\n\t\t\t\t\t\t<div class=\"elementor-container elementor-column-gap-default\">\n\t\t\t\t\t<div class=\"elementor-column elementor-col-100 elementor-top-column elementor-element elementor-element-380323b6\" data-id=\"380323b6\" data-element_type=\"column\" data-e-type=\"column\">\n\t\t\t<div class=\"elementor-widget-wrap elementor-element-populated\">\n\t\t\t\t\t\t<div class=\"elementor-element elementor-element-578343ec elementor-widget elementor-widget-heading\" data-id=\"578343ec\" data-element_type=\"widget\" data-e-type=\"widget\" data-widget_type=\"heading.default\">\n\t\t\t\t<div class=\"elementor-widget-container\">\n\t\t\t\t\t<h1 class=\"elementor-heading-title elementor-size-default\">Des t\u00eates productives pour les excavatrices<\/h1>\t\t\t\t<\/div>\n\t\t\t\t<\/div>\n\t\t\t\t<div class=\"elementor-element elementor-element-0ccd9c5 elementor-widget elementor-widget-text-editor\" data-id=\"0ccd9c5\" data-element_type=\"widget\" data-e-type=\"widget\" data-widget_type=\"text-editor.default\">\n\t\t\t\t<div class=\"elementor-widget-container\">\n\t\t\t\t\t\t\t\t\t<p>Une t\u00eate SP vous permet de transformer facilement votre excavatrice en une abatteuse productive. Avec plus de quarante ans d\u2019exp\u00e9rience, nous pouvons honn\u00eatement dire que nous sommes des experts de l\u2019installation des t\u00eates et que nous savons ce dont vous avez besoin pour tirer le meilleur parti possible de votre machine et de votre t\u00eate. Au fil des ans, les t\u00eates SP ont \u00e9t\u00e9 install\u00e9es sur tous les mod\u00e8les et marques d\u2019excavatrices imaginables dans le monde entier et nous sommes fiers de dire que nous sommes aujourd\u2019hui l\u2019une des marques leaders sur le march\u00e9 mondial. Notre kit de conversion d\u2019excavatrice rassemble notre savoir-faire et notre exp\u00e9rience dans une documentation technique \u00e9tape par \u00e9tape, qui permet \u00e0 nos revendeurs et clients d\u2019effectuer l\u2019installation rapidement, facilement et sans aucun probl\u00e8me, avec le meilleur r\u00e9sultat possible. En outre, en tant que client SP, vous pouvez profiter d\u2019une analyse gratuite afin de d\u00e9finir vos besoins et de d\u00e9terminer comment maximiser au mieux votre production \u00e0 l\u2019aide de nos t\u00eates. Gr\u00e2ce \u00e0 notre savoir-faire, les clients SP peuvent toujours choisir en toute confiance.<br \/>\nToutes les t\u00eates SP sont con\u00e7ues conform\u00e9ment \u00e0 notre concept de faible frottement unique et se caract\u00e9risent par leurs hautes performances et leur grande vitesse d\u2019alimentation, ainsi que par leur consommation de carburant optimis\u00e9e. Un syst\u00e8me hydraulique intelligent et efficace avec des pertes de pression minimales offre une haute efficacit\u00e9 \u00e9nerg\u00e9tique et minimise le risque de surchauffe du syst\u00e8me. Ceci permet de prolonger consid\u00e9rablement la dur\u00e9e de service des composants de la machine et de la t\u00eate.<\/p>\n<p>Par cons\u00e9quent, notre concept garantit \u00e9galement des co\u00fbts de maintenance extr\u00eamement bas, un minimum d\u2019interruptions de production et un co\u00fbt total de possession avantageux. Avec leur syst\u00e8me hydraulique unique, les t\u00eates d\u2019abattage SP sont id\u00e9ales pour les excavatrices et vous permettent de disposer de tous les \u00e9l\u00e9ments n\u00e9cessaires pour assurer la productivit\u00e9 et la rentabilit\u00e9 de votre r\u00e9colte, quels que soient le type et les conditions de la r\u00e9colte.<\/p>\n\t\t\t\t\t\t\t\t<\/div>\n\t\t\t\t<\/div>\n\t\t\t\t<div class=\"elementor-element elementor-element-4c5a6be elementor-icon-list--layout-inline elementor-align-end elementor-list-item-link-full_width elementor-widget elementor-widget-icon-list\" data-id=\"4c5a6be\" data-element_type=\"widget\" data-e-type=\"widget\" data-widget_type=\"icon-list.default\">\n\t\t\t\t<div class=\"elementor-widget-container\">\n\t\t\t\t\t\t\t<ul class=\"elementor-icon-list-items elementor-inline-items\">\n\t\t\t\t\t\t\t<li class=\"elementor-icon-list-item elementor-inline-item\">\n\t\t\t\t\t\t\t\t\t\t\t<a href=\"https:\/\/spmaskiner.com\/wp-content\/uploads\/2022\/11\/productiveheadsforexcavators_Fr.pdf\" target=\"_blank\">\n\n\t\t\t\t\t\t\t\t\t\t\t\t<span class=\"elementor-icon-list-icon\">\n\t\t\t\t\t\t\t<i aria-hidden=\"true\" class=\"fas fa-file-pdf\"><\/i>\t\t\t\t\t\t<\/span>\n\t\t\t\t\t\t\t\t\t\t<span class=\"elementor-icon-list-text\">Brochure - Des t\u00eates productives pour les excavatrices<\/span>\n\t\t\t\t\t\t\t\t\t\t\t<\/a>\n\t\t\t\t\t\t\t\t\t<\/li>\n\t\t\t\t\t\t<\/ul>\n\t\t\t\t\t\t<\/div>\n\t\t\t\t<\/div>\n\t\t\t\t\t<\/div>\n\t\t<\/div>\n\t\t\t\t\t<\/div>\n\t\t<\/section>\n\t\t\t\t<section class=\"elementor-section elementor-top-section elementor-element elementor-element-bc4dae0 elementor-section-boxed elementor-section-height-default elementor-section-height-default\" data-id=\"bc4dae0\" data-element_type=\"section\" data-e-type=\"section\">\n\t\t\t\t\t\t<div class=\"elementor-container elementor-column-gap-default\">\n\t\t\t\t\t<div class=\"elementor-column elementor-col-33 elementor-top-column elementor-element elementor-element-7fd6320\" data-id=\"7fd6320\" data-element_type=\"column\" data-e-type=\"column\">\n\t\t\t<div class=\"elementor-widget-wrap elementor-element-populated\">\n\t\t\t\t\t\t<div class=\"elementor-element elementor-element-855dc69 elementor-widget elementor-widget-image\" data-id=\"855dc69\" data-element_type=\"widget\" data-e-type=\"widget\" data-widget_type=\"image.default\">\n\t\t\t\t<div class=\"elementor-widget-container\">\n\t\t\t\t\t\t\t\t\t\t\t\t\t\t\t<img loading=\"lazy\" decoding=\"async\" width=\"1024\" height=\"683\" src=\"https:\/\/spmaskiner.com\/wp-content\/uploads\/2022\/10\/174245968_4667029113323699_6238349744950711997_n.jpg\" class=\"attachment-large size-large wp-image-9560\" alt=\"Sk\u00f6rdaraggregat gr\u00e4vmaskin\" srcset=\"https:\/\/spmaskiner.com\/wp-content\/uploads\/2022\/10\/174245968_4667029113323699_6238349744950711997_n.jpg 1024w, https:\/\/spmaskiner.com\/wp-content\/uploads\/2022\/10\/174245968_4667029113323699_6238349744950711997_n-300x200.jpg 300w, https:\/\/spmaskiner.com\/wp-content\/uploads\/2022\/10\/174245968_4667029113323699_6238349744950711997_n-768x512.jpg 768w\" sizes=\"auto, (max-width: 1024px) 100vw, 1024px\" \/>\t\t\t\t\t\t\t\t\t\t\t\t\t\t\t<\/div>\n\t\t\t\t<\/div>\n\t\t\t\t\t<\/div>\n\t\t<\/div>\n\t\t\t\t<div class=\"elementor-column elementor-col-33 elementor-top-column elementor-element elementor-element-d0fff82\" data-id=\"d0fff82\" data-element_type=\"column\" data-e-type=\"column\">\n\t\t\t<div class=\"elementor-widget-wrap elementor-element-populated\">\n\t\t\t\t\t\t<div class=\"elementor-element elementor-element-624ab7f elementor-widget elementor-widget-image\" data-id=\"624ab7f\" data-element_type=\"widget\" data-e-type=\"widget\" data-widget_type=\"image.default\">\n\t\t\t\t<div class=\"elementor-widget-container\">\n\t\t\t\t\t\t\t\t\t\t\t\t\t\t\t<img loading=\"lazy\" decoding=\"async\" width=\"1024\" height=\"683\" src=\"https:\/\/spmaskiner.com\/wp-content\/uploads\/2022\/10\/IMG_1117-1024x683.jpg\" class=\"attachment-large size-large wp-image-9567\" alt=\"Sk\u00f6rdaraggregat gr\u00e4vmaskin\" srcset=\"https:\/\/spmaskiner.com\/wp-content\/uploads\/2022\/10\/IMG_1117-1024x683.jpg 1024w, https:\/\/spmaskiner.com\/wp-content\/uploads\/2022\/10\/IMG_1117-300x200.jpg 300w, https:\/\/spmaskiner.com\/wp-content\/uploads\/2022\/10\/IMG_1117-768x512.jpg 768w, https:\/\/spmaskiner.com\/wp-content\/uploads\/2022\/10\/IMG_1117-1536x1024.jpg 1536w, https:\/\/spmaskiner.com\/wp-content\/uploads\/2022\/10\/IMG_1117-2048x1365.jpg 2048w\" sizes=\"auto, (max-width: 1024px) 100vw, 1024px\" \/>\t\t\t\t\t\t\t\t\t\t\t\t\t\t\t<\/div>\n\t\t\t\t<\/div>\n\t\t\t\t\t<\/div>\n\t\t<\/div>\n\t\t\t\t<div class=\"elementor-column elementor-col-33 elementor-top-column elementor-element elementor-element-94195c7\" data-id=\"94195c7\" data-element_type=\"column\" data-e-type=\"column\">\n\t\t\t<div class=\"elementor-widget-wrap elementor-element-populated\">\n\t\t\t\t\t\t<div class=\"elementor-element elementor-element-f93ccbe elementor-widget elementor-widget-image\" data-id=\"f93ccbe\" data-element_type=\"widget\" data-e-type=\"widget\" data-widget_type=\"image.default\">\n\t\t\t\t<div class=\"elementor-widget-container\">\n\t\t\t\t\t\t\t\t\t\t\t\t\t\t\t<img loading=\"lazy\" decoding=\"async\" width=\"1024\" height=\"683\" src=\"https:\/\/spmaskiner.com\/wp-content\/uploads\/2022\/10\/IMG-20220107-WA0038-1024x683.jpg\" class=\"attachment-large size-large wp-image-9574\" alt=\"Sk\u00f6rdaraggregat gr\u00e4vmaskin\" srcset=\"https:\/\/spmaskiner.com\/wp-content\/uploads\/2022\/10\/IMG-20220107-WA0038-1024x683.jpg 1024w, https:\/\/spmaskiner.com\/wp-content\/uploads\/2022\/10\/IMG-20220107-WA0038-300x200.jpg 300w, https:\/\/spmaskiner.com\/wp-content\/uploads\/2022\/10\/IMG-20220107-WA0038-768x512.jpg 768w, https:\/\/spmaskiner.com\/wp-content\/uploads\/2022\/10\/IMG-20220107-WA0038-1536x1024.jpg 1536w, https:\/\/spmaskiner.com\/wp-content\/uploads\/2022\/10\/IMG-20220107-WA0038.jpg 1920w\" sizes=\"auto, (max-width: 1024px) 100vw, 1024px\" \/>\t\t\t\t\t\t\t\t\t\t\t\t\t\t\t<\/div>\n\t\t\t\t<\/div>\n\t\t\t\t\t<\/div>\n\t\t<\/div>\n\t\t\t\t\t<\/div>\n\t\t<\/section>\n\t\t\t\t<\/div>\n\t\t","protected":false},"excerpt":{"rendered":"<p>Des t\u00eates productives pour les excavatrices Une t\u00eate SP vous permet de transformer facilement votre excavatrice en une abatteuse productive. Avec plus de quarante ans d\u2019exp\u00e9rience, nous pouvons honn\u00eatement dire que nous sommes des experts de l\u2019installation des t\u00eates et que nous savons ce dont vous avez besoin pour tirer le meilleur parti possible de [&hellip;]<\/p>\n","protected":false},"author":2,"featured_media":0,"parent":5840,"menu_order":101,"comment_status":"closed","ping_status":"closed","template":"elementor_header_footer","meta":{"_acf_changed":false,"site-sidebar-layout":"no-sidebar","site-content-layout":"page-builder","ast-site-content-layout":"default","site-content-style":"default","site-sidebar-style":"default","ast-global-header-display":"","ast-banner-title-visibility":"","ast-main-header-display":"","ast-hfb-above-header-display":"","ast-hfb-below-header-display":"","ast-hfb-mobile-header-display":"","site-post-title":"disabled","ast-breadcrumbs-content":"","ast-featured-img":"disabled","footer-sml-layout":"","ast-disable-related-posts":"","theme-transparent-header-meta":"default","adv-header-id-meta":"","stick-header-meta":"","header-above-stick-meta":"","header-main-stick-meta":"","header-below-stick-meta":"","astra-migrate-meta-layouts":"default","ast-page-background-enabled":"default","ast-page-background-meta":{"desktop":{"background-color":"","background-image":"","background-repeat":"repeat","background-position":"center center","background-size":"auto","background-attachment":"scroll","background-type":"","background-media":"","overlay-type":"","overlay-color":"","overlay-opacity":"","overlay-gradient":""},"tablet":{"background-color":"","background-image":"","background-repeat":"repeat","background-position":"center center","background-size":"auto","background-attachment":"scroll","background-type":"","background-media":"","overlay-type":"","overlay-color":"","overlay-opacity":"","overlay-gradient":""},"mobile":{"background-color":"","background-image":"","background-repeat":"repeat","background-position":"center center","background-size":"auto","background-attachment":"scroll","background-type":"","background-media":"","overlay-type":"","overlay-color":"","overlay-opacity":"","overlay-gradient":""}},"ast-content-background-meta":{"desktop":{"background-color":"var(--ast-global-color-5)","background-image":"","background-repeat":"repeat","background-position":"center center","background-size":"auto","background-attachment":"scroll","background-type":"","background-media":"","overlay-type":"","overlay-color":"","overlay-opacity":"","overlay-gradient":""},"tablet":{"background-color":"var(--ast-global-color-5)","background-image":"","background-repeat":"repeat","background-position":"center center","background-size":"auto","background-attachment":"scroll","background-type":"","background-media":"","overlay-type":"","overlay-color":"","overlay-opacity":"","overlay-gradient":""},"mobile":{"background-color":"var(--ast-global-color-5)","background-image":"","background-repeat":"repeat","background-position":"center center","background-size":"auto","background-attachment":"scroll","background-type":"","background-media":"","overlay-type":"","overlay-color":"","overlay-opacity":"","overlay-gradient":""}},"footnotes":""},"class_list":["post-9726","page","type-page","status-publish","hentry"],"acf":[],"yoast_head":"<!-- This site is optimized with the Yoast SEO plugin v26.9 - https:\/\/yoast.com\/product\/yoast-seo-wordpress\/ -->\n<title>Des t\u00eates productives pour les excavatrices - SP Maskiner<\/title>\n<meta name=\"robots\" content=\"index, follow, max-snippet:-1, max-image-preview:large, max-video-preview:-1\" \/>\n<link rel=\"canonical\" href=\"https:\/\/spmaskiner.com\/fr\/avantages-pour-les-clients\/des-tetes-productives-pour-les-excavatrices\/\" \/>\n<meta property=\"og:locale\" content=\"fr_FR\" \/>\n<meta property=\"og:type\" content=\"article\" \/>\n<meta property=\"og:title\" content=\"Des t\u00eates productives pour les excavatrices - SP Maskiner\" \/>\n<meta property=\"og:description\" content=\"Des t\u00eates productives pour les excavatrices Une t\u00eate SP vous permet de transformer facilement votre excavatrice en une abatteuse productive. Avec plus de quarante ans d\u2019exp\u00e9rience, nous pouvons honn\u00eatement dire que nous sommes des experts de l\u2019installation des t\u00eates et que nous savons ce dont vous avez besoin pour tirer le meilleur parti possible de [&hellip;]\" \/>\n<meta property=\"og:url\" content=\"https:\/\/spmaskiner.com\/fr\/avantages-pour-les-clients\/des-tetes-productives-pour-les-excavatrices\/\" \/>\n<meta property=\"og:site_name\" content=\"SP Maskiner\" \/>\n<meta property=\"article:modified_time\" content=\"2022-11-15T15:39:33+00:00\" \/>\n<meta property=\"og:image\" content=\"https:\/\/spmaskiner.com\/wp-content\/uploads\/2022\/10\/174245968_4667029113323699_6238349744950711997_n.jpg\" \/>\n\t<meta property=\"og:image:width\" content=\"1024\" \/>\n\t<meta property=\"og:image:height\" content=\"683\" \/>\n\t<meta property=\"og:image:type\" content=\"image\/jpeg\" \/>\n<meta name=\"twitter:card\" content=\"summary_large_image\" \/>\n<script type=\"application\/ld+json\" class=\"yoast-schema-graph\">{\"@context\":\"https:\/\/schema.org\",\"@graph\":[{\"@type\":\"WebPage\",\"@id\":\"https:\/\/spmaskiner.com\/fr\/avantages-pour-les-clients\/des-tetes-productives-pour-les-excavatrices\/\",\"url\":\"https:\/\/spmaskiner.com\/fr\/avantages-pour-les-clients\/des-tetes-productives-pour-les-excavatrices\/\",\"name\":\"Des t\u00eates productives pour les excavatrices - SP Maskiner\",\"isPartOf\":{\"@id\":\"https:\/\/spmaskiner.com\/fr\/#website\"},\"primaryImageOfPage\":{\"@id\":\"https:\/\/spmaskiner.com\/fr\/avantages-pour-les-clients\/des-tetes-productives-pour-les-excavatrices\/#primaryimage\"},\"image\":{\"@id\":\"https:\/\/spmaskiner.com\/fr\/avantages-pour-les-clients\/des-tetes-productives-pour-les-excavatrices\/#primaryimage\"},\"thumbnailUrl\":\"https:\/\/spmaskiner.com\/wp-content\/uploads\/2022\/10\/174245968_4667029113323699_6238349744950711997_n.jpg\",\"datePublished\":\"2022-10-25T05:52:28+00:00\",\"dateModified\":\"2022-11-15T15:39:33+00:00\",\"breadcrumb\":{\"@id\":\"https:\/\/spmaskiner.com\/fr\/avantages-pour-les-clients\/des-tetes-productives-pour-les-excavatrices\/#breadcrumb\"},\"inLanguage\":\"fr-FR\",\"potentialAction\":[{\"@type\":\"ReadAction\",\"target\":[\"https:\/\/spmaskiner.com\/fr\/avantages-pour-les-clients\/des-tetes-productives-pour-les-excavatrices\/\"]}]},{\"@type\":\"ImageObject\",\"inLanguage\":\"fr-FR\",\"@id\":\"https:\/\/spmaskiner.com\/fr\/avantages-pour-les-clients\/des-tetes-productives-pour-les-excavatrices\/#primaryimage\",\"url\":\"https:\/\/spmaskiner.com\/wp-content\/uploads\/2022\/10\/174245968_4667029113323699_6238349744950711997_n.jpg\",\"contentUrl\":\"https:\/\/spmaskiner.com\/wp-content\/uploads\/2022\/10\/174245968_4667029113323699_6238349744950711997_n.jpg\"},{\"@type\":\"BreadcrumbList\",\"@id\":\"https:\/\/spmaskiner.com\/fr\/avantages-pour-les-clients\/des-tetes-productives-pour-les-excavatrices\/#breadcrumb\",\"itemListElement\":[{\"@type\":\"ListItem\",\"position\":1,\"name\":\"Home\",\"item\":\"https:\/\/spmaskiner.com\/fr\/\"},{\"@type\":\"ListItem\",\"position\":2,\"name\":\"Avantages pour les clients\",\"item\":\"https:\/\/spmaskiner.com\/fr\/customer-benefits\/\"},{\"@type\":\"ListItem\",\"position\":3,\"name\":\"Des t\u00eates productives pour les excavatrices\"}]},{\"@type\":\"WebSite\",\"@id\":\"https:\/\/spmaskiner.com\/fr\/#website\",\"url\":\"https:\/\/spmaskiner.com\/fr\/\",\"name\":\"SP Maskiner\",\"description\":\"Always ahead\",\"publisher\":{\"@id\":\"https:\/\/spmaskiner.com\/fr\/#organization\"},\"potentialAction\":[{\"@type\":\"SearchAction\",\"target\":{\"@type\":\"EntryPoint\",\"urlTemplate\":\"https:\/\/spmaskiner.com\/fr\/?s={search_term_string}\"},\"query-input\":{\"@type\":\"PropertyValueSpecification\",\"valueRequired\":true,\"valueName\":\"search_term_string\"}}],\"inLanguage\":\"fr-FR\"},{\"@type\":\"Organization\",\"@id\":\"https:\/\/spmaskiner.com\/fr\/#organization\",\"name\":\"SP Maskiner\",\"url\":\"https:\/\/spmaskiner.com\/fr\/\",\"logo\":{\"@type\":\"ImageObject\",\"inLanguage\":\"fr-FR\",\"@id\":\"https:\/\/spmaskiner.com\/fr\/#\/schema\/logo\/image\/\",\"url\":\"https:\/\/spmaskiner.com\/wp-content\/uploads\/2021\/03\/spmaskiner-logotyp.png\",\"contentUrl\":\"https:\/\/spmaskiner.com\/wp-content\/uploads\/2021\/03\/spmaskiner-logotyp.png\",\"width\":350,\"height\":65,\"caption\":\"SP Maskiner\"},\"image\":{\"@id\":\"https:\/\/spmaskiner.com\/fr\/#\/schema\/logo\/image\/\"}}]}<\/script>\n<!-- \/ Yoast SEO plugin. -->","yoast_head_json":{"title":"Des t\u00eates productives pour les excavatrices - SP Maskiner","robots":{"index":"index","follow":"follow","max-snippet":"max-snippet:-1","max-image-preview":"max-image-preview:large","max-video-preview":"max-video-preview:-1"},"canonical":"https:\/\/spmaskiner.com\/fr\/avantages-pour-les-clients\/des-tetes-productives-pour-les-excavatrices\/","og_locale":"fr_FR","og_type":"article","og_title":"Des t\u00eates productives pour les excavatrices - SP Maskiner","og_description":"Des t\u00eates productives pour les excavatrices Une t\u00eate SP vous permet de transformer facilement votre excavatrice en une abatteuse productive. Avec plus de quarante ans d\u2019exp\u00e9rience, nous pouvons honn\u00eatement dire que nous sommes des experts de l\u2019installation des t\u00eates et que nous savons ce dont vous avez besoin pour tirer le meilleur parti possible de [&hellip;]","og_url":"https:\/\/spmaskiner.com\/fr\/avantages-pour-les-clients\/des-tetes-productives-pour-les-excavatrices\/","og_site_name":"SP Maskiner","article_modified_time":"2022-11-15T15:39:33+00:00","og_image":[{"width":1024,"height":683,"url":"https:\/\/spmaskiner.com\/wp-content\/uploads\/2022\/10\/174245968_4667029113323699_6238349744950711997_n.jpg","type":"image\/jpeg"}],"twitter_card":"summary_large_image","schema":{"@context":"https:\/\/schema.org","@graph":[{"@type":"WebPage","@id":"https:\/\/spmaskiner.com\/fr\/avantages-pour-les-clients\/des-tetes-productives-pour-les-excavatrices\/","url":"https:\/\/spmaskiner.com\/fr\/avantages-pour-les-clients\/des-tetes-productives-pour-les-excavatrices\/","name":"Des t\u00eates productives pour les excavatrices - SP Maskiner","isPartOf":{"@id":"https:\/\/spmaskiner.com\/fr\/#website"},"primaryImageOfPage":{"@id":"https:\/\/spmaskiner.com\/fr\/avantages-pour-les-clients\/des-tetes-productives-pour-les-excavatrices\/#primaryimage"},"image":{"@id":"https:\/\/spmaskiner.com\/fr\/avantages-pour-les-clients\/des-tetes-productives-pour-les-excavatrices\/#primaryimage"},"thumbnailUrl":"https:\/\/spmaskiner.com\/wp-content\/uploads\/2022\/10\/174245968_4667029113323699_6238349744950711997_n.jpg","datePublished":"2022-10-25T05:52:28+00:00","dateModified":"2022-11-15T15:39:33+00:00","breadcrumb":{"@id":"https:\/\/spmaskiner.com\/fr\/avantages-pour-les-clients\/des-tetes-productives-pour-les-excavatrices\/#breadcrumb"},"inLanguage":"fr-FR","potentialAction":[{"@type":"ReadAction","target":["https:\/\/spmaskiner.com\/fr\/avantages-pour-les-clients\/des-tetes-productives-pour-les-excavatrices\/"]}]},{"@type":"ImageObject","inLanguage":"fr-FR","@id":"https:\/\/spmaskiner.com\/fr\/avantages-pour-les-clients\/des-tetes-productives-pour-les-excavatrices\/#primaryimage","url":"https:\/\/spmaskiner.com\/wp-content\/uploads\/2022\/10\/174245968_4667029113323699_6238349744950711997_n.jpg","contentUrl":"https:\/\/spmaskiner.com\/wp-content\/uploads\/2022\/10\/174245968_4667029113323699_6238349744950711997_n.jpg"},{"@type":"BreadcrumbList","@id":"https:\/\/spmaskiner.com\/fr\/avantages-pour-les-clients\/des-tetes-productives-pour-les-excavatrices\/#breadcrumb","itemListElement":[{"@type":"ListItem","position":1,"name":"Home","item":"https:\/\/spmaskiner.com\/fr\/"},{"@type":"ListItem","position":2,"name":"Avantages pour les clients","item":"https:\/\/spmaskiner.com\/fr\/customer-benefits\/"},{"@type":"ListItem","position":3,"name":"Des t\u00eates productives pour les excavatrices"}]},{"@type":"WebSite","@id":"https:\/\/spmaskiner.com\/fr\/#website","url":"https:\/\/spmaskiner.com\/fr\/","name":"SP Maskiner","description":"Always ahead","publisher":{"@id":"https:\/\/spmaskiner.com\/fr\/#organization"},"potentialAction":[{"@type":"SearchAction","target":{"@type":"EntryPoint","urlTemplate":"https:\/\/spmaskiner.com\/fr\/?s={search_term_string}"},"query-input":{"@type":"PropertyValueSpecification","valueRequired":true,"valueName":"search_term_string"}}],"inLanguage":"fr-FR"},{"@type":"Organization","@id":"https:\/\/spmaskiner.com\/fr\/#organization","name":"SP Maskiner","url":"https:\/\/spmaskiner.com\/fr\/","logo":{"@type":"ImageObject","inLanguage":"fr-FR","@id":"https:\/\/spmaskiner.com\/fr\/#\/schema\/logo\/image\/","url":"https:\/\/spmaskiner.com\/wp-content\/uploads\/2021\/03\/spmaskiner-logotyp.png","contentUrl":"https:\/\/spmaskiner.com\/wp-content\/uploads\/2021\/03\/spmaskiner-logotyp.png","width":350,"height":65,"caption":"SP Maskiner"},"image":{"@id":"https:\/\/spmaskiner.com\/fr\/#\/schema\/logo\/image\/"}}]}},"_links":{"self":[{"href":"https:\/\/spmaskiner.com\/fr\/wp-json\/wp\/v2\/pages\/9726","targetHints":{"allow":["GET"]}}],"collection":[{"href":"https:\/\/spmaskiner.com\/fr\/wp-json\/wp\/v2\/pages"}],"about":[{"href":"https:\/\/spmaskiner.com\/fr\/wp-json\/wp\/v2\/types\/page"}],"author":[{"embeddable":true,"href":"https:\/\/spmaskiner.com\/fr\/wp-json\/wp\/v2\/users\/2"}],"replies":[{"embeddable":true,"href":"https:\/\/spmaskiner.com\/fr\/wp-json\/wp\/v2\/comments?post=9726"}],"version-history":[{"count":1,"href":"https:\/\/spmaskiner.com\/fr\/wp-json\/wp\/v2\/pages\/9726\/revisions"}],"predecessor-version":[{"id":9727,"href":"https:\/\/spmaskiner.com\/fr\/wp-json\/wp\/v2\/pages\/9726\/revisions\/9727"}],"up":[{"embeddable":true,"href":"https:\/\/spmaskiner.com\/fr\/wp-json\/wp\/v2\/pages\/5840"}],"wp:attachment":[{"href":"https:\/\/spmaskiner.com\/fr\/wp-json\/wp\/v2\/media?parent=9726"}],"curies":[{"name":"wp","href":"https:\/\/api.w.org\/{rel}","templated":true}]}}