{"id":9754,"date":"2022-04-21T14:11:52","date_gmt":"2022-04-21T12:11:52","guid":{"rendered":"https:\/\/spmaskiner.com\/avantages-pour-les-clients\/fabrication-de-qualite\/"},"modified":"2022-11-15T16:49:50","modified_gmt":"2022-11-15T15:49:50","slug":"fabrication-de-qualite","status":"publish","type":"page","link":"https:\/\/spmaskiner.com\/fr\/avantages-pour-les-clients\/fabrication-de-qualite\/","title":{"rendered":"Fabrication de qualit\u00e9"},"content":{"rendered":"\t\t<div data-elementor-type=\"wp-page\" data-elementor-id=\"9754\" class=\"elementor elementor-9754 elementor-7225\" data-elementor-post-type=\"page\">\n\t\t\t\t\t\t<section class=\"elementor-section elementor-top-section elementor-element elementor-element-190c45f elementor-section-boxed elementor-section-height-default elementor-section-height-default\" data-id=\"190c45f\" data-element_type=\"section\" data-e-type=\"section\">\n\t\t\t\t\t\t<div class=\"elementor-container elementor-column-gap-default\">\n\t\t\t\t\t<div class=\"elementor-column elementor-col-100 elementor-top-column elementor-element elementor-element-380323b6\" data-id=\"380323b6\" data-element_type=\"column\" data-e-type=\"column\">\n\t\t\t<div class=\"elementor-widget-wrap elementor-element-populated\">\n\t\t\t\t\t\t<div class=\"elementor-element elementor-element-578343ec elementor-widget elementor-widget-heading\" data-id=\"578343ec\" data-element_type=\"widget\" data-e-type=\"widget\" data-widget_type=\"heading.default\">\n\t\t\t\t<div class=\"elementor-widget-container\">\n\t\t\t\t\t<h1 class=\"elementor-heading-title elementor-size-default\">Fabrication de qualit\u00e9<\/h1>\t\t\t\t<\/div>\n\t\t\t\t<\/div>\n\t\t\t\t<div class=\"elementor-element elementor-element-0ccd9c5 elementor-widget elementor-widget-text-editor\" data-id=\"0ccd9c5\" data-element_type=\"widget\" data-e-type=\"widget\" data-widget_type=\"text-editor.default\">\n\t\t\t\t<div class=\"elementor-widget-container\">\n\t\t\t\t\t\t\t\t\t<p><strong>Fabrication de qualit\u00e9 sur toute la ligne<\/strong><\/p>\n<p>Chez SP Maskiner, la qualit\u00e9 est toujours la premi\u00e8re priorit\u00e9 et chaque t\u00eate qui sort de notre usine est le r\u00e9sultat d\u2019une solide expertise et d\u2019une bonne dose de fiert\u00e9 professionnelle. Gr\u00e2ce \u00e0 l\u2019attention port\u00e9e \u00e0 tous les d\u00e9tails \u00e0 chaque \u00e9tape de notre processus \u2013 couvrant tous les aspects, depuis le choix des mat\u00e9riaux jusqu\u2019aux conceptions, au soudage et aux inspections finales \u2013 nous savons toujours que chaque t\u00eate fonctionnera parfaitement \u00e0 la livraison et que l\u2019installation et la mise en route se feront sans probl\u00e8me.<\/p>\n<p>Chaque pi\u00e8ce de la t\u00eate est soigneusement s\u00e9lectionn\u00e9e afin de garantir que tous les \u00e9l\u00e9ments \u2013 depuis le mat\u00e9riau du cadre jusqu\u2019aux composants tels que les vannes hydrauliques, v\u00e9rins, capteurs et couteaux d\u2019\u00e9branchage \u2013 offrent la plus haute qualit\u00e9 possible. En nous appuyant sur notre vaste exp\u00e9rience et notre expertise approfondie de la fabrication des t\u00eates, nous avons d\u00e9cid\u00e9 de travailler en grande partie avec des composants moul\u00e9s, par exemple pour les cadres et les couteaux, car nous savons qu\u2019ils permettent d\u2019obtenir une t\u00eate extr\u00eamement robuste et durable. Cette d\u00e9cision d\u2019utiliser des composants moul\u00e9s donne \u00e0 SP une approche unique de la fabrication des t\u00eates, ainsi que l\u2019attention que nous portons aux moindres d\u00e9tails \u00e0 chaque \u00e9tape du processus. Des composants soigneusement s\u00e9lectionn\u00e9s associ\u00e9s \u00e0 une extr\u00eame pr\u00e9cision de tous les travaux de soudage garantissent des t\u00eates offrant une dur\u00e9e de service maximis\u00e9e et une maintenance minimale du cadre. La haute priorit\u00e9 que nous accordons \u00e0 la qualit\u00e9 de notre travail signifie que nous suivons toujours un processus contr\u00f4l\u00e9 afin de garantir des r\u00e9sultats parfaits \u00e0 chaque fois.<\/p>\n<p>Aucune t\u00eate ne sort de notre usine sans avoir \u00e9t\u00e9 contr\u00f4l\u00e9e conform\u00e9ment \u00e0 notre programme approfondi de mise \u00e0 l\u2019essai, SP Quality<br \/>\nAssurance. Ce protocole d\u00e9crit en d\u00e9tail les points \u00e0 contr\u00f4ler et les tests \u00e0 r\u00e9aliser, ce qui garantit que toutes les fonctions sont v\u00e9rifi\u00e9es avant la livraison et que rien n\u2019est laiss\u00e9 au hasard.<\/p>\n<p>En tant que fabricant de t\u00eates, nous avons \u00e9tabli de strictes exigences pour nous-m\u00eames et nous sommes fiers d\u2019affirmer que nos clients peuvent toujours s\u2019attendre \u00e0 obtenir la meilleure qualit\u00e9 lorsqu\u2019ils choisissent une t\u00eate SP.<\/p>\n\t\t\t\t\t\t\t\t<\/div>\n\t\t\t\t<\/div>\n\t\t\t\t<div class=\"elementor-element elementor-element-4c5a6be elementor-icon-list--layout-inline elementor-align-end elementor-list-item-link-full_width elementor-widget elementor-widget-icon-list\" data-id=\"4c5a6be\" data-element_type=\"widget\" data-e-type=\"widget\" data-widget_type=\"icon-list.default\">\n\t\t\t\t<div class=\"elementor-widget-container\">\n\t\t\t\t\t\t\t<ul class=\"elementor-icon-list-items elementor-inline-items\">\n\t\t\t\t\t\t\t<li class=\"elementor-icon-list-item elementor-inline-item\">\n\t\t\t\t\t\t\t\t\t\t\t<a href=\"https:\/\/spmaskiner.com\/wp-content\/uploads\/2022\/11\/qualitymanufacturing_Fr.pdf\">\n\n\t\t\t\t\t\t\t\t\t\t\t\t<span class=\"elementor-icon-list-icon\">\n\t\t\t\t\t\t\t<i aria-hidden=\"true\" class=\"fas fa-file-pdf\"><\/i>\t\t\t\t\t\t<\/span>\n\t\t\t\t\t\t\t\t\t\t<span class=\"elementor-icon-list-text\">Brochure - Fabrication de qualit\u00e9<\/span>\n\t\t\t\t\t\t\t\t\t\t\t<\/a>\n\t\t\t\t\t\t\t\t\t<\/li>\n\t\t\t\t\t\t<\/ul>\n\t\t\t\t\t\t<\/div>\n\t\t\t\t<\/div>\n\t\t\t\t\t<\/div>\n\t\t<\/div>\n\t\t\t\t\t<\/div>\n\t\t<\/section>\n\t\t\t\t<section class=\"elementor-section elementor-top-section elementor-element elementor-element-0862548 elementor-section-boxed elementor-section-height-default elementor-section-height-default\" data-id=\"0862548\" data-element_type=\"section\" data-e-type=\"section\">\n\t\t\t\t\t\t<div class=\"elementor-container elementor-column-gap-default\">\n\t\t\t\t\t<div class=\"elementor-column elementor-col-100 elementor-top-column elementor-element elementor-element-cd8c7cf\" data-id=\"cd8c7cf\" data-element_type=\"column\" data-e-type=\"column\">\n\t\t\t<div class=\"elementor-widget-wrap elementor-element-populated\">\n\t\t\t\t\t\t<div class=\"elementor-element elementor-element-07841ae elementor-widget elementor-widget-image\" data-id=\"07841ae\" data-element_type=\"widget\" data-e-type=\"widget\" data-widget_type=\"image.default\">\n\t\t\t\t<div class=\"elementor-widget-container\">\n\t\t\t\t\t\t\t\t\t\t\t\t\t\t\t<img loading=\"lazy\" decoding=\"async\" width=\"1024\" height=\"683\" src=\"https:\/\/spmaskiner.com\/wp-content\/uploads\/2022\/04\/DSC05966-1024x683.jpg\" class=\"attachment-large size-large wp-image-7228\" alt=\"Tillverkningskvalitet\" srcset=\"https:\/\/spmaskiner.com\/wp-content\/uploads\/2022\/04\/DSC05966-1024x683.jpg 1024w, https:\/\/spmaskiner.com\/wp-content\/uploads\/2022\/04\/DSC05966-300x200.jpg 300w, https:\/\/spmaskiner.com\/wp-content\/uploads\/2022\/04\/DSC05966-768x512.jpg 768w, https:\/\/spmaskiner.com\/wp-content\/uploads\/2022\/04\/DSC05966-1536x1024.jpg 1536w, https:\/\/spmaskiner.com\/wp-content\/uploads\/2022\/04\/DSC05966-2048x1366.jpg 2048w\" sizes=\"auto, (max-width: 1024px) 100vw, 1024px\" \/>\t\t\t\t\t\t\t\t\t\t\t\t\t\t\t<\/div>\n\t\t\t\t<\/div>\n\t\t\t\t\t<\/div>\n\t\t<\/div>\n\t\t\t\t\t<\/div>\n\t\t<\/section>\n\t\t\t\t<\/div>\n\t\t","protected":false},"excerpt":{"rendered":"<p>Fabrication de qualit\u00e9 Fabrication de qualit\u00e9 sur toute la ligne Chez SP Maskiner, la qualit\u00e9 est toujours la premi\u00e8re priorit\u00e9 et chaque t\u00eate qui sort de notre usine est le r\u00e9sultat d\u2019une solide expertise et d\u2019une bonne dose de fiert\u00e9 professionnelle. Gr\u00e2ce \u00e0 l\u2019attention port\u00e9e \u00e0 tous les d\u00e9tails \u00e0 chaque \u00e9tape de notre processus [&hellip;]<\/p>\n","protected":false},"author":2,"featured_media":0,"parent":5840,"menu_order":106,"comment_status":"closed","ping_status":"closed","template":"elementor_header_footer","meta":{"_acf_changed":false,"site-sidebar-layout":"no-sidebar","site-content-layout":"page-builder","ast-site-content-layout":"default","site-content-style":"default","site-sidebar-style":"default","ast-global-header-display":"","ast-banner-title-visibility":"","ast-main-header-display":"","ast-hfb-above-header-display":"","ast-hfb-below-header-display":"","ast-hfb-mobile-header-display":"","site-post-title":"disabled","ast-breadcrumbs-content":"","ast-featured-img":"disabled","footer-sml-layout":"","ast-disable-related-posts":"","theme-transparent-header-meta":"default","adv-header-id-meta":"","stick-header-meta":"","header-above-stick-meta":"","header-main-stick-meta":"","header-below-stick-meta":"","astra-migrate-meta-layouts":"default","ast-page-background-enabled":"default","ast-page-background-meta":{"desktop":{"background-color":"","background-image":"","background-repeat":"repeat","background-position":"center center","background-size":"auto","background-attachment":"scroll","background-type":"","background-media":"","overlay-type":"","overlay-color":"","overlay-opacity":"","overlay-gradient":""},"tablet":{"background-color":"","background-image":"","background-repeat":"repeat","background-position":"center center","background-size":"auto","background-attachment":"scroll","background-type":"","background-media":"","overlay-type":"","overlay-color":"","overlay-opacity":"","overlay-gradient":""},"mobile":{"background-color":"","background-image":"","background-repeat":"repeat","background-position":"center center","background-size":"auto","background-attachment":"scroll","background-type":"","background-media":"","overlay-type":"","overlay-color":"","overlay-opacity":"","overlay-gradient":""}},"ast-content-background-meta":{"desktop":{"background-color":"var(--ast-global-color-5)","background-image":"","background-repeat":"repeat","background-position":"center center","background-size":"auto","background-attachment":"scroll","background-type":"","background-media":"","overlay-type":"","overlay-color":"","overlay-opacity":"","overlay-gradient":""},"tablet":{"background-color":"var(--ast-global-color-5)","background-image":"","background-repeat":"repeat","background-position":"center center","background-size":"auto","background-attachment":"scroll","background-type":"","background-media":"","overlay-type":"","overlay-color":"","overlay-opacity":"","overlay-gradient":""},"mobile":{"background-color":"var(--ast-global-color-5)","background-image":"","background-repeat":"repeat","background-position":"center center","background-size":"auto","background-attachment":"scroll","background-type":"","background-media":"","overlay-type":"","overlay-color":"","overlay-opacity":"","overlay-gradient":""}},"footnotes":""},"class_list":["post-9754","page","type-page","status-publish","hentry"],"acf":[],"yoast_head":"<!-- This site is optimized with the Yoast SEO plugin v26.9 - https:\/\/yoast.com\/product\/yoast-seo-wordpress\/ -->\n<title>Fabrication de qualit\u00e9 - SP Maskiner<\/title>\n<meta name=\"robots\" content=\"index, follow, max-snippet:-1, max-image-preview:large, max-video-preview:-1\" \/>\n<link rel=\"canonical\" href=\"https:\/\/spmaskiner.com\/fr\/avantages-pour-les-clients\/fabrication-de-qualite\/\" \/>\n<meta property=\"og:locale\" content=\"fr_FR\" \/>\n<meta property=\"og:type\" content=\"article\" \/>\n<meta property=\"og:title\" content=\"Fabrication de qualit\u00e9 - SP Maskiner\" \/>\n<meta property=\"og:description\" content=\"Fabrication de qualit\u00e9 Fabrication de qualit\u00e9 sur toute la ligne Chez SP Maskiner, la qualit\u00e9 est toujours la premi\u00e8re priorit\u00e9 et chaque t\u00eate qui sort de notre usine est le r\u00e9sultat d\u2019une solide expertise et d\u2019une bonne dose de fiert\u00e9 professionnelle. Gr\u00e2ce \u00e0 l\u2019attention port\u00e9e \u00e0 tous les d\u00e9tails \u00e0 chaque \u00e9tape de notre processus [&hellip;]\" \/>\n<meta property=\"og:url\" content=\"https:\/\/spmaskiner.com\/fr\/avantages-pour-les-clients\/fabrication-de-qualite\/\" \/>\n<meta property=\"og:site_name\" content=\"SP Maskiner\" \/>\n<meta property=\"article:modified_time\" content=\"2022-11-15T15:49:50+00:00\" \/>\n<meta property=\"og:image\" content=\"https:\/\/spmaskiner.com\/wp-content\/uploads\/2022\/04\/DSC05966-scaled.jpg\" \/>\n\t<meta property=\"og:image:width\" content=\"2560\" \/>\n\t<meta property=\"og:image:height\" content=\"1707\" \/>\n\t<meta property=\"og:image:type\" content=\"image\/jpeg\" \/>\n<meta name=\"twitter:card\" content=\"summary_large_image\" \/>\n<script type=\"application\/ld+json\" class=\"yoast-schema-graph\">{\"@context\":\"https:\/\/schema.org\",\"@graph\":[{\"@type\":\"WebPage\",\"@id\":\"https:\/\/spmaskiner.com\/fr\/avantages-pour-les-clients\/fabrication-de-qualite\/\",\"url\":\"https:\/\/spmaskiner.com\/fr\/avantages-pour-les-clients\/fabrication-de-qualite\/\",\"name\":\"Fabrication de qualit\u00e9 - SP Maskiner\",\"isPartOf\":{\"@id\":\"https:\/\/spmaskiner.com\/fr\/#website\"},\"primaryImageOfPage\":{\"@id\":\"https:\/\/spmaskiner.com\/fr\/avantages-pour-les-clients\/fabrication-de-qualite\/#primaryimage\"},\"image\":{\"@id\":\"https:\/\/spmaskiner.com\/fr\/avantages-pour-les-clients\/fabrication-de-qualite\/#primaryimage\"},\"thumbnailUrl\":\"https:\/\/spmaskiner.com\/wp-content\/uploads\/2022\/04\/DSC05966-1024x683.jpg\",\"datePublished\":\"2022-04-21T12:11:52+00:00\",\"dateModified\":\"2022-11-15T15:49:50+00:00\",\"breadcrumb\":{\"@id\":\"https:\/\/spmaskiner.com\/fr\/avantages-pour-les-clients\/fabrication-de-qualite\/#breadcrumb\"},\"inLanguage\":\"fr-FR\",\"potentialAction\":[{\"@type\":\"ReadAction\",\"target\":[\"https:\/\/spmaskiner.com\/fr\/avantages-pour-les-clients\/fabrication-de-qualite\/\"]}]},{\"@type\":\"ImageObject\",\"inLanguage\":\"fr-FR\",\"@id\":\"https:\/\/spmaskiner.com\/fr\/avantages-pour-les-clients\/fabrication-de-qualite\/#primaryimage\",\"url\":\"https:\/\/spmaskiner.com\/wp-content\/uploads\/2022\/04\/DSC05966-1024x683.jpg\",\"contentUrl\":\"https:\/\/spmaskiner.com\/wp-content\/uploads\/2022\/04\/DSC05966-1024x683.jpg\"},{\"@type\":\"BreadcrumbList\",\"@id\":\"https:\/\/spmaskiner.com\/fr\/avantages-pour-les-clients\/fabrication-de-qualite\/#breadcrumb\",\"itemListElement\":[{\"@type\":\"ListItem\",\"position\":1,\"name\":\"Home\",\"item\":\"https:\/\/spmaskiner.com\/fr\/\"},{\"@type\":\"ListItem\",\"position\":2,\"name\":\"Avantages pour les clients\",\"item\":\"https:\/\/spmaskiner.com\/fr\/customer-benefits\/\"},{\"@type\":\"ListItem\",\"position\":3,\"name\":\"Fabrication de qualit\u00e9\"}]},{\"@type\":\"WebSite\",\"@id\":\"https:\/\/spmaskiner.com\/fr\/#website\",\"url\":\"https:\/\/spmaskiner.com\/fr\/\",\"name\":\"SP Maskiner\",\"description\":\"Always ahead\",\"publisher\":{\"@id\":\"https:\/\/spmaskiner.com\/fr\/#organization\"},\"potentialAction\":[{\"@type\":\"SearchAction\",\"target\":{\"@type\":\"EntryPoint\",\"urlTemplate\":\"https:\/\/spmaskiner.com\/fr\/?s={search_term_string}\"},\"query-input\":{\"@type\":\"PropertyValueSpecification\",\"valueRequired\":true,\"valueName\":\"search_term_string\"}}],\"inLanguage\":\"fr-FR\"},{\"@type\":\"Organization\",\"@id\":\"https:\/\/spmaskiner.com\/fr\/#organization\",\"name\":\"SP Maskiner\",\"url\":\"https:\/\/spmaskiner.com\/fr\/\",\"logo\":{\"@type\":\"ImageObject\",\"inLanguage\":\"fr-FR\",\"@id\":\"https:\/\/spmaskiner.com\/fr\/#\/schema\/logo\/image\/\",\"url\":\"https:\/\/spmaskiner.com\/wp-content\/uploads\/2021\/03\/spmaskiner-logotyp.png\",\"contentUrl\":\"https:\/\/spmaskiner.com\/wp-content\/uploads\/2021\/03\/spmaskiner-logotyp.png\",\"width\":350,\"height\":65,\"caption\":\"SP Maskiner\"},\"image\":{\"@id\":\"https:\/\/spmaskiner.com\/fr\/#\/schema\/logo\/image\/\"}}]}<\/script>\n<!-- \/ Yoast SEO plugin. -->","yoast_head_json":{"title":"Fabrication de qualit\u00e9 - SP Maskiner","robots":{"index":"index","follow":"follow","max-snippet":"max-snippet:-1","max-image-preview":"max-image-preview:large","max-video-preview":"max-video-preview:-1"},"canonical":"https:\/\/spmaskiner.com\/fr\/avantages-pour-les-clients\/fabrication-de-qualite\/","og_locale":"fr_FR","og_type":"article","og_title":"Fabrication de qualit\u00e9 - SP Maskiner","og_description":"Fabrication de qualit\u00e9 Fabrication de qualit\u00e9 sur toute la ligne Chez SP Maskiner, la qualit\u00e9 est toujours la premi\u00e8re priorit\u00e9 et chaque t\u00eate qui sort de notre usine est le r\u00e9sultat d\u2019une solide expertise et d\u2019une bonne dose de fiert\u00e9 professionnelle. Gr\u00e2ce \u00e0 l\u2019attention port\u00e9e \u00e0 tous les d\u00e9tails \u00e0 chaque \u00e9tape de notre processus [&hellip;]","og_url":"https:\/\/spmaskiner.com\/fr\/avantages-pour-les-clients\/fabrication-de-qualite\/","og_site_name":"SP Maskiner","article_modified_time":"2022-11-15T15:49:50+00:00","og_image":[{"width":2560,"height":1707,"url":"https:\/\/spmaskiner.com\/wp-content\/uploads\/2022\/04\/DSC05966-scaled.jpg","type":"image\/jpeg"}],"twitter_card":"summary_large_image","schema":{"@context":"https:\/\/schema.org","@graph":[{"@type":"WebPage","@id":"https:\/\/spmaskiner.com\/fr\/avantages-pour-les-clients\/fabrication-de-qualite\/","url":"https:\/\/spmaskiner.com\/fr\/avantages-pour-les-clients\/fabrication-de-qualite\/","name":"Fabrication de qualit\u00e9 - SP Maskiner","isPartOf":{"@id":"https:\/\/spmaskiner.com\/fr\/#website"},"primaryImageOfPage":{"@id":"https:\/\/spmaskiner.com\/fr\/avantages-pour-les-clients\/fabrication-de-qualite\/#primaryimage"},"image":{"@id":"https:\/\/spmaskiner.com\/fr\/avantages-pour-les-clients\/fabrication-de-qualite\/#primaryimage"},"thumbnailUrl":"https:\/\/spmaskiner.com\/wp-content\/uploads\/2022\/04\/DSC05966-1024x683.jpg","datePublished":"2022-04-21T12:11:52+00:00","dateModified":"2022-11-15T15:49:50+00:00","breadcrumb":{"@id":"https:\/\/spmaskiner.com\/fr\/avantages-pour-les-clients\/fabrication-de-qualite\/#breadcrumb"},"inLanguage":"fr-FR","potentialAction":[{"@type":"ReadAction","target":["https:\/\/spmaskiner.com\/fr\/avantages-pour-les-clients\/fabrication-de-qualite\/"]}]},{"@type":"ImageObject","inLanguage":"fr-FR","@id":"https:\/\/spmaskiner.com\/fr\/avantages-pour-les-clients\/fabrication-de-qualite\/#primaryimage","url":"https:\/\/spmaskiner.com\/wp-content\/uploads\/2022\/04\/DSC05966-1024x683.jpg","contentUrl":"https:\/\/spmaskiner.com\/wp-content\/uploads\/2022\/04\/DSC05966-1024x683.jpg"},{"@type":"BreadcrumbList","@id":"https:\/\/spmaskiner.com\/fr\/avantages-pour-les-clients\/fabrication-de-qualite\/#breadcrumb","itemListElement":[{"@type":"ListItem","position":1,"name":"Home","item":"https:\/\/spmaskiner.com\/fr\/"},{"@type":"ListItem","position":2,"name":"Avantages pour les clients","item":"https:\/\/spmaskiner.com\/fr\/customer-benefits\/"},{"@type":"ListItem","position":3,"name":"Fabrication de qualit\u00e9"}]},{"@type":"WebSite","@id":"https:\/\/spmaskiner.com\/fr\/#website","url":"https:\/\/spmaskiner.com\/fr\/","name":"SP Maskiner","description":"Always ahead","publisher":{"@id":"https:\/\/spmaskiner.com\/fr\/#organization"},"potentialAction":[{"@type":"SearchAction","target":{"@type":"EntryPoint","urlTemplate":"https:\/\/spmaskiner.com\/fr\/?s={search_term_string}"},"query-input":{"@type":"PropertyValueSpecification","valueRequired":true,"valueName":"search_term_string"}}],"inLanguage":"fr-FR"},{"@type":"Organization","@id":"https:\/\/spmaskiner.com\/fr\/#organization","name":"SP Maskiner","url":"https:\/\/spmaskiner.com\/fr\/","logo":{"@type":"ImageObject","inLanguage":"fr-FR","@id":"https:\/\/spmaskiner.com\/fr\/#\/schema\/logo\/image\/","url":"https:\/\/spmaskiner.com\/wp-content\/uploads\/2021\/03\/spmaskiner-logotyp.png","contentUrl":"https:\/\/spmaskiner.com\/wp-content\/uploads\/2021\/03\/spmaskiner-logotyp.png","width":350,"height":65,"caption":"SP Maskiner"},"image":{"@id":"https:\/\/spmaskiner.com\/fr\/#\/schema\/logo\/image\/"}}]}},"_links":{"self":[{"href":"https:\/\/spmaskiner.com\/fr\/wp-json\/wp\/v2\/pages\/9754","targetHints":{"allow":["GET"]}}],"collection":[{"href":"https:\/\/spmaskiner.com\/fr\/wp-json\/wp\/v2\/pages"}],"about":[{"href":"https:\/\/spmaskiner.com\/fr\/wp-json\/wp\/v2\/types\/page"}],"author":[{"embeddable":true,"href":"https:\/\/spmaskiner.com\/fr\/wp-json\/wp\/v2\/users\/2"}],"replies":[{"embeddable":true,"href":"https:\/\/spmaskiner.com\/fr\/wp-json\/wp\/v2\/comments?post=9754"}],"version-history":[{"count":1,"href":"https:\/\/spmaskiner.com\/fr\/wp-json\/wp\/v2\/pages\/9754\/revisions"}],"predecessor-version":[{"id":9755,"href":"https:\/\/spmaskiner.com\/fr\/wp-json\/wp\/v2\/pages\/9754\/revisions\/9755"}],"up":[{"embeddable":true,"href":"https:\/\/spmaskiner.com\/fr\/wp-json\/wp\/v2\/pages\/5840"}],"wp:attachment":[{"href":"https:\/\/spmaskiner.com\/fr\/wp-json\/wp\/v2\/media?parent=9754"}],"curies":[{"name":"wp","href":"https:\/\/api.w.org\/{rel}","templated":true}]}}