{"id":12227,"date":"2025-06-02T16:11:16","date_gmt":"2025-06-02T14:11:16","guid":{"rendered":"https:\/\/spmaskiner.com\/cabecas-processadoras\/cabecas-processadoras-lf\/harvester-head-sp-661-lite\/acessorios-e-equipamentos\/"},"modified":"2026-02-24T10:38:19","modified_gmt":"2026-02-24T09:38:19","slug":"acessorios-e-equipamentos","status":"publish","type":"page","link":"https:\/\/spmaskiner.com\/pt-br\/cabecas-processadoras\/cabecas-processadoras-lf\/harvester-head-sp-661-lite\/acessorios-e-equipamentos\/","title":{"rendered":"Acess\u00f3rios e equipamentos"},"content":{"rendered":"\t\t<div data-elementor-type=\"wp-page\" data-elementor-id=\"12227\" class=\"elementor elementor-12227 elementor-10957\" data-elementor-post-type=\"page\">\n\t\t\t\t\t\t<section class=\"elementor-section elementor-top-section elementor-element elementor-element-350464f9 elementor-section-height-min-height elementor-section-items-top product-top-section elementor-section-boxed elementor-section-height-default\" data-id=\"350464f9\" data-element_type=\"section\" data-e-type=\"section\" data-settings=\"{&quot;background_background&quot;:&quot;classic&quot;}\">\n\t\t\t\t\t\t<div class=\"elementor-container elementor-column-gap-default\">\n\t\t\t\t\t<div class=\"elementor-column elementor-col-50 elementor-top-column elementor-element elementor-element-4f64430f\" data-id=\"4f64430f\" data-element_type=\"column\" data-e-type=\"column\" data-settings=\"{&quot;background_background&quot;:&quot;classic&quot;}\">\n\t\t\t<div class=\"elementor-widget-wrap elementor-element-populated\">\n\t\t\t\t\t\t<div class=\"elementor-element elementor-element-dcd2c40 elementor-widget__width-auto elementor-widget elementor-widget-heading\" data-id=\"dcd2c40\" data-element_type=\"widget\" data-e-type=\"widget\" data-widget_type=\"heading.default\">\n\t\t\t\t<div class=\"elementor-widget-container\">\n\t\t\t\t\t<h2 class=\"elementor-heading-title elementor-size-default\">NEW! SP 661 LF Lite<\/h2>\t\t\t\t<\/div>\n\t\t\t\t<\/div>\n\t\t\t\t\t<\/div>\n\t\t<\/div>\n\t\t\t\t<div class=\"elementor-column elementor-col-50 elementor-top-column elementor-element elementor-element-13cf71ea\" data-id=\"13cf71ea\" data-element_type=\"column\" data-e-type=\"column\" data-settings=\"{&quot;background_background&quot;:&quot;classic&quot;}\">\n\t\t\t<div class=\"elementor-widget-wrap\">\n\t\t\t\t\t\t\t<\/div>\n\t\t<\/div>\n\t\t\t\t\t<\/div>\n\t\t<\/section>\n\t\t\t\t<section class=\"elementor-section elementor-top-section elementor-element elementor-element-62a7671a elementor-section-full_width elementor-section-height-default elementor-section-height-default\" data-id=\"62a7671a\" data-element_type=\"section\" data-e-type=\"section\">\n\t\t\t\t\t\t<div class=\"elementor-container elementor-column-gap-default\">\n\t\t\t\t\t<div class=\"elementor-column elementor-col-100 elementor-top-column elementor-element elementor-element-7a34a1e8\" data-id=\"7a34a1e8\" data-element_type=\"column\" data-e-type=\"column\">\n\t\t\t<div class=\"elementor-widget-wrap elementor-element-populated\">\n\t\t\t\t\t\t<div class=\"elementor-element elementor-element-e32fb86 elementor-nav-menu__align-center elementor-nav-menu--dropdown-mobile elementor-nav-menu__text-align-aside elementor-nav-menu--toggle elementor-nav-menu--burger elementor-widget elementor-widget-nav-menu\" data-id=\"e32fb86\" data-element_type=\"widget\" data-e-type=\"widget\" id=\"product-menu\" data-settings=\"{&quot;layout&quot;:&quot;horizontal&quot;,&quot;submenu_icon&quot;:{&quot;value&quot;:&quot;&lt;i class=\\&quot;fas fa-caret-down\\&quot; aria-hidden=\\&quot;true\\&quot;&gt;&lt;\\\/i&gt;&quot;,&quot;library&quot;:&quot;fa-solid&quot;},&quot;toggle&quot;:&quot;burger&quot;}\" data-widget_type=\"nav-menu.default\">\n\t\t\t\t<div class=\"elementor-widget-container\">\n\t\t\t\t\t\t\t\t<nav aria-label=\"Menu\" class=\"elementor-nav-menu--main elementor-nav-menu__container elementor-nav-menu--layout-horizontal e--pointer-background e--animation-fade\">\n\t\t\t\t<ul id=\"menu-1-e32fb86\" class=\"elementor-nav-menu\"><li class=\"menu-item menu-item-type-post_type menu-item-object-page menu-item-11067\"><a href=\"https:\/\/spmaskiner.com\/en\/harvester-heads\/harvester-heads-lf\/harvester-head-sp-661-lite\/\" class=\"elementor-item menu-link\">Harvester Head SP 661 LITE<\/a><\/li>\n<li class=\"menu-item menu-item-type-post_type menu-item-object-page menu-item-11068\"><a href=\"https:\/\/spmaskiner.com\/en\/harvester-heads\/harvester-heads-lf\/harvester-head-sp-661-lite\/customer-benefits\/\" class=\"elementor-item menu-link\">Vantagens para os clientes<\/a><\/li>\n<li class=\"menu-item menu-item-type-post_type menu-item-object-page menu-item-11069\"><a href=\"https:\/\/spmaskiner.com\/en\/harvester-heads\/harvester-heads-lf\/harvester-head-sp-661-lite\/technical-data\/\" class=\"elementor-item menu-link\">Dados t\u00e9cnicos<\/a><\/li>\n<li class=\"menu-item menu-item-type-post_type menu-item-object-page menu-item-11070\"><a href=\"https:\/\/spmaskiner.com\/en\/harvester-heads\/harvester-heads-lf\/harvester-head-sp-661-lite\/control-and-measurement-systems\/\" class=\"elementor-item menu-link\">Sistemas de controle<\/a><\/li>\n<li class=\"menu-item menu-item-type-post_type menu-item-object-page menu-item-11071\"><a href=\"https:\/\/spmaskiner.com\/en\/harvester-heads\/harvester-heads-lf\/harvester-head-sp-661-lite\/accessories-and-equipment\/\" class=\"elementor-item menu-link\">Acess\u00f3rios e equipamentos<\/a><\/li>\n<\/ul>\t\t\t<\/nav>\n\t\t\t\t\t<div class=\"elementor-menu-toggle\" role=\"button\" tabindex=\"0\" aria-label=\"Alternar menu\" aria-expanded=\"false\">\n\t\t\t<i aria-hidden=\"true\" role=\"presentation\" class=\"elementor-menu-toggle__icon--open eicon-menu-bar\"><\/i><i aria-hidden=\"true\" role=\"presentation\" class=\"elementor-menu-toggle__icon--close eicon-close\"><\/i>\t\t<\/div>\n\t\t\t\t\t<nav class=\"elementor-nav-menu--dropdown elementor-nav-menu__container\" aria-hidden=\"true\">\n\t\t\t\t<ul id=\"menu-2-e32fb86\" class=\"elementor-nav-menu\"><li class=\"menu-item menu-item-type-post_type menu-item-object-page menu-item-11067\"><a href=\"https:\/\/spmaskiner.com\/en\/harvester-heads\/harvester-heads-lf\/harvester-head-sp-661-lite\/\" class=\"elementor-item menu-link\" tabindex=\"-1\">Harvester Head SP 661 LITE<\/a><\/li>\n<li class=\"menu-item menu-item-type-post_type menu-item-object-page menu-item-11068\"><a href=\"https:\/\/spmaskiner.com\/en\/harvester-heads\/harvester-heads-lf\/harvester-head-sp-661-lite\/customer-benefits\/\" class=\"elementor-item menu-link\" tabindex=\"-1\">Vantagens para os clientes<\/a><\/li>\n<li class=\"menu-item menu-item-type-post_type menu-item-object-page menu-item-11069\"><a href=\"https:\/\/spmaskiner.com\/en\/harvester-heads\/harvester-heads-lf\/harvester-head-sp-661-lite\/technical-data\/\" class=\"elementor-item menu-link\" tabindex=\"-1\">Dados t\u00e9cnicos<\/a><\/li>\n<li class=\"menu-item menu-item-type-post_type menu-item-object-page menu-item-11070\"><a href=\"https:\/\/spmaskiner.com\/en\/harvester-heads\/harvester-heads-lf\/harvester-head-sp-661-lite\/control-and-measurement-systems\/\" class=\"elementor-item menu-link\" tabindex=\"-1\">Sistemas de controle<\/a><\/li>\n<li class=\"menu-item menu-item-type-post_type menu-item-object-page menu-item-11071\"><a href=\"https:\/\/spmaskiner.com\/en\/harvester-heads\/harvester-heads-lf\/harvester-head-sp-661-lite\/accessories-and-equipment\/\" class=\"elementor-item menu-link\" tabindex=\"-1\">Acess\u00f3rios e equipamentos<\/a><\/li>\n<\/ul>\t\t\t<\/nav>\n\t\t\t\t\t\t<\/div>\n\t\t\t\t<\/div>\n\t\t\t\t\t<\/div>\n\t\t<\/div>\n\t\t\t\t\t<\/div>\n\t\t<\/section>\n\t\t\t\t<section class=\"elementor-section elementor-top-section elementor-element elementor-element-22f6c59d elementor-section-boxed elementor-section-height-default elementor-section-height-default\" data-id=\"22f6c59d\" data-element_type=\"section\" data-e-type=\"section\">\n\t\t\t\t\t\t<div class=\"elementor-container elementor-column-gap-default\">\n\t\t\t\t\t<div class=\"elementor-column elementor-col-100 elementor-top-column elementor-element elementor-element-5631476\" data-id=\"5631476\" data-element_type=\"column\" data-e-type=\"column\">\n\t\t\t<div class=\"elementor-widget-wrap elementor-element-populated\">\n\t\t\t\t\t\t<div class=\"elementor-element elementor-element-62c405df elementor-widget elementor-widget-heading\" data-id=\"62c405df\" data-element_type=\"widget\" data-e-type=\"widget\" data-widget_type=\"heading.default\">\n\t\t\t\t<div class=\"elementor-widget-container\">\n\t\t\t\t\t<h1 class=\"elementor-heading-title elementor-size-default\">Acess\u00f3rios e equipamentos - Cabe\u00e7as processadora SP 661 LF Lite <\/h1>\t\t\t\t<\/div>\n\t\t\t\t<\/div>\n\t\t\t\t<div class=\"elementor-element elementor-element-5c148800 elementor-widget elementor-widget-text-editor\" data-id=\"5c148800\" data-element_type=\"widget\" data-e-type=\"widget\" data-widget_type=\"text-editor.default\">\n\t\t\t\t<div class=\"elementor-widget-container\">\n\t\t\t\t\t\t\t\t\tTodas as nossas cabe\u00e7as processadoras s\u00e3o fornecidas com equipamentos de alto n\u00edvel. Entretanto, h\u00e1 diversos acess\u00f3rios dispon\u00edveis para otimizar a cabe\u00e7a processadora, de acordo com diferentes necessidades, ve\u00edculos transportadores e condi\u00e7\u00f5es de corte. Os acess\u00f3rios mais comuns est\u00e3o descritos abaixo. Para obter mais informa\u00e7\u00f5es sobre acess\u00f3rios, entre em contato com a revendedora SP mais pr\u00f3xima ou com a SP Maskiner.\t\t\t\t\t\t\t\t<\/div>\n\t\t\t\t<\/div>\n\t\t\t\t\t<\/div>\n\t\t<\/div>\n\t\t\t\t\t<\/div>\n\t\t<\/section>\n\t\t\t\t<section class=\"elementor-section elementor-inner-section elementor-element elementor-element-66317374 elementor-section-boxed elementor-section-height-default elementor-section-height-default\" data-id=\"66317374\" data-element_type=\"section\" data-e-type=\"section\">\n\t\t\t\t\t\t<div class=\"elementor-container elementor-column-gap-default\">\n\t\t\t\t\t<div class=\"elementor-column elementor-col-50 elementor-inner-column elementor-element elementor-element-4ce55c6b\" data-id=\"4ce55c6b\" data-element_type=\"column\" data-e-type=\"column\">\n\t\t\t<div class=\"elementor-widget-wrap elementor-element-populated\">\n\t\t\t\t\t\t<div class=\"elementor-element elementor-element-6cec9bcc elementor-widget elementor-widget-text-editor\" data-id=\"6cec9bcc\" data-element_type=\"widget\" data-e-type=\"widget\" data-widget_type=\"text-editor.default\">\n\t\t\t\t<div class=\"elementor-widget-container\">\n\t\t\t\t\t\t\t\t\t<strong>Marca\u00e7\u00e3o de cor<\/strong><br>Utilizada para otimizar o trabalho de encaminhamento quando os sortidos s\u00e3o dif\u00edceis de distinguir apenas \u00e0 vista.<br><br><strong>Manuseamento de v\u00e1rias \u00e1rvores<\/strong><br>Equipamento opcional para produ\u00e7\u00e3o acrescida quando se trabalha com povoamentos de pequeno di\u00e2metro como o manuseamento de v\u00e1rias \u00e1rvores da SP permite que abata e acumule v\u00e1rias hastes para serem processadas em conjunto.<br><br><strong>Fun\u00e7\u00e3o detetar a extremidade<\/strong><br>Com a ajuda de um sensor montado na caixa da unidade de serra, a cabe\u00e7a localiza automaticamente a extremidade da haste quando se prime um bot\u00e3o.<br><br><strong>Motores de rolo<\/strong><br>Motores de rolos de tamanho diferentes est\u00e3o dispon\u00edveis para otimizar o desempenho da cabe\u00e7a dependendo das condi\u00e7\u00f5es de trabalho e do tamanho da m\u00e1quina base. Escolha entre motores 514 cc, 560 cc e 625 cc.<br><br><strong>Luz para caixa da unidade de serra<\/strong><br>Uma l\u00e2mpada LED na caixa da unidade de serra oferece ilumina\u00e7\u00e3o adicional da \u00e1rea de trabalho.\t\t\t\t\t\t\t\t<\/div>\n\t\t\t\t<\/div>\n\t\t\t\t\t<\/div>\n\t\t<\/div>\n\t\t\t\t<div class=\"elementor-column elementor-col-50 elementor-inner-column elementor-element elementor-element-5ee8d34\" data-id=\"5ee8d34\" data-element_type=\"column\" data-e-type=\"column\">\n\t\t\t<div class=\"elementor-widget-wrap elementor-element-populated\">\n\t\t\t\t\t\t<div class=\"elementor-element elementor-element-507e1d3 elementor-widget elementor-widget-text-editor\" data-id=\"507e1d3\" data-element_type=\"widget\" data-e-type=\"widget\" data-widget_type=\"text-editor.default\">\n\t\t\t\t<div class=\"elementor-widget-container\">\n\t\t\t\t\t\t\t\t\t<p><strong>Kit de eucalipto<\/strong><br \/>Kit de descascamento para eucaliptos.<br \/><br \/><strong>Rolos de alimenta\u00e7\u00e3o<\/strong><br \/>V\u00e1rios modelos e variantes diferentes de rolos de alimenta\u00e7\u00e3o est\u00e3o dispon\u00edveis para atender a diferentes condi\u00e7\u00f5es e necessidades.<br \/><br \/><\/p><p><strong>Integra\u00e7\u00e3o do sistema de medi\u00e7\u00e3o<\/strong><br \/>As nossas cabe\u00e7as processadoras podem ser utilizadas com praticamente todos os sistemas de controlo e medi\u00e7\u00e3o do mercado, o que significa que n\u00e3o h\u00e1 necessidade de aprender ou investir num novo sistema de computador ao escolher uma cabe\u00e7a SP. Como resultado, ao contr\u00e1rio de muitas outras marcas no mercado, uma instala\u00e7\u00e3o de cabe\u00e7a SP n\u00e3o requer convers\u00e3o do sistema de controlo existente ou componentes eletr\u00f3nicos adicionais.\u00a0<\/p><p><strong>Dasa 7 Sem fio ou com fio<\/strong><br \/>O Dasa 7 vem em duas vers\u00f5es diferentes &#8211; sem fio e com fio, ambas dispon\u00edveis com o software H50, H60 ou H70 para poder atender perfeitamente \u00e0s necessidades.<\/p>\t\t\t\t\t\t\t\t<\/div>\n\t\t\t\t<\/div>\n\t\t\t\t\t<\/div>\n\t\t<\/div>\n\t\t\t\t\t<\/div>\n\t\t<\/section>\n\t\t\t\t<\/div>\n\t\t","protected":false},"excerpt":{"rendered":"<p>NEW! SP 661 LF Lite Acess\u00f3rios e equipamentos &#8211; Cabe\u00e7as processadora SP 661 LF Lite Todas as nossas cabe\u00e7as processadoras s\u00e3o fornecidas com equipamentos de alto n\u00edvel. Entretanto, h\u00e1 diversos acess\u00f3rios dispon\u00edveis para otimizar a cabe\u00e7a processadora, de acordo com diferentes necessidades, ve\u00edculos transportadores e condi\u00e7\u00f5es de corte. Os acess\u00f3rios mais comuns est\u00e3o descritos abaixo. [&hellip;]<\/p>\n","protected":false},"author":3,"featured_media":0,"parent":12071,"menu_order":9,"comment_status":"closed","ping_status":"closed","template":"","meta":{"_acf_changed":false,"site-sidebar-layout":"no-sidebar","site-content-layout":"page-builder","ast-site-content-layout":"full-width-container","site-content-style":"unboxed","site-sidebar-style":"unboxed","ast-global-header-display":"","ast-banner-title-visibility":"","ast-main-header-display":"","ast-hfb-above-header-display":"","ast-hfb-below-header-display":"","ast-hfb-mobile-header-display":"","site-post-title":"disabled","ast-breadcrumbs-content":"","ast-featured-img":"disabled","footer-sml-layout":"","ast-disable-related-posts":"","theme-transparent-header-meta":"default","adv-header-id-meta":"","stick-header-meta":"","header-above-stick-meta":"","header-main-stick-meta":"","header-below-stick-meta":"","astra-migrate-meta-layouts":"default","ast-page-background-enabled":"default","ast-page-background-meta":{"desktop":{"background-color":"","background-image":"","background-repeat":"repeat","background-position":"center center","background-size":"auto","background-attachment":"scroll","background-type":"","background-media":"","overlay-type":"","overlay-color":"","overlay-opacity":"","overlay-gradient":""},"tablet":{"background-color":"","background-image":"","background-repeat":"repeat","background-position":"center center","background-size":"auto","background-attachment":"scroll","background-type":"","background-media":"","overlay-type":"","overlay-color":"","overlay-opacity":"","overlay-gradient":""},"mobile":{"background-color":"","background-image":"","background-repeat":"repeat","background-position":"center center","background-size":"auto","background-attachment":"scroll","background-type":"","background-media":"","overlay-type":"","overlay-color":"","overlay-opacity":"","overlay-gradient":""}},"ast-content-background-meta":{"desktop":{"background-color":"var(--ast-global-color-5)","background-image":"","background-repeat":"repeat","background-position":"center center","background-size":"auto","background-attachment":"scroll","background-type":"","background-media":"","overlay-type":"","overlay-color":"","overlay-opacity":"","overlay-gradient":""},"tablet":{"background-color":"var(--ast-global-color-5)","background-image":"","background-repeat":"repeat","background-position":"center center","background-size":"auto","background-attachment":"scroll","background-type":"","background-media":"","overlay-type":"","overlay-color":"","overlay-opacity":"","overlay-gradient":""},"mobile":{"background-color":"var(--ast-global-color-5)","background-image":"","background-repeat":"repeat","background-position":"center center","background-size":"auto","background-attachment":"scroll","background-type":"","background-media":"","overlay-type":"","overlay-color":"","overlay-opacity":"","overlay-gradient":""}},"footnotes":""},"class_list":["post-12227","page","type-page","status-publish","hentry"],"acf":[],"yoast_head":"<!-- This site is optimized with the Yoast SEO plugin v26.9 - https:\/\/yoast.com\/product\/yoast-seo-wordpress\/ -->\n<title>Acess\u00f3rios e equipamentos - SP Maskiner<\/title>\n<meta name=\"robots\" content=\"index, follow, max-snippet:-1, max-image-preview:large, max-video-preview:-1\" \/>\n<link rel=\"canonical\" href=\"https:\/\/spmaskiner.com\/pt-br\/cabecas-processadoras\/cabecas-processadoras-lf\/harvester-head-sp-661-lite\/acessorios-e-equipamentos\/\" \/>\n<meta property=\"og:locale\" content=\"pt_BR\" \/>\n<meta property=\"og:type\" content=\"article\" \/>\n<meta property=\"og:title\" content=\"Acess\u00f3rios e equipamentos - SP Maskiner\" \/>\n<meta property=\"og:description\" content=\"NEW! SP 661 LF Lite Acess\u00f3rios e equipamentos &#8211; Cabe\u00e7as processadora SP 661 LF Lite Todas as nossas cabe\u00e7as processadoras s\u00e3o fornecidas com equipamentos de alto n\u00edvel. Entretanto, h\u00e1 diversos acess\u00f3rios dispon\u00edveis para otimizar a cabe\u00e7a processadora, de acordo com diferentes necessidades, ve\u00edculos transportadores e condi\u00e7\u00f5es de corte. Os acess\u00f3rios mais comuns est\u00e3o descritos abaixo. [&hellip;]\" \/>\n<meta property=\"og:url\" content=\"https:\/\/spmaskiner.com\/pt-br\/cabecas-processadoras\/cabecas-processadoras-lf\/harvester-head-sp-661-lite\/acessorios-e-equipamentos\/\" \/>\n<meta property=\"og:site_name\" content=\"SP Maskiner\" \/>\n<meta property=\"article:modified_time\" content=\"2026-02-24T09:38:19+00:00\" \/>\n<meta name=\"twitter:card\" content=\"summary_large_image\" \/>\n<script type=\"application\/ld+json\" class=\"yoast-schema-graph\">{\"@context\":\"https:\/\/schema.org\",\"@graph\":[{\"@type\":\"WebPage\",\"@id\":\"https:\/\/spmaskiner.com\/pt-br\/cabecas-processadoras\/cabecas-processadoras-lf\/harvester-head-sp-661-lite\/acessorios-e-equipamentos\/\",\"url\":\"https:\/\/spmaskiner.com\/pt-br\/cabecas-processadoras\/cabecas-processadoras-lf\/harvester-head-sp-661-lite\/acessorios-e-equipamentos\/\",\"name\":\"Acess\u00f3rios e equipamentos - SP Maskiner\",\"isPartOf\":{\"@id\":\"https:\/\/spmaskiner.com\/pt-br\/#website\"},\"datePublished\":\"2025-06-02T14:11:16+00:00\",\"dateModified\":\"2026-02-24T09:38:19+00:00\",\"breadcrumb\":{\"@id\":\"https:\/\/spmaskiner.com\/pt-br\/cabecas-processadoras\/cabecas-processadoras-lf\/harvester-head-sp-661-lite\/acessorios-e-equipamentos\/#breadcrumb\"},\"inLanguage\":\"pt-BR\",\"potentialAction\":[{\"@type\":\"ReadAction\",\"target\":[\"https:\/\/spmaskiner.com\/pt-br\/cabecas-processadoras\/cabecas-processadoras-lf\/harvester-head-sp-661-lite\/acessorios-e-equipamentos\/\"]}]},{\"@type\":\"BreadcrumbList\",\"@id\":\"https:\/\/spmaskiner.com\/pt-br\/cabecas-processadoras\/cabecas-processadoras-lf\/harvester-head-sp-661-lite\/acessorios-e-equipamentos\/#breadcrumb\",\"itemListElement\":[{\"@type\":\"ListItem\",\"position\":1,\"name\":\"Home\",\"item\":\"https:\/\/spmaskiner.com\/pt-br\/\"},{\"@type\":\"ListItem\",\"position\":2,\"name\":\"Cabe\u00e7as processadoras\",\"item\":\"https:\/\/spmaskiner.com\/pt-br\/cabecas-processadoras\/\"},{\"@type\":\"ListItem\",\"position\":3,\"name\":\"Cabe\u00e7as processadoras LF\",\"item\":\"https:\/\/spmaskiner.com\/pt-br\/harvester-heads\/harvester-heads-lf\/\"},{\"@type\":\"ListItem\",\"position\":4,\"name\":\"Harvester Head SP 661 LITE\",\"item\":\"https:\/\/spmaskiner.com\/pt-br\/harvester-heads\/harvester-heads-lf\/harvester-head-sp-661-lite\/\"},{\"@type\":\"ListItem\",\"position\":5,\"name\":\"Acess\u00f3rios e equipamentos\"}]},{\"@type\":\"WebSite\",\"@id\":\"https:\/\/spmaskiner.com\/pt-br\/#website\",\"url\":\"https:\/\/spmaskiner.com\/pt-br\/\",\"name\":\"SP Maskiner\",\"description\":\"Always ahead\",\"publisher\":{\"@id\":\"https:\/\/spmaskiner.com\/pt-br\/#organization\"},\"potentialAction\":[{\"@type\":\"SearchAction\",\"target\":{\"@type\":\"EntryPoint\",\"urlTemplate\":\"https:\/\/spmaskiner.com\/pt-br\/?s={search_term_string}\"},\"query-input\":{\"@type\":\"PropertyValueSpecification\",\"valueRequired\":true,\"valueName\":\"search_term_string\"}}],\"inLanguage\":\"pt-BR\"},{\"@type\":\"Organization\",\"@id\":\"https:\/\/spmaskiner.com\/pt-br\/#organization\",\"name\":\"SP Maskiner\",\"url\":\"https:\/\/spmaskiner.com\/pt-br\/\",\"logo\":{\"@type\":\"ImageObject\",\"inLanguage\":\"pt-BR\",\"@id\":\"https:\/\/spmaskiner.com\/pt-br\/#\/schema\/logo\/image\/\",\"url\":\"https:\/\/spmaskiner.com\/wp-content\/uploads\/2021\/03\/spmaskiner-logotyp.png\",\"contentUrl\":\"https:\/\/spmaskiner.com\/wp-content\/uploads\/2021\/03\/spmaskiner-logotyp.png\",\"width\":350,\"height\":65,\"caption\":\"SP Maskiner\"},\"image\":{\"@id\":\"https:\/\/spmaskiner.com\/pt-br\/#\/schema\/logo\/image\/\"}}]}<\/script>\n<!-- \/ Yoast SEO plugin. -->","yoast_head_json":{"title":"Acess\u00f3rios e equipamentos - SP Maskiner","robots":{"index":"index","follow":"follow","max-snippet":"max-snippet:-1","max-image-preview":"max-image-preview:large","max-video-preview":"max-video-preview:-1"},"canonical":"https:\/\/spmaskiner.com\/pt-br\/cabecas-processadoras\/cabecas-processadoras-lf\/harvester-head-sp-661-lite\/acessorios-e-equipamentos\/","og_locale":"pt_BR","og_type":"article","og_title":"Acess\u00f3rios e equipamentos - SP Maskiner","og_description":"NEW! SP 661 LF Lite Acess\u00f3rios e equipamentos &#8211; Cabe\u00e7as processadora SP 661 LF Lite Todas as nossas cabe\u00e7as processadoras s\u00e3o fornecidas com equipamentos de alto n\u00edvel. Entretanto, h\u00e1 diversos acess\u00f3rios dispon\u00edveis para otimizar a cabe\u00e7a processadora, de acordo com diferentes necessidades, ve\u00edculos transportadores e condi\u00e7\u00f5es de corte. Os acess\u00f3rios mais comuns est\u00e3o descritos abaixo. [&hellip;]","og_url":"https:\/\/spmaskiner.com\/pt-br\/cabecas-processadoras\/cabecas-processadoras-lf\/harvester-head-sp-661-lite\/acessorios-e-equipamentos\/","og_site_name":"SP Maskiner","article_modified_time":"2026-02-24T09:38:19+00:00","twitter_card":"summary_large_image","schema":{"@context":"https:\/\/schema.org","@graph":[{"@type":"WebPage","@id":"https:\/\/spmaskiner.com\/pt-br\/cabecas-processadoras\/cabecas-processadoras-lf\/harvester-head-sp-661-lite\/acessorios-e-equipamentos\/","url":"https:\/\/spmaskiner.com\/pt-br\/cabecas-processadoras\/cabecas-processadoras-lf\/harvester-head-sp-661-lite\/acessorios-e-equipamentos\/","name":"Acess\u00f3rios e equipamentos - SP Maskiner","isPartOf":{"@id":"https:\/\/spmaskiner.com\/pt-br\/#website"},"datePublished":"2025-06-02T14:11:16+00:00","dateModified":"2026-02-24T09:38:19+00:00","breadcrumb":{"@id":"https:\/\/spmaskiner.com\/pt-br\/cabecas-processadoras\/cabecas-processadoras-lf\/harvester-head-sp-661-lite\/acessorios-e-equipamentos\/#breadcrumb"},"inLanguage":"pt-BR","potentialAction":[{"@type":"ReadAction","target":["https:\/\/spmaskiner.com\/pt-br\/cabecas-processadoras\/cabecas-processadoras-lf\/harvester-head-sp-661-lite\/acessorios-e-equipamentos\/"]}]},{"@type":"BreadcrumbList","@id":"https:\/\/spmaskiner.com\/pt-br\/cabecas-processadoras\/cabecas-processadoras-lf\/harvester-head-sp-661-lite\/acessorios-e-equipamentos\/#breadcrumb","itemListElement":[{"@type":"ListItem","position":1,"name":"Home","item":"https:\/\/spmaskiner.com\/pt-br\/"},{"@type":"ListItem","position":2,"name":"Cabe\u00e7as processadoras","item":"https:\/\/spmaskiner.com\/pt-br\/cabecas-processadoras\/"},{"@type":"ListItem","position":3,"name":"Cabe\u00e7as processadoras LF","item":"https:\/\/spmaskiner.com\/pt-br\/harvester-heads\/harvester-heads-lf\/"},{"@type":"ListItem","position":4,"name":"Harvester Head SP 661 LITE","item":"https:\/\/spmaskiner.com\/pt-br\/harvester-heads\/harvester-heads-lf\/harvester-head-sp-661-lite\/"},{"@type":"ListItem","position":5,"name":"Acess\u00f3rios e equipamentos"}]},{"@type":"WebSite","@id":"https:\/\/spmaskiner.com\/pt-br\/#website","url":"https:\/\/spmaskiner.com\/pt-br\/","name":"SP Maskiner","description":"Always ahead","publisher":{"@id":"https:\/\/spmaskiner.com\/pt-br\/#organization"},"potentialAction":[{"@type":"SearchAction","target":{"@type":"EntryPoint","urlTemplate":"https:\/\/spmaskiner.com\/pt-br\/?s={search_term_string}"},"query-input":{"@type":"PropertyValueSpecification","valueRequired":true,"valueName":"search_term_string"}}],"inLanguage":"pt-BR"},{"@type":"Organization","@id":"https:\/\/spmaskiner.com\/pt-br\/#organization","name":"SP Maskiner","url":"https:\/\/spmaskiner.com\/pt-br\/","logo":{"@type":"ImageObject","inLanguage":"pt-BR","@id":"https:\/\/spmaskiner.com\/pt-br\/#\/schema\/logo\/image\/","url":"https:\/\/spmaskiner.com\/wp-content\/uploads\/2021\/03\/spmaskiner-logotyp.png","contentUrl":"https:\/\/spmaskiner.com\/wp-content\/uploads\/2021\/03\/spmaskiner-logotyp.png","width":350,"height":65,"caption":"SP Maskiner"},"image":{"@id":"https:\/\/spmaskiner.com\/pt-br\/#\/schema\/logo\/image\/"}}]}},"_links":{"self":[{"href":"https:\/\/spmaskiner.com\/pt-br\/wp-json\/wp\/v2\/pages\/12227","targetHints":{"allow":["GET"]}}],"collection":[{"href":"https:\/\/spmaskiner.com\/pt-br\/wp-json\/wp\/v2\/pages"}],"about":[{"href":"https:\/\/spmaskiner.com\/pt-br\/wp-json\/wp\/v2\/types\/page"}],"author":[{"embeddable":true,"href":"https:\/\/spmaskiner.com\/pt-br\/wp-json\/wp\/v2\/users\/3"}],"replies":[{"embeddable":true,"href":"https:\/\/spmaskiner.com\/pt-br\/wp-json\/wp\/v2\/comments?post=12227"}],"version-history":[{"count":4,"href":"https:\/\/spmaskiner.com\/pt-br\/wp-json\/wp\/v2\/pages\/12227\/revisions"}],"predecessor-version":[{"id":12844,"href":"https:\/\/spmaskiner.com\/pt-br\/wp-json\/wp\/v2\/pages\/12227\/revisions\/12844"}],"up":[{"embeddable":true,"href":"https:\/\/spmaskiner.com\/pt-br\/wp-json\/wp\/v2\/pages\/12071"}],"wp:attachment":[{"href":"https:\/\/spmaskiner.com\/pt-br\/wp-json\/wp\/v2\/media?parent=12227"}],"curies":[{"name":"wp","href":"https:\/\/api.w.org\/{rel}","templated":true}]}}