{"id":8373,"date":"2021-03-05T09:54:14","date_gmt":"2021-03-05T08:54:14","guid":{"rendered":"https:\/\/spmaskiner.com\/cabecas-processadoras\/"},"modified":"2022-06-02T15:33:39","modified_gmt":"2022-06-02T13:33:39","slug":"cabecas-processadoras","status":"publish","type":"page","link":"https:\/\/spmaskiner.com\/pt-br\/cabecas-processadoras\/","title":{"rendered":"Cabe\u00e7as processadoras"},"content":{"rendered":"\t\t<div data-elementor-type=\"wp-page\" data-elementor-id=\"8373\" class=\"elementor elementor-8373 elementor-11\" data-elementor-post-type=\"page\">\n\t\t\t\t\t\t<section class=\"elementor-section elementor-top-section elementor-element elementor-element-dbfcb83 elementor-section-boxed elementor-section-height-default elementor-section-height-default\" data-id=\"dbfcb83\" data-element_type=\"section\" data-e-type=\"section\">\n\t\t\t\t\t\t<div class=\"elementor-container elementor-column-gap-default\">\n\t\t\t\t\t<div class=\"elementor-column elementor-col-100 elementor-top-column elementor-element elementor-element-0a98888\" data-id=\"0a98888\" data-element_type=\"column\" data-e-type=\"column\">\n\t\t\t<div class=\"elementor-widget-wrap elementor-element-populated\">\n\t\t\t\t\t\t<div class=\"elementor-element elementor-element-2848fcf elementor-widget elementor-widget-heading\" data-id=\"2848fcf\" data-element_type=\"widget\" data-e-type=\"widget\" data-widget_type=\"heading.default\">\n\t\t\t\t<div class=\"elementor-widget-container\">\n\t\t\t\t\t<h1 class=\"elementor-heading-title elementor-size-default\">Cabe\u00e7as processadoras<\/h1>\t\t\t\t<\/div>\n\t\t\t\t<\/div>\n\t\t\t\t<div class=\"elementor-element elementor-element-dfda329 elementor-widget elementor-widget-text-editor\" data-id=\"dfda329\" data-element_type=\"widget\" data-e-type=\"widget\" data-widget_type=\"text-editor.default\">\n\t\t\t\t<div class=\"elementor-widget-container\">\n\t\t\t\t\t\t\t\t\tA diferen\u00e7a \u00e9 f\u00e1cil de detetar com uma cabe\u00e7a processadora da SP Maskiner. As nossas cabe\u00e7as\r\ns\u00e3o vistas montadas em m\u00e1quinas em todo o mundo por um bom motivo. Nunca comprometemos\r\na qualidade e lideramos os desenvolvimentos t\u00e9cnicos vistos no nosso segmento. Todas as nossas cabe\u00e7as podem ser utilizadas com qualquer marca ou modelo de processadora.\r\n\r\nA nossa linha de produtos abrange todos os tipos e condi\u00e7\u00f5es de colheita \u2013 desde o desbaste inicial at\u00e9 ao corte final, assim como a colheita de lenha e eucalipto. A seguir, pode ler mais sobre as nossas tr\u00eas s\u00e9ries diferentes de cabe\u00e7as processadoras e encontrar o equipamento perfeito para si.\r\n\r\nA SP pode oferecer cabe\u00e7as processadoras para todos os tipos de m\u00e1quinas e condi\u00e7\u00f5es de colheita. Para fazer isto sem compromisso, desenvolvemos tr\u00eas s\u00e9ries diferentes de cabe\u00e7as processadoras \u2013 LF, LX e E \u2013 todas com projetos, solu\u00e7\u00f5es e vantagens exclusivas. Tudo para lhe permitir encontrar\r\na cabe\u00e7a SP perfeita para as suas necessidades espec\u00edficas.\t\t\t\t\t\t\t\t<\/div>\n\t\t\t\t<\/div>\n\t\t\t\t\t<\/div>\n\t\t<\/div>\n\t\t\t\t\t<\/div>\n\t\t<\/section>\n\t\t\t\t<section class=\"elementor-section elementor-top-section elementor-element elementor-element-574c92f unit-group-container elementor-section-boxed elementor-section-height-default elementor-section-height-default\" data-id=\"574c92f\" data-element_type=\"section\" data-e-type=\"section\">\n\t\t\t\t\t\t<div class=\"elementor-container elementor-column-gap-default\">\n\t\t\t\t\t<div class=\"elementor-column elementor-col-33 elementor-top-column elementor-element elementor-element-24219d9 unit-group-col\" data-id=\"24219d9\" data-element_type=\"column\" data-e-type=\"column\">\n\t\t\t<div class=\"elementor-widget-wrap elementor-element-populated\">\n\t\t\t\t\t\t<div class=\"elementor-element elementor-element-574d482 unit-group-block elementor-position-top elementor-widget elementor-widget-image-box\" data-id=\"574d482\" data-element_type=\"widget\" data-e-type=\"widget\" data-widget_type=\"image-box.default\">\n\t\t\t\t<div class=\"elementor-widget-container\">\n\t\t\t\t\t<div class=\"elementor-image-box-wrapper\"><figure class=\"elementor-image-box-img\"><a href=\"https:\/\/spmaskiner.com\/pt-br\/cabecas-processadoras\/cabecas-processadoras-lf\/\" tabindex=\"-1\"><img loading=\"lazy\" decoding=\"async\" width=\"380\" height=\"456\" src=\"https:\/\/spmaskiner.com\/wp-content\/uploads\/2021\/03\/sp461lf-thumb.jpg\" class=\"attachment-medium_large size-medium_large wp-image-444\" alt=\"\" srcset=\"https:\/\/spmaskiner.com\/wp-content\/uploads\/2021\/03\/sp461lf-thumb.jpg 380w, https:\/\/spmaskiner.com\/wp-content\/uploads\/2021\/03\/sp461lf-thumb-250x300.jpg 250w\" sizes=\"auto, (max-width: 380px) 100vw, 380px\" \/><\/a><\/figure><div class=\"elementor-image-box-content\"><h2 class=\"elementor-image-box-title\"><a href=\"https:\/\/spmaskiner.com\/pt-br\/cabecas-processadoras\/cabecas-processadoras-lf\/\">Cabe\u00e7as processadoras LF<\/a><\/h2><p class=\"elementor-image-box-description\">Cabe\u00e7as processadoras r\u00e1pidas, \u00e1geis e compactas para maximizar a produ\u00e7\u00e3o em florestas  de madeira macia e madeira dura.<\/p><\/div><\/div>\t\t\t\t<\/div>\n\t\t\t\t<\/div>\n\t\t\t\t\t<\/div>\n\t\t<\/div>\n\t\t\t\t<div class=\"elementor-column elementor-col-33 elementor-top-column elementor-element elementor-element-4b58488 unit-group-col\" data-id=\"4b58488\" data-element_type=\"column\" data-e-type=\"column\">\n\t\t\t<div class=\"elementor-widget-wrap elementor-element-populated\">\n\t\t\t\t\t\t<div class=\"elementor-element elementor-element-c3e0a89 unit-group-block elementor-position-top elementor-widget elementor-widget-image-box\" data-id=\"c3e0a89\" data-element_type=\"widget\" data-e-type=\"widget\" data-widget_type=\"image-box.default\">\n\t\t\t\t<div class=\"elementor-widget-container\">\n\t\t\t\t\t<div class=\"elementor-image-box-wrapper\"><figure class=\"elementor-image-box-img\"><a href=\"https:\/\/spmaskiner.com\/pt-br\/cabecas-processadoras\/cabecas-processadoras-lx\/\" tabindex=\"-1\"><img loading=\"lazy\" decoding=\"async\" width=\"656\" height=\"800\" src=\"https:\/\/spmaskiner.com\/wp-content\/uploads\/2021\/04\/ar00001662_161116.jpg\" class=\"attachment-full size-full wp-image-3165\" alt=\"\" srcset=\"https:\/\/spmaskiner.com\/wp-content\/uploads\/2021\/04\/ar00001662_161116.jpg 656w, https:\/\/spmaskiner.com\/wp-content\/uploads\/2021\/04\/ar00001662_161116-246x300.jpg 246w\" sizes=\"auto, (max-width: 656px) 100vw, 656px\" \/><\/a><\/figure><div class=\"elementor-image-box-content\"><h2 class=\"elementor-image-box-title\"><a href=\"https:\/\/spmaskiner.com\/pt-br\/cabecas-processadoras\/cabecas-processadoras-lx\/\">Cabe\u00e7as processadoras LX<\/a><\/h2><p class=\"elementor-image-box-description\">Cabe\u00e7as processadoras extremamente robustas e potentes para os trabalhos mais dif\u00edceis  e exigentes.<\/p><\/div><\/div>\t\t\t\t<\/div>\n\t\t\t\t<\/div>\n\t\t\t\t\t<\/div>\n\t\t<\/div>\n\t\t\t\t<div class=\"elementor-column elementor-col-33 elementor-top-column elementor-element elementor-element-f41f259 unit-group-col\" data-id=\"f41f259\" data-element_type=\"column\" data-e-type=\"column\">\n\t\t\t<div class=\"elementor-widget-wrap elementor-element-populated\">\n\t\t\t\t\t\t<div class=\"elementor-element elementor-element-840b86c unit-group-block elementor-position-top elementor-widget elementor-widget-image-box\" data-id=\"840b86c\" data-element_type=\"widget\" data-e-type=\"widget\" data-widget_type=\"image-box.default\">\n\t\t\t\t<div class=\"elementor-widget-container\">\n\t\t\t\t\t<div class=\"elementor-image-box-wrapper\"><figure class=\"elementor-image-box-img\"><a href=\"https:\/\/spmaskiner.com\/pt-br\/cabecas-processadoras\/cabecas-processadoras-e\/\" tabindex=\"-1\"><img loading=\"lazy\" decoding=\"async\" width=\"664\" height=\"800\" src=\"https:\/\/spmaskiner.com\/wp-content\/uploads\/2021\/04\/sp661e-2.jpg\" class=\"attachment-full size-full wp-image-3297\" alt=\"\" srcset=\"https:\/\/spmaskiner.com\/wp-content\/uploads\/2021\/04\/sp661e-2.jpg 664w, https:\/\/spmaskiner.com\/wp-content\/uploads\/2021\/04\/sp661e-2-249x300.jpg 249w\" sizes=\"auto, (max-width: 664px) 100vw, 664px\" \/><\/a><\/figure><div class=\"elementor-image-box-content\"><h2 class=\"elementor-image-box-title\"><a href=\"https:\/\/spmaskiner.com\/pt-br\/cabecas-processadoras\/cabecas-processadoras-e\/\">Cabe\u00e7as processadoras E<\/a><\/h2><p class=\"elementor-image-box-description\">Especialmente concebido para descascamento eficaz de eucalipto e ac\u00e1cia cultivados em planta\u00e7\u00f5es.<\/p><\/div><\/div>\t\t\t\t<\/div>\n\t\t\t\t<\/div>\n\t\t\t\t\t<\/div>\n\t\t<\/div>\n\t\t\t\t\t<\/div>\n\t\t<\/section>\n\t\t\t\t<\/div>\n\t\t","protected":false},"excerpt":{"rendered":"<p>Cabe\u00e7as processadoras A diferen\u00e7a \u00e9 f\u00e1cil de detetar com uma cabe\u00e7a processadora da SP Maskiner. As nossas cabe\u00e7as s\u00e3o vistas montadas em m\u00e1quinas em todo o mundo por um bom motivo. Nunca comprometemos a qualidade e lideramos os desenvolvimentos t\u00e9cnicos vistos no nosso segmento. Todas as nossas cabe\u00e7as podem ser utilizadas com qualquer marca ou [&hellip;]<\/p>\n","protected":false},"author":1,"featured_media":0,"parent":0,"menu_order":217,"comment_status":"closed","ping_status":"closed","template":"elementor_header_footer","meta":{"_acf_changed":false,"site-sidebar-layout":"no-sidebar","site-content-layout":"page-builder","ast-site-content-layout":"default","site-content-style":"default","site-sidebar-style":"default","ast-global-header-display":"","ast-banner-title-visibility":"","ast-main-header-display":"","ast-hfb-above-header-display":"","ast-hfb-below-header-display":"","ast-hfb-mobile-header-display":"","site-post-title":"disabled","ast-breadcrumbs-content":"","ast-featured-img":"disabled","footer-sml-layout":"","ast-disable-related-posts":"","theme-transparent-header-meta":"default","adv-header-id-meta":"","stick-header-meta":"","header-above-stick-meta":"","header-main-stick-meta":"","header-below-stick-meta":"","astra-migrate-meta-layouts":"default","ast-page-background-enabled":"default","ast-page-background-meta":{"desktop":{"background-color":"","background-image":"","background-repeat":"repeat","background-position":"center center","background-size":"auto","background-attachment":"scroll","background-type":"","background-media":"","overlay-type":"","overlay-color":"","overlay-opacity":"","overlay-gradient":""},"tablet":{"background-color":"","background-image":"","background-repeat":"repeat","background-position":"center center","background-size":"auto","background-attachment":"scroll","background-type":"","background-media":"","overlay-type":"","overlay-color":"","overlay-opacity":"","overlay-gradient":""},"mobile":{"background-color":"","background-image":"","background-repeat":"repeat","background-position":"center center","background-size":"auto","background-attachment":"scroll","background-type":"","background-media":"","overlay-type":"","overlay-color":"","overlay-opacity":"","overlay-gradient":""}},"ast-content-background-meta":{"desktop":{"background-color":"var(--ast-global-color-5)","background-image":"","background-repeat":"repeat","background-position":"center center","background-size":"auto","background-attachment":"scroll","background-type":"","background-media":"","overlay-type":"","overlay-color":"","overlay-opacity":"","overlay-gradient":""},"tablet":{"background-color":"var(--ast-global-color-5)","background-image":"","background-repeat":"repeat","background-position":"center center","background-size":"auto","background-attachment":"scroll","background-type":"","background-media":"","overlay-type":"","overlay-color":"","overlay-opacity":"","overlay-gradient":""},"mobile":{"background-color":"var(--ast-global-color-5)","background-image":"","background-repeat":"repeat","background-position":"center center","background-size":"auto","background-attachment":"scroll","background-type":"","background-media":"","overlay-type":"","overlay-color":"","overlay-opacity":"","overlay-gradient":""}},"footnotes":""},"class_list":["post-8373","page","type-page","status-publish","hentry"],"acf":[],"yoast_head":"<!-- This site is optimized with the Yoast SEO plugin v26.9 - https:\/\/yoast.com\/product\/yoast-seo-wordpress\/ -->\n<title>Cabe\u00e7as processadoras - SP Maskiner<\/title>\n<meta name=\"robots\" content=\"index, follow, max-snippet:-1, max-image-preview:large, max-video-preview:-1\" \/>\n<link rel=\"canonical\" href=\"https:\/\/spmaskiner.com\/pt-br\/cabecas-processadoras\/\" \/>\n<meta property=\"og:locale\" content=\"pt_BR\" \/>\n<meta property=\"og:type\" content=\"article\" \/>\n<meta property=\"og:title\" content=\"Cabe\u00e7as processadoras - SP Maskiner\" \/>\n<meta property=\"og:description\" content=\"Cabe\u00e7as processadoras A diferen\u00e7a \u00e9 f\u00e1cil de detetar com uma cabe\u00e7a processadora da SP Maskiner. As nossas cabe\u00e7as s\u00e3o vistas montadas em m\u00e1quinas em todo o mundo por um bom motivo. Nunca comprometemos a qualidade e lideramos os desenvolvimentos t\u00e9cnicos vistos no nosso segmento. Todas as nossas cabe\u00e7as podem ser utilizadas com qualquer marca ou [&hellip;]\" \/>\n<meta property=\"og:url\" content=\"https:\/\/spmaskiner.com\/pt-br\/cabecas-processadoras\/\" \/>\n<meta property=\"og:site_name\" content=\"SP Maskiner\" \/>\n<meta property=\"article:modified_time\" content=\"2022-06-02T13:33:39+00:00\" \/>\n<meta property=\"og:image\" content=\"https:\/\/spmaskiner.com\/wp-content\/uploads\/2021\/03\/sp461lf-thumb.jpg\" \/>\n\t<meta property=\"og:image:width\" content=\"380\" \/>\n\t<meta property=\"og:image:height\" content=\"456\" \/>\n\t<meta property=\"og:image:type\" content=\"image\/jpeg\" \/>\n<meta name=\"twitter:card\" content=\"summary_large_image\" \/>\n<script type=\"application\/ld+json\" class=\"yoast-schema-graph\">{\"@context\":\"https:\/\/schema.org\",\"@graph\":[{\"@type\":\"WebPage\",\"@id\":\"https:\/\/spmaskiner.com\/pt-br\/cabecas-processadoras\/\",\"url\":\"https:\/\/spmaskiner.com\/pt-br\/cabecas-processadoras\/\",\"name\":\"Cabe\u00e7as processadoras - SP Maskiner\",\"isPartOf\":{\"@id\":\"https:\/\/spmaskiner.com\/pt-br\/#website\"},\"primaryImageOfPage\":{\"@id\":\"https:\/\/spmaskiner.com\/pt-br\/cabecas-processadoras\/#primaryimage\"},\"image\":{\"@id\":\"https:\/\/spmaskiner.com\/pt-br\/cabecas-processadoras\/#primaryimage\"},\"thumbnailUrl\":\"https:\/\/spmaskiner.com\/wp-content\/uploads\/2021\/03\/sp461lf-thumb.jpg\",\"datePublished\":\"2021-03-05T08:54:14+00:00\",\"dateModified\":\"2022-06-02T13:33:39+00:00\",\"breadcrumb\":{\"@id\":\"https:\/\/spmaskiner.com\/pt-br\/cabecas-processadoras\/#breadcrumb\"},\"inLanguage\":\"pt-BR\",\"potentialAction\":[{\"@type\":\"ReadAction\",\"target\":[\"https:\/\/spmaskiner.com\/pt-br\/cabecas-processadoras\/\"]}]},{\"@type\":\"ImageObject\",\"inLanguage\":\"pt-BR\",\"@id\":\"https:\/\/spmaskiner.com\/pt-br\/cabecas-processadoras\/#primaryimage\",\"url\":\"https:\/\/spmaskiner.com\/wp-content\/uploads\/2021\/03\/sp461lf-thumb.jpg\",\"contentUrl\":\"https:\/\/spmaskiner.com\/wp-content\/uploads\/2021\/03\/sp461lf-thumb.jpg\"},{\"@type\":\"BreadcrumbList\",\"@id\":\"https:\/\/spmaskiner.com\/pt-br\/cabecas-processadoras\/#breadcrumb\",\"itemListElement\":[{\"@type\":\"ListItem\",\"position\":1,\"name\":\"Home\",\"item\":\"https:\/\/spmaskiner.com\/pt-br\/\"},{\"@type\":\"ListItem\",\"position\":2,\"name\":\"Cabe\u00e7as processadoras\"}]},{\"@type\":\"WebSite\",\"@id\":\"https:\/\/spmaskiner.com\/pt-br\/#website\",\"url\":\"https:\/\/spmaskiner.com\/pt-br\/\",\"name\":\"SP Maskiner\",\"description\":\"Always ahead\",\"publisher\":{\"@id\":\"https:\/\/spmaskiner.com\/pt-br\/#organization\"},\"potentialAction\":[{\"@type\":\"SearchAction\",\"target\":{\"@type\":\"EntryPoint\",\"urlTemplate\":\"https:\/\/spmaskiner.com\/pt-br\/?s={search_term_string}\"},\"query-input\":{\"@type\":\"PropertyValueSpecification\",\"valueRequired\":true,\"valueName\":\"search_term_string\"}}],\"inLanguage\":\"pt-BR\"},{\"@type\":\"Organization\",\"@id\":\"https:\/\/spmaskiner.com\/pt-br\/#organization\",\"name\":\"SP Maskiner\",\"url\":\"https:\/\/spmaskiner.com\/pt-br\/\",\"logo\":{\"@type\":\"ImageObject\",\"inLanguage\":\"pt-BR\",\"@id\":\"https:\/\/spmaskiner.com\/pt-br\/#\/schema\/logo\/image\/\",\"url\":\"https:\/\/spmaskiner.com\/wp-content\/uploads\/2021\/03\/spmaskiner-logotyp.png\",\"contentUrl\":\"https:\/\/spmaskiner.com\/wp-content\/uploads\/2021\/03\/spmaskiner-logotyp.png\",\"width\":350,\"height\":65,\"caption\":\"SP Maskiner\"},\"image\":{\"@id\":\"https:\/\/spmaskiner.com\/pt-br\/#\/schema\/logo\/image\/\"}}]}<\/script>\n<!-- \/ Yoast SEO plugin. -->","yoast_head_json":{"title":"Cabe\u00e7as processadoras - SP Maskiner","robots":{"index":"index","follow":"follow","max-snippet":"max-snippet:-1","max-image-preview":"max-image-preview:large","max-video-preview":"max-video-preview:-1"},"canonical":"https:\/\/spmaskiner.com\/pt-br\/cabecas-processadoras\/","og_locale":"pt_BR","og_type":"article","og_title":"Cabe\u00e7as processadoras - SP Maskiner","og_description":"Cabe\u00e7as processadoras A diferen\u00e7a \u00e9 f\u00e1cil de detetar com uma cabe\u00e7a processadora da SP Maskiner. As nossas cabe\u00e7as s\u00e3o vistas montadas em m\u00e1quinas em todo o mundo por um bom motivo. Nunca comprometemos a qualidade e lideramos os desenvolvimentos t\u00e9cnicos vistos no nosso segmento. Todas as nossas cabe\u00e7as podem ser utilizadas com qualquer marca ou [&hellip;]","og_url":"https:\/\/spmaskiner.com\/pt-br\/cabecas-processadoras\/","og_site_name":"SP Maskiner","article_modified_time":"2022-06-02T13:33:39+00:00","og_image":[{"width":380,"height":456,"url":"https:\/\/spmaskiner.com\/wp-content\/uploads\/2021\/03\/sp461lf-thumb.jpg","type":"image\/jpeg"}],"twitter_card":"summary_large_image","schema":{"@context":"https:\/\/schema.org","@graph":[{"@type":"WebPage","@id":"https:\/\/spmaskiner.com\/pt-br\/cabecas-processadoras\/","url":"https:\/\/spmaskiner.com\/pt-br\/cabecas-processadoras\/","name":"Cabe\u00e7as processadoras - SP Maskiner","isPartOf":{"@id":"https:\/\/spmaskiner.com\/pt-br\/#website"},"primaryImageOfPage":{"@id":"https:\/\/spmaskiner.com\/pt-br\/cabecas-processadoras\/#primaryimage"},"image":{"@id":"https:\/\/spmaskiner.com\/pt-br\/cabecas-processadoras\/#primaryimage"},"thumbnailUrl":"https:\/\/spmaskiner.com\/wp-content\/uploads\/2021\/03\/sp461lf-thumb.jpg","datePublished":"2021-03-05T08:54:14+00:00","dateModified":"2022-06-02T13:33:39+00:00","breadcrumb":{"@id":"https:\/\/spmaskiner.com\/pt-br\/cabecas-processadoras\/#breadcrumb"},"inLanguage":"pt-BR","potentialAction":[{"@type":"ReadAction","target":["https:\/\/spmaskiner.com\/pt-br\/cabecas-processadoras\/"]}]},{"@type":"ImageObject","inLanguage":"pt-BR","@id":"https:\/\/spmaskiner.com\/pt-br\/cabecas-processadoras\/#primaryimage","url":"https:\/\/spmaskiner.com\/wp-content\/uploads\/2021\/03\/sp461lf-thumb.jpg","contentUrl":"https:\/\/spmaskiner.com\/wp-content\/uploads\/2021\/03\/sp461lf-thumb.jpg"},{"@type":"BreadcrumbList","@id":"https:\/\/spmaskiner.com\/pt-br\/cabecas-processadoras\/#breadcrumb","itemListElement":[{"@type":"ListItem","position":1,"name":"Home","item":"https:\/\/spmaskiner.com\/pt-br\/"},{"@type":"ListItem","position":2,"name":"Cabe\u00e7as processadoras"}]},{"@type":"WebSite","@id":"https:\/\/spmaskiner.com\/pt-br\/#website","url":"https:\/\/spmaskiner.com\/pt-br\/","name":"SP Maskiner","description":"Always ahead","publisher":{"@id":"https:\/\/spmaskiner.com\/pt-br\/#organization"},"potentialAction":[{"@type":"SearchAction","target":{"@type":"EntryPoint","urlTemplate":"https:\/\/spmaskiner.com\/pt-br\/?s={search_term_string}"},"query-input":{"@type":"PropertyValueSpecification","valueRequired":true,"valueName":"search_term_string"}}],"inLanguage":"pt-BR"},{"@type":"Organization","@id":"https:\/\/spmaskiner.com\/pt-br\/#organization","name":"SP Maskiner","url":"https:\/\/spmaskiner.com\/pt-br\/","logo":{"@type":"ImageObject","inLanguage":"pt-BR","@id":"https:\/\/spmaskiner.com\/pt-br\/#\/schema\/logo\/image\/","url":"https:\/\/spmaskiner.com\/wp-content\/uploads\/2021\/03\/spmaskiner-logotyp.png","contentUrl":"https:\/\/spmaskiner.com\/wp-content\/uploads\/2021\/03\/spmaskiner-logotyp.png","width":350,"height":65,"caption":"SP Maskiner"},"image":{"@id":"https:\/\/spmaskiner.com\/pt-br\/#\/schema\/logo\/image\/"}}]}},"_links":{"self":[{"href":"https:\/\/spmaskiner.com\/pt-br\/wp-json\/wp\/v2\/pages\/8373","targetHints":{"allow":["GET"]}}],"collection":[{"href":"https:\/\/spmaskiner.com\/pt-br\/wp-json\/wp\/v2\/pages"}],"about":[{"href":"https:\/\/spmaskiner.com\/pt-br\/wp-json\/wp\/v2\/types\/page"}],"author":[{"embeddable":true,"href":"https:\/\/spmaskiner.com\/pt-br\/wp-json\/wp\/v2\/users\/1"}],"replies":[{"embeddable":true,"href":"https:\/\/spmaskiner.com\/pt-br\/wp-json\/wp\/v2\/comments?post=8373"}],"version-history":[{"count":4,"href":"https:\/\/spmaskiner.com\/pt-br\/wp-json\/wp\/v2\/pages\/8373\/revisions"}],"predecessor-version":[{"id":8711,"href":"https:\/\/spmaskiner.com\/pt-br\/wp-json\/wp\/v2\/pages\/8373\/revisions\/8711"}],"wp:attachment":[{"href":"https:\/\/spmaskiner.com\/pt-br\/wp-json\/wp\/v2\/media?parent=8373"}],"curies":[{"name":"wp","href":"https:\/\/api.w.org\/{rel}","templated":true}]}}