{"id":8375,"date":"2021-03-14T11:20:52","date_gmt":"2021-03-14T10:20:52","guid":{"rendered":"https:\/\/spmaskiner.com\/cabecas-processadoras\/cabecas-processadoras-lf\/"},"modified":"2025-10-27T15:57:32","modified_gmt":"2025-10-27T14:57:32","slug":"cabecas-processadoras-lf","status":"publish","type":"page","link":"https:\/\/spmaskiner.com\/pt-br\/cabecas-processadoras\/cabecas-processadoras-lf\/","title":{"rendered":"Cabe\u00e7as processadoras LF"},"content":{"rendered":"\t\t<div data-elementor-type=\"wp-page\" data-elementor-id=\"8375\" class=\"elementor elementor-8375 elementor-489\" data-elementor-post-type=\"page\">\n\t\t\t\t\t\t<section class=\"elementor-section elementor-top-section elementor-element elementor-element-1bce3936 elementor-section-boxed elementor-section-height-default elementor-section-height-default\" data-id=\"1bce3936\" data-element_type=\"section\" data-e-type=\"section\">\n\t\t\t\t\t\t<div class=\"elementor-container elementor-column-gap-default\">\n\t\t\t\t\t<div class=\"elementor-column elementor-col-100 elementor-top-column elementor-element elementor-element-7e6ee8ee\" data-id=\"7e6ee8ee\" data-element_type=\"column\" data-e-type=\"column\">\n\t\t\t<div class=\"elementor-widget-wrap elementor-element-populated\">\n\t\t\t\t\t\t<div class=\"elementor-element elementor-element-1aafbf82 elementor-widget elementor-widget-heading\" data-id=\"1aafbf82\" data-element_type=\"widget\" data-e-type=\"widget\" data-widget_type=\"heading.default\">\n\t\t\t\t<div class=\"elementor-widget-container\">\n\t\t\t\t\t<h1 class=\"elementor-heading-title elementor-size-default\">Cabe\u00e7as processadoras LF<\/h1>\t\t\t\t<\/div>\n\t\t\t\t<\/div>\n\t\t\t\t<div class=\"elementor-element elementor-element-2a7ed5f8 elementor-widget elementor-widget-text-editor\" data-id=\"2a7ed5f8\" data-element_type=\"widget\" data-e-type=\"widget\" data-widget_type=\"text-editor.default\">\n\t\t\t\t<div class=\"elementor-widget-container\">\n\t\t\t\t\t\t\t\t\t<p>As cabe\u00e7as da s\u00e9rie LF caracterizam-se pelo seu design fino e compacto combinado com a m\u00e1xima produtividade e fiabilidade. As cabe\u00e7as foram concebidas de acordo com o nosso conceito de baixo atrito para m\u00e1xima rentabilidade. Se trabalha com desbaste inicial, corte final ou com grandes quantidades de madeira dura, a s\u00e9rie LF tem a cabe\u00e7a processadora certa para o trabalho.<br \/>A seguir pode ler mais sobre as nossas cabe\u00e7as LF e encontrar a cabe\u00e7a perfeita para si.<\/p>\n\t\t\t\t\t\t\t\t<\/div>\n\t\t\t\t<\/div>\n\t\t\t\t\t<\/div>\n\t\t<\/div>\n\t\t\t\t\t<\/div>\n\t\t<\/section>\n\t\t\t\t<section class=\"elementor-section elementor-top-section elementor-element elementor-element-44369634 unit-group-container elementor-section-boxed elementor-section-height-default elementor-section-height-default\" data-id=\"44369634\" data-element_type=\"section\" data-e-type=\"section\">\n\t\t\t\t\t\t<div class=\"elementor-container elementor-column-gap-default\">\n\t\t\t\t\t<div class=\"elementor-column elementor-col-33 elementor-top-column elementor-element elementor-element-30ee73d3 unit-group-col\" data-id=\"30ee73d3\" data-element_type=\"column\" data-e-type=\"column\">\n\t\t\t<div class=\"elementor-widget-wrap elementor-element-populated\">\n\t\t\t\t\t\t<div class=\"elementor-element elementor-element-0d15f39 unit-group-block elementor-position-top elementor-widget elementor-widget-image-box\" data-id=\"0d15f39\" data-element_type=\"widget\" data-e-type=\"widget\" data-widget_type=\"image-box.default\">\n\t\t\t\t<div class=\"elementor-widget-container\">\n\t\t\t\t\t<div class=\"elementor-image-box-wrapper\"><figure class=\"elementor-image-box-img\"><a href=\"https:\/\/spmaskiner.com\/pt-br\/cabecas-processadoras\/cabecas-processadoras-lf\/sp-461-lf-next-generation\/\" tabindex=\"-1\"><img loading=\"lazy\" decoding=\"async\" width=\"747\" height=\"900\" src=\"https:\/\/spmaskiner.com\/wp-content\/uploads\/2025\/06\/461-NG-hemsida-kopiera.jpg\" class=\"attachment-medium_large size-medium_large wp-image-11584\" alt=\"\" srcset=\"https:\/\/spmaskiner.com\/wp-content\/uploads\/2025\/06\/461-NG-hemsida-kopiera.jpg 747w, https:\/\/spmaskiner.com\/wp-content\/uploads\/2025\/06\/461-NG-hemsida-kopiera-249x300.jpg 249w\" sizes=\"auto, (max-width: 747px) 100vw, 747px\" \/><\/a><\/figure><div class=\"elementor-image-box-content\"><h2 class=\"elementor-image-box-title\"><a href=\"https:\/\/spmaskiner.com\/pt-br\/cabecas-processadoras\/cabecas-processadoras-lf\/sp-461-lf-next-generation\/\">SP 461 LF Next Generation<\/a><\/h2><p class=\"elementor-image-box-description\"><strong>NOVIDADE \u2013 Procurando um cabe\u00e7ote de desbaste potente e \u00e1gil?<\/strong><br> <strong>SP 461 LF NG<\/strong> \u00e9<\/p><\/div><\/div>\t\t\t\t<\/div>\n\t\t\t\t<\/div>\n\t\t\t\t\t<\/div>\n\t\t<\/div>\n\t\t\t\t<div class=\"elementor-column elementor-col-33 elementor-top-column elementor-element elementor-element-7da63d9f unit-group-col\" data-id=\"7da63d9f\" data-element_type=\"column\" data-e-type=\"column\">\n\t\t\t<div class=\"elementor-widget-wrap elementor-element-populated\">\n\t\t\t\t\t\t<div class=\"elementor-element elementor-element-8120009 unit-group-block elementor-position-top elementor-widget elementor-widget-image-box\" data-id=\"8120009\" data-element_type=\"widget\" data-e-type=\"widget\" data-widget_type=\"image-box.default\">\n\t\t\t\t<div class=\"elementor-widget-container\">\n\t\t\t\t\t<div class=\"elementor-image-box-wrapper\"><figure class=\"elementor-image-box-img\"><a href=\"https:\/\/spmaskiner.com\/pt-br\/cabecas-processadoras\/cabecas-processadoras-lf\/cabecas-processadora-sp-561-lf\/\" tabindex=\"-1\"><img loading=\"lazy\" decoding=\"async\" width=\"664\" height=\"800\" src=\"https:\/\/spmaskiner.com\/wp-content\/uploads\/2021\/04\/ar00001496_161116.jpg\" class=\"attachment-full size-full wp-image-2650\" alt=\"\" srcset=\"https:\/\/spmaskiner.com\/wp-content\/uploads\/2021\/04\/ar00001496_161116.jpg 664w, https:\/\/spmaskiner.com\/wp-content\/uploads\/2021\/04\/ar00001496_161116-249x300.jpg 249w\" sizes=\"auto, (max-width: 664px) 100vw, 664px\" \/><\/a><\/figure><div class=\"elementor-image-box-content\"><h2 class=\"elementor-image-box-title\"><a href=\"https:\/\/spmaskiner.com\/pt-br\/cabecas-processadoras\/cabecas-processadoras-lf\/cabecas-processadora-sp-561-lf\/\">SP 561 LF<\/a><\/h2><p class=\"elementor-image-box-description\">O LF SP 561 \u00e9 uma cabe\u00e7a processadora totalmente vers\u00e1til. A SP 561 LF foi projetada para diferentes fun\u00e7\u00f5es de trabalho e oferece caracter\u00edsticas muito boas, com alcance desde o primeiro desbastamento at\u00e9 o abate m\u00e9dio final.<\/p><\/div><\/div>\t\t\t\t<\/div>\n\t\t\t\t<\/div>\n\t\t\t\t\t<\/div>\n\t\t<\/div>\n\t\t\t\t<div class=\"elementor-column elementor-col-33 elementor-top-column elementor-element elementor-element-eb005cd unit-group-col\" data-id=\"eb005cd\" data-element_type=\"column\" data-e-type=\"column\">\n\t\t\t<div class=\"elementor-widget-wrap elementor-element-populated\">\n\t\t\t\t\t\t<div class=\"elementor-element elementor-element-17840f0 unit-group-block elementor-position-top elementor-widget elementor-widget-image-box\" data-id=\"17840f0\" data-element_type=\"widget\" data-e-type=\"widget\" data-widget_type=\"image-box.default\">\n\t\t\t\t<div class=\"elementor-widget-container\">\n\t\t\t\t\t<div class=\"elementor-image-box-wrapper\"><figure class=\"elementor-image-box-img\"><a href=\"https:\/\/spmaskiner.com\/pt-br\/cabecas-processadoras\/cabecas-processadoras-lf\/cabecas-processadora-sp-661-lf\/\" tabindex=\"-1\"><img loading=\"lazy\" decoding=\"async\" width=\"664\" height=\"800\" src=\"https:\/\/spmaskiner.com\/wp-content\/uploads\/2021\/04\/ar00001741_170607.jpg\" class=\"attachment-medium_large size-medium_large wp-image-2837\" alt=\"\" srcset=\"https:\/\/spmaskiner.com\/wp-content\/uploads\/2021\/04\/ar00001741_170607.jpg 664w, https:\/\/spmaskiner.com\/wp-content\/uploads\/2021\/04\/ar00001741_170607-249x300.jpg 249w\" sizes=\"auto, (max-width: 664px) 100vw, 664px\" \/><\/a><\/figure><div class=\"elementor-image-box-content\"><h2 class=\"elementor-image-box-title\"><a href=\"https:\/\/spmaskiner.com\/pt-br\/cabecas-processadoras\/cabecas-processadoras-lf\/cabecas-processadora-sp-661-lf\/\">SP 661 LF<\/a><\/h2><p class=\"elementor-image-box-description\">O SP 661 LF \u00e9 um cabe\u00e7ote processador compacto e robusto para corte e desgalhe de \u00e1rvores em colheita florestal de alto desempenho, projetado de acordo com o princ\u00edpio de baixa fric\u00e7\u00e3o da SP para m\u00ednima fric\u00e7\u00e3o e m\u00e1xima produtividade.<\/p><\/div><\/div>\t\t\t\t<\/div>\n\t\t\t\t<\/div>\n\t\t\t\t\t<\/div>\n\t\t<\/div>\n\t\t\t\t\t<\/div>\n\t\t<\/section>\n\t\t\t\t<section class=\"elementor-section elementor-top-section elementor-element elementor-element-d0ce688 unit-group-container elementor-section-boxed elementor-section-height-default elementor-section-height-default\" data-id=\"d0ce688\" data-element_type=\"section\" data-e-type=\"section\">\n\t\t\t\t\t\t<div class=\"elementor-container elementor-column-gap-default\">\n\t\t\t\t\t<div class=\"elementor-column elementor-col-33 elementor-top-column elementor-element elementor-element-cc0c5c1 unit-group-col\" data-id=\"cc0c5c1\" data-element_type=\"column\" data-e-type=\"column\">\n\t\t\t<div class=\"elementor-widget-wrap elementor-element-populated\">\n\t\t\t\t\t\t<div class=\"elementor-element elementor-element-d429245 unit-group-block elementor-position-top elementor-widget elementor-widget-image-box\" data-id=\"d429245\" data-element_type=\"widget\" data-e-type=\"widget\" data-widget_type=\"image-box.default\">\n\t\t\t\t<div class=\"elementor-widget-container\">\n\t\t\t\t\t<div class=\"elementor-image-box-wrapper\"><figure class=\"elementor-image-box-img\"><a href=\"https:\/\/spmaskiner.com\/pt-br\/cabecas-processadoras\/cabecas-processadoras-lf\/harvester-head-sp-661-lite\/\" tabindex=\"-1\"><img loading=\"lazy\" decoding=\"async\" width=\"747\" height=\"900\" src=\"https:\/\/spmaskiner.com\/wp-content\/uploads\/2025\/06\/661-Lite_hemsida.jpg\" class=\"attachment-medium_large size-medium_large wp-image-11559\" alt=\"\" srcset=\"https:\/\/spmaskiner.com\/wp-content\/uploads\/2025\/06\/661-Lite_hemsida.jpg 747w, https:\/\/spmaskiner.com\/wp-content\/uploads\/2025\/06\/661-Lite_hemsida-249x300.jpg 249w\" sizes=\"auto, (max-width: 747px) 100vw, 747px\" \/><\/a><\/figure><div class=\"elementor-image-box-content\"><h2 class=\"elementor-image-box-title\"><a href=\"https:\/\/spmaskiner.com\/pt-br\/cabecas-processadoras\/cabecas-processadoras-lf\/harvester-head-sp-661-lite\/\">SP 661 LF Lite<\/a><\/h2><p class=\"elementor-image-box-description\"><b>NOVIDADE \u2013 Voc\u00ea quer um cabe\u00e7ote harvester com as mesmas excelentes caracter\u00edsticas do 661 LF \u2013 mas com menor peso?<\/b> Ent\u00e3o o <b>SP 661 LF Lite<\/b> \u00e9 a escolha \u00f3bvia.<br> O SP 661 LF Lite \u00e9 um cabe\u00e7ote leve e eficiente, otimizado para colheitadeiras de m\u00e9dio porte com rodas.<\/p><\/div><\/div>\t\t\t\t<\/div>\n\t\t\t\t<\/div>\n\t\t\t\t\t<\/div>\n\t\t<\/div>\n\t\t\t\t<div class=\"elementor-column elementor-col-33 elementor-top-column elementor-element elementor-element-b9b01a4 unit-group-col\" data-id=\"b9b01a4\" data-element_type=\"column\" data-e-type=\"column\">\n\t\t\t<div class=\"elementor-widget-wrap elementor-element-populated\">\n\t\t\t\t\t\t<div class=\"elementor-element elementor-element-53abd09 unit-group-block elementor-position-top elementor-widget elementor-widget-image-box\" data-id=\"53abd09\" data-element_type=\"widget\" data-e-type=\"widget\" data-widget_type=\"image-box.default\">\n\t\t\t\t<div class=\"elementor-widget-container\">\n\t\t\t\t\t<div class=\"elementor-image-box-wrapper\"><figure class=\"elementor-image-box-img\"><a href=\"https:\/\/spmaskiner.com\/skordaraggregat\/skordaraggregat-lf\/skordaraggregat-sp-761-lf\/\" tabindex=\"-1\"><img loading=\"lazy\" decoding=\"async\" width=\"664\" height=\"800\" src=\"https:\/\/spmaskiner.com\/wp-content\/uploads\/2021\/04\/ar00001604_161116.jpg\" class=\"attachment-medium_large size-medium_large wp-image-3075\" alt=\"\" srcset=\"https:\/\/spmaskiner.com\/wp-content\/uploads\/2021\/04\/ar00001604_161116.jpg 664w, https:\/\/spmaskiner.com\/wp-content\/uploads\/2021\/04\/ar00001604_161116-249x300.jpg 249w\" sizes=\"auto, (max-width: 664px) 100vw, 664px\" \/><\/a><\/figure><div class=\"elementor-image-box-content\"><h2 class=\"elementor-image-box-title\"><a href=\"https:\/\/spmaskiner.com\/skordaraggregat\/skordaraggregat-lf\/skordaraggregat-sp-761-lf\/\">SP 761 LF<\/a><\/h2><p class=\"elementor-image-box-description\">A SP 761 LF \u00e9 uma cabe\u00e7a processadora de alto desempenho resistente, r\u00e1pida e confi\u00e1vel, projetada para os trabalhos mais pesados. A cabe\u00e7a processadora pode ser instalada nas colheitadeiras grandes com roda, bem como em escavadeiras na faixa de 20 a 25 toneladas.<\/p><\/div><\/div>\t\t\t\t<\/div>\n\t\t\t\t<\/div>\n\t\t\t\t\t<\/div>\n\t\t<\/div>\n\t\t\t\t<div class=\"elementor-column elementor-col-33 elementor-top-column elementor-element elementor-element-c9fb968 unit-group-col\" data-id=\"c9fb968\" data-element_type=\"column\" data-e-type=\"column\">\n\t\t\t<div class=\"elementor-widget-wrap\">\n\t\t\t\t\t\t\t<\/div>\n\t\t<\/div>\n\t\t\t\t\t<\/div>\n\t\t<\/section>\n\t\t\t\t<\/div>\n\t\t","protected":false},"excerpt":{"rendered":"<p>Cabe\u00e7as processadoras LF As cabe\u00e7as da s\u00e9rie LF caracterizam-se pelo seu design fino e compacto combinado com a m\u00e1xima produtividade e fiabilidade. As cabe\u00e7as foram concebidas de acordo com o nosso conceito de baixo atrito para m\u00e1xima rentabilidade. Se trabalha com desbaste inicial, corte final ou com grandes quantidades de madeira dura, a s\u00e9rie LF [&hellip;]<\/p>\n","protected":false},"author":1,"featured_media":0,"parent":8373,"menu_order":220,"comment_status":"closed","ping_status":"closed","template":"elementor_header_footer","meta":{"_acf_changed":false,"site-sidebar-layout":"no-sidebar","site-content-layout":"page-builder","ast-site-content-layout":"default","site-content-style":"default","site-sidebar-style":"default","ast-global-header-display":"","ast-banner-title-visibility":"","ast-main-header-display":"","ast-hfb-above-header-display":"","ast-hfb-below-header-display":"","ast-hfb-mobile-header-display":"","site-post-title":"disabled","ast-breadcrumbs-content":"","ast-featured-img":"disabled","footer-sml-layout":"","ast-disable-related-posts":"","theme-transparent-header-meta":"default","adv-header-id-meta":"","stick-header-meta":"","header-above-stick-meta":"","header-main-stick-meta":"","header-below-stick-meta":"","astra-migrate-meta-layouts":"default","ast-page-background-enabled":"default","ast-page-background-meta":{"desktop":{"background-color":"","background-image":"","background-repeat":"repeat","background-position":"center center","background-size":"auto","background-attachment":"scroll","background-type":"","background-media":"","overlay-type":"","overlay-color":"","overlay-opacity":"","overlay-gradient":""},"tablet":{"background-color":"","background-image":"","background-repeat":"repeat","background-position":"center center","background-size":"auto","background-attachment":"scroll","background-type":"","background-media":"","overlay-type":"","overlay-color":"","overlay-opacity":"","overlay-gradient":""},"mobile":{"background-color":"","background-image":"","background-repeat":"repeat","background-position":"center center","background-size":"auto","background-attachment":"scroll","background-type":"","background-media":"","overlay-type":"","overlay-color":"","overlay-opacity":"","overlay-gradient":""}},"ast-content-background-meta":{"desktop":{"background-color":"var(--ast-global-color-5)","background-image":"","background-repeat":"repeat","background-position":"center center","background-size":"auto","background-attachment":"scroll","background-type":"","background-media":"","overlay-type":"","overlay-color":"","overlay-opacity":"","overlay-gradient":""},"tablet":{"background-color":"var(--ast-global-color-5)","background-image":"","background-repeat":"repeat","background-position":"center center","background-size":"auto","background-attachment":"scroll","background-type":"","background-media":"","overlay-type":"","overlay-color":"","overlay-opacity":"","overlay-gradient":""},"mobile":{"background-color":"var(--ast-global-color-5)","background-image":"","background-repeat":"repeat","background-position":"center center","background-size":"auto","background-attachment":"scroll","background-type":"","background-media":"","overlay-type":"","overlay-color":"","overlay-opacity":"","overlay-gradient":""}},"footnotes":""},"class_list":["post-8375","page","type-page","status-publish","hentry"],"acf":[],"yoast_head":"<!-- This site is optimized with the Yoast SEO plugin v26.9 - https:\/\/yoast.com\/product\/yoast-seo-wordpress\/ -->\n<title>Cabe\u00e7as processadoras LF - SP Maskiner<\/title>\n<meta name=\"robots\" content=\"index, follow, max-snippet:-1, max-image-preview:large, max-video-preview:-1\" \/>\n<link rel=\"canonical\" href=\"https:\/\/spmaskiner.com\/pt-br\/cabecas-processadoras\/cabecas-processadoras-lf\/\" \/>\n<meta property=\"og:locale\" content=\"pt_BR\" \/>\n<meta property=\"og:type\" content=\"article\" \/>\n<meta property=\"og:title\" content=\"Cabe\u00e7as processadoras LF - SP Maskiner\" \/>\n<meta property=\"og:description\" content=\"Cabe\u00e7as processadoras LF As cabe\u00e7as da s\u00e9rie LF caracterizam-se pelo seu design fino e compacto combinado com a m\u00e1xima produtividade e fiabilidade. As cabe\u00e7as foram concebidas de acordo com o nosso conceito de baixo atrito para m\u00e1xima rentabilidade. Se trabalha com desbaste inicial, corte final ou com grandes quantidades de madeira dura, a s\u00e9rie LF [&hellip;]\" \/>\n<meta property=\"og:url\" content=\"https:\/\/spmaskiner.com\/pt-br\/cabecas-processadoras\/cabecas-processadoras-lf\/\" \/>\n<meta property=\"og:site_name\" content=\"SP Maskiner\" \/>\n<meta property=\"article:modified_time\" content=\"2025-10-27T14:57:32+00:00\" \/>\n<meta property=\"og:image\" content=\"https:\/\/spmaskiner.com\/wp-content\/uploads\/2025\/06\/461-NG-hemsida-kopiera.jpg\" \/>\n\t<meta property=\"og:image:width\" content=\"747\" \/>\n\t<meta property=\"og:image:height\" content=\"900\" \/>\n\t<meta property=\"og:image:type\" content=\"image\/jpeg\" \/>\n<meta name=\"twitter:card\" content=\"summary_large_image\" \/>\n<script type=\"application\/ld+json\" class=\"yoast-schema-graph\">{\"@context\":\"https:\/\/schema.org\",\"@graph\":[{\"@type\":\"WebPage\",\"@id\":\"https:\/\/spmaskiner.com\/pt-br\/cabecas-processadoras\/cabecas-processadoras-lf\/\",\"url\":\"https:\/\/spmaskiner.com\/pt-br\/cabecas-processadoras\/cabecas-processadoras-lf\/\",\"name\":\"Cabe\u00e7as processadoras LF - SP Maskiner\",\"isPartOf\":{\"@id\":\"https:\/\/spmaskiner.com\/pt-br\/#website\"},\"primaryImageOfPage\":{\"@id\":\"https:\/\/spmaskiner.com\/pt-br\/cabecas-processadoras\/cabecas-processadoras-lf\/#primaryimage\"},\"image\":{\"@id\":\"https:\/\/spmaskiner.com\/pt-br\/cabecas-processadoras\/cabecas-processadoras-lf\/#primaryimage\"},\"thumbnailUrl\":\"https:\/\/spmaskiner.com\/wp-content\/uploads\/2025\/06\/461-NG-hemsida-kopiera.jpg\",\"datePublished\":\"2021-03-14T10:20:52+00:00\",\"dateModified\":\"2025-10-27T14:57:32+00:00\",\"breadcrumb\":{\"@id\":\"https:\/\/spmaskiner.com\/pt-br\/cabecas-processadoras\/cabecas-processadoras-lf\/#breadcrumb\"},\"inLanguage\":\"pt-BR\",\"potentialAction\":[{\"@type\":\"ReadAction\",\"target\":[\"https:\/\/spmaskiner.com\/pt-br\/cabecas-processadoras\/cabecas-processadoras-lf\/\"]}]},{\"@type\":\"ImageObject\",\"inLanguage\":\"pt-BR\",\"@id\":\"https:\/\/spmaskiner.com\/pt-br\/cabecas-processadoras\/cabecas-processadoras-lf\/#primaryimage\",\"url\":\"https:\/\/spmaskiner.com\/wp-content\/uploads\/2025\/06\/461-NG-hemsida-kopiera.jpg\",\"contentUrl\":\"https:\/\/spmaskiner.com\/wp-content\/uploads\/2025\/06\/461-NG-hemsida-kopiera.jpg\"},{\"@type\":\"BreadcrumbList\",\"@id\":\"https:\/\/spmaskiner.com\/pt-br\/cabecas-processadoras\/cabecas-processadoras-lf\/#breadcrumb\",\"itemListElement\":[{\"@type\":\"ListItem\",\"position\":1,\"name\":\"Home\",\"item\":\"https:\/\/spmaskiner.com\/pt-br\/\"},{\"@type\":\"ListItem\",\"position\":2,\"name\":\"Cabe\u00e7as processadoras\",\"item\":\"https:\/\/spmaskiner.com\/pt-br\/cabecas-processadoras\/\"},{\"@type\":\"ListItem\",\"position\":3,\"name\":\"Cabe\u00e7as processadoras LF\"}]},{\"@type\":\"WebSite\",\"@id\":\"https:\/\/spmaskiner.com\/pt-br\/#website\",\"url\":\"https:\/\/spmaskiner.com\/pt-br\/\",\"name\":\"SP Maskiner\",\"description\":\"Always ahead\",\"publisher\":{\"@id\":\"https:\/\/spmaskiner.com\/pt-br\/#organization\"},\"potentialAction\":[{\"@type\":\"SearchAction\",\"target\":{\"@type\":\"EntryPoint\",\"urlTemplate\":\"https:\/\/spmaskiner.com\/pt-br\/?s={search_term_string}\"},\"query-input\":{\"@type\":\"PropertyValueSpecification\",\"valueRequired\":true,\"valueName\":\"search_term_string\"}}],\"inLanguage\":\"pt-BR\"},{\"@type\":\"Organization\",\"@id\":\"https:\/\/spmaskiner.com\/pt-br\/#organization\",\"name\":\"SP Maskiner\",\"url\":\"https:\/\/spmaskiner.com\/pt-br\/\",\"logo\":{\"@type\":\"ImageObject\",\"inLanguage\":\"pt-BR\",\"@id\":\"https:\/\/spmaskiner.com\/pt-br\/#\/schema\/logo\/image\/\",\"url\":\"https:\/\/spmaskiner.com\/wp-content\/uploads\/2021\/03\/spmaskiner-logotyp.png\",\"contentUrl\":\"https:\/\/spmaskiner.com\/wp-content\/uploads\/2021\/03\/spmaskiner-logotyp.png\",\"width\":350,\"height\":65,\"caption\":\"SP Maskiner\"},\"image\":{\"@id\":\"https:\/\/spmaskiner.com\/pt-br\/#\/schema\/logo\/image\/\"}}]}<\/script>\n<!-- \/ Yoast SEO plugin. -->","yoast_head_json":{"title":"Cabe\u00e7as processadoras LF - SP Maskiner","robots":{"index":"index","follow":"follow","max-snippet":"max-snippet:-1","max-image-preview":"max-image-preview:large","max-video-preview":"max-video-preview:-1"},"canonical":"https:\/\/spmaskiner.com\/pt-br\/cabecas-processadoras\/cabecas-processadoras-lf\/","og_locale":"pt_BR","og_type":"article","og_title":"Cabe\u00e7as processadoras LF - SP Maskiner","og_description":"Cabe\u00e7as processadoras LF As cabe\u00e7as da s\u00e9rie LF caracterizam-se pelo seu design fino e compacto combinado com a m\u00e1xima produtividade e fiabilidade. As cabe\u00e7as foram concebidas de acordo com o nosso conceito de baixo atrito para m\u00e1xima rentabilidade. Se trabalha com desbaste inicial, corte final ou com grandes quantidades de madeira dura, a s\u00e9rie LF [&hellip;]","og_url":"https:\/\/spmaskiner.com\/pt-br\/cabecas-processadoras\/cabecas-processadoras-lf\/","og_site_name":"SP Maskiner","article_modified_time":"2025-10-27T14:57:32+00:00","og_image":[{"width":747,"height":900,"url":"https:\/\/spmaskiner.com\/wp-content\/uploads\/2025\/06\/461-NG-hemsida-kopiera.jpg","type":"image\/jpeg"}],"twitter_card":"summary_large_image","schema":{"@context":"https:\/\/schema.org","@graph":[{"@type":"WebPage","@id":"https:\/\/spmaskiner.com\/pt-br\/cabecas-processadoras\/cabecas-processadoras-lf\/","url":"https:\/\/spmaskiner.com\/pt-br\/cabecas-processadoras\/cabecas-processadoras-lf\/","name":"Cabe\u00e7as processadoras LF - SP Maskiner","isPartOf":{"@id":"https:\/\/spmaskiner.com\/pt-br\/#website"},"primaryImageOfPage":{"@id":"https:\/\/spmaskiner.com\/pt-br\/cabecas-processadoras\/cabecas-processadoras-lf\/#primaryimage"},"image":{"@id":"https:\/\/spmaskiner.com\/pt-br\/cabecas-processadoras\/cabecas-processadoras-lf\/#primaryimage"},"thumbnailUrl":"https:\/\/spmaskiner.com\/wp-content\/uploads\/2025\/06\/461-NG-hemsida-kopiera.jpg","datePublished":"2021-03-14T10:20:52+00:00","dateModified":"2025-10-27T14:57:32+00:00","breadcrumb":{"@id":"https:\/\/spmaskiner.com\/pt-br\/cabecas-processadoras\/cabecas-processadoras-lf\/#breadcrumb"},"inLanguage":"pt-BR","potentialAction":[{"@type":"ReadAction","target":["https:\/\/spmaskiner.com\/pt-br\/cabecas-processadoras\/cabecas-processadoras-lf\/"]}]},{"@type":"ImageObject","inLanguage":"pt-BR","@id":"https:\/\/spmaskiner.com\/pt-br\/cabecas-processadoras\/cabecas-processadoras-lf\/#primaryimage","url":"https:\/\/spmaskiner.com\/wp-content\/uploads\/2025\/06\/461-NG-hemsida-kopiera.jpg","contentUrl":"https:\/\/spmaskiner.com\/wp-content\/uploads\/2025\/06\/461-NG-hemsida-kopiera.jpg"},{"@type":"BreadcrumbList","@id":"https:\/\/spmaskiner.com\/pt-br\/cabecas-processadoras\/cabecas-processadoras-lf\/#breadcrumb","itemListElement":[{"@type":"ListItem","position":1,"name":"Home","item":"https:\/\/spmaskiner.com\/pt-br\/"},{"@type":"ListItem","position":2,"name":"Cabe\u00e7as processadoras","item":"https:\/\/spmaskiner.com\/pt-br\/cabecas-processadoras\/"},{"@type":"ListItem","position":3,"name":"Cabe\u00e7as processadoras LF"}]},{"@type":"WebSite","@id":"https:\/\/spmaskiner.com\/pt-br\/#website","url":"https:\/\/spmaskiner.com\/pt-br\/","name":"SP Maskiner","description":"Always ahead","publisher":{"@id":"https:\/\/spmaskiner.com\/pt-br\/#organization"},"potentialAction":[{"@type":"SearchAction","target":{"@type":"EntryPoint","urlTemplate":"https:\/\/spmaskiner.com\/pt-br\/?s={search_term_string}"},"query-input":{"@type":"PropertyValueSpecification","valueRequired":true,"valueName":"search_term_string"}}],"inLanguage":"pt-BR"},{"@type":"Organization","@id":"https:\/\/spmaskiner.com\/pt-br\/#organization","name":"SP Maskiner","url":"https:\/\/spmaskiner.com\/pt-br\/","logo":{"@type":"ImageObject","inLanguage":"pt-BR","@id":"https:\/\/spmaskiner.com\/pt-br\/#\/schema\/logo\/image\/","url":"https:\/\/spmaskiner.com\/wp-content\/uploads\/2021\/03\/spmaskiner-logotyp.png","contentUrl":"https:\/\/spmaskiner.com\/wp-content\/uploads\/2021\/03\/spmaskiner-logotyp.png","width":350,"height":65,"caption":"SP Maskiner"},"image":{"@id":"https:\/\/spmaskiner.com\/pt-br\/#\/schema\/logo\/image\/"}}]}},"_links":{"self":[{"href":"https:\/\/spmaskiner.com\/pt-br\/wp-json\/wp\/v2\/pages\/8375","targetHints":{"allow":["GET"]}}],"collection":[{"href":"https:\/\/spmaskiner.com\/pt-br\/wp-json\/wp\/v2\/pages"}],"about":[{"href":"https:\/\/spmaskiner.com\/pt-br\/wp-json\/wp\/v2\/types\/page"}],"author":[{"embeddable":true,"href":"https:\/\/spmaskiner.com\/pt-br\/wp-json\/wp\/v2\/users\/1"}],"replies":[{"embeddable":true,"href":"https:\/\/spmaskiner.com\/pt-br\/wp-json\/wp\/v2\/comments?post=8375"}],"version-history":[{"count":9,"href":"https:\/\/spmaskiner.com\/pt-br\/wp-json\/wp\/v2\/pages\/8375\/revisions"}],"predecessor-version":[{"id":12145,"href":"https:\/\/spmaskiner.com\/pt-br\/wp-json\/wp\/v2\/pages\/8375\/revisions\/12145"}],"up":[{"embeddable":true,"href":"https:\/\/spmaskiner.com\/pt-br\/wp-json\/wp\/v2\/pages\/8373"}],"wp:attachment":[{"href":"https:\/\/spmaskiner.com\/pt-br\/wp-json\/wp\/v2\/media?parent=8375"}],"curies":[{"name":"wp","href":"https:\/\/api.w.org\/{rel}","templated":true}]}}