{"id":8475,"date":"2021-04-09T14:08:41","date_gmt":"2021-04-09T12:08:41","guid":{"rendered":"https:\/\/spmaskiner.com\/cabecas-processadoras\/cabecas-processadoras-e\/cabecas-processadora-sp-761-e\/sp-761-e-acessorios-e-equipamentos\/"},"modified":"2026-02-19T13:16:31","modified_gmt":"2026-02-19T12:16:31","slug":"sp-761-e-acessorios-e-equipamentos","status":"publish","type":"page","link":"https:\/\/spmaskiner.com\/pt-br\/cabecas-processadoras\/cabecas-processadoras-e\/cabecas-processadora-sp-761-e\/sp-761-e-acessorios-e-equipamentos\/","title":{"rendered":"SP 761 E Acess\u00f3rios e equipamentos"},"content":{"rendered":"\t\t<div data-elementor-type=\"wp-page\" data-elementor-id=\"8475\" class=\"elementor elementor-8475 elementor-3284\" data-elementor-post-type=\"page\">\n\t\t\t\t\t\t<section class=\"elementor-section elementor-top-section elementor-element elementor-element-350464f9 elementor-section-height-min-height elementor-section-items-top product-top-section elementor-section-boxed elementor-section-height-default\" data-id=\"350464f9\" data-element_type=\"section\" data-e-type=\"section\" data-settings=\"{&quot;background_background&quot;:&quot;classic&quot;}\">\n\t\t\t\t\t\t<div class=\"elementor-container elementor-column-gap-default\">\n\t\t\t\t\t<div class=\"elementor-column elementor-col-50 elementor-top-column elementor-element elementor-element-4f64430f\" data-id=\"4f64430f\" data-element_type=\"column\" data-e-type=\"column\" data-settings=\"{&quot;background_background&quot;:&quot;classic&quot;}\">\n\t\t\t<div class=\"elementor-widget-wrap elementor-element-populated\">\n\t\t\t\t\t\t<div class=\"elementor-element elementor-element-85aeac0 elementor-widget__width-auto elementor-widget elementor-widget-heading\" data-id=\"85aeac0\" data-element_type=\"widget\" data-e-type=\"widget\" data-widget_type=\"heading.default\">\n\t\t\t\t<div class=\"elementor-widget-container\">\n\t\t\t\t\t<h2 class=\"elementor-heading-title elementor-size-default\">SP 761 E<\/h2>\t\t\t\t<\/div>\n\t\t\t\t<\/div>\n\t\t\t\t\t<\/div>\n\t\t<\/div>\n\t\t\t\t<div class=\"elementor-column elementor-col-50 elementor-top-column elementor-element elementor-element-13cf71ea\" data-id=\"13cf71ea\" data-element_type=\"column\" data-e-type=\"column\" data-settings=\"{&quot;background_background&quot;:&quot;classic&quot;}\">\n\t\t\t<div class=\"elementor-widget-wrap\">\n\t\t\t\t\t\t\t<\/div>\n\t\t<\/div>\n\t\t\t\t\t<\/div>\n\t\t<\/section>\n\t\t\t\t<section class=\"elementor-section elementor-top-section elementor-element elementor-element-62a7671a elementor-section-full_width elementor-section-height-default elementor-section-height-default\" data-id=\"62a7671a\" data-element_type=\"section\" data-e-type=\"section\">\n\t\t\t\t\t\t<div class=\"elementor-container elementor-column-gap-default\">\n\t\t\t\t\t<div class=\"elementor-column elementor-col-100 elementor-top-column elementor-element elementor-element-7a34a1e8\" data-id=\"7a34a1e8\" data-element_type=\"column\" data-e-type=\"column\">\n\t\t\t<div class=\"elementor-widget-wrap elementor-element-populated\">\n\t\t\t\t\t\t<div class=\"elementor-element elementor-element-ed3ff97 elementor-nav-menu__align-center elementor-nav-menu--dropdown-mobile elementor-nav-menu__text-align-aside elementor-nav-menu--toggle elementor-nav-menu--burger elementor-widget elementor-widget-global elementor-global-3352 elementor-widget-nav-menu\" data-id=\"ed3ff97\" data-element_type=\"widget\" data-e-type=\"widget\" id=\"product-menu\" data-settings=\"{&quot;layout&quot;:&quot;horizontal&quot;,&quot;submenu_icon&quot;:{&quot;value&quot;:&quot;fas fa-caret-down&quot;,&quot;library&quot;:&quot;fa-solid&quot;},&quot;toggle&quot;:&quot;burger&quot;}\" data-widget_type=\"nav-menu.default\">\n\t\t\t\t<div class=\"elementor-widget-container\">\n\t\t\t\t\t\t\t\t<nav aria-label=\"Menu\" class=\"elementor-nav-menu--main elementor-nav-menu__container elementor-nav-menu--layout-horizontal e--pointer-background e--animation-fade\">\n\t\t\t\t<ul id=\"menu-1-ed3ff97\" class=\"elementor-nav-menu\"><li class=\"menu-item menu-item-type-post_type menu-item-object-page menu-item-8645\"><a href=\"https:\/\/spmaskiner.com\/pt-br\/cabecas-processadoras\/cabecas-processadoras-e\/cabecas-processadora-sp-761-e\/\" class=\"elementor-item menu-link\">Informa\u00e7\u00e3o do produto<\/a><\/li>\n<li class=\"menu-item menu-item-type-post_type menu-item-object-page menu-item-8646\"><a href=\"https:\/\/spmaskiner.com\/pt-br\/cabecas-processadoras\/cabecas-processadoras-e\/cabecas-processadora-sp-761-e\/sp-761-e-dados-tecnicos\/\" class=\"elementor-item menu-link\">Dados t\u00e9cnicos<\/a><\/li>\n<li class=\"menu-item menu-item-type-post_type menu-item-object-page menu-item-8647\"><a href=\"https:\/\/spmaskiner.com\/pt-br\/cabecas-processadoras\/cabecas-processadoras-e\/cabecas-processadora-sp-761-e\/sp-761-e-beneficios-para-o-cliente\/\" class=\"elementor-item menu-link\">Benef\u00edcios para o cliente<\/a><\/li>\n<li class=\"menu-item menu-item-type-post_type menu-item-object-page menu-item-8648\"><a href=\"https:\/\/spmaskiner.com\/pt-br\/cabecas-processadoras\/cabecas-processadoras-e\/cabecas-processadora-sp-761-e\/sp-761-e-sistemas-de-controle\/\" class=\"elementor-item menu-link\">Sistemas de controle<\/a><\/li>\n<li class=\"menu-item menu-item-type-post_type menu-item-object-page menu-item-8649\"><a href=\"https:\/\/spmaskiner.com\/pt-br\/cabecas-processadoras\/cabecas-processadoras-e\/cabecas-processadora-sp-761-e\/sp-761-e-acessorios-e-equipamentos\/\" class=\"elementor-item menu-link\">Acess\u00f3rios e equipamentos<\/a><\/li>\n<\/ul>\t\t\t<\/nav>\n\t\t\t\t\t<div class=\"elementor-menu-toggle\" role=\"button\" tabindex=\"0\" aria-label=\"Alternar menu\" aria-expanded=\"false\">\n\t\t\t<i aria-hidden=\"true\" role=\"presentation\" class=\"elementor-menu-toggle__icon--open eicon-menu-bar\"><\/i><i aria-hidden=\"true\" role=\"presentation\" class=\"elementor-menu-toggle__icon--close eicon-close\"><\/i>\t\t<\/div>\n\t\t\t\t\t<nav class=\"elementor-nav-menu--dropdown elementor-nav-menu__container\" aria-hidden=\"true\">\n\t\t\t\t<ul id=\"menu-2-ed3ff97\" class=\"elementor-nav-menu\"><li class=\"menu-item menu-item-type-post_type menu-item-object-page menu-item-8645\"><a href=\"https:\/\/spmaskiner.com\/pt-br\/cabecas-processadoras\/cabecas-processadoras-e\/cabecas-processadora-sp-761-e\/\" class=\"elementor-item menu-link\" tabindex=\"-1\">Informa\u00e7\u00e3o do produto<\/a><\/li>\n<li class=\"menu-item menu-item-type-post_type menu-item-object-page menu-item-8646\"><a href=\"https:\/\/spmaskiner.com\/pt-br\/cabecas-processadoras\/cabecas-processadoras-e\/cabecas-processadora-sp-761-e\/sp-761-e-dados-tecnicos\/\" class=\"elementor-item menu-link\" tabindex=\"-1\">Dados t\u00e9cnicos<\/a><\/li>\n<li class=\"menu-item menu-item-type-post_type menu-item-object-page menu-item-8647\"><a href=\"https:\/\/spmaskiner.com\/pt-br\/cabecas-processadoras\/cabecas-processadoras-e\/cabecas-processadora-sp-761-e\/sp-761-e-beneficios-para-o-cliente\/\" class=\"elementor-item menu-link\" tabindex=\"-1\">Benef\u00edcios para o cliente<\/a><\/li>\n<li class=\"menu-item menu-item-type-post_type menu-item-object-page menu-item-8648\"><a href=\"https:\/\/spmaskiner.com\/pt-br\/cabecas-processadoras\/cabecas-processadoras-e\/cabecas-processadora-sp-761-e\/sp-761-e-sistemas-de-controle\/\" class=\"elementor-item menu-link\" tabindex=\"-1\">Sistemas de controle<\/a><\/li>\n<li class=\"menu-item menu-item-type-post_type menu-item-object-page menu-item-8649\"><a href=\"https:\/\/spmaskiner.com\/pt-br\/cabecas-processadoras\/cabecas-processadoras-e\/cabecas-processadora-sp-761-e\/sp-761-e-acessorios-e-equipamentos\/\" class=\"elementor-item menu-link\" tabindex=\"-1\">Acess\u00f3rios e equipamentos<\/a><\/li>\n<\/ul>\t\t\t<\/nav>\n\t\t\t\t\t\t<\/div>\n\t\t\t\t<\/div>\n\t\t\t\t\t<\/div>\n\t\t<\/div>\n\t\t\t\t\t<\/div>\n\t\t<\/section>\n\t\t\t\t<section class=\"elementor-section elementor-top-section elementor-element elementor-element-22f6c59d elementor-section-boxed elementor-section-height-default elementor-section-height-default\" data-id=\"22f6c59d\" data-element_type=\"section\" data-e-type=\"section\">\n\t\t\t\t\t\t<div class=\"elementor-container elementor-column-gap-default\">\n\t\t\t\t\t<div class=\"elementor-column elementor-col-100 elementor-top-column elementor-element elementor-element-5631476\" data-id=\"5631476\" data-element_type=\"column\" data-e-type=\"column\">\n\t\t\t<div class=\"elementor-widget-wrap elementor-element-populated\">\n\t\t\t\t\t\t<div class=\"elementor-element elementor-element-62c405df elementor-widget elementor-widget-heading\" data-id=\"62c405df\" data-element_type=\"widget\" data-e-type=\"widget\" data-widget_type=\"heading.default\">\n\t\t\t\t<div class=\"elementor-widget-container\">\n\t\t\t\t\t<h1 class=\"elementor-heading-title elementor-size-default\">Acess\u00f3rios e equipamentos - Cabe\u00e7as processadora SP 761 E<\/h1>\t\t\t\t<\/div>\n\t\t\t\t<\/div>\n\t\t\t\t<div class=\"elementor-element elementor-element-5c148800 elementor-widget elementor-widget-text-editor\" data-id=\"5c148800\" data-element_type=\"widget\" data-e-type=\"widget\" data-widget_type=\"text-editor.default\">\n\t\t\t\t<div class=\"elementor-widget-container\">\n\t\t\t\t\t\t\t\t\tTodas as nossas cabe\u00e7as processadoras s\u00e3o fornecidas com equipamentos de alto n\u00edvel. Entretanto, h\u00e1 diversos acess\u00f3rios dispon\u00edveis para otimizar a cabe\u00e7a processadora, de acordo com diferentes necessidades, ve\u00edculos transportadores e condi\u00e7\u00f5es de corte. Os acess\u00f3rios mais comuns est\u00e3o descritos abaixo.<br><br>Para obter mais informa\u00e7\u00f5es sobre acess\u00f3rios, entre em contato com a revendedora SP mais pr\u00f3xima ou com a SP Maskiner.\t\t\t\t\t\t\t\t<\/div>\n\t\t\t\t<\/div>\n\t\t\t\t\t<\/div>\n\t\t<\/div>\n\t\t\t\t\t<\/div>\n\t\t<\/section>\n\t\t\t\t<section class=\"elementor-section elementor-inner-section elementor-element elementor-element-5ae6b53f elementor-section-boxed elementor-section-height-default elementor-section-height-default\" data-id=\"5ae6b53f\" data-element_type=\"section\" data-e-type=\"section\">\n\t\t\t\t\t\t<div class=\"elementor-container elementor-column-gap-default\">\n\t\t\t\t\t<div class=\"elementor-column elementor-col-50 elementor-inner-column elementor-element elementor-element-14b54fdf\" data-id=\"14b54fdf\" data-element_type=\"column\" data-e-type=\"column\">\n\t\t\t<div class=\"elementor-widget-wrap elementor-element-populated\">\n\t\t\t\t\t\t<div class=\"elementor-element elementor-element-3ba8e12c elementor-widget elementor-widget-text-editor\" data-id=\"3ba8e12c\" data-element_type=\"widget\" data-e-type=\"widget\" data-widget_type=\"text-editor.default\">\n\t\t\t\t<div class=\"elementor-widget-container\">\n\t\t\t\t\t\t\t\t\t<p><strong>Marca\u00e7\u00e3o de cor<br \/>\n<\/strong><br \/>Utilizada para otimizar o trabalho de encaminhamento quando os sortidos s\u00e3o dif\u00edceis de distinguir apenas \u00e0 vista.\n<\/p>\n<p>\n<strong>Fun\u00e7\u00e3o detetar a extremidade<br \/>\n<\/strong><br \/>Com a ajuda de um sensor montado na caixa da unidade de serra, a cabe\u00e7a localiza automaticamente a extremidade da haste quando se prime um bot\u00e3o.\n<\/p>\n<p>\n<strong>Serra superior<br \/>\n<\/strong><br \/>Simplifica a colheita de florestas de madeira dura com muitas forquilhas e a colheita de povoamentos com muitas quebras de topo.\n<\/p>\n<p>\n<strong>Motores de rolo<br \/>\n<\/strong><br \/>Motores de rolos de tamanho diferentes est\u00e3o dispon\u00edveis para otimizar o desempenho da cabe\u00e7a dependendo das condi\u00e7\u00f5es de trabalho e do tamanho da m\u00e1quina base. Escolha entre motores 620 cc e 680 cc.\n<\/p>\n<p>\n<strong>Luz para caixa da unidade de serra<br \/>\n<\/strong><br \/>Uma l\u00e2mpada LED na caixa da unidade de serra oferece ilumina\u00e7\u00e3o adicional da \u00e1rea de trabalho.<\/p>\n\t\t\t\t\t\t\t\t<\/div>\n\t\t\t\t<\/div>\n\t\t\t\t\t<\/div>\n\t\t<\/div>\n\t\t\t\t<div class=\"elementor-column elementor-col-50 elementor-inner-column elementor-element elementor-element-3393d214\" data-id=\"3393d214\" data-element_type=\"column\" data-e-type=\"column\">\n\t\t\t<div class=\"elementor-widget-wrap elementor-element-populated\">\n\t\t\t\t\t\t<div class=\"elementor-element elementor-element-13fee755 elementor-widget elementor-widget-text-editor\" data-id=\"13fee755\" data-element_type=\"widget\" data-e-type=\"widget\" data-widget_type=\"text-editor.default\">\n\t\t\t\t<div class=\"elementor-widget-container\">\n\t\t\t\t\t\t\t\t\t<p><strong>Facas de processador<br \/>\n<\/strong><br \/>Facas de desrama especialmente concebidas para simplificar e otimizar o processo de recolha de hastes de uma pilha quando a cabe\u00e7a \u00e9 utilizada como processador para floresta pr\u00e9-derrubada.<\/p>\n<p><strong>Unidade de medi\u00e7\u00e3o de comprimento independente<br \/>\n<\/strong><br \/>Bra\u00e7o de medi\u00e7\u00e3o de comprimento controlado hidraulicamente que proporciona medi\u00e7\u00f5es de comprimento extremamente precisas.<\/p>\n<p><strong>Integra\u00e7\u00e3o do sistema de medi\u00e7\u00e3o<\/strong><\/p>\n<p>As nossas cabe\u00e7as processadoras podem ser utilizadas com praticamente todos os sistemas de controlo e medi\u00e7\u00e3o do mercado, o que significa que n\u00e3o h\u00e1 necessidade de aprender ou investir num novo sistema de computador ao escolher uma cabe\u00e7a SP. Como resultado, ao contr\u00e1rio de muitas outras marcas no mercado, uma instala\u00e7\u00e3o de cabe\u00e7a SP n\u00e3o requer convers\u00e3o do sistema de controlo existente ou componentes eletr\u00f3nicos adicionais.<\/p>\n<p><strong>Dasa 7 Sem fio ou com fio <\/strong><\/p>\n<p>O Dasa 7 vem em duas vers\u00f5es diferentes &#8211; sem fio e com fio, ambas dispon\u00edveis com o software H50, H60 ou H70 para poder atender perfeitamente \u00e0s necessidades<\/p>\n\t\t\t\t\t\t\t\t<\/div>\n\t\t\t\t<\/div>\n\t\t\t\t\t<\/div>\n\t\t<\/div>\n\t\t\t\t\t<\/div>\n\t\t<\/section>\n\t\t\t\t<\/div>\n\t\t","protected":false},"excerpt":{"rendered":"<p>SP 761 E Acess\u00f3rios e equipamentos &#8211; Cabe\u00e7as processadora SP 761 E Todas as nossas cabe\u00e7as processadoras s\u00e3o fornecidas com equipamentos de alto n\u00edvel. Entretanto, h\u00e1 diversos acess\u00f3rios dispon\u00edveis para otimizar a cabe\u00e7a processadora, de acordo com diferentes necessidades, ve\u00edculos transportadores e condi\u00e7\u00f5es de corte. Os acess\u00f3rios mais comuns est\u00e3o descritos abaixo. Para obter mais [&hellip;]<\/p>\n","protected":false},"author":1,"featured_media":0,"parent":8469,"menu_order":352,"comment_status":"closed","ping_status":"closed","template":"","meta":{"_acf_changed":false,"site-sidebar-layout":"no-sidebar","site-content-layout":"page-builder","ast-site-content-layout":"default","site-content-style":"default","site-sidebar-style":"default","ast-global-header-display":"","ast-banner-title-visibility":"","ast-main-header-display":"","ast-hfb-above-header-display":"","ast-hfb-below-header-display":"","ast-hfb-mobile-header-display":"","site-post-title":"disabled","ast-breadcrumbs-content":"","ast-featured-img":"disabled","footer-sml-layout":"","ast-disable-related-posts":"","theme-transparent-header-meta":"default","adv-header-id-meta":"","stick-header-meta":"","header-above-stick-meta":"","header-main-stick-meta":"","header-below-stick-meta":"","astra-migrate-meta-layouts":"default","ast-page-background-enabled":"default","ast-page-background-meta":{"desktop":{"background-color":"","background-image":"","background-repeat":"repeat","background-position":"center center","background-size":"auto","background-attachment":"scroll","background-type":"","background-media":"","overlay-type":"","overlay-color":"","overlay-opacity":"","overlay-gradient":""},"tablet":{"background-color":"","background-image":"","background-repeat":"repeat","background-position":"center center","background-size":"auto","background-attachment":"scroll","background-type":"","background-media":"","overlay-type":"","overlay-color":"","overlay-opacity":"","overlay-gradient":""},"mobile":{"background-color":"","background-image":"","background-repeat":"repeat","background-position":"center center","background-size":"auto","background-attachment":"scroll","background-type":"","background-media":"","overlay-type":"","overlay-color":"","overlay-opacity":"","overlay-gradient":""}},"ast-content-background-meta":{"desktop":{"background-color":"var(--ast-global-color-5)","background-image":"","background-repeat":"repeat","background-position":"center center","background-size":"auto","background-attachment":"scroll","background-type":"","background-media":"","overlay-type":"","overlay-color":"","overlay-opacity":"","overlay-gradient":""},"tablet":{"background-color":"var(--ast-global-color-5)","background-image":"","background-repeat":"repeat","background-position":"center center","background-size":"auto","background-attachment":"scroll","background-type":"","background-media":"","overlay-type":"","overlay-color":"","overlay-opacity":"","overlay-gradient":""},"mobile":{"background-color":"var(--ast-global-color-5)","background-image":"","background-repeat":"repeat","background-position":"center center","background-size":"auto","background-attachment":"scroll","background-type":"","background-media":"","overlay-type":"","overlay-color":"","overlay-opacity":"","overlay-gradient":""}},"footnotes":""},"class_list":["post-8475","page","type-page","status-publish","hentry"],"acf":[],"yoast_head":"<!-- This site is optimized with the Yoast SEO plugin v26.9 - https:\/\/yoast.com\/product\/yoast-seo-wordpress\/ -->\n<title>SP 761 E Acess\u00f3rios e equipamentos - SP Maskiner<\/title>\n<meta name=\"robots\" content=\"index, follow, max-snippet:-1, max-image-preview:large, max-video-preview:-1\" \/>\n<link rel=\"canonical\" href=\"https:\/\/spmaskiner.com\/pt-br\/cabecas-processadoras\/cabecas-processadoras-e\/cabecas-processadora-sp-761-e\/sp-761-e-acessorios-e-equipamentos\/\" \/>\n<meta property=\"og:locale\" content=\"pt_BR\" \/>\n<meta property=\"og:type\" content=\"article\" \/>\n<meta property=\"og:title\" content=\"SP 761 E Acess\u00f3rios e equipamentos - SP Maskiner\" \/>\n<meta property=\"og:description\" content=\"SP 761 E Acess\u00f3rios e equipamentos &#8211; Cabe\u00e7as processadora SP 761 E Todas as nossas cabe\u00e7as processadoras s\u00e3o fornecidas com equipamentos de alto n\u00edvel. Entretanto, h\u00e1 diversos acess\u00f3rios dispon\u00edveis para otimizar a cabe\u00e7a processadora, de acordo com diferentes necessidades, ve\u00edculos transportadores e condi\u00e7\u00f5es de corte. Os acess\u00f3rios mais comuns est\u00e3o descritos abaixo. Para obter mais [&hellip;]\" \/>\n<meta property=\"og:url\" content=\"https:\/\/spmaskiner.com\/pt-br\/cabecas-processadoras\/cabecas-processadoras-e\/cabecas-processadora-sp-761-e\/sp-761-e-acessorios-e-equipamentos\/\" \/>\n<meta property=\"og:site_name\" content=\"SP Maskiner\" \/>\n<meta property=\"article:modified_time\" content=\"2026-02-19T12:16:31+00:00\" \/>\n<meta name=\"twitter:card\" content=\"summary_large_image\" \/>\n<script type=\"application\/ld+json\" class=\"yoast-schema-graph\">{\"@context\":\"https:\/\/schema.org\",\"@graph\":[{\"@type\":\"WebPage\",\"@id\":\"https:\/\/spmaskiner.com\/pt-br\/cabecas-processadoras\/cabecas-processadoras-e\/cabecas-processadora-sp-761-e\/sp-761-e-acessorios-e-equipamentos\/\",\"url\":\"https:\/\/spmaskiner.com\/pt-br\/cabecas-processadoras\/cabecas-processadoras-e\/cabecas-processadora-sp-761-e\/sp-761-e-acessorios-e-equipamentos\/\",\"name\":\"SP 761 E Acess\u00f3rios e equipamentos - SP Maskiner\",\"isPartOf\":{\"@id\":\"https:\/\/spmaskiner.com\/pt-br\/#website\"},\"datePublished\":\"2021-04-09T12:08:41+00:00\",\"dateModified\":\"2026-02-19T12:16:31+00:00\",\"breadcrumb\":{\"@id\":\"https:\/\/spmaskiner.com\/pt-br\/cabecas-processadoras\/cabecas-processadoras-e\/cabecas-processadora-sp-761-e\/sp-761-e-acessorios-e-equipamentos\/#breadcrumb\"},\"inLanguage\":\"pt-BR\",\"potentialAction\":[{\"@type\":\"ReadAction\",\"target\":[\"https:\/\/spmaskiner.com\/pt-br\/cabecas-processadoras\/cabecas-processadoras-e\/cabecas-processadora-sp-761-e\/sp-761-e-acessorios-e-equipamentos\/\"]}]},{\"@type\":\"BreadcrumbList\",\"@id\":\"https:\/\/spmaskiner.com\/pt-br\/cabecas-processadoras\/cabecas-processadoras-e\/cabecas-processadora-sp-761-e\/sp-761-e-acessorios-e-equipamentos\/#breadcrumb\",\"itemListElement\":[{\"@type\":\"ListItem\",\"position\":1,\"name\":\"Home\",\"item\":\"https:\/\/spmaskiner.com\/pt-br\/\"},{\"@type\":\"ListItem\",\"position\":2,\"name\":\"Cabe\u00e7as processadoras\",\"item\":\"https:\/\/spmaskiner.com\/pt-br\/cabecas-processadoras\/\"},{\"@type\":\"ListItem\",\"position\":3,\"name\":\"Cabe\u00e7as processadoras E\",\"item\":\"https:\/\/spmaskiner.com\/pt-br\/cabecas-processadoras\/cabecas-processadoras-e\/\"},{\"@type\":\"ListItem\",\"position\":4,\"name\":\"Cabe\u00e7as processadora SP 761 E\",\"item\":\"https:\/\/spmaskiner.com\/pt-br\/harvester-heads\/harvester-heads-e\/harvester-head-sp-761-e\/\"},{\"@type\":\"ListItem\",\"position\":5,\"name\":\"SP 761 E Acess\u00f3rios e equipamentos\"}]},{\"@type\":\"WebSite\",\"@id\":\"https:\/\/spmaskiner.com\/pt-br\/#website\",\"url\":\"https:\/\/spmaskiner.com\/pt-br\/\",\"name\":\"SP Maskiner\",\"description\":\"Always ahead\",\"publisher\":{\"@id\":\"https:\/\/spmaskiner.com\/pt-br\/#organization\"},\"potentialAction\":[{\"@type\":\"SearchAction\",\"target\":{\"@type\":\"EntryPoint\",\"urlTemplate\":\"https:\/\/spmaskiner.com\/pt-br\/?s={search_term_string}\"},\"query-input\":{\"@type\":\"PropertyValueSpecification\",\"valueRequired\":true,\"valueName\":\"search_term_string\"}}],\"inLanguage\":\"pt-BR\"},{\"@type\":\"Organization\",\"@id\":\"https:\/\/spmaskiner.com\/pt-br\/#organization\",\"name\":\"SP Maskiner\",\"url\":\"https:\/\/spmaskiner.com\/pt-br\/\",\"logo\":{\"@type\":\"ImageObject\",\"inLanguage\":\"pt-BR\",\"@id\":\"https:\/\/spmaskiner.com\/pt-br\/#\/schema\/logo\/image\/\",\"url\":\"https:\/\/spmaskiner.com\/wp-content\/uploads\/2021\/03\/spmaskiner-logotyp.png\",\"contentUrl\":\"https:\/\/spmaskiner.com\/wp-content\/uploads\/2021\/03\/spmaskiner-logotyp.png\",\"width\":350,\"height\":65,\"caption\":\"SP Maskiner\"},\"image\":{\"@id\":\"https:\/\/spmaskiner.com\/pt-br\/#\/schema\/logo\/image\/\"}}]}<\/script>\n<!-- \/ Yoast SEO plugin. -->","yoast_head_json":{"title":"SP 761 E Acess\u00f3rios e equipamentos - SP Maskiner","robots":{"index":"index","follow":"follow","max-snippet":"max-snippet:-1","max-image-preview":"max-image-preview:large","max-video-preview":"max-video-preview:-1"},"canonical":"https:\/\/spmaskiner.com\/pt-br\/cabecas-processadoras\/cabecas-processadoras-e\/cabecas-processadora-sp-761-e\/sp-761-e-acessorios-e-equipamentos\/","og_locale":"pt_BR","og_type":"article","og_title":"SP 761 E Acess\u00f3rios e equipamentos - SP Maskiner","og_description":"SP 761 E Acess\u00f3rios e equipamentos &#8211; Cabe\u00e7as processadora SP 761 E Todas as nossas cabe\u00e7as processadoras s\u00e3o fornecidas com equipamentos de alto n\u00edvel. Entretanto, h\u00e1 diversos acess\u00f3rios dispon\u00edveis para otimizar a cabe\u00e7a processadora, de acordo com diferentes necessidades, ve\u00edculos transportadores e condi\u00e7\u00f5es de corte. Os acess\u00f3rios mais comuns est\u00e3o descritos abaixo. Para obter mais [&hellip;]","og_url":"https:\/\/spmaskiner.com\/pt-br\/cabecas-processadoras\/cabecas-processadoras-e\/cabecas-processadora-sp-761-e\/sp-761-e-acessorios-e-equipamentos\/","og_site_name":"SP Maskiner","article_modified_time":"2026-02-19T12:16:31+00:00","twitter_card":"summary_large_image","schema":{"@context":"https:\/\/schema.org","@graph":[{"@type":"WebPage","@id":"https:\/\/spmaskiner.com\/pt-br\/cabecas-processadoras\/cabecas-processadoras-e\/cabecas-processadora-sp-761-e\/sp-761-e-acessorios-e-equipamentos\/","url":"https:\/\/spmaskiner.com\/pt-br\/cabecas-processadoras\/cabecas-processadoras-e\/cabecas-processadora-sp-761-e\/sp-761-e-acessorios-e-equipamentos\/","name":"SP 761 E Acess\u00f3rios e equipamentos - SP Maskiner","isPartOf":{"@id":"https:\/\/spmaskiner.com\/pt-br\/#website"},"datePublished":"2021-04-09T12:08:41+00:00","dateModified":"2026-02-19T12:16:31+00:00","breadcrumb":{"@id":"https:\/\/spmaskiner.com\/pt-br\/cabecas-processadoras\/cabecas-processadoras-e\/cabecas-processadora-sp-761-e\/sp-761-e-acessorios-e-equipamentos\/#breadcrumb"},"inLanguage":"pt-BR","potentialAction":[{"@type":"ReadAction","target":["https:\/\/spmaskiner.com\/pt-br\/cabecas-processadoras\/cabecas-processadoras-e\/cabecas-processadora-sp-761-e\/sp-761-e-acessorios-e-equipamentos\/"]}]},{"@type":"BreadcrumbList","@id":"https:\/\/spmaskiner.com\/pt-br\/cabecas-processadoras\/cabecas-processadoras-e\/cabecas-processadora-sp-761-e\/sp-761-e-acessorios-e-equipamentos\/#breadcrumb","itemListElement":[{"@type":"ListItem","position":1,"name":"Home","item":"https:\/\/spmaskiner.com\/pt-br\/"},{"@type":"ListItem","position":2,"name":"Cabe\u00e7as processadoras","item":"https:\/\/spmaskiner.com\/pt-br\/cabecas-processadoras\/"},{"@type":"ListItem","position":3,"name":"Cabe\u00e7as processadoras E","item":"https:\/\/spmaskiner.com\/pt-br\/cabecas-processadoras\/cabecas-processadoras-e\/"},{"@type":"ListItem","position":4,"name":"Cabe\u00e7as processadora SP 761 E","item":"https:\/\/spmaskiner.com\/pt-br\/harvester-heads\/harvester-heads-e\/harvester-head-sp-761-e\/"},{"@type":"ListItem","position":5,"name":"SP 761 E Acess\u00f3rios e equipamentos"}]},{"@type":"WebSite","@id":"https:\/\/spmaskiner.com\/pt-br\/#website","url":"https:\/\/spmaskiner.com\/pt-br\/","name":"SP Maskiner","description":"Always ahead","publisher":{"@id":"https:\/\/spmaskiner.com\/pt-br\/#organization"},"potentialAction":[{"@type":"SearchAction","target":{"@type":"EntryPoint","urlTemplate":"https:\/\/spmaskiner.com\/pt-br\/?s={search_term_string}"},"query-input":{"@type":"PropertyValueSpecification","valueRequired":true,"valueName":"search_term_string"}}],"inLanguage":"pt-BR"},{"@type":"Organization","@id":"https:\/\/spmaskiner.com\/pt-br\/#organization","name":"SP Maskiner","url":"https:\/\/spmaskiner.com\/pt-br\/","logo":{"@type":"ImageObject","inLanguage":"pt-BR","@id":"https:\/\/spmaskiner.com\/pt-br\/#\/schema\/logo\/image\/","url":"https:\/\/spmaskiner.com\/wp-content\/uploads\/2021\/03\/spmaskiner-logotyp.png","contentUrl":"https:\/\/spmaskiner.com\/wp-content\/uploads\/2021\/03\/spmaskiner-logotyp.png","width":350,"height":65,"caption":"SP Maskiner"},"image":{"@id":"https:\/\/spmaskiner.com\/pt-br\/#\/schema\/logo\/image\/"}}]}},"_links":{"self":[{"href":"https:\/\/spmaskiner.com\/pt-br\/wp-json\/wp\/v2\/pages\/8475","targetHints":{"allow":["GET"]}}],"collection":[{"href":"https:\/\/spmaskiner.com\/pt-br\/wp-json\/wp\/v2\/pages"}],"about":[{"href":"https:\/\/spmaskiner.com\/pt-br\/wp-json\/wp\/v2\/types\/page"}],"author":[{"embeddable":true,"href":"https:\/\/spmaskiner.com\/pt-br\/wp-json\/wp\/v2\/users\/1"}],"replies":[{"embeddable":true,"href":"https:\/\/spmaskiner.com\/pt-br\/wp-json\/wp\/v2\/comments?post=8475"}],"version-history":[{"count":2,"href":"https:\/\/spmaskiner.com\/pt-br\/wp-json\/wp\/v2\/pages\/8475\/revisions"}],"predecessor-version":[{"id":12751,"href":"https:\/\/spmaskiner.com\/pt-br\/wp-json\/wp\/v2\/pages\/8475\/revisions\/12751"}],"up":[{"embeddable":true,"href":"https:\/\/spmaskiner.com\/pt-br\/wp-json\/wp\/v2\/pages\/8469"}],"wp:attachment":[{"href":"https:\/\/spmaskiner.com\/pt-br\/wp-json\/wp\/v2\/media?parent=8475"}],"curies":[{"name":"wp","href":"https:\/\/api.w.org\/{rel}","templated":true}]}}