{"id":8503,"date":"2022-04-21T14:11:52","date_gmt":"2022-04-21T12:11:52","guid":{"rendered":"https:\/\/spmaskiner.com\/beneficios-para-o-cliente\/fabrico-de-qualidade\/"},"modified":"2022-06-02T10:18:08","modified_gmt":"2022-06-02T08:18:08","slug":"fabrico-de-qualidade","status":"publish","type":"page","link":"https:\/\/spmaskiner.com\/pt-br\/beneficios-para-o-cliente\/fabrico-de-qualidade\/","title":{"rendered":"Fabrico de qualidade"},"content":{"rendered":"\t\t<div data-elementor-type=\"wp-page\" data-elementor-id=\"8503\" class=\"elementor elementor-8503 elementor-7225\" data-elementor-post-type=\"page\">\n\t\t\t\t\t\t<section class=\"elementor-section elementor-top-section elementor-element elementor-element-190c45f elementor-section-boxed elementor-section-height-default elementor-section-height-default\" data-id=\"190c45f\" data-element_type=\"section\" data-e-type=\"section\">\n\t\t\t\t\t\t<div class=\"elementor-container elementor-column-gap-default\">\n\t\t\t\t\t<div class=\"elementor-column elementor-col-100 elementor-top-column elementor-element elementor-element-380323b6\" data-id=\"380323b6\" data-element_type=\"column\" data-e-type=\"column\">\n\t\t\t<div class=\"elementor-widget-wrap elementor-element-populated\">\n\t\t\t\t\t\t<div class=\"elementor-element elementor-element-578343ec elementor-widget elementor-widget-heading\" data-id=\"578343ec\" data-element_type=\"widget\" data-e-type=\"widget\" data-widget_type=\"heading.default\">\n\t\t\t\t<div class=\"elementor-widget-container\">\n\t\t\t\t\t<h1 class=\"elementor-heading-title elementor-size-default\">Fabrico de qualidade em toda<\/h1>\t\t\t\t<\/div>\n\t\t\t\t<\/div>\n\t\t\t\t<div class=\"elementor-element elementor-element-0ccd9c5 elementor-widget elementor-widget-text-editor\" data-id=\"0ccd9c5\" data-element_type=\"widget\" data-e-type=\"widget\" data-widget_type=\"text-editor.default\">\n\t\t\t\t<div class=\"elementor-widget-container\">\n\t\t\t\t\t\t\t\t\tAqui na SP Maskiner, a qualidade est\u00e1 sempre em foco, e cada cabe\u00e7a que sai da nossa f\u00e1brica \u00e9 o resultado de uma s\u00f3lida experi\u00eancia\r\ne de uma grande dose de orgulho profissional. Gra\u00e7as \u00e0 aten\u00e7\u00e3o ao detalhe em cada passo do nosso processo \u2013 abrangendo tudo, desde\r\na escolha de materiais aos desenhos, soldadura e inspe\u00e7\u00f5es finais \u2013 sabemos sempre que cada cabe\u00e7a funcionar\u00e1 sem falhas ap\u00f3s a entrega\r\ne que a instala\u00e7\u00e3o e arranque funcionar\u00e3o como um rel\u00f3gio.\r\nTodas as pe\u00e7as da cabe\u00e7a s\u00e3o cuidadosamente escolhidas para garantir que tudo \u2013 desde o material para a estrutura at\u00e9 aos componentes\r\ncomo v\u00e1lvulas hidr\u00e1ulicas, cilindros, sensores e facas de desrama \u2013 \u00e9 da maior qualidade poss\u00edvel. A nossa vasta experi\u00eancia e conhecimentos\r\nno dom\u00ednio do fabrico de cabe\u00e7as resultou na decis\u00e3o de trabalhar, em grande parte, com componentes fundidos, tal como para as\r\nestruturas e facas, pois sabemos que tal garante uma cabe\u00e7a extremamente robusta e duradoura. A decis\u00e3o de utilizar componentes\r\nfundidos tamb\u00e9m tornam a SP \u00fanica na nossa abordagem ao fabrico de cabe\u00e7as, assim como a nossa aten\u00e7\u00e3o ao detalhe em cada etapa\r\ndo processo. Escolhas cuidadosas de componentes combinadas com uma extrema precis\u00e3o em todo o trabalho de soldadura garantem\r\ncabe\u00e7as com vidas \u00fateis maximizadas e manuten\u00e7\u00e3o m\u00ednima da estrutura. A nossa elevada considera\u00e7\u00e3o pelo trabalho manual significa\r\nque trabalhamos sempre de acordo com um processo controlado para garantir sempre resultados perfeitos.\r\nNenhuma cabe\u00e7a sai da nossa f\u00e1brica sem primeiro ser verificada de acordo com o nosso programa de testes completos, SP Quality\r\nGarantia. Este protocolo descreve pormenorizadamente o que deve ser verificado e quais os testes a serem executados, garantindo que\r\ntodas as fun\u00e7\u00f5es s\u00e3o verificadas antes da entrega \u2013 n\u00e3o deixando nada ao acaso.\r\nComo fabricante principal, definimos requisitos rigorosos para n\u00f3s mesmos e orgulhamo-nos de dizer que os nossos clientes podem\r\nsempre esperar a melhor qualidade quando escolhem uma cabe\u00e7a da SP.\t\t\t\t\t\t\t\t<\/div>\n\t\t\t\t<\/div>\n\t\t\t\t<div class=\"elementor-element elementor-element-4c5a6be elementor-icon-list--layout-inline elementor-align-end elementor-list-item-link-full_width elementor-widget elementor-widget-icon-list\" data-id=\"4c5a6be\" data-element_type=\"widget\" data-e-type=\"widget\" data-widget_type=\"icon-list.default\">\n\t\t\t\t<div class=\"elementor-widget-container\">\n\t\t\t\t\t\t\t<ul class=\"elementor-icon-list-items elementor-inline-items\">\n\t\t\t\t\t\t\t<li class=\"elementor-icon-list-item elementor-inline-item\">\n\t\t\t\t\t\t\t\t\t\t\t<a href=\"https:\/\/spmaskiner.com\/wp-content\/uploads\/2022\/06\/qualitymanufacturing_pt-PT.pdf\">\n\n\t\t\t\t\t\t\t\t\t\t\t\t<span class=\"elementor-icon-list-icon\">\n\t\t\t\t\t\t\t<i aria-hidden=\"true\" class=\"fas fa-file-pdf\"><\/i>\t\t\t\t\t\t<\/span>\n\t\t\t\t\t\t\t\t\t\t<span class=\"elementor-icon-list-text\">Fabrico de qualidade<\/span>\n\t\t\t\t\t\t\t\t\t\t\t<\/a>\n\t\t\t\t\t\t\t\t\t<\/li>\n\t\t\t\t\t\t<\/ul>\n\t\t\t\t\t\t<\/div>\n\t\t\t\t<\/div>\n\t\t\t\t\t<\/div>\n\t\t<\/div>\n\t\t\t\t\t<\/div>\n\t\t<\/section>\n\t\t\t\t<section class=\"elementor-section elementor-top-section elementor-element elementor-element-0862548 elementor-section-boxed elementor-section-height-default elementor-section-height-default\" data-id=\"0862548\" data-element_type=\"section\" data-e-type=\"section\">\n\t\t\t\t\t\t<div class=\"elementor-container elementor-column-gap-default\">\n\t\t\t\t\t<div class=\"elementor-column elementor-col-100 elementor-top-column elementor-element elementor-element-cd8c7cf\" data-id=\"cd8c7cf\" data-element_type=\"column\" data-e-type=\"column\">\n\t\t\t<div class=\"elementor-widget-wrap elementor-element-populated\">\n\t\t\t\t\t\t<div class=\"elementor-element elementor-element-07841ae elementor-widget elementor-widget-image\" data-id=\"07841ae\" data-element_type=\"widget\" data-e-type=\"widget\" data-widget_type=\"image.default\">\n\t\t\t\t<div class=\"elementor-widget-container\">\n\t\t\t\t\t\t\t\t\t\t\t\t\t\t\t<img loading=\"lazy\" decoding=\"async\" width=\"1024\" height=\"683\" src=\"https:\/\/spmaskiner.com\/wp-content\/uploads\/2022\/04\/DSC05966-1024x683.jpg\" class=\"attachment-large size-large wp-image-8346\" alt=\"\" srcset=\"https:\/\/spmaskiner.com\/wp-content\/uploads\/2022\/04\/DSC05966-1024x683.jpg 1024w, https:\/\/spmaskiner.com\/wp-content\/uploads\/2022\/04\/DSC05966-300x200.jpg 300w, https:\/\/spmaskiner.com\/wp-content\/uploads\/2022\/04\/DSC05966-768x512.jpg 768w, https:\/\/spmaskiner.com\/wp-content\/uploads\/2022\/04\/DSC05966-1536x1024.jpg 1536w, https:\/\/spmaskiner.com\/wp-content\/uploads\/2022\/04\/DSC05966-2048x1366.jpg 2048w\" sizes=\"auto, (max-width: 1024px) 100vw, 1024px\" \/>\t\t\t\t\t\t\t\t\t\t\t\t\t\t\t<\/div>\n\t\t\t\t<\/div>\n\t\t\t\t\t<\/div>\n\t\t<\/div>\n\t\t\t\t\t<\/div>\n\t\t<\/section>\n\t\t\t\t<\/div>\n\t\t","protected":false},"excerpt":{"rendered":"<p>Fabrico de qualidade em toda Aqui na SP Maskiner, a qualidade est\u00e1 sempre em foco, e cada cabe\u00e7a que sai da nossa f\u00e1brica \u00e9 o resultado de uma s\u00f3lida experi\u00eancia e de uma grande dose de orgulho profissional. Gra\u00e7as \u00e0 aten\u00e7\u00e3o ao detalhe em cada passo do nosso processo \u2013 abrangendo tudo, desde a escolha [&hellip;]<\/p>\n","protected":false},"author":2,"featured_media":0,"parent":8479,"menu_order":107,"comment_status":"closed","ping_status":"closed","template":"elementor_header_footer","meta":{"_acf_changed":false,"site-sidebar-layout":"no-sidebar","site-content-layout":"page-builder","ast-site-content-layout":"default","site-content-style":"default","site-sidebar-style":"default","ast-global-header-display":"","ast-banner-title-visibility":"","ast-main-header-display":"","ast-hfb-above-header-display":"","ast-hfb-below-header-display":"","ast-hfb-mobile-header-display":"","site-post-title":"disabled","ast-breadcrumbs-content":"","ast-featured-img":"disabled","footer-sml-layout":"","ast-disable-related-posts":"","theme-transparent-header-meta":"default","adv-header-id-meta":"","stick-header-meta":"","header-above-stick-meta":"","header-main-stick-meta":"","header-below-stick-meta":"","astra-migrate-meta-layouts":"default","ast-page-background-enabled":"default","ast-page-background-meta":{"desktop":{"background-color":"","background-image":"","background-repeat":"repeat","background-position":"center center","background-size":"auto","background-attachment":"scroll","background-type":"","background-media":"","overlay-type":"","overlay-color":"","overlay-opacity":"","overlay-gradient":""},"tablet":{"background-color":"","background-image":"","background-repeat":"repeat","background-position":"center center","background-size":"auto","background-attachment":"scroll","background-type":"","background-media":"","overlay-type":"","overlay-color":"","overlay-opacity":"","overlay-gradient":""},"mobile":{"background-color":"","background-image":"","background-repeat":"repeat","background-position":"center center","background-size":"auto","background-attachment":"scroll","background-type":"","background-media":"","overlay-type":"","overlay-color":"","overlay-opacity":"","overlay-gradient":""}},"ast-content-background-meta":{"desktop":{"background-color":"var(--ast-global-color-5)","background-image":"","background-repeat":"repeat","background-position":"center center","background-size":"auto","background-attachment":"scroll","background-type":"","background-media":"","overlay-type":"","overlay-color":"","overlay-opacity":"","overlay-gradient":""},"tablet":{"background-color":"var(--ast-global-color-5)","background-image":"","background-repeat":"repeat","background-position":"center center","background-size":"auto","background-attachment":"scroll","background-type":"","background-media":"","overlay-type":"","overlay-color":"","overlay-opacity":"","overlay-gradient":""},"mobile":{"background-color":"var(--ast-global-color-5)","background-image":"","background-repeat":"repeat","background-position":"center center","background-size":"auto","background-attachment":"scroll","background-type":"","background-media":"","overlay-type":"","overlay-color":"","overlay-opacity":"","overlay-gradient":""}},"footnotes":""},"class_list":["post-8503","page","type-page","status-publish","hentry"],"acf":[],"yoast_head":"<!-- This site is optimized with the Yoast SEO plugin v26.9 - https:\/\/yoast.com\/product\/yoast-seo-wordpress\/ -->\n<title>Fabrico de qualidade - SP Maskiner<\/title>\n<meta name=\"robots\" content=\"index, follow, max-snippet:-1, max-image-preview:large, max-video-preview:-1\" \/>\n<link rel=\"canonical\" href=\"https:\/\/spmaskiner.com\/pt-br\/beneficios-para-o-cliente\/fabrico-de-qualidade\/\" \/>\n<meta property=\"og:locale\" content=\"pt_BR\" \/>\n<meta property=\"og:type\" content=\"article\" \/>\n<meta property=\"og:title\" content=\"Fabrico de qualidade - SP Maskiner\" \/>\n<meta property=\"og:description\" content=\"Fabrico de qualidade em toda Aqui na SP Maskiner, a qualidade est\u00e1 sempre em foco, e cada cabe\u00e7a que sai da nossa f\u00e1brica \u00e9 o resultado de uma s\u00f3lida experi\u00eancia e de uma grande dose de orgulho profissional. Gra\u00e7as \u00e0 aten\u00e7\u00e3o ao detalhe em cada passo do nosso processo \u2013 abrangendo tudo, desde a escolha [&hellip;]\" \/>\n<meta property=\"og:url\" content=\"https:\/\/spmaskiner.com\/pt-br\/beneficios-para-o-cliente\/fabrico-de-qualidade\/\" \/>\n<meta property=\"og:site_name\" content=\"SP Maskiner\" \/>\n<meta property=\"article:modified_time\" content=\"2022-06-02T08:18:08+00:00\" \/>\n<meta property=\"og:image\" content=\"https:\/\/spmaskiner.com\/wp-content\/uploads\/2022\/04\/DSC05966-scaled.jpg\" \/>\n\t<meta property=\"og:image:width\" content=\"2560\" \/>\n\t<meta property=\"og:image:height\" content=\"1707\" \/>\n\t<meta property=\"og:image:type\" content=\"image\/jpeg\" \/>\n<meta name=\"twitter:card\" content=\"summary_large_image\" \/>\n<script type=\"application\/ld+json\" class=\"yoast-schema-graph\">{\"@context\":\"https:\/\/schema.org\",\"@graph\":[{\"@type\":\"WebPage\",\"@id\":\"https:\/\/spmaskiner.com\/pt-br\/beneficios-para-o-cliente\/fabrico-de-qualidade\/\",\"url\":\"https:\/\/spmaskiner.com\/pt-br\/beneficios-para-o-cliente\/fabrico-de-qualidade\/\",\"name\":\"Fabrico de qualidade - SP Maskiner\",\"isPartOf\":{\"@id\":\"https:\/\/spmaskiner.com\/pt-br\/#website\"},\"primaryImageOfPage\":{\"@id\":\"https:\/\/spmaskiner.com\/pt-br\/beneficios-para-o-cliente\/fabrico-de-qualidade\/#primaryimage\"},\"image\":{\"@id\":\"https:\/\/spmaskiner.com\/pt-br\/beneficios-para-o-cliente\/fabrico-de-qualidade\/#primaryimage\"},\"thumbnailUrl\":\"https:\/\/spmaskiner.com\/wp-content\/uploads\/2022\/04\/DSC05966-1024x683.jpg\",\"datePublished\":\"2022-04-21T12:11:52+00:00\",\"dateModified\":\"2022-06-02T08:18:08+00:00\",\"breadcrumb\":{\"@id\":\"https:\/\/spmaskiner.com\/pt-br\/beneficios-para-o-cliente\/fabrico-de-qualidade\/#breadcrumb\"},\"inLanguage\":\"pt-BR\",\"potentialAction\":[{\"@type\":\"ReadAction\",\"target\":[\"https:\/\/spmaskiner.com\/pt-br\/beneficios-para-o-cliente\/fabrico-de-qualidade\/\"]}]},{\"@type\":\"ImageObject\",\"inLanguage\":\"pt-BR\",\"@id\":\"https:\/\/spmaskiner.com\/pt-br\/beneficios-para-o-cliente\/fabrico-de-qualidade\/#primaryimage\",\"url\":\"https:\/\/spmaskiner.com\/wp-content\/uploads\/2022\/04\/DSC05966-1024x683.jpg\",\"contentUrl\":\"https:\/\/spmaskiner.com\/wp-content\/uploads\/2022\/04\/DSC05966-1024x683.jpg\"},{\"@type\":\"BreadcrumbList\",\"@id\":\"https:\/\/spmaskiner.com\/pt-br\/beneficios-para-o-cliente\/fabrico-de-qualidade\/#breadcrumb\",\"itemListElement\":[{\"@type\":\"ListItem\",\"position\":1,\"name\":\"Home\",\"item\":\"https:\/\/spmaskiner.com\/pt-br\/\"},{\"@type\":\"ListItem\",\"position\":2,\"name\":\"Benef\u00edcios para o cliente\",\"item\":\"https:\/\/spmaskiner.com\/pt-br\/beneficios-para-o-cliente\/\"},{\"@type\":\"ListItem\",\"position\":3,\"name\":\"Fabrico de qualidade\"}]},{\"@type\":\"WebSite\",\"@id\":\"https:\/\/spmaskiner.com\/pt-br\/#website\",\"url\":\"https:\/\/spmaskiner.com\/pt-br\/\",\"name\":\"SP Maskiner\",\"description\":\"Always ahead\",\"publisher\":{\"@id\":\"https:\/\/spmaskiner.com\/pt-br\/#organization\"},\"potentialAction\":[{\"@type\":\"SearchAction\",\"target\":{\"@type\":\"EntryPoint\",\"urlTemplate\":\"https:\/\/spmaskiner.com\/pt-br\/?s={search_term_string}\"},\"query-input\":{\"@type\":\"PropertyValueSpecification\",\"valueRequired\":true,\"valueName\":\"search_term_string\"}}],\"inLanguage\":\"pt-BR\"},{\"@type\":\"Organization\",\"@id\":\"https:\/\/spmaskiner.com\/pt-br\/#organization\",\"name\":\"SP Maskiner\",\"url\":\"https:\/\/spmaskiner.com\/pt-br\/\",\"logo\":{\"@type\":\"ImageObject\",\"inLanguage\":\"pt-BR\",\"@id\":\"https:\/\/spmaskiner.com\/pt-br\/#\/schema\/logo\/image\/\",\"url\":\"https:\/\/spmaskiner.com\/wp-content\/uploads\/2021\/03\/spmaskiner-logotyp.png\",\"contentUrl\":\"https:\/\/spmaskiner.com\/wp-content\/uploads\/2021\/03\/spmaskiner-logotyp.png\",\"width\":350,\"height\":65,\"caption\":\"SP Maskiner\"},\"image\":{\"@id\":\"https:\/\/spmaskiner.com\/pt-br\/#\/schema\/logo\/image\/\"}}]}<\/script>\n<!-- \/ Yoast SEO plugin. -->","yoast_head_json":{"title":"Fabrico de qualidade - SP Maskiner","robots":{"index":"index","follow":"follow","max-snippet":"max-snippet:-1","max-image-preview":"max-image-preview:large","max-video-preview":"max-video-preview:-1"},"canonical":"https:\/\/spmaskiner.com\/pt-br\/beneficios-para-o-cliente\/fabrico-de-qualidade\/","og_locale":"pt_BR","og_type":"article","og_title":"Fabrico de qualidade - SP Maskiner","og_description":"Fabrico de qualidade em toda Aqui na SP Maskiner, a qualidade est\u00e1 sempre em foco, e cada cabe\u00e7a que sai da nossa f\u00e1brica \u00e9 o resultado de uma s\u00f3lida experi\u00eancia e de uma grande dose de orgulho profissional. Gra\u00e7as \u00e0 aten\u00e7\u00e3o ao detalhe em cada passo do nosso processo \u2013 abrangendo tudo, desde a escolha [&hellip;]","og_url":"https:\/\/spmaskiner.com\/pt-br\/beneficios-para-o-cliente\/fabrico-de-qualidade\/","og_site_name":"SP Maskiner","article_modified_time":"2022-06-02T08:18:08+00:00","og_image":[{"width":2560,"height":1707,"url":"https:\/\/spmaskiner.com\/wp-content\/uploads\/2022\/04\/DSC05966-scaled.jpg","type":"image\/jpeg"}],"twitter_card":"summary_large_image","schema":{"@context":"https:\/\/schema.org","@graph":[{"@type":"WebPage","@id":"https:\/\/spmaskiner.com\/pt-br\/beneficios-para-o-cliente\/fabrico-de-qualidade\/","url":"https:\/\/spmaskiner.com\/pt-br\/beneficios-para-o-cliente\/fabrico-de-qualidade\/","name":"Fabrico de qualidade - SP Maskiner","isPartOf":{"@id":"https:\/\/spmaskiner.com\/pt-br\/#website"},"primaryImageOfPage":{"@id":"https:\/\/spmaskiner.com\/pt-br\/beneficios-para-o-cliente\/fabrico-de-qualidade\/#primaryimage"},"image":{"@id":"https:\/\/spmaskiner.com\/pt-br\/beneficios-para-o-cliente\/fabrico-de-qualidade\/#primaryimage"},"thumbnailUrl":"https:\/\/spmaskiner.com\/wp-content\/uploads\/2022\/04\/DSC05966-1024x683.jpg","datePublished":"2022-04-21T12:11:52+00:00","dateModified":"2022-06-02T08:18:08+00:00","breadcrumb":{"@id":"https:\/\/spmaskiner.com\/pt-br\/beneficios-para-o-cliente\/fabrico-de-qualidade\/#breadcrumb"},"inLanguage":"pt-BR","potentialAction":[{"@type":"ReadAction","target":["https:\/\/spmaskiner.com\/pt-br\/beneficios-para-o-cliente\/fabrico-de-qualidade\/"]}]},{"@type":"ImageObject","inLanguage":"pt-BR","@id":"https:\/\/spmaskiner.com\/pt-br\/beneficios-para-o-cliente\/fabrico-de-qualidade\/#primaryimage","url":"https:\/\/spmaskiner.com\/wp-content\/uploads\/2022\/04\/DSC05966-1024x683.jpg","contentUrl":"https:\/\/spmaskiner.com\/wp-content\/uploads\/2022\/04\/DSC05966-1024x683.jpg"},{"@type":"BreadcrumbList","@id":"https:\/\/spmaskiner.com\/pt-br\/beneficios-para-o-cliente\/fabrico-de-qualidade\/#breadcrumb","itemListElement":[{"@type":"ListItem","position":1,"name":"Home","item":"https:\/\/spmaskiner.com\/pt-br\/"},{"@type":"ListItem","position":2,"name":"Benef\u00edcios para o cliente","item":"https:\/\/spmaskiner.com\/pt-br\/beneficios-para-o-cliente\/"},{"@type":"ListItem","position":3,"name":"Fabrico de qualidade"}]},{"@type":"WebSite","@id":"https:\/\/spmaskiner.com\/pt-br\/#website","url":"https:\/\/spmaskiner.com\/pt-br\/","name":"SP Maskiner","description":"Always ahead","publisher":{"@id":"https:\/\/spmaskiner.com\/pt-br\/#organization"},"potentialAction":[{"@type":"SearchAction","target":{"@type":"EntryPoint","urlTemplate":"https:\/\/spmaskiner.com\/pt-br\/?s={search_term_string}"},"query-input":{"@type":"PropertyValueSpecification","valueRequired":true,"valueName":"search_term_string"}}],"inLanguage":"pt-BR"},{"@type":"Organization","@id":"https:\/\/spmaskiner.com\/pt-br\/#organization","name":"SP Maskiner","url":"https:\/\/spmaskiner.com\/pt-br\/","logo":{"@type":"ImageObject","inLanguage":"pt-BR","@id":"https:\/\/spmaskiner.com\/pt-br\/#\/schema\/logo\/image\/","url":"https:\/\/spmaskiner.com\/wp-content\/uploads\/2021\/03\/spmaskiner-logotyp.png","contentUrl":"https:\/\/spmaskiner.com\/wp-content\/uploads\/2021\/03\/spmaskiner-logotyp.png","width":350,"height":65,"caption":"SP Maskiner"},"image":{"@id":"https:\/\/spmaskiner.com\/pt-br\/#\/schema\/logo\/image\/"}}]}},"_links":{"self":[{"href":"https:\/\/spmaskiner.com\/pt-br\/wp-json\/wp\/v2\/pages\/8503","targetHints":{"allow":["GET"]}}],"collection":[{"href":"https:\/\/spmaskiner.com\/pt-br\/wp-json\/wp\/v2\/pages"}],"about":[{"href":"https:\/\/spmaskiner.com\/pt-br\/wp-json\/wp\/v2\/types\/page"}],"author":[{"embeddable":true,"href":"https:\/\/spmaskiner.com\/pt-br\/wp-json\/wp\/v2\/users\/2"}],"replies":[{"embeddable":true,"href":"https:\/\/spmaskiner.com\/pt-br\/wp-json\/wp\/v2\/comments?post=8503"}],"version-history":[{"count":1,"href":"https:\/\/spmaskiner.com\/pt-br\/wp-json\/wp\/v2\/pages\/8503\/revisions"}],"predecessor-version":[{"id":8504,"href":"https:\/\/spmaskiner.com\/pt-br\/wp-json\/wp\/v2\/pages\/8503\/revisions\/8504"}],"up":[{"embeddable":true,"href":"https:\/\/spmaskiner.com\/pt-br\/wp-json\/wp\/v2\/pages\/8479"}],"wp:attachment":[{"href":"https:\/\/spmaskiner.com\/pt-br\/wp-json\/wp\/v2\/media?parent=8503"}],"curies":[{"name":"wp","href":"https:\/\/api.w.org\/{rel}","templated":true}]}}