{"id":8511,"date":"2021-06-15T09:19:02","date_gmt":"2021-06-15T07:19:02","guid":{"rendered":"https:\/\/spmaskiner.com\/beneficios-para-o-cliente\/medicao-de-comprimento\/"},"modified":"2022-06-02T10:23:43","modified_gmt":"2022-06-02T08:23:43","slug":"medicao-de-comprimento","status":"publish","type":"page","link":"https:\/\/spmaskiner.com\/pt-br\/beneficios-para-o-cliente\/medicao-de-comprimento\/","title":{"rendered":"Medi\u00e7\u00e3o de comprimento"},"content":{"rendered":"\t\t<div data-elementor-type=\"wp-page\" data-elementor-id=\"8511\" class=\"elementor elementor-8511 elementor-4221\" data-elementor-post-type=\"page\">\n\t\t\t\t\t\t<section class=\"elementor-section elementor-top-section elementor-element elementor-element-1f0e1330 elementor-section-boxed elementor-section-height-default elementor-section-height-default\" data-id=\"1f0e1330\" data-element_type=\"section\" data-e-type=\"section\">\n\t\t\t\t\t\t<div class=\"elementor-container elementor-column-gap-default\">\n\t\t\t\t\t<div class=\"elementor-column elementor-col-100 elementor-top-column elementor-element elementor-element-3b3196d7\" data-id=\"3b3196d7\" data-element_type=\"column\" data-e-type=\"column\">\n\t\t\t<div class=\"elementor-widget-wrap elementor-element-populated\">\n\t\t\t\t\t\t<div class=\"elementor-element elementor-element-2d4df7f6 elementor-widget elementor-widget-heading\" data-id=\"2d4df7f6\" data-element_type=\"widget\" data-e-type=\"widget\" data-widget_type=\"heading.default\">\n\t\t\t\t<div class=\"elementor-widget-container\">\n\t\t\t\t\t<h1 class=\"elementor-heading-title elementor-size-default\">Medi\u00e7\u00e3o de comprimento<\/h1>\t\t\t\t<\/div>\n\t\t\t\t<\/div>\n\t\t\t\t<div class=\"elementor-element elementor-element-439bc2a3 elementor-widget elementor-widget-text-editor\" data-id=\"439bc2a3\" data-element_type=\"widget\" data-e-type=\"widget\" data-widget_type=\"text-editor.default\">\n\t\t\t\t<div class=\"elementor-widget-container\">\n\t\t\t\t\t\t\t\t\t<h2>Medi\u00e7\u00e3o de comprimento com grande fiabilidade e manuten\u00e7\u00e3o m\u00ednima<\/h2>\r\nGra\u00e7as ao seu design e constru\u00e7\u00e3o \u00fanicos, a unidade de medi\u00e7\u00e3o de\u00a0 comprimento nas cabe\u00e7as SP oferece uma elevada fiabilidade e precis\u00e3o de medi\u00e7\u00e3o excecionalmente elevadas. A parte hidr\u00e1ulica foi concebida para suportar movimentos\u00a0 extremamente r\u00e1pidos e mudan\u00e7as de dire\u00e7\u00e3o,\r\ngarantindo que a roda de medi\u00e7\u00e3o permanece sempre em contacto com a haste. Combinado com a alta resolu\u00e7\u00e3o do sensor, isto garante que se realizam medi\u00e7\u00f5es corretas que s\u00e3o reencaminhadas dentro do sistema. Rolamentos robustos, encaminhamento de cabo interno exclusivo e um sensor mec\u00e2nico sem contacto garantem fiabilidade mesmo nas condi\u00e7\u00f5es mais exigentes.\r\n\r\nIndependentemente das esp\u00e9cies de \u00e1rvores, o processo de medi\u00e7\u00e3o pode ser otimizado atrav\u00e9s dos v\u00e1rios perfis e larguras das rodas de medi\u00e7\u00e3o,\r\nenquanto o grande di\u00e2metro da roda de medi\u00e7\u00e3o assegura o contacto ideal com a haste em todo o momento. Isto garante a m\u00e1xima fiabilidade ao\r\npenetrar em diferentes estruturas de casca e desvios m\u00ednimos, independentemente de quaisquer temperaturas extremas altas ou baixas. Durante todo o processo, a unidade de medi\u00e7\u00e3o de comprimento \u00e9 pressionada contra o caule por um cilindro hidr\u00e1ulico potente com tempos de resposta\u00a0r\u00e1pidos, garantindo medi\u00e7\u00f5es de comprimento salientes mesmo em hastes tortas e irregulares. Quando a roda de medi\u00e7\u00e3o finalmente tem de ser\r\nsubstitu\u00edda devido ao desgaste, o design amigo do servi\u00e7o permite uma substitui\u00e7\u00e3o r\u00e1pida e f\u00e1cil.\t\t\t\t\t\t\t\t<\/div>\n\t\t\t\t<\/div>\n\t\t\t\t<div class=\"elementor-element elementor-element-7fabeb9 elementor-icon-list--layout-inline elementor-align-end elementor-list-item-link-full_width elementor-widget elementor-widget-icon-list\" data-id=\"7fabeb9\" data-element_type=\"widget\" data-e-type=\"widget\" data-widget_type=\"icon-list.default\">\n\t\t\t\t<div class=\"elementor-widget-container\">\n\t\t\t\t\t\t\t<ul class=\"elementor-icon-list-items elementor-inline-items\">\n\t\t\t\t\t\t\t<li class=\"elementor-icon-list-item elementor-inline-item\">\n\t\t\t\t\t\t\t\t\t\t\t<a href=\"https:\/\/spmaskiner.com\/wp-content\/uploads\/2022\/06\/LengthMeasuring_pt-PT.pdf\">\n\n\t\t\t\t\t\t\t\t\t\t\t\t<span class=\"elementor-icon-list-icon\">\n\t\t\t\t\t\t\t<i aria-hidden=\"true\" class=\"fas fa-file-pdf\"><\/i>\t\t\t\t\t\t<\/span>\n\t\t\t\t\t\t\t\t\t\t<span class=\"elementor-icon-list-text\">Cat\u00e1logo - Medi\u00e7\u00e3o de comprimento (PDF)<\/span>\n\t\t\t\t\t\t\t\t\t\t\t<\/a>\n\t\t\t\t\t\t\t\t\t<\/li>\n\t\t\t\t\t\t<\/ul>\n\t\t\t\t\t\t<\/div>\n\t\t\t\t<\/div>\n\t\t\t\t<section class=\"elementor-section elementor-inner-section elementor-element elementor-element-6a7542ef elementor-section-boxed elementor-section-height-default elementor-section-height-default\" data-id=\"6a7542ef\" data-element_type=\"section\" data-e-type=\"section\">\n\t\t\t\t\t\t<div class=\"elementor-container elementor-column-gap-default\">\n\t\t\t\t\t<div class=\"elementor-column elementor-col-50 elementor-inner-column elementor-element elementor-element-35292250\" data-id=\"35292250\" data-element_type=\"column\" data-e-type=\"column\">\n\t\t\t<div class=\"elementor-widget-wrap elementor-element-populated\">\n\t\t\t\t\t\t<div class=\"elementor-element elementor-element-4e47f9b elementor-widget elementor-widget-image\" data-id=\"4e47f9b\" data-element_type=\"widget\" data-e-type=\"widget\" data-widget_type=\"image.default\">\n\t\t\t\t<div class=\"elementor-widget-container\">\n\t\t\t\t\t\t\t\t\t\t\t\t\t\t\t<img loading=\"lazy\" decoding=\"async\" width=\"816\" height=\"1024\" src=\"https:\/\/spmaskiner.com\/wp-content\/uploads\/2021\/06\/langdmatning-mathjul-816x1024.png\" class=\"attachment-large size-large wp-image-8284\" alt=\"\" srcset=\"https:\/\/spmaskiner.com\/wp-content\/uploads\/2021\/06\/langdmatning-mathjul-816x1024.png 816w, https:\/\/spmaskiner.com\/wp-content\/uploads\/2021\/06\/langdmatning-mathjul-239x300.png 239w, https:\/\/spmaskiner.com\/wp-content\/uploads\/2021\/06\/langdmatning-mathjul-768x964.png 768w, https:\/\/spmaskiner.com\/wp-content\/uploads\/2021\/06\/langdmatning-mathjul.png 1045w\" sizes=\"auto, (max-width: 816px) 100vw, 816px\" \/>\t\t\t\t\t\t\t\t\t\t\t\t\t\t\t<\/div>\n\t\t\t\t<\/div>\n\t\t\t\t\t<\/div>\n\t\t<\/div>\n\t\t\t\t<div class=\"elementor-column elementor-col-50 elementor-inner-column elementor-element elementor-element-5f75fc1\" data-id=\"5f75fc1\" data-element_type=\"column\" data-e-type=\"column\">\n\t\t\t<div class=\"elementor-widget-wrap elementor-element-populated\">\n\t\t\t\t\t\t<div class=\"elementor-element elementor-element-c4e0e65 elementor-widget elementor-widget-text-editor\" data-id=\"c4e0e65\" data-element_type=\"widget\" data-e-type=\"widget\" data-widget_type=\"text-editor.default\">\n\t\t\t\t<div class=\"elementor-widget-container\">\n\t\t\t\t\t\t\t\t\t<span style=\"color: #ff0000;\"><em><strong>A unidade de medi\u00e7\u00e3o de comprimento<\/strong><\/em><\/span> \u00e9 acionada por um cilindro hidr\u00e1ulico extremamente bem protegido e por mangueiras encapsuladas, permitindo que a roda de medi\u00e7\u00e3o se retraia numa posi\u00e7\u00e3o protegida quando a cabe\u00e7a \u00e9 aberta.\r\n\r\n<span style=\"color: #ff0000;\"><em><strong>A roda de medi\u00e7\u00e3o<\/strong><\/em><\/span> tem rolamentos altamente robustos e autolubrificantes para uma vida \u00fatil \u00f3tima e necessidades m\u00ednimas de manuten\u00e7\u00e3o. Os rolamentos robustos tamb\u00e9m s\u00e3o suficientemente grandes para suportar as for\u00e7as laterais extremamente altas geradas, por exemplo, durante o manuseamento de v\u00e1rias \u00e1rvores e ao colher \u00e1rvores de madeira tortas.\r\n\r\n<span style=\"color: #ff0000;\"><em><strong>O bra\u00e7o de medi\u00e7\u00e3o de comprimento<\/strong><\/em><\/span> \u00e9 afixado na estrutura da cabe\u00e7a com uma liga\u00e7\u00e3o robusta para minimizar o servi\u00e7o e maximizar a durabilidade. Isto tamb\u00e9m garante um movimento extremamente s\u00f3lido do bra\u00e7o de medi\u00e7\u00e3o\r\nsem folga para a maior precis\u00e3o de medi\u00e7\u00e3o.\r\n\r\n<span style=\"color: #ff0000;\"><em><strong>As nossas cabe\u00e7as maiores<\/strong><\/em><\/span>, a SP661LF e a SP761LF, que s\u00e3o frequentemente montadas em potentes transportadoras para trabalhar em ambientes exigentes com \u00e1rvores de grande di\u00e2metro, t\u00eam um encaminhamento de cabo \u00fanico e totalmente protegido para o sensor de medi\u00e7\u00e3o de comprimento. Uma vez que todo o comprimento do cabo \u00e9 encaminhado para dentro da estrutura e do bra\u00e7o de medi\u00e7\u00e3o de comprimento, o mesmo est\u00e1 completamente protegido contra for\u00e7as externas em todos os momentos. Isto garante a maior fiabilidade mesmo nas condi\u00e7\u00f5es mais exigentes.\r\n\r\n<span style=\"color: #ff0000;\"><em><strong>O sensor de medi\u00e7\u00e3o de comprimento<\/strong><\/em><\/span> \u00e9 completamente contactless sem liga\u00e7\u00e3o mec\u00e2nica \u00e0 roda de medi\u00e7\u00e3o. Dado que o sensor n\u00e3o tem pe\u00e7as m\u00f3veis ou eletr\u00f3nica aberta, isto garante a maior fiabilidade e a vida \u00fatil mais longa.\t\t\t\t\t\t\t\t<\/div>\n\t\t\t\t<\/div>\n\t\t\t\t\t<\/div>\n\t\t<\/div>\n\t\t\t\t\t<\/div>\n\t\t<\/section>\n\t\t\t\t\t<\/div>\n\t\t<\/div>\n\t\t\t\t\t<\/div>\n\t\t<\/section>\n\t\t\t\t<\/div>\n\t\t","protected":false},"excerpt":{"rendered":"<p>Medi\u00e7\u00e3o de comprimento Medi\u00e7\u00e3o de comprimento com grande fiabilidade e manuten\u00e7\u00e3o m\u00ednima Gra\u00e7as ao seu design e constru\u00e7\u00e3o \u00fanicos, a unidade de medi\u00e7\u00e3o de\u00a0 comprimento nas cabe\u00e7as SP oferece uma elevada fiabilidade e precis\u00e3o de medi\u00e7\u00e3o excecionalmente elevadas. A parte hidr\u00e1ulica foi concebida para suportar movimentos\u00a0 extremamente r\u00e1pidos e mudan\u00e7as de dire\u00e7\u00e3o, garantindo que a [&hellip;]<\/p>\n","protected":false},"author":1,"featured_media":0,"parent":8479,"menu_order":177,"comment_status":"closed","ping_status":"closed","template":"","meta":{"_acf_changed":false,"site-sidebar-layout":"no-sidebar","site-content-layout":"page-builder","ast-site-content-layout":"default","site-content-style":"default","site-sidebar-style":"default","ast-global-header-display":"","ast-banner-title-visibility":"","ast-main-header-display":"","ast-hfb-above-header-display":"","ast-hfb-below-header-display":"","ast-hfb-mobile-header-display":"","site-post-title":"disabled","ast-breadcrumbs-content":"","ast-featured-img":"disabled","footer-sml-layout":"","ast-disable-related-posts":"","theme-transparent-header-meta":"default","adv-header-id-meta":"","stick-header-meta":"","header-above-stick-meta":"","header-main-stick-meta":"","header-below-stick-meta":"","astra-migrate-meta-layouts":"default","ast-page-background-enabled":"default","ast-page-background-meta":{"desktop":{"background-color":"","background-image":"","background-repeat":"repeat","background-position":"center center","background-size":"auto","background-attachment":"scroll","background-type":"","background-media":"","overlay-type":"","overlay-color":"","overlay-opacity":"","overlay-gradient":""},"tablet":{"background-color":"","background-image":"","background-repeat":"repeat","background-position":"center center","background-size":"auto","background-attachment":"scroll","background-type":"","background-media":"","overlay-type":"","overlay-color":"","overlay-opacity":"","overlay-gradient":""},"mobile":{"background-color":"","background-image":"","background-repeat":"repeat","background-position":"center center","background-size":"auto","background-attachment":"scroll","background-type":"","background-media":"","overlay-type":"","overlay-color":"","overlay-opacity":"","overlay-gradient":""}},"ast-content-background-meta":{"desktop":{"background-color":"var(--ast-global-color-5)","background-image":"","background-repeat":"repeat","background-position":"center center","background-size":"auto","background-attachment":"scroll","background-type":"","background-media":"","overlay-type":"","overlay-color":"","overlay-opacity":"","overlay-gradient":""},"tablet":{"background-color":"var(--ast-global-color-5)","background-image":"","background-repeat":"repeat","background-position":"center center","background-size":"auto","background-attachment":"scroll","background-type":"","background-media":"","overlay-type":"","overlay-color":"","overlay-opacity":"","overlay-gradient":""},"mobile":{"background-color":"var(--ast-global-color-5)","background-image":"","background-repeat":"repeat","background-position":"center center","background-size":"auto","background-attachment":"scroll","background-type":"","background-media":"","overlay-type":"","overlay-color":"","overlay-opacity":"","overlay-gradient":""}},"footnotes":""},"class_list":["post-8511","page","type-page","status-publish","hentry"],"acf":[],"yoast_head":"<!-- This site is optimized with the Yoast SEO plugin v26.9 - https:\/\/yoast.com\/product\/yoast-seo-wordpress\/ -->\n<title>Medi\u00e7\u00e3o de comprimento - SP Maskiner<\/title>\n<meta name=\"robots\" content=\"index, follow, max-snippet:-1, max-image-preview:large, max-video-preview:-1\" \/>\n<link rel=\"canonical\" href=\"https:\/\/spmaskiner.com\/pt-br\/beneficios-para-o-cliente\/medicao-de-comprimento\/\" \/>\n<meta property=\"og:locale\" content=\"pt_BR\" \/>\n<meta property=\"og:type\" content=\"article\" \/>\n<meta property=\"og:title\" content=\"Medi\u00e7\u00e3o de comprimento - SP Maskiner\" \/>\n<meta property=\"og:description\" content=\"Medi\u00e7\u00e3o de comprimento Medi\u00e7\u00e3o de comprimento com grande fiabilidade e manuten\u00e7\u00e3o m\u00ednima Gra\u00e7as ao seu design e constru\u00e7\u00e3o \u00fanicos, a unidade de medi\u00e7\u00e3o de\u00a0 comprimento nas cabe\u00e7as SP oferece uma elevada fiabilidade e precis\u00e3o de medi\u00e7\u00e3o excecionalmente elevadas. A parte hidr\u00e1ulica foi concebida para suportar movimentos\u00a0 extremamente r\u00e1pidos e mudan\u00e7as de dire\u00e7\u00e3o, garantindo que a [&hellip;]\" \/>\n<meta property=\"og:url\" content=\"https:\/\/spmaskiner.com\/pt-br\/beneficios-para-o-cliente\/medicao-de-comprimento\/\" \/>\n<meta property=\"og:site_name\" content=\"SP Maskiner\" \/>\n<meta property=\"article:modified_time\" content=\"2022-06-02T08:23:43+00:00\" \/>\n<meta property=\"og:image\" content=\"https:\/\/spmaskiner.com\/wp-content\/uploads\/2021\/06\/langdmatning-mathjul.png\" \/>\n\t<meta property=\"og:image:width\" content=\"1045\" \/>\n\t<meta property=\"og:image:height\" content=\"1312\" \/>\n\t<meta property=\"og:image:type\" content=\"image\/png\" \/>\n<meta name=\"twitter:card\" content=\"summary_large_image\" \/>\n<script type=\"application\/ld+json\" class=\"yoast-schema-graph\">{\"@context\":\"https:\/\/schema.org\",\"@graph\":[{\"@type\":\"WebPage\",\"@id\":\"https:\/\/spmaskiner.com\/pt-br\/beneficios-para-o-cliente\/medicao-de-comprimento\/\",\"url\":\"https:\/\/spmaskiner.com\/pt-br\/beneficios-para-o-cliente\/medicao-de-comprimento\/\",\"name\":\"Medi\u00e7\u00e3o de comprimento - SP Maskiner\",\"isPartOf\":{\"@id\":\"https:\/\/spmaskiner.com\/pt-br\/#website\"},\"primaryImageOfPage\":{\"@id\":\"https:\/\/spmaskiner.com\/pt-br\/beneficios-para-o-cliente\/medicao-de-comprimento\/#primaryimage\"},\"image\":{\"@id\":\"https:\/\/spmaskiner.com\/pt-br\/beneficios-para-o-cliente\/medicao-de-comprimento\/#primaryimage\"},\"thumbnailUrl\":\"https:\/\/spmaskiner.com\/wp-content\/uploads\/2021\/06\/langdmatning-mathjul-816x1024.png\",\"datePublished\":\"2021-06-15T07:19:02+00:00\",\"dateModified\":\"2022-06-02T08:23:43+00:00\",\"breadcrumb\":{\"@id\":\"https:\/\/spmaskiner.com\/pt-br\/beneficios-para-o-cliente\/medicao-de-comprimento\/#breadcrumb\"},\"inLanguage\":\"pt-BR\",\"potentialAction\":[{\"@type\":\"ReadAction\",\"target\":[\"https:\/\/spmaskiner.com\/pt-br\/beneficios-para-o-cliente\/medicao-de-comprimento\/\"]}]},{\"@type\":\"ImageObject\",\"inLanguage\":\"pt-BR\",\"@id\":\"https:\/\/spmaskiner.com\/pt-br\/beneficios-para-o-cliente\/medicao-de-comprimento\/#primaryimage\",\"url\":\"https:\/\/spmaskiner.com\/wp-content\/uploads\/2021\/06\/langdmatning-mathjul-816x1024.png\",\"contentUrl\":\"https:\/\/spmaskiner.com\/wp-content\/uploads\/2021\/06\/langdmatning-mathjul-816x1024.png\"},{\"@type\":\"BreadcrumbList\",\"@id\":\"https:\/\/spmaskiner.com\/pt-br\/beneficios-para-o-cliente\/medicao-de-comprimento\/#breadcrumb\",\"itemListElement\":[{\"@type\":\"ListItem\",\"position\":1,\"name\":\"Home\",\"item\":\"https:\/\/spmaskiner.com\/pt-br\/\"},{\"@type\":\"ListItem\",\"position\":2,\"name\":\"Benef\u00edcios para o cliente\",\"item\":\"https:\/\/spmaskiner.com\/pt-br\/beneficios-para-o-cliente\/\"},{\"@type\":\"ListItem\",\"position\":3,\"name\":\"Medi\u00e7\u00e3o de comprimento\"}]},{\"@type\":\"WebSite\",\"@id\":\"https:\/\/spmaskiner.com\/pt-br\/#website\",\"url\":\"https:\/\/spmaskiner.com\/pt-br\/\",\"name\":\"SP Maskiner\",\"description\":\"Always ahead\",\"publisher\":{\"@id\":\"https:\/\/spmaskiner.com\/pt-br\/#organization\"},\"potentialAction\":[{\"@type\":\"SearchAction\",\"target\":{\"@type\":\"EntryPoint\",\"urlTemplate\":\"https:\/\/spmaskiner.com\/pt-br\/?s={search_term_string}\"},\"query-input\":{\"@type\":\"PropertyValueSpecification\",\"valueRequired\":true,\"valueName\":\"search_term_string\"}}],\"inLanguage\":\"pt-BR\"},{\"@type\":\"Organization\",\"@id\":\"https:\/\/spmaskiner.com\/pt-br\/#organization\",\"name\":\"SP Maskiner\",\"url\":\"https:\/\/spmaskiner.com\/pt-br\/\",\"logo\":{\"@type\":\"ImageObject\",\"inLanguage\":\"pt-BR\",\"@id\":\"https:\/\/spmaskiner.com\/pt-br\/#\/schema\/logo\/image\/\",\"url\":\"https:\/\/spmaskiner.com\/wp-content\/uploads\/2021\/03\/spmaskiner-logotyp.png\",\"contentUrl\":\"https:\/\/spmaskiner.com\/wp-content\/uploads\/2021\/03\/spmaskiner-logotyp.png\",\"width\":350,\"height\":65,\"caption\":\"SP Maskiner\"},\"image\":{\"@id\":\"https:\/\/spmaskiner.com\/pt-br\/#\/schema\/logo\/image\/\"}}]}<\/script>\n<!-- \/ Yoast SEO plugin. -->","yoast_head_json":{"title":"Medi\u00e7\u00e3o de comprimento - SP Maskiner","robots":{"index":"index","follow":"follow","max-snippet":"max-snippet:-1","max-image-preview":"max-image-preview:large","max-video-preview":"max-video-preview:-1"},"canonical":"https:\/\/spmaskiner.com\/pt-br\/beneficios-para-o-cliente\/medicao-de-comprimento\/","og_locale":"pt_BR","og_type":"article","og_title":"Medi\u00e7\u00e3o de comprimento - SP Maskiner","og_description":"Medi\u00e7\u00e3o de comprimento Medi\u00e7\u00e3o de comprimento com grande fiabilidade e manuten\u00e7\u00e3o m\u00ednima Gra\u00e7as ao seu design e constru\u00e7\u00e3o \u00fanicos, a unidade de medi\u00e7\u00e3o de\u00a0 comprimento nas cabe\u00e7as SP oferece uma elevada fiabilidade e precis\u00e3o de medi\u00e7\u00e3o excecionalmente elevadas. A parte hidr\u00e1ulica foi concebida para suportar movimentos\u00a0 extremamente r\u00e1pidos e mudan\u00e7as de dire\u00e7\u00e3o, garantindo que a [&hellip;]","og_url":"https:\/\/spmaskiner.com\/pt-br\/beneficios-para-o-cliente\/medicao-de-comprimento\/","og_site_name":"SP Maskiner","article_modified_time":"2022-06-02T08:23:43+00:00","og_image":[{"width":1045,"height":1312,"url":"https:\/\/spmaskiner.com\/wp-content\/uploads\/2021\/06\/langdmatning-mathjul.png","type":"image\/png"}],"twitter_card":"summary_large_image","schema":{"@context":"https:\/\/schema.org","@graph":[{"@type":"WebPage","@id":"https:\/\/spmaskiner.com\/pt-br\/beneficios-para-o-cliente\/medicao-de-comprimento\/","url":"https:\/\/spmaskiner.com\/pt-br\/beneficios-para-o-cliente\/medicao-de-comprimento\/","name":"Medi\u00e7\u00e3o de comprimento - SP Maskiner","isPartOf":{"@id":"https:\/\/spmaskiner.com\/pt-br\/#website"},"primaryImageOfPage":{"@id":"https:\/\/spmaskiner.com\/pt-br\/beneficios-para-o-cliente\/medicao-de-comprimento\/#primaryimage"},"image":{"@id":"https:\/\/spmaskiner.com\/pt-br\/beneficios-para-o-cliente\/medicao-de-comprimento\/#primaryimage"},"thumbnailUrl":"https:\/\/spmaskiner.com\/wp-content\/uploads\/2021\/06\/langdmatning-mathjul-816x1024.png","datePublished":"2021-06-15T07:19:02+00:00","dateModified":"2022-06-02T08:23:43+00:00","breadcrumb":{"@id":"https:\/\/spmaskiner.com\/pt-br\/beneficios-para-o-cliente\/medicao-de-comprimento\/#breadcrumb"},"inLanguage":"pt-BR","potentialAction":[{"@type":"ReadAction","target":["https:\/\/spmaskiner.com\/pt-br\/beneficios-para-o-cliente\/medicao-de-comprimento\/"]}]},{"@type":"ImageObject","inLanguage":"pt-BR","@id":"https:\/\/spmaskiner.com\/pt-br\/beneficios-para-o-cliente\/medicao-de-comprimento\/#primaryimage","url":"https:\/\/spmaskiner.com\/wp-content\/uploads\/2021\/06\/langdmatning-mathjul-816x1024.png","contentUrl":"https:\/\/spmaskiner.com\/wp-content\/uploads\/2021\/06\/langdmatning-mathjul-816x1024.png"},{"@type":"BreadcrumbList","@id":"https:\/\/spmaskiner.com\/pt-br\/beneficios-para-o-cliente\/medicao-de-comprimento\/#breadcrumb","itemListElement":[{"@type":"ListItem","position":1,"name":"Home","item":"https:\/\/spmaskiner.com\/pt-br\/"},{"@type":"ListItem","position":2,"name":"Benef\u00edcios para o cliente","item":"https:\/\/spmaskiner.com\/pt-br\/beneficios-para-o-cliente\/"},{"@type":"ListItem","position":3,"name":"Medi\u00e7\u00e3o de comprimento"}]},{"@type":"WebSite","@id":"https:\/\/spmaskiner.com\/pt-br\/#website","url":"https:\/\/spmaskiner.com\/pt-br\/","name":"SP Maskiner","description":"Always ahead","publisher":{"@id":"https:\/\/spmaskiner.com\/pt-br\/#organization"},"potentialAction":[{"@type":"SearchAction","target":{"@type":"EntryPoint","urlTemplate":"https:\/\/spmaskiner.com\/pt-br\/?s={search_term_string}"},"query-input":{"@type":"PropertyValueSpecification","valueRequired":true,"valueName":"search_term_string"}}],"inLanguage":"pt-BR"},{"@type":"Organization","@id":"https:\/\/spmaskiner.com\/pt-br\/#organization","name":"SP Maskiner","url":"https:\/\/spmaskiner.com\/pt-br\/","logo":{"@type":"ImageObject","inLanguage":"pt-BR","@id":"https:\/\/spmaskiner.com\/pt-br\/#\/schema\/logo\/image\/","url":"https:\/\/spmaskiner.com\/wp-content\/uploads\/2021\/03\/spmaskiner-logotyp.png","contentUrl":"https:\/\/spmaskiner.com\/wp-content\/uploads\/2021\/03\/spmaskiner-logotyp.png","width":350,"height":65,"caption":"SP Maskiner"},"image":{"@id":"https:\/\/spmaskiner.com\/pt-br\/#\/schema\/logo\/image\/"}}]}},"_links":{"self":[{"href":"https:\/\/spmaskiner.com\/pt-br\/wp-json\/wp\/v2\/pages\/8511","targetHints":{"allow":["GET"]}}],"collection":[{"href":"https:\/\/spmaskiner.com\/pt-br\/wp-json\/wp\/v2\/pages"}],"about":[{"href":"https:\/\/spmaskiner.com\/pt-br\/wp-json\/wp\/v2\/types\/page"}],"author":[{"embeddable":true,"href":"https:\/\/spmaskiner.com\/pt-br\/wp-json\/wp\/v2\/users\/1"}],"replies":[{"embeddable":true,"href":"https:\/\/spmaskiner.com\/pt-br\/wp-json\/wp\/v2\/comments?post=8511"}],"version-history":[{"count":1,"href":"https:\/\/spmaskiner.com\/pt-br\/wp-json\/wp\/v2\/pages\/8511\/revisions"}],"predecessor-version":[{"id":8512,"href":"https:\/\/spmaskiner.com\/pt-br\/wp-json\/wp\/v2\/pages\/8511\/revisions\/8512"}],"up":[{"embeddable":true,"href":"https:\/\/spmaskiner.com\/pt-br\/wp-json\/wp\/v2\/pages\/8479"}],"wp:attachment":[{"href":"https:\/\/spmaskiner.com\/pt-br\/wp-json\/wp\/v2\/media?parent=8511"}],"curies":[{"name":"wp","href":"https:\/\/api.w.org\/{rel}","templated":true}]}}