{"id":8521,"date":"2021-03-25T10:10:29","date_gmt":"2021-03-25T09:10:29","guid":{"rendered":"https:\/\/spmaskiner.com\/informacoes-corporativas\/sobre-a-empresa\/"},"modified":"2022-06-02T10:40:17","modified_gmt":"2022-06-02T08:40:17","slug":"sobre-a-empresa","status":"publish","type":"page","link":"https:\/\/spmaskiner.com\/pt-br\/informacoes-corporativas\/sobre-a-empresa\/","title":{"rendered":"Sobre a empresa"},"content":{"rendered":"\t\t<div data-elementor-type=\"wp-page\" data-elementor-id=\"8521\" class=\"elementor elementor-8521 elementor-1499\" data-elementor-post-type=\"page\">\n\t\t\t\t\t\t<section class=\"elementor-section elementor-top-section elementor-element elementor-element-38057d05 elementor-section-content-top elementor-section-boxed elementor-section-height-default elementor-section-height-default\" data-id=\"38057d05\" data-element_type=\"section\" data-e-type=\"section\">\n\t\t\t\t\t\t<div class=\"elementor-container elementor-column-gap-no\">\n\t\t\t\t\t<nav class=\"elementor-column elementor-col-50 elementor-top-column elementor-element elementor-element-33112c16 elementor-hidden-tablet elementor-hidden-phone elementor-invisible\" data-id=\"33112c16\" data-element_type=\"column\" data-e-type=\"column\" id=\"news-block\" data-settings=\"{&quot;animation&quot;:&quot;fadeIn&quot;}\">\n\t\t\t<div class=\"elementor-widget-wrap elementor-element-populated\">\n\t\t\t\t\t\t\t<\/div>\n\t\t<\/nav>\n\t\t\t\t<article class=\"elementor-column elementor-col-50 elementor-top-column elementor-element elementor-element-1574c4e1\" data-id=\"1574c4e1\" data-element_type=\"column\" data-e-type=\"column\">\n\t\t\t<div class=\"elementor-widget-wrap elementor-element-populated\">\n\t\t\t\t\t\t<div class=\"elementor-element elementor-element-19c89396 elementor-widget elementor-widget-heading\" data-id=\"19c89396\" data-element_type=\"widget\" data-e-type=\"widget\" data-widget_type=\"heading.default\">\n\t\t\t\t<div class=\"elementor-widget-container\">\n\t\t\t\t\t<h1 class=\"elementor-heading-title elementor-size-default\">Sobre a empresa<\/h1>\t\t\t\t<\/div>\n\t\t\t\t<\/div>\n\t\t\t\t<div class=\"elementor-element elementor-element-722aa59 elementor-widget elementor-widget-image\" data-id=\"722aa59\" data-element_type=\"widget\" data-e-type=\"widget\" data-widget_type=\"image.default\">\n\t\t\t\t<div class=\"elementor-widget-container\">\n\t\t\t\t\t\t\t\t\t\t\t\t\t\t\t<img loading=\"lazy\" decoding=\"async\" width=\"1024\" height=\"533\" src=\"https:\/\/spmaskiner.com\/wp-content\/uploads\/2021\/04\/sp661lf-landing-1-1024x533.jpg\" class=\"attachment-large size-large wp-image-8269\" alt=\"\" srcset=\"https:\/\/spmaskiner.com\/wp-content\/uploads\/2021\/04\/sp661lf-landing-1-1024x533.jpg 1024w, https:\/\/spmaskiner.com\/wp-content\/uploads\/2021\/04\/sp661lf-landing-1-300x156.jpg 300w, https:\/\/spmaskiner.com\/wp-content\/uploads\/2021\/04\/sp661lf-landing-1-768x400.jpg 768w, https:\/\/spmaskiner.com\/wp-content\/uploads\/2021\/04\/sp661lf-landing-1-1536x800.jpg 1536w, https:\/\/spmaskiner.com\/wp-content\/uploads\/2021\/04\/sp661lf-landing-1.jpg 1920w\" sizes=\"auto, (max-width: 1024px) 100vw, 1024px\" \/>\t\t\t\t\t\t\t\t\t\t\t\t\t\t\t<\/div>\n\t\t\t\t<\/div>\n\t\t\t\t<div class=\"elementor-element elementor-element-6a7aba9 elementor-widget elementor-widget-text-editor\" data-id=\"6a7aba9\" data-element_type=\"widget\" data-e-type=\"widget\" data-widget_type=\"text-editor.default\">\n\t\t\t\t<div class=\"elementor-widget-container\">\n\t\t\t\t\t\t\t\t\tA SP Maskiner \u00e9 uma fornecedora l\u00edder mundial de cabe\u00e7as processadoras suecas. Nosso conceito \u00e9 fornecer cabe\u00e7as processadoras que se encaixem em colheitadeiras de todas as marcas e modelos. Portanto, as cabe\u00e7as processadoras da SP Maskiner oferecem mais oportunidades para otimizar o desbastamento e corte.\r\n\r\nA SP foi fundada em 1978, na pequena aldeia de Lillarp, \u200b\u200blocalizada no cora\u00e7\u00e3o das florestas do sul da Su\u00e9cia. Em 1980, a SP Maskiner fabricou a primeira cabe\u00e7a processadora com ader\u00eancia \u00fanica do mundo, o SP21, que surgiu para revolucionar a silvicultura profissional. Desde 2003, a SP Maskiner \u00e9 parte do Weland Group.\r\n\r\nA SP Maskiner \u00e9 agora uma marca internacional bem conhecida com fornecedores em todo o mundo. Nossa for\u00e7a reside na variedade de produtos modernos e em nossa sensibilidade. Nossa variedade de produtos abrange todos os tipos e condi\u00e7\u00f5es de abate, do primeiro desbastamento ao abate final, bem como o abate de madeira e eucalipto para energia.\r\n\r\nCom longa experi\u00eancia no setor, somos sens\u00edveis \u00e0s necessidades de nossos clientes. Apesar de ser uma marca global, temos mantido a qualidade sueca e a proximidade com os nossos clientes. Estamos trabalhando continuamente, em estreita colabora\u00e7\u00e3o com nossos clientes, sempre tentando atender \u00e0s suas necessidades.\r\n\r\nCom nosso lema, &#8220;Sempre em frente&#8221;, estamos em cont\u00ednuo desenvolvimento e na lideran\u00e7a das evolu\u00e7\u00f5es t\u00e9cnicas em nosso segmento. Estamos sempre nos esfor\u00e7ando para levar a tecnologia e a efici\u00eancia para o pr\u00f3ximo n\u00edvel. Estamos nos esfor\u00e7ando para atender \u00e0s futuras demandas de silvicultura. Somos movidos pelo desejo de criar solu\u00e7\u00f5es inovadoras para voc\u00ea, como nosso cliente, agora e no futuro.\t\t\t\t\t\t\t\t<\/div>\n\t\t\t\t<\/div>\n\t\t\t\t<section class=\"elementor-section elementor-inner-section elementor-element elementor-element-8be5ea1 elementor-section-boxed elementor-section-height-default elementor-section-height-default\" data-id=\"8be5ea1\" data-element_type=\"section\" data-e-type=\"section\" data-settings=\"{&quot;background_background&quot;:&quot;classic&quot;}\">\n\t\t\t\t\t\t<div class=\"elementor-container elementor-column-gap-default\">\n\t\t\t\t\t<div class=\"elementor-column elementor-col-100 elementor-inner-column elementor-element elementor-element-21fd36d\" data-id=\"21fd36d\" data-element_type=\"column\" data-e-type=\"column\">\n\t\t\t<div class=\"elementor-widget-wrap elementor-element-populated\">\n\t\t\t\t\t\t<div class=\"elementor-element elementor-element-fa06b94 elementor-widget elementor-widget-heading\" data-id=\"fa06b94\" data-element_type=\"widget\" data-e-type=\"widget\" data-widget_type=\"heading.default\">\n\t\t\t\t<div class=\"elementor-widget-container\">\n\t\t\t\t\t<h2 class=\"elementor-heading-title elementor-size-default\">Always Ahead - Sempre \u00e0 frente<\/h2>\t\t\t\t<\/div>\n\t\t\t\t<\/div>\n\t\t\t\t<div class=\"elementor-element elementor-element-181e262 elementor-widget elementor-widget-text-editor\" data-id=\"181e262\" data-element_type=\"widget\" data-e-type=\"widget\" data-widget_type=\"text-editor.default\">\n\t\t\t\t<div class=\"elementor-widget-container\">\n\t\t\t\t\t\t\t\t\t\u00c9 o nosso slogan! Embora possa n\u00e3o parecer t\u00e3o importante, significa muito mais do que essas simples palavras. Para n\u00f3s da SP, SEMPRE \u00c0 FRENTE \u00e9 nosso esfor\u00e7o para estar sempre na vanguarda, para sempre oferecer o melhor, sejam nossos produtos, solu\u00e7\u00f5es t\u00e9cnicas ou como voc\u00ea, como cliente, \u00e9 apoiado e tratado.\r\n\r\nQuando voc\u00ea escolhe a SP, nosso objetivo \u00e9 fornecer um cabe\u00e7ote de coleta de primeira linha. N\u00e3o apenas em termos de desempenho e produtividade, mas tamb\u00e9m em termos de confiabilidade e qualidade operacional. Temos uma experi\u00eancia de mais de 40 anos em projeto e fabrica\u00e7\u00e3o de cabe\u00e7otes de coleta e sabemos o que \u00e9 necess\u00e1rio para fornecer aos nossos clientes os melhores equipamentos e suporte. Nosso objetivo \u00e9 superar suas expectativas e fazer com que voc\u00ea, como cliente, sempre tenha as melhores condi\u00e7\u00f5es poss\u00edveis para estar SEMPRE \u00c0 FRENTE.\r\n\r\nEstamos orgulhosos dos nossos produtos e isso est\u00e1 \u00f3bvio. \u00c9 evidente como nossa equipe de desenvolvimento analisa e testa meticulosamente os novos componentes e materiais antes que eles sejam aprovados para instala\u00e7\u00e3o nos cabe\u00e7otes. E isso fica comprovado na qualidade da fabrica\u00e7\u00e3o, soldagem e montagem de nossos cabe\u00e7otes. Est\u00e1 vis\u00edvel em todos os nossos funcion\u00e1rios, que sempre fazem o poss\u00edvel para garantir que estejamos SEMPRE \u00c0 FRENTE e oferecendo exatamente isso \u2013 o melhor.\t\t\t\t\t\t\t\t<\/div>\n\t\t\t\t<\/div>\n\t\t\t\t\t<\/div>\n\t\t<\/div>\n\t\t\t\t\t<\/div>\n\t\t<\/section>\n\t\t\t\t\t<\/div>\n\t\t<\/article>\n\t\t\t\t\t<\/div>\n\t\t<\/section>\n\t\t\t\t<section class=\"elementor-section elementor-top-section elementor-element elementor-element-6692d932 elementor-section-boxed elementor-section-height-default elementor-section-height-default\" data-id=\"6692d932\" data-element_type=\"section\" data-e-type=\"section\">\n\t\t\t\t\t\t<div class=\"elementor-container elementor-column-gap-default\">\n\t\t\t\t\t<section class=\"elementor-column elementor-col-100 elementor-top-column elementor-element elementor-element-4287a4e7\" data-id=\"4287a4e7\" data-element_type=\"column\" data-e-type=\"column\">\n\t\t\t<div class=\"elementor-widget-wrap\">\n\t\t\t\t\t\t\t<\/div>\n\t\t<\/section>\n\t\t\t\t\t<\/div>\n\t\t<\/section>\n\t\t\t\t<\/div>\n\t\t","protected":false},"excerpt":{"rendered":"<p>Sobre a empresa A SP Maskiner \u00e9 uma fornecedora l\u00edder mundial de cabe\u00e7as processadoras suecas. Nosso conceito \u00e9 fornecer cabe\u00e7as processadoras que se encaixem em colheitadeiras de todas as marcas e modelos. Portanto, as cabe\u00e7as processadoras da SP Maskiner oferecem mais oportunidades para otimizar o desbastamento e corte. A SP foi fundada em 1978, na [&hellip;]<\/p>\n","protected":false},"author":1,"featured_media":0,"parent":8371,"menu_order":230,"comment_status":"closed","ping_status":"closed","template":"elementor_header_footer","meta":{"_acf_changed":false,"site-sidebar-layout":"no-sidebar","site-content-layout":"page-builder","ast-site-content-layout":"default","site-content-style":"default","site-sidebar-style":"default","ast-global-header-display":"","ast-banner-title-visibility":"","ast-main-header-display":"","ast-hfb-above-header-display":"","ast-hfb-below-header-display":"","ast-hfb-mobile-header-display":"","site-post-title":"disabled","ast-breadcrumbs-content":"","ast-featured-img":"disabled","footer-sml-layout":"","ast-disable-related-posts":"","theme-transparent-header-meta":"default","adv-header-id-meta":"","stick-header-meta":"","header-above-stick-meta":"","header-main-stick-meta":"","header-below-stick-meta":"","astra-migrate-meta-layouts":"default","ast-page-background-enabled":"default","ast-page-background-meta":{"desktop":{"background-color":"","background-image":"","background-repeat":"repeat","background-position":"center center","background-size":"auto","background-attachment":"scroll","background-type":"","background-media":"","overlay-type":"","overlay-color":"","overlay-opacity":"","overlay-gradient":""},"tablet":{"background-color":"","background-image":"","background-repeat":"repeat","background-position":"center center","background-size":"auto","background-attachment":"scroll","background-type":"","background-media":"","overlay-type":"","overlay-color":"","overlay-opacity":"","overlay-gradient":""},"mobile":{"background-color":"","background-image":"","background-repeat":"repeat","background-position":"center center","background-size":"auto","background-attachment":"scroll","background-type":"","background-media":"","overlay-type":"","overlay-color":"","overlay-opacity":"","overlay-gradient":""}},"ast-content-background-meta":{"desktop":{"background-color":"var(--ast-global-color-5)","background-image":"","background-repeat":"repeat","background-position":"center center","background-size":"auto","background-attachment":"scroll","background-type":"","background-media":"","overlay-type":"","overlay-color":"","overlay-opacity":"","overlay-gradient":""},"tablet":{"background-color":"var(--ast-global-color-5)","background-image":"","background-repeat":"repeat","background-position":"center center","background-size":"auto","background-attachment":"scroll","background-type":"","background-media":"","overlay-type":"","overlay-color":"","overlay-opacity":"","overlay-gradient":""},"mobile":{"background-color":"var(--ast-global-color-5)","background-image":"","background-repeat":"repeat","background-position":"center center","background-size":"auto","background-attachment":"scroll","background-type":"","background-media":"","overlay-type":"","overlay-color":"","overlay-opacity":"","overlay-gradient":""}},"footnotes":""},"class_list":["post-8521","page","type-page","status-publish","hentry"],"acf":[],"yoast_head":"<!-- This site is optimized with the Yoast SEO plugin v26.9 - https:\/\/yoast.com\/product\/yoast-seo-wordpress\/ -->\n<title>Sobre a empresa - SP Maskiner<\/title>\n<meta name=\"robots\" content=\"index, follow, max-snippet:-1, max-image-preview:large, max-video-preview:-1\" \/>\n<link rel=\"canonical\" href=\"https:\/\/spmaskiner.com\/pt-br\/informacoes-corporativas\/sobre-a-empresa\/\" \/>\n<meta property=\"og:locale\" content=\"pt_BR\" \/>\n<meta property=\"og:type\" content=\"article\" \/>\n<meta property=\"og:title\" content=\"Sobre a empresa - SP Maskiner\" \/>\n<meta property=\"og:description\" content=\"Sobre a empresa A SP Maskiner \u00e9 uma fornecedora l\u00edder mundial de cabe\u00e7as processadoras suecas. Nosso conceito \u00e9 fornecer cabe\u00e7as processadoras que se encaixem em colheitadeiras de todas as marcas e modelos. Portanto, as cabe\u00e7as processadoras da SP Maskiner oferecem mais oportunidades para otimizar o desbastamento e corte. A SP foi fundada em 1978, na [&hellip;]\" \/>\n<meta property=\"og:url\" content=\"https:\/\/spmaskiner.com\/pt-br\/informacoes-corporativas\/sobre-a-empresa\/\" \/>\n<meta property=\"og:site_name\" content=\"SP Maskiner\" \/>\n<meta property=\"article:modified_time\" content=\"2022-06-02T08:40:17+00:00\" \/>\n<meta property=\"og:image\" content=\"https:\/\/spmaskiner.com\/wp-content\/uploads\/2021\/04\/sp661lf-landing-1.jpg\" \/>\n\t<meta property=\"og:image:width\" content=\"1920\" \/>\n\t<meta property=\"og:image:height\" content=\"1000\" \/>\n\t<meta property=\"og:image:type\" content=\"image\/jpeg\" \/>\n<meta name=\"twitter:card\" content=\"summary_large_image\" \/>\n<script type=\"application\/ld+json\" class=\"yoast-schema-graph\">{\"@context\":\"https:\/\/schema.org\",\"@graph\":[{\"@type\":\"WebPage\",\"@id\":\"https:\/\/spmaskiner.com\/pt-br\/informacoes-corporativas\/sobre-a-empresa\/\",\"url\":\"https:\/\/spmaskiner.com\/pt-br\/informacoes-corporativas\/sobre-a-empresa\/\",\"name\":\"Sobre a empresa - SP Maskiner\",\"isPartOf\":{\"@id\":\"https:\/\/spmaskiner.com\/pt-br\/#website\"},\"primaryImageOfPage\":{\"@id\":\"https:\/\/spmaskiner.com\/pt-br\/informacoes-corporativas\/sobre-a-empresa\/#primaryimage\"},\"image\":{\"@id\":\"https:\/\/spmaskiner.com\/pt-br\/informacoes-corporativas\/sobre-a-empresa\/#primaryimage\"},\"thumbnailUrl\":\"https:\/\/spmaskiner.com\/wp-content\/uploads\/2021\/04\/sp661lf-landing-1-1024x533.jpg\",\"datePublished\":\"2021-03-25T09:10:29+00:00\",\"dateModified\":\"2022-06-02T08:40:17+00:00\",\"breadcrumb\":{\"@id\":\"https:\/\/spmaskiner.com\/pt-br\/informacoes-corporativas\/sobre-a-empresa\/#breadcrumb\"},\"inLanguage\":\"pt-BR\",\"potentialAction\":[{\"@type\":\"ReadAction\",\"target\":[\"https:\/\/spmaskiner.com\/pt-br\/informacoes-corporativas\/sobre-a-empresa\/\"]}]},{\"@type\":\"ImageObject\",\"inLanguage\":\"pt-BR\",\"@id\":\"https:\/\/spmaskiner.com\/pt-br\/informacoes-corporativas\/sobre-a-empresa\/#primaryimage\",\"url\":\"https:\/\/spmaskiner.com\/wp-content\/uploads\/2021\/04\/sp661lf-landing-1-1024x533.jpg\",\"contentUrl\":\"https:\/\/spmaskiner.com\/wp-content\/uploads\/2021\/04\/sp661lf-landing-1-1024x533.jpg\"},{\"@type\":\"BreadcrumbList\",\"@id\":\"https:\/\/spmaskiner.com\/pt-br\/informacoes-corporativas\/sobre-a-empresa\/#breadcrumb\",\"itemListElement\":[{\"@type\":\"ListItem\",\"position\":1,\"name\":\"Home\",\"item\":\"https:\/\/spmaskiner.com\/pt-br\/\"},{\"@type\":\"ListItem\",\"position\":2,\"name\":\"Informa\u00e7\u00f5es corporativas\",\"item\":\"https:\/\/spmaskiner.com\/pt-br\/corporate-information\/\"},{\"@type\":\"ListItem\",\"position\":3,\"name\":\"Sobre a empresa\"}]},{\"@type\":\"WebSite\",\"@id\":\"https:\/\/spmaskiner.com\/pt-br\/#website\",\"url\":\"https:\/\/spmaskiner.com\/pt-br\/\",\"name\":\"SP Maskiner\",\"description\":\"Always ahead\",\"publisher\":{\"@id\":\"https:\/\/spmaskiner.com\/pt-br\/#organization\"},\"potentialAction\":[{\"@type\":\"SearchAction\",\"target\":{\"@type\":\"EntryPoint\",\"urlTemplate\":\"https:\/\/spmaskiner.com\/pt-br\/?s={search_term_string}\"},\"query-input\":{\"@type\":\"PropertyValueSpecification\",\"valueRequired\":true,\"valueName\":\"search_term_string\"}}],\"inLanguage\":\"pt-BR\"},{\"@type\":\"Organization\",\"@id\":\"https:\/\/spmaskiner.com\/pt-br\/#organization\",\"name\":\"SP Maskiner\",\"url\":\"https:\/\/spmaskiner.com\/pt-br\/\",\"logo\":{\"@type\":\"ImageObject\",\"inLanguage\":\"pt-BR\",\"@id\":\"https:\/\/spmaskiner.com\/pt-br\/#\/schema\/logo\/image\/\",\"url\":\"https:\/\/spmaskiner.com\/wp-content\/uploads\/2021\/03\/spmaskiner-logotyp.png\",\"contentUrl\":\"https:\/\/spmaskiner.com\/wp-content\/uploads\/2021\/03\/spmaskiner-logotyp.png\",\"width\":350,\"height\":65,\"caption\":\"SP Maskiner\"},\"image\":{\"@id\":\"https:\/\/spmaskiner.com\/pt-br\/#\/schema\/logo\/image\/\"}}]}<\/script>\n<!-- \/ Yoast SEO plugin. -->","yoast_head_json":{"title":"Sobre a empresa - SP Maskiner","robots":{"index":"index","follow":"follow","max-snippet":"max-snippet:-1","max-image-preview":"max-image-preview:large","max-video-preview":"max-video-preview:-1"},"canonical":"https:\/\/spmaskiner.com\/pt-br\/informacoes-corporativas\/sobre-a-empresa\/","og_locale":"pt_BR","og_type":"article","og_title":"Sobre a empresa - SP Maskiner","og_description":"Sobre a empresa A SP Maskiner \u00e9 uma fornecedora l\u00edder mundial de cabe\u00e7as processadoras suecas. Nosso conceito \u00e9 fornecer cabe\u00e7as processadoras que se encaixem em colheitadeiras de todas as marcas e modelos. Portanto, as cabe\u00e7as processadoras da SP Maskiner oferecem mais oportunidades para otimizar o desbastamento e corte. A SP foi fundada em 1978, na [&hellip;]","og_url":"https:\/\/spmaskiner.com\/pt-br\/informacoes-corporativas\/sobre-a-empresa\/","og_site_name":"SP Maskiner","article_modified_time":"2022-06-02T08:40:17+00:00","og_image":[{"width":1920,"height":1000,"url":"https:\/\/spmaskiner.com\/wp-content\/uploads\/2021\/04\/sp661lf-landing-1.jpg","type":"image\/jpeg"}],"twitter_card":"summary_large_image","schema":{"@context":"https:\/\/schema.org","@graph":[{"@type":"WebPage","@id":"https:\/\/spmaskiner.com\/pt-br\/informacoes-corporativas\/sobre-a-empresa\/","url":"https:\/\/spmaskiner.com\/pt-br\/informacoes-corporativas\/sobre-a-empresa\/","name":"Sobre a empresa - SP Maskiner","isPartOf":{"@id":"https:\/\/spmaskiner.com\/pt-br\/#website"},"primaryImageOfPage":{"@id":"https:\/\/spmaskiner.com\/pt-br\/informacoes-corporativas\/sobre-a-empresa\/#primaryimage"},"image":{"@id":"https:\/\/spmaskiner.com\/pt-br\/informacoes-corporativas\/sobre-a-empresa\/#primaryimage"},"thumbnailUrl":"https:\/\/spmaskiner.com\/wp-content\/uploads\/2021\/04\/sp661lf-landing-1-1024x533.jpg","datePublished":"2021-03-25T09:10:29+00:00","dateModified":"2022-06-02T08:40:17+00:00","breadcrumb":{"@id":"https:\/\/spmaskiner.com\/pt-br\/informacoes-corporativas\/sobre-a-empresa\/#breadcrumb"},"inLanguage":"pt-BR","potentialAction":[{"@type":"ReadAction","target":["https:\/\/spmaskiner.com\/pt-br\/informacoes-corporativas\/sobre-a-empresa\/"]}]},{"@type":"ImageObject","inLanguage":"pt-BR","@id":"https:\/\/spmaskiner.com\/pt-br\/informacoes-corporativas\/sobre-a-empresa\/#primaryimage","url":"https:\/\/spmaskiner.com\/wp-content\/uploads\/2021\/04\/sp661lf-landing-1-1024x533.jpg","contentUrl":"https:\/\/spmaskiner.com\/wp-content\/uploads\/2021\/04\/sp661lf-landing-1-1024x533.jpg"},{"@type":"BreadcrumbList","@id":"https:\/\/spmaskiner.com\/pt-br\/informacoes-corporativas\/sobre-a-empresa\/#breadcrumb","itemListElement":[{"@type":"ListItem","position":1,"name":"Home","item":"https:\/\/spmaskiner.com\/pt-br\/"},{"@type":"ListItem","position":2,"name":"Informa\u00e7\u00f5es corporativas","item":"https:\/\/spmaskiner.com\/pt-br\/corporate-information\/"},{"@type":"ListItem","position":3,"name":"Sobre a empresa"}]},{"@type":"WebSite","@id":"https:\/\/spmaskiner.com\/pt-br\/#website","url":"https:\/\/spmaskiner.com\/pt-br\/","name":"SP Maskiner","description":"Always ahead","publisher":{"@id":"https:\/\/spmaskiner.com\/pt-br\/#organization"},"potentialAction":[{"@type":"SearchAction","target":{"@type":"EntryPoint","urlTemplate":"https:\/\/spmaskiner.com\/pt-br\/?s={search_term_string}"},"query-input":{"@type":"PropertyValueSpecification","valueRequired":true,"valueName":"search_term_string"}}],"inLanguage":"pt-BR"},{"@type":"Organization","@id":"https:\/\/spmaskiner.com\/pt-br\/#organization","name":"SP Maskiner","url":"https:\/\/spmaskiner.com\/pt-br\/","logo":{"@type":"ImageObject","inLanguage":"pt-BR","@id":"https:\/\/spmaskiner.com\/pt-br\/#\/schema\/logo\/image\/","url":"https:\/\/spmaskiner.com\/wp-content\/uploads\/2021\/03\/spmaskiner-logotyp.png","contentUrl":"https:\/\/spmaskiner.com\/wp-content\/uploads\/2021\/03\/spmaskiner-logotyp.png","width":350,"height":65,"caption":"SP Maskiner"},"image":{"@id":"https:\/\/spmaskiner.com\/pt-br\/#\/schema\/logo\/image\/"}}]}},"_links":{"self":[{"href":"https:\/\/spmaskiner.com\/pt-br\/wp-json\/wp\/v2\/pages\/8521","targetHints":{"allow":["GET"]}}],"collection":[{"href":"https:\/\/spmaskiner.com\/pt-br\/wp-json\/wp\/v2\/pages"}],"about":[{"href":"https:\/\/spmaskiner.com\/pt-br\/wp-json\/wp\/v2\/types\/page"}],"author":[{"embeddable":true,"href":"https:\/\/spmaskiner.com\/pt-br\/wp-json\/wp\/v2\/users\/1"}],"replies":[{"embeddable":true,"href":"https:\/\/spmaskiner.com\/pt-br\/wp-json\/wp\/v2\/comments?post=8521"}],"version-history":[{"count":1,"href":"https:\/\/spmaskiner.com\/pt-br\/wp-json\/wp\/v2\/pages\/8521\/revisions"}],"predecessor-version":[{"id":8522,"href":"https:\/\/spmaskiner.com\/pt-br\/wp-json\/wp\/v2\/pages\/8521\/revisions\/8522"}],"up":[{"embeddable":true,"href":"https:\/\/spmaskiner.com\/pt-br\/wp-json\/wp\/v2\/pages\/8371"}],"wp:attachment":[{"href":"https:\/\/spmaskiner.com\/pt-br\/wp-json\/wp\/v2\/media?parent=8521"}],"curies":[{"name":"wp","href":"https:\/\/api.w.org\/{rel}","templated":true}]}}