{"id":8536,"date":"2021-07-23T11:28:48","date_gmt":"2021-07-23T09:28:48","guid":{"rendered":"https:\/\/spmaskiner.com\/informacoes-do-site\/"},"modified":"2022-06-02T10:47:28","modified_gmt":"2022-06-02T08:47:28","slug":"informacoes-do-site","status":"publish","type":"page","link":"https:\/\/spmaskiner.com\/pt-br\/informacoes-do-site\/","title":{"rendered":"Informa\u00e7\u00f5es do site"},"content":{"rendered":"\n<h2 class=\"wp-block-heading\" id=\"WEBBLASARE\">Navegadores<\/h2>\n\n<p>Nosso site funciona melhor com as vers\u00f5es mais recentes dos navegadores mais utilizados. Recomendamos um dos seguintes navegadores:<\/p>\n\n<h3 class=\"wp-block-heading\">Windows<\/h3>\n\n<p><a href=\"http:\/\/www.google.com\/chrome\/\" target=\"_blank\" rel=\"noreferrer noopener\">Chrome<\/a>&#13;\n<a href=\"http:\/\/www.microsoft.com\/windows\/internet-explorer\/\" target=\"_blank\" rel=\"noreferrer noopener\">Internet Explorer 9.0<\/a> ou posterior&#13;\n<a href=\"http:\/\/www.mozilla.com\/\" target=\"_blank\" rel=\"noreferrer noopener\">Mozilla Firefox<\/a><\/p>\n\n<h3 class=\"wp-block-heading\">Mac OS<\/h3>\n\n<p><a href=\"http:\/\/www.google.com\/chrome\/\" target=\"_blank\" rel=\"noreferrer noopener\">Chrome<\/a>&#13;\n<a href=\"http:\/\/www.apple.com\/safari\/\" target=\"_blank\" rel=\"noreferrer noopener\">Safari 3.0<\/a> ou posterior&#13;\n<a href=\"http:\/\/www.mozilla.com\/\" target=\"_blank\" rel=\"noreferrer noopener\">Mozilla Firefox<\/a><\/p>\n\n<hr class=\"wp-block-separator\"\/>\n\n<p>Se o site n\u00e3o funcionar, pode ser devido ao bloqueio de JavaScript e\/ou Cookies no seu navegador. Voc\u00ea pode verificar isso da seguinte forma:<\/p>\n\n<ul class=\"wp-block-list\"><li>No Internet Explorer, a op\u00e7\u00e3o Ferramentas\/Op\u00e7\u00f5es da Internet\/Seguran\u00e7a\/N\u00edvel Personalizado\/Script\/Script Ativo deve ser ativada e a caixa de sele\u00e7\u00e3o Ferramentas\/Op\u00e7\u00f5es da Internet\/Privacidade\/Avan\u00e7ado\/Ignorar manipula\u00e7\u00e3o autom\u00e1tica de cookies n\u00e3o deve ser marcada.<\/li><li>No Firefox, as caixas de sele\u00e7\u00e3o Ferramentas\/Op\u00e7\u00f5es\/Privacidade\/Cookies\/Aceitar cookies de sites e Ferramentas\/Op\u00e7\u00f5es\/Conte\u00fado\/Ativar JavaScript devem ser marcadas.<\/li><li>No Safari, voc\u00ea acessa o menu do Safari\/Seguran\u00e7a, marca a caixa de sele\u00e7\u00e3o Ativar JavaScript e seleciona a op\u00e7\u00e3o Sempre \u00e0 direita do t\u00edtulo Aceitar cookies. Poder\u00e1 ser necess\u00e1rio habilitar cookies e JavaScript de maneiras diferentes em outros navegadores, mas as op\u00e7\u00f5es geralmente s\u00e3o encontradas nas configura\u00e7\u00f5es do navegador.<\/li><\/ul>\n\n<hr class=\"wp-block-separator\"\/>\n\n<h2 class=\"wp-block-heading\" id=\"COOKIES\">Cookies<\/h2>\n\n<p>O nosso site utiliza cookies. Um cookie \u00e9 um pequeno arquivo de dados que o site salva no seu computador.<\/p>\n\n<h4 class=\"wp-block-heading\">Os cookies s\u00e3o armazenados temporariamente no seu computador.<\/h4>\n\n<p>N\u00f3s usamos cookies e ID de sess\u00e3o para exibir as p\u00e1ginas corretamente para voc\u00ea. O cookie n\u00e3o ser\u00e1 armazenado no seu computador ap\u00f3s fechar o navegador. Este tipo de cookie \u00e9 utilizado exclusivamente para a comunica\u00e7\u00e3o entre o seu computador e o nosso servidor. Ele n\u00e3o fornece informa\u00e7\u00f5es sobre voc\u00ea como usu\u00e1rio e n\u00e3o permite a transmiss\u00e3o de v\u00edrus para voc\u00ea.<\/p>\n\n<h4 class=\"wp-block-heading\">Voc\u00ea pode desativar os cookies<\/h4>\n\n<p>Se voc\u00ea n\u00e3o aceitar o uso de Cookies, poder\u00e1 alterar as configura\u00e7\u00f5es do seu navegador para n\u00e3o permitir cookies. Entretanto, isso significar\u00e1 que o site n\u00e3o funcionar\u00e1 para voc\u00ea.<\/p>\n\n<hr class=\"wp-block-separator\"\/>\n\n<h2 class=\"wp-block-heading\" id=\"JAVASCRIPT\">Javascript<\/h2>\n\n<p>V\u00e1rios servi\u00e7os do site exigem que o Javascript esteja habilitado para funcionar. Para verificar se o Javascript est\u00e1 habilitado, veja no t\u00edtulo Navegador.<\/p>\n\n<hr class=\"wp-block-separator\"\/>\n\n<h2 class=\"wp-block-heading\" id=\"FARGUPPLOSNING\">Cores e resolu\u00e7\u00e3o<\/h2>\n\n<p>Para exibir as imagens na Galeria de imagens com boa qualidade, a placa de v\u00eddeo do computador deve ser configurada para exibir pelo menos 256 cores, de prefer\u00eancia mais que isso.<\/p>\n\n<p>O site \u00e9 sens\u00edvel, o que significa que ele funciona em diferentes dispositivos e resolu\u00e7\u00f5es.<\/p>\n\n<hr class=\"wp-block-separator\"\/>\n\n<h2 class=\"wp-block-heading\" id=\"NERLADDNING\">Baixar arquivos<\/h2>\n\n<p>Para <strong>abrir um arquivo<\/strong> \u2013 clique no link. Os links de arquivos abrem automaticamente em uma nova janela.<\/p>\n\n<p>Para <strong>salvar um arquivo<\/strong> \u2013 clique com o bot\u00e3o direito do mouse no link e selecione Salvar destino como. Forne\u00e7a um nome de arquivo e escolha o local de salvamento.<\/p>\n\n<h4 class=\"wp-block-heading\">Abrir arquivos PDF<\/h4>\n\n<p>Para abrir arquivos PDF, recomendamos o software <a title=\"Baixar o Acrobat Reader do site da Adobe\" href=\"http:\/\/www.adobe.com\/\" target=\"_blank\" rel=\"noopener\">Acrobat Reader<\/a>, que \u00e9 gratuito.<\/p>\n\n<h4 class=\"wp-block-heading\">Abrir arquivos do Word, Excel e PowerPoint<\/h4>\n\n<p>Se voc\u00ea n\u00e3o tiver um software capaz de ler os formatos de arquivo do <a href=\"https:\/\/www.microsoft.com\/pt-br\/download\/details.aspx?id=4\" target=\"_blank\" rel=\"noopener\">Word<\/a>, <a href=\"https:\/\/www.microsoft.com\/pt-br\/download\/details.aspx?id=10\" target=\"_blank\" rel=\"noopener\">Excel<\/a> ou <a href=\"https:\/\/www.microsoft.com\/pt-br\/download\/details.aspx?id=13\" target=\"_blank\" rel=\"noopener\">PowerPoint<\/a>, poder\u00e1 baixar o Microsoft Viewer gratuitamente.<\/p>\n\n<hr class=\"wp-block-separator\"\/>\n\n<h2 class=\"wp-block-heading\" id=\"SITEMAP\">Mapa do site<\/h2>\n\n<p>Voc\u00ea pode ver o conte\u00fado de cada \u00e1rea no <a title=\"Ir para o mapa do site\" href=\"http:\/\/korr.spmaskiner.com\/pt-br\/sitemap\/\">mapa do site<\/a>.<\/p>\n\n<hr class=\"wp-block-separator\"\/>\n\n<h2 class=\"wp-block-heading\" id=\"KONTAKT\">Contato e suporte<\/h2>\n\n<p>Em caso de problemas t\u00e9cnicos ou d\u00favidas gerais, n\u00e3o hesite em <a title=\"Ir para a p&#xE1;gina de contato\" href=\"http:\/\/korr.spmaskiner.com\/pt-br\/kontakt\/\">entrar em contato conosco<\/a>.<\/p>\n","protected":false},"excerpt":{"rendered":"<p>Navegadores Nosso site funciona melhor com as vers\u00f5es mais recentes dos navegadores mais utilizados. Recomendamos um dos seguintes navegadores: Windows Chrome&#13; Internet Explorer 9.0 ou posterior&#13; Mozilla Firefox Mac OS Chrome&#13; Safari 3.0 ou posterior&#13; Mozilla Firefox Se o site n\u00e3o funcionar, pode ser devido ao bloqueio de JavaScript e\/ou Cookies no seu navegador. Voc\u00ea [&hellip;]<\/p>\n","protected":false},"author":1,"featured_media":0,"parent":0,"menu_order":144,"comment_status":"closed","ping_status":"closed","template":"","meta":{"_acf_changed":false,"site-sidebar-layout":"default","site-content-layout":"default","ast-site-content-layout":"default","site-content-style":"default","site-sidebar-style":"default","ast-global-header-display":"","ast-banner-title-visibility":"","ast-main-header-display":"","ast-hfb-above-header-display":"","ast-hfb-below-header-display":"","ast-hfb-mobile-header-display":"","site-post-title":"","ast-breadcrumbs-content":"","ast-featured-img":"","footer-sml-layout":"","ast-disable-related-posts":"","theme-transparent-header-meta":"default","adv-header-id-meta":"","stick-header-meta":"","header-above-stick-meta":"","header-main-stick-meta":"","header-below-stick-meta":"","astra-migrate-meta-layouts":"default","ast-page-background-enabled":"default","ast-page-background-meta":{"desktop":{"background-color":"","background-image":"","background-repeat":"repeat","background-position":"center center","background-size":"auto","background-attachment":"scroll","background-type":"","background-media":"","overlay-type":"","overlay-color":"","overlay-opacity":"","overlay-gradient":""},"tablet":{"background-color":"","background-image":"","background-repeat":"repeat","background-position":"center center","background-size":"auto","background-attachment":"scroll","background-type":"","background-media":"","overlay-type":"","overlay-color":"","overlay-opacity":"","overlay-gradient":""},"mobile":{"background-color":"","background-image":"","background-repeat":"repeat","background-position":"center center","background-size":"auto","background-attachment":"scroll","background-type":"","background-media":"","overlay-type":"","overlay-color":"","overlay-opacity":"","overlay-gradient":""}},"ast-content-background-meta":{"desktop":{"background-color":"var(--ast-global-color-5)","background-image":"","background-repeat":"repeat","background-position":"center center","background-size":"auto","background-attachment":"scroll","background-type":"","background-media":"","overlay-type":"","overlay-color":"","overlay-opacity":"","overlay-gradient":""},"tablet":{"background-color":"var(--ast-global-color-5)","background-image":"","background-repeat":"repeat","background-position":"center center","background-size":"auto","background-attachment":"scroll","background-type":"","background-media":"","overlay-type":"","overlay-color":"","overlay-opacity":"","overlay-gradient":""},"mobile":{"background-color":"var(--ast-global-color-5)","background-image":"","background-repeat":"repeat","background-position":"center center","background-size":"auto","background-attachment":"scroll","background-type":"","background-media":"","overlay-type":"","overlay-color":"","overlay-opacity":"","overlay-gradient":""}},"footnotes":""},"class_list":["post-8536","page","type-page","status-publish","hentry"],"acf":[],"yoast_head":"<!-- This site is optimized with the Yoast SEO plugin v26.9 - https:\/\/yoast.com\/product\/yoast-seo-wordpress\/ -->\n<title>Informa\u00e7\u00f5es do site - SP Maskiner<\/title>\n<meta name=\"robots\" content=\"index, follow, max-snippet:-1, max-image-preview:large, max-video-preview:-1\" \/>\n<link rel=\"canonical\" href=\"https:\/\/spmaskiner.com\/pt-br\/informacoes-do-site\/\" \/>\n<meta property=\"og:locale\" content=\"pt_BR\" \/>\n<meta property=\"og:type\" content=\"article\" \/>\n<meta property=\"og:title\" content=\"Informa\u00e7\u00f5es do site - SP Maskiner\" \/>\n<meta property=\"og:description\" content=\"Navegadores Nosso site funciona melhor com as vers\u00f5es mais recentes dos navegadores mais utilizados. Recomendamos um dos seguintes navegadores: Windows Chrome&#013; Internet Explorer 9.0 ou posterior&#013; Mozilla Firefox Mac OS Chrome&#013; Safari 3.0 ou posterior&#013; Mozilla Firefox Se o site n\u00e3o funcionar, pode ser devido ao bloqueio de JavaScript e\/ou Cookies no seu navegador. Voc\u00ea [&hellip;]\" \/>\n<meta property=\"og:url\" content=\"https:\/\/spmaskiner.com\/pt-br\/informacoes-do-site\/\" \/>\n<meta property=\"og:site_name\" content=\"SP Maskiner\" \/>\n<meta property=\"article:modified_time\" content=\"2022-06-02T08:47:28+00:00\" \/>\n<meta name=\"twitter:card\" content=\"summary_large_image\" \/>\n<script type=\"application\/ld+json\" class=\"yoast-schema-graph\">{\"@context\":\"https:\/\/schema.org\",\"@graph\":[{\"@type\":\"WebPage\",\"@id\":\"https:\/\/spmaskiner.com\/pt-br\/informacoes-do-site\/\",\"url\":\"https:\/\/spmaskiner.com\/pt-br\/informacoes-do-site\/\",\"name\":\"Informa\u00e7\u00f5es do site - SP Maskiner\",\"isPartOf\":{\"@id\":\"https:\/\/spmaskiner.com\/pt-br\/#website\"},\"datePublished\":\"2021-07-23T09:28:48+00:00\",\"dateModified\":\"2022-06-02T08:47:28+00:00\",\"breadcrumb\":{\"@id\":\"https:\/\/spmaskiner.com\/pt-br\/informacoes-do-site\/#breadcrumb\"},\"inLanguage\":\"pt-BR\",\"potentialAction\":[{\"@type\":\"ReadAction\",\"target\":[\"https:\/\/spmaskiner.com\/pt-br\/informacoes-do-site\/\"]}]},{\"@type\":\"BreadcrumbList\",\"@id\":\"https:\/\/spmaskiner.com\/pt-br\/informacoes-do-site\/#breadcrumb\",\"itemListElement\":[{\"@type\":\"ListItem\",\"position\":1,\"name\":\"Home\",\"item\":\"https:\/\/spmaskiner.com\/pt-br\/\"},{\"@type\":\"ListItem\",\"position\":2,\"name\":\"Informa\u00e7\u00f5es do site\"}]},{\"@type\":\"WebSite\",\"@id\":\"https:\/\/spmaskiner.com\/pt-br\/#website\",\"url\":\"https:\/\/spmaskiner.com\/pt-br\/\",\"name\":\"SP Maskiner\",\"description\":\"Always ahead\",\"publisher\":{\"@id\":\"https:\/\/spmaskiner.com\/pt-br\/#organization\"},\"potentialAction\":[{\"@type\":\"SearchAction\",\"target\":{\"@type\":\"EntryPoint\",\"urlTemplate\":\"https:\/\/spmaskiner.com\/pt-br\/?s={search_term_string}\"},\"query-input\":{\"@type\":\"PropertyValueSpecification\",\"valueRequired\":true,\"valueName\":\"search_term_string\"}}],\"inLanguage\":\"pt-BR\"},{\"@type\":\"Organization\",\"@id\":\"https:\/\/spmaskiner.com\/pt-br\/#organization\",\"name\":\"SP Maskiner\",\"url\":\"https:\/\/spmaskiner.com\/pt-br\/\",\"logo\":{\"@type\":\"ImageObject\",\"inLanguage\":\"pt-BR\",\"@id\":\"https:\/\/spmaskiner.com\/pt-br\/#\/schema\/logo\/image\/\",\"url\":\"https:\/\/spmaskiner.com\/wp-content\/uploads\/2021\/03\/spmaskiner-logotyp.png\",\"contentUrl\":\"https:\/\/spmaskiner.com\/wp-content\/uploads\/2021\/03\/spmaskiner-logotyp.png\",\"width\":350,\"height\":65,\"caption\":\"SP Maskiner\"},\"image\":{\"@id\":\"https:\/\/spmaskiner.com\/pt-br\/#\/schema\/logo\/image\/\"}}]}<\/script>\n<!-- \/ Yoast SEO plugin. -->","yoast_head_json":{"title":"Informa\u00e7\u00f5es do site - SP Maskiner","robots":{"index":"index","follow":"follow","max-snippet":"max-snippet:-1","max-image-preview":"max-image-preview:large","max-video-preview":"max-video-preview:-1"},"canonical":"https:\/\/spmaskiner.com\/pt-br\/informacoes-do-site\/","og_locale":"pt_BR","og_type":"article","og_title":"Informa\u00e7\u00f5es do site - SP Maskiner","og_description":"Navegadores Nosso site funciona melhor com as vers\u00f5es mais recentes dos navegadores mais utilizados. Recomendamos um dos seguintes navegadores: Windows Chrome&#13; Internet Explorer 9.0 ou posterior&#13; Mozilla Firefox Mac OS Chrome&#13; Safari 3.0 ou posterior&#13; Mozilla Firefox Se o site n\u00e3o funcionar, pode ser devido ao bloqueio de JavaScript e\/ou Cookies no seu navegador. Voc\u00ea [&hellip;]","og_url":"https:\/\/spmaskiner.com\/pt-br\/informacoes-do-site\/","og_site_name":"SP Maskiner","article_modified_time":"2022-06-02T08:47:28+00:00","twitter_card":"summary_large_image","schema":{"@context":"https:\/\/schema.org","@graph":[{"@type":"WebPage","@id":"https:\/\/spmaskiner.com\/pt-br\/informacoes-do-site\/","url":"https:\/\/spmaskiner.com\/pt-br\/informacoes-do-site\/","name":"Informa\u00e7\u00f5es do site - SP Maskiner","isPartOf":{"@id":"https:\/\/spmaskiner.com\/pt-br\/#website"},"datePublished":"2021-07-23T09:28:48+00:00","dateModified":"2022-06-02T08:47:28+00:00","breadcrumb":{"@id":"https:\/\/spmaskiner.com\/pt-br\/informacoes-do-site\/#breadcrumb"},"inLanguage":"pt-BR","potentialAction":[{"@type":"ReadAction","target":["https:\/\/spmaskiner.com\/pt-br\/informacoes-do-site\/"]}]},{"@type":"BreadcrumbList","@id":"https:\/\/spmaskiner.com\/pt-br\/informacoes-do-site\/#breadcrumb","itemListElement":[{"@type":"ListItem","position":1,"name":"Home","item":"https:\/\/spmaskiner.com\/pt-br\/"},{"@type":"ListItem","position":2,"name":"Informa\u00e7\u00f5es do site"}]},{"@type":"WebSite","@id":"https:\/\/spmaskiner.com\/pt-br\/#website","url":"https:\/\/spmaskiner.com\/pt-br\/","name":"SP Maskiner","description":"Always ahead","publisher":{"@id":"https:\/\/spmaskiner.com\/pt-br\/#organization"},"potentialAction":[{"@type":"SearchAction","target":{"@type":"EntryPoint","urlTemplate":"https:\/\/spmaskiner.com\/pt-br\/?s={search_term_string}"},"query-input":{"@type":"PropertyValueSpecification","valueRequired":true,"valueName":"search_term_string"}}],"inLanguage":"pt-BR"},{"@type":"Organization","@id":"https:\/\/spmaskiner.com\/pt-br\/#organization","name":"SP Maskiner","url":"https:\/\/spmaskiner.com\/pt-br\/","logo":{"@type":"ImageObject","inLanguage":"pt-BR","@id":"https:\/\/spmaskiner.com\/pt-br\/#\/schema\/logo\/image\/","url":"https:\/\/spmaskiner.com\/wp-content\/uploads\/2021\/03\/spmaskiner-logotyp.png","contentUrl":"https:\/\/spmaskiner.com\/wp-content\/uploads\/2021\/03\/spmaskiner-logotyp.png","width":350,"height":65,"caption":"SP Maskiner"},"image":{"@id":"https:\/\/spmaskiner.com\/pt-br\/#\/schema\/logo\/image\/"}}]}},"_links":{"self":[{"href":"https:\/\/spmaskiner.com\/pt-br\/wp-json\/wp\/v2\/pages\/8536","targetHints":{"allow":["GET"]}}],"collection":[{"href":"https:\/\/spmaskiner.com\/pt-br\/wp-json\/wp\/v2\/pages"}],"about":[{"href":"https:\/\/spmaskiner.com\/pt-br\/wp-json\/wp\/v2\/types\/page"}],"author":[{"embeddable":true,"href":"https:\/\/spmaskiner.com\/pt-br\/wp-json\/wp\/v2\/users\/1"}],"replies":[{"embeddable":true,"href":"https:\/\/spmaskiner.com\/pt-br\/wp-json\/wp\/v2\/comments?post=8536"}],"version-history":[{"count":1,"href":"https:\/\/spmaskiner.com\/pt-br\/wp-json\/wp\/v2\/pages\/8536\/revisions"}],"predecessor-version":[{"id":8537,"href":"https:\/\/spmaskiner.com\/pt-br\/wp-json\/wp\/v2\/pages\/8536\/revisions\/8537"}],"wp:attachment":[{"href":"https:\/\/spmaskiner.com\/pt-br\/wp-json\/wp\/v2\/media?parent=8536"}],"curies":[{"name":"wp","href":"https:\/\/api.w.org\/{rel}","templated":true}]}}