{"id":9488,"date":"2022-06-21T09:14:48","date_gmt":"2022-06-21T07:14:48","guid":{"rendered":"https:\/\/spmaskiner.com\/cabecas-processadoras\/simulador-sp\/"},"modified":"2022-06-21T13:43:38","modified_gmt":"2022-06-21T11:43:38","slug":"simulador-sp","status":"publish","type":"page","link":"https:\/\/spmaskiner.com\/pt-br\/cabecas-processadoras\/simulador-sp\/","title":{"rendered":"Simulador SP"},"content":{"rendered":"\n<p><strong>\u2013 A solu\u00e7\u00e3o para uma silvicultura mais eficiente<\/strong><\/p>\n\n\n\n<p>Voc\u00ea acabou de come\u00e7ar sua jornada para se tornar um operador de m\u00e1quina florestal? Ou talvez voc\u00ea seja um operador experiente com v\u00e1rios anos de experi\u00eancia em colheita e silvicultura? De qualquer forma, o simulador da SP \u00e9 a ferramenta que levar\u00e1 voc\u00ea e suas habilidades a um n\u00edvel superior.<\/p>\n\n\n\n<p><a href=\"https:\/\/spmaskiner.com\/wp-content\/uploads\/2022\/06\/SP_Simulator-brochure_PT-web.pdf\" target=\"_blank\" rel=\"noreferrer noopener\">Folheto, SP Simulator:<\/a><\/p>\n\n\n\n<figure class=\"wp-block-image size-full is-resized\"><a href=\"https:\/\/spmaskiner.com\/wp-content\/uploads\/2022\/06\/SP_Simulator-brochure_PT-web.pdf\" target=\"_blank\" rel=\"noreferrer noopener\"><img loading=\"lazy\" decoding=\"async\" src=\"https:\/\/spmaskiner.com\/wp-content\/uploads\/2022\/06\/SP_Simulator-brochure_PT-sid1.jpg\" alt=\"\" class=\"wp-image-9414\" width=\"298\" height=\"298\" srcset=\"https:\/\/spmaskiner.com\/wp-content\/uploads\/2022\/06\/SP_Simulator-brochure_PT-sid1.jpg 595w, https:\/\/spmaskiner.com\/wp-content\/uploads\/2022\/06\/SP_Simulator-brochure_PT-sid1-300x300.jpg 300w, https:\/\/spmaskiner.com\/wp-content\/uploads\/2022\/06\/SP_Simulator-brochure_PT-sid1-150x150.jpg 150w\" sizes=\"auto, (max-width: 298px) 100vw, 298px\" \/><\/a><\/figure>\n","protected":false},"excerpt":{"rendered":"<p>\u2013 A solu\u00e7\u00e3o para uma silvicultura mais eficiente Voc\u00ea acabou de come\u00e7ar sua jornada para se tornar um operador de m\u00e1quina florestal? Ou talvez voc\u00ea seja um operador experiente com v\u00e1rios anos de experi\u00eancia em colheita e silvicultura? De qualquer forma, o simulador da SP \u00e9 a ferramenta que levar\u00e1 voc\u00ea e suas habilidades a [&hellip;]<\/p>\n","protected":false},"author":1,"featured_media":0,"parent":8373,"menu_order":210,"comment_status":"closed","ping_status":"closed","template":"","meta":{"_acf_changed":false,"site-sidebar-layout":"default","site-content-layout":"","ast-site-content-layout":"default","site-content-style":"default","site-sidebar-style":"default","ast-global-header-display":"","ast-banner-title-visibility":"","ast-main-header-display":"","ast-hfb-above-header-display":"","ast-hfb-below-header-display":"","ast-hfb-mobile-header-display":"","site-post-title":"","ast-breadcrumbs-content":"","ast-featured-img":"","footer-sml-layout":"","ast-disable-related-posts":"","theme-transparent-header-meta":"","adv-header-id-meta":"","stick-header-meta":"","header-above-stick-meta":"","header-main-stick-meta":"","header-below-stick-meta":"","astra-migrate-meta-layouts":"default","ast-page-background-enabled":"default","ast-page-background-meta":{"desktop":{"background-color":"","background-image":"","background-repeat":"repeat","background-position":"center center","background-size":"auto","background-attachment":"scroll","background-type":"","background-media":"","overlay-type":"","overlay-color":"","overlay-opacity":"","overlay-gradient":""},"tablet":{"background-color":"","background-image":"","background-repeat":"repeat","background-position":"center center","background-size":"auto","background-attachment":"scroll","background-type":"","background-media":"","overlay-type":"","overlay-color":"","overlay-opacity":"","overlay-gradient":""},"mobile":{"background-color":"","background-image":"","background-repeat":"repeat","background-position":"center center","background-size":"auto","background-attachment":"scroll","background-type":"","background-media":"","overlay-type":"","overlay-color":"","overlay-opacity":"","overlay-gradient":""}},"ast-content-background-meta":{"desktop":{"background-color":"var(--ast-global-color-5)","background-image":"","background-repeat":"repeat","background-position":"center center","background-size":"auto","background-attachment":"scroll","background-type":"","background-media":"","overlay-type":"","overlay-color":"","overlay-opacity":"","overlay-gradient":""},"tablet":{"background-color":"var(--ast-global-color-5)","background-image":"","background-repeat":"repeat","background-position":"center center","background-size":"auto","background-attachment":"scroll","background-type":"","background-media":"","overlay-type":"","overlay-color":"","overlay-opacity":"","overlay-gradient":""},"mobile":{"background-color":"var(--ast-global-color-5)","background-image":"","background-repeat":"repeat","background-position":"center center","background-size":"auto","background-attachment":"scroll","background-type":"","background-media":"","overlay-type":"","overlay-color":"","overlay-opacity":"","overlay-gradient":""}},"footnotes":""},"class_list":["post-9488","page","type-page","status-publish","hentry"],"acf":[],"yoast_head":"<!-- This site is optimized with the Yoast SEO plugin v26.9 - https:\/\/yoast.com\/product\/yoast-seo-wordpress\/ -->\n<title>Simulador SP - SP Maskiner<\/title>\n<meta name=\"robots\" content=\"index, follow, max-snippet:-1, max-image-preview:large, max-video-preview:-1\" \/>\n<link rel=\"canonical\" href=\"https:\/\/spmaskiner.com\/pt-br\/cabecas-processadoras\/simulador-sp\/\" \/>\n<meta property=\"og:locale\" content=\"pt_BR\" \/>\n<meta property=\"og:type\" content=\"article\" \/>\n<meta property=\"og:title\" content=\"Simulador SP - SP Maskiner\" \/>\n<meta property=\"og:description\" content=\"\u2013 A solu\u00e7\u00e3o para uma silvicultura mais eficiente Voc\u00ea acabou de come\u00e7ar sua jornada para se tornar um operador de m\u00e1quina florestal? Ou talvez voc\u00ea seja um operador experiente com v\u00e1rios anos de experi\u00eancia em colheita e silvicultura? De qualquer forma, o simulador da SP \u00e9 a ferramenta que levar\u00e1 voc\u00ea e suas habilidades a [&hellip;]\" \/>\n<meta property=\"og:url\" content=\"https:\/\/spmaskiner.com\/pt-br\/cabecas-processadoras\/simulador-sp\/\" \/>\n<meta property=\"og:site_name\" content=\"SP Maskiner\" \/>\n<meta property=\"article:modified_time\" content=\"2022-06-21T11:43:38+00:00\" \/>\n<meta property=\"og:image\" content=\"https:\/\/spmaskiner.com\/wp-content\/uploads\/2022\/06\/SP_Simulator-brochure_PT-sid1.jpg\" \/>\n\t<meta property=\"og:image:width\" content=\"595\" \/>\n\t<meta property=\"og:image:height\" content=\"595\" \/>\n\t<meta property=\"og:image:type\" content=\"image\/jpeg\" \/>\n<meta name=\"twitter:card\" content=\"summary_large_image\" \/>\n<script type=\"application\/ld+json\" class=\"yoast-schema-graph\">{\"@context\":\"https:\/\/schema.org\",\"@graph\":[{\"@type\":\"WebPage\",\"@id\":\"https:\/\/spmaskiner.com\/pt-br\/cabecas-processadoras\/simulador-sp\/\",\"url\":\"https:\/\/spmaskiner.com\/pt-br\/cabecas-processadoras\/simulador-sp\/\",\"name\":\"Simulador SP - SP Maskiner\",\"isPartOf\":{\"@id\":\"https:\/\/spmaskiner.com\/pt-br\/#website\"},\"primaryImageOfPage\":{\"@id\":\"https:\/\/spmaskiner.com\/pt-br\/cabecas-processadoras\/simulador-sp\/#primaryimage\"},\"image\":{\"@id\":\"https:\/\/spmaskiner.com\/pt-br\/cabecas-processadoras\/simulador-sp\/#primaryimage\"},\"thumbnailUrl\":\"https:\/\/spmaskiner.com\/wp-content\/uploads\/2022\/06\/SP_Simulator-brochure_PT-sid1.jpg\",\"datePublished\":\"2022-06-21T07:14:48+00:00\",\"dateModified\":\"2022-06-21T11:43:38+00:00\",\"breadcrumb\":{\"@id\":\"https:\/\/spmaskiner.com\/pt-br\/cabecas-processadoras\/simulador-sp\/#breadcrumb\"},\"inLanguage\":\"pt-BR\",\"potentialAction\":[{\"@type\":\"ReadAction\",\"target\":[\"https:\/\/spmaskiner.com\/pt-br\/cabecas-processadoras\/simulador-sp\/\"]}]},{\"@type\":\"ImageObject\",\"inLanguage\":\"pt-BR\",\"@id\":\"https:\/\/spmaskiner.com\/pt-br\/cabecas-processadoras\/simulador-sp\/#primaryimage\",\"url\":\"https:\/\/spmaskiner.com\/wp-content\/uploads\/2022\/06\/SP_Simulator-brochure_PT-sid1.jpg\",\"contentUrl\":\"https:\/\/spmaskiner.com\/wp-content\/uploads\/2022\/06\/SP_Simulator-brochure_PT-sid1.jpg\"},{\"@type\":\"BreadcrumbList\",\"@id\":\"https:\/\/spmaskiner.com\/pt-br\/cabecas-processadoras\/simulador-sp\/#breadcrumb\",\"itemListElement\":[{\"@type\":\"ListItem\",\"position\":1,\"name\":\"Home\",\"item\":\"https:\/\/spmaskiner.com\/pt-br\/\"},{\"@type\":\"ListItem\",\"position\":2,\"name\":\"Cabe\u00e7as processadoras\",\"item\":\"https:\/\/spmaskiner.com\/pt-br\/cabecas-processadoras\/\"},{\"@type\":\"ListItem\",\"position\":3,\"name\":\"Simulador SP\"}]},{\"@type\":\"WebSite\",\"@id\":\"https:\/\/spmaskiner.com\/pt-br\/#website\",\"url\":\"https:\/\/spmaskiner.com\/pt-br\/\",\"name\":\"SP Maskiner\",\"description\":\"Always ahead\",\"publisher\":{\"@id\":\"https:\/\/spmaskiner.com\/pt-br\/#organization\"},\"potentialAction\":[{\"@type\":\"SearchAction\",\"target\":{\"@type\":\"EntryPoint\",\"urlTemplate\":\"https:\/\/spmaskiner.com\/pt-br\/?s={search_term_string}\"},\"query-input\":{\"@type\":\"PropertyValueSpecification\",\"valueRequired\":true,\"valueName\":\"search_term_string\"}}],\"inLanguage\":\"pt-BR\"},{\"@type\":\"Organization\",\"@id\":\"https:\/\/spmaskiner.com\/pt-br\/#organization\",\"name\":\"SP Maskiner\",\"url\":\"https:\/\/spmaskiner.com\/pt-br\/\",\"logo\":{\"@type\":\"ImageObject\",\"inLanguage\":\"pt-BR\",\"@id\":\"https:\/\/spmaskiner.com\/pt-br\/#\/schema\/logo\/image\/\",\"url\":\"https:\/\/spmaskiner.com\/wp-content\/uploads\/2021\/03\/spmaskiner-logotyp.png\",\"contentUrl\":\"https:\/\/spmaskiner.com\/wp-content\/uploads\/2021\/03\/spmaskiner-logotyp.png\",\"width\":350,\"height\":65,\"caption\":\"SP Maskiner\"},\"image\":{\"@id\":\"https:\/\/spmaskiner.com\/pt-br\/#\/schema\/logo\/image\/\"}}]}<\/script>\n<!-- \/ Yoast SEO plugin. -->","yoast_head_json":{"title":"Simulador SP - SP Maskiner","robots":{"index":"index","follow":"follow","max-snippet":"max-snippet:-1","max-image-preview":"max-image-preview:large","max-video-preview":"max-video-preview:-1"},"canonical":"https:\/\/spmaskiner.com\/pt-br\/cabecas-processadoras\/simulador-sp\/","og_locale":"pt_BR","og_type":"article","og_title":"Simulador SP - SP Maskiner","og_description":"\u2013 A solu\u00e7\u00e3o para uma silvicultura mais eficiente Voc\u00ea acabou de come\u00e7ar sua jornada para se tornar um operador de m\u00e1quina florestal? Ou talvez voc\u00ea seja um operador experiente com v\u00e1rios anos de experi\u00eancia em colheita e silvicultura? De qualquer forma, o simulador da SP \u00e9 a ferramenta que levar\u00e1 voc\u00ea e suas habilidades a [&hellip;]","og_url":"https:\/\/spmaskiner.com\/pt-br\/cabecas-processadoras\/simulador-sp\/","og_site_name":"SP Maskiner","article_modified_time":"2022-06-21T11:43:38+00:00","og_image":[{"width":595,"height":595,"url":"https:\/\/spmaskiner.com\/wp-content\/uploads\/2022\/06\/SP_Simulator-brochure_PT-sid1.jpg","type":"image\/jpeg"}],"twitter_card":"summary_large_image","schema":{"@context":"https:\/\/schema.org","@graph":[{"@type":"WebPage","@id":"https:\/\/spmaskiner.com\/pt-br\/cabecas-processadoras\/simulador-sp\/","url":"https:\/\/spmaskiner.com\/pt-br\/cabecas-processadoras\/simulador-sp\/","name":"Simulador SP - SP Maskiner","isPartOf":{"@id":"https:\/\/spmaskiner.com\/pt-br\/#website"},"primaryImageOfPage":{"@id":"https:\/\/spmaskiner.com\/pt-br\/cabecas-processadoras\/simulador-sp\/#primaryimage"},"image":{"@id":"https:\/\/spmaskiner.com\/pt-br\/cabecas-processadoras\/simulador-sp\/#primaryimage"},"thumbnailUrl":"https:\/\/spmaskiner.com\/wp-content\/uploads\/2022\/06\/SP_Simulator-brochure_PT-sid1.jpg","datePublished":"2022-06-21T07:14:48+00:00","dateModified":"2022-06-21T11:43:38+00:00","breadcrumb":{"@id":"https:\/\/spmaskiner.com\/pt-br\/cabecas-processadoras\/simulador-sp\/#breadcrumb"},"inLanguage":"pt-BR","potentialAction":[{"@type":"ReadAction","target":["https:\/\/spmaskiner.com\/pt-br\/cabecas-processadoras\/simulador-sp\/"]}]},{"@type":"ImageObject","inLanguage":"pt-BR","@id":"https:\/\/spmaskiner.com\/pt-br\/cabecas-processadoras\/simulador-sp\/#primaryimage","url":"https:\/\/spmaskiner.com\/wp-content\/uploads\/2022\/06\/SP_Simulator-brochure_PT-sid1.jpg","contentUrl":"https:\/\/spmaskiner.com\/wp-content\/uploads\/2022\/06\/SP_Simulator-brochure_PT-sid1.jpg"},{"@type":"BreadcrumbList","@id":"https:\/\/spmaskiner.com\/pt-br\/cabecas-processadoras\/simulador-sp\/#breadcrumb","itemListElement":[{"@type":"ListItem","position":1,"name":"Home","item":"https:\/\/spmaskiner.com\/pt-br\/"},{"@type":"ListItem","position":2,"name":"Cabe\u00e7as processadoras","item":"https:\/\/spmaskiner.com\/pt-br\/cabecas-processadoras\/"},{"@type":"ListItem","position":3,"name":"Simulador SP"}]},{"@type":"WebSite","@id":"https:\/\/spmaskiner.com\/pt-br\/#website","url":"https:\/\/spmaskiner.com\/pt-br\/","name":"SP Maskiner","description":"Always ahead","publisher":{"@id":"https:\/\/spmaskiner.com\/pt-br\/#organization"},"potentialAction":[{"@type":"SearchAction","target":{"@type":"EntryPoint","urlTemplate":"https:\/\/spmaskiner.com\/pt-br\/?s={search_term_string}"},"query-input":{"@type":"PropertyValueSpecification","valueRequired":true,"valueName":"search_term_string"}}],"inLanguage":"pt-BR"},{"@type":"Organization","@id":"https:\/\/spmaskiner.com\/pt-br\/#organization","name":"SP Maskiner","url":"https:\/\/spmaskiner.com\/pt-br\/","logo":{"@type":"ImageObject","inLanguage":"pt-BR","@id":"https:\/\/spmaskiner.com\/pt-br\/#\/schema\/logo\/image\/","url":"https:\/\/spmaskiner.com\/wp-content\/uploads\/2021\/03\/spmaskiner-logotyp.png","contentUrl":"https:\/\/spmaskiner.com\/wp-content\/uploads\/2021\/03\/spmaskiner-logotyp.png","width":350,"height":65,"caption":"SP Maskiner"},"image":{"@id":"https:\/\/spmaskiner.com\/pt-br\/#\/schema\/logo\/image\/"}}]}},"_links":{"self":[{"href":"https:\/\/spmaskiner.com\/pt-br\/wp-json\/wp\/v2\/pages\/9488","targetHints":{"allow":["GET"]}}],"collection":[{"href":"https:\/\/spmaskiner.com\/pt-br\/wp-json\/wp\/v2\/pages"}],"about":[{"href":"https:\/\/spmaskiner.com\/pt-br\/wp-json\/wp\/v2\/types\/page"}],"author":[{"embeddable":true,"href":"https:\/\/spmaskiner.com\/pt-br\/wp-json\/wp\/v2\/users\/1"}],"replies":[{"embeddable":true,"href":"https:\/\/spmaskiner.com\/pt-br\/wp-json\/wp\/v2\/comments?post=9488"}],"version-history":[{"count":4,"href":"https:\/\/spmaskiner.com\/pt-br\/wp-json\/wp\/v2\/pages\/9488\/revisions"}],"predecessor-version":[{"id":9510,"href":"https:\/\/spmaskiner.com\/pt-br\/wp-json\/wp\/v2\/pages\/9488\/revisions\/9510"}],"up":[{"embeddable":true,"href":"https:\/\/spmaskiner.com\/pt-br\/wp-json\/wp\/v2\/pages\/8373"}],"wp:attachment":[{"href":"https:\/\/spmaskiner.com\/pt-br\/wp-json\/wp\/v2\/media?parent=9488"}],"curies":[{"name":"wp","href":"https:\/\/api.w.org\/{rel}","templated":true}]}}