{"id":10955,"date":"2025-06-02T16:30:26","date_gmt":"2025-06-02T14:30:26","guid":{"rendered":"https:\/\/spmaskiner.com\/?page_id=10955"},"modified":"2025-08-28T10:05:00","modified_gmt":"2025-08-28T08:05:00","slug":"tekniska-data","status":"publish","type":"page","link":"https:\/\/spmaskiner.com\/sv\/skordaraggregat\/skordaraggregat-lf\/skordaraggregat-sp-661-lf-lite\/tekniska-data\/","title":{"rendered":"Tekniska data"},"content":{"rendered":"\t\t<div data-elementor-type=\"wp-page\" data-elementor-id=\"10955\" class=\"elementor elementor-10955\" data-elementor-post-type=\"page\">\n\t\t\t\t\t\t<section class=\"elementor-section elementor-top-section elementor-element elementor-element-57b8d95 elementor-section-height-min-height elementor-section-items-top elementor-section-boxed elementor-section-height-default\" data-id=\"57b8d95\" data-element_type=\"section\" data-e-type=\"section\" data-settings=\"{&quot;background_background&quot;:&quot;classic&quot;}\">\n\t\t\t\t\t\t<div class=\"elementor-container elementor-column-gap-default\">\n\t\t\t\t\t<div class=\"elementor-column elementor-col-50 elementor-top-column elementor-element elementor-element-6a511eee\" data-id=\"6a511eee\" data-element_type=\"column\" data-e-type=\"column\" data-settings=\"{&quot;background_background&quot;:&quot;classic&quot;}\">\n\t\t\t<div class=\"elementor-widget-wrap elementor-element-populated\">\n\t\t\t\t\t\t<div class=\"elementor-element elementor-element-a379c31 elementor-widget__width-auto elementor-widget elementor-widget-heading\" data-id=\"a379c31\" data-element_type=\"widget\" data-e-type=\"widget\" data-widget_type=\"heading.default\">\n\t\t\t\t<div class=\"elementor-widget-container\">\n\t\t\t\t\t<h2 class=\"elementor-heading-title elementor-size-default\">NYHET! SP 661 LF Lite<\/h2>\t\t\t\t<\/div>\n\t\t\t\t<\/div>\n\t\t\t\t\t<\/div>\n\t\t<\/div>\n\t\t\t\t<div class=\"elementor-column elementor-col-50 elementor-top-column elementor-element elementor-element-12a28660\" data-id=\"12a28660\" data-element_type=\"column\" data-e-type=\"column\" data-settings=\"{&quot;background_background&quot;:&quot;classic&quot;}\">\n\t\t\t<div class=\"elementor-widget-wrap\">\n\t\t\t\t\t\t\t<\/div>\n\t\t<\/div>\n\t\t\t\t\t<\/div>\n\t\t<\/section>\n\t\t\t\t<section class=\"elementor-section elementor-top-section elementor-element elementor-element-1acf06d0 elementor-section-full_width elementor-section-height-default elementor-section-height-default\" data-id=\"1acf06d0\" data-element_type=\"section\" data-e-type=\"section\">\n\t\t\t\t\t\t<div class=\"elementor-container elementor-column-gap-default\">\n\t\t\t\t\t<div class=\"elementor-column elementor-col-100 elementor-top-column elementor-element elementor-element-4902ca21\" data-id=\"4902ca21\" data-element_type=\"column\" data-e-type=\"column\">\n\t\t\t<div class=\"elementor-widget-wrap elementor-element-populated\">\n\t\t\t\t\t\t<div class=\"elementor-element elementor-element-7b2f583 elementor-nav-menu__align-center elementor-nav-menu--dropdown-mobile elementor-nav-menu__text-align-aside elementor-nav-menu--toggle elementor-nav-menu--burger elementor-widget elementor-widget-nav-menu\" data-id=\"7b2f583\" data-element_type=\"widget\" data-e-type=\"widget\" id=\"product-menu\" data-settings=\"{&quot;layout&quot;:&quot;horizontal&quot;,&quot;submenu_icon&quot;:{&quot;value&quot;:&quot;&lt;i class=\\&quot;fas fa-caret-down\\&quot; aria-hidden=\\&quot;true\\&quot;&gt;&lt;\\\/i&gt;&quot;,&quot;library&quot;:&quot;fa-solid&quot;},&quot;toggle&quot;:&quot;burger&quot;}\" data-widget_type=\"nav-menu.default\">\n\t\t\t\t<div class=\"elementor-widget-container\">\n\t\t\t\t\t\t\t\t<nav aria-label=\"Meny\" class=\"elementor-nav-menu--main elementor-nav-menu__container elementor-nav-menu--layout-horizontal e--pointer-background e--animation-fade\">\n\t\t\t\t<ul id=\"menu-1-7b2f583\" class=\"elementor-nav-menu\"><li class=\"menu-item menu-item-type-post_type menu-item-object-page menu-item-11065\"><a href=\"https:\/\/spmaskiner.com\/sv\/skordaraggregat\/skordaraggregat-lf\/skordaraggregat-sp-661-lf-lite\/\" class=\"elementor-item menu-link\">Produktinformation<\/a><\/li>\n<li class=\"menu-item menu-item-type-post_type menu-item-object-page menu-item-11066\"><a href=\"https:\/\/spmaskiner.com\/sv\/skordaraggregat\/skordaraggregat-lf\/skordaraggregat-sp-661-lf-lite\/tekniska-data\/\" class=\"elementor-item menu-link\">Tekniska data<\/a><\/li>\n<li class=\"menu-item menu-item-type-post_type menu-item-object-page menu-item-11514\"><a href=\"https:\/\/spmaskiner.com\/sv\/skordaraggregat\/skordaraggregat-lf\/skordaraggregat-sp-661-lf-lite\/kundfordelar\/\" class=\"elementor-item menu-link\">Kundf\u00f6rdelar<\/a><\/li>\n<li class=\"menu-item menu-item-type-post_type menu-item-object-page menu-item-11515\"><a href=\"https:\/\/spmaskiner.com\/sv\/skordaraggregat\/skordaraggregat-lf\/skordaraggregat-sp-661-lf-lite\/styr-och-matsystem\/\" class=\"elementor-item menu-link\">Styr \u2013 och m\u00e4tsystem<\/a><\/li>\n<li class=\"menu-item menu-item-type-post_type menu-item-object-page menu-item-11516\"><a href=\"https:\/\/spmaskiner.com\/sv\/skordaraggregat\/skordaraggregat-lf\/skordaraggregat-sp-661-lf-lite\/tillbehor-utrustning\/\" class=\"elementor-item menu-link\">Tillbeh\u00f6r &#038; utrustning<\/a><\/li>\n<\/ul>\t\t\t<\/nav>\n\t\t\t\t\t<div class=\"elementor-menu-toggle\" role=\"button\" tabindex=\"0\" aria-label=\"Sl\u00e5 p\u00e5\/av meny\" aria-expanded=\"false\">\n\t\t\t<i aria-hidden=\"true\" role=\"presentation\" class=\"elementor-menu-toggle__icon--open eicon-menu-bar\"><\/i><i aria-hidden=\"true\" role=\"presentation\" class=\"elementor-menu-toggle__icon--close eicon-close\"><\/i>\t\t<\/div>\n\t\t\t\t\t<nav class=\"elementor-nav-menu--dropdown elementor-nav-menu__container\" aria-hidden=\"true\">\n\t\t\t\t<ul id=\"menu-2-7b2f583\" class=\"elementor-nav-menu\"><li class=\"menu-item menu-item-type-post_type menu-item-object-page menu-item-11065\"><a href=\"https:\/\/spmaskiner.com\/sv\/skordaraggregat\/skordaraggregat-lf\/skordaraggregat-sp-661-lf-lite\/\" class=\"elementor-item menu-link\" tabindex=\"-1\">Produktinformation<\/a><\/li>\n<li class=\"menu-item menu-item-type-post_type menu-item-object-page menu-item-11066\"><a href=\"https:\/\/spmaskiner.com\/sv\/skordaraggregat\/skordaraggregat-lf\/skordaraggregat-sp-661-lf-lite\/tekniska-data\/\" class=\"elementor-item menu-link\" tabindex=\"-1\">Tekniska data<\/a><\/li>\n<li class=\"menu-item menu-item-type-post_type menu-item-object-page menu-item-11514\"><a href=\"https:\/\/spmaskiner.com\/sv\/skordaraggregat\/skordaraggregat-lf\/skordaraggregat-sp-661-lf-lite\/kundfordelar\/\" class=\"elementor-item menu-link\" tabindex=\"-1\">Kundf\u00f6rdelar<\/a><\/li>\n<li class=\"menu-item menu-item-type-post_type menu-item-object-page menu-item-11515\"><a href=\"https:\/\/spmaskiner.com\/sv\/skordaraggregat\/skordaraggregat-lf\/skordaraggregat-sp-661-lf-lite\/styr-och-matsystem\/\" class=\"elementor-item menu-link\" tabindex=\"-1\">Styr \u2013 och m\u00e4tsystem<\/a><\/li>\n<li class=\"menu-item menu-item-type-post_type menu-item-object-page menu-item-11516\"><a href=\"https:\/\/spmaskiner.com\/sv\/skordaraggregat\/skordaraggregat-lf\/skordaraggregat-sp-661-lf-lite\/tillbehor-utrustning\/\" class=\"elementor-item menu-link\" tabindex=\"-1\">Tillbeh\u00f6r &#038; utrustning<\/a><\/li>\n<\/ul>\t\t\t<\/nav>\n\t\t\t\t\t\t<\/div>\n\t\t\t\t<\/div>\n\t\t\t\t\t<\/div>\n\t\t<\/div>\n\t\t\t\t\t<\/div>\n\t\t<\/section>\n\t\t\t\t<section class=\"elementor-section elementor-top-section elementor-element elementor-element-5192a99e elementor-section-boxed elementor-section-height-default elementor-section-height-default\" data-id=\"5192a99e\" data-element_type=\"section\" data-e-type=\"section\">\n\t\t\t\t\t\t<div class=\"elementor-container elementor-column-gap-default\">\n\t\t\t\t\t<div class=\"elementor-column elementor-col-100 elementor-top-column elementor-element elementor-element-511b7df5\" data-id=\"511b7df5\" data-element_type=\"column\" data-e-type=\"column\">\n\t\t\t<div class=\"elementor-widget-wrap elementor-element-populated\">\n\t\t\t\t\t\t<div class=\"elementor-element elementor-element-2d36d1ca elementor-widget elementor-widget-heading\" data-id=\"2d36d1ca\" data-element_type=\"widget\" data-e-type=\"widget\" data-widget_type=\"heading.default\">\n\t\t\t\t<div class=\"elementor-widget-container\">\n\t\t\t\t\t<h1 class=\"elementor-heading-title elementor-size-default\">Sk\u00f6rdaraggregat SP 661 LF LITE - Tekniska Data<\/h1>\t\t\t\t<\/div>\n\t\t\t\t<\/div>\n\t\t\t\t<div class=\"elementor-element elementor-element-665dd063 elementor-widget elementor-widget-text-editor\" data-id=\"665dd063\" data-element_type=\"widget\" data-e-type=\"widget\" data-widget_type=\"text-editor.default\">\n\t\t\t\t<div class=\"elementor-widget-container\">\n\t\t\t\t\t\t\t\t\t<p>L\u00e4r dig mer om tekniken bakom v\u00e5ra enskilda aggregat. H\u00e4r hittar du allt fr\u00e5n information om kapning och kvistning till vikt och dimensioner.<\/p>\t\t\t\t\t\t\t\t<\/div>\n\t\t\t\t<\/div>\n\t\t\t\t<div class=\"elementor-element elementor-element-1b801d0 tech-data elementor-widget elementor-widget-text-editor\" data-id=\"1b801d0\" data-element_type=\"widget\" data-e-type=\"widget\" data-widget_type=\"text-editor.default\">\n\t\t\t\t<div class=\"elementor-widget-container\">\n\t\t\t\t\t\t\t\t\t<div><h4>Hydraulik<\/h4><table><thead><\/thead><tbody><tr><td width=\"30%\">Min. oljefl\u00f6de:<\/td><td width=\"70%\">200 l\/min<\/td><td>\u00a0<\/td><td>\u00a0<\/td><\/tr><tr><td>Rek. arbetstryck:<\/td><td>26-30 MPa<\/td><td>\u00a0<\/td><td>\u00a0<\/td><\/tr><\/tbody><\/table><\/div><div><h4>Matning<\/h4><table><thead><\/thead><tbody><tr><td colspan=\"4\">Proportionellt hjulkl\u00e4mstryck mot stamdiameter, individuell inst\u00e4llning per tr\u00e4dslag f\u00f6r optimal prestanda.<\/td><\/tr><tr><td width=\"30%\">Hjulmotorer:<\/td><td width=\"70%\">613-920cc<\/td><td>\u00a0<\/td><td>\u00a0<\/td><\/tr><tr><td width=\"30%\">Flerhastighetsmatning:<\/td><td width=\"70%\">613-920 cc<\/td><td>\u00a0<\/td><td>\u00a0<\/td><\/tr><tr><td>Max. vals\u00f6ppning:<\/td><td>630 mm<\/td><td>\u00a0<\/td><td>\u00a0<\/td><\/tr><tr><td>Matningshastighet:<\/td><td>0 -7 m\/s\u00a0<\/td><td>\u00a0<\/td><td>\u00a0<\/td><\/tr><tr><td>Matningskraft:<\/td><td>38 kN<\/td><td>\u00a0<\/td><td>\u00a0<\/td><\/tr><tr><td>Proportionella tryck:<\/td><td>Ja<\/td><td>\u00a0<\/td><td>\u00a0<\/td><\/tr><\/tbody><\/table><p>* Beroende p\u00e5 hjulmotoralternativ<\/p><\/div><div><h4>Kapning<\/h4><table><thead><\/thead><tbody><tr><td colspan=\"4\">SuperCut 150 \u00e4r en mycket kraftfull enhet med integrerad kedjesm\u00f6rjning och hydraulisk str\u00e4ckning av kedjan. I kombination med SP\u00b4s QuickCut optimeras kaptiden och risken f\u00f6r kapsprickor minimeras.<\/td><\/tr><tr><td width=\"30%\">Kapdiameter standard:<\/td><td width=\"70%\">700 mm<\/td><td>\u00a0<\/td><td>\u00a0<\/td><\/tr><tr><td>Kapdiameter option EC s\u00e5gl\u00e5da:<\/td><td>810 mm<\/td><td>\u00a0<\/td><td>\u00a0<\/td><\/tr><tr><td>Kedjehastighet:<\/td><td>40 m\/s<\/td><td>\u00a0<\/td><td>\u00a0<\/td><\/tr><tr><td>S\u00e5gmotor:<\/td><td>32 cc<\/td><td>\u00a0<\/td><td>\u00a0<\/td><\/tr><tr><td>S\u00e5genhet:<\/td><td>SuperCut 150<\/td><td>\u00a0<\/td><td>\u00a0<\/td><\/tr><tr><td>QuickCut:<\/td><td>Ja<\/td><td>\u00a0<\/td><td>\u00a0<\/td><\/tr><\/tbody><\/table><p><span style=\"font-size: 1.3em;\">Kvistning<\/span><\/p><\/div><div><table><thead><\/thead><tbody><tr><td colspan=\"4\">Avkvistningsknivar med proportionaltryck. Individuell inst\u00e4llning per tr\u00e4dslag f\u00f6r optimal prestanda.<\/td><\/tr><tr><td width=\"30%\">R\u00f6rliga knivar:<\/td><td width=\"70%\">4<\/td><td>\u00a0<\/td><td>\u00a0<\/td><\/tr><tr><td>Fasta knivar:<\/td><td>1<\/td><td>\u00a0<\/td><td>\u00a0<\/td><\/tr><tr><td>Kvistningsdiameter spets-spets:<\/td><td>510 mm<\/td><td>\u00a0<\/td><td>\u00a0<\/td><\/tr><tr><td>Min. kvistdiameter:<\/td><td>30 mm<\/td><td>\u00a0<\/td><td>\u00a0<\/td><\/tr><tr><td>Proportionella tryck:<\/td><td>Ja<\/td><td>\u00a0<\/td><td>\u00a0<\/td><\/tr><tr><td>LogHold:<\/td><td>Ja<\/td><td>\u00a0<\/td><td>\u00a0<\/td><\/tr><\/tbody><\/table><\/div><div><h4>Vikt och dimensioner<\/h4><table><thead><\/thead><tbody><tr><td colspan=\"4\">Trots sin kapacitet att hantera grov skog passar SP 661 LF tack vara sina kompakta m\u00e5tt till mer \u00e4n bara grov slutavverknig.<\/td><\/tr><tr><td width=\"30%\">Bredd st\u00e4ngt:<\/td><td width=\"70%\">1360 mm<\/td><td>\u00a0<\/td><td>\u00a0<\/td><\/tr><tr><td>Bredd \u00f6ppet:<\/td><td>1820 mm<\/td><td>\u00a0<\/td><td>\u00a0<\/td><\/tr><tr><td>H\u00f6jd, exkl tiltram:<\/td><td>1730 mm<\/td><td>\u00a0<\/td><td>\u00a0<\/td><\/tr><tr><td>Vikt, exkl. rotator:<\/td><td>1395 kg<\/td><td>\u00a0<\/td><td>\u00a0<\/td><\/tr><tr><td>\u00a0<\/td><td>\u00a0<\/td><td>\u00a0<\/td><td>\u00a0<\/td><\/tr><\/tbody><\/table><\/div><h3>Rekommendationer<\/h3><div><h4>Basmaskiner<\/h4><p>SP 661 LF Lite \u00e4r ett utm\u00e4rkt val f\u00f6r installationer p\u00e5 s\u00e5v\u00e4l hjulburna basmaskiner som p\u00e5 gr\u00e4vmaskiner och bandg\u00e5ende skogsmaskiner.<\/p><table><thead><\/thead><tbody><tr><td width=\"30%\">Rek. stamdiameter (DBH) f\u00f6r h\u00f6gsta produktivitet*:<\/td><td width=\"70%\">160 &#8211; 510 mm<\/td><\/tr><tr><td colspan=\"2\">* Diameter br\u00f6sth\u00f6jd, m\u00e4ts 1,3m upp p\u00e5 stammen.<\/td><\/tr><\/tbody><\/table><\/div><p>Vi f\u00f6rbeh\u00e5ller oss r\u00e4tten att \u00e4ndra i specifikationer och utf\u00f6rande. Avbildade sk\u00f6rdaraggregat kan ha viss extrautrustning. Alla angivna m\u00e5tt\/v\u00e4rden \u00e4r ca uppgifter och avser standardutrustning.<\/p>\t\t\t\t\t\t\t\t<\/div>\n\t\t\t\t<\/div>\n\t\t\t\t\t<\/div>\n\t\t<\/div>\n\t\t\t\t\t<\/div>\n\t\t<\/section>\n\t\t\t\t<\/div>\n\t\t","protected":false},"excerpt":{"rendered":"<p>NYHET! SP 661 LF Lite Sk\u00f6rdaraggregat SP 661 LF LITE &#8211; Tekniska Data L\u00e4r dig mer om tekniken bakom v\u00e5ra enskilda aggregat. H\u00e4r hittar du allt fr\u00e5n information om kapning och kvistning till vikt och dimensioner. Hydraulik Min. oljefl\u00f6de: 200 l\/min \u00a0 \u00a0 Rek. arbetstryck: 26-30 MPa \u00a0 \u00a0 Matning Proportionellt hjulkl\u00e4mstryck mot stamdiameter, individuell [&hellip;]<\/p>\n","protected":false},"author":3,"featured_media":0,"parent":10803,"menu_order":7,"comment_status":"closed","ping_status":"closed","template":"elementor_header_footer","meta":{"_acf_changed":false,"site-sidebar-layout":"no-sidebar","site-content-layout":"page-builder","ast-site-content-layout":"full-width-container","site-content-style":"unboxed","site-sidebar-style":"unboxed","ast-global-header-display":"","ast-banner-title-visibility":"","ast-main-header-display":"","ast-hfb-above-header-display":"","ast-hfb-below-header-display":"","ast-hfb-mobile-header-display":"","site-post-title":"disabled","ast-breadcrumbs-content":"","ast-featured-img":"disabled","footer-sml-layout":"","ast-disable-related-posts":"","theme-transparent-header-meta":"default","adv-header-id-meta":"","stick-header-meta":"","header-above-stick-meta":"","header-main-stick-meta":"","header-below-stick-meta":"","astra-migrate-meta-layouts":"set","ast-page-background-enabled":"default","ast-page-background-meta":{"desktop":{"background-color":"","background-image":"","background-repeat":"repeat","background-position":"center center","background-size":"auto","background-attachment":"scroll","background-type":"","background-media":"","overlay-type":"","overlay-color":"","overlay-opacity":"","overlay-gradient":""},"tablet":{"background-color":"","background-image":"","background-repeat":"repeat","background-position":"center center","background-size":"auto","background-attachment":"scroll","background-type":"","background-media":"","overlay-type":"","overlay-color":"","overlay-opacity":"","overlay-gradient":""},"mobile":{"background-color":"","background-image":"","background-repeat":"repeat","background-position":"center center","background-size":"auto","background-attachment":"scroll","background-type":"","background-media":"","overlay-type":"","overlay-color":"","overlay-opacity":"","overlay-gradient":""}},"ast-content-background-meta":{"desktop":{"background-color":"var(--ast-global-color-5)","background-image":"","background-repeat":"repeat","background-position":"center center","background-size":"auto","background-attachment":"scroll","background-type":"","background-media":"","overlay-type":"","overlay-color":"","overlay-opacity":"","overlay-gradient":""},"tablet":{"background-color":"var(--ast-global-color-5)","background-image":"","background-repeat":"repeat","background-position":"center center","background-size":"auto","background-attachment":"scroll","background-type":"","background-media":"","overlay-type":"","overlay-color":"","overlay-opacity":"","overlay-gradient":""},"mobile":{"background-color":"var(--ast-global-color-5)","background-image":"","background-repeat":"repeat","background-position":"center center","background-size":"auto","background-attachment":"scroll","background-type":"","background-media":"","overlay-type":"","overlay-color":"","overlay-opacity":"","overlay-gradient":""}},"footnotes":""},"class_list":["post-10955","page","type-page","status-publish","hentry"],"acf":[],"yoast_head":"<!-- This site is optimized with the Yoast SEO plugin v26.9 - https:\/\/yoast.com\/product\/yoast-seo-wordpress\/ -->\n<title>Tekniska data - SP Maskiner<\/title>\n<meta name=\"robots\" content=\"index, follow, max-snippet:-1, max-image-preview:large, max-video-preview:-1\" \/>\n<link rel=\"canonical\" href=\"https:\/\/spmaskiner.com\/sv\/skordaraggregat\/skordaraggregat-lf\/skordaraggregat-sp-661-lf-lite\/tekniska-data\/\" \/>\n<meta property=\"og:locale\" content=\"sv_SE\" \/>\n<meta property=\"og:type\" content=\"article\" \/>\n<meta property=\"og:title\" content=\"Tekniska data - SP Maskiner\" \/>\n<meta property=\"og:description\" content=\"NYHET! SP 661 LF Lite Sk\u00f6rdaraggregat SP 661 LF LITE &#8211; Tekniska Data L\u00e4r dig mer om tekniken bakom v\u00e5ra enskilda aggregat. H\u00e4r hittar du allt fr\u00e5n information om kapning och kvistning till vikt och dimensioner. Hydraulik Min. oljefl\u00f6de: 200 l\/min \u00a0 \u00a0 Rek. arbetstryck: 26-30 MPa \u00a0 \u00a0 Matning Proportionellt hjulkl\u00e4mstryck mot stamdiameter, individuell [&hellip;]\" \/>\n<meta property=\"og:url\" content=\"https:\/\/spmaskiner.com\/sv\/skordaraggregat\/skordaraggregat-lf\/skordaraggregat-sp-661-lf-lite\/tekniska-data\/\" \/>\n<meta property=\"og:site_name\" content=\"SP Maskiner\" \/>\n<meta property=\"article:modified_time\" content=\"2025-08-28T08:05:00+00:00\" \/>\n<meta name=\"twitter:card\" content=\"summary_large_image\" \/>\n<script type=\"application\/ld+json\" class=\"yoast-schema-graph\">{\"@context\":\"https:\/\/schema.org\",\"@graph\":[{\"@type\":\"WebPage\",\"@id\":\"https:\/\/spmaskiner.com\/sv\/skordaraggregat\/skordaraggregat-lf\/skordaraggregat-sp-661-lf-lite\/tekniska-data\/\",\"url\":\"https:\/\/spmaskiner.com\/sv\/skordaraggregat\/skordaraggregat-lf\/skordaraggregat-sp-661-lf-lite\/tekniska-data\/\",\"name\":\"Tekniska data - SP Maskiner\",\"isPartOf\":{\"@id\":\"https:\/\/spmaskiner.com\/sv\/#website\"},\"datePublished\":\"2025-06-02T14:30:26+00:00\",\"dateModified\":\"2025-08-28T08:05:00+00:00\",\"breadcrumb\":{\"@id\":\"https:\/\/spmaskiner.com\/sv\/skordaraggregat\/skordaraggregat-lf\/skordaraggregat-sp-661-lf-lite\/tekniska-data\/#breadcrumb\"},\"inLanguage\":\"sv-SE\",\"potentialAction\":[{\"@type\":\"ReadAction\",\"target\":[\"https:\/\/spmaskiner.com\/sv\/skordaraggregat\/skordaraggregat-lf\/skordaraggregat-sp-661-lf-lite\/tekniska-data\/\"]}]},{\"@type\":\"BreadcrumbList\",\"@id\":\"https:\/\/spmaskiner.com\/sv\/skordaraggregat\/skordaraggregat-lf\/skordaraggregat-sp-661-lf-lite\/tekniska-data\/#breadcrumb\",\"itemListElement\":[{\"@type\":\"ListItem\",\"position\":1,\"name\":\"Home\",\"item\":\"https:\/\/spmaskiner.com\/sv\/\"},{\"@type\":\"ListItem\",\"position\":2,\"name\":\"Sk\u00f6rdaraggregat\",\"item\":\"https:\/\/spmaskiner.com\/sv\/skordaraggregat\/\"},{\"@type\":\"ListItem\",\"position\":3,\"name\":\"Sk\u00f6rdaraggregat LF\",\"item\":\"https:\/\/spmaskiner.com\/sv\/skordaraggregat\/skordaraggregat-lf\/\"},{\"@type\":\"ListItem\",\"position\":4,\"name\":\"Sk\u00f6rdaraggregat SP 661 LF Lite\",\"item\":\"https:\/\/spmaskiner.com\/sv\/skordaraggregat\/skordaraggregat-lf\/skordaraggregat-sp-661-lf-lite\/\"},{\"@type\":\"ListItem\",\"position\":5,\"name\":\"Tekniska data\"}]},{\"@type\":\"WebSite\",\"@id\":\"https:\/\/spmaskiner.com\/sv\/#website\",\"url\":\"https:\/\/spmaskiner.com\/sv\/\",\"name\":\"SP Maskiner\",\"description\":\"Always ahead\",\"publisher\":{\"@id\":\"https:\/\/spmaskiner.com\/sv\/#organization\"},\"potentialAction\":[{\"@type\":\"SearchAction\",\"target\":{\"@type\":\"EntryPoint\",\"urlTemplate\":\"https:\/\/spmaskiner.com\/sv\/?s={search_term_string}\"},\"query-input\":{\"@type\":\"PropertyValueSpecification\",\"valueRequired\":true,\"valueName\":\"search_term_string\"}}],\"inLanguage\":\"sv-SE\"},{\"@type\":\"Organization\",\"@id\":\"https:\/\/spmaskiner.com\/sv\/#organization\",\"name\":\"SP Maskiner\",\"url\":\"https:\/\/spmaskiner.com\/sv\/\",\"logo\":{\"@type\":\"ImageObject\",\"inLanguage\":\"sv-SE\",\"@id\":\"https:\/\/spmaskiner.com\/sv\/#\/schema\/logo\/image\/\",\"url\":\"https:\/\/spmaskiner.com\/wp-content\/uploads\/2021\/03\/spmaskiner-logotyp.png\",\"contentUrl\":\"https:\/\/spmaskiner.com\/wp-content\/uploads\/2021\/03\/spmaskiner-logotyp.png\",\"width\":350,\"height\":65,\"caption\":\"SP Maskiner\"},\"image\":{\"@id\":\"https:\/\/spmaskiner.com\/sv\/#\/schema\/logo\/image\/\"}}]}<\/script>\n<!-- \/ Yoast SEO plugin. -->","yoast_head_json":{"title":"Tekniska data - SP Maskiner","robots":{"index":"index","follow":"follow","max-snippet":"max-snippet:-1","max-image-preview":"max-image-preview:large","max-video-preview":"max-video-preview:-1"},"canonical":"https:\/\/spmaskiner.com\/sv\/skordaraggregat\/skordaraggregat-lf\/skordaraggregat-sp-661-lf-lite\/tekniska-data\/","og_locale":"sv_SE","og_type":"article","og_title":"Tekniska data - SP Maskiner","og_description":"NYHET! SP 661 LF Lite Sk\u00f6rdaraggregat SP 661 LF LITE &#8211; Tekniska Data L\u00e4r dig mer om tekniken bakom v\u00e5ra enskilda aggregat. H\u00e4r hittar du allt fr\u00e5n information om kapning och kvistning till vikt och dimensioner. Hydraulik Min. oljefl\u00f6de: 200 l\/min \u00a0 \u00a0 Rek. arbetstryck: 26-30 MPa \u00a0 \u00a0 Matning Proportionellt hjulkl\u00e4mstryck mot stamdiameter, individuell [&hellip;]","og_url":"https:\/\/spmaskiner.com\/sv\/skordaraggregat\/skordaraggregat-lf\/skordaraggregat-sp-661-lf-lite\/tekniska-data\/","og_site_name":"SP Maskiner","article_modified_time":"2025-08-28T08:05:00+00:00","twitter_card":"summary_large_image","schema":{"@context":"https:\/\/schema.org","@graph":[{"@type":"WebPage","@id":"https:\/\/spmaskiner.com\/sv\/skordaraggregat\/skordaraggregat-lf\/skordaraggregat-sp-661-lf-lite\/tekniska-data\/","url":"https:\/\/spmaskiner.com\/sv\/skordaraggregat\/skordaraggregat-lf\/skordaraggregat-sp-661-lf-lite\/tekniska-data\/","name":"Tekniska data - SP Maskiner","isPartOf":{"@id":"https:\/\/spmaskiner.com\/sv\/#website"},"datePublished":"2025-06-02T14:30:26+00:00","dateModified":"2025-08-28T08:05:00+00:00","breadcrumb":{"@id":"https:\/\/spmaskiner.com\/sv\/skordaraggregat\/skordaraggregat-lf\/skordaraggregat-sp-661-lf-lite\/tekniska-data\/#breadcrumb"},"inLanguage":"sv-SE","potentialAction":[{"@type":"ReadAction","target":["https:\/\/spmaskiner.com\/sv\/skordaraggregat\/skordaraggregat-lf\/skordaraggregat-sp-661-lf-lite\/tekniska-data\/"]}]},{"@type":"BreadcrumbList","@id":"https:\/\/spmaskiner.com\/sv\/skordaraggregat\/skordaraggregat-lf\/skordaraggregat-sp-661-lf-lite\/tekniska-data\/#breadcrumb","itemListElement":[{"@type":"ListItem","position":1,"name":"Home","item":"https:\/\/spmaskiner.com\/sv\/"},{"@type":"ListItem","position":2,"name":"Sk\u00f6rdaraggregat","item":"https:\/\/spmaskiner.com\/sv\/skordaraggregat\/"},{"@type":"ListItem","position":3,"name":"Sk\u00f6rdaraggregat LF","item":"https:\/\/spmaskiner.com\/sv\/skordaraggregat\/skordaraggregat-lf\/"},{"@type":"ListItem","position":4,"name":"Sk\u00f6rdaraggregat SP 661 LF Lite","item":"https:\/\/spmaskiner.com\/sv\/skordaraggregat\/skordaraggregat-lf\/skordaraggregat-sp-661-lf-lite\/"},{"@type":"ListItem","position":5,"name":"Tekniska data"}]},{"@type":"WebSite","@id":"https:\/\/spmaskiner.com\/sv\/#website","url":"https:\/\/spmaskiner.com\/sv\/","name":"SP Maskiner","description":"Always ahead","publisher":{"@id":"https:\/\/spmaskiner.com\/sv\/#organization"},"potentialAction":[{"@type":"SearchAction","target":{"@type":"EntryPoint","urlTemplate":"https:\/\/spmaskiner.com\/sv\/?s={search_term_string}"},"query-input":{"@type":"PropertyValueSpecification","valueRequired":true,"valueName":"search_term_string"}}],"inLanguage":"sv-SE"},{"@type":"Organization","@id":"https:\/\/spmaskiner.com\/sv\/#organization","name":"SP Maskiner","url":"https:\/\/spmaskiner.com\/sv\/","logo":{"@type":"ImageObject","inLanguage":"sv-SE","@id":"https:\/\/spmaskiner.com\/sv\/#\/schema\/logo\/image\/","url":"https:\/\/spmaskiner.com\/wp-content\/uploads\/2021\/03\/spmaskiner-logotyp.png","contentUrl":"https:\/\/spmaskiner.com\/wp-content\/uploads\/2021\/03\/spmaskiner-logotyp.png","width":350,"height":65,"caption":"SP Maskiner"},"image":{"@id":"https:\/\/spmaskiner.com\/sv\/#\/schema\/logo\/image\/"}}]}},"_links":{"self":[{"href":"https:\/\/spmaskiner.com\/sv\/wp-json\/wp\/v2\/pages\/10955","targetHints":{"allow":["GET"]}}],"collection":[{"href":"https:\/\/spmaskiner.com\/sv\/wp-json\/wp\/v2\/pages"}],"about":[{"href":"https:\/\/spmaskiner.com\/sv\/wp-json\/wp\/v2\/types\/page"}],"author":[{"embeddable":true,"href":"https:\/\/spmaskiner.com\/sv\/wp-json\/wp\/v2\/users\/3"}],"replies":[{"embeddable":true,"href":"https:\/\/spmaskiner.com\/sv\/wp-json\/wp\/v2\/comments?post=10955"}],"version-history":[{"count":13,"href":"https:\/\/spmaskiner.com\/sv\/wp-json\/wp\/v2\/pages\/10955\/revisions"}],"predecessor-version":[{"id":11804,"href":"https:\/\/spmaskiner.com\/sv\/wp-json\/wp\/v2\/pages\/10955\/revisions\/11804"}],"up":[{"embeddable":true,"href":"https:\/\/spmaskiner.com\/sv\/wp-json\/wp\/v2\/pages\/10803"}],"wp:attachment":[{"href":"https:\/\/spmaskiner.com\/sv\/wp-json\/wp\/v2\/media?parent=10955"}],"curies":[{"name":"wp","href":"https:\/\/api.w.org\/{rel}","templated":true}]}}