{"id":12866,"date":"2025-12-09T15:57:59","date_gmt":"2025-12-09T14:57:59","guid":{"rendered":"https:\/\/spmaskiner.com\/fdm\/"},"modified":"2026-03-27T08:28:23","modified_gmt":"2026-03-27T07:28:23","slug":"fdm","status":"publish","type":"page","link":"https:\/\/spmaskiner.com\/sv\/fdm\/","title":{"rendered":"FDM"},"content":{"rendered":"\t\t<div data-elementor-type=\"wp-page\" data-elementor-id=\"12866\" class=\"elementor elementor-12866 elementor-12407\" data-elementor-post-type=\"page\">\n\t\t\t\t\t\t<section class=\"elementor-section elementor-top-section elementor-element elementor-element-8b25fb7 elementor-section-boxed elementor-section-height-default elementor-section-height-default\" data-id=\"8b25fb7\" data-element_type=\"section\" data-e-type=\"section\">\n\t\t\t\t\t\t<div class=\"elementor-container elementor-column-gap-default\">\n\t\t\t\t\t<div class=\"elementor-column elementor-col-100 elementor-top-column elementor-element elementor-element-ad8f1fb\" data-id=\"ad8f1fb\" data-element_type=\"column\" data-e-type=\"column\">\n\t\t\t<div class=\"elementor-widget-wrap elementor-element-populated\">\n\t\t\t\t\t\t<div class=\"elementor-element elementor-element-fb98c5a elementor-widget elementor-widget-image\" data-id=\"fb98c5a\" data-element_type=\"widget\" data-e-type=\"widget\" data-widget_type=\"image.default\">\n\t\t\t\t<div class=\"elementor-widget-container\">\n\t\t\t\t\t\t\t\t\t\t\t\t\t\t\t<img loading=\"lazy\" decoding=\"async\" width=\"600\" height=\"300\" src=\"https:\/\/spmaskiner.com\/wp-content\/uploads\/2026\/02\/LVideoFDM-1.png\" class=\"attachment-large size-large wp-image-12864\" alt=\"\" srcset=\"https:\/\/spmaskiner.com\/wp-content\/uploads\/2026\/02\/LVideoFDM-1.png 600w, https:\/\/spmaskiner.com\/wp-content\/uploads\/2026\/02\/LVideoFDM-1-300x150.png 300w\" sizes=\"auto, (max-width: 600px) 100vw, 600px\" \/>\t\t\t\t\t\t\t\t\t\t\t\t\t\t\t<\/div>\n\t\t\t\t<\/div>\n\t\t\t\t\t<\/div>\n\t\t<\/div>\n\t\t\t\t\t<\/div>\n\t\t<\/section>\n\t\t\t\t<section class=\"elementor-section elementor-top-section elementor-element elementor-element-7cc51ef elementor-section-boxed elementor-section-height-default elementor-section-height-default\" data-id=\"7cc51ef\" data-element_type=\"section\" data-e-type=\"section\">\n\t\t\t\t\t\t<div class=\"elementor-container elementor-column-gap-default\">\n\t\t\t\t\t<div class=\"elementor-column elementor-col-100 elementor-top-column elementor-element elementor-element-7f91b17\" data-id=\"7f91b17\" data-element_type=\"column\" data-e-type=\"column\">\n\t\t\t<div class=\"elementor-widget-wrap elementor-element-populated\">\n\t\t\t\t\t\t<div class=\"elementor-element elementor-element-d6b5375 elementor-widget elementor-widget-heading\" data-id=\"d6b5375\" data-element_type=\"widget\" data-e-type=\"widget\" data-widget_type=\"heading.default\">\n\t\t\t\t<div class=\"elementor-widget-container\">\n\t\t\t\t\t<h1 class=\"elementor-heading-title elementor-size-default\">Flytande DiameterM\u00e4tning - FDM<\/h1>\t\t\t\t<\/div>\n\t\t\t\t<\/div>\n\t\t\t\t\t<\/div>\n\t\t<\/div>\n\t\t\t\t\t<\/div>\n\t\t<\/section>\n\t\t\t\t<section class=\"elementor-section elementor-top-section elementor-element elementor-element-49942ca elementor-section-boxed elementor-section-height-default elementor-section-height-default\" data-id=\"49942ca\" data-element_type=\"section\" data-e-type=\"section\">\n\t\t\t\t\t\t<div class=\"elementor-container elementor-column-gap-default\">\n\t\t\t\t\t<div class=\"elementor-column elementor-col-50 elementor-top-column elementor-element elementor-element-6a24a45\" data-id=\"6a24a45\" data-element_type=\"column\" data-e-type=\"column\">\n\t\t\t<div class=\"elementor-widget-wrap elementor-element-populated\">\n\t\t\t\t\t\t<div class=\"elementor-element elementor-element-44a1ebe elementor-widget elementor-widget-text-editor\" data-id=\"44a1ebe\" data-element_type=\"widget\" data-e-type=\"widget\" data-widget_type=\"text-editor.default\">\n\t\t\t\t<div class=\"elementor-widget-container\">\n\t\t\t\t\t\t\t\t\t<h2><strong>K\u00f6r snabbare. M\u00e4t exaktare. Maximera v\u00e4rdet i varje tr\u00e4d.\u00a0<\/strong><\/h2>\n<p><\/p>\n<div><strong>SP\u00a0Maskiners\u00a0FDM<\/strong> (flytande diameterm\u00e4tning)\u00a0\u00e4r ett tekniskt genombrott som s\u00e4tter en ny niv\u00e5\u00a0f\u00f6r diameterm\u00e4tning i skogsbruket. Den patenterade FDM-l\u00f6sningen ger samma h\u00f6ga m\u00e4tningsprecision oavsett matningshastighet, vilket g\u00f6r att du kan arbeta b\u00e5de snabbare och skonsammare och utan att kompromissa med resultatet.<\/div>\n<p><\/p>\n<div><\/div>\n<p><\/p>\n<div>Med FDM beh\u00f6ver du aldrig mer pressa stammen mot chassit f\u00f6r att uppn\u00e5 en tillf\u00f6rlitlig diameterm\u00e4tning. Du kan hela tiden arbeta med l\u00e5ga tryck p\u00e5 kvistknivar och matarhjul, n\u00e5got som m\u00f6jligg\u00f6r s\u00e5v\u00e4l h\u00f6g matningshastighet, l\u00e5g br\u00e4nslef\u00f6rbrukning, minskade stamskador och ett h\u00f6gre virkesv\u00e4rde.<\/div>\n<p><\/p>\n<div><\/div>\n<p><\/p>\n<h3><strong>Teknik som g\u00f6r skillnad \u2013 s\u00e5 fungerar det<\/strong><\/h3>\n<p>Den patenterade tekniken kombinerar\u00a0SP\u2019s egenutvecklade mjukvara med en ny FDM-givare, som placerats i den r\u00f6rliga toppkniven och utg\u00f6r nollpunkten f\u00f6r diameterm\u00e4tning. Nollpunkten f\u00f6r m\u00e4tning flyttas allts\u00e5, fr\u00e5n ramen till den r\u00f6rliga toppkniven, d\u00e4r den hela tiden f\u00f6ljer stammen position. Tillsammans med givarna i kvistknivarna skickar sedan den nya FDM-givaren hela tiden m\u00e4tdata till mjukvaran, d\u00e4r den processas blixtsnabbt genom avancerade algoritmer som genererar maximal noggrannhet i diameterm\u00e4tningen \u2013 varje g\u00e5ng.<\/p>\n<h3><strong>Upplev skillnaden i produktion och kvalitet<\/strong><\/h3>\n<p>Tack vare den nya tekniken beh\u00f6ver du aldrig pressa stammen mot ramen utan kan arbeta med l\u00e5ga tryck p\u00e5 kvistknivarna och h\u00e5lla full produktion hela tiden.\u00a0 Det inneb\u00e4r ocks\u00e5 att du minimerar friktionen mot stammen och p\u00e5 s\u00e5 vis minskar stamskador och d\u00e4rmed h\u00f6jer virkesv\u00e4rdet markant. Det h\u00e4r \u00e4r en l\u00f6sning utvecklad f\u00f6r dagens h\u00f6ga produktionstakt, och f\u00f6r framtidens krav p\u00e5 effektivitet, br\u00e4nsleekonomi och resurshush\u00e5llning.<\/p>\n<p><strong>FDM ger dig:\u00a0<\/strong><\/p>\n<ul>\n<li>H\u00f6g m\u00e4tnoggrannhet\u00a0\u00e4ven n\u00e4r produktionen g\u00e5r som snabbast.<\/li>\n<li>L\u00e4gre br\u00e4nslef\u00f6rbrukning\u00a0tack vare att du kan k\u00f6ra med l\u00e4gre tryck.<\/li>\n<li>H\u00f6gre produktivitet\u00a0tack vare minskat motst\u00e5nd och m\u00f6jligheten att arbeta vid l\u00e4gre tryck.<\/li>\n<li>F\u00e4rre stamskador, vilket h\u00f6jer virkesv\u00e4rdet.<\/li>\n<\/ul>\n<p>&nbsp;<\/p>\n<h3><strong>FDM-tekniken &#8211; f\u00f6r dig som kr\u00e4ver precision<\/strong><\/h3>\n<p>Flytande Diameter M\u00e4tning \u00e4r mer \u00e4n en f\u00f6rb\u00e4ttring. Det \u00e4r en ny niv\u00e5 av m\u00e4tprecision som g\u00f6r att du kan arbeta snabbare, skonsammare och med full tillit till varje m\u00e4tv\u00e4rde.<\/p>\n<h3><strong>Tillg\u00e4nglighet<\/strong><\/h3>\n<p>FDM kan v\u00e4ljas som tillval p\u00e5 b\u00e5de nya och befintliga aggregat. Befintliga aggregat beh\u00f6ver vara utrustade med r\u00f6rlig toppkniv i grundutf\u00f6rande och fungerar tillsammans med Dasa 7 H60\/H70:<\/p>\n<p>FDM kommer fr\u00e5n b\u00f6rjan att finnas tillg\u00e4ngligt p\u00e5 f\u00f6ljande aggregatmodeller:<\/p>\n<ul>\n<li><strong>SP 561LF<\/strong><\/li>\n<li><strong>SP 661LF<\/strong><\/li>\n<li><strong>SP 661LF<\/strong> Lite<\/li>\n<\/ul>\n<p><\/p>\n<div><strong>Vill du veta mer? Kontakta din \u00e5terf\u00f6rs\u00e4ljare eller anv\u00e4nd formul\u00e4ret h\u00e4r nedan\u00a0<\/strong><\/div>\n\t\t\t\t\t\t\t\t<\/div>\n\t\t\t\t<\/div>\n\t\t\t\t\t<\/div>\n\t\t<\/div>\n\t\t\t\t<div class=\"elementor-column elementor-col-50 elementor-top-column elementor-element elementor-element-a95c171\" data-id=\"a95c171\" data-element_type=\"column\" data-e-type=\"column\">\n\t\t\t<div class=\"elementor-widget-wrap elementor-element-populated\">\n\t\t\t\t\t\t<div class=\"elementor-element elementor-element-4501d78 elementor-widget elementor-widget-image\" data-id=\"4501d78\" data-element_type=\"widget\" data-e-type=\"widget\" data-widget_type=\"image.default\">\n\t\t\t\t<div class=\"elementor-widget-container\">\n\t\t\t\t\t\t\t\t\t\t\t\t<figure class=\"wp-caption\">\n\t\t\t\t\t\t\t\t\t\t<img loading=\"lazy\" decoding=\"async\" width=\"940\" height=\"788\" src=\"https:\/\/spmaskiner.com\/wp-content\/uploads\/2026\/02\/Titel-8.png\" class=\"attachment-large size-large wp-image-12865\" alt=\"\" srcset=\"https:\/\/spmaskiner.com\/wp-content\/uploads\/2026\/02\/Titel-8.png 940w, https:\/\/spmaskiner.com\/wp-content\/uploads\/2026\/02\/Titel-8-300x251.png 300w, https:\/\/spmaskiner.com\/wp-content\/uploads\/2026\/02\/Titel-8-768x644.png 768w\" sizes=\"auto, (max-width: 940px) 100vw, 940px\" \/>\t\t\t\t\t\t\t\t\t\t\t<figcaption class=\"widget-image-caption wp-caption-text\">De tre givarna varav den nya FDM-givaren i toppen<\/figcaption>\n\t\t\t\t\t\t\t\t\t\t<\/figure>\n\t\t\t\t\t\t\t\t\t<\/div>\n\t\t\t\t<\/div>\n\t\t\t\t\t<\/div>\n\t\t<\/div>\n\t\t\t\t\t<\/div>\n\t\t<\/section>\n\t\t\t\t<section class=\"elementor-section elementor-top-section elementor-element elementor-element-b1398ff elementor-section-boxed elementor-section-height-default elementor-section-height-default\" data-id=\"b1398ff\" data-element_type=\"section\" data-e-type=\"section\">\n\t\t\t\t\t\t<div class=\"elementor-container elementor-column-gap-default\">\n\t\t\t\t\t<div class=\"elementor-column elementor-col-100 elementor-top-column elementor-element elementor-element-63f5423\" data-id=\"63f5423\" data-element_type=\"column\" data-e-type=\"column\">\n\t\t\t<div class=\"elementor-widget-wrap elementor-element-populated\">\n\t\t\t\t\t\t<div class=\"elementor-element elementor-element-855b178 elementor-widget elementor-widget-video\" data-id=\"855b178\" data-element_type=\"widget\" data-e-type=\"widget\" data-settings=\"{&quot;youtube_url&quot;:&quot;https:\\\/\\\/youtu.be\\\/a8bo0se1SsM&quot;,&quot;video_type&quot;:&quot;youtube&quot;,&quot;controls&quot;:&quot;yes&quot;}\" data-widget_type=\"video.default\">\n\t\t\t\t<div class=\"elementor-widget-container\">\n\t\t\t\t\t\t\t<div class=\"elementor-wrapper elementor-open-inline\">\n\t\t\t<div class=\"elementor-video\"><\/div>\t\t<\/div>\n\t\t\t\t\t\t<\/div>\n\t\t\t\t<\/div>\n\t\t\t\t<div class=\"elementor-element elementor-element-7225c1b elementor-widget elementor-widget-spacer\" data-id=\"7225c1b\" data-element_type=\"widget\" data-e-type=\"widget\" data-widget_type=\"spacer.default\">\n\t\t\t\t<div class=\"elementor-widget-container\">\n\t\t\t\t\t\t\t<div class=\"elementor-spacer\">\n\t\t\t<div class=\"elementor-spacer-inner\"><\/div>\n\t\t<\/div>\n\t\t\t\t\t\t<\/div>\n\t\t\t\t<\/div>\n\t\t\t\t<div class=\"elementor-element elementor-element-79b98c8 elementor-widget elementor-widget-text-editor\" data-id=\"79b98c8\" data-element_type=\"widget\" data-e-type=\"widget\" data-widget_type=\"text-editor.default\">\n\t\t\t\t<div class=\"elementor-widget-container\">\n\t\t\t\t\t\t\t\t\t<p>Har du fr\u00e5gor eller vill ha mer information? Kontakta din \u00e5terf\u00f6rs\u00e4ljare eller fyll i formul\u00e4ret h\u00e4r nedan s\u00e5 \u00e5terkommer vi till dig!<\/p>\n\t\t\t\t\t\t\t\t<\/div>\n\t\t\t\t<\/div>\n\t\t\t\t<div class=\"elementor-element elementor-element-57fa1f3 elementor-button-align-stretch elementor-widget elementor-widget-form\" data-id=\"57fa1f3\" data-element_type=\"widget\" data-e-type=\"widget\" data-settings=\"{&quot;step_next_label&quot;:&quot;N\\u00e4sta&quot;,&quot;step_previous_label&quot;:&quot;F\\u00f6reg\\u00e5ende&quot;,&quot;button_width&quot;:&quot;100&quot;,&quot;step_type&quot;:&quot;number_text&quot;,&quot;step_icon_shape&quot;:&quot;circle&quot;}\" data-widget_type=\"form.default\">\n\t\t\t\t<div class=\"elementor-widget-container\">\n\t\t\t\t\t\t\t<form class=\"elementor-form\" method=\"post\" name=\"Nytt formul\u00e4r\" aria-label=\"Nytt formul\u00e4r\">\n\t\t\t<input type=\"hidden\" name=\"post_id\" value=\"12866\"\/>\n\t\t\t<input type=\"hidden\" name=\"form_id\" value=\"57fa1f3\"\/>\n\t\t\t<input type=\"hidden\" name=\"referer_title\" value=\"SP Maskiner\" \/>\n\n\t\t\t\n\t\t\t<div class=\"elementor-form-fields-wrapper elementor-labels-above\">\n\t\t\t\t\t\t\t\t<div class=\"elementor-field-type-text elementor-field-group elementor-column elementor-field-group-name elementor-col-100\">\n\t\t\t\t\t\t\t\t\t\t\t\t<label for=\"form-field-name\" class=\"elementor-field-label\">\n\t\t\t\t\t\t\t\tNamn\t\t\t\t\t\t\t<\/label>\n\t\t\t\t\t\t\t\t\t\t\t\t\t\t<input size=\"1\" type=\"text\" name=\"form_fields[name]\" id=\"form-field-name\" class=\"elementor-field elementor-size-sm  elementor-field-textual\" placeholder=\"Namn\">\n\t\t\t\t\t\t\t\t\t\t\t<\/div>\n\t\t\t\t\t\t\t\t<div class=\"elementor-field-type-email elementor-field-group elementor-column elementor-field-group-email elementor-col-100 elementor-field-required\">\n\t\t\t\t\t\t\t\t\t\t\t\t<label for=\"form-field-email\" class=\"elementor-field-label\">\n\t\t\t\t\t\t\t\tE-post\t\t\t\t\t\t\t<\/label>\n\t\t\t\t\t\t\t\t\t\t\t\t\t\t<input size=\"1\" type=\"email\" name=\"form_fields[email]\" id=\"form-field-email\" class=\"elementor-field elementor-size-sm  elementor-field-textual\" placeholder=\"E-post\" required=\"required\">\n\t\t\t\t\t\t\t\t\t\t\t<\/div>\n\t\t\t\t\t\t\t\t<div class=\"elementor-field-type-textarea elementor-field-group elementor-column elementor-field-group-message elementor-col-100\">\n\t\t\t\t\t\t\t\t\t\t\t\t<label for=\"form-field-message\" class=\"elementor-field-label\">\n\t\t\t\t\t\t\t\tMeddelande\t\t\t\t\t\t\t<\/label>\n\t\t\t\t\t\t<textarea class=\"elementor-field-textual elementor-field  elementor-size-sm\" name=\"form_fields[message]\" id=\"form-field-message\" rows=\"4\" placeholder=\"Meddelande\"><\/textarea>\t\t\t\t<\/div>\n\t\t\t\t\t\t\t\t<div class=\"elementor-field-group elementor-column elementor-field-type-submit elementor-col-100 e-form__buttons\">\n\t\t\t\t\t<button class=\"elementor-button elementor-size-sm\" type=\"submit\">\n\t\t\t\t\t\t<span class=\"elementor-button-content-wrapper\">\n\t\t\t\t\t\t\t\t\t\t\t\t\t\t\t\t\t\t\t\t\t\t<span class=\"elementor-button-text\">Skicka<\/span>\n\t\t\t\t\t\t\t\t\t\t\t\t\t<\/span>\n\t\t\t\t\t<\/button>\n\t\t\t\t<\/div>\n\t\t\t<\/div>\n\t\t<\/form>\n\t\t\t\t\t\t<\/div>\n\t\t\t\t<\/div>\n\t\t\t\t\t<\/div>\n\t\t<\/div>\n\t\t\t\t\t<\/div>\n\t\t<\/section>\n\t\t\t\t<\/div>\n\t\t","protected":false},"excerpt":{"rendered":"<p>Flytande DiameterM\u00e4tning &#8211; FDM K\u00f6r snabbare. M\u00e4t exaktare. Maximera v\u00e4rdet i varje tr\u00e4d.\u00a0 SP\u00a0Maskiners\u00a0FDM (flytande diameterm\u00e4tning)\u00a0\u00e4r ett tekniskt genombrott som s\u00e4tter en ny niv\u00e5\u00a0f\u00f6r diameterm\u00e4tning i skogsbruket. Den patenterade FDM-l\u00f6sningen ger samma h\u00f6ga m\u00e4tningsprecision oavsett matningshastighet, vilket g\u00f6r att du kan arbeta b\u00e5de snabbare och skonsammare och utan att kompromissa med resultatet. Med FDM beh\u00f6ver [&hellip;]<\/p>\n","protected":false},"author":3,"featured_media":0,"parent":0,"menu_order":9,"comment_status":"closed","ping_status":"closed","template":"","meta":{"_acf_changed":false,"site-sidebar-layout":"no-sidebar","site-content-layout":"page-builder","ast-site-content-layout":"full-width-container","site-content-style":"default","site-sidebar-style":"default","ast-global-header-display":"","ast-banner-title-visibility":"","ast-main-header-display":"","ast-hfb-above-header-display":"","ast-hfb-below-header-display":"","ast-hfb-mobile-header-display":"","site-post-title":"","ast-breadcrumbs-content":"","ast-featured-img":"disabled","footer-sml-layout":"","ast-disable-related-posts":"","theme-transparent-header-meta":"","adv-header-id-meta":"","stick-header-meta":"","header-above-stick-meta":"","header-main-stick-meta":"","header-below-stick-meta":"","astra-migrate-meta-layouts":"default","ast-page-background-enabled":"default","ast-page-background-meta":{"desktop":{"background-color":"","background-image":"","background-repeat":"repeat","background-position":"center center","background-size":"auto","background-attachment":"scroll","background-type":"","background-media":"","overlay-type":"","overlay-color":"","overlay-opacity":"","overlay-gradient":""},"tablet":{"background-color":"","background-image":"","background-repeat":"repeat","background-position":"center center","background-size":"auto","background-attachment":"scroll","background-type":"","background-media":"","overlay-type":"","overlay-color":"","overlay-opacity":"","overlay-gradient":""},"mobile":{"background-color":"","background-image":"","background-repeat":"repeat","background-position":"center center","background-size":"auto","background-attachment":"scroll","background-type":"","background-media":"","overlay-type":"","overlay-color":"","overlay-opacity":"","overlay-gradient":""}},"ast-content-background-meta":{"desktop":{"background-color":"var(--ast-global-color-5)","background-image":"","background-repeat":"repeat","background-position":"center center","background-size":"auto","background-attachment":"scroll","background-type":"","background-media":"","overlay-type":"","overlay-color":"","overlay-opacity":"","overlay-gradient":""},"tablet":{"background-color":"var(--ast-global-color-5)","background-image":"","background-repeat":"repeat","background-position":"center center","background-size":"auto","background-attachment":"scroll","background-type":"","background-media":"","overlay-type":"","overlay-color":"","overlay-opacity":"","overlay-gradient":""},"mobile":{"background-color":"var(--ast-global-color-5)","background-image":"","background-repeat":"repeat","background-position":"center center","background-size":"auto","background-attachment":"scroll","background-type":"","background-media":"","overlay-type":"","overlay-color":"","overlay-opacity":"","overlay-gradient":""}},"footnotes":""},"class_list":["post-12866","page","type-page","status-publish","hentry"],"acf":[],"yoast_head":"<!-- This site is optimized with the Yoast SEO plugin v26.9 - https:\/\/yoast.com\/product\/yoast-seo-wordpress\/ -->\n<title>FDM - SP Maskiner<\/title>\n<meta name=\"robots\" content=\"index, follow, max-snippet:-1, max-image-preview:large, max-video-preview:-1\" \/>\n<link rel=\"canonical\" href=\"https:\/\/spmaskiner.com\/sv\/fdm\/\" \/>\n<meta property=\"og:locale\" content=\"sv_SE\" \/>\n<meta property=\"og:type\" content=\"article\" \/>\n<meta property=\"og:title\" content=\"FDM - SP Maskiner\" \/>\n<meta property=\"og:description\" content=\"Flytande DiameterM\u00e4tning &#8211; FDM K\u00f6r snabbare. M\u00e4t exaktare. Maximera v\u00e4rdet i varje tr\u00e4d.\u00a0 SP\u00a0Maskiners\u00a0FDM (flytande diameterm\u00e4tning)\u00a0\u00e4r ett tekniskt genombrott som s\u00e4tter en ny niv\u00e5\u00a0f\u00f6r diameterm\u00e4tning i skogsbruket. Den patenterade FDM-l\u00f6sningen ger samma h\u00f6ga m\u00e4tningsprecision oavsett matningshastighet, vilket g\u00f6r att du kan arbeta b\u00e5de snabbare och skonsammare och utan att kompromissa med resultatet. Med FDM beh\u00f6ver [&hellip;]\" \/>\n<meta property=\"og:url\" content=\"https:\/\/spmaskiner.com\/sv\/fdm\/\" \/>\n<meta property=\"og:site_name\" content=\"SP Maskiner\" \/>\n<meta property=\"article:modified_time\" content=\"2026-03-27T07:28:23+00:00\" \/>\n<meta property=\"og:image\" content=\"https:\/\/spmaskiner.com\/wp-content\/uploads\/2026\/02\/LVideoFDM-1.png\" \/>\n\t<meta property=\"og:image:width\" content=\"600\" \/>\n\t<meta property=\"og:image:height\" content=\"300\" \/>\n\t<meta property=\"og:image:type\" content=\"image\/png\" \/>\n<meta name=\"twitter:card\" content=\"summary_large_image\" \/>\n<script type=\"application\/ld+json\" class=\"yoast-schema-graph\">{\"@context\":\"https:\/\/schema.org\",\"@graph\":[{\"@type\":\"WebPage\",\"@id\":\"https:\/\/spmaskiner.com\/sv\/fdm\/\",\"url\":\"https:\/\/spmaskiner.com\/sv\/fdm\/\",\"name\":\"FDM - SP Maskiner\",\"isPartOf\":{\"@id\":\"https:\/\/spmaskiner.com\/sv\/#website\"},\"primaryImageOfPage\":{\"@id\":\"https:\/\/spmaskiner.com\/sv\/fdm\/#primaryimage\"},\"image\":{\"@id\":\"https:\/\/spmaskiner.com\/sv\/fdm\/#primaryimage\"},\"thumbnailUrl\":\"https:\/\/spmaskiner.com\/wp-content\/uploads\/2026\/02\/LVideoFDM-1.png\",\"datePublished\":\"2025-12-09T14:57:59+00:00\",\"dateModified\":\"2026-03-27T07:28:23+00:00\",\"breadcrumb\":{\"@id\":\"https:\/\/spmaskiner.com\/sv\/fdm\/#breadcrumb\"},\"inLanguage\":\"sv-SE\",\"potentialAction\":[{\"@type\":\"ReadAction\",\"target\":[\"https:\/\/spmaskiner.com\/sv\/fdm\/\"]}]},{\"@type\":\"ImageObject\",\"inLanguage\":\"sv-SE\",\"@id\":\"https:\/\/spmaskiner.com\/sv\/fdm\/#primaryimage\",\"url\":\"https:\/\/spmaskiner.com\/wp-content\/uploads\/2026\/02\/LVideoFDM-1.png\",\"contentUrl\":\"https:\/\/spmaskiner.com\/wp-content\/uploads\/2026\/02\/LVideoFDM-1.png\"},{\"@type\":\"BreadcrumbList\",\"@id\":\"https:\/\/spmaskiner.com\/sv\/fdm\/#breadcrumb\",\"itemListElement\":[{\"@type\":\"ListItem\",\"position\":1,\"name\":\"Home\",\"item\":\"https:\/\/spmaskiner.com\/sv\/\"},{\"@type\":\"ListItem\",\"position\":2,\"name\":\"FDM\"}]},{\"@type\":\"WebSite\",\"@id\":\"https:\/\/spmaskiner.com\/sv\/#website\",\"url\":\"https:\/\/spmaskiner.com\/sv\/\",\"name\":\"SP Maskiner\",\"description\":\"Always ahead\",\"publisher\":{\"@id\":\"https:\/\/spmaskiner.com\/sv\/#organization\"},\"potentialAction\":[{\"@type\":\"SearchAction\",\"target\":{\"@type\":\"EntryPoint\",\"urlTemplate\":\"https:\/\/spmaskiner.com\/sv\/?s={search_term_string}\"},\"query-input\":{\"@type\":\"PropertyValueSpecification\",\"valueRequired\":true,\"valueName\":\"search_term_string\"}}],\"inLanguage\":\"sv-SE\"},{\"@type\":\"Organization\",\"@id\":\"https:\/\/spmaskiner.com\/sv\/#organization\",\"name\":\"SP Maskiner\",\"url\":\"https:\/\/spmaskiner.com\/sv\/\",\"logo\":{\"@type\":\"ImageObject\",\"inLanguage\":\"sv-SE\",\"@id\":\"https:\/\/spmaskiner.com\/sv\/#\/schema\/logo\/image\/\",\"url\":\"https:\/\/spmaskiner.com\/wp-content\/uploads\/2021\/03\/spmaskiner-logotyp.png\",\"contentUrl\":\"https:\/\/spmaskiner.com\/wp-content\/uploads\/2021\/03\/spmaskiner-logotyp.png\",\"width\":350,\"height\":65,\"caption\":\"SP Maskiner\"},\"image\":{\"@id\":\"https:\/\/spmaskiner.com\/sv\/#\/schema\/logo\/image\/\"}}]}<\/script>\n<!-- \/ Yoast SEO plugin. -->","yoast_head_json":{"title":"FDM - SP Maskiner","robots":{"index":"index","follow":"follow","max-snippet":"max-snippet:-1","max-image-preview":"max-image-preview:large","max-video-preview":"max-video-preview:-1"},"canonical":"https:\/\/spmaskiner.com\/sv\/fdm\/","og_locale":"sv_SE","og_type":"article","og_title":"FDM - SP Maskiner","og_description":"Flytande DiameterM\u00e4tning &#8211; FDM K\u00f6r snabbare. M\u00e4t exaktare. Maximera v\u00e4rdet i varje tr\u00e4d.\u00a0 SP\u00a0Maskiners\u00a0FDM (flytande diameterm\u00e4tning)\u00a0\u00e4r ett tekniskt genombrott som s\u00e4tter en ny niv\u00e5\u00a0f\u00f6r diameterm\u00e4tning i skogsbruket. Den patenterade FDM-l\u00f6sningen ger samma h\u00f6ga m\u00e4tningsprecision oavsett matningshastighet, vilket g\u00f6r att du kan arbeta b\u00e5de snabbare och skonsammare och utan att kompromissa med resultatet. Med FDM beh\u00f6ver [&hellip;]","og_url":"https:\/\/spmaskiner.com\/sv\/fdm\/","og_site_name":"SP Maskiner","article_modified_time":"2026-03-27T07:28:23+00:00","og_image":[{"width":600,"height":300,"url":"https:\/\/spmaskiner.com\/wp-content\/uploads\/2026\/02\/LVideoFDM-1.png","type":"image\/png"}],"twitter_card":"summary_large_image","schema":{"@context":"https:\/\/schema.org","@graph":[{"@type":"WebPage","@id":"https:\/\/spmaskiner.com\/sv\/fdm\/","url":"https:\/\/spmaskiner.com\/sv\/fdm\/","name":"FDM - SP Maskiner","isPartOf":{"@id":"https:\/\/spmaskiner.com\/sv\/#website"},"primaryImageOfPage":{"@id":"https:\/\/spmaskiner.com\/sv\/fdm\/#primaryimage"},"image":{"@id":"https:\/\/spmaskiner.com\/sv\/fdm\/#primaryimage"},"thumbnailUrl":"https:\/\/spmaskiner.com\/wp-content\/uploads\/2026\/02\/LVideoFDM-1.png","datePublished":"2025-12-09T14:57:59+00:00","dateModified":"2026-03-27T07:28:23+00:00","breadcrumb":{"@id":"https:\/\/spmaskiner.com\/sv\/fdm\/#breadcrumb"},"inLanguage":"sv-SE","potentialAction":[{"@type":"ReadAction","target":["https:\/\/spmaskiner.com\/sv\/fdm\/"]}]},{"@type":"ImageObject","inLanguage":"sv-SE","@id":"https:\/\/spmaskiner.com\/sv\/fdm\/#primaryimage","url":"https:\/\/spmaskiner.com\/wp-content\/uploads\/2026\/02\/LVideoFDM-1.png","contentUrl":"https:\/\/spmaskiner.com\/wp-content\/uploads\/2026\/02\/LVideoFDM-1.png"},{"@type":"BreadcrumbList","@id":"https:\/\/spmaskiner.com\/sv\/fdm\/#breadcrumb","itemListElement":[{"@type":"ListItem","position":1,"name":"Home","item":"https:\/\/spmaskiner.com\/sv\/"},{"@type":"ListItem","position":2,"name":"FDM"}]},{"@type":"WebSite","@id":"https:\/\/spmaskiner.com\/sv\/#website","url":"https:\/\/spmaskiner.com\/sv\/","name":"SP Maskiner","description":"Always ahead","publisher":{"@id":"https:\/\/spmaskiner.com\/sv\/#organization"},"potentialAction":[{"@type":"SearchAction","target":{"@type":"EntryPoint","urlTemplate":"https:\/\/spmaskiner.com\/sv\/?s={search_term_string}"},"query-input":{"@type":"PropertyValueSpecification","valueRequired":true,"valueName":"search_term_string"}}],"inLanguage":"sv-SE"},{"@type":"Organization","@id":"https:\/\/spmaskiner.com\/sv\/#organization","name":"SP Maskiner","url":"https:\/\/spmaskiner.com\/sv\/","logo":{"@type":"ImageObject","inLanguage":"sv-SE","@id":"https:\/\/spmaskiner.com\/sv\/#\/schema\/logo\/image\/","url":"https:\/\/spmaskiner.com\/wp-content\/uploads\/2021\/03\/spmaskiner-logotyp.png","contentUrl":"https:\/\/spmaskiner.com\/wp-content\/uploads\/2021\/03\/spmaskiner-logotyp.png","width":350,"height":65,"caption":"SP Maskiner"},"image":{"@id":"https:\/\/spmaskiner.com\/sv\/#\/schema\/logo\/image\/"}}]}},"_links":{"self":[{"href":"https:\/\/spmaskiner.com\/sv\/wp-json\/wp\/v2\/pages\/12866","targetHints":{"allow":["GET"]}}],"collection":[{"href":"https:\/\/spmaskiner.com\/sv\/wp-json\/wp\/v2\/pages"}],"about":[{"href":"https:\/\/spmaskiner.com\/sv\/wp-json\/wp\/v2\/types\/page"}],"author":[{"embeddable":true,"href":"https:\/\/spmaskiner.com\/sv\/wp-json\/wp\/v2\/users\/3"}],"replies":[{"embeddable":true,"href":"https:\/\/spmaskiner.com\/sv\/wp-json\/wp\/v2\/comments?post=12866"}],"version-history":[{"count":4,"href":"https:\/\/spmaskiner.com\/sv\/wp-json\/wp\/v2\/pages\/12866\/revisions"}],"predecessor-version":[{"id":12995,"href":"https:\/\/spmaskiner.com\/sv\/wp-json\/wp\/v2\/pages\/12866\/revisions\/12995"}],"wp:attachment":[{"href":"https:\/\/spmaskiner.com\/sv\/wp-json\/wp\/v2\/media?parent=12866"}],"curies":[{"name":"wp","href":"https:\/\/api.w.org\/{rel}","templated":true}]}}