{"id":1499,"date":"2021-03-25T10:10:29","date_gmt":"2021-03-25T09:10:29","guid":{"rendered":"https:\/\/spmaskiner.com\/?page_id=1499"},"modified":"2025-02-17T09:27:44","modified_gmt":"2025-02-17T08:27:44","slug":"om-foretaget","status":"publish","type":"page","link":"https:\/\/spmaskiner.com\/sv\/foretagsinformation\/om-foretaget\/","title":{"rendered":"Om f\u00f6retaget"},"content":{"rendered":"\t\t<div data-elementor-type=\"wp-page\" data-elementor-id=\"1499\" class=\"elementor elementor-1499\" data-elementor-post-type=\"page\">\n\t\t\t\t\t\t<section class=\"elementor-section elementor-top-section elementor-element elementor-element-38057d05 elementor-section-content-top elementor-section-boxed elementor-section-height-default elementor-section-height-default\" data-id=\"38057d05\" data-element_type=\"section\" data-e-type=\"section\">\n\t\t\t\t\t\t<div class=\"elementor-container elementor-column-gap-no\">\n\t\t\t\t\t<nav class=\"elementor-column elementor-col-50 elementor-top-column elementor-element elementor-element-33112c16 elementor-hidden-tablet elementor-hidden-phone elementor-invisible\" data-id=\"33112c16\" data-element_type=\"column\" data-e-type=\"column\" id=\"news-block\" data-settings=\"{&quot;animation&quot;:&quot;fadeIn&quot;}\">\n\t\t\t<div class=\"elementor-widget-wrap elementor-element-populated\">\n\t\t\t\t\t\t\t<\/div>\n\t\t<\/nav>\n\t\t\t\t<article class=\"elementor-column elementor-col-50 elementor-top-column elementor-element elementor-element-1574c4e1\" data-id=\"1574c4e1\" data-element_type=\"column\" data-e-type=\"column\">\n\t\t\t<div class=\"elementor-widget-wrap elementor-element-populated\">\n\t\t\t\t\t\t<div class=\"elementor-element elementor-element-19c89396 elementor-widget elementor-widget-heading\" data-id=\"19c89396\" data-element_type=\"widget\" data-e-type=\"widget\" data-widget_type=\"heading.default\">\n\t\t\t\t<div class=\"elementor-widget-container\">\n\t\t\t\t\t<h1 class=\"elementor-heading-title elementor-size-default\">Om f\u00f6retaget<\/h1>\t\t\t\t<\/div>\n\t\t\t\t<\/div>\n\t\t\t\t<div class=\"elementor-element elementor-element-722aa59 elementor-widget elementor-widget-image\" data-id=\"722aa59\" data-element_type=\"widget\" data-e-type=\"widget\" data-widget_type=\"image.default\">\n\t\t\t\t<div class=\"elementor-widget-container\">\n\t\t\t\t\t\t\t\t\t\t\t\t\t\t\t<img loading=\"lazy\" decoding=\"async\" width=\"1024\" height=\"533\" src=\"https:\/\/spmaskiner.com\/wp-content\/uploads\/2021\/04\/sp661lf-landing-1-1024x533.jpg\" class=\"attachment-large size-large wp-image-3450\" alt=\"\" srcset=\"https:\/\/spmaskiner.com\/wp-content\/uploads\/2021\/04\/sp661lf-landing-1-1024x533.jpg 1024w, https:\/\/spmaskiner.com\/wp-content\/uploads\/2021\/04\/sp661lf-landing-1-300x156.jpg 300w, https:\/\/spmaskiner.com\/wp-content\/uploads\/2021\/04\/sp661lf-landing-1-768x400.jpg 768w, https:\/\/spmaskiner.com\/wp-content\/uploads\/2021\/04\/sp661lf-landing-1-1536x800.jpg 1536w, https:\/\/spmaskiner.com\/wp-content\/uploads\/2021\/04\/sp661lf-landing-1.jpg 1920w\" sizes=\"auto, (max-width: 1024px) 100vw, 1024px\" \/>\t\t\t\t\t\t\t\t\t\t\t\t\t\t\t<\/div>\n\t\t\t\t<\/div>\n\t\t\t\t<div class=\"elementor-element elementor-element-6a7aba9 elementor-widget elementor-widget-text-editor\" data-id=\"6a7aba9\" data-element_type=\"widget\" data-e-type=\"widget\" data-widget_type=\"text-editor.default\">\n\t\t\t\t<div class=\"elementor-widget-container\">\n\t\t\t\t\t\t\t\t\t<p>SP Maskiner \u00e4r en v\u00e4rldsledande leverant\u00f6r av svensktillverkade sk\u00f6rdeaggregat. V\u00e5rt koncept \u00e4r att leverera aggregat som passar ihop med alla m\u00e4rken och modeller av sk\u00f6rdare. Med SP Maskiners aggregat f\u00e5r du d\u00e4rf\u00f6r fler m\u00f6jligheter att optimera din gallring och avverkning.<\/p><p>SP Maskiner grundades 1978, i den lilla byn Lillarp mitt i de sm\u00e5l\u00e4ndska skogarna. 1980 tillverkade SP Maskiner v\u00e4rldens f\u00f6rsta engreppsaggregat SP21 som kom att revolutionera det professionella skogsbruket.\u00a0<\/p><p>SP Maskiner \u00e4r idag en del av koncernen Eco Log Group. Sedan december 2022 \u00e4gs Eco Log Group av Lazarus Industrif\u00f6rvaltning. Mer information om dem \u00e5terfinns p\u00e5 deras hemsida: <a href=\"https:\/\/lazarus.se\/\" target=\"_blank\" rel=\"noopener\">https:\/\/lazarus.se\/<\/a><\/p><p>Idag \u00e4r SP Maskiner ett v\u00e4lk\u00e4nt internationellt varum\u00e4rke med \u00e5terf\u00f6rs\u00e4ljare \u00f6ver hela v\u00e4rlden. V\u00e5r styrka \u00e4r v\u00e5rt moderna produktsortiment och v\u00e5r lyh\u00f6rdhet. V\u00e5rt produktsortiment t\u00e4cker in alla avverkningstyper och f\u00f6rh\u00e5llanden, fr\u00e5n f\u00f6rsta gallring till slutavverkning samt avverkning av energived och eukalyptus.<\/p><p>Med l\u00e5ng erfarenhet i branschen \u00e4r vi lyh\u00f6rda mot v\u00e5ra kunders behov. Trots v\u00e5rt globala varum\u00e4rke s\u00e5 har vi bevarat v\u00e5r svenska kvalitet och n\u00e4rhet till kunderna. Vi arbetar st\u00e4ndigt n\u00e4ra v\u00e5ra kunder och f\u00f6rs\u00f6ker alltid tillgodose deras behov.<\/p><p>Med v\u00e5rt motto \u201dAlways ahead\u201d utvecklas vi st\u00e4ndigt och leder teknikutvecklingen inom v\u00e5rt segment. Vi str\u00e4var efter att alltid ta tekniken och effektiviteten till n\u00e4sta niv\u00e5. Vi str\u00e4var efter att m\u00f6ta framtidens krav p\u00e5 skogsbruk. Vi drivs av att skapa nya, innovativa l\u00f6sningar f\u00f6r dig som kund, nu och i framtiden.<\/p>\t\t\t\t\t\t\t\t<\/div>\n\t\t\t\t<\/div>\n\t\t\t\t<section class=\"elementor-section elementor-inner-section elementor-element elementor-element-8be5ea1 elementor-section-boxed elementor-section-height-default elementor-section-height-default\" data-id=\"8be5ea1\" data-element_type=\"section\" data-e-type=\"section\" data-settings=\"{&quot;background_background&quot;:&quot;classic&quot;}\">\n\t\t\t\t\t\t<div class=\"elementor-container elementor-column-gap-default\">\n\t\t\t\t\t<div class=\"elementor-column elementor-col-100 elementor-inner-column elementor-element elementor-element-21fd36d\" data-id=\"21fd36d\" data-element_type=\"column\" data-e-type=\"column\">\n\t\t\t<div class=\"elementor-widget-wrap elementor-element-populated\">\n\t\t\t\t\t\t<div class=\"elementor-element elementor-element-fa06b94 elementor-widget elementor-widget-heading\" data-id=\"fa06b94\" data-element_type=\"widget\" data-e-type=\"widget\" data-widget_type=\"heading.default\">\n\t\t\t\t<div class=\"elementor-widget-container\">\n\t\t\t\t\t<h2 class=\"elementor-heading-title elementor-size-default\">Always Ahead<\/h2>\t\t\t\t<\/div>\n\t\t\t\t<\/div>\n\t\t\t\t<div class=\"elementor-element elementor-element-181e262 elementor-widget elementor-widget-text-editor\" data-id=\"181e262\" data-element_type=\"widget\" data-e-type=\"widget\" data-widget_type=\"text-editor.default\">\n\t\t\t\t<div class=\"elementor-widget-container\">\n\t\t\t\t\t\t\t\t\t<p>\u00c4r v\u00e5r slogan! Inte s\u00e5 viktigt kan tyckas, om det inte vore f\u00f6r det faktum att det \u00e4r mycket mer \u00e4n s\u00e5. ALWAYS AHEAD f\u00f6r oss p\u00e5 SP \u00e4r v\u00e5r str\u00e4van att alltid ligga i t\u00e4ten, att alltid leverera det b\u00e4sta oavsett om det g\u00e4ller v\u00e5ra produkter, tekniska l\u00f6sningar eller hur vi supportar och bem\u00f6ter dig som kund.<\/p>\n<p>N\u00e4r du v\u00e4ljer SP \u00e4r v\u00e5r m\u00e5ls\u00e4ttning att du ska f\u00e5 ett f\u00f6rstklassigt sk\u00f6rdaraggregat. Inte bara g\u00e4llande prestanda och produktivitet utan ocks\u00e5 g\u00e4llande drifts\u00e4kerhet och kvalitet. Vi har mer \u00e4n 40 \u00e5rs erfarenhet av konstruktion och tillverkning av sk\u00f6rdaraggregat och vet vad som kr\u00e4vs f\u00f6r att vi ska kunna erbjuda dig det b\u00e4sta. V\u00e5r m\u00e5ls\u00e4ttning \u00e4r att \u00f6vertr\u00e4ffa dina f\u00f6rv\u00e4ntningar och att du som kund ska f\u00e5 b\u00e4sta m\u00f6jliga f\u00f6ruts\u00e4ttningar att ligga i t\u00e4ten, att vara ALWAYS AHEAD.<\/p>\n<p>Vi \u00e4r stolta \u00f6ver v\u00e5ra produkter och det m\u00e4rks. Det m\u00e4rks p\u00e5 hur grundligt v\u00e5rt utvecklingsteam analyserar och testar nya komponenter och material innan de godk\u00e4nns f\u00f6r inbyggnad i aggregaten. Det m\u00e4rks p\u00e5 med vilken kvalitet vi tillverkar, svetsar och monterar v\u00e5ra aggregat och hur alla v\u00e5ra medarbetare alltid g\u00f6r sitt yttersta f\u00f6r att vi ska leva upp till ALWAYS AHEAD och alltid leverera just det \u2013 det b\u00e4sta.<\/p>\t\t\t\t\t\t\t\t<\/div>\n\t\t\t\t<\/div>\n\t\t\t\t\t<\/div>\n\t\t<\/div>\n\t\t\t\t\t<\/div>\n\t\t<\/section>\n\t\t\t\t\t<\/div>\n\t\t<\/article>\n\t\t\t\t\t<\/div>\n\t\t<\/section>\n\t\t\t\t<section class=\"elementor-section elementor-top-section elementor-element elementor-element-6692d932 elementor-section-boxed elementor-section-height-default elementor-section-height-default\" data-id=\"6692d932\" data-element_type=\"section\" data-e-type=\"section\">\n\t\t\t\t\t\t<div class=\"elementor-container elementor-column-gap-default\">\n\t\t\t\t\t<section class=\"elementor-column elementor-col-100 elementor-top-column elementor-element elementor-element-4287a4e7\" data-id=\"4287a4e7\" data-element_type=\"column\" data-e-type=\"column\">\n\t\t\t<div class=\"elementor-widget-wrap\">\n\t\t\t\t\t\t\t<\/div>\n\t\t<\/section>\n\t\t\t\t\t<\/div>\n\t\t<\/section>\n\t\t\t\t<\/div>\n\t\t","protected":false},"excerpt":{"rendered":"<p>Om f\u00f6retaget SP Maskiner \u00e4r en v\u00e4rldsledande leverant\u00f6r av svensktillverkade sk\u00f6rdeaggregat. V\u00e5rt koncept \u00e4r att leverera aggregat som passar ihop med alla m\u00e4rken och modeller av sk\u00f6rdare. Med SP Maskiners aggregat f\u00e5r du d\u00e4rf\u00f6r fler m\u00f6jligheter att optimera din gallring och avverkning. SP Maskiner grundades 1978, i den lilla byn Lillarp mitt i de sm\u00e5l\u00e4ndska [&hellip;]<\/p>\n","protected":false},"author":1,"featured_media":0,"parent":59,"menu_order":187,"comment_status":"closed","ping_status":"closed","template":"elementor_header_footer","meta":{"_acf_changed":false,"site-sidebar-layout":"no-sidebar","site-content-layout":"page-builder","ast-site-content-layout":"default","site-content-style":"default","site-sidebar-style":"default","ast-global-header-display":"","ast-banner-title-visibility":"","ast-main-header-display":"","ast-hfb-above-header-display":"","ast-hfb-below-header-display":"","ast-hfb-mobile-header-display":"","site-post-title":"disabled","ast-breadcrumbs-content":"","ast-featured-img":"disabled","footer-sml-layout":"","ast-disable-related-posts":"","theme-transparent-header-meta":"default","adv-header-id-meta":"","stick-header-meta":"","header-above-stick-meta":"","header-main-stick-meta":"","header-below-stick-meta":"","astra-migrate-meta-layouts":"default","ast-page-background-enabled":"default","ast-page-background-meta":{"desktop":{"background-color":"","background-image":"","background-repeat":"repeat","background-position":"center center","background-size":"auto","background-attachment":"scroll","background-type":"","background-media":"","overlay-type":"","overlay-color":"","overlay-opacity":"","overlay-gradient":""},"tablet":{"background-color":"","background-image":"","background-repeat":"repeat","background-position":"center center","background-size":"auto","background-attachment":"scroll","background-type":"","background-media":"","overlay-type":"","overlay-color":"","overlay-opacity":"","overlay-gradient":""},"mobile":{"background-color":"","background-image":"","background-repeat":"repeat","background-position":"center center","background-size":"auto","background-attachment":"scroll","background-type":"","background-media":"","overlay-type":"","overlay-color":"","overlay-opacity":"","overlay-gradient":""}},"ast-content-background-meta":{"desktop":{"background-color":"var(--ast-global-color-5)","background-image":"","background-repeat":"repeat","background-position":"center center","background-size":"auto","background-attachment":"scroll","background-type":"","background-media":"","overlay-type":"","overlay-color":"","overlay-opacity":"","overlay-gradient":""},"tablet":{"background-color":"var(--ast-global-color-5)","background-image":"","background-repeat":"repeat","background-position":"center center","background-size":"auto","background-attachment":"scroll","background-type":"","background-media":"","overlay-type":"","overlay-color":"","overlay-opacity":"","overlay-gradient":""},"mobile":{"background-color":"var(--ast-global-color-5)","background-image":"","background-repeat":"repeat","background-position":"center center","background-size":"auto","background-attachment":"scroll","background-type":"","background-media":"","overlay-type":"","overlay-color":"","overlay-opacity":"","overlay-gradient":""}},"footnotes":""},"class_list":["post-1499","page","type-page","status-publish","hentry"],"acf":[],"yoast_head":"<!-- This site is optimized with the Yoast SEO plugin v26.9 - https:\/\/yoast.com\/product\/yoast-seo-wordpress\/ -->\n<title>Om f\u00f6retaget - SP Maskiner<\/title>\n<meta name=\"robots\" content=\"index, follow, max-snippet:-1, max-image-preview:large, max-video-preview:-1\" \/>\n<link rel=\"canonical\" href=\"https:\/\/spmaskiner.com\/sv\/foretagsinformation\/om-foretaget\/\" \/>\n<meta property=\"og:locale\" content=\"sv_SE\" \/>\n<meta property=\"og:type\" content=\"article\" \/>\n<meta property=\"og:title\" content=\"Om f\u00f6retaget - SP Maskiner\" \/>\n<meta property=\"og:description\" content=\"Om f\u00f6retaget SP Maskiner \u00e4r en v\u00e4rldsledande leverant\u00f6r av svensktillverkade sk\u00f6rdeaggregat. V\u00e5rt koncept \u00e4r att leverera aggregat som passar ihop med alla m\u00e4rken och modeller av sk\u00f6rdare. Med SP Maskiners aggregat f\u00e5r du d\u00e4rf\u00f6r fler m\u00f6jligheter att optimera din gallring och avverkning. SP Maskiner grundades 1978, i den lilla byn Lillarp mitt i de sm\u00e5l\u00e4ndska [&hellip;]\" \/>\n<meta property=\"og:url\" content=\"https:\/\/spmaskiner.com\/sv\/foretagsinformation\/om-foretaget\/\" \/>\n<meta property=\"og:site_name\" content=\"SP Maskiner\" \/>\n<meta property=\"article:modified_time\" content=\"2025-02-17T08:27:44+00:00\" \/>\n<meta property=\"og:image\" content=\"https:\/\/spmaskiner.com\/wp-content\/uploads\/2021\/04\/sp661lf-landing-1-1024x533.jpg\" \/>\n<meta name=\"twitter:card\" content=\"summary_large_image\" \/>\n<script type=\"application\/ld+json\" class=\"yoast-schema-graph\">{\"@context\":\"https:\/\/schema.org\",\"@graph\":[{\"@type\":\"WebPage\",\"@id\":\"https:\/\/spmaskiner.com\/sv\/foretagsinformation\/om-foretaget\/\",\"url\":\"https:\/\/spmaskiner.com\/sv\/foretagsinformation\/om-foretaget\/\",\"name\":\"Om f\u00f6retaget - SP Maskiner\",\"isPartOf\":{\"@id\":\"https:\/\/spmaskiner.com\/sv\/#website\"},\"primaryImageOfPage\":{\"@id\":\"https:\/\/spmaskiner.com\/sv\/foretagsinformation\/om-foretaget\/#primaryimage\"},\"image\":{\"@id\":\"https:\/\/spmaskiner.com\/sv\/foretagsinformation\/om-foretaget\/#primaryimage\"},\"thumbnailUrl\":\"https:\/\/spmaskiner.com\/wp-content\/uploads\/2021\/04\/sp661lf-landing-1-1024x533.jpg\",\"datePublished\":\"2021-03-25T09:10:29+00:00\",\"dateModified\":\"2025-02-17T08:27:44+00:00\",\"breadcrumb\":{\"@id\":\"https:\/\/spmaskiner.com\/sv\/foretagsinformation\/om-foretaget\/#breadcrumb\"},\"inLanguage\":\"sv-SE\",\"potentialAction\":[{\"@type\":\"ReadAction\",\"target\":[\"https:\/\/spmaskiner.com\/sv\/foretagsinformation\/om-foretaget\/\"]}]},{\"@type\":\"ImageObject\",\"inLanguage\":\"sv-SE\",\"@id\":\"https:\/\/spmaskiner.com\/sv\/foretagsinformation\/om-foretaget\/#primaryimage\",\"url\":\"https:\/\/spmaskiner.com\/wp-content\/uploads\/2021\/04\/sp661lf-landing-1-1024x533.jpg\",\"contentUrl\":\"https:\/\/spmaskiner.com\/wp-content\/uploads\/2021\/04\/sp661lf-landing-1-1024x533.jpg\"},{\"@type\":\"BreadcrumbList\",\"@id\":\"https:\/\/spmaskiner.com\/sv\/foretagsinformation\/om-foretaget\/#breadcrumb\",\"itemListElement\":[{\"@type\":\"ListItem\",\"position\":1,\"name\":\"Home\",\"item\":\"https:\/\/spmaskiner.com\/sv\/\"},{\"@type\":\"ListItem\",\"position\":2,\"name\":\"F\u00f6retagsinformation\",\"item\":\"https:\/\/spmaskiner.com\/sv\/foretagsinformation\/\"},{\"@type\":\"ListItem\",\"position\":3,\"name\":\"Om f\u00f6retaget\"}]},{\"@type\":\"WebSite\",\"@id\":\"https:\/\/spmaskiner.com\/sv\/#website\",\"url\":\"https:\/\/spmaskiner.com\/sv\/\",\"name\":\"SP Maskiner\",\"description\":\"Always ahead\",\"publisher\":{\"@id\":\"https:\/\/spmaskiner.com\/sv\/#organization\"},\"potentialAction\":[{\"@type\":\"SearchAction\",\"target\":{\"@type\":\"EntryPoint\",\"urlTemplate\":\"https:\/\/spmaskiner.com\/sv\/?s={search_term_string}\"},\"query-input\":{\"@type\":\"PropertyValueSpecification\",\"valueRequired\":true,\"valueName\":\"search_term_string\"}}],\"inLanguage\":\"sv-SE\"},{\"@type\":\"Organization\",\"@id\":\"https:\/\/spmaskiner.com\/sv\/#organization\",\"name\":\"SP Maskiner\",\"url\":\"https:\/\/spmaskiner.com\/sv\/\",\"logo\":{\"@type\":\"ImageObject\",\"inLanguage\":\"sv-SE\",\"@id\":\"https:\/\/spmaskiner.com\/sv\/#\/schema\/logo\/image\/\",\"url\":\"https:\/\/spmaskiner.com\/wp-content\/uploads\/2021\/03\/spmaskiner-logotyp.png\",\"contentUrl\":\"https:\/\/spmaskiner.com\/wp-content\/uploads\/2021\/03\/spmaskiner-logotyp.png\",\"width\":350,\"height\":65,\"caption\":\"SP Maskiner\"},\"image\":{\"@id\":\"https:\/\/spmaskiner.com\/sv\/#\/schema\/logo\/image\/\"}}]}<\/script>\n<!-- \/ Yoast SEO plugin. -->","yoast_head_json":{"title":"Om f\u00f6retaget - SP Maskiner","robots":{"index":"index","follow":"follow","max-snippet":"max-snippet:-1","max-image-preview":"max-image-preview:large","max-video-preview":"max-video-preview:-1"},"canonical":"https:\/\/spmaskiner.com\/sv\/foretagsinformation\/om-foretaget\/","og_locale":"sv_SE","og_type":"article","og_title":"Om f\u00f6retaget - SP Maskiner","og_description":"Om f\u00f6retaget SP Maskiner \u00e4r en v\u00e4rldsledande leverant\u00f6r av svensktillverkade sk\u00f6rdeaggregat. V\u00e5rt koncept \u00e4r att leverera aggregat som passar ihop med alla m\u00e4rken och modeller av sk\u00f6rdare. Med SP Maskiners aggregat f\u00e5r du d\u00e4rf\u00f6r fler m\u00f6jligheter att optimera din gallring och avverkning. SP Maskiner grundades 1978, i den lilla byn Lillarp mitt i de sm\u00e5l\u00e4ndska [&hellip;]","og_url":"https:\/\/spmaskiner.com\/sv\/foretagsinformation\/om-foretaget\/","og_site_name":"SP Maskiner","article_modified_time":"2025-02-17T08:27:44+00:00","og_image":[{"url":"https:\/\/spmaskiner.com\/wp-content\/uploads\/2021\/04\/sp661lf-landing-1-1024x533.jpg","type":"","width":"","height":""}],"twitter_card":"summary_large_image","schema":{"@context":"https:\/\/schema.org","@graph":[{"@type":"WebPage","@id":"https:\/\/spmaskiner.com\/sv\/foretagsinformation\/om-foretaget\/","url":"https:\/\/spmaskiner.com\/sv\/foretagsinformation\/om-foretaget\/","name":"Om f\u00f6retaget - SP Maskiner","isPartOf":{"@id":"https:\/\/spmaskiner.com\/sv\/#website"},"primaryImageOfPage":{"@id":"https:\/\/spmaskiner.com\/sv\/foretagsinformation\/om-foretaget\/#primaryimage"},"image":{"@id":"https:\/\/spmaskiner.com\/sv\/foretagsinformation\/om-foretaget\/#primaryimage"},"thumbnailUrl":"https:\/\/spmaskiner.com\/wp-content\/uploads\/2021\/04\/sp661lf-landing-1-1024x533.jpg","datePublished":"2021-03-25T09:10:29+00:00","dateModified":"2025-02-17T08:27:44+00:00","breadcrumb":{"@id":"https:\/\/spmaskiner.com\/sv\/foretagsinformation\/om-foretaget\/#breadcrumb"},"inLanguage":"sv-SE","potentialAction":[{"@type":"ReadAction","target":["https:\/\/spmaskiner.com\/sv\/foretagsinformation\/om-foretaget\/"]}]},{"@type":"ImageObject","inLanguage":"sv-SE","@id":"https:\/\/spmaskiner.com\/sv\/foretagsinformation\/om-foretaget\/#primaryimage","url":"https:\/\/spmaskiner.com\/wp-content\/uploads\/2021\/04\/sp661lf-landing-1-1024x533.jpg","contentUrl":"https:\/\/spmaskiner.com\/wp-content\/uploads\/2021\/04\/sp661lf-landing-1-1024x533.jpg"},{"@type":"BreadcrumbList","@id":"https:\/\/spmaskiner.com\/sv\/foretagsinformation\/om-foretaget\/#breadcrumb","itemListElement":[{"@type":"ListItem","position":1,"name":"Home","item":"https:\/\/spmaskiner.com\/sv\/"},{"@type":"ListItem","position":2,"name":"F\u00f6retagsinformation","item":"https:\/\/spmaskiner.com\/sv\/foretagsinformation\/"},{"@type":"ListItem","position":3,"name":"Om f\u00f6retaget"}]},{"@type":"WebSite","@id":"https:\/\/spmaskiner.com\/sv\/#website","url":"https:\/\/spmaskiner.com\/sv\/","name":"SP Maskiner","description":"Always ahead","publisher":{"@id":"https:\/\/spmaskiner.com\/sv\/#organization"},"potentialAction":[{"@type":"SearchAction","target":{"@type":"EntryPoint","urlTemplate":"https:\/\/spmaskiner.com\/sv\/?s={search_term_string}"},"query-input":{"@type":"PropertyValueSpecification","valueRequired":true,"valueName":"search_term_string"}}],"inLanguage":"sv-SE"},{"@type":"Organization","@id":"https:\/\/spmaskiner.com\/sv\/#organization","name":"SP Maskiner","url":"https:\/\/spmaskiner.com\/sv\/","logo":{"@type":"ImageObject","inLanguage":"sv-SE","@id":"https:\/\/spmaskiner.com\/sv\/#\/schema\/logo\/image\/","url":"https:\/\/spmaskiner.com\/wp-content\/uploads\/2021\/03\/spmaskiner-logotyp.png","contentUrl":"https:\/\/spmaskiner.com\/wp-content\/uploads\/2021\/03\/spmaskiner-logotyp.png","width":350,"height":65,"caption":"SP Maskiner"},"image":{"@id":"https:\/\/spmaskiner.com\/sv\/#\/schema\/logo\/image\/"}}]}},"_links":{"self":[{"href":"https:\/\/spmaskiner.com\/sv\/wp-json\/wp\/v2\/pages\/1499","targetHints":{"allow":["GET"]}}],"collection":[{"href":"https:\/\/spmaskiner.com\/sv\/wp-json\/wp\/v2\/pages"}],"about":[{"href":"https:\/\/spmaskiner.com\/sv\/wp-json\/wp\/v2\/types\/page"}],"author":[{"embeddable":true,"href":"https:\/\/spmaskiner.com\/sv\/wp-json\/wp\/v2\/users\/1"}],"replies":[{"embeddable":true,"href":"https:\/\/spmaskiner.com\/sv\/wp-json\/wp\/v2\/comments?post=1499"}],"version-history":[{"count":6,"href":"https:\/\/spmaskiner.com\/sv\/wp-json\/wp\/v2\/pages\/1499\/revisions"}],"predecessor-version":[{"id":10597,"href":"https:\/\/spmaskiner.com\/sv\/wp-json\/wp\/v2\/pages\/1499\/revisions\/10597"}],"up":[{"embeddable":true,"href":"https:\/\/spmaskiner.com\/sv\/wp-json\/wp\/v2\/pages\/59"}],"wp:attachment":[{"href":"https:\/\/spmaskiner.com\/sv\/wp-json\/wp\/v2\/media?parent=1499"}],"curies":[{"name":"wp","href":"https:\/\/api.w.org\/{rel}","templated":true}]}}