{"id":3144,"date":"2021-04-09T11:43:29","date_gmt":"2021-04-09T09:43:29","guid":{"rendered":"https:\/\/spmaskiner.com\/?page_id=3144"},"modified":"2026-02-19T12:54:00","modified_gmt":"2026-02-19T11:54:00","slug":"sp-591-lx-g3-tillbehor-utrustning","status":"publish","type":"page","link":"https:\/\/spmaskiner.com\/sv\/skordaraggregat\/skordaraggregat-lx\/skordaraggregat-sp-591-lx-g3\/sp-591-lx-g3-tillbehor-utrustning\/","title":{"rendered":"Tillbeh\u00f6r &#038; utrustning"},"content":{"rendered":"\t\t<div data-elementor-type=\"wp-page\" data-elementor-id=\"3144\" class=\"elementor elementor-3144\" data-elementor-post-type=\"page\">\n\t\t\t\t\t\t<section class=\"elementor-section elementor-top-section elementor-element elementor-element-350464f9 elementor-section-height-min-height elementor-section-items-top product-top-section elementor-section-boxed elementor-section-height-default\" data-id=\"350464f9\" data-element_type=\"section\" data-e-type=\"section\" data-settings=\"{&quot;background_background&quot;:&quot;classic&quot;}\">\n\t\t\t\t\t\t<div class=\"elementor-container elementor-column-gap-default\">\n\t\t\t\t\t<div class=\"elementor-column elementor-col-50 elementor-top-column elementor-element elementor-element-4f64430f\" data-id=\"4f64430f\" data-element_type=\"column\" data-e-type=\"column\" data-settings=\"{&quot;background_background&quot;:&quot;classic&quot;}\">\n\t\t\t<div class=\"elementor-widget-wrap elementor-element-populated\">\n\t\t\t\t\t\t<div class=\"elementor-element elementor-element-85aeac0 elementor-widget__width-auto elementor-widget elementor-widget-heading\" data-id=\"85aeac0\" data-element_type=\"widget\" data-e-type=\"widget\" data-widget_type=\"heading.default\">\n\t\t\t\t<div class=\"elementor-widget-container\">\n\t\t\t\t\t<h2 class=\"elementor-heading-title elementor-size-default\">SP 591 LX G4<\/h2>\t\t\t\t<\/div>\n\t\t\t\t<\/div>\n\t\t\t\t\t<\/div>\n\t\t<\/div>\n\t\t\t\t<div class=\"elementor-column elementor-col-50 elementor-top-column elementor-element elementor-element-13cf71ea\" data-id=\"13cf71ea\" data-element_type=\"column\" data-e-type=\"column\" data-settings=\"{&quot;background_background&quot;:&quot;classic&quot;}\">\n\t\t\t<div class=\"elementor-widget-wrap\">\n\t\t\t\t\t\t\t<\/div>\n\t\t<\/div>\n\t\t\t\t\t<\/div>\n\t\t<\/section>\n\t\t\t\t<section class=\"elementor-section elementor-top-section elementor-element elementor-element-62a7671a elementor-section-full_width elementor-section-height-default elementor-section-height-default\" data-id=\"62a7671a\" data-element_type=\"section\" data-e-type=\"section\">\n\t\t\t\t\t\t<div class=\"elementor-container elementor-column-gap-default\">\n\t\t\t\t\t<div class=\"elementor-column elementor-col-100 elementor-top-column elementor-element elementor-element-7a34a1e8\" data-id=\"7a34a1e8\" data-element_type=\"column\" data-e-type=\"column\">\n\t\t\t<div class=\"elementor-widget-wrap elementor-element-populated\">\n\t\t\t\t\t\t<div class=\"elementor-element elementor-element-2f8c579 elementor-nav-menu__align-center elementor-nav-menu--dropdown-mobile elementor-nav-menu__text-align-aside elementor-nav-menu--toggle elementor-nav-menu--burger elementor-widget elementor-widget-global elementor-global-3155 elementor-widget-nav-menu\" data-id=\"2f8c579\" data-element_type=\"widget\" data-e-type=\"widget\" id=\"product-menu\" data-settings=\"{&quot;layout&quot;:&quot;horizontal&quot;,&quot;submenu_icon&quot;:{&quot;value&quot;:&quot;fas fa-caret-down&quot;,&quot;library&quot;:&quot;fa-solid&quot;},&quot;toggle&quot;:&quot;burger&quot;}\" data-widget_type=\"nav-menu.default\">\n\t\t\t\t<div class=\"elementor-widget-container\">\n\t\t\t\t\t\t\t\t<nav aria-label=\"Meny\" class=\"elementor-nav-menu--main elementor-nav-menu__container elementor-nav-menu--layout-horizontal e--pointer-background e--animation-fade\">\n\t\t\t\t<ul id=\"menu-1-2f8c579\" class=\"elementor-nav-menu\"><li class=\"menu-item menu-item-type-post_type menu-item-object-page menu-item-3146\"><a href=\"https:\/\/spmaskiner.com\/sv\/skordaraggregat\/skordaraggregat-lx\/skordaraggregat-sp-591-lx-g3\/\" title=\"Produktinformation Sk\u00f6rdaraggregat SP 591 LX G3\" class=\"elementor-item menu-link\">Produktinformation<\/a><\/li>\n<li class=\"menu-item menu-item-type-post_type menu-item-object-page menu-item-3147\"><a href=\"https:\/\/spmaskiner.com\/sv\/skordaraggregat\/skordaraggregat-lx\/skordaraggregat-sp-591-lx-g3\/sp-591-lx-g3-tekniska-data\/\" title=\"SP 591 LX G3 &#8211; Tekniska data\" class=\"elementor-item menu-link\">Tekniska data<\/a><\/li>\n<li class=\"menu-item menu-item-type-post_type menu-item-object-page menu-item-3149\"><a href=\"https:\/\/spmaskiner.com\/sv\/skordaraggregat\/skordaraggregat-lx\/skordaraggregat-sp-591-lx-g3\/sp-591-lx-g3-kundfordelar\/\" title=\"SP 591 LX G3 &#8211; Kundf\u00f6rdelar\" class=\"elementor-item menu-link\">Kundf\u00f6rdelar<\/a><\/li>\n<li class=\"menu-item menu-item-type-post_type menu-item-object-page menu-item-4080\"><a href=\"https:\/\/spmaskiner.com\/sv\/skordaraggregat\/skordaraggregat-lx\/skordaraggregat-sp-591-lx-g3\/sp-591-lx-g3-styr-och-matsystem\/\" class=\"elementor-item menu-link\">Styr- och m\u00e4tsystem<\/a><\/li>\n<li class=\"menu-item menu-item-type-post_type menu-item-object-page menu-item-3150\"><a href=\"https:\/\/spmaskiner.com\/sv\/skordaraggregat\/skordaraggregat-lx\/skordaraggregat-sp-591-lx-g3\/sp-591-lx-g3-tillbehor-utrustning\/\" title=\"SP 591 LX G3 &#8211; Tillbeh\u00f6r &#038; utrustning\" class=\"elementor-item menu-link\">Tillbeh\u00f6r och utrustning<\/a><\/li>\n<\/ul>\t\t\t<\/nav>\n\t\t\t\t\t<div class=\"elementor-menu-toggle\" role=\"button\" tabindex=\"0\" aria-label=\"Sl\u00e5 p\u00e5\/av meny\" aria-expanded=\"false\">\n\t\t\t<i aria-hidden=\"true\" role=\"presentation\" class=\"elementor-menu-toggle__icon--open eicon-menu-bar\"><\/i><i aria-hidden=\"true\" role=\"presentation\" class=\"elementor-menu-toggle__icon--close eicon-close\"><\/i>\t\t<\/div>\n\t\t\t\t\t<nav class=\"elementor-nav-menu--dropdown elementor-nav-menu__container\" aria-hidden=\"true\">\n\t\t\t\t<ul id=\"menu-2-2f8c579\" class=\"elementor-nav-menu\"><li class=\"menu-item menu-item-type-post_type menu-item-object-page menu-item-3146\"><a href=\"https:\/\/spmaskiner.com\/sv\/skordaraggregat\/skordaraggregat-lx\/skordaraggregat-sp-591-lx-g3\/\" title=\"Produktinformation Sk\u00f6rdaraggregat SP 591 LX G3\" class=\"elementor-item menu-link\" tabindex=\"-1\">Produktinformation<\/a><\/li>\n<li class=\"menu-item menu-item-type-post_type menu-item-object-page menu-item-3147\"><a href=\"https:\/\/spmaskiner.com\/sv\/skordaraggregat\/skordaraggregat-lx\/skordaraggregat-sp-591-lx-g3\/sp-591-lx-g3-tekniska-data\/\" title=\"SP 591 LX G3 &#8211; Tekniska data\" class=\"elementor-item menu-link\" tabindex=\"-1\">Tekniska data<\/a><\/li>\n<li class=\"menu-item menu-item-type-post_type menu-item-object-page menu-item-3149\"><a href=\"https:\/\/spmaskiner.com\/sv\/skordaraggregat\/skordaraggregat-lx\/skordaraggregat-sp-591-lx-g3\/sp-591-lx-g3-kundfordelar\/\" title=\"SP 591 LX G3 &#8211; Kundf\u00f6rdelar\" class=\"elementor-item menu-link\" tabindex=\"-1\">Kundf\u00f6rdelar<\/a><\/li>\n<li class=\"menu-item menu-item-type-post_type menu-item-object-page menu-item-4080\"><a href=\"https:\/\/spmaskiner.com\/sv\/skordaraggregat\/skordaraggregat-lx\/skordaraggregat-sp-591-lx-g3\/sp-591-lx-g3-styr-och-matsystem\/\" class=\"elementor-item menu-link\" tabindex=\"-1\">Styr- och m\u00e4tsystem<\/a><\/li>\n<li class=\"menu-item menu-item-type-post_type menu-item-object-page menu-item-3150\"><a href=\"https:\/\/spmaskiner.com\/sv\/skordaraggregat\/skordaraggregat-lx\/skordaraggregat-sp-591-lx-g3\/sp-591-lx-g3-tillbehor-utrustning\/\" title=\"SP 591 LX G3 &#8211; Tillbeh\u00f6r &#038; utrustning\" class=\"elementor-item menu-link\" tabindex=\"-1\">Tillbeh\u00f6r och utrustning<\/a><\/li>\n<\/ul>\t\t\t<\/nav>\n\t\t\t\t\t\t<\/div>\n\t\t\t\t<\/div>\n\t\t\t\t\t<\/div>\n\t\t<\/div>\n\t\t\t\t\t<\/div>\n\t\t<\/section>\n\t\t\t\t<section class=\"elementor-section elementor-top-section elementor-element elementor-element-22f6c59d elementor-section-boxed elementor-section-height-default elementor-section-height-default\" data-id=\"22f6c59d\" data-element_type=\"section\" data-e-type=\"section\">\n\t\t\t\t\t\t<div class=\"elementor-container elementor-column-gap-default\">\n\t\t\t\t\t<div class=\"elementor-column elementor-col-100 elementor-top-column elementor-element elementor-element-5631476\" data-id=\"5631476\" data-element_type=\"column\" data-e-type=\"column\">\n\t\t\t<div class=\"elementor-widget-wrap elementor-element-populated\">\n\t\t\t\t\t\t<div class=\"elementor-element elementor-element-62c405df elementor-widget elementor-widget-heading\" data-id=\"62c405df\" data-element_type=\"widget\" data-e-type=\"widget\" data-widget_type=\"heading.default\">\n\t\t\t\t<div class=\"elementor-widget-container\">\n\t\t\t\t\t<h1 class=\"elementor-heading-title elementor-size-default\">Tilllbeh\u00f6r och utrustning - Sk\u00f6rdaraggregat SP 591 LX G4<\/h1>\t\t\t\t<\/div>\n\t\t\t\t<\/div>\n\t\t\t\t<div class=\"elementor-element elementor-element-5c148800 elementor-widget elementor-widget-text-editor\" data-id=\"5c148800\" data-element_type=\"widget\" data-e-type=\"widget\" data-widget_type=\"text-editor.default\">\n\t\t\t\t<div class=\"elementor-widget-container\">\n\t\t\t\t\t\t\t\t\t<p>Alla v\u00e5ra aggregat har en h\u00f6g utrustningsniv\u00e5 som standard. En rad tillbeh\u00f6r finns dock f\u00f6r att kunna anpassa aggregatet efter olika behov, maskiner och avverkningsf\u00f6rh\u00e5llanden. Nedan beskrivs de vanligaste tillbeh\u00f6ren.<\/p>\n<p>F\u00f6r mer information om tillbeh\u00f6r kontakta din SP \u00e5terf\u00f6rs\u00e4ljare eller SP Maskiner.<\/p>\t\t\t\t\t\t\t\t<\/div>\n\t\t\t\t<\/div>\n\t\t\t\t\t<\/div>\n\t\t<\/div>\n\t\t\t\t\t<\/div>\n\t\t<\/section>\n\t\t\t\t<section class=\"elementor-section elementor-inner-section elementor-element elementor-element-6366a268 elementor-section-boxed elementor-section-height-default elementor-section-height-default\" data-id=\"6366a268\" data-element_type=\"section\" data-e-type=\"section\">\n\t\t\t\t\t\t<div class=\"elementor-container elementor-column-gap-default\">\n\t\t\t\t\t<div class=\"elementor-column elementor-col-50 elementor-inner-column elementor-element elementor-element-6e559185\" data-id=\"6e559185\" data-element_type=\"column\" data-e-type=\"column\">\n\t\t\t<div class=\"elementor-widget-wrap elementor-element-populated\">\n\t\t\t\t\t\t<div class=\"elementor-element elementor-element-511bca53 elementor-widget elementor-widget-text-editor\" data-id=\"511bca53\" data-element_type=\"widget\" data-e-type=\"widget\" data-widget_type=\"text-editor.default\">\n\t\t\t\t<div class=\"elementor-widget-container\">\n\t\t\t\t\t\t\t\t\t<p><strong>Rots\u00f6kningsfunktion<\/strong><br \/>Med hj\u00e4lp av en sensor monterad i s\u00e5gl\u00e5dan letar aggregatet automatiskt upp stam\u00e4nden med hj\u00e4lp av en knapptryckning.<\/p><p><strong>Hjulmotorer<\/strong><br \/>Olika storlekar p\u00e5 hjulmotorer finns f\u00f6r att optimera aggregatets prestanda beroende p\u00e5 arbetsf\u00f6rh\u00e5llanden och storlek p\u00e5 basmaskin, V\u00e4lj mellan configurationen 500\/315 cc eller 620\/400 cc.<\/p><p><strong>Belysning s\u00e5gl\u00e5da<\/strong><br \/>Ledlampa i s\u00e5gl\u00e5dan f\u00f6r extra belysning av arbetsomr\u00e5det.<\/p><p><strong>Separat l\u00e4ngdm\u00e4tningsenhet<\/strong><br \/>Hydrauliskt kontrollerad l\u00e4ngdm\u00e4tningsarm som ger en v\u00e4ldigt exakt l\u00e4ngdm\u00e4tning.<\/p><p><strong>3\/4 \u201d s\u00e5genhet<\/strong><br \/>F\u00f6r avverkningar och f\u00f6rh\u00e5llanden som kr\u00e4ver en mer robust och t\u00e5lig l\u00f6sning.<\/p>\t\t\t\t\t\t\t\t<\/div>\n\t\t\t\t<\/div>\n\t\t\t\t\t<\/div>\n\t\t<\/div>\n\t\t\t\t<div class=\"elementor-column elementor-col-50 elementor-inner-column elementor-element elementor-element-1ed45670\" data-id=\"1ed45670\" data-element_type=\"column\" data-e-type=\"column\">\n\t\t\t<div class=\"elementor-widget-wrap elementor-element-populated\">\n\t\t\t\t\t\t<div class=\"elementor-element elementor-element-20b8de97 elementor-widget elementor-widget-text-editor\" data-id=\"20b8de97\" data-element_type=\"widget\" data-e-type=\"widget\" data-widget_type=\"text-editor.default\">\n\t\t\t\t<div class=\"elementor-widget-container\">\n\t\t\t\t\t\t\t\t\t<p><strong>Matarhjul<\/strong><br \/>Matarhjul i flera modeller och utf\u00f6randen finns tillg\u00e4ngliga f\u00f6r att passa olika f\u00f6rh\u00e5llanden och behov.<strong style=\"font-style: inherit; color: var( --e-global-color-text ); font-family: var( --e-global-typography-text-font-family ), Sans-serif;\">\u00a0<\/strong><\/p><p><b>Vinklade motorarmar\u00a0<br \/><\/b><span style=\"font-style: inherit; font-weight: inherit; color: var( --e-global-color-text ); font-family: var( --e-global-typography-text-font-family ), Sans-serif;\">Ger mer rotation p\u00e5 stammen och d\u00e4rmed en effektivare avbarkning av Eucalyptus och Acacia.<\/span><\/p><p><b><strong>Anpassning m\u00e4tsystem<\/strong> <br \/><\/b>V\u00e5ra sk\u00f6rdaraggregat kan k\u00f6ras mot i stort sett alla p\u00e5 marknaden f\u00f6rekommande styr- och m\u00e4tsystem vilket inneb\u00e4r att du varken beh\u00f6ver l\u00e4ra dig eller investera i ett nytt datasystem n\u00e4r du v\u00e4ljer ett aggregat fr\u00e5n SP. Till skillnad fr\u00e5n m\u00e5nga andra m\u00e4rken p\u00e5 marknaden kr\u00e4ver installationen av ett SP-aggregat allts\u00e5 inga ombyggnationer av befintligt styrsystem eller extra elektronik.<\/p><p><b><strong>Dasa 7 &#8211; Tr\u00e5dl\u00f6s eller kabelansluten<\/strong> <br \/><\/b>Dasa 7 finns i tv\u00e5 olika versioner, tr\u00e5dl\u00f6s och kabelansluten, och b\u00e5da versionerna finns tillg\u00e4ngliga med antingen H50-, H60- eller H70-programvara f\u00f6r att t\u00e4cka behoven f\u00f6r just din avverkningsverksamhet.<\/p>\t\t\t\t\t\t\t\t<\/div>\n\t\t\t\t<\/div>\n\t\t\t\t\t<\/div>\n\t\t<\/div>\n\t\t\t\t\t<\/div>\n\t\t<\/section>\n\t\t\t\t<\/div>\n\t\t","protected":false},"excerpt":{"rendered":"<p>SP 591 LX G4 Tilllbeh\u00f6r och utrustning &#8211; Sk\u00f6rdaraggregat SP 591 LX G4 Alla v\u00e5ra aggregat har en h\u00f6g utrustningsniv\u00e5 som standard. En rad tillbeh\u00f6r finns dock f\u00f6r att kunna anpassa aggregatet efter olika behov, maskiner och avverkningsf\u00f6rh\u00e5llanden. Nedan beskrivs de vanligaste tillbeh\u00f6ren. F\u00f6r mer information om tillbeh\u00f6r kontakta din SP \u00e5terf\u00f6rs\u00e4ljare eller SP Maskiner. [&hellip;]<\/p>\n","protected":false},"author":1,"featured_media":0,"parent":3136,"menu_order":351,"comment_status":"closed","ping_status":"closed","template":"","meta":{"_acf_changed":false,"site-sidebar-layout":"no-sidebar","site-content-layout":"page-builder","ast-site-content-layout":"default","site-content-style":"default","site-sidebar-style":"default","ast-global-header-display":"","ast-banner-title-visibility":"","ast-main-header-display":"","ast-hfb-above-header-display":"","ast-hfb-below-header-display":"","ast-hfb-mobile-header-display":"","site-post-title":"disabled","ast-breadcrumbs-content":"","ast-featured-img":"disabled","footer-sml-layout":"","ast-disable-related-posts":"","theme-transparent-header-meta":"default","adv-header-id-meta":"","stick-header-meta":"","header-above-stick-meta":"","header-main-stick-meta":"","header-below-stick-meta":"","astra-migrate-meta-layouts":"default","ast-page-background-enabled":"default","ast-page-background-meta":{"desktop":{"background-color":"","background-image":"","background-repeat":"repeat","background-position":"center center","background-size":"auto","background-attachment":"scroll","background-type":"","background-media":"","overlay-type":"","overlay-color":"","overlay-opacity":"","overlay-gradient":""},"tablet":{"background-color":"","background-image":"","background-repeat":"repeat","background-position":"center center","background-size":"auto","background-attachment":"scroll","background-type":"","background-media":"","overlay-type":"","overlay-color":"","overlay-opacity":"","overlay-gradient":""},"mobile":{"background-color":"","background-image":"","background-repeat":"repeat","background-position":"center center","background-size":"auto","background-attachment":"scroll","background-type":"","background-media":"","overlay-type":"","overlay-color":"","overlay-opacity":"","overlay-gradient":""}},"ast-content-background-meta":{"desktop":{"background-color":"var(--ast-global-color-5)","background-image":"","background-repeat":"repeat","background-position":"center center","background-size":"auto","background-attachment":"scroll","background-type":"","background-media":"","overlay-type":"","overlay-color":"","overlay-opacity":"","overlay-gradient":""},"tablet":{"background-color":"var(--ast-global-color-5)","background-image":"","background-repeat":"repeat","background-position":"center center","background-size":"auto","background-attachment":"scroll","background-type":"","background-media":"","overlay-type":"","overlay-color":"","overlay-opacity":"","overlay-gradient":""},"mobile":{"background-color":"var(--ast-global-color-5)","background-image":"","background-repeat":"repeat","background-position":"center center","background-size":"auto","background-attachment":"scroll","background-type":"","background-media":"","overlay-type":"","overlay-color":"","overlay-opacity":"","overlay-gradient":""}},"footnotes":""},"class_list":["post-3144","page","type-page","status-publish","hentry"],"acf":[],"yoast_head":"<!-- This site is optimized with the Yoast SEO plugin v26.9 - https:\/\/yoast.com\/product\/yoast-seo-wordpress\/ -->\n<title>Tillbeh\u00f6r &amp; utrustning - SP Maskiner<\/title>\n<meta name=\"robots\" content=\"index, follow, max-snippet:-1, max-image-preview:large, max-video-preview:-1\" \/>\n<link rel=\"canonical\" href=\"https:\/\/spmaskiner.com\/sv\/skordaraggregat\/skordaraggregat-lx\/skordaraggregat-sp-591-lx-g3\/sp-591-lx-g3-tillbehor-utrustning\/\" \/>\n<meta property=\"og:locale\" content=\"sv_SE\" \/>\n<meta property=\"og:type\" content=\"article\" \/>\n<meta property=\"og:title\" content=\"Tillbeh\u00f6r &amp; utrustning - SP Maskiner\" \/>\n<meta property=\"og:description\" content=\"SP 591 LX G4 Tilllbeh\u00f6r och utrustning &#8211; Sk\u00f6rdaraggregat SP 591 LX G4 Alla v\u00e5ra aggregat har en h\u00f6g utrustningsniv\u00e5 som standard. En rad tillbeh\u00f6r finns dock f\u00f6r att kunna anpassa aggregatet efter olika behov, maskiner och avverkningsf\u00f6rh\u00e5llanden. Nedan beskrivs de vanligaste tillbeh\u00f6ren. F\u00f6r mer information om tillbeh\u00f6r kontakta din SP \u00e5terf\u00f6rs\u00e4ljare eller SP Maskiner. [&hellip;]\" \/>\n<meta property=\"og:url\" content=\"https:\/\/spmaskiner.com\/sv\/skordaraggregat\/skordaraggregat-lx\/skordaraggregat-sp-591-lx-g3\/sp-591-lx-g3-tillbehor-utrustning\/\" \/>\n<meta property=\"og:site_name\" content=\"SP Maskiner\" \/>\n<meta property=\"article:modified_time\" content=\"2026-02-19T11:54:00+00:00\" \/>\n<meta name=\"twitter:card\" content=\"summary_large_image\" \/>\n<script type=\"application\/ld+json\" class=\"yoast-schema-graph\">{\"@context\":\"https:\/\/schema.org\",\"@graph\":[{\"@type\":\"WebPage\",\"@id\":\"https:\/\/spmaskiner.com\/sv\/skordaraggregat\/skordaraggregat-lx\/skordaraggregat-sp-591-lx-g3\/sp-591-lx-g3-tillbehor-utrustning\/\",\"url\":\"https:\/\/spmaskiner.com\/sv\/skordaraggregat\/skordaraggregat-lx\/skordaraggregat-sp-591-lx-g3\/sp-591-lx-g3-tillbehor-utrustning\/\",\"name\":\"Tillbeh\u00f6r & utrustning - SP Maskiner\",\"isPartOf\":{\"@id\":\"https:\/\/spmaskiner.com\/sv\/#website\"},\"datePublished\":\"2021-04-09T09:43:29+00:00\",\"dateModified\":\"2026-02-19T11:54:00+00:00\",\"breadcrumb\":{\"@id\":\"https:\/\/spmaskiner.com\/sv\/skordaraggregat\/skordaraggregat-lx\/skordaraggregat-sp-591-lx-g3\/sp-591-lx-g3-tillbehor-utrustning\/#breadcrumb\"},\"inLanguage\":\"sv-SE\",\"potentialAction\":[{\"@type\":\"ReadAction\",\"target\":[\"https:\/\/spmaskiner.com\/sv\/skordaraggregat\/skordaraggregat-lx\/skordaraggregat-sp-591-lx-g3\/sp-591-lx-g3-tillbehor-utrustning\/\"]}]},{\"@type\":\"BreadcrumbList\",\"@id\":\"https:\/\/spmaskiner.com\/sv\/skordaraggregat\/skordaraggregat-lx\/skordaraggregat-sp-591-lx-g3\/sp-591-lx-g3-tillbehor-utrustning\/#breadcrumb\",\"itemListElement\":[{\"@type\":\"ListItem\",\"position\":1,\"name\":\"Home\",\"item\":\"https:\/\/spmaskiner.com\/sv\/\"},{\"@type\":\"ListItem\",\"position\":2,\"name\":\"Sk\u00f6rdaraggregat\",\"item\":\"https:\/\/spmaskiner.com\/sv\/skordaraggregat\/\"},{\"@type\":\"ListItem\",\"position\":3,\"name\":\"Sk\u00f6rdaraggregat LX\",\"item\":\"https:\/\/spmaskiner.com\/sv\/skordaraggregat\/skordaraggregat-lx\/\"},{\"@type\":\"ListItem\",\"position\":4,\"name\":\"Sk\u00f6rdaraggregat SP 591 LX G4\",\"item\":\"https:\/\/spmaskiner.com\/sv\/skordaraggregat\/skordaraggregat-lx\/skordaraggregat-sp-591-lx-g3\/\"},{\"@type\":\"ListItem\",\"position\":5,\"name\":\"Tillbeh\u00f6r &#038; utrustning\"}]},{\"@type\":\"WebSite\",\"@id\":\"https:\/\/spmaskiner.com\/sv\/#website\",\"url\":\"https:\/\/spmaskiner.com\/sv\/\",\"name\":\"SP Maskiner\",\"description\":\"Always ahead\",\"publisher\":{\"@id\":\"https:\/\/spmaskiner.com\/sv\/#organization\"},\"potentialAction\":[{\"@type\":\"SearchAction\",\"target\":{\"@type\":\"EntryPoint\",\"urlTemplate\":\"https:\/\/spmaskiner.com\/sv\/?s={search_term_string}\"},\"query-input\":{\"@type\":\"PropertyValueSpecification\",\"valueRequired\":true,\"valueName\":\"search_term_string\"}}],\"inLanguage\":\"sv-SE\"},{\"@type\":\"Organization\",\"@id\":\"https:\/\/spmaskiner.com\/sv\/#organization\",\"name\":\"SP Maskiner\",\"url\":\"https:\/\/spmaskiner.com\/sv\/\",\"logo\":{\"@type\":\"ImageObject\",\"inLanguage\":\"sv-SE\",\"@id\":\"https:\/\/spmaskiner.com\/sv\/#\/schema\/logo\/image\/\",\"url\":\"https:\/\/spmaskiner.com\/wp-content\/uploads\/2021\/03\/spmaskiner-logotyp.png\",\"contentUrl\":\"https:\/\/spmaskiner.com\/wp-content\/uploads\/2021\/03\/spmaskiner-logotyp.png\",\"width\":350,\"height\":65,\"caption\":\"SP Maskiner\"},\"image\":{\"@id\":\"https:\/\/spmaskiner.com\/sv\/#\/schema\/logo\/image\/\"}}]}<\/script>\n<!-- \/ Yoast SEO plugin. -->","yoast_head_json":{"title":"Tillbeh\u00f6r & utrustning - SP Maskiner","robots":{"index":"index","follow":"follow","max-snippet":"max-snippet:-1","max-image-preview":"max-image-preview:large","max-video-preview":"max-video-preview:-1"},"canonical":"https:\/\/spmaskiner.com\/sv\/skordaraggregat\/skordaraggregat-lx\/skordaraggregat-sp-591-lx-g3\/sp-591-lx-g3-tillbehor-utrustning\/","og_locale":"sv_SE","og_type":"article","og_title":"Tillbeh\u00f6r & utrustning - SP Maskiner","og_description":"SP 591 LX G4 Tilllbeh\u00f6r och utrustning &#8211; Sk\u00f6rdaraggregat SP 591 LX G4 Alla v\u00e5ra aggregat har en h\u00f6g utrustningsniv\u00e5 som standard. En rad tillbeh\u00f6r finns dock f\u00f6r att kunna anpassa aggregatet efter olika behov, maskiner och avverkningsf\u00f6rh\u00e5llanden. Nedan beskrivs de vanligaste tillbeh\u00f6ren. F\u00f6r mer information om tillbeh\u00f6r kontakta din SP \u00e5terf\u00f6rs\u00e4ljare eller SP Maskiner. [&hellip;]","og_url":"https:\/\/spmaskiner.com\/sv\/skordaraggregat\/skordaraggregat-lx\/skordaraggregat-sp-591-lx-g3\/sp-591-lx-g3-tillbehor-utrustning\/","og_site_name":"SP Maskiner","article_modified_time":"2026-02-19T11:54:00+00:00","twitter_card":"summary_large_image","schema":{"@context":"https:\/\/schema.org","@graph":[{"@type":"WebPage","@id":"https:\/\/spmaskiner.com\/sv\/skordaraggregat\/skordaraggregat-lx\/skordaraggregat-sp-591-lx-g3\/sp-591-lx-g3-tillbehor-utrustning\/","url":"https:\/\/spmaskiner.com\/sv\/skordaraggregat\/skordaraggregat-lx\/skordaraggregat-sp-591-lx-g3\/sp-591-lx-g3-tillbehor-utrustning\/","name":"Tillbeh\u00f6r & utrustning - SP Maskiner","isPartOf":{"@id":"https:\/\/spmaskiner.com\/sv\/#website"},"datePublished":"2021-04-09T09:43:29+00:00","dateModified":"2026-02-19T11:54:00+00:00","breadcrumb":{"@id":"https:\/\/spmaskiner.com\/sv\/skordaraggregat\/skordaraggregat-lx\/skordaraggregat-sp-591-lx-g3\/sp-591-lx-g3-tillbehor-utrustning\/#breadcrumb"},"inLanguage":"sv-SE","potentialAction":[{"@type":"ReadAction","target":["https:\/\/spmaskiner.com\/sv\/skordaraggregat\/skordaraggregat-lx\/skordaraggregat-sp-591-lx-g3\/sp-591-lx-g3-tillbehor-utrustning\/"]}]},{"@type":"BreadcrumbList","@id":"https:\/\/spmaskiner.com\/sv\/skordaraggregat\/skordaraggregat-lx\/skordaraggregat-sp-591-lx-g3\/sp-591-lx-g3-tillbehor-utrustning\/#breadcrumb","itemListElement":[{"@type":"ListItem","position":1,"name":"Home","item":"https:\/\/spmaskiner.com\/sv\/"},{"@type":"ListItem","position":2,"name":"Sk\u00f6rdaraggregat","item":"https:\/\/spmaskiner.com\/sv\/skordaraggregat\/"},{"@type":"ListItem","position":3,"name":"Sk\u00f6rdaraggregat LX","item":"https:\/\/spmaskiner.com\/sv\/skordaraggregat\/skordaraggregat-lx\/"},{"@type":"ListItem","position":4,"name":"Sk\u00f6rdaraggregat SP 591 LX G4","item":"https:\/\/spmaskiner.com\/sv\/skordaraggregat\/skordaraggregat-lx\/skordaraggregat-sp-591-lx-g3\/"},{"@type":"ListItem","position":5,"name":"Tillbeh\u00f6r &#038; utrustning"}]},{"@type":"WebSite","@id":"https:\/\/spmaskiner.com\/sv\/#website","url":"https:\/\/spmaskiner.com\/sv\/","name":"SP Maskiner","description":"Always ahead","publisher":{"@id":"https:\/\/spmaskiner.com\/sv\/#organization"},"potentialAction":[{"@type":"SearchAction","target":{"@type":"EntryPoint","urlTemplate":"https:\/\/spmaskiner.com\/sv\/?s={search_term_string}"},"query-input":{"@type":"PropertyValueSpecification","valueRequired":true,"valueName":"search_term_string"}}],"inLanguage":"sv-SE"},{"@type":"Organization","@id":"https:\/\/spmaskiner.com\/sv\/#organization","name":"SP Maskiner","url":"https:\/\/spmaskiner.com\/sv\/","logo":{"@type":"ImageObject","inLanguage":"sv-SE","@id":"https:\/\/spmaskiner.com\/sv\/#\/schema\/logo\/image\/","url":"https:\/\/spmaskiner.com\/wp-content\/uploads\/2021\/03\/spmaskiner-logotyp.png","contentUrl":"https:\/\/spmaskiner.com\/wp-content\/uploads\/2021\/03\/spmaskiner-logotyp.png","width":350,"height":65,"caption":"SP Maskiner"},"image":{"@id":"https:\/\/spmaskiner.com\/sv\/#\/schema\/logo\/image\/"}}]}},"_links":{"self":[{"href":"https:\/\/spmaskiner.com\/sv\/wp-json\/wp\/v2\/pages\/3144","targetHints":{"allow":["GET"]}}],"collection":[{"href":"https:\/\/spmaskiner.com\/sv\/wp-json\/wp\/v2\/pages"}],"about":[{"href":"https:\/\/spmaskiner.com\/sv\/wp-json\/wp\/v2\/types\/page"}],"author":[{"embeddable":true,"href":"https:\/\/spmaskiner.com\/sv\/wp-json\/wp\/v2\/users\/1"}],"replies":[{"embeddable":true,"href":"https:\/\/spmaskiner.com\/sv\/wp-json\/wp\/v2\/comments?post=3144"}],"version-history":[{"count":10,"href":"https:\/\/spmaskiner.com\/sv\/wp-json\/wp\/v2\/pages\/3144\/revisions"}],"predecessor-version":[{"id":12739,"href":"https:\/\/spmaskiner.com\/sv\/wp-json\/wp\/v2\/pages\/3144\/revisions\/12739"}],"up":[{"embeddable":true,"href":"https:\/\/spmaskiner.com\/sv\/wp-json\/wp\/v2\/pages\/3136"}],"wp:attachment":[{"href":"https:\/\/spmaskiner.com\/sv\/wp-json\/wp\/v2\/media?parent=3144"}],"curies":[{"name":"wp","href":"https:\/\/api.w.org\/{rel}","templated":true}]}}