{"id":3327,"date":"2021-04-09T14:35:03","date_gmt":"2021-04-09T12:35:03","guid":{"rendered":"https:\/\/spmaskiner.com\/?page_id=3327"},"modified":"2022-06-02T13:32:08","modified_gmt":"2022-06-02T11:32:08","slug":"sp-761-e-tekniska-data","status":"publish","type":"page","link":"https:\/\/spmaskiner.com\/sv\/skordaraggregat\/skordaraggregat-e\/skordaraggregat-sp-761-e\/sp-761-e-tekniska-data\/","title":{"rendered":"Tekniska data"},"content":{"rendered":"\t\t<div data-elementor-type=\"wp-page\" data-elementor-id=\"3327\" class=\"elementor elementor-3327\" data-elementor-post-type=\"page\">\n\t\t\t\t\t\t<section class=\"elementor-section elementor-top-section elementor-element elementor-element-57b8d95 elementor-section-height-min-height elementor-section-items-top elementor-section-boxed elementor-section-height-default\" data-id=\"57b8d95\" data-element_type=\"section\" data-e-type=\"section\" data-settings=\"{&quot;background_background&quot;:&quot;classic&quot;}\">\n\t\t\t\t\t\t<div class=\"elementor-container elementor-column-gap-default\">\n\t\t\t\t\t<div class=\"elementor-column elementor-col-50 elementor-top-column elementor-element elementor-element-6a511eee\" data-id=\"6a511eee\" data-element_type=\"column\" data-e-type=\"column\" data-settings=\"{&quot;background_background&quot;:&quot;classic&quot;}\">\n\t\t\t<div class=\"elementor-widget-wrap elementor-element-populated\">\n\t\t\t\t\t\t<div class=\"elementor-element elementor-element-52c71bb0 elementor-widget__width-auto elementor-widget elementor-widget-heading\" data-id=\"52c71bb0\" data-element_type=\"widget\" data-e-type=\"widget\" data-widget_type=\"heading.default\">\n\t\t\t\t<div class=\"elementor-widget-container\">\n\t\t\t\t\t<h2 class=\"elementor-heading-title elementor-size-default\">SP 761 E<\/h2>\t\t\t\t<\/div>\n\t\t\t\t<\/div>\n\t\t\t\t\t<\/div>\n\t\t<\/div>\n\t\t\t\t<div class=\"elementor-column elementor-col-50 elementor-top-column elementor-element elementor-element-12a28660\" data-id=\"12a28660\" data-element_type=\"column\" data-e-type=\"column\" data-settings=\"{&quot;background_background&quot;:&quot;classic&quot;}\">\n\t\t\t<div class=\"elementor-widget-wrap\">\n\t\t\t\t\t\t\t<\/div>\n\t\t<\/div>\n\t\t\t\t\t<\/div>\n\t\t<\/section>\n\t\t\t\t<section class=\"elementor-section elementor-top-section elementor-element elementor-element-1acf06d0 elementor-section-full_width elementor-section-height-default elementor-section-height-default\" data-id=\"1acf06d0\" data-element_type=\"section\" data-e-type=\"section\">\n\t\t\t\t\t\t<div class=\"elementor-container elementor-column-gap-default\">\n\t\t\t\t\t<div class=\"elementor-column elementor-col-100 elementor-top-column elementor-element elementor-element-4902ca21\" data-id=\"4902ca21\" data-element_type=\"column\" data-e-type=\"column\">\n\t\t\t<div class=\"elementor-widget-wrap elementor-element-populated\">\n\t\t\t\t\t\t<div class=\"elementor-element elementor-element-c6bb19e elementor-nav-menu__align-center elementor-nav-menu--dropdown-mobile elementor-nav-menu__text-align-aside elementor-nav-menu--toggle elementor-nav-menu--burger elementor-widget elementor-widget-global elementor-global-3352 elementor-widget-nav-menu\" data-id=\"c6bb19e\" data-element_type=\"widget\" data-e-type=\"widget\" id=\"product-menu\" data-settings=\"{&quot;layout&quot;:&quot;horizontal&quot;,&quot;submenu_icon&quot;:{&quot;value&quot;:&quot;fas fa-caret-down&quot;,&quot;library&quot;:&quot;fa-solid&quot;},&quot;toggle&quot;:&quot;burger&quot;}\" data-widget_type=\"nav-menu.default\">\n\t\t\t\t<div class=\"elementor-widget-container\">\n\t\t\t\t\t\t\t\t<nav aria-label=\"Meny\" class=\"elementor-nav-menu--main elementor-nav-menu__container elementor-nav-menu--layout-horizontal e--pointer-background e--animation-fade\">\n\t\t\t\t<ul id=\"menu-1-c6bb19e\" class=\"elementor-nav-menu\"><li class=\"menu-item menu-item-type-post_type menu-item-object-page menu-item-3336\"><a href=\"https:\/\/spmaskiner.com\/sv\/skordaraggregat\/skordaraggregat-e\/skordaraggregat-sp-761-e\/\" title=\"Produktinformation &#8211; Sk\u00f6rdaraggregat SP 761 E\" class=\"elementor-item menu-link\">Produktinformation<\/a><\/li>\n<li class=\"menu-item menu-item-type-post_type menu-item-object-page menu-item-3337\"><a href=\"https:\/\/spmaskiner.com\/sv\/skordaraggregat\/skordaraggregat-e\/skordaraggregat-sp-761-e\/sp-761-e-tekniska-data\/\" title=\"Tekniska data &#8211; Sk\u00f6rdaraggregat SP 761 E\" class=\"elementor-item menu-link\">Tekniska data<\/a><\/li>\n<li class=\"menu-item menu-item-type-post_type menu-item-object-page menu-item-3339\"><a href=\"https:\/\/spmaskiner.com\/sv\/skordaraggregat\/skordaraggregat-e\/skordaraggregat-sp-761-e\/sp-761-e-kundfordelar\/\" title=\"Kundf\u00f6rdelar &#8211; Sk\u00f6rdaraggregat SP 761 E\" class=\"elementor-item menu-link\">Kundf\u00f6rdelar<\/a><\/li>\n<li class=\"menu-item menu-item-type-post_type menu-item-object-page menu-item-4377\"><a href=\"https:\/\/spmaskiner.com\/sv\/skordaraggregat\/skordaraggregat-e\/skordaraggregat-sp-761-e\/sp-761-e-styr-och-matsystem\/\" class=\"elementor-item menu-link\">Styr- och m\u00e4tsystem<\/a><\/li>\n<li class=\"menu-item menu-item-type-post_type menu-item-object-page menu-item-3421\"><a href=\"https:\/\/spmaskiner.com\/sv\/skordaraggregat\/skordaraggregat-e\/skordaraggregat-sp-761-e\/sp-761-e-tillbehor-utrustning\/\" title=\"Tillbeh\u00f6r &#038; utrustning &#8211; Sk\u00f6rdaraggregat SP 761 E\" class=\"elementor-item menu-link\">Tillbeh\u00f6r och utrustning<\/a><\/li>\n<\/ul>\t\t\t<\/nav>\n\t\t\t\t\t<div class=\"elementor-menu-toggle\" role=\"button\" tabindex=\"0\" aria-label=\"Sl\u00e5 p\u00e5\/av meny\" aria-expanded=\"false\">\n\t\t\t<i aria-hidden=\"true\" role=\"presentation\" class=\"elementor-menu-toggle__icon--open eicon-menu-bar\"><\/i><i aria-hidden=\"true\" role=\"presentation\" class=\"elementor-menu-toggle__icon--close eicon-close\"><\/i>\t\t<\/div>\n\t\t\t\t\t<nav class=\"elementor-nav-menu--dropdown elementor-nav-menu__container\" aria-hidden=\"true\">\n\t\t\t\t<ul id=\"menu-2-c6bb19e\" class=\"elementor-nav-menu\"><li class=\"menu-item menu-item-type-post_type menu-item-object-page menu-item-3336\"><a href=\"https:\/\/spmaskiner.com\/sv\/skordaraggregat\/skordaraggregat-e\/skordaraggregat-sp-761-e\/\" title=\"Produktinformation &#8211; Sk\u00f6rdaraggregat SP 761 E\" class=\"elementor-item menu-link\" tabindex=\"-1\">Produktinformation<\/a><\/li>\n<li class=\"menu-item menu-item-type-post_type menu-item-object-page menu-item-3337\"><a href=\"https:\/\/spmaskiner.com\/sv\/skordaraggregat\/skordaraggregat-e\/skordaraggregat-sp-761-e\/sp-761-e-tekniska-data\/\" title=\"Tekniska data &#8211; Sk\u00f6rdaraggregat SP 761 E\" class=\"elementor-item menu-link\" tabindex=\"-1\">Tekniska data<\/a><\/li>\n<li class=\"menu-item menu-item-type-post_type menu-item-object-page menu-item-3339\"><a href=\"https:\/\/spmaskiner.com\/sv\/skordaraggregat\/skordaraggregat-e\/skordaraggregat-sp-761-e\/sp-761-e-kundfordelar\/\" title=\"Kundf\u00f6rdelar &#8211; Sk\u00f6rdaraggregat SP 761 E\" class=\"elementor-item menu-link\" tabindex=\"-1\">Kundf\u00f6rdelar<\/a><\/li>\n<li class=\"menu-item menu-item-type-post_type menu-item-object-page menu-item-4377\"><a href=\"https:\/\/spmaskiner.com\/sv\/skordaraggregat\/skordaraggregat-e\/skordaraggregat-sp-761-e\/sp-761-e-styr-och-matsystem\/\" class=\"elementor-item menu-link\" tabindex=\"-1\">Styr- och m\u00e4tsystem<\/a><\/li>\n<li class=\"menu-item menu-item-type-post_type menu-item-object-page menu-item-3421\"><a href=\"https:\/\/spmaskiner.com\/sv\/skordaraggregat\/skordaraggregat-e\/skordaraggregat-sp-761-e\/sp-761-e-tillbehor-utrustning\/\" title=\"Tillbeh\u00f6r &#038; utrustning &#8211; Sk\u00f6rdaraggregat SP 761 E\" class=\"elementor-item menu-link\" tabindex=\"-1\">Tillbeh\u00f6r och utrustning<\/a><\/li>\n<\/ul>\t\t\t<\/nav>\n\t\t\t\t\t\t<\/div>\n\t\t\t\t<\/div>\n\t\t\t\t\t<\/div>\n\t\t<\/div>\n\t\t\t\t\t<\/div>\n\t\t<\/section>\n\t\t\t\t<section class=\"elementor-section elementor-top-section elementor-element elementor-element-5192a99e elementor-section-boxed elementor-section-height-default elementor-section-height-default\" data-id=\"5192a99e\" data-element_type=\"section\" data-e-type=\"section\">\n\t\t\t\t\t\t<div class=\"elementor-container elementor-column-gap-default\">\n\t\t\t\t\t<div class=\"elementor-column elementor-col-100 elementor-top-column elementor-element elementor-element-511b7df5\" data-id=\"511b7df5\" data-element_type=\"column\" data-e-type=\"column\">\n\t\t\t<div class=\"elementor-widget-wrap elementor-element-populated\">\n\t\t\t\t\t\t<div class=\"elementor-element elementor-element-2d36d1ca elementor-widget elementor-widget-heading\" data-id=\"2d36d1ca\" data-element_type=\"widget\" data-e-type=\"widget\" data-widget_type=\"heading.default\">\n\t\t\t\t<div class=\"elementor-widget-container\">\n\t\t\t\t\t<h1 class=\"elementor-heading-title elementor-size-default\">Sk\u00f6rdaraggregat SP 761 E - Tekniska Data<\/h1>\t\t\t\t<\/div>\n\t\t\t\t<\/div>\n\t\t\t\t<div class=\"elementor-element elementor-element-665dd063 elementor-widget elementor-widget-text-editor\" data-id=\"665dd063\" data-element_type=\"widget\" data-e-type=\"widget\" data-widget_type=\"text-editor.default\">\n\t\t\t\t<div class=\"elementor-widget-container\">\n\t\t\t\t\t\t\t\t\t<p>L\u00e4r dig mer om tekniken bakom v\u00e5ra enskilda aggregat. H\u00e4r hittar du allt fr\u00e5n information om kapning och kvistning till vikt och dimensioner.<\/p>\t\t\t\t\t\t\t\t<\/div>\n\t\t\t\t<\/div>\n\t\t\t\t<div class=\"elementor-element elementor-element-1b801d0 tech-data elementor-widget elementor-widget-text-editor\" data-id=\"1b801d0\" data-element_type=\"widget\" data-e-type=\"widget\" data-widget_type=\"text-editor.default\">\n\t\t\t\t<div class=\"elementor-widget-container\">\n\t\t\t\t\t\t\t\t\t<div class=\"col-md-12\">\n<div class=\"\">\n<h4>Hydraulik<\/h4>\n<table class=\"table table-condensed\">\n<thead><\/thead>\n<tbody>\n<tr>\n<td>&nbsp;<\/td>\n<td><strong>Metrisk<\/strong><\/td>\n<td>&nbsp;<\/td>\n<td>&nbsp;<\/td>\n<\/tr>\n<tr class=\"table-color\">\n<td width=\"30%\">Min. oljefl\u00f6de:<\/td>\n<td width=\"70%\">200 l\/min<\/td>\n<td>&nbsp;<\/td>\n<td>&nbsp;<\/td>\n<\/tr>\n<tr>\n<td>Rek. arbetstryck:<\/td>\n<td>25-30 MPa<\/td>\n<td>&nbsp;<\/td>\n<td>&nbsp;<\/td>\n<\/tr>\n<\/tbody>\n<\/table>\n<\/div>\n<div class=\"\">\n<h4>Matning<\/h4>\n<table class=\"table table-condensed\">\n<thead><\/thead>\n<tbody>\n<tr>\n<td colspan=\"4\">Proportionellt hjulkl\u00e4mstryck mot stamdiameter, individuell inst\u00e4llning per tr\u00e4dslag f\u00f6r optimal prestanda.<\/td>\n<\/tr>\n<tr class=\"table-color\">\n<td width=\"30%\">Hjulmotorer:<\/td>\n<td width=\"70%\">780 cc<\/td>\n<td>&nbsp;<\/td>\n<td>&nbsp;<\/td>\n<\/tr>\n<tr>\n<td>Min. vals\u00f6ppning:<\/td>\n<td>20 mm<\/td>\n<td>&nbsp;<\/td>\n<td>&nbsp;<\/td>\n<\/tr>\n<tr class=\"table-color\">\n<td>Max. vals\u00f6ppning:<\/td>\n<td>700 mm<\/td>\n<td>&nbsp;<\/td>\n<td>&nbsp;<\/td>\n<\/tr>\n<tr>\n<td>Max. Matningskraft:<\/td>\n<td>21,7 eller 27 kN<\/td>\n<td>&nbsp;<\/td>\n<td>&nbsp;<\/td>\n<\/tr>\n<tr class=\"table-color\">\n<td>Max Matningshastighet:<\/td>\n<td>6,5 m\/s<\/td>\n<td>&nbsp;<\/td>\n<td>&nbsp;<\/td>\n<\/tr>\n<tr>\n<td>Proportionella tryck:<\/td>\n<td>Ja<\/td>\n<td>&nbsp;<\/td>\n<td>&nbsp;<\/td>\n<\/tr>\n<\/tbody>\n<\/table>\n<\/div>\n<div class=\"\">\n<h4>Matning \/ Kapning<\/h4>\n<p>SuperCut 150 \u00e4r en mycket kraftfull enhet med integrerad kedjesm\u00f6rjning och hydraulisk str\u00e4ckning av kedjan. I kombination med SP\u00b4s QuickCut optimeras kaptiden och risken f\u00f6r kapsprickor minimeras.<\/p>\n<table class=\"table table-condensed\">\n<thead><\/thead>\n<tbody>\n<tr class=\"table-color\">\n<td width=\"30%\">Kapdiameter:<\/td>\n<td width=\"70%\">700 mm<\/td>\n<td>&nbsp;<\/td>\n<td>&nbsp;<\/td>\n<\/tr>\n<tr>\n<td>Kedjehastighet:<\/td>\n<td>40 m\/s<\/td>\n<td>&nbsp;<\/td>\n<td>&nbsp;<\/td>\n<\/tr>\n<tr class=\"table-color\">\n<td>S\u00e5gmotor:<\/td>\n<td>32 cc<\/td>\n<td>&nbsp;<\/td>\n<td>&nbsp;<\/td>\n<\/tr>\n<tr>\n<td>S\u00e5genhet:<\/td>\n<td>SuperCut 150<\/td>\n<td>&nbsp;<\/td>\n<td>&nbsp;<\/td>\n<\/tr>\n<tr class=\"table-color\">\n<td>QuickCut:<\/td>\n<td>Yes<\/td>\n<td>&nbsp;<\/td>\n<td>&nbsp;<\/td>\n<\/tr>\n<\/tbody>\n<\/table>\n<\/div>\n<div class=\"\">\n<h4>Barkning\/kvistning<\/h4>\n<table class=\"table table-condensed\">\n<thead><\/thead>\n<tbody>\n<tr>\n<td colspan=\"4\">Proportionellt kvistknivstryck mot stamdiameter f\u00f6r l\u00e4gsta friktion och maximal produktion. Individuell inst\u00e4llning \u00f6vre\/nedre kniv(ar) samt per tr\u00e4dslag f\u00f6r optimal prestanda.<\/td>\n<\/tr>\n<tr class=\"table-color\">\n<td width=\"30%\">R\u00f6rliga knivar:<\/td>\n<td width=\"70%\">3<\/td>\n<td>&nbsp;<\/td>\n<td>&nbsp;<\/td>\n<\/tr>\n<tr>\n<td>Fasta knivar:<\/td>\n<td>2<\/td>\n<td>&nbsp;<\/td>\n<td>&nbsp;<\/td>\n<\/tr>\n<tr class=\"table-color\">\n<td>\n<p>Fasta barkavvisare:<\/p>\n<\/td>\n<td>1<\/td>\n<td>&nbsp;<\/td>\n<td>&nbsp;<\/td>\n<\/tr>\n<tr>\n<td>Min. kvistdiameter:<\/td>\n<td>27 mm<\/td>\n<td>&nbsp;<\/td>\n<td>&nbsp;<\/td>\n<\/tr>\n<tr class=\"table-color\">\n<td>\n<p>Optimal avbarkningsdiameter:<\/p>\n<\/td>\n<td>27\u2013350 mm<\/td>\n<td>&nbsp;<\/td>\n<td>&nbsp;<\/td>\n<\/tr>\n<tr>\n<td>Proportionella tryck:<\/td>\n<td>Ja<\/td>\n<td>&nbsp;<\/td>\n<td>&nbsp;<\/td>\n<\/tr>\n<tr class=\"table-color\">\n<td>LogHold:<\/td>\n<td>Ja<\/td>\n<td>&nbsp;<\/td>\n<td>&nbsp;<\/td>\n<\/tr>\n<\/tbody>\n<\/table>\n<\/div>\n<div class=\"\">\n<h4>Vikt och dimensioner<\/h4>\n<table class=\"table table-condensed\">\n<thead><\/thead>\n<tbody>\n<tr class=\"table-color\">\n<td width=\"30%\">Bredd st\u00e4ngt:<\/td>\n<td width=\"70%\">1400 mm<\/td>\n<td>&nbsp;<\/td>\n<td>&nbsp;<\/td>\n<\/tr>\n<tr>\n<td>Bredd \u00f6ppet:<\/td>\n<td>1920 mm<\/td>\n<td>&nbsp;<\/td>\n<td>&nbsp;<\/td>\n<\/tr>\n<tr class=\"table-color\">\n<td>H\u00f6jd:<\/td>\n<td>1850 mm<\/td>\n<td>&nbsp;<\/td>\n<td>&nbsp;<\/td>\n<\/tr>\n<tr>\n<td>Vikt:<\/td>\n<td>1765kg<\/td>\n<td>&nbsp;<\/td>\n<td>&nbsp;<\/td>\n<\/tr>\n<\/tbody>\n<\/table>\n<\/div>\n<div class=\"\">\n<h4>Rekommendationer<\/h4>\n<p>SP 761 E kan med utm\u00e4rkt resultat installeras p\u00e5 b\u00e5de hjulg\u00e5ende sk\u00f6rdare, 14 \u2013 25 tons gr\u00e4vmaskiner samt bandg\u00e5ende sk\u00f6rdare.<\/p>\n<table class=\"table table-condensed\">\n<thead><\/thead>\n<tbody>\n<tr>\n<td colspan=\"2\"><strong>Avverkning<\/strong><\/td>\n<\/tr>\n<tr class=\"table-color\">\n<td width=\"30%\">Rek. stamdiameter (DBH) f\u00f6r h\u00f6gsta produktivitet*:<\/td>\n<td width=\"70%\">10-35 cm<\/td>\n<\/tr>\n<tr>\n<td colspan=\"2\">* Diameter br\u00f6sth\u00f6jd, m\u00e4ts 1,3m upp p\u00e5 stammen.<\/td>\n<\/tr>\n<\/tbody>\n<\/table>\n<\/div>\n<p>Vi f\u00f6rbeh\u00e5ller oss r\u00e4tten att \u00e4ndra i specifikationer och utf\u00f6rande. Avbildade sk\u00f6rdaraggregat kan ha viss extrautrustning. Alla angivna m\u00e5tt\/v\u00e4rden \u00e4r ca uppgifter och avser standardutrustning.<\/p>\n<\/div>\t\t\t\t\t\t\t\t<\/div>\n\t\t\t\t<\/div>\n\t\t\t\t\t<\/div>\n\t\t<\/div>\n\t\t\t\t\t<\/div>\n\t\t<\/section>\n\t\t\t\t<\/div>\n\t\t","protected":false},"excerpt":{"rendered":"<p>SP 761 E Sk\u00f6rdaraggregat SP 761 E &#8211; Tekniska Data L\u00e4r dig mer om tekniken bakom v\u00e5ra enskilda aggregat. H\u00e4r hittar du allt fr\u00e5n information om kapning och kvistning till vikt och dimensioner. Hydraulik &nbsp; Metrisk &nbsp; &nbsp; Min. oljefl\u00f6de: 200 l\/min &nbsp; &nbsp; Rek. arbetstryck: 25-30 MPa &nbsp; &nbsp; Matning Proportionellt hjulkl\u00e4mstryck mot stamdiameter, [&hellip;]<\/p>\n","protected":false},"author":1,"featured_media":0,"parent":3325,"menu_order":336,"comment_status":"closed","ping_status":"closed","template":"elementor_header_footer","meta":{"_acf_changed":false,"site-sidebar-layout":"no-sidebar","site-content-layout":"page-builder","ast-site-content-layout":"default","site-content-style":"default","site-sidebar-style":"default","ast-global-header-display":"","ast-banner-title-visibility":"","ast-main-header-display":"","ast-hfb-above-header-display":"","ast-hfb-below-header-display":"","ast-hfb-mobile-header-display":"","site-post-title":"disabled","ast-breadcrumbs-content":"","ast-featured-img":"disabled","footer-sml-layout":"","ast-disable-related-posts":"","theme-transparent-header-meta":"default","adv-header-id-meta":"","stick-header-meta":"","header-above-stick-meta":"","header-main-stick-meta":"","header-below-stick-meta":"","astra-migrate-meta-layouts":"default","ast-page-background-enabled":"default","ast-page-background-meta":{"desktop":{"background-color":"","background-image":"","background-repeat":"repeat","background-position":"center center","background-size":"auto","background-attachment":"scroll","background-type":"","background-media":"","overlay-type":"","overlay-color":"","overlay-opacity":"","overlay-gradient":""},"tablet":{"background-color":"","background-image":"","background-repeat":"repeat","background-position":"center center","background-size":"auto","background-attachment":"scroll","background-type":"","background-media":"","overlay-type":"","overlay-color":"","overlay-opacity":"","overlay-gradient":""},"mobile":{"background-color":"","background-image":"","background-repeat":"repeat","background-position":"center center","background-size":"auto","background-attachment":"scroll","background-type":"","background-media":"","overlay-type":"","overlay-color":"","overlay-opacity":"","overlay-gradient":""}},"ast-content-background-meta":{"desktop":{"background-color":"var(--ast-global-color-5)","background-image":"","background-repeat":"repeat","background-position":"center center","background-size":"auto","background-attachment":"scroll","background-type":"","background-media":"","overlay-type":"","overlay-color":"","overlay-opacity":"","overlay-gradient":""},"tablet":{"background-color":"var(--ast-global-color-5)","background-image":"","background-repeat":"repeat","background-position":"center center","background-size":"auto","background-attachment":"scroll","background-type":"","background-media":"","overlay-type":"","overlay-color":"","overlay-opacity":"","overlay-gradient":""},"mobile":{"background-color":"var(--ast-global-color-5)","background-image":"","background-repeat":"repeat","background-position":"center center","background-size":"auto","background-attachment":"scroll","background-type":"","background-media":"","overlay-type":"","overlay-color":"","overlay-opacity":"","overlay-gradient":""}},"footnotes":""},"class_list":["post-3327","page","type-page","status-publish","hentry"],"acf":[],"yoast_head":"<!-- This site is optimized with the Yoast SEO plugin v26.9 - https:\/\/yoast.com\/product\/yoast-seo-wordpress\/ -->\n<title>Tekniska data - SP Maskiner<\/title>\n<meta name=\"robots\" content=\"index, follow, max-snippet:-1, max-image-preview:large, max-video-preview:-1\" \/>\n<link rel=\"canonical\" href=\"https:\/\/spmaskiner.com\/sv\/skordaraggregat\/skordaraggregat-e\/skordaraggregat-sp-761-e\/sp-761-e-tekniska-data\/\" \/>\n<meta property=\"og:locale\" content=\"sv_SE\" \/>\n<meta property=\"og:type\" content=\"article\" \/>\n<meta property=\"og:title\" content=\"Tekniska data - SP Maskiner\" \/>\n<meta property=\"og:description\" content=\"SP 761 E Sk\u00f6rdaraggregat SP 761 E &#8211; Tekniska Data L\u00e4r dig mer om tekniken bakom v\u00e5ra enskilda aggregat. H\u00e4r hittar du allt fr\u00e5n information om kapning och kvistning till vikt och dimensioner. Hydraulik &nbsp; Metrisk &nbsp; &nbsp; Min. oljefl\u00f6de: 200 l\/min &nbsp; &nbsp; Rek. arbetstryck: 25-30 MPa &nbsp; &nbsp; Matning Proportionellt hjulkl\u00e4mstryck mot stamdiameter, [&hellip;]\" \/>\n<meta property=\"og:url\" content=\"https:\/\/spmaskiner.com\/sv\/skordaraggregat\/skordaraggregat-e\/skordaraggregat-sp-761-e\/sp-761-e-tekniska-data\/\" \/>\n<meta property=\"og:site_name\" content=\"SP Maskiner\" \/>\n<meta property=\"article:modified_time\" content=\"2022-06-02T11:32:08+00:00\" \/>\n<meta name=\"twitter:card\" content=\"summary_large_image\" \/>\n<script type=\"application\/ld+json\" class=\"yoast-schema-graph\">{\"@context\":\"https:\/\/schema.org\",\"@graph\":[{\"@type\":\"WebPage\",\"@id\":\"https:\/\/spmaskiner.com\/sv\/skordaraggregat\/skordaraggregat-e\/skordaraggregat-sp-761-e\/sp-761-e-tekniska-data\/\",\"url\":\"https:\/\/spmaskiner.com\/sv\/skordaraggregat\/skordaraggregat-e\/skordaraggregat-sp-761-e\/sp-761-e-tekniska-data\/\",\"name\":\"Tekniska data - SP Maskiner\",\"isPartOf\":{\"@id\":\"https:\/\/spmaskiner.com\/sv\/#website\"},\"datePublished\":\"2021-04-09T12:35:03+00:00\",\"dateModified\":\"2022-06-02T11:32:08+00:00\",\"breadcrumb\":{\"@id\":\"https:\/\/spmaskiner.com\/sv\/skordaraggregat\/skordaraggregat-e\/skordaraggregat-sp-761-e\/sp-761-e-tekniska-data\/#breadcrumb\"},\"inLanguage\":\"sv-SE\",\"potentialAction\":[{\"@type\":\"ReadAction\",\"target\":[\"https:\/\/spmaskiner.com\/sv\/skordaraggregat\/skordaraggregat-e\/skordaraggregat-sp-761-e\/sp-761-e-tekniska-data\/\"]}]},{\"@type\":\"BreadcrumbList\",\"@id\":\"https:\/\/spmaskiner.com\/sv\/skordaraggregat\/skordaraggregat-e\/skordaraggregat-sp-761-e\/sp-761-e-tekniska-data\/#breadcrumb\",\"itemListElement\":[{\"@type\":\"ListItem\",\"position\":1,\"name\":\"Home\",\"item\":\"https:\/\/spmaskiner.com\/sv\/\"},{\"@type\":\"ListItem\",\"position\":2,\"name\":\"Sk\u00f6rdaraggregat\",\"item\":\"https:\/\/spmaskiner.com\/sv\/skordaraggregat\/\"},{\"@type\":\"ListItem\",\"position\":3,\"name\":\"Sk\u00f6rdaraggregat E\",\"item\":\"https:\/\/spmaskiner.com\/sv\/skordaraggregat\/skordaraggregat-e\/\"},{\"@type\":\"ListItem\",\"position\":4,\"name\":\"Sk\u00f6rdaraggregat SP 761 E\",\"item\":\"https:\/\/spmaskiner.com\/sv\/skordaraggregat\/skordaraggregat-e\/skordaraggregat-sp-761-e\/\"},{\"@type\":\"ListItem\",\"position\":5,\"name\":\"SP 761 E Tekniska data\"}]},{\"@type\":\"WebSite\",\"@id\":\"https:\/\/spmaskiner.com\/sv\/#website\",\"url\":\"https:\/\/spmaskiner.com\/sv\/\",\"name\":\"SP Maskiner\",\"description\":\"Always ahead\",\"publisher\":{\"@id\":\"https:\/\/spmaskiner.com\/sv\/#organization\"},\"potentialAction\":[{\"@type\":\"SearchAction\",\"target\":{\"@type\":\"EntryPoint\",\"urlTemplate\":\"https:\/\/spmaskiner.com\/sv\/?s={search_term_string}\"},\"query-input\":{\"@type\":\"PropertyValueSpecification\",\"valueRequired\":true,\"valueName\":\"search_term_string\"}}],\"inLanguage\":\"sv-SE\"},{\"@type\":\"Organization\",\"@id\":\"https:\/\/spmaskiner.com\/sv\/#organization\",\"name\":\"SP Maskiner\",\"url\":\"https:\/\/spmaskiner.com\/sv\/\",\"logo\":{\"@type\":\"ImageObject\",\"inLanguage\":\"sv-SE\",\"@id\":\"https:\/\/spmaskiner.com\/sv\/#\/schema\/logo\/image\/\",\"url\":\"https:\/\/spmaskiner.com\/wp-content\/uploads\/2021\/03\/spmaskiner-logotyp.png\",\"contentUrl\":\"https:\/\/spmaskiner.com\/wp-content\/uploads\/2021\/03\/spmaskiner-logotyp.png\",\"width\":350,\"height\":65,\"caption\":\"SP Maskiner\"},\"image\":{\"@id\":\"https:\/\/spmaskiner.com\/sv\/#\/schema\/logo\/image\/\"}}]}<\/script>\n<!-- \/ Yoast SEO plugin. -->","yoast_head_json":{"title":"Tekniska data - SP Maskiner","robots":{"index":"index","follow":"follow","max-snippet":"max-snippet:-1","max-image-preview":"max-image-preview:large","max-video-preview":"max-video-preview:-1"},"canonical":"https:\/\/spmaskiner.com\/sv\/skordaraggregat\/skordaraggregat-e\/skordaraggregat-sp-761-e\/sp-761-e-tekniska-data\/","og_locale":"sv_SE","og_type":"article","og_title":"Tekniska data - SP Maskiner","og_description":"SP 761 E Sk\u00f6rdaraggregat SP 761 E &#8211; Tekniska Data L\u00e4r dig mer om tekniken bakom v\u00e5ra enskilda aggregat. H\u00e4r hittar du allt fr\u00e5n information om kapning och kvistning till vikt och dimensioner. Hydraulik &nbsp; Metrisk &nbsp; &nbsp; Min. oljefl\u00f6de: 200 l\/min &nbsp; &nbsp; Rek. arbetstryck: 25-30 MPa &nbsp; &nbsp; Matning Proportionellt hjulkl\u00e4mstryck mot stamdiameter, [&hellip;]","og_url":"https:\/\/spmaskiner.com\/sv\/skordaraggregat\/skordaraggregat-e\/skordaraggregat-sp-761-e\/sp-761-e-tekniska-data\/","og_site_name":"SP Maskiner","article_modified_time":"2022-06-02T11:32:08+00:00","twitter_card":"summary_large_image","schema":{"@context":"https:\/\/schema.org","@graph":[{"@type":"WebPage","@id":"https:\/\/spmaskiner.com\/sv\/skordaraggregat\/skordaraggregat-e\/skordaraggregat-sp-761-e\/sp-761-e-tekniska-data\/","url":"https:\/\/spmaskiner.com\/sv\/skordaraggregat\/skordaraggregat-e\/skordaraggregat-sp-761-e\/sp-761-e-tekniska-data\/","name":"Tekniska data - SP Maskiner","isPartOf":{"@id":"https:\/\/spmaskiner.com\/sv\/#website"},"datePublished":"2021-04-09T12:35:03+00:00","dateModified":"2022-06-02T11:32:08+00:00","breadcrumb":{"@id":"https:\/\/spmaskiner.com\/sv\/skordaraggregat\/skordaraggregat-e\/skordaraggregat-sp-761-e\/sp-761-e-tekniska-data\/#breadcrumb"},"inLanguage":"sv-SE","potentialAction":[{"@type":"ReadAction","target":["https:\/\/spmaskiner.com\/sv\/skordaraggregat\/skordaraggregat-e\/skordaraggregat-sp-761-e\/sp-761-e-tekniska-data\/"]}]},{"@type":"BreadcrumbList","@id":"https:\/\/spmaskiner.com\/sv\/skordaraggregat\/skordaraggregat-e\/skordaraggregat-sp-761-e\/sp-761-e-tekniska-data\/#breadcrumb","itemListElement":[{"@type":"ListItem","position":1,"name":"Home","item":"https:\/\/spmaskiner.com\/sv\/"},{"@type":"ListItem","position":2,"name":"Sk\u00f6rdaraggregat","item":"https:\/\/spmaskiner.com\/sv\/skordaraggregat\/"},{"@type":"ListItem","position":3,"name":"Sk\u00f6rdaraggregat E","item":"https:\/\/spmaskiner.com\/sv\/skordaraggregat\/skordaraggregat-e\/"},{"@type":"ListItem","position":4,"name":"Sk\u00f6rdaraggregat SP 761 E","item":"https:\/\/spmaskiner.com\/sv\/skordaraggregat\/skordaraggregat-e\/skordaraggregat-sp-761-e\/"},{"@type":"ListItem","position":5,"name":"SP 761 E Tekniska data"}]},{"@type":"WebSite","@id":"https:\/\/spmaskiner.com\/sv\/#website","url":"https:\/\/spmaskiner.com\/sv\/","name":"SP Maskiner","description":"Always ahead","publisher":{"@id":"https:\/\/spmaskiner.com\/sv\/#organization"},"potentialAction":[{"@type":"SearchAction","target":{"@type":"EntryPoint","urlTemplate":"https:\/\/spmaskiner.com\/sv\/?s={search_term_string}"},"query-input":{"@type":"PropertyValueSpecification","valueRequired":true,"valueName":"search_term_string"}}],"inLanguage":"sv-SE"},{"@type":"Organization","@id":"https:\/\/spmaskiner.com\/sv\/#organization","name":"SP Maskiner","url":"https:\/\/spmaskiner.com\/sv\/","logo":{"@type":"ImageObject","inLanguage":"sv-SE","@id":"https:\/\/spmaskiner.com\/sv\/#\/schema\/logo\/image\/","url":"https:\/\/spmaskiner.com\/wp-content\/uploads\/2021\/03\/spmaskiner-logotyp.png","contentUrl":"https:\/\/spmaskiner.com\/wp-content\/uploads\/2021\/03\/spmaskiner-logotyp.png","width":350,"height":65,"caption":"SP Maskiner"},"image":{"@id":"https:\/\/spmaskiner.com\/sv\/#\/schema\/logo\/image\/"}}]}},"_links":{"self":[{"href":"https:\/\/spmaskiner.com\/sv\/wp-json\/wp\/v2\/pages\/3327","targetHints":{"allow":["GET"]}}],"collection":[{"href":"https:\/\/spmaskiner.com\/sv\/wp-json\/wp\/v2\/pages"}],"about":[{"href":"https:\/\/spmaskiner.com\/sv\/wp-json\/wp\/v2\/types\/page"}],"author":[{"embeddable":true,"href":"https:\/\/spmaskiner.com\/sv\/wp-json\/wp\/v2\/users\/1"}],"replies":[{"embeddable":true,"href":"https:\/\/spmaskiner.com\/sv\/wp-json\/wp\/v2\/comments?post=3327"}],"version-history":[{"count":1,"href":"https:\/\/spmaskiner.com\/sv\/wp-json\/wp\/v2\/pages\/3327\/revisions"}],"predecessor-version":[{"id":8681,"href":"https:\/\/spmaskiner.com\/sv\/wp-json\/wp\/v2\/pages\/3327\/revisions\/8681"}],"up":[{"embeddable":true,"href":"https:\/\/spmaskiner.com\/sv\/wp-json\/wp\/v2\/pages\/3325"}],"wp:attachment":[{"href":"https:\/\/spmaskiner.com\/sv\/wp-json\/wp\/v2\/media?parent=3327"}],"curies":[{"name":"wp","href":"https:\/\/api.w.org\/{rel}","templated":true}]}}