{"id":4221,"date":"2021-06-15T09:19:02","date_gmt":"2021-06-15T07:19:02","guid":{"rendered":"https:\/\/spmaskiner.com\/?page_id=4221"},"modified":"2021-06-15T09:36:52","modified_gmt":"2021-06-15T07:36:52","slug":"langdmatning","status":"publish","type":"page","link":"https:\/\/spmaskiner.com\/sv\/kundfordelar\/langdmatning\/","title":{"rendered":"L\u00e4ngdm\u00e4tning"},"content":{"rendered":"\t\t<div data-elementor-type=\"wp-page\" data-elementor-id=\"4221\" class=\"elementor elementor-4221\" data-elementor-post-type=\"page\">\n\t\t\t\t\t\t<section class=\"elementor-section elementor-top-section elementor-element elementor-element-1f0e1330 elementor-section-boxed elementor-section-height-default elementor-section-height-default\" data-id=\"1f0e1330\" data-element_type=\"section\" data-e-type=\"section\">\n\t\t\t\t\t\t<div class=\"elementor-container elementor-column-gap-default\">\n\t\t\t\t\t<div class=\"elementor-column elementor-col-100 elementor-top-column elementor-element elementor-element-3b3196d7\" data-id=\"3b3196d7\" data-element_type=\"column\" data-e-type=\"column\">\n\t\t\t<div class=\"elementor-widget-wrap elementor-element-populated\">\n\t\t\t\t\t\t<div class=\"elementor-element elementor-element-2d4df7f6 elementor-widget elementor-widget-heading\" data-id=\"2d4df7f6\" data-element_type=\"widget\" data-e-type=\"widget\" data-widget_type=\"heading.default\">\n\t\t\t\t<div class=\"elementor-widget-container\">\n\t\t\t\t\t<h1 class=\"elementor-heading-title elementor-size-default\">L\u00e4ngdm\u00e4tning<\/h1>\t\t\t\t<\/div>\n\t\t\t\t<\/div>\n\t\t\t\t<div class=\"elementor-element elementor-element-439bc2a3 elementor-widget elementor-widget-text-editor\" data-id=\"439bc2a3\" data-element_type=\"widget\" data-e-type=\"widget\" data-widget_type=\"text-editor.default\">\n\t\t\t\t<div class=\"elementor-widget-container\">\n\t\t\t\t\t\t\t\t\t<h2>Tillf\u00f6rlitlig l\u00e4ngdm\u00e4tning med h\u00f6g drifts\u00e4kerhet och minimalt underh\u00e5ll<\/h2><p>Tack vare en unik design och konstruktion erbjuder l\u00e4ngdm\u00e4tningsenheten p\u00e5 SP aggregat exceptionellt h\u00f6g tillf\u00f6rlitlighet, drifts\u00e4kerhet och m\u00e4tnoggrannhet. Hydrauliken \u00e4r designad f\u00f6r att klara av mycket snabba r\u00f6relser och riktningsf\u00f6r\u00e4ndringar vilket garanterar att m\u00e4thjulet alltid har kontakt mot stammen. Tillsammans med givarens h\u00f6ga uppl\u00f6sning s\u00e4kerst\u00e4ller detta att korrekta m\u00e4tv\u00e4rden avl\u00e4ses och skickas vidare i systemet. Kraftig och robust lagring, unik integrerad kabeldragning och mekaniskt kontaktfri givare garanterar tillf\u00f6rlitlighet och drifts\u00e4kerhet \u00e4ven under de tuffaste f\u00f6rh\u00e5llanden.<br \/>Oavsett tr\u00e4dslag kan m\u00e4tningen optimeras tack vare flera olika optionsval f\u00f6r profilform och bredd p\u00e5 m\u00e4thjul, d\u00e4r en stor diameter p\u00e5 m\u00e4thjulet s\u00e4kerst\u00e4ller att kontakten mot stammen alltid \u00e4r optimal. Detta ger maximal tillf\u00f6rlitlighet vid intr\u00e4ngning mot olika barkstrukturer och minimala avvikelser oavsett varma eller mycket kalla temperaturer. Under hela arbetsmomentet pressas l\u00e4ngdm\u00e4tningssystemet mot stammen med hj\u00e4lp av en snabb och stark hydraulcylinder, vilket ger utm\u00e4rkt l\u00e4ngdm\u00e4tning \u00e4ven p\u00e5 oj\u00e4mna och krokiga stammar. N\u00e4r m\u00e4thjulet sedan beh\u00f6ver bytas p\u00e5 grund av slitage, m\u00f6jligg\u00f6r den servicev\u00e4nliga konstruktionen ett snabbt och enkelt byte.<\/p>\t\t\t\t\t\t\t\t<\/div>\n\t\t\t\t<\/div>\n\t\t\t\t<div class=\"elementor-element elementor-element-7fabeb9 elementor-icon-list--layout-inline elementor-align-end elementor-list-item-link-full_width elementor-widget elementor-widget-icon-list\" data-id=\"7fabeb9\" data-element_type=\"widget\" data-e-type=\"widget\" data-widget_type=\"icon-list.default\">\n\t\t\t\t<div class=\"elementor-widget-container\">\n\t\t\t\t\t\t\t<ul class=\"elementor-icon-list-items elementor-inline-items\">\n\t\t\t\t\t\t\t<li class=\"elementor-icon-list-item elementor-inline-item\">\n\t\t\t\t\t\t\t\t\t\t\t<a href=\"\/wp-content\/uploads\/2021\/06\/langdmatning.pdf\">\n\n\t\t\t\t\t\t\t\t\t\t\t\t<span class=\"elementor-icon-list-icon\">\n\t\t\t\t\t\t\t<i aria-hidden=\"true\" class=\"fas fa-file-pdf\"><\/i>\t\t\t\t\t\t<\/span>\n\t\t\t\t\t\t\t\t\t\t<span class=\"elementor-icon-list-text\">Broschyr L\u00e4ngdm\u00e4tning<\/span>\n\t\t\t\t\t\t\t\t\t\t\t<\/a>\n\t\t\t\t\t\t\t\t\t<\/li>\n\t\t\t\t\t\t<\/ul>\n\t\t\t\t\t\t<\/div>\n\t\t\t\t<\/div>\n\t\t\t\t<section class=\"elementor-section elementor-inner-section elementor-element elementor-element-6a7542ef elementor-section-boxed elementor-section-height-default elementor-section-height-default\" data-id=\"6a7542ef\" data-element_type=\"section\" data-e-type=\"section\">\n\t\t\t\t\t\t<div class=\"elementor-container elementor-column-gap-default\">\n\t\t\t\t\t<div class=\"elementor-column elementor-col-50 elementor-inner-column elementor-element elementor-element-35292250\" data-id=\"35292250\" data-element_type=\"column\" data-e-type=\"column\">\n\t\t\t<div class=\"elementor-widget-wrap elementor-element-populated\">\n\t\t\t\t\t\t<div class=\"elementor-element elementor-element-4e47f9b elementor-widget elementor-widget-image\" data-id=\"4e47f9b\" data-element_type=\"widget\" data-e-type=\"widget\" data-widget_type=\"image.default\">\n\t\t\t\t<div class=\"elementor-widget-container\">\n\t\t\t\t\t\t\t\t\t\t\t\t\t\t\t<img loading=\"lazy\" decoding=\"async\" width=\"816\" height=\"1024\" src=\"https:\/\/spmaskiner.com\/wp-content\/uploads\/2021\/06\/langdmatning-mathjul-816x1024.png\" class=\"attachment-large size-large wp-image-4235\" alt=\"\" srcset=\"https:\/\/spmaskiner.com\/wp-content\/uploads\/2021\/06\/langdmatning-mathjul-816x1024.png 816w, https:\/\/spmaskiner.com\/wp-content\/uploads\/2021\/06\/langdmatning-mathjul-239x300.png 239w, https:\/\/spmaskiner.com\/wp-content\/uploads\/2021\/06\/langdmatning-mathjul-768x964.png 768w, https:\/\/spmaskiner.com\/wp-content\/uploads\/2021\/06\/langdmatning-mathjul.png 1045w\" sizes=\"auto, (max-width: 816px) 100vw, 816px\" \/>\t\t\t\t\t\t\t\t\t\t\t\t\t\t\t<\/div>\n\t\t\t\t<\/div>\n\t\t\t\t\t<\/div>\n\t\t<\/div>\n\t\t\t\t<div class=\"elementor-column elementor-col-50 elementor-inner-column elementor-element elementor-element-5f75fc1\" data-id=\"5f75fc1\" data-element_type=\"column\" data-e-type=\"column\">\n\t\t\t<div class=\"elementor-widget-wrap elementor-element-populated\">\n\t\t\t\t\t\t<div class=\"elementor-element elementor-element-c4e0e65 elementor-widget elementor-widget-text-editor\" data-id=\"c4e0e65\" data-element_type=\"widget\" data-e-type=\"widget\" data-widget_type=\"text-editor.default\">\n\t\t\t\t<div class=\"elementor-widget-container\">\n\t\t\t\t\t\t\t\t\t<p><span style=\"color: #ff0000;\"><em><strong>L\u00e4ngdm\u00e4tningsenheten<\/strong><\/em><\/span> aktiveras med en mycket v\u00e4l skyddad hydraulcylinder och inkapslade slangar, vilket ger m\u00f6jlighet till att dra in m\u00e4thjulet till skyddad position vid \u00f6ppet aggregat.<\/p><p><span style=\"color: #ff0000;\"><em><strong>M\u00e4thjulet<\/strong><\/em><\/span> har en mycket robust och permanentsmord lagring f\u00f6r b\u00e4sta livsl\u00e4ngd och minimalt behov av underh\u00e5ll. Den robusta lagringen \u00e4r dimensionerad f\u00f6r att utan problem \u00e4ven klara mycket h\u00f6ga sidokrafter som tex uppst\u00e5r vid flertr\u00e4dshantering och avverkning av krokig l\u00f6vskog.<\/p><p><span style=\"color: #ff0000;\"><em><strong>L\u00e4ngdm\u00e4tningsarmen<\/strong><\/em><\/span> har en mycket kraftig och robust lagring mot ramen f\u00f6r l\u00e4ngsta livsl\u00e4ngd. Detta ger ocks\u00e5 en mycket stabil och glappfri r\u00f6relse av m\u00e4tarmen f\u00f6r b\u00e4sta m\u00e4tnoggrannhet.<\/p><p><span style=\"color: #ff0000;\"><em><strong>De st\u00f6rre aggregaten<\/strong><\/em><\/span>, SP661LF och SP761LF, som ofta arbetar i en tuff milj\u00f6 med grov skog p\u00e5 kraftfulla b\u00e4rare, har en unik och helt skyddad kabeldragning till l\u00e4ngdm\u00e4tningsgivaren. D\u00e5 den \u00e4r helt integrerad i ramen och i l\u00e4ngdm\u00e4tningsarmen \u00e4r den helt skyddad f\u00f6r yttre \u00e5verkan i alla l\u00e4gen. Detta ger b\u00e4sta tillf\u00f6rlitlighet \u00e4ven i de tuffaste f\u00f6rh\u00e5llanden.<\/p><p><span style=\"color: #ff0000;\"><em><strong>L\u00e4ngdm\u00e4tningsgivaren<\/strong><\/em><\/span> \u00e4r helt kontaktfri utan n\u00e5gon mekanisk f\u00f6rbindelse med m\u00e4thjulet. I kombination med att givaren inte har n\u00e5gra r\u00f6rliga delar eller \u00f6ppen elektronik ger detta b\u00e4sta tillf\u00f6rlitlighet och l\u00e4ngsta livsl\u00e4ngd.<\/p>\t\t\t\t\t\t\t\t<\/div>\n\t\t\t\t<\/div>\n\t\t\t\t\t<\/div>\n\t\t<\/div>\n\t\t\t\t\t<\/div>\n\t\t<\/section>\n\t\t\t\t\t<\/div>\n\t\t<\/div>\n\t\t\t\t\t<\/div>\n\t\t<\/section>\n\t\t\t\t<\/div>\n\t\t","protected":false},"excerpt":{"rendered":"<p>L\u00e4ngdm\u00e4tning Tillf\u00f6rlitlig l\u00e4ngdm\u00e4tning med h\u00f6g drifts\u00e4kerhet och minimalt underh\u00e5ll Tack vare en unik design och konstruktion erbjuder l\u00e4ngdm\u00e4tningsenheten p\u00e5 SP aggregat exceptionellt h\u00f6g tillf\u00f6rlitlighet, drifts\u00e4kerhet och m\u00e4tnoggrannhet. Hydrauliken \u00e4r designad f\u00f6r att klara av mycket snabba r\u00f6relser och riktningsf\u00f6r\u00e4ndringar vilket garanterar att m\u00e4thjulet alltid har kontakt mot stammen. Tillsammans med givarens h\u00f6ga uppl\u00f6sning s\u00e4kerst\u00e4ller detta [&hellip;]<\/p>\n","protected":false},"author":1,"featured_media":0,"parent":1267,"menu_order":173,"comment_status":"closed","ping_status":"closed","template":"","meta":{"_acf_changed":false,"site-sidebar-layout":"no-sidebar","site-content-layout":"page-builder","ast-site-content-layout":"default","site-content-style":"default","site-sidebar-style":"default","ast-global-header-display":"","ast-banner-title-visibility":"","ast-main-header-display":"","ast-hfb-above-header-display":"","ast-hfb-below-header-display":"","ast-hfb-mobile-header-display":"","site-post-title":"disabled","ast-breadcrumbs-content":"","ast-featured-img":"disabled","footer-sml-layout":"","ast-disable-related-posts":"","theme-transparent-header-meta":"default","adv-header-id-meta":"","stick-header-meta":"","header-above-stick-meta":"","header-main-stick-meta":"","header-below-stick-meta":"","astra-migrate-meta-layouts":"default","ast-page-background-enabled":"default","ast-page-background-meta":{"desktop":{"background-color":"","background-image":"","background-repeat":"repeat","background-position":"center center","background-size":"auto","background-attachment":"scroll","background-type":"","background-media":"","overlay-type":"","overlay-color":"","overlay-opacity":"","overlay-gradient":""},"tablet":{"background-color":"","background-image":"","background-repeat":"repeat","background-position":"center center","background-size":"auto","background-attachment":"scroll","background-type":"","background-media":"","overlay-type":"","overlay-color":"","overlay-opacity":"","overlay-gradient":""},"mobile":{"background-color":"","background-image":"","background-repeat":"repeat","background-position":"center center","background-size":"auto","background-attachment":"scroll","background-type":"","background-media":"","overlay-type":"","overlay-color":"","overlay-opacity":"","overlay-gradient":""}},"ast-content-background-meta":{"desktop":{"background-color":"var(--ast-global-color-5)","background-image":"","background-repeat":"repeat","background-position":"center center","background-size":"auto","background-attachment":"scroll","background-type":"","background-media":"","overlay-type":"","overlay-color":"","overlay-opacity":"","overlay-gradient":""},"tablet":{"background-color":"var(--ast-global-color-5)","background-image":"","background-repeat":"repeat","background-position":"center center","background-size":"auto","background-attachment":"scroll","background-type":"","background-media":"","overlay-type":"","overlay-color":"","overlay-opacity":"","overlay-gradient":""},"mobile":{"background-color":"var(--ast-global-color-5)","background-image":"","background-repeat":"repeat","background-position":"center center","background-size":"auto","background-attachment":"scroll","background-type":"","background-media":"","overlay-type":"","overlay-color":"","overlay-opacity":"","overlay-gradient":""}},"footnotes":""},"class_list":["post-4221","page","type-page","status-publish","hentry"],"acf":[],"yoast_head":"<!-- This site is optimized with the Yoast SEO plugin v26.9 - https:\/\/yoast.com\/product\/yoast-seo-wordpress\/ -->\n<title>L\u00e4ngdm\u00e4tning - SP Maskiner<\/title>\n<meta name=\"robots\" content=\"index, follow, max-snippet:-1, max-image-preview:large, max-video-preview:-1\" \/>\n<link rel=\"canonical\" href=\"https:\/\/spmaskiner.com\/sv\/kundfordelar\/langdmatning\/\" \/>\n<meta property=\"og:locale\" content=\"sv_SE\" \/>\n<meta property=\"og:type\" content=\"article\" \/>\n<meta property=\"og:title\" content=\"L\u00e4ngdm\u00e4tning - SP Maskiner\" \/>\n<meta property=\"og:description\" content=\"L\u00e4ngdm\u00e4tning Tillf\u00f6rlitlig l\u00e4ngdm\u00e4tning med h\u00f6g drifts\u00e4kerhet och minimalt underh\u00e5ll Tack vare en unik design och konstruktion erbjuder l\u00e4ngdm\u00e4tningsenheten p\u00e5 SP aggregat exceptionellt h\u00f6g tillf\u00f6rlitlighet, drifts\u00e4kerhet och m\u00e4tnoggrannhet. Hydrauliken \u00e4r designad f\u00f6r att klara av mycket snabba r\u00f6relser och riktningsf\u00f6r\u00e4ndringar vilket garanterar att m\u00e4thjulet alltid har kontakt mot stammen. Tillsammans med givarens h\u00f6ga uppl\u00f6sning s\u00e4kerst\u00e4ller detta [&hellip;]\" \/>\n<meta property=\"og:url\" content=\"https:\/\/spmaskiner.com\/sv\/kundfordelar\/langdmatning\/\" \/>\n<meta property=\"og:site_name\" content=\"SP Maskiner\" \/>\n<meta property=\"article:modified_time\" content=\"2021-06-15T07:36:52+00:00\" \/>\n<meta property=\"og:image\" content=\"https:\/\/spmaskiner.com\/wp-content\/uploads\/2021\/06\/langdmatning-mathjul-816x1024.png\" \/>\n<meta name=\"twitter:card\" content=\"summary_large_image\" \/>\n<script type=\"application\/ld+json\" class=\"yoast-schema-graph\">{\"@context\":\"https:\/\/schema.org\",\"@graph\":[{\"@type\":\"WebPage\",\"@id\":\"https:\/\/spmaskiner.com\/sv\/kundfordelar\/langdmatning\/\",\"url\":\"https:\/\/spmaskiner.com\/sv\/kundfordelar\/langdmatning\/\",\"name\":\"L\u00e4ngdm\u00e4tning - SP Maskiner\",\"isPartOf\":{\"@id\":\"https:\/\/spmaskiner.com\/sv\/#website\"},\"primaryImageOfPage\":{\"@id\":\"https:\/\/spmaskiner.com\/sv\/kundfordelar\/langdmatning\/#primaryimage\"},\"image\":{\"@id\":\"https:\/\/spmaskiner.com\/sv\/kundfordelar\/langdmatning\/#primaryimage\"},\"thumbnailUrl\":\"https:\/\/spmaskiner.com\/wp-content\/uploads\/2021\/06\/langdmatning-mathjul-816x1024.png\",\"datePublished\":\"2021-06-15T07:19:02+00:00\",\"dateModified\":\"2021-06-15T07:36:52+00:00\",\"breadcrumb\":{\"@id\":\"https:\/\/spmaskiner.com\/sv\/kundfordelar\/langdmatning\/#breadcrumb\"},\"inLanguage\":\"sv-SE\",\"potentialAction\":[{\"@type\":\"ReadAction\",\"target\":[\"https:\/\/spmaskiner.com\/sv\/kundfordelar\/langdmatning\/\"]}]},{\"@type\":\"ImageObject\",\"inLanguage\":\"sv-SE\",\"@id\":\"https:\/\/spmaskiner.com\/sv\/kundfordelar\/langdmatning\/#primaryimage\",\"url\":\"https:\/\/spmaskiner.com\/wp-content\/uploads\/2021\/06\/langdmatning-mathjul-816x1024.png\",\"contentUrl\":\"https:\/\/spmaskiner.com\/wp-content\/uploads\/2021\/06\/langdmatning-mathjul-816x1024.png\"},{\"@type\":\"BreadcrumbList\",\"@id\":\"https:\/\/spmaskiner.com\/sv\/kundfordelar\/langdmatning\/#breadcrumb\",\"itemListElement\":[{\"@type\":\"ListItem\",\"position\":1,\"name\":\"Home\",\"item\":\"https:\/\/spmaskiner.com\/sv\/\"},{\"@type\":\"ListItem\",\"position\":2,\"name\":\"Kundf\u00f6rdelar\",\"item\":\"https:\/\/spmaskiner.com\/sv\/kundfordelar\/\"},{\"@type\":\"ListItem\",\"position\":3,\"name\":\"L\u00e4ngdm\u00e4tning\"}]},{\"@type\":\"WebSite\",\"@id\":\"https:\/\/spmaskiner.com\/sv\/#website\",\"url\":\"https:\/\/spmaskiner.com\/sv\/\",\"name\":\"SP Maskiner\",\"description\":\"Always ahead\",\"publisher\":{\"@id\":\"https:\/\/spmaskiner.com\/sv\/#organization\"},\"potentialAction\":[{\"@type\":\"SearchAction\",\"target\":{\"@type\":\"EntryPoint\",\"urlTemplate\":\"https:\/\/spmaskiner.com\/sv\/?s={search_term_string}\"},\"query-input\":{\"@type\":\"PropertyValueSpecification\",\"valueRequired\":true,\"valueName\":\"search_term_string\"}}],\"inLanguage\":\"sv-SE\"},{\"@type\":\"Organization\",\"@id\":\"https:\/\/spmaskiner.com\/sv\/#organization\",\"name\":\"SP Maskiner\",\"url\":\"https:\/\/spmaskiner.com\/sv\/\",\"logo\":{\"@type\":\"ImageObject\",\"inLanguage\":\"sv-SE\",\"@id\":\"https:\/\/spmaskiner.com\/sv\/#\/schema\/logo\/image\/\",\"url\":\"https:\/\/spmaskiner.com\/wp-content\/uploads\/2021\/03\/spmaskiner-logotyp.png\",\"contentUrl\":\"https:\/\/spmaskiner.com\/wp-content\/uploads\/2021\/03\/spmaskiner-logotyp.png\",\"width\":350,\"height\":65,\"caption\":\"SP Maskiner\"},\"image\":{\"@id\":\"https:\/\/spmaskiner.com\/sv\/#\/schema\/logo\/image\/\"}}]}<\/script>\n<!-- \/ Yoast SEO plugin. -->","yoast_head_json":{"title":"L\u00e4ngdm\u00e4tning - SP Maskiner","robots":{"index":"index","follow":"follow","max-snippet":"max-snippet:-1","max-image-preview":"max-image-preview:large","max-video-preview":"max-video-preview:-1"},"canonical":"https:\/\/spmaskiner.com\/sv\/kundfordelar\/langdmatning\/","og_locale":"sv_SE","og_type":"article","og_title":"L\u00e4ngdm\u00e4tning - SP Maskiner","og_description":"L\u00e4ngdm\u00e4tning Tillf\u00f6rlitlig l\u00e4ngdm\u00e4tning med h\u00f6g drifts\u00e4kerhet och minimalt underh\u00e5ll Tack vare en unik design och konstruktion erbjuder l\u00e4ngdm\u00e4tningsenheten p\u00e5 SP aggregat exceptionellt h\u00f6g tillf\u00f6rlitlighet, drifts\u00e4kerhet och m\u00e4tnoggrannhet. Hydrauliken \u00e4r designad f\u00f6r att klara av mycket snabba r\u00f6relser och riktningsf\u00f6r\u00e4ndringar vilket garanterar att m\u00e4thjulet alltid har kontakt mot stammen. Tillsammans med givarens h\u00f6ga uppl\u00f6sning s\u00e4kerst\u00e4ller detta [&hellip;]","og_url":"https:\/\/spmaskiner.com\/sv\/kundfordelar\/langdmatning\/","og_site_name":"SP Maskiner","article_modified_time":"2021-06-15T07:36:52+00:00","og_image":[{"url":"https:\/\/spmaskiner.com\/wp-content\/uploads\/2021\/06\/langdmatning-mathjul-816x1024.png","type":"","width":"","height":""}],"twitter_card":"summary_large_image","schema":{"@context":"https:\/\/schema.org","@graph":[{"@type":"WebPage","@id":"https:\/\/spmaskiner.com\/sv\/kundfordelar\/langdmatning\/","url":"https:\/\/spmaskiner.com\/sv\/kundfordelar\/langdmatning\/","name":"L\u00e4ngdm\u00e4tning - SP Maskiner","isPartOf":{"@id":"https:\/\/spmaskiner.com\/sv\/#website"},"primaryImageOfPage":{"@id":"https:\/\/spmaskiner.com\/sv\/kundfordelar\/langdmatning\/#primaryimage"},"image":{"@id":"https:\/\/spmaskiner.com\/sv\/kundfordelar\/langdmatning\/#primaryimage"},"thumbnailUrl":"https:\/\/spmaskiner.com\/wp-content\/uploads\/2021\/06\/langdmatning-mathjul-816x1024.png","datePublished":"2021-06-15T07:19:02+00:00","dateModified":"2021-06-15T07:36:52+00:00","breadcrumb":{"@id":"https:\/\/spmaskiner.com\/sv\/kundfordelar\/langdmatning\/#breadcrumb"},"inLanguage":"sv-SE","potentialAction":[{"@type":"ReadAction","target":["https:\/\/spmaskiner.com\/sv\/kundfordelar\/langdmatning\/"]}]},{"@type":"ImageObject","inLanguage":"sv-SE","@id":"https:\/\/spmaskiner.com\/sv\/kundfordelar\/langdmatning\/#primaryimage","url":"https:\/\/spmaskiner.com\/wp-content\/uploads\/2021\/06\/langdmatning-mathjul-816x1024.png","contentUrl":"https:\/\/spmaskiner.com\/wp-content\/uploads\/2021\/06\/langdmatning-mathjul-816x1024.png"},{"@type":"BreadcrumbList","@id":"https:\/\/spmaskiner.com\/sv\/kundfordelar\/langdmatning\/#breadcrumb","itemListElement":[{"@type":"ListItem","position":1,"name":"Home","item":"https:\/\/spmaskiner.com\/sv\/"},{"@type":"ListItem","position":2,"name":"Kundf\u00f6rdelar","item":"https:\/\/spmaskiner.com\/sv\/kundfordelar\/"},{"@type":"ListItem","position":3,"name":"L\u00e4ngdm\u00e4tning"}]},{"@type":"WebSite","@id":"https:\/\/spmaskiner.com\/sv\/#website","url":"https:\/\/spmaskiner.com\/sv\/","name":"SP Maskiner","description":"Always ahead","publisher":{"@id":"https:\/\/spmaskiner.com\/sv\/#organization"},"potentialAction":[{"@type":"SearchAction","target":{"@type":"EntryPoint","urlTemplate":"https:\/\/spmaskiner.com\/sv\/?s={search_term_string}"},"query-input":{"@type":"PropertyValueSpecification","valueRequired":true,"valueName":"search_term_string"}}],"inLanguage":"sv-SE"},{"@type":"Organization","@id":"https:\/\/spmaskiner.com\/sv\/#organization","name":"SP Maskiner","url":"https:\/\/spmaskiner.com\/sv\/","logo":{"@type":"ImageObject","inLanguage":"sv-SE","@id":"https:\/\/spmaskiner.com\/sv\/#\/schema\/logo\/image\/","url":"https:\/\/spmaskiner.com\/wp-content\/uploads\/2021\/03\/spmaskiner-logotyp.png","contentUrl":"https:\/\/spmaskiner.com\/wp-content\/uploads\/2021\/03\/spmaskiner-logotyp.png","width":350,"height":65,"caption":"SP Maskiner"},"image":{"@id":"https:\/\/spmaskiner.com\/sv\/#\/schema\/logo\/image\/"}}]}},"_links":{"self":[{"href":"https:\/\/spmaskiner.com\/sv\/wp-json\/wp\/v2\/pages\/4221","targetHints":{"allow":["GET"]}}],"collection":[{"href":"https:\/\/spmaskiner.com\/sv\/wp-json\/wp\/v2\/pages"}],"about":[{"href":"https:\/\/spmaskiner.com\/sv\/wp-json\/wp\/v2\/types\/page"}],"author":[{"embeddable":true,"href":"https:\/\/spmaskiner.com\/sv\/wp-json\/wp\/v2\/users\/1"}],"replies":[{"embeddable":true,"href":"https:\/\/spmaskiner.com\/sv\/wp-json\/wp\/v2\/comments?post=4221"}],"version-history":[{"count":0,"href":"https:\/\/spmaskiner.com\/sv\/wp-json\/wp\/v2\/pages\/4221\/revisions"}],"up":[{"embeddable":true,"href":"https:\/\/spmaskiner.com\/sv\/wp-json\/wp\/v2\/pages\/1267"}],"wp:attachment":[{"href":"https:\/\/spmaskiner.com\/sv\/wp-json\/wp\/v2\/media?parent=4221"}],"curies":[{"name":"wp","href":"https:\/\/api.w.org\/{rel}","templated":true}]}}