{"id":489,"date":"2021-03-14T11:20:52","date_gmt":"2021-03-14T10:20:52","guid":{"rendered":"https:\/\/spmaskiner.com\/?page_id=489"},"modified":"2025-06-16T11:32:42","modified_gmt":"2025-06-16T09:32:42","slug":"skordaraggregat-lf","status":"publish","type":"page","link":"https:\/\/spmaskiner.com\/sv\/skordaraggregat\/skordaraggregat-lf\/","title":{"rendered":"Sk\u00f6rdaraggregat LF"},"content":{"rendered":"\t\t<div data-elementor-type=\"wp-page\" data-elementor-id=\"489\" class=\"elementor elementor-489\" data-elementor-post-type=\"page\">\n\t\t\t\t\t\t<section class=\"elementor-section elementor-top-section elementor-element elementor-element-1bce3936 elementor-section-boxed elementor-section-height-default elementor-section-height-default\" data-id=\"1bce3936\" data-element_type=\"section\" data-e-type=\"section\">\n\t\t\t\t\t\t<div class=\"elementor-container elementor-column-gap-default\">\n\t\t\t\t\t<div class=\"elementor-column elementor-col-100 elementor-top-column elementor-element elementor-element-7e6ee8ee\" data-id=\"7e6ee8ee\" data-element_type=\"column\" data-e-type=\"column\">\n\t\t\t<div class=\"elementor-widget-wrap elementor-element-populated\">\n\t\t\t\t\t\t<div class=\"elementor-element elementor-element-1aafbf82 elementor-widget elementor-widget-heading\" data-id=\"1aafbf82\" data-element_type=\"widget\" data-e-type=\"widget\" data-widget_type=\"heading.default\">\n\t\t\t\t<div class=\"elementor-widget-container\">\n\t\t\t\t\t<h1 class=\"elementor-heading-title elementor-size-default\">Sk\u00f6rdaraggregat LF<\/h1>\t\t\t\t<\/div>\n\t\t\t\t<\/div>\n\t\t\t\t<div class=\"elementor-element elementor-element-2a7ed5f8 elementor-widget elementor-widget-text-editor\" data-id=\"2a7ed5f8\" data-element_type=\"widget\" data-e-type=\"widget\" data-widget_type=\"text-editor.default\">\n\t\t\t\t<div class=\"elementor-widget-container\">\n\t\t\t\t\t\t\t\t\t<p>Aggregaten i LF serien k\u00e4nnetecknas av sin smidiga och kompakta design i kombination med h\u00f6gsta produktivitet och drifts\u00e4kerhet. Aggregaten \u00e4r konstruerade enligt L\u00e5gfriktionskonceptet f\u00f6r maximal l\u00f6nsamhet. Oavsett om du k\u00f6r f\u00f6rsta gallring, slutavverkning eller avverkar mycket l\u00f6vskog s\u00e5 finns det ett aggregat i LF serien som passar. L\u00e4s mer om LF aggregaten nedan och hitta ditt perfekta aggregat.<\/p>\t\t\t\t\t\t\t\t<\/div>\n\t\t\t\t<\/div>\n\t\t\t\t\t<\/div>\n\t\t<\/div>\n\t\t\t\t\t<\/div>\n\t\t<\/section>\n\t\t\t\t<section class=\"elementor-section elementor-top-section elementor-element elementor-element-44369634 unit-group-container elementor-section-boxed elementor-section-height-default elementor-section-height-default\" data-id=\"44369634\" data-element_type=\"section\" data-e-type=\"section\">\n\t\t\t\t\t\t<div class=\"elementor-container elementor-column-gap-default\">\n\t\t\t\t\t<div class=\"elementor-column elementor-col-33 elementor-top-column elementor-element elementor-element-30ee73d3 unit-group-col\" data-id=\"30ee73d3\" data-element_type=\"column\" data-e-type=\"column\">\n\t\t\t<div class=\"elementor-widget-wrap elementor-element-populated\">\n\t\t\t\t\t\t<div class=\"elementor-element elementor-element-0d15f39 unit-group-block elementor-position-top elementor-widget elementor-widget-image-box\" data-id=\"0d15f39\" data-element_type=\"widget\" data-e-type=\"widget\" data-widget_type=\"image-box.default\">\n\t\t\t\t<div class=\"elementor-widget-container\">\n\t\t\t\t\t<div class=\"elementor-image-box-wrapper\"><figure class=\"elementor-image-box-img\"><a href=\"https:\/\/spmaskiner.com\/sv\/skordaraggregat\/skordaraggregat-lf\/skordaraggregat-sp-461-lf-next-generation\/\" tabindex=\"-1\"><img loading=\"lazy\" decoding=\"async\" width=\"747\" height=\"900\" src=\"https:\/\/spmaskiner.com\/wp-content\/uploads\/2025\/06\/461-NG-hemsida-kopiera.jpg\" class=\"attachment-medium_large size-medium_large wp-image-11584\" alt=\"\" srcset=\"https:\/\/spmaskiner.com\/wp-content\/uploads\/2025\/06\/461-NG-hemsida-kopiera.jpg 747w, https:\/\/spmaskiner.com\/wp-content\/uploads\/2025\/06\/461-NG-hemsida-kopiera-249x300.jpg 249w\" sizes=\"auto, (max-width: 747px) 100vw, 747px\" \/><\/a><\/figure><div class=\"elementor-image-box-content\"><h2 class=\"elementor-image-box-title\"><a href=\"https:\/\/spmaskiner.com\/sv\/skordaraggregat\/skordaraggregat-lf\/skordaraggregat-sp-461-lf-next-generation\/\">SP 461 LF Next Generation<\/a><\/h2><p class=\"elementor-image-box-description\">NYHET - <strong>Letar du efter ett kraftfullt och smidigt gallringsaggregat?<\/strong><br data-start=\"135\" data-end=\"138\">\n<strong>SP 461 LF NG<\/strong> \u00e4r n\u00e4sta generations aggregat \u2013 l\u00e4tt, kompakt och h\u00f6gpresterande. Perfekt f\u00f6r b\u00e5de l\u00e5ngkranade och best\u00e5ndsg\u00e5ende sk\u00f6rdare.<\/p><\/div><\/div>\t\t\t\t<\/div>\n\t\t\t\t<\/div>\n\t\t\t\t\t<\/div>\n\t\t<\/div>\n\t\t\t\t<div class=\"elementor-column elementor-col-33 elementor-top-column elementor-element elementor-element-7da63d9f unit-group-col\" data-id=\"7da63d9f\" data-element_type=\"column\" data-e-type=\"column\">\n\t\t\t<div class=\"elementor-widget-wrap elementor-element-populated\">\n\t\t\t\t\t\t<div class=\"elementor-element elementor-element-8120009 unit-group-block elementor-position-top elementor-widget elementor-widget-image-box\" data-id=\"8120009\" data-element_type=\"widget\" data-e-type=\"widget\" data-widget_type=\"image-box.default\">\n\t\t\t\t<div class=\"elementor-widget-container\">\n\t\t\t\t\t<div class=\"elementor-image-box-wrapper\"><figure class=\"elementor-image-box-img\"><a href=\"https:\/\/spmaskiner.com\/sv\/skordaraggregat\/skordaraggregat-lf\/skordaraggregat-sp-561-lf\/\" tabindex=\"-1\"><img loading=\"lazy\" decoding=\"async\" width=\"664\" height=\"800\" src=\"https:\/\/spmaskiner.com\/wp-content\/uploads\/2021\/04\/ar00001496_161116.jpg\" class=\"attachment-full size-full wp-image-2650\" alt=\"\" srcset=\"https:\/\/spmaskiner.com\/wp-content\/uploads\/2021\/04\/ar00001496_161116.jpg 664w, https:\/\/spmaskiner.com\/wp-content\/uploads\/2021\/04\/ar00001496_161116-249x300.jpg 249w\" sizes=\"auto, (max-width: 664px) 100vw, 664px\" \/><\/a><\/figure><div class=\"elementor-image-box-content\"><h2 class=\"elementor-image-box-title\"><a href=\"https:\/\/spmaskiner.com\/sv\/skordaraggregat\/skordaraggregat-lf\/skordaraggregat-sp-561-lf\/\">SP 561 LF<\/a><\/h2><p class=\"elementor-image-box-description\">SP 561 LF \u00e4r ett m\u00e5ngsidigt allroundaggregat. SP 561 LF \u00e4r konstruerat f\u00f6r varierande arbetsuppgifter och har bra funktioner f\u00f6r s\u00e5v\u00e4l klena gallringar som l\u00e4ttare slutavverkningar.<\/p><\/div><\/div>\t\t\t\t<\/div>\n\t\t\t\t<\/div>\n\t\t\t\t\t<\/div>\n\t\t<\/div>\n\t\t\t\t<div class=\"elementor-column elementor-col-33 elementor-top-column elementor-element elementor-element-eb005cd unit-group-col\" data-id=\"eb005cd\" data-element_type=\"column\" data-e-type=\"column\">\n\t\t\t<div class=\"elementor-widget-wrap elementor-element-populated\">\n\t\t\t\t\t\t<div class=\"elementor-element elementor-element-17840f0 unit-group-block elementor-position-top elementor-widget elementor-widget-image-box\" data-id=\"17840f0\" data-element_type=\"widget\" data-e-type=\"widget\" data-widget_type=\"image-box.default\">\n\t\t\t\t<div class=\"elementor-widget-container\">\n\t\t\t\t\t<div class=\"elementor-image-box-wrapper\"><figure class=\"elementor-image-box-img\"><a href=\"https:\/\/spmaskiner.com\/sv\/skordaraggregat\/skordaraggregat-lf\/skordaraggregat-sp-661-lf\/\" tabindex=\"-1\"><img loading=\"lazy\" decoding=\"async\" width=\"664\" height=\"800\" src=\"https:\/\/spmaskiner.com\/wp-content\/uploads\/2021\/04\/ar00001741_170607.jpg\" class=\"attachment-medium_large size-medium_large wp-image-2837\" alt=\"\" srcset=\"https:\/\/spmaskiner.com\/wp-content\/uploads\/2021\/04\/ar00001741_170607.jpg 664w, https:\/\/spmaskiner.com\/wp-content\/uploads\/2021\/04\/ar00001741_170607-249x300.jpg 249w\" sizes=\"auto, (max-width: 664px) 100vw, 664px\" \/><\/a><\/figure><div class=\"elementor-image-box-content\"><h2 class=\"elementor-image-box-title\"><a href=\"https:\/\/spmaskiner.com\/sv\/skordaraggregat\/skordaraggregat-lf\/skordaraggregat-sp-661-lf\/\">SP 661 LF<\/a><\/h2><p class=\"elementor-image-box-description\">SP 661 LF \u00e4r ett smidigt, starkt och effektivt h\u00f6gprestanda aggregat. SP 661 LF \u00e4r utvecklat f\u00f6r att kunna erbjuda h\u00f6gsta kvalitet och produktion i alla typer av slutavverkning.<\/p><\/div><\/div>\t\t\t\t<\/div>\n\t\t\t\t<\/div>\n\t\t\t\t\t<\/div>\n\t\t<\/div>\n\t\t\t\t\t<\/div>\n\t\t<\/section>\n\t\t\t\t<section class=\"elementor-section elementor-top-section elementor-element elementor-element-d0ce688 unit-group-container elementor-section-boxed elementor-section-height-default elementor-section-height-default\" data-id=\"d0ce688\" data-element_type=\"section\" data-e-type=\"section\">\n\t\t\t\t\t\t<div class=\"elementor-container elementor-column-gap-default\">\n\t\t\t\t\t<div class=\"elementor-column elementor-col-33 elementor-top-column elementor-element elementor-element-cc0c5c1 unit-group-col\" data-id=\"cc0c5c1\" data-element_type=\"column\" data-e-type=\"column\">\n\t\t\t<div class=\"elementor-widget-wrap elementor-element-populated\">\n\t\t\t\t\t\t<div class=\"elementor-element elementor-element-d429245 unit-group-block elementor-position-top elementor-widget elementor-widget-image-box\" data-id=\"d429245\" data-element_type=\"widget\" data-e-type=\"widget\" data-widget_type=\"image-box.default\">\n\t\t\t\t<div class=\"elementor-widget-container\">\n\t\t\t\t\t<div class=\"elementor-image-box-wrapper\"><figure class=\"elementor-image-box-img\"><a href=\"https:\/\/spmaskiner.com\/sv\/skordaraggregat\/skordaraggregat-lf\/skordaraggregat-sp-661-lf-lite\/\" tabindex=\"-1\"><img loading=\"lazy\" decoding=\"async\" width=\"747\" height=\"900\" src=\"https:\/\/spmaskiner.com\/wp-content\/uploads\/2025\/06\/661-Lite_hemsida.jpg\" class=\"attachment-medium_large size-medium_large wp-image-11559\" alt=\"\" srcset=\"https:\/\/spmaskiner.com\/wp-content\/uploads\/2025\/06\/661-Lite_hemsida.jpg 747w, https:\/\/spmaskiner.com\/wp-content\/uploads\/2025\/06\/661-Lite_hemsida-249x300.jpg 249w\" sizes=\"auto, (max-width: 747px) 100vw, 747px\" \/><\/a><\/figure><div class=\"elementor-image-box-content\"><h2 class=\"elementor-image-box-title\"><a href=\"https:\/\/spmaskiner.com\/sv\/skordaraggregat\/skordaraggregat-lf\/skordaraggregat-sp-661-lf-lite\/\">SP 661 LF Lite<\/a><\/h2><p class=\"elementor-image-box-description\">NYHET- <b>Vill du ha ett sk\u00f6rdaraggregat med samma goda egenskaper som 661 LF \u2013 men med l\u00e4gre vikt? <\/b>\nD\u00e5 \u00e4r SP 661 LF Lite det sj\u00e4lvklara valet. <br>SP 661 LF Lite \u00e4r ett l\u00e4tt och effektivt<br>aggregat, optimerat f\u00f6r hjulg\u00e5ende <br>sk\u00f6rdare i mellanklassen.\n<\/p><\/div><\/div>\t\t\t\t<\/div>\n\t\t\t\t<\/div>\n\t\t\t\t\t<\/div>\n\t\t<\/div>\n\t\t\t\t<div class=\"elementor-column elementor-col-33 elementor-top-column elementor-element elementor-element-b9b01a4 unit-group-col\" data-id=\"b9b01a4\" data-element_type=\"column\" data-e-type=\"column\">\n\t\t\t<div class=\"elementor-widget-wrap elementor-element-populated\">\n\t\t\t\t\t\t<div class=\"elementor-element elementor-element-53abd09 unit-group-block elementor-position-top elementor-widget elementor-widget-image-box\" data-id=\"53abd09\" data-element_type=\"widget\" data-e-type=\"widget\" data-widget_type=\"image-box.default\">\n\t\t\t\t<div class=\"elementor-widget-container\">\n\t\t\t\t\t<div class=\"elementor-image-box-wrapper\"><figure class=\"elementor-image-box-img\"><a href=\"https:\/\/spmaskiner.com\/skordaraggregat\/skordaraggregat-lf\/skordaraggregat-sp-761-lf\/\" tabindex=\"-1\"><img loading=\"lazy\" decoding=\"async\" width=\"664\" height=\"800\" src=\"https:\/\/spmaskiner.com\/wp-content\/uploads\/2021\/04\/ar00001604_161116.jpg\" class=\"attachment-medium_large size-medium_large wp-image-3075\" alt=\"\" srcset=\"https:\/\/spmaskiner.com\/wp-content\/uploads\/2021\/04\/ar00001604_161116.jpg 664w, https:\/\/spmaskiner.com\/wp-content\/uploads\/2021\/04\/ar00001604_161116-249x300.jpg 249w\" sizes=\"auto, (max-width: 664px) 100vw, 664px\" \/><\/a><\/figure><div class=\"elementor-image-box-content\"><h2 class=\"elementor-image-box-title\"><a href=\"https:\/\/spmaskiner.com\/skordaraggregat\/skordaraggregat-lf\/skordaraggregat-sp-761-lf\/\">SP 761 LF<\/a><\/h2><p class=\"elementor-image-box-description\">SP 761 LF \u00e4r ett starkt, snabbt och p\u00e5litligt h\u00f6gprestanda aggregat byggt f\u00f6r de tyngsta jobben. Aggregaten kan installeras p\u00e5 b\u00e5de stora hjulburna sk\u00f6rdare samt p\u00e5 gr\u00e4vmaskiner i 20-25 tons klassen.<\/p><\/div><\/div>\t\t\t\t<\/div>\n\t\t\t\t<\/div>\n\t\t\t\t\t<\/div>\n\t\t<\/div>\n\t\t\t\t<div class=\"elementor-column elementor-col-33 elementor-top-column elementor-element elementor-element-c9fb968 unit-group-col\" data-id=\"c9fb968\" data-element_type=\"column\" data-e-type=\"column\">\n\t\t\t<div class=\"elementor-widget-wrap\">\n\t\t\t\t\t\t\t<\/div>\n\t\t<\/div>\n\t\t\t\t\t<\/div>\n\t\t<\/section>\n\t\t\t\t<\/div>\n\t\t","protected":false},"excerpt":{"rendered":"<p>Sk\u00f6rdaraggregat LF Aggregaten i LF serien k\u00e4nnetecknas av sin smidiga och kompakta design i kombination med h\u00f6gsta produktivitet och drifts\u00e4kerhet. Aggregaten \u00e4r konstruerade enligt L\u00e5gfriktionskonceptet f\u00f6r maximal l\u00f6nsamhet. Oavsett om du k\u00f6r f\u00f6rsta gallring, slutavverkning eller avverkar mycket l\u00f6vskog s\u00e5 finns det ett aggregat i LF serien som passar. L\u00e4s mer om LF aggregaten nedan [&hellip;]<\/p>\n","protected":false},"author":1,"featured_media":0,"parent":11,"menu_order":220,"comment_status":"closed","ping_status":"closed","template":"elementor_header_footer","meta":{"_acf_changed":false,"site-sidebar-layout":"no-sidebar","site-content-layout":"page-builder","ast-site-content-layout":"default","site-content-style":"default","site-sidebar-style":"default","ast-global-header-display":"","ast-banner-title-visibility":"","ast-main-header-display":"","ast-hfb-above-header-display":"","ast-hfb-below-header-display":"","ast-hfb-mobile-header-display":"","site-post-title":"disabled","ast-breadcrumbs-content":"","ast-featured-img":"disabled","footer-sml-layout":"","ast-disable-related-posts":"","theme-transparent-header-meta":"default","adv-header-id-meta":"","stick-header-meta":"","header-above-stick-meta":"","header-main-stick-meta":"","header-below-stick-meta":"","astra-migrate-meta-layouts":"default","ast-page-background-enabled":"default","ast-page-background-meta":{"desktop":{"background-color":"","background-image":"","background-repeat":"repeat","background-position":"center center","background-size":"auto","background-attachment":"scroll","background-type":"","background-media":"","overlay-type":"","overlay-color":"","overlay-opacity":"","overlay-gradient":""},"tablet":{"background-color":"","background-image":"","background-repeat":"repeat","background-position":"center center","background-size":"auto","background-attachment":"scroll","background-type":"","background-media":"","overlay-type":"","overlay-color":"","overlay-opacity":"","overlay-gradient":""},"mobile":{"background-color":"","background-image":"","background-repeat":"repeat","background-position":"center center","background-size":"auto","background-attachment":"scroll","background-type":"","background-media":"","overlay-type":"","overlay-color":"","overlay-opacity":"","overlay-gradient":""}},"ast-content-background-meta":{"desktop":{"background-color":"var(--ast-global-color-5)","background-image":"","background-repeat":"repeat","background-position":"center center","background-size":"auto","background-attachment":"scroll","background-type":"","background-media":"","overlay-type":"","overlay-color":"","overlay-opacity":"","overlay-gradient":""},"tablet":{"background-color":"var(--ast-global-color-5)","background-image":"","background-repeat":"repeat","background-position":"center center","background-size":"auto","background-attachment":"scroll","background-type":"","background-media":"","overlay-type":"","overlay-color":"","overlay-opacity":"","overlay-gradient":""},"mobile":{"background-color":"var(--ast-global-color-5)","background-image":"","background-repeat":"repeat","background-position":"center center","background-size":"auto","background-attachment":"scroll","background-type":"","background-media":"","overlay-type":"","overlay-color":"","overlay-opacity":"","overlay-gradient":""}},"footnotes":""},"class_list":["post-489","page","type-page","status-publish","hentry"],"acf":[],"yoast_head":"<!-- This site is optimized with the Yoast SEO plugin v26.9 - https:\/\/yoast.com\/product\/yoast-seo-wordpress\/ -->\n<title>Sk\u00f6rdaraggregat LF - SP Maskiner<\/title>\n<meta name=\"robots\" content=\"index, follow, max-snippet:-1, max-image-preview:large, max-video-preview:-1\" \/>\n<link rel=\"canonical\" href=\"https:\/\/spmaskiner.com\/sv\/skordaraggregat\/skordaraggregat-lf\/\" \/>\n<meta property=\"og:locale\" content=\"sv_SE\" \/>\n<meta property=\"og:type\" content=\"article\" \/>\n<meta property=\"og:title\" content=\"Sk\u00f6rdaraggregat LF - SP Maskiner\" \/>\n<meta property=\"og:description\" content=\"Sk\u00f6rdaraggregat LF Aggregaten i LF serien k\u00e4nnetecknas av sin smidiga och kompakta design i kombination med h\u00f6gsta produktivitet och drifts\u00e4kerhet. Aggregaten \u00e4r konstruerade enligt L\u00e5gfriktionskonceptet f\u00f6r maximal l\u00f6nsamhet. Oavsett om du k\u00f6r f\u00f6rsta gallring, slutavverkning eller avverkar mycket l\u00f6vskog s\u00e5 finns det ett aggregat i LF serien som passar. L\u00e4s mer om LF aggregaten nedan [&hellip;]\" \/>\n<meta property=\"og:url\" content=\"https:\/\/spmaskiner.com\/sv\/skordaraggregat\/skordaraggregat-lf\/\" \/>\n<meta property=\"og:site_name\" content=\"SP Maskiner\" \/>\n<meta property=\"article:modified_time\" content=\"2025-06-16T09:32:42+00:00\" \/>\n<meta property=\"og:image\" content=\"https:\/\/spmaskiner.com\/wp-content\/uploads\/2021\/03\/sp461lf-thumb.jpg\" \/>\n<meta name=\"twitter:card\" content=\"summary_large_image\" \/>\n<script type=\"application\/ld+json\" class=\"yoast-schema-graph\">{\"@context\":\"https:\/\/schema.org\",\"@graph\":[{\"@type\":\"WebPage\",\"@id\":\"https:\/\/spmaskiner.com\/sv\/skordaraggregat\/skordaraggregat-lf\/\",\"url\":\"https:\/\/spmaskiner.com\/sv\/skordaraggregat\/skordaraggregat-lf\/\",\"name\":\"Sk\u00f6rdaraggregat LF - SP Maskiner\",\"isPartOf\":{\"@id\":\"https:\/\/spmaskiner.com\/sv\/#website\"},\"primaryImageOfPage\":{\"@id\":\"https:\/\/spmaskiner.com\/sv\/skordaraggregat\/skordaraggregat-lf\/#primaryimage\"},\"image\":{\"@id\":\"https:\/\/spmaskiner.com\/sv\/skordaraggregat\/skordaraggregat-lf\/#primaryimage\"},\"thumbnailUrl\":\"https:\/\/spmaskiner.com\/wp-content\/uploads\/2025\/06\/461-NG-hemsida-kopiera.jpg\",\"datePublished\":\"2021-03-14T10:20:52+00:00\",\"dateModified\":\"2025-06-16T09:32:42+00:00\",\"breadcrumb\":{\"@id\":\"https:\/\/spmaskiner.com\/sv\/skordaraggregat\/skordaraggregat-lf\/#breadcrumb\"},\"inLanguage\":\"sv-SE\",\"potentialAction\":[{\"@type\":\"ReadAction\",\"target\":[\"https:\/\/spmaskiner.com\/sv\/skordaraggregat\/skordaraggregat-lf\/\"]}]},{\"@type\":\"ImageObject\",\"inLanguage\":\"sv-SE\",\"@id\":\"https:\/\/spmaskiner.com\/sv\/skordaraggregat\/skordaraggregat-lf\/#primaryimage\",\"url\":\"https:\/\/spmaskiner.com\/wp-content\/uploads\/2025\/06\/461-NG-hemsida-kopiera.jpg\",\"contentUrl\":\"https:\/\/spmaskiner.com\/wp-content\/uploads\/2025\/06\/461-NG-hemsida-kopiera.jpg\"},{\"@type\":\"BreadcrumbList\",\"@id\":\"https:\/\/spmaskiner.com\/sv\/skordaraggregat\/skordaraggregat-lf\/#breadcrumb\",\"itemListElement\":[{\"@type\":\"ListItem\",\"position\":1,\"name\":\"Home\",\"item\":\"https:\/\/spmaskiner.com\/sv\/\"},{\"@type\":\"ListItem\",\"position\":2,\"name\":\"Sk\u00f6rdaraggregat\",\"item\":\"https:\/\/spmaskiner.com\/sv\/skordaraggregat\/\"},{\"@type\":\"ListItem\",\"position\":3,\"name\":\"Sk\u00f6rdaraggregat LF\"}]},{\"@type\":\"WebSite\",\"@id\":\"https:\/\/spmaskiner.com\/sv\/#website\",\"url\":\"https:\/\/spmaskiner.com\/sv\/\",\"name\":\"SP Maskiner\",\"description\":\"Always ahead\",\"publisher\":{\"@id\":\"https:\/\/spmaskiner.com\/sv\/#organization\"},\"potentialAction\":[{\"@type\":\"SearchAction\",\"target\":{\"@type\":\"EntryPoint\",\"urlTemplate\":\"https:\/\/spmaskiner.com\/sv\/?s={search_term_string}\"},\"query-input\":{\"@type\":\"PropertyValueSpecification\",\"valueRequired\":true,\"valueName\":\"search_term_string\"}}],\"inLanguage\":\"sv-SE\"},{\"@type\":\"Organization\",\"@id\":\"https:\/\/spmaskiner.com\/sv\/#organization\",\"name\":\"SP Maskiner\",\"url\":\"https:\/\/spmaskiner.com\/sv\/\",\"logo\":{\"@type\":\"ImageObject\",\"inLanguage\":\"sv-SE\",\"@id\":\"https:\/\/spmaskiner.com\/sv\/#\/schema\/logo\/image\/\",\"url\":\"https:\/\/spmaskiner.com\/wp-content\/uploads\/2021\/03\/spmaskiner-logotyp.png\",\"contentUrl\":\"https:\/\/spmaskiner.com\/wp-content\/uploads\/2021\/03\/spmaskiner-logotyp.png\",\"width\":350,\"height\":65,\"caption\":\"SP Maskiner\"},\"image\":{\"@id\":\"https:\/\/spmaskiner.com\/sv\/#\/schema\/logo\/image\/\"}}]}<\/script>\n<!-- \/ Yoast SEO plugin. -->","yoast_head_json":{"title":"Sk\u00f6rdaraggregat LF - SP Maskiner","robots":{"index":"index","follow":"follow","max-snippet":"max-snippet:-1","max-image-preview":"max-image-preview:large","max-video-preview":"max-video-preview:-1"},"canonical":"https:\/\/spmaskiner.com\/sv\/skordaraggregat\/skordaraggregat-lf\/","og_locale":"sv_SE","og_type":"article","og_title":"Sk\u00f6rdaraggregat LF - SP Maskiner","og_description":"Sk\u00f6rdaraggregat LF Aggregaten i LF serien k\u00e4nnetecknas av sin smidiga och kompakta design i kombination med h\u00f6gsta produktivitet och drifts\u00e4kerhet. Aggregaten \u00e4r konstruerade enligt L\u00e5gfriktionskonceptet f\u00f6r maximal l\u00f6nsamhet. Oavsett om du k\u00f6r f\u00f6rsta gallring, slutavverkning eller avverkar mycket l\u00f6vskog s\u00e5 finns det ett aggregat i LF serien som passar. L\u00e4s mer om LF aggregaten nedan [&hellip;]","og_url":"https:\/\/spmaskiner.com\/sv\/skordaraggregat\/skordaraggregat-lf\/","og_site_name":"SP Maskiner","article_modified_time":"2025-06-16T09:32:42+00:00","og_image":[{"url":"https:\/\/spmaskiner.com\/wp-content\/uploads\/2021\/03\/sp461lf-thumb.jpg","type":"","width":"","height":""}],"twitter_card":"summary_large_image","schema":{"@context":"https:\/\/schema.org","@graph":[{"@type":"WebPage","@id":"https:\/\/spmaskiner.com\/sv\/skordaraggregat\/skordaraggregat-lf\/","url":"https:\/\/spmaskiner.com\/sv\/skordaraggregat\/skordaraggregat-lf\/","name":"Sk\u00f6rdaraggregat LF - SP Maskiner","isPartOf":{"@id":"https:\/\/spmaskiner.com\/sv\/#website"},"primaryImageOfPage":{"@id":"https:\/\/spmaskiner.com\/sv\/skordaraggregat\/skordaraggregat-lf\/#primaryimage"},"image":{"@id":"https:\/\/spmaskiner.com\/sv\/skordaraggregat\/skordaraggregat-lf\/#primaryimage"},"thumbnailUrl":"https:\/\/spmaskiner.com\/wp-content\/uploads\/2025\/06\/461-NG-hemsida-kopiera.jpg","datePublished":"2021-03-14T10:20:52+00:00","dateModified":"2025-06-16T09:32:42+00:00","breadcrumb":{"@id":"https:\/\/spmaskiner.com\/sv\/skordaraggregat\/skordaraggregat-lf\/#breadcrumb"},"inLanguage":"sv-SE","potentialAction":[{"@type":"ReadAction","target":["https:\/\/spmaskiner.com\/sv\/skordaraggregat\/skordaraggregat-lf\/"]}]},{"@type":"ImageObject","inLanguage":"sv-SE","@id":"https:\/\/spmaskiner.com\/sv\/skordaraggregat\/skordaraggregat-lf\/#primaryimage","url":"https:\/\/spmaskiner.com\/wp-content\/uploads\/2025\/06\/461-NG-hemsida-kopiera.jpg","contentUrl":"https:\/\/spmaskiner.com\/wp-content\/uploads\/2025\/06\/461-NG-hemsida-kopiera.jpg"},{"@type":"BreadcrumbList","@id":"https:\/\/spmaskiner.com\/sv\/skordaraggregat\/skordaraggregat-lf\/#breadcrumb","itemListElement":[{"@type":"ListItem","position":1,"name":"Home","item":"https:\/\/spmaskiner.com\/sv\/"},{"@type":"ListItem","position":2,"name":"Sk\u00f6rdaraggregat","item":"https:\/\/spmaskiner.com\/sv\/skordaraggregat\/"},{"@type":"ListItem","position":3,"name":"Sk\u00f6rdaraggregat LF"}]},{"@type":"WebSite","@id":"https:\/\/spmaskiner.com\/sv\/#website","url":"https:\/\/spmaskiner.com\/sv\/","name":"SP Maskiner","description":"Always ahead","publisher":{"@id":"https:\/\/spmaskiner.com\/sv\/#organization"},"potentialAction":[{"@type":"SearchAction","target":{"@type":"EntryPoint","urlTemplate":"https:\/\/spmaskiner.com\/sv\/?s={search_term_string}"},"query-input":{"@type":"PropertyValueSpecification","valueRequired":true,"valueName":"search_term_string"}}],"inLanguage":"sv-SE"},{"@type":"Organization","@id":"https:\/\/spmaskiner.com\/sv\/#organization","name":"SP Maskiner","url":"https:\/\/spmaskiner.com\/sv\/","logo":{"@type":"ImageObject","inLanguage":"sv-SE","@id":"https:\/\/spmaskiner.com\/sv\/#\/schema\/logo\/image\/","url":"https:\/\/spmaskiner.com\/wp-content\/uploads\/2021\/03\/spmaskiner-logotyp.png","contentUrl":"https:\/\/spmaskiner.com\/wp-content\/uploads\/2021\/03\/spmaskiner-logotyp.png","width":350,"height":65,"caption":"SP Maskiner"},"image":{"@id":"https:\/\/spmaskiner.com\/sv\/#\/schema\/logo\/image\/"}}]}},"_links":{"self":[{"href":"https:\/\/spmaskiner.com\/sv\/wp-json\/wp\/v2\/pages\/489","targetHints":{"allow":["GET"]}}],"collection":[{"href":"https:\/\/spmaskiner.com\/sv\/wp-json\/wp\/v2\/pages"}],"about":[{"href":"https:\/\/spmaskiner.com\/sv\/wp-json\/wp\/v2\/types\/page"}],"author":[{"embeddable":true,"href":"https:\/\/spmaskiner.com\/sv\/wp-json\/wp\/v2\/users\/1"}],"replies":[{"embeddable":true,"href":"https:\/\/spmaskiner.com\/sv\/wp-json\/wp\/v2\/comments?post=489"}],"version-history":[{"count":16,"href":"https:\/\/spmaskiner.com\/sv\/wp-json\/wp\/v2\/pages\/489\/revisions"}],"predecessor-version":[{"id":12141,"href":"https:\/\/spmaskiner.com\/sv\/wp-json\/wp\/v2\/pages\/489\/revisions\/12141"}],"up":[{"embeddable":true,"href":"https:\/\/spmaskiner.com\/sv\/wp-json\/wp\/v2\/pages\/11"}],"wp:attachment":[{"href":"https:\/\/spmaskiner.com\/sv\/wp-json\/wp\/v2\/media?parent=489"}],"curies":[{"name":"wp","href":"https:\/\/api.w.org\/{rel}","templated":true}]}}