{"id":5010,"date":"2021-07-23T11:28:48","date_gmt":"2021-07-23T09:28:48","guid":{"rendered":"https:\/\/spmaskiner.com\/?page_id=5010"},"modified":"2021-07-23T11:32:51","modified_gmt":"2021-07-23T09:32:51","slug":"webbplatsinformation","status":"publish","type":"page","link":"https:\/\/spmaskiner.com\/sv\/webbplatsinformation\/","title":{"rendered":"Webbplatsinformation"},"content":{"rendered":"\n<h2 class=\"wp-block-heading\" id=\"WEBBLASARE\">Webbl\u00e4sare<\/h2>\n\n\n\n<p>V\u00e5r webbplats fungerar b\u00e4st med modernare versioner av de vanligaste webbl\u00e4sarna. Vi rekommenderar n\u00e5gon av f\u00f6ljande webbl\u00e4sare:<\/p>\n\n\n\n<h3 class=\"wp-block-heading\">Windows<\/h3>\n\n\n\n<p><a href=\"http:\/\/www.google.com\/chrome\/\" target=\"_blank\" rel=\"noreferrer noopener\">Chrome<\/a><br><a href=\"http:\/\/www.microsoft.com\/windows\/internet-explorer\/\" target=\"_blank\" rel=\"noreferrer noopener\">Internet Explorer 9.0<\/a> eller nyare<br><a href=\"http:\/\/www.mozilla.com\/\" target=\"_blank\" rel=\"noreferrer noopener\">Mozilla Firefox<\/a><\/p>\n\n\n\n<h3 class=\"wp-block-heading\">Mac OS<\/h3>\n\n\n\n<p><a href=\"http:\/\/www.google.com\/chrome\/\" target=\"_blank\" rel=\"noreferrer noopener\">Chrome<\/a><br><a href=\"http:\/\/www.apple.com\/safari\/\" target=\"_blank\" rel=\"noreferrer noopener\">Safari 3.0<\/a> eller nyare<br><a href=\"http:\/\/www.mozilla.com\/\" target=\"_blank\" rel=\"noreferrer noopener\">Mozilla Firefox<\/a><\/p>\n\n\n\n<hr class=\"wp-block-separator\"\/>\n\n\n\n<p>Om webbplatsen inte fungerar kan det bero p\u00e5 att JavaScript och\/eller Cookies inte \u00e4r p\u00e5slagna i din webbl\u00e4sare. Kontrollera detta p\u00e5 f\u00f6ljande s\u00e4tt:<\/p>\n\n\n\n<ul class=\"wp-block-list\"><li>I Internet Explorer ska alternativet Verktyg\/ Internetalternativ\/ S\u00e4kerhet\/ Anpassad Niv\u00e5\/ Skript\/ Active scripting vara aktiverat och kryssrutan Verktyg\/ Internetalternativ\/ Sekretess\/ Avancerat\/ \u00c5sidos\u00e4tt automatisk cookiehantering inte vara markerade.<\/li><li>I Firefox ska kryssrutorna Verktyg\/ Inst\u00e4llningar\/ Sekretess\/ kakor\/ Till\u00e5t att webbplatser lagrar kakor och Verktyg\/ Inst\u00e4llningar\/ Inneh\u00e5ll\/ Aktivera JavaScript vara markerade.<\/li><li>I Safari g\u00e5r du in under Safarimenyn\/ S\u00e4kerhet och markerar i rutan Aktivera JavaScript och v\u00e4ljer alternativet Alltid till h\u00f6ger om rubriken Acceptera Cookies. I andra webbl\u00e4sare kan s\u00e4ttet p\u00e5 vilket JavaScript och Cookies aktiveras se olika ut, dock brukar alternativen som regel finnas under webbl\u00e4sarens inst\u00e4llningar..<\/li><\/ul>\n\n\n\n<hr class=\"wp-block-separator\"\/>\n\n\n\n<h2 class=\"wp-block-heading\" id=\"COOKIES\">Cookies<\/h2>\n\n\n\n<p>V\u00e5r webbplats inneh\u00e5ller s\u00e5 kallade cookies. En cookie \u00e4r en liten datafil som webbplatsen sparar i din dator.<\/p>\n\n\n\n<h4 class=\"wp-block-heading\">Cookies lagras tillf\u00e4lligt i din dator<\/h4>\n\n\n\n<p>Vi anv\u00e4nder sessionscookies och sessions-ID f\u00f6r att du ska kunna se de olika sidorna p\u00e5 ett korrekt vis. Cookien sparas inte av din dator utan finns bara tills du st\u00e4nger webbl\u00e4saren. Denna typ av cookie anv\u00e4nds enbart f\u00f6r att kommunikationen mellan din dator och v\u00e5r server ska fungera. Den ger oss ingen information om dig som anv\u00e4ndare och den kan inte heller f\u00f6rmedla n\u00e5gra virus till dig.<\/p>\n\n\n\n<h4 class=\"wp-block-heading\">Du kan st\u00e4nga av cookien<\/h4>\n\n\n\n<p>Om du inte accepterar anv\u00e4ndningen av Cookies kan du \u00e4ndra inst\u00e4llningen i din webbl\u00e4sare s\u00e5 att den inte till\u00e5ter cookies. Detta kommer dock g\u00f6ra att webbsidan inte kommer att fungera f\u00f6r dig.<\/p>\n\n\n\n<hr class=\"wp-block-separator\"\/>\n\n\n\n<h2 class=\"wp-block-heading\" id=\"JAVASCRIPT\">Javascript<\/h2>\n\n\n\n<p>Flera av webbplatsens tj\u00e4nster kr\u00e4ver att Javascript \u00e4r p\u00e5slaget f\u00f6r att fungera. Se hur du kontrollerar att Javascript \u00e4r p\u00e5slaget under rubriken Webbl\u00e4sare.<\/p>\n\n\n\n<hr class=\"wp-block-separator\"\/>\n\n\n\n<h2 class=\"wp-block-heading\" id=\"FARGUPPLOSNING\">F\u00e4rger och uppl\u00f6sning<\/h2>\n\n\n\n<p>F\u00f6r att bland annat bilderna i Bildbanken ska kunna \u00e5terges med god kvalitet b\u00f6r datorns bildsk\u00e4rmskort vara inst\u00e4llt p\u00e5 att visa minst 256 f\u00e4rger, g\u00e4rna mer.<\/p>\n\n\n\n<p>Webbplatsen \u00e4r responsiv vilket g\u00f6r att sidan fungerar p\u00e5 olika enheter och i olika uppl\u00f6sningar.<\/p>\n\n\n\n<hr class=\"wp-block-separator\"\/>\n\n\n\n<h2 class=\"wp-block-heading\" id=\"NERLADDNING\">Nedladdning av filer<\/h2>\n\n\n\n<p>F\u00f6r att <strong>\u00f6ppna en fil<\/strong> &#8211; klicka p\u00e5 l\u00e4nken. L\u00e4nkar till filer \u00f6ppnas automatiskt i nya f\u00f6nster.<\/p>\n\n\n\n<p>F\u00f6r att <strong>spara hem en fil<\/strong>&#8211; h\u00f6gerklicka med musen p\u00e5 l\u00e4nken och v\u00e4lj Spara m\u00e5l som. Ge filen ett namn och v\u00e4lj var den ska sparas.<\/p>\n\n\n\n<h4 class=\"wp-block-heading\">\u00d6ppna pdf-filer<\/h4>\n\n\n\n<p>F\u00f6r att \u00f6ppna pdf-filer rekomenderar vi programvaran <a href=\"http:\/\/www.adobe.se\/\" target=\"_blank\" rel=\"noreferrer noopener\">Acrobat Reader<\/a> som \u00e4r gratis.<\/p>\n\n\n\n<h4 class=\"wp-block-heading\">\u00d6ppna word-, exel- eller powerpoint-filer<\/h4>\n\n\n\n<p>Du som inte har program som kan l\u00e4sa filformaten f\u00f6r <a href=\"https:\/\/www.microsoft.com\/sv-se\/download\/details.aspx?id=4\" target=\"_blank\" rel=\"noreferrer noopener\">word<\/a>, <a href=\"https:\/\/www.microsoft.com\/sv-se\/download\/details.aspx?id=10\" target=\"_blank\" rel=\"noreferrer noopener\">excel<\/a> eller <a href=\"https:\/\/www.microsoft.com\/sv-se\/download\/details.aspx?id=13\" target=\"_blank\" rel=\"noreferrer noopener\">powerpoint<\/a> kan gratis ladda hem Microsoft Viewer.<\/p>\n\n\n\n<hr class=\"wp-block-separator\"\/>\n\n\n\n<h2 class=\"wp-block-heading\" id=\"SITEMAP\">Webbplatskarta<\/h2>\n\n\n\n<p>Du kan se vad varje omr\u00e5de inneh\u00e5ller p\u00e5 v\u00e5r <a href=\"http:\/\/www.spmaskiner.com\/sv-se\/sitemap\/\">webbplatskarta<\/a>.<\/p>\n\n\n\n<hr class=\"wp-block-separator\"\/>\n\n\n\n<h2 class=\"wp-block-heading\" id=\"KONTAKT\">Kontakt och support<\/h2>\n\n\n\n<p>Vid tekniska problem eller allm\u00e4na fr\u00e5gor \u00e4r du v\u00e4lkommen att <a href=\"http:\/\/www.spmaskiner.com\/sv-se\/kontakt\/\">kontakta oss<\/a>.<\/p>\n","protected":false},"excerpt":{"rendered":"<p>Webbl\u00e4sare V\u00e5r webbplats fungerar b\u00e4st med modernare versioner av de vanligaste webbl\u00e4sarna. Vi rekommenderar n\u00e5gon av f\u00f6ljande webbl\u00e4sare: Windows ChromeInternet Explorer 9.0 eller nyareMozilla Firefox Mac OS ChromeSafari 3.0 eller nyareMozilla Firefox Om webbplatsen inte fungerar kan det bero p\u00e5 att JavaScript och\/eller Cookies inte \u00e4r p\u00e5slagna i din webbl\u00e4sare. Kontrollera detta p\u00e5 f\u00f6ljande s\u00e4tt: [&hellip;]<\/p>\n","protected":false},"author":1,"featured_media":0,"parent":0,"menu_order":360,"comment_status":"closed","ping_status":"closed","template":"","meta":{"_acf_changed":false,"site-sidebar-layout":"default","site-content-layout":"default","ast-site-content-layout":"default","site-content-style":"default","site-sidebar-style":"default","ast-global-header-display":"","ast-banner-title-visibility":"","ast-main-header-display":"","ast-hfb-above-header-display":"","ast-hfb-below-header-display":"","ast-hfb-mobile-header-display":"","site-post-title":"","ast-breadcrumbs-content":"","ast-featured-img":"","footer-sml-layout":"","ast-disable-related-posts":"","theme-transparent-header-meta":"default","adv-header-id-meta":"","stick-header-meta":"","header-above-stick-meta":"","header-main-stick-meta":"","header-below-stick-meta":"","astra-migrate-meta-layouts":"default","ast-page-background-enabled":"default","ast-page-background-meta":{"desktop":{"background-color":"","background-image":"","background-repeat":"repeat","background-position":"center center","background-size":"auto","background-attachment":"scroll","background-type":"","background-media":"","overlay-type":"","overlay-color":"","overlay-opacity":"","overlay-gradient":""},"tablet":{"background-color":"","background-image":"","background-repeat":"repeat","background-position":"center center","background-size":"auto","background-attachment":"scroll","background-type":"","background-media":"","overlay-type":"","overlay-color":"","overlay-opacity":"","overlay-gradient":""},"mobile":{"background-color":"","background-image":"","background-repeat":"repeat","background-position":"center center","background-size":"auto","background-attachment":"scroll","background-type":"","background-media":"","overlay-type":"","overlay-color":"","overlay-opacity":"","overlay-gradient":""}},"ast-content-background-meta":{"desktop":{"background-color":"var(--ast-global-color-5)","background-image":"","background-repeat":"repeat","background-position":"center center","background-size":"auto","background-attachment":"scroll","background-type":"","background-media":"","overlay-type":"","overlay-color":"","overlay-opacity":"","overlay-gradient":""},"tablet":{"background-color":"var(--ast-global-color-5)","background-image":"","background-repeat":"repeat","background-position":"center center","background-size":"auto","background-attachment":"scroll","background-type":"","background-media":"","overlay-type":"","overlay-color":"","overlay-opacity":"","overlay-gradient":""},"mobile":{"background-color":"var(--ast-global-color-5)","background-image":"","background-repeat":"repeat","background-position":"center center","background-size":"auto","background-attachment":"scroll","background-type":"","background-media":"","overlay-type":"","overlay-color":"","overlay-opacity":"","overlay-gradient":""}},"footnotes":""},"class_list":["post-5010","page","type-page","status-publish","hentry"],"acf":[],"yoast_head":"<!-- This site is optimized with the Yoast SEO plugin v26.9 - https:\/\/yoast.com\/product\/yoast-seo-wordpress\/ -->\n<title>Webbplatsinformation - SP Maskiner<\/title>\n<meta name=\"robots\" content=\"index, follow, max-snippet:-1, max-image-preview:large, max-video-preview:-1\" \/>\n<link rel=\"canonical\" href=\"https:\/\/spmaskiner.com\/sv\/webbplatsinformation\/\" \/>\n<meta property=\"og:locale\" content=\"sv_SE\" \/>\n<meta property=\"og:type\" content=\"article\" \/>\n<meta property=\"og:title\" content=\"Webbplatsinformation - SP Maskiner\" \/>\n<meta property=\"og:description\" content=\"Webbl\u00e4sare V\u00e5r webbplats fungerar b\u00e4st med modernare versioner av de vanligaste webbl\u00e4sarna. Vi rekommenderar n\u00e5gon av f\u00f6ljande webbl\u00e4sare: Windows ChromeInternet Explorer 9.0 eller nyareMozilla Firefox Mac OS ChromeSafari 3.0 eller nyareMozilla Firefox Om webbplatsen inte fungerar kan det bero p\u00e5 att JavaScript och\/eller Cookies inte \u00e4r p\u00e5slagna i din webbl\u00e4sare. Kontrollera detta p\u00e5 f\u00f6ljande s\u00e4tt: [&hellip;]\" \/>\n<meta property=\"og:url\" content=\"https:\/\/spmaskiner.com\/sv\/webbplatsinformation\/\" \/>\n<meta property=\"og:site_name\" content=\"SP Maskiner\" \/>\n<meta property=\"article:modified_time\" content=\"2021-07-23T09:32:51+00:00\" \/>\n<meta name=\"twitter:card\" content=\"summary_large_image\" \/>\n<script type=\"application\/ld+json\" class=\"yoast-schema-graph\">{\"@context\":\"https:\/\/schema.org\",\"@graph\":[{\"@type\":\"WebPage\",\"@id\":\"https:\/\/spmaskiner.com\/sv\/webbplatsinformation\/\",\"url\":\"https:\/\/spmaskiner.com\/sv\/webbplatsinformation\/\",\"name\":\"Webbplatsinformation - SP Maskiner\",\"isPartOf\":{\"@id\":\"https:\/\/spmaskiner.com\/sv\/#website\"},\"datePublished\":\"2021-07-23T09:28:48+00:00\",\"dateModified\":\"2021-07-23T09:32:51+00:00\",\"breadcrumb\":{\"@id\":\"https:\/\/spmaskiner.com\/sv\/webbplatsinformation\/#breadcrumb\"},\"inLanguage\":\"sv-SE\",\"potentialAction\":[{\"@type\":\"ReadAction\",\"target\":[\"https:\/\/spmaskiner.com\/sv\/webbplatsinformation\/\"]}]},{\"@type\":\"BreadcrumbList\",\"@id\":\"https:\/\/spmaskiner.com\/sv\/webbplatsinformation\/#breadcrumb\",\"itemListElement\":[{\"@type\":\"ListItem\",\"position\":1,\"name\":\"Home\",\"item\":\"https:\/\/spmaskiner.com\/sv\/\"},{\"@type\":\"ListItem\",\"position\":2,\"name\":\"Webbplatsinformation\"}]},{\"@type\":\"WebSite\",\"@id\":\"https:\/\/spmaskiner.com\/sv\/#website\",\"url\":\"https:\/\/spmaskiner.com\/sv\/\",\"name\":\"SP Maskiner\",\"description\":\"Always ahead\",\"publisher\":{\"@id\":\"https:\/\/spmaskiner.com\/sv\/#organization\"},\"potentialAction\":[{\"@type\":\"SearchAction\",\"target\":{\"@type\":\"EntryPoint\",\"urlTemplate\":\"https:\/\/spmaskiner.com\/sv\/?s={search_term_string}\"},\"query-input\":{\"@type\":\"PropertyValueSpecification\",\"valueRequired\":true,\"valueName\":\"search_term_string\"}}],\"inLanguage\":\"sv-SE\"},{\"@type\":\"Organization\",\"@id\":\"https:\/\/spmaskiner.com\/sv\/#organization\",\"name\":\"SP Maskiner\",\"url\":\"https:\/\/spmaskiner.com\/sv\/\",\"logo\":{\"@type\":\"ImageObject\",\"inLanguage\":\"sv-SE\",\"@id\":\"https:\/\/spmaskiner.com\/sv\/#\/schema\/logo\/image\/\",\"url\":\"https:\/\/spmaskiner.com\/wp-content\/uploads\/2021\/03\/spmaskiner-logotyp.png\",\"contentUrl\":\"https:\/\/spmaskiner.com\/wp-content\/uploads\/2021\/03\/spmaskiner-logotyp.png\",\"width\":350,\"height\":65,\"caption\":\"SP Maskiner\"},\"image\":{\"@id\":\"https:\/\/spmaskiner.com\/sv\/#\/schema\/logo\/image\/\"}}]}<\/script>\n<!-- \/ Yoast SEO plugin. -->","yoast_head_json":{"title":"Webbplatsinformation - SP Maskiner","robots":{"index":"index","follow":"follow","max-snippet":"max-snippet:-1","max-image-preview":"max-image-preview:large","max-video-preview":"max-video-preview:-1"},"canonical":"https:\/\/spmaskiner.com\/sv\/webbplatsinformation\/","og_locale":"sv_SE","og_type":"article","og_title":"Webbplatsinformation - SP Maskiner","og_description":"Webbl\u00e4sare V\u00e5r webbplats fungerar b\u00e4st med modernare versioner av de vanligaste webbl\u00e4sarna. Vi rekommenderar n\u00e5gon av f\u00f6ljande webbl\u00e4sare: Windows ChromeInternet Explorer 9.0 eller nyareMozilla Firefox Mac OS ChromeSafari 3.0 eller nyareMozilla Firefox Om webbplatsen inte fungerar kan det bero p\u00e5 att JavaScript och\/eller Cookies inte \u00e4r p\u00e5slagna i din webbl\u00e4sare. Kontrollera detta p\u00e5 f\u00f6ljande s\u00e4tt: [&hellip;]","og_url":"https:\/\/spmaskiner.com\/sv\/webbplatsinformation\/","og_site_name":"SP Maskiner","article_modified_time":"2021-07-23T09:32:51+00:00","twitter_card":"summary_large_image","schema":{"@context":"https:\/\/schema.org","@graph":[{"@type":"WebPage","@id":"https:\/\/spmaskiner.com\/sv\/webbplatsinformation\/","url":"https:\/\/spmaskiner.com\/sv\/webbplatsinformation\/","name":"Webbplatsinformation - SP Maskiner","isPartOf":{"@id":"https:\/\/spmaskiner.com\/sv\/#website"},"datePublished":"2021-07-23T09:28:48+00:00","dateModified":"2021-07-23T09:32:51+00:00","breadcrumb":{"@id":"https:\/\/spmaskiner.com\/sv\/webbplatsinformation\/#breadcrumb"},"inLanguage":"sv-SE","potentialAction":[{"@type":"ReadAction","target":["https:\/\/spmaskiner.com\/sv\/webbplatsinformation\/"]}]},{"@type":"BreadcrumbList","@id":"https:\/\/spmaskiner.com\/sv\/webbplatsinformation\/#breadcrumb","itemListElement":[{"@type":"ListItem","position":1,"name":"Home","item":"https:\/\/spmaskiner.com\/sv\/"},{"@type":"ListItem","position":2,"name":"Webbplatsinformation"}]},{"@type":"WebSite","@id":"https:\/\/spmaskiner.com\/sv\/#website","url":"https:\/\/spmaskiner.com\/sv\/","name":"SP Maskiner","description":"Always ahead","publisher":{"@id":"https:\/\/spmaskiner.com\/sv\/#organization"},"potentialAction":[{"@type":"SearchAction","target":{"@type":"EntryPoint","urlTemplate":"https:\/\/spmaskiner.com\/sv\/?s={search_term_string}"},"query-input":{"@type":"PropertyValueSpecification","valueRequired":true,"valueName":"search_term_string"}}],"inLanguage":"sv-SE"},{"@type":"Organization","@id":"https:\/\/spmaskiner.com\/sv\/#organization","name":"SP Maskiner","url":"https:\/\/spmaskiner.com\/sv\/","logo":{"@type":"ImageObject","inLanguage":"sv-SE","@id":"https:\/\/spmaskiner.com\/sv\/#\/schema\/logo\/image\/","url":"https:\/\/spmaskiner.com\/wp-content\/uploads\/2021\/03\/spmaskiner-logotyp.png","contentUrl":"https:\/\/spmaskiner.com\/wp-content\/uploads\/2021\/03\/spmaskiner-logotyp.png","width":350,"height":65,"caption":"SP Maskiner"},"image":{"@id":"https:\/\/spmaskiner.com\/sv\/#\/schema\/logo\/image\/"}}]}},"_links":{"self":[{"href":"https:\/\/spmaskiner.com\/sv\/wp-json\/wp\/v2\/pages\/5010","targetHints":{"allow":["GET"]}}],"collection":[{"href":"https:\/\/spmaskiner.com\/sv\/wp-json\/wp\/v2\/pages"}],"about":[{"href":"https:\/\/spmaskiner.com\/sv\/wp-json\/wp\/v2\/types\/page"}],"author":[{"embeddable":true,"href":"https:\/\/spmaskiner.com\/sv\/wp-json\/wp\/v2\/users\/1"}],"replies":[{"embeddable":true,"href":"https:\/\/spmaskiner.com\/sv\/wp-json\/wp\/v2\/comments?post=5010"}],"version-history":[{"count":0,"href":"https:\/\/spmaskiner.com\/sv\/wp-json\/wp\/v2\/pages\/5010\/revisions"}],"wp:attachment":[{"href":"https:\/\/spmaskiner.com\/sv\/wp-json\/wp\/v2\/media?parent=5010"}],"curies":[{"name":"wp","href":"https:\/\/api.w.org\/{rel}","templated":true}]}}