{"id":7113,"date":"2022-03-04T09:05:48","date_gmt":"2022-03-04T08:05:48","guid":{"rendered":"https:\/\/spmaskiner.com\/?page_id=7113"},"modified":"2022-03-11T09:01:59","modified_gmt":"2022-03-11T08:01:59","slug":"aggregat-for-alla-maskintyper-och-matsystem","status":"publish","type":"page","link":"https:\/\/spmaskiner.com\/sv\/kundfordelar\/aggregat-for-alla-maskintyper-och-matsystem\/","title":{"rendered":"Aggregat f\u00f6r alla maskintyper och m\u00e4tsystem"},"content":{"rendered":"\t\t<div data-elementor-type=\"wp-page\" data-elementor-id=\"7113\" class=\"elementor elementor-7113\" data-elementor-post-type=\"page\">\n\t\t\t\t\t\t<section class=\"elementor-section elementor-top-section elementor-element elementor-element-190c45f elementor-section-boxed elementor-section-height-default elementor-section-height-default\" data-id=\"190c45f\" data-element_type=\"section\" data-e-type=\"section\">\n\t\t\t\t\t\t<div class=\"elementor-container elementor-column-gap-default\">\n\t\t\t\t\t<div class=\"elementor-column elementor-col-100 elementor-top-column elementor-element elementor-element-380323b6\" data-id=\"380323b6\" data-element_type=\"column\" data-e-type=\"column\">\n\t\t\t<div class=\"elementor-widget-wrap elementor-element-populated\">\n\t\t\t\t\t\t<div class=\"elementor-element elementor-element-578343ec elementor-widget elementor-widget-heading\" data-id=\"578343ec\" data-element_type=\"widget\" data-e-type=\"widget\" data-widget_type=\"heading.default\">\n\t\t\t\t<div class=\"elementor-widget-container\">\n\t\t\t\t\t<h1 class=\"elementor-heading-title elementor-size-default\">Aggregat f\u00f6r alla maskintyper och m\u00e4tsystem<\/h1>\t\t\t\t<\/div>\n\t\t\t\t<\/div>\n\t\t\t\t<div class=\"elementor-element elementor-element-0ccd9c5 elementor-widget elementor-widget-text-editor\" data-id=\"0ccd9c5\" data-element_type=\"widget\" data-e-type=\"widget\" data-widget_type=\"text-editor.default\">\n\t\t\t\t<div class=\"elementor-widget-container\">\n\t\t\t\t\t\t\t\t\t<p>Vi p\u00e5 SP erbjuder ett brett aggregatsortiment f\u00f6r alla maskintyper, m\u00e4rken, modeller och avverkningstyper &#8211; fr\u00e5n f\u00f6rstagallring till slutavverkning och avverkning av energived eller avbarkning av eukalyptus. Tack vare v\u00e5r kunskap och l\u00e5nga erfarenhet vet vi vad som kr\u00e4vs f\u00f6r att just ditt avverkningsarbete ska bli s\u00e5 effektivt och l\u00f6nsamt som m\u00f6jligt oavsett vilken maskin du har eller hur dina arbetsf\u00f6rh\u00e5llanden ser ut. Alla v\u00e5ra sk\u00f6rdaraggregat har konstruerats enligt l\u00e5gfriktionskonceptet d\u00e4r \u00f6ver fyrtio \u00e5rs erfarenhet och utveckling har resulterat i h\u00f6gpresterande aggregat som utm\u00e4rker sig genom sin unika kombination av h\u00f6gsta produktivitet, optimal br\u00e4nslef\u00f6rbrukning, l\u00e5ga underh\u00e5llskostnader och tillf\u00f6rlitlig m\u00e4tning.<\/p><p>Har du ett aggregat fr\u00e5n en annan tillverkare idag men vill \u00f6ka din effektivitet och l\u00f6nsamhet \u00e4r \u00f6verg\u00e5ngen till ett aggregat fr\u00e5n SP enkel. V\u00e5ra sk\u00f6rdaraggregat kan k\u00f6ras mot i stort sett alla p\u00e5 marknaden f\u00f6rekommande styr- och m\u00e4tsystem vilket inneb\u00e4r att du varken beh\u00f6ver l\u00e4ra dig eller investera i ett nytt datasystem n\u00e4r du v\u00e4ljer ett aggregat fr\u00e5n<br \/>SP. Till skillnad fr\u00e5n m\u00e5nga andra m\u00e4rken p\u00e5 marknaden kr\u00e4ver installationen av ett SP-aggregat allts\u00e5 inga ombyggnationer av befintligt styrsystem eller extra elektronik.<\/p><p>Oavsett basmaskin eller varierande f\u00f6ruts\u00e4ttningar \u00e4r vi experter p\u00e5 att montera aggregat och anpassa installationen f\u00f6r att du ska f\u00e5 ut maximal funktion och kapacitet av ditt aggregat. \u00c4r maskinen en hjul- eller bandg\u00e5ende sk\u00f6rdare eller kanske en gr\u00e4vmaskin? \u00c4r det en Rottne, John Deere, Komatsu, Eco Log, Ponsse, Volvo, Caterpillar, Sany eller ett annat m\u00e4rke? Oavsett vilket s\u00e5 har SP ett aggregat som passar just dig. Dessutom erbjuder vi alltid en kostnadsfri analys av hur du kan maximera din l\u00f6nsamhet utifr\u00e5n just dina f\u00f6ruts\u00e4ttningar n\u00e4r du v\u00e4ljer ett aggregat fr\u00e5n SP.<\/p>\t\t\t\t\t\t\t\t<\/div>\n\t\t\t\t<\/div>\n\t\t\t\t<div class=\"elementor-element elementor-element-4c5a6be elementor-icon-list--layout-inline elementor-align-end elementor-list-item-link-full_width elementor-widget elementor-widget-icon-list\" data-id=\"4c5a6be\" data-element_type=\"widget\" data-e-type=\"widget\" data-widget_type=\"icon-list.default\">\n\t\t\t\t<div class=\"elementor-widget-container\">\n\t\t\t\t\t\t\t<ul class=\"elementor-icon-list-items elementor-inline-items\">\n\t\t\t\t\t\t\t<li class=\"elementor-icon-list-item elementor-inline-item\">\n\t\t\t\t\t\t\t\t\t\t\t<a href=\"https:\/\/spmaskiner.com\/wp-content\/uploads\/2022\/03\/Aggregatforalla.pdf\">\n\n\t\t\t\t\t\t\t\t\t\t\t\t<span class=\"elementor-icon-list-icon\">\n\t\t\t\t\t\t\t<i aria-hidden=\"true\" class=\"fas fa-file-pdf\"><\/i>\t\t\t\t\t\t<\/span>\n\t\t\t\t\t\t\t\t\t\t<span class=\"elementor-icon-list-text\">Broschyr Aggregat f\u00f6r alla<\/span>\n\t\t\t\t\t\t\t\t\t\t\t<\/a>\n\t\t\t\t\t\t\t\t\t<\/li>\n\t\t\t\t\t\t<\/ul>\n\t\t\t\t\t\t<\/div>\n\t\t\t\t<\/div>\n\t\t\t\t\t<\/div>\n\t\t<\/div>\n\t\t\t\t\t<\/div>\n\t\t<\/section>\n\t\t\t\t<section class=\"elementor-section elementor-top-section elementor-element elementor-element-bc4dae0 elementor-section-boxed elementor-section-height-default elementor-section-height-default\" data-id=\"bc4dae0\" data-element_type=\"section\" data-e-type=\"section\">\n\t\t\t\t\t\t<div class=\"elementor-container elementor-column-gap-default\">\n\t\t\t\t\t<div class=\"elementor-column elementor-col-33 elementor-top-column elementor-element elementor-element-7fd6320\" data-id=\"7fd6320\" data-element_type=\"column\" data-e-type=\"column\">\n\t\t\t<div class=\"elementor-widget-wrap elementor-element-populated\">\n\t\t\t\t\t\t<div class=\"elementor-element elementor-element-855dc69 elementor-widget elementor-widget-image\" data-id=\"855dc69\" data-element_type=\"widget\" data-e-type=\"widget\" data-widget_type=\"image.default\">\n\t\t\t\t<div class=\"elementor-widget-container\">\n\t\t\t\t\t\t\t\t\t\t\t\t\t\t\t<img loading=\"lazy\" decoding=\"async\" width=\"1024\" height=\"576\" src=\"https:\/\/spmaskiner.com\/wp-content\/uploads\/2022\/03\/brnilsson122-1024x576.jpg\" class=\"attachment-large size-large wp-image-7134\" alt=\"\" srcset=\"https:\/\/spmaskiner.com\/wp-content\/uploads\/2022\/03\/brnilsson122-1024x576.jpg 1024w, https:\/\/spmaskiner.com\/wp-content\/uploads\/2022\/03\/brnilsson122-300x169.jpg 300w, https:\/\/spmaskiner.com\/wp-content\/uploads\/2022\/03\/brnilsson122-768x432.jpg 768w, https:\/\/spmaskiner.com\/wp-content\/uploads\/2022\/03\/brnilsson122-1536x864.jpg 1536w, https:\/\/spmaskiner.com\/wp-content\/uploads\/2022\/03\/brnilsson122-2048x1152.jpg 2048w\" sizes=\"auto, (max-width: 1024px) 100vw, 1024px\" \/>\t\t\t\t\t\t\t\t\t\t\t\t\t\t\t<\/div>\n\t\t\t\t<\/div>\n\t\t\t\t\t<\/div>\n\t\t<\/div>\n\t\t\t\t<div class=\"elementor-column elementor-col-33 elementor-top-column elementor-element elementor-element-d0fff82\" data-id=\"d0fff82\" data-element_type=\"column\" data-e-type=\"column\">\n\t\t\t<div class=\"elementor-widget-wrap elementor-element-populated\">\n\t\t\t\t\t\t<div class=\"elementor-element elementor-element-624ab7f elementor-widget elementor-widget-image\" data-id=\"624ab7f\" data-element_type=\"widget\" data-e-type=\"widget\" data-widget_type=\"image.default\">\n\t\t\t\t<div class=\"elementor-widget-container\">\n\t\t\t\t\t\t\t\t\t\t\t\t\t\t\t<img loading=\"lazy\" decoding=\"async\" width=\"1024\" height=\"576\" src=\"https:\/\/spmaskiner.com\/wp-content\/uploads\/2022\/03\/eisab145-1024x576.jpg\" class=\"attachment-large size-large wp-image-7138\" alt=\"\" srcset=\"https:\/\/spmaskiner.com\/wp-content\/uploads\/2022\/03\/eisab145-1024x576.jpg 1024w, https:\/\/spmaskiner.com\/wp-content\/uploads\/2022\/03\/eisab145-300x169.jpg 300w, https:\/\/spmaskiner.com\/wp-content\/uploads\/2022\/03\/eisab145-768x432.jpg 768w, https:\/\/spmaskiner.com\/wp-content\/uploads\/2022\/03\/eisab145-1536x864.jpg 1536w, https:\/\/spmaskiner.com\/wp-content\/uploads\/2022\/03\/eisab145.jpg 1920w\" sizes=\"auto, (max-width: 1024px) 100vw, 1024px\" \/>\t\t\t\t\t\t\t\t\t\t\t\t\t\t\t<\/div>\n\t\t\t\t<\/div>\n\t\t\t\t\t<\/div>\n\t\t<\/div>\n\t\t\t\t<div class=\"elementor-column elementor-col-33 elementor-top-column elementor-element elementor-element-94195c7\" data-id=\"94195c7\" data-element_type=\"column\" data-e-type=\"column\">\n\t\t\t<div class=\"elementor-widget-wrap elementor-element-populated\">\n\t\t\t\t\t\t<div class=\"elementor-element elementor-element-f93ccbe elementor-widget elementor-widget-image\" data-id=\"f93ccbe\" data-element_type=\"widget\" data-e-type=\"widget\" data-widget_type=\"image.default\">\n\t\t\t\t<div class=\"elementor-widget-container\">\n\t\t\t\t\t\t\t\t\t\t\t\t\t\t\t<img loading=\"lazy\" decoding=\"async\" width=\"1024\" height=\"576\" src=\"https:\/\/spmaskiner.com\/wp-content\/uploads\/2022\/03\/manoskog134-1024x576.jpg\" class=\"attachment-large size-large wp-image-7142\" alt=\"\" srcset=\"https:\/\/spmaskiner.com\/wp-content\/uploads\/2022\/03\/manoskog134-1024x576.jpg 1024w, https:\/\/spmaskiner.com\/wp-content\/uploads\/2022\/03\/manoskog134-300x169.jpg 300w, https:\/\/spmaskiner.com\/wp-content\/uploads\/2022\/03\/manoskog134-768x432.jpg 768w, https:\/\/spmaskiner.com\/wp-content\/uploads\/2022\/03\/manoskog134-1536x864.jpg 1536w, https:\/\/spmaskiner.com\/wp-content\/uploads\/2022\/03\/manoskog134.jpg 1920w\" sizes=\"auto, (max-width: 1024px) 100vw, 1024px\" \/>\t\t\t\t\t\t\t\t\t\t\t\t\t\t\t<\/div>\n\t\t\t\t<\/div>\n\t\t\t\t\t<\/div>\n\t\t<\/div>\n\t\t\t\t\t<\/div>\n\t\t<\/section>\n\t\t\t\t<\/div>\n\t\t","protected":false},"excerpt":{"rendered":"<p>Aggregat f\u00f6r alla maskintyper och m\u00e4tsystem Vi p\u00e5 SP erbjuder ett brett aggregatsortiment f\u00f6r alla maskintyper, m\u00e4rken, modeller och avverkningstyper &#8211; fr\u00e5n f\u00f6rstagallring till slutavverkning och avverkning av energived eller avbarkning av eukalyptus. Tack vare v\u00e5r kunskap och l\u00e5nga erfarenhet vet vi vad som kr\u00e4vs f\u00f6r att just ditt avverkningsarbete ska bli s\u00e5 effektivt och [&hellip;]<\/p>\n","protected":false},"author":2,"featured_media":0,"parent":1267,"menu_order":23,"comment_status":"closed","ping_status":"closed","template":"elementor_header_footer","meta":{"_acf_changed":false,"site-sidebar-layout":"no-sidebar","site-content-layout":"page-builder","ast-site-content-layout":"default","site-content-style":"default","site-sidebar-style":"default","ast-global-header-display":"","ast-banner-title-visibility":"","ast-main-header-display":"","ast-hfb-above-header-display":"","ast-hfb-below-header-display":"","ast-hfb-mobile-header-display":"","site-post-title":"disabled","ast-breadcrumbs-content":"","ast-featured-img":"disabled","footer-sml-layout":"","ast-disable-related-posts":"","theme-transparent-header-meta":"default","adv-header-id-meta":"","stick-header-meta":"","header-above-stick-meta":"","header-main-stick-meta":"","header-below-stick-meta":"","astra-migrate-meta-layouts":"default","ast-page-background-enabled":"default","ast-page-background-meta":{"desktop":{"background-color":"","background-image":"","background-repeat":"repeat","background-position":"center center","background-size":"auto","background-attachment":"scroll","background-type":"","background-media":"","overlay-type":"","overlay-color":"","overlay-opacity":"","overlay-gradient":""},"tablet":{"background-color":"","background-image":"","background-repeat":"repeat","background-position":"center center","background-size":"auto","background-attachment":"scroll","background-type":"","background-media":"","overlay-type":"","overlay-color":"","overlay-opacity":"","overlay-gradient":""},"mobile":{"background-color":"","background-image":"","background-repeat":"repeat","background-position":"center center","background-size":"auto","background-attachment":"scroll","background-type":"","background-media":"","overlay-type":"","overlay-color":"","overlay-opacity":"","overlay-gradient":""}},"ast-content-background-meta":{"desktop":{"background-color":"var(--ast-global-color-5)","background-image":"","background-repeat":"repeat","background-position":"center center","background-size":"auto","background-attachment":"scroll","background-type":"","background-media":"","overlay-type":"","overlay-color":"","overlay-opacity":"","overlay-gradient":""},"tablet":{"background-color":"var(--ast-global-color-5)","background-image":"","background-repeat":"repeat","background-position":"center center","background-size":"auto","background-attachment":"scroll","background-type":"","background-media":"","overlay-type":"","overlay-color":"","overlay-opacity":"","overlay-gradient":""},"mobile":{"background-color":"var(--ast-global-color-5)","background-image":"","background-repeat":"repeat","background-position":"center center","background-size":"auto","background-attachment":"scroll","background-type":"","background-media":"","overlay-type":"","overlay-color":"","overlay-opacity":"","overlay-gradient":""}},"footnotes":""},"class_list":["post-7113","page","type-page","status-publish","hentry"],"acf":[],"yoast_head":"<!-- This site is optimized with the Yoast SEO plugin v26.9 - https:\/\/yoast.com\/product\/yoast-seo-wordpress\/ -->\n<title>Aggregat f\u00f6r alla maskintyper och m\u00e4tsystem - SP Maskiner<\/title>\n<meta name=\"robots\" content=\"index, follow, max-snippet:-1, max-image-preview:large, max-video-preview:-1\" \/>\n<link rel=\"canonical\" href=\"https:\/\/spmaskiner.com\/sv\/kundfordelar\/aggregat-for-alla-maskintyper-och-matsystem\/\" \/>\n<meta property=\"og:locale\" content=\"sv_SE\" \/>\n<meta property=\"og:type\" content=\"article\" \/>\n<meta property=\"og:title\" content=\"Aggregat f\u00f6r alla maskintyper och m\u00e4tsystem - SP Maskiner\" \/>\n<meta property=\"og:description\" content=\"Aggregat f\u00f6r alla maskintyper och m\u00e4tsystem Vi p\u00e5 SP erbjuder ett brett aggregatsortiment f\u00f6r alla maskintyper, m\u00e4rken, modeller och avverkningstyper &#8211; fr\u00e5n f\u00f6rstagallring till slutavverkning och avverkning av energived eller avbarkning av eukalyptus. Tack vare v\u00e5r kunskap och l\u00e5nga erfarenhet vet vi vad som kr\u00e4vs f\u00f6r att just ditt avverkningsarbete ska bli s\u00e5 effektivt och [&hellip;]\" \/>\n<meta property=\"og:url\" content=\"https:\/\/spmaskiner.com\/sv\/kundfordelar\/aggregat-for-alla-maskintyper-och-matsystem\/\" \/>\n<meta property=\"og:site_name\" content=\"SP Maskiner\" \/>\n<meta property=\"article:modified_time\" content=\"2022-03-11T08:01:59+00:00\" \/>\n<meta property=\"og:image\" content=\"https:\/\/spmaskiner.com\/wp-content\/uploads\/2022\/03\/brnilsson122-scaled.jpg\" \/>\n\t<meta property=\"og:image:width\" content=\"2560\" \/>\n\t<meta property=\"og:image:height\" content=\"1440\" \/>\n\t<meta property=\"og:image:type\" content=\"image\/jpeg\" \/>\n<meta name=\"twitter:card\" content=\"summary_large_image\" \/>\n<script type=\"application\/ld+json\" class=\"yoast-schema-graph\">{\"@context\":\"https:\/\/schema.org\",\"@graph\":[{\"@type\":\"WebPage\",\"@id\":\"https:\/\/spmaskiner.com\/sv\/kundfordelar\/aggregat-for-alla-maskintyper-och-matsystem\/\",\"url\":\"https:\/\/spmaskiner.com\/sv\/kundfordelar\/aggregat-for-alla-maskintyper-och-matsystem\/\",\"name\":\"Aggregat f\u00f6r alla maskintyper och m\u00e4tsystem - SP Maskiner\",\"isPartOf\":{\"@id\":\"https:\/\/spmaskiner.com\/sv\/#website\"},\"primaryImageOfPage\":{\"@id\":\"https:\/\/spmaskiner.com\/sv\/kundfordelar\/aggregat-for-alla-maskintyper-och-matsystem\/#primaryimage\"},\"image\":{\"@id\":\"https:\/\/spmaskiner.com\/sv\/kundfordelar\/aggregat-for-alla-maskintyper-och-matsystem\/#primaryimage\"},\"thumbnailUrl\":\"https:\/\/spmaskiner.com\/wp-content\/uploads\/2022\/03\/brnilsson122-1024x576.jpg\",\"datePublished\":\"2022-03-04T08:05:48+00:00\",\"dateModified\":\"2022-03-11T08:01:59+00:00\",\"breadcrumb\":{\"@id\":\"https:\/\/spmaskiner.com\/sv\/kundfordelar\/aggregat-for-alla-maskintyper-och-matsystem\/#breadcrumb\"},\"inLanguage\":\"sv-SE\",\"potentialAction\":[{\"@type\":\"ReadAction\",\"target\":[\"https:\/\/spmaskiner.com\/sv\/kundfordelar\/aggregat-for-alla-maskintyper-och-matsystem\/\"]}]},{\"@type\":\"ImageObject\",\"inLanguage\":\"sv-SE\",\"@id\":\"https:\/\/spmaskiner.com\/sv\/kundfordelar\/aggregat-for-alla-maskintyper-och-matsystem\/#primaryimage\",\"url\":\"https:\/\/spmaskiner.com\/wp-content\/uploads\/2022\/03\/brnilsson122-1024x576.jpg\",\"contentUrl\":\"https:\/\/spmaskiner.com\/wp-content\/uploads\/2022\/03\/brnilsson122-1024x576.jpg\"},{\"@type\":\"BreadcrumbList\",\"@id\":\"https:\/\/spmaskiner.com\/sv\/kundfordelar\/aggregat-for-alla-maskintyper-och-matsystem\/#breadcrumb\",\"itemListElement\":[{\"@type\":\"ListItem\",\"position\":1,\"name\":\"Home\",\"item\":\"https:\/\/spmaskiner.com\/sv\/\"},{\"@type\":\"ListItem\",\"position\":2,\"name\":\"Kundf\u00f6rdelar\",\"item\":\"https:\/\/spmaskiner.com\/sv\/kundfordelar\/\"},{\"@type\":\"ListItem\",\"position\":3,\"name\":\"Aggregat f\u00f6r alla maskintyper och m\u00e4tsystem\"}]},{\"@type\":\"WebSite\",\"@id\":\"https:\/\/spmaskiner.com\/sv\/#website\",\"url\":\"https:\/\/spmaskiner.com\/sv\/\",\"name\":\"SP Maskiner\",\"description\":\"Always ahead\",\"publisher\":{\"@id\":\"https:\/\/spmaskiner.com\/sv\/#organization\"},\"potentialAction\":[{\"@type\":\"SearchAction\",\"target\":{\"@type\":\"EntryPoint\",\"urlTemplate\":\"https:\/\/spmaskiner.com\/sv\/?s={search_term_string}\"},\"query-input\":{\"@type\":\"PropertyValueSpecification\",\"valueRequired\":true,\"valueName\":\"search_term_string\"}}],\"inLanguage\":\"sv-SE\"},{\"@type\":\"Organization\",\"@id\":\"https:\/\/spmaskiner.com\/sv\/#organization\",\"name\":\"SP Maskiner\",\"url\":\"https:\/\/spmaskiner.com\/sv\/\",\"logo\":{\"@type\":\"ImageObject\",\"inLanguage\":\"sv-SE\",\"@id\":\"https:\/\/spmaskiner.com\/sv\/#\/schema\/logo\/image\/\",\"url\":\"https:\/\/spmaskiner.com\/wp-content\/uploads\/2021\/03\/spmaskiner-logotyp.png\",\"contentUrl\":\"https:\/\/spmaskiner.com\/wp-content\/uploads\/2021\/03\/spmaskiner-logotyp.png\",\"width\":350,\"height\":65,\"caption\":\"SP Maskiner\"},\"image\":{\"@id\":\"https:\/\/spmaskiner.com\/sv\/#\/schema\/logo\/image\/\"}}]}<\/script>\n<!-- \/ Yoast SEO plugin. -->","yoast_head_json":{"title":"Aggregat f\u00f6r alla maskintyper och m\u00e4tsystem - SP Maskiner","robots":{"index":"index","follow":"follow","max-snippet":"max-snippet:-1","max-image-preview":"max-image-preview:large","max-video-preview":"max-video-preview:-1"},"canonical":"https:\/\/spmaskiner.com\/sv\/kundfordelar\/aggregat-for-alla-maskintyper-och-matsystem\/","og_locale":"sv_SE","og_type":"article","og_title":"Aggregat f\u00f6r alla maskintyper och m\u00e4tsystem - SP Maskiner","og_description":"Aggregat f\u00f6r alla maskintyper och m\u00e4tsystem Vi p\u00e5 SP erbjuder ett brett aggregatsortiment f\u00f6r alla maskintyper, m\u00e4rken, modeller och avverkningstyper &#8211; fr\u00e5n f\u00f6rstagallring till slutavverkning och avverkning av energived eller avbarkning av eukalyptus. Tack vare v\u00e5r kunskap och l\u00e5nga erfarenhet vet vi vad som kr\u00e4vs f\u00f6r att just ditt avverkningsarbete ska bli s\u00e5 effektivt och [&hellip;]","og_url":"https:\/\/spmaskiner.com\/sv\/kundfordelar\/aggregat-for-alla-maskintyper-och-matsystem\/","og_site_name":"SP Maskiner","article_modified_time":"2022-03-11T08:01:59+00:00","og_image":[{"width":2560,"height":1440,"url":"https:\/\/spmaskiner.com\/wp-content\/uploads\/2022\/03\/brnilsson122-scaled.jpg","type":"image\/jpeg"}],"twitter_card":"summary_large_image","schema":{"@context":"https:\/\/schema.org","@graph":[{"@type":"WebPage","@id":"https:\/\/spmaskiner.com\/sv\/kundfordelar\/aggregat-for-alla-maskintyper-och-matsystem\/","url":"https:\/\/spmaskiner.com\/sv\/kundfordelar\/aggregat-for-alla-maskintyper-och-matsystem\/","name":"Aggregat f\u00f6r alla maskintyper och m\u00e4tsystem - SP Maskiner","isPartOf":{"@id":"https:\/\/spmaskiner.com\/sv\/#website"},"primaryImageOfPage":{"@id":"https:\/\/spmaskiner.com\/sv\/kundfordelar\/aggregat-for-alla-maskintyper-och-matsystem\/#primaryimage"},"image":{"@id":"https:\/\/spmaskiner.com\/sv\/kundfordelar\/aggregat-for-alla-maskintyper-och-matsystem\/#primaryimage"},"thumbnailUrl":"https:\/\/spmaskiner.com\/wp-content\/uploads\/2022\/03\/brnilsson122-1024x576.jpg","datePublished":"2022-03-04T08:05:48+00:00","dateModified":"2022-03-11T08:01:59+00:00","breadcrumb":{"@id":"https:\/\/spmaskiner.com\/sv\/kundfordelar\/aggregat-for-alla-maskintyper-och-matsystem\/#breadcrumb"},"inLanguage":"sv-SE","potentialAction":[{"@type":"ReadAction","target":["https:\/\/spmaskiner.com\/sv\/kundfordelar\/aggregat-for-alla-maskintyper-och-matsystem\/"]}]},{"@type":"ImageObject","inLanguage":"sv-SE","@id":"https:\/\/spmaskiner.com\/sv\/kundfordelar\/aggregat-for-alla-maskintyper-och-matsystem\/#primaryimage","url":"https:\/\/spmaskiner.com\/wp-content\/uploads\/2022\/03\/brnilsson122-1024x576.jpg","contentUrl":"https:\/\/spmaskiner.com\/wp-content\/uploads\/2022\/03\/brnilsson122-1024x576.jpg"},{"@type":"BreadcrumbList","@id":"https:\/\/spmaskiner.com\/sv\/kundfordelar\/aggregat-for-alla-maskintyper-och-matsystem\/#breadcrumb","itemListElement":[{"@type":"ListItem","position":1,"name":"Home","item":"https:\/\/spmaskiner.com\/sv\/"},{"@type":"ListItem","position":2,"name":"Kundf\u00f6rdelar","item":"https:\/\/spmaskiner.com\/sv\/kundfordelar\/"},{"@type":"ListItem","position":3,"name":"Aggregat f\u00f6r alla maskintyper och m\u00e4tsystem"}]},{"@type":"WebSite","@id":"https:\/\/spmaskiner.com\/sv\/#website","url":"https:\/\/spmaskiner.com\/sv\/","name":"SP Maskiner","description":"Always ahead","publisher":{"@id":"https:\/\/spmaskiner.com\/sv\/#organization"},"potentialAction":[{"@type":"SearchAction","target":{"@type":"EntryPoint","urlTemplate":"https:\/\/spmaskiner.com\/sv\/?s={search_term_string}"},"query-input":{"@type":"PropertyValueSpecification","valueRequired":true,"valueName":"search_term_string"}}],"inLanguage":"sv-SE"},{"@type":"Organization","@id":"https:\/\/spmaskiner.com\/sv\/#organization","name":"SP Maskiner","url":"https:\/\/spmaskiner.com\/sv\/","logo":{"@type":"ImageObject","inLanguage":"sv-SE","@id":"https:\/\/spmaskiner.com\/sv\/#\/schema\/logo\/image\/","url":"https:\/\/spmaskiner.com\/wp-content\/uploads\/2021\/03\/spmaskiner-logotyp.png","contentUrl":"https:\/\/spmaskiner.com\/wp-content\/uploads\/2021\/03\/spmaskiner-logotyp.png","width":350,"height":65,"caption":"SP Maskiner"},"image":{"@id":"https:\/\/spmaskiner.com\/sv\/#\/schema\/logo\/image\/"}}]}},"_links":{"self":[{"href":"https:\/\/spmaskiner.com\/sv\/wp-json\/wp\/v2\/pages\/7113","targetHints":{"allow":["GET"]}}],"collection":[{"href":"https:\/\/spmaskiner.com\/sv\/wp-json\/wp\/v2\/pages"}],"about":[{"href":"https:\/\/spmaskiner.com\/sv\/wp-json\/wp\/v2\/types\/page"}],"author":[{"embeddable":true,"href":"https:\/\/spmaskiner.com\/sv\/wp-json\/wp\/v2\/users\/2"}],"replies":[{"embeddable":true,"href":"https:\/\/spmaskiner.com\/sv\/wp-json\/wp\/v2\/comments?post=7113"}],"version-history":[{"count":25,"href":"https:\/\/spmaskiner.com\/sv\/wp-json\/wp\/v2\/pages\/7113\/revisions"}],"predecessor-version":[{"id":7158,"href":"https:\/\/spmaskiner.com\/sv\/wp-json\/wp\/v2\/pages\/7113\/revisions\/7158"}],"up":[{"embeddable":true,"href":"https:\/\/spmaskiner.com\/sv\/wp-json\/wp\/v2\/pages\/1267"}],"wp:attachment":[{"href":"https:\/\/spmaskiner.com\/sv\/wp-json\/wp\/v2\/media?parent=7113"}],"curies":[{"name":"wp","href":"https:\/\/api.w.org\/{rel}","templated":true}]}}