{"id":7225,"date":"2022-04-21T14:11:52","date_gmt":"2022-04-21T12:11:52","guid":{"rendered":"https:\/\/spmaskiner.com\/?page_id=7225"},"modified":"2022-04-21T14:25:28","modified_gmt":"2022-04-21T12:25:28","slug":"tillverkningskvalitet-in-i-minsta-detalj","status":"publish","type":"page","link":"https:\/\/spmaskiner.com\/sv\/kundfordelar\/tillverkningskvalitet-in-i-minsta-detalj\/","title":{"rendered":"Tillverkningskvalitet in i minsta detalj"},"content":{"rendered":"\t\t<div data-elementor-type=\"wp-page\" data-elementor-id=\"7225\" class=\"elementor elementor-7225\" data-elementor-post-type=\"page\">\n\t\t\t\t\t\t<section class=\"elementor-section elementor-top-section elementor-element elementor-element-190c45f elementor-section-boxed elementor-section-height-default elementor-section-height-default\" data-id=\"190c45f\" data-element_type=\"section\" data-e-type=\"section\">\n\t\t\t\t\t\t<div class=\"elementor-container elementor-column-gap-default\">\n\t\t\t\t\t<div class=\"elementor-column elementor-col-100 elementor-top-column elementor-element elementor-element-380323b6\" data-id=\"380323b6\" data-element_type=\"column\" data-e-type=\"column\">\n\t\t\t<div class=\"elementor-widget-wrap elementor-element-populated\">\n\t\t\t\t\t\t<div class=\"elementor-element elementor-element-578343ec elementor-widget elementor-widget-heading\" data-id=\"578343ec\" data-element_type=\"widget\" data-e-type=\"widget\" data-widget_type=\"heading.default\">\n\t\t\t\t<div class=\"elementor-widget-container\">\n\t\t\t\t\t<h1 class=\"elementor-heading-title elementor-size-default\">Tillverkningskvalitet in i minsta detalj<\/h1>\t\t\t\t<\/div>\n\t\t\t\t<\/div>\n\t\t\t\t<div class=\"elementor-element elementor-element-0ccd9c5 elementor-widget elementor-widget-text-editor\" data-id=\"0ccd9c5\" data-element_type=\"widget\" data-e-type=\"widget\" data-widget_type=\"text-editor.default\">\n\t\t\t\t<div class=\"elementor-widget-container\">\n\t\t\t\t\t\t\t\t\t<p>Hos oss p\u00e5 SP Maskiner st\u00e5r alltid kvalitet i fokus och bakom varje aggregat som l\u00e4mnar v\u00e5r fabrik finns ett gediget kunnande och en stor portion yrkesstolthet. Tack vare noggrannheten i varje del av v\u00e5r process \u2013 i allt ifr\u00e5n val av material till konstruktion, svetsning och slutliga kontroller \u2013 \u00e4r vi alltid s\u00e4kra p\u00e5 att aggregatet fungerar till hundra procent vid leverans och att installation och uppstart g\u00e5r smidigt och problemfritt.<\/p><p>Aggregatens alla delar v\u00e4ljs noggrant ut f\u00f6r att s\u00e4kerst\u00e4lla att allt fr\u00e5n ramens material till komponenter som hydraulventil, cylindrar, givare och kvistknivar \u00e4r av b\u00e4sta t\u00e4nkbara kvalitet. V\u00e5r l\u00e5nga erfarenhet och expertis inom aggregattillverkning har gjort att vi i h\u00f6g utstr\u00e4ckning v\u00e4ljer att arbeta med gjutna komponenter, exempelvis chassidelar och knivar, d\u00e5 vi vet att det resulterar i mycket slitstarka och robusta aggregat. Valet av just gjutgods g\u00f6r ocks\u00e5 oss p\u00e5 SP unika i v\u00e5rt s\u00e4tt att tillverka aggregat liksom omsorgen om detaljer i varje moment. Varje komponentval tillsammans med extrem noggrannhet vid alla svetsarbeten genererar aggregat med maximal livsl\u00e4ngd och minimala underh\u00e5ll p\u00e5 ramen. D\u00e5 vi v\u00e4rnar om hantverket arbetar vi alltid enligt en kontrollerad process f\u00f6r att s\u00e4kerst\u00e4lla att resultatet blir perfekt varje g\u00e5ng.<\/p><p>Innan aggregaten l\u00e4mnar v\u00e5r fabrik \u00e4r de alla kontrollerade enligt v\u00e5rt grundliga testprogram, SP Quality Assurance. H\u00e4r beskrivs i detalj vad som ska kontrolleras, vilka tester som ska utf\u00f6ras och att vi s\u00e4kerst\u00e4ller att alla funktioner har provk\u00f6rts innan leverans \u2013 allt f\u00f6r att ingenting ska l\u00e4mnas \u00e5t slumpen.<\/p><p>Som aggregattillverkare st\u00e4ller vi stora krav p\u00e5 oss sj\u00e4lva och \u00e4r stolta \u00f6ver att s\u00e4ga att du som kund alltid kan f\u00f6rv\u00e4nta dig b\u00e4sta kvalitet i ditt val av ett aggregat fr\u00e5n SP.<\/p>\t\t\t\t\t\t\t\t<\/div>\n\t\t\t\t<\/div>\n\t\t\t\t<div class=\"elementor-element elementor-element-4c5a6be elementor-icon-list--layout-inline elementor-align-end elementor-list-item-link-full_width elementor-widget elementor-widget-icon-list\" data-id=\"4c5a6be\" data-element_type=\"widget\" data-e-type=\"widget\" data-widget_type=\"icon-list.default\">\n\t\t\t\t<div class=\"elementor-widget-container\">\n\t\t\t\t\t\t\t<ul class=\"elementor-icon-list-items elementor-inline-items\">\n\t\t\t\t\t\t\t<li class=\"elementor-icon-list-item elementor-inline-item\">\n\t\t\t\t\t\t\t\t\t\t\t<a href=\"https:\/\/spmaskiner.com\/wp-content\/uploads\/2022\/04\/Tillverkningskvalitet.pdf\">\n\n\t\t\t\t\t\t\t\t\t\t\t\t<span class=\"elementor-icon-list-icon\">\n\t\t\t\t\t\t\t<i aria-hidden=\"true\" class=\"fas fa-file-pdf\"><\/i>\t\t\t\t\t\t<\/span>\n\t\t\t\t\t\t\t\t\t\t<span class=\"elementor-icon-list-text\">Tillverkningskvalitet<\/span>\n\t\t\t\t\t\t\t\t\t\t\t<\/a>\n\t\t\t\t\t\t\t\t\t<\/li>\n\t\t\t\t\t\t<\/ul>\n\t\t\t\t\t\t<\/div>\n\t\t\t\t<\/div>\n\t\t\t\t\t<\/div>\n\t\t<\/div>\n\t\t\t\t\t<\/div>\n\t\t<\/section>\n\t\t\t\t<section class=\"elementor-section elementor-top-section elementor-element elementor-element-0862548 elementor-section-boxed elementor-section-height-default elementor-section-height-default\" data-id=\"0862548\" data-element_type=\"section\" data-e-type=\"section\">\n\t\t\t\t\t\t<div class=\"elementor-container elementor-column-gap-default\">\n\t\t\t\t\t<div class=\"elementor-column elementor-col-100 elementor-top-column elementor-element elementor-element-cd8c7cf\" data-id=\"cd8c7cf\" data-element_type=\"column\" data-e-type=\"column\">\n\t\t\t<div class=\"elementor-widget-wrap elementor-element-populated\">\n\t\t\t\t\t\t<div class=\"elementor-element elementor-element-07841ae elementor-widget elementor-widget-image\" data-id=\"07841ae\" data-element_type=\"widget\" data-e-type=\"widget\" data-widget_type=\"image.default\">\n\t\t\t\t<div class=\"elementor-widget-container\">\n\t\t\t\t\t\t\t\t\t\t\t\t\t\t\t<img loading=\"lazy\" decoding=\"async\" width=\"1024\" height=\"683\" src=\"https:\/\/spmaskiner.com\/wp-content\/uploads\/2022\/04\/DSC05966-1024x683.jpg\" class=\"attachment-large size-large wp-image-7226\" alt=\"Tillverkningskvalitet\" srcset=\"https:\/\/spmaskiner.com\/wp-content\/uploads\/2022\/04\/DSC05966-1024x683.jpg 1024w, https:\/\/spmaskiner.com\/wp-content\/uploads\/2022\/04\/DSC05966-300x200.jpg 300w, https:\/\/spmaskiner.com\/wp-content\/uploads\/2022\/04\/DSC05966-768x512.jpg 768w, https:\/\/spmaskiner.com\/wp-content\/uploads\/2022\/04\/DSC05966-1536x1024.jpg 1536w, https:\/\/spmaskiner.com\/wp-content\/uploads\/2022\/04\/DSC05966-2048x1366.jpg 2048w\" sizes=\"auto, (max-width: 1024px) 100vw, 1024px\" \/>\t\t\t\t\t\t\t\t\t\t\t\t\t\t\t<\/div>\n\t\t\t\t<\/div>\n\t\t\t\t\t<\/div>\n\t\t<\/div>\n\t\t\t\t\t<\/div>\n\t\t<\/section>\n\t\t\t\t<\/div>\n\t\t","protected":false},"excerpt":{"rendered":"<p>Tillverkningskvalitet in i minsta detalj Hos oss p\u00e5 SP Maskiner st\u00e5r alltid kvalitet i fokus och bakom varje aggregat som l\u00e4mnar v\u00e5r fabrik finns ett gediget kunnande och en stor portion yrkesstolthet. Tack vare noggrannheten i varje del av v\u00e5r process \u2013 i allt ifr\u00e5n val av material till konstruktion, svetsning och slutliga kontroller \u2013 [&hellip;]<\/p>\n","protected":false},"author":2,"featured_media":0,"parent":1267,"menu_order":355,"comment_status":"closed","ping_status":"closed","template":"elementor_header_footer","meta":{"_acf_changed":false,"site-sidebar-layout":"no-sidebar","site-content-layout":"page-builder","ast-site-content-layout":"default","site-content-style":"default","site-sidebar-style":"default","ast-global-header-display":"","ast-banner-title-visibility":"","ast-main-header-display":"","ast-hfb-above-header-display":"","ast-hfb-below-header-display":"","ast-hfb-mobile-header-display":"","site-post-title":"disabled","ast-breadcrumbs-content":"","ast-featured-img":"disabled","footer-sml-layout":"","ast-disable-related-posts":"","theme-transparent-header-meta":"default","adv-header-id-meta":"","stick-header-meta":"","header-above-stick-meta":"","header-main-stick-meta":"","header-below-stick-meta":"","astra-migrate-meta-layouts":"default","ast-page-background-enabled":"default","ast-page-background-meta":{"desktop":{"background-color":"","background-image":"","background-repeat":"repeat","background-position":"center center","background-size":"auto","background-attachment":"scroll","background-type":"","background-media":"","overlay-type":"","overlay-color":"","overlay-opacity":"","overlay-gradient":""},"tablet":{"background-color":"","background-image":"","background-repeat":"repeat","background-position":"center center","background-size":"auto","background-attachment":"scroll","background-type":"","background-media":"","overlay-type":"","overlay-color":"","overlay-opacity":"","overlay-gradient":""},"mobile":{"background-color":"","background-image":"","background-repeat":"repeat","background-position":"center center","background-size":"auto","background-attachment":"scroll","background-type":"","background-media":"","overlay-type":"","overlay-color":"","overlay-opacity":"","overlay-gradient":""}},"ast-content-background-meta":{"desktop":{"background-color":"var(--ast-global-color-5)","background-image":"","background-repeat":"repeat","background-position":"center center","background-size":"auto","background-attachment":"scroll","background-type":"","background-media":"","overlay-type":"","overlay-color":"","overlay-opacity":"","overlay-gradient":""},"tablet":{"background-color":"var(--ast-global-color-5)","background-image":"","background-repeat":"repeat","background-position":"center center","background-size":"auto","background-attachment":"scroll","background-type":"","background-media":"","overlay-type":"","overlay-color":"","overlay-opacity":"","overlay-gradient":""},"mobile":{"background-color":"var(--ast-global-color-5)","background-image":"","background-repeat":"repeat","background-position":"center center","background-size":"auto","background-attachment":"scroll","background-type":"","background-media":"","overlay-type":"","overlay-color":"","overlay-opacity":"","overlay-gradient":""}},"footnotes":""},"class_list":["post-7225","page","type-page","status-publish","hentry"],"acf":[],"yoast_head":"<!-- This site is optimized with the Yoast SEO plugin v26.9 - https:\/\/yoast.com\/product\/yoast-seo-wordpress\/ -->\n<title>Tillverkningskvalitet in i minsta detalj - SP Maskiner<\/title>\n<meta name=\"robots\" content=\"index, follow, max-snippet:-1, max-image-preview:large, max-video-preview:-1\" \/>\n<link rel=\"canonical\" href=\"https:\/\/spmaskiner.com\/sv\/kundfordelar\/tillverkningskvalitet-in-i-minsta-detalj\/\" \/>\n<meta property=\"og:locale\" content=\"sv_SE\" \/>\n<meta property=\"og:type\" content=\"article\" \/>\n<meta property=\"og:title\" content=\"Tillverkningskvalitet in i minsta detalj - SP Maskiner\" \/>\n<meta property=\"og:description\" content=\"Tillverkningskvalitet in i minsta detalj Hos oss p\u00e5 SP Maskiner st\u00e5r alltid kvalitet i fokus och bakom varje aggregat som l\u00e4mnar v\u00e5r fabrik finns ett gediget kunnande och en stor portion yrkesstolthet. Tack vare noggrannheten i varje del av v\u00e5r process \u2013 i allt ifr\u00e5n val av material till konstruktion, svetsning och slutliga kontroller \u2013 [&hellip;]\" \/>\n<meta property=\"og:url\" content=\"https:\/\/spmaskiner.com\/sv\/kundfordelar\/tillverkningskvalitet-in-i-minsta-detalj\/\" \/>\n<meta property=\"og:site_name\" content=\"SP Maskiner\" \/>\n<meta property=\"article:modified_time\" content=\"2022-04-21T12:25:28+00:00\" \/>\n<meta property=\"og:image\" content=\"https:\/\/spmaskiner.com\/wp-content\/uploads\/2022\/04\/DSC05966-scaled.jpg\" \/>\n\t<meta property=\"og:image:width\" content=\"2560\" \/>\n\t<meta property=\"og:image:height\" content=\"1707\" \/>\n\t<meta property=\"og:image:type\" content=\"image\/jpeg\" \/>\n<meta name=\"twitter:card\" content=\"summary_large_image\" \/>\n<script type=\"application\/ld+json\" class=\"yoast-schema-graph\">{\"@context\":\"https:\/\/schema.org\",\"@graph\":[{\"@type\":\"WebPage\",\"@id\":\"https:\/\/spmaskiner.com\/sv\/kundfordelar\/tillverkningskvalitet-in-i-minsta-detalj\/\",\"url\":\"https:\/\/spmaskiner.com\/sv\/kundfordelar\/tillverkningskvalitet-in-i-minsta-detalj\/\",\"name\":\"Tillverkningskvalitet in i minsta detalj - SP Maskiner\",\"isPartOf\":{\"@id\":\"https:\/\/spmaskiner.com\/sv\/#website\"},\"primaryImageOfPage\":{\"@id\":\"https:\/\/spmaskiner.com\/sv\/kundfordelar\/tillverkningskvalitet-in-i-minsta-detalj\/#primaryimage\"},\"image\":{\"@id\":\"https:\/\/spmaskiner.com\/sv\/kundfordelar\/tillverkningskvalitet-in-i-minsta-detalj\/#primaryimage\"},\"thumbnailUrl\":\"https:\/\/spmaskiner.com\/wp-content\/uploads\/2022\/04\/DSC05966-1024x683.jpg\",\"datePublished\":\"2022-04-21T12:11:52+00:00\",\"dateModified\":\"2022-04-21T12:25:28+00:00\",\"breadcrumb\":{\"@id\":\"https:\/\/spmaskiner.com\/sv\/kundfordelar\/tillverkningskvalitet-in-i-minsta-detalj\/#breadcrumb\"},\"inLanguage\":\"sv-SE\",\"potentialAction\":[{\"@type\":\"ReadAction\",\"target\":[\"https:\/\/spmaskiner.com\/sv\/kundfordelar\/tillverkningskvalitet-in-i-minsta-detalj\/\"]}]},{\"@type\":\"ImageObject\",\"inLanguage\":\"sv-SE\",\"@id\":\"https:\/\/spmaskiner.com\/sv\/kundfordelar\/tillverkningskvalitet-in-i-minsta-detalj\/#primaryimage\",\"url\":\"https:\/\/spmaskiner.com\/wp-content\/uploads\/2022\/04\/DSC05966-1024x683.jpg\",\"contentUrl\":\"https:\/\/spmaskiner.com\/wp-content\/uploads\/2022\/04\/DSC05966-1024x683.jpg\"},{\"@type\":\"BreadcrumbList\",\"@id\":\"https:\/\/spmaskiner.com\/sv\/kundfordelar\/tillverkningskvalitet-in-i-minsta-detalj\/#breadcrumb\",\"itemListElement\":[{\"@type\":\"ListItem\",\"position\":1,\"name\":\"Home\",\"item\":\"https:\/\/spmaskiner.com\/sv\/\"},{\"@type\":\"ListItem\",\"position\":2,\"name\":\"Kundf\u00f6rdelar\",\"item\":\"https:\/\/spmaskiner.com\/sv\/kundfordelar\/\"},{\"@type\":\"ListItem\",\"position\":3,\"name\":\"Tillverkningskvalitet in i minsta detalj\"}]},{\"@type\":\"WebSite\",\"@id\":\"https:\/\/spmaskiner.com\/sv\/#website\",\"url\":\"https:\/\/spmaskiner.com\/sv\/\",\"name\":\"SP Maskiner\",\"description\":\"Always ahead\",\"publisher\":{\"@id\":\"https:\/\/spmaskiner.com\/sv\/#organization\"},\"potentialAction\":[{\"@type\":\"SearchAction\",\"target\":{\"@type\":\"EntryPoint\",\"urlTemplate\":\"https:\/\/spmaskiner.com\/sv\/?s={search_term_string}\"},\"query-input\":{\"@type\":\"PropertyValueSpecification\",\"valueRequired\":true,\"valueName\":\"search_term_string\"}}],\"inLanguage\":\"sv-SE\"},{\"@type\":\"Organization\",\"@id\":\"https:\/\/spmaskiner.com\/sv\/#organization\",\"name\":\"SP Maskiner\",\"url\":\"https:\/\/spmaskiner.com\/sv\/\",\"logo\":{\"@type\":\"ImageObject\",\"inLanguage\":\"sv-SE\",\"@id\":\"https:\/\/spmaskiner.com\/sv\/#\/schema\/logo\/image\/\",\"url\":\"https:\/\/spmaskiner.com\/wp-content\/uploads\/2021\/03\/spmaskiner-logotyp.png\",\"contentUrl\":\"https:\/\/spmaskiner.com\/wp-content\/uploads\/2021\/03\/spmaskiner-logotyp.png\",\"width\":350,\"height\":65,\"caption\":\"SP Maskiner\"},\"image\":{\"@id\":\"https:\/\/spmaskiner.com\/sv\/#\/schema\/logo\/image\/\"}}]}<\/script>\n<!-- \/ Yoast SEO plugin. -->","yoast_head_json":{"title":"Tillverkningskvalitet in i minsta detalj - SP Maskiner","robots":{"index":"index","follow":"follow","max-snippet":"max-snippet:-1","max-image-preview":"max-image-preview:large","max-video-preview":"max-video-preview:-1"},"canonical":"https:\/\/spmaskiner.com\/sv\/kundfordelar\/tillverkningskvalitet-in-i-minsta-detalj\/","og_locale":"sv_SE","og_type":"article","og_title":"Tillverkningskvalitet in i minsta detalj - SP Maskiner","og_description":"Tillverkningskvalitet in i minsta detalj Hos oss p\u00e5 SP Maskiner st\u00e5r alltid kvalitet i fokus och bakom varje aggregat som l\u00e4mnar v\u00e5r fabrik finns ett gediget kunnande och en stor portion yrkesstolthet. Tack vare noggrannheten i varje del av v\u00e5r process \u2013 i allt ifr\u00e5n val av material till konstruktion, svetsning och slutliga kontroller \u2013 [&hellip;]","og_url":"https:\/\/spmaskiner.com\/sv\/kundfordelar\/tillverkningskvalitet-in-i-minsta-detalj\/","og_site_name":"SP Maskiner","article_modified_time":"2022-04-21T12:25:28+00:00","og_image":[{"width":2560,"height":1707,"url":"https:\/\/spmaskiner.com\/wp-content\/uploads\/2022\/04\/DSC05966-scaled.jpg","type":"image\/jpeg"}],"twitter_card":"summary_large_image","schema":{"@context":"https:\/\/schema.org","@graph":[{"@type":"WebPage","@id":"https:\/\/spmaskiner.com\/sv\/kundfordelar\/tillverkningskvalitet-in-i-minsta-detalj\/","url":"https:\/\/spmaskiner.com\/sv\/kundfordelar\/tillverkningskvalitet-in-i-minsta-detalj\/","name":"Tillverkningskvalitet in i minsta detalj - SP Maskiner","isPartOf":{"@id":"https:\/\/spmaskiner.com\/sv\/#website"},"primaryImageOfPage":{"@id":"https:\/\/spmaskiner.com\/sv\/kundfordelar\/tillverkningskvalitet-in-i-minsta-detalj\/#primaryimage"},"image":{"@id":"https:\/\/spmaskiner.com\/sv\/kundfordelar\/tillverkningskvalitet-in-i-minsta-detalj\/#primaryimage"},"thumbnailUrl":"https:\/\/spmaskiner.com\/wp-content\/uploads\/2022\/04\/DSC05966-1024x683.jpg","datePublished":"2022-04-21T12:11:52+00:00","dateModified":"2022-04-21T12:25:28+00:00","breadcrumb":{"@id":"https:\/\/spmaskiner.com\/sv\/kundfordelar\/tillverkningskvalitet-in-i-minsta-detalj\/#breadcrumb"},"inLanguage":"sv-SE","potentialAction":[{"@type":"ReadAction","target":["https:\/\/spmaskiner.com\/sv\/kundfordelar\/tillverkningskvalitet-in-i-minsta-detalj\/"]}]},{"@type":"ImageObject","inLanguage":"sv-SE","@id":"https:\/\/spmaskiner.com\/sv\/kundfordelar\/tillverkningskvalitet-in-i-minsta-detalj\/#primaryimage","url":"https:\/\/spmaskiner.com\/wp-content\/uploads\/2022\/04\/DSC05966-1024x683.jpg","contentUrl":"https:\/\/spmaskiner.com\/wp-content\/uploads\/2022\/04\/DSC05966-1024x683.jpg"},{"@type":"BreadcrumbList","@id":"https:\/\/spmaskiner.com\/sv\/kundfordelar\/tillverkningskvalitet-in-i-minsta-detalj\/#breadcrumb","itemListElement":[{"@type":"ListItem","position":1,"name":"Home","item":"https:\/\/spmaskiner.com\/sv\/"},{"@type":"ListItem","position":2,"name":"Kundf\u00f6rdelar","item":"https:\/\/spmaskiner.com\/sv\/kundfordelar\/"},{"@type":"ListItem","position":3,"name":"Tillverkningskvalitet in i minsta detalj"}]},{"@type":"WebSite","@id":"https:\/\/spmaskiner.com\/sv\/#website","url":"https:\/\/spmaskiner.com\/sv\/","name":"SP Maskiner","description":"Always ahead","publisher":{"@id":"https:\/\/spmaskiner.com\/sv\/#organization"},"potentialAction":[{"@type":"SearchAction","target":{"@type":"EntryPoint","urlTemplate":"https:\/\/spmaskiner.com\/sv\/?s={search_term_string}"},"query-input":{"@type":"PropertyValueSpecification","valueRequired":true,"valueName":"search_term_string"}}],"inLanguage":"sv-SE"},{"@type":"Organization","@id":"https:\/\/spmaskiner.com\/sv\/#organization","name":"SP Maskiner","url":"https:\/\/spmaskiner.com\/sv\/","logo":{"@type":"ImageObject","inLanguage":"sv-SE","@id":"https:\/\/spmaskiner.com\/sv\/#\/schema\/logo\/image\/","url":"https:\/\/spmaskiner.com\/wp-content\/uploads\/2021\/03\/spmaskiner-logotyp.png","contentUrl":"https:\/\/spmaskiner.com\/wp-content\/uploads\/2021\/03\/spmaskiner-logotyp.png","width":350,"height":65,"caption":"SP Maskiner"},"image":{"@id":"https:\/\/spmaskiner.com\/sv\/#\/schema\/logo\/image\/"}}]}},"_links":{"self":[{"href":"https:\/\/spmaskiner.com\/sv\/wp-json\/wp\/v2\/pages\/7225","targetHints":{"allow":["GET"]}}],"collection":[{"href":"https:\/\/spmaskiner.com\/sv\/wp-json\/wp\/v2\/pages"}],"about":[{"href":"https:\/\/spmaskiner.com\/sv\/wp-json\/wp\/v2\/types\/page"}],"author":[{"embeddable":true,"href":"https:\/\/spmaskiner.com\/sv\/wp-json\/wp\/v2\/users\/2"}],"replies":[{"embeddable":true,"href":"https:\/\/spmaskiner.com\/sv\/wp-json\/wp\/v2\/comments?post=7225"}],"version-history":[{"count":16,"href":"https:\/\/spmaskiner.com\/sv\/wp-json\/wp\/v2\/pages\/7225\/revisions"}],"predecessor-version":[{"id":7259,"href":"https:\/\/spmaskiner.com\/sv\/wp-json\/wp\/v2\/pages\/7225\/revisions\/7259"}],"up":[{"embeddable":true,"href":"https:\/\/spmaskiner.com\/sv\/wp-json\/wp\/v2\/pages\/1267"}],"wp:attachment":[{"href":"https:\/\/spmaskiner.com\/sv\/wp-json\/wp\/v2\/media?parent=7225"}],"curies":[{"name":"wp","href":"https:\/\/api.w.org\/{rel}","templated":true}]}}