{"id":9557,"date":"2022-10-25T07:52:28","date_gmt":"2022-10-25T05:52:28","guid":{"rendered":"https:\/\/spmaskiner.com\/?page_id=9557"},"modified":"2022-10-25T07:52:29","modified_gmt":"2022-10-25T05:52:29","slug":"effektiva-aggregat-for-gravmaskiner","status":"publish","type":"page","link":"https:\/\/spmaskiner.com\/sv\/kundfordelar\/effektiva-aggregat-for-gravmaskiner\/","title":{"rendered":"Effektiva aggregat f\u00f6r gr\u00e4vmaskiner"},"content":{"rendered":"\t\t<div data-elementor-type=\"wp-page\" data-elementor-id=\"9557\" class=\"elementor elementor-9557\" data-elementor-post-type=\"page\">\n\t\t\t\t\t\t<section class=\"elementor-section elementor-top-section elementor-element elementor-element-190c45f elementor-section-boxed elementor-section-height-default elementor-section-height-default\" data-id=\"190c45f\" data-element_type=\"section\" data-e-type=\"section\">\n\t\t\t\t\t\t<div class=\"elementor-container elementor-column-gap-default\">\n\t\t\t\t\t<div class=\"elementor-column elementor-col-100 elementor-top-column elementor-element elementor-element-380323b6\" data-id=\"380323b6\" data-element_type=\"column\" data-e-type=\"column\">\n\t\t\t<div class=\"elementor-widget-wrap elementor-element-populated\">\n\t\t\t\t\t\t<div class=\"elementor-element elementor-element-578343ec elementor-widget elementor-widget-heading\" data-id=\"578343ec\" data-element_type=\"widget\" data-e-type=\"widget\" data-widget_type=\"heading.default\">\n\t\t\t\t<div class=\"elementor-widget-container\">\n\t\t\t\t\t<h1 class=\"elementor-heading-title elementor-size-default\">Effektiva aggregat f\u00f6r gr\u00e4vmaskiner<\/h1>\t\t\t\t<\/div>\n\t\t\t\t<\/div>\n\t\t\t\t<div class=\"elementor-element elementor-element-0ccd9c5 elementor-widget elementor-widget-text-editor\" data-id=\"0ccd9c5\" data-element_type=\"widget\" data-e-type=\"widget\" data-widget_type=\"text-editor.default\">\n\t\t\t\t<div class=\"elementor-widget-container\">\n\t\t\t\t\t\t\t\t\t<p>Med SP\u00b4s aggregat f\u00f6rvandlar du enkelt din gr\u00e4vmaskin till en effektiv sk\u00f6rdare. Med mer \u00e4n fyrtio \u00e5rs erfarenhet vill vi s\u00e4ga att vi \u00e4r experter p\u00e5 aggregatinstallationer och vi vet precis vad som kr\u00e4vs f\u00f6r att du ska f\u00e5 ut s\u00e5 mycket som m\u00f6jligt av din maskin och ditt aggregat. Genom \u00e5ren har SP\u00b4s aggregat installerats p\u00e5 alla t\u00e4nkbara gr\u00e4vmaskinsmodeller och m\u00e4rken v\u00e4rlden \u00f6ver och idag \u00e4r vi stolta \u00f6ver att vara ett av de ledande m\u00e4rkena p\u00e5 den internationella marknaden. I v\u00e5rt Excavator Conversion Kit har vi samlat v\u00e5r kunskap och v\u00e5ra erfarenheter i en teknisk steg-f\u00f6r-steg dokumentation som g\u00f6r det enkelt, snabbt och problemfritt f\u00f6r v\u00e5ra \u00e5terf\u00f6rs\u00e4ljare och kunder att genomf\u00f6ra installationen med b\u00e4sta t\u00e4nkbara resultat. Dessutom erbjuder vi dig som kund en kostnadsfri analys f\u00f6r att ta reda p\u00e5 dina behov och hur just du kan maximera din produktion med hj\u00e4lp av v\u00e5ra aggregat. V\u00e5r kunskap g\u00f6r att du som kund alltid kan k\u00e4nna dig trygg i att v\u00e4lja SP.<\/p><p><br \/>SP\u00b4s aggregat har alla konstruerats enligt v\u00e5rt unika l\u00e5gfriktionskoncept och utm\u00e4rker sig s\u00e5v\u00e4l genom h\u00f6g prestanda och matningshastighet som genom optimal br\u00e4nslef\u00f6rbrukning. Smart och effektiv hydraulik med l\u00e5ga tryckfall genererar h\u00f6g energieffektivitet och minimerar risken f\u00f6r varmg\u00e5ng i systemet, n\u00e5got som b\u00e5de f\u00f6rl\u00e4nger komponent livsl\u00e4ngden avsev\u00e4rt p\u00e5 s\u00e5v\u00e4l maskin som aggregat.<\/p><p>V\u00e5rt koncept garanterar tack vare detta \u00e4ven mycket l\u00e5ga underh\u00e5llskostnader, minimala stillest\u00e5nd och en god totalekonomi. Tack vare den unika hydrauliken passar SP\u00b4s sk\u00f6rdaraggregat perfekt f\u00f6r just f\u00f6r gr\u00e4vmaskinsinstallationer och ger dig alla f\u00f6ruts\u00e4ttningar f\u00f6r en effektiv och l\u00f6nsam avverkning avsett avverkningstyp eller avverkningsf\u00f6rh\u00e5llanden.<\/p>\t\t\t\t\t\t\t\t<\/div>\n\t\t\t\t<\/div>\n\t\t\t\t<div class=\"elementor-element elementor-element-4c5a6be elementor-icon-list--layout-inline elementor-align-end elementor-list-item-link-full_width elementor-widget elementor-widget-icon-list\" data-id=\"4c5a6be\" data-element_type=\"widget\" data-e-type=\"widget\" data-widget_type=\"icon-list.default\">\n\t\t\t\t<div class=\"elementor-widget-container\">\n\t\t\t\t\t\t\t<ul class=\"elementor-icon-list-items elementor-inline-items\">\n\t\t\t\t\t\t\t<li class=\"elementor-icon-list-item elementor-inline-item\">\n\t\t\t\t\t\t\t\t\t\t\t<a href=\"https:\/\/spmaskiner.com\/wp-content\/uploads\/2022\/10\/aggregatforgravmaskiner.pdf\" target=\"_blank\">\n\n\t\t\t\t\t\t\t\t\t\t\t\t<span class=\"elementor-icon-list-icon\">\n\t\t\t\t\t\t\t<i aria-hidden=\"true\" class=\"fas fa-file-pdf\"><\/i>\t\t\t\t\t\t<\/span>\n\t\t\t\t\t\t\t\t\t\t<span class=\"elementor-icon-list-text\">Effektiva aggregat f\u00f6r gr\u00e4vmaskiner<\/span>\n\t\t\t\t\t\t\t\t\t\t\t<\/a>\n\t\t\t\t\t\t\t\t\t<\/li>\n\t\t\t\t\t\t<\/ul>\n\t\t\t\t\t\t<\/div>\n\t\t\t\t<\/div>\n\t\t\t\t\t<\/div>\n\t\t<\/div>\n\t\t\t\t\t<\/div>\n\t\t<\/section>\n\t\t\t\t<section class=\"elementor-section elementor-top-section elementor-element elementor-element-bc4dae0 elementor-section-boxed elementor-section-height-default elementor-section-height-default\" data-id=\"bc4dae0\" data-element_type=\"section\" data-e-type=\"section\">\n\t\t\t\t\t\t<div class=\"elementor-container elementor-column-gap-default\">\n\t\t\t\t\t<div class=\"elementor-column elementor-col-33 elementor-top-column elementor-element elementor-element-7fd6320\" data-id=\"7fd6320\" data-element_type=\"column\" data-e-type=\"column\">\n\t\t\t<div class=\"elementor-widget-wrap elementor-element-populated\">\n\t\t\t\t\t\t<div class=\"elementor-element elementor-element-855dc69 elementor-widget elementor-widget-image\" data-id=\"855dc69\" data-element_type=\"widget\" data-e-type=\"widget\" data-widget_type=\"image.default\">\n\t\t\t\t<div class=\"elementor-widget-container\">\n\t\t\t\t\t\t\t\t\t\t\t\t\t\t\t<img loading=\"lazy\" decoding=\"async\" width=\"1024\" height=\"683\" src=\"https:\/\/spmaskiner.com\/wp-content\/uploads\/2022\/10\/174245968_4667029113323699_6238349744950711997_n.jpg\" class=\"attachment-large size-large wp-image-9558\" alt=\"Sk\u00f6rdaraggregat gr\u00e4vmaskin\" srcset=\"https:\/\/spmaskiner.com\/wp-content\/uploads\/2022\/10\/174245968_4667029113323699_6238349744950711997_n.jpg 1024w, https:\/\/spmaskiner.com\/wp-content\/uploads\/2022\/10\/174245968_4667029113323699_6238349744950711997_n-300x200.jpg 300w, https:\/\/spmaskiner.com\/wp-content\/uploads\/2022\/10\/174245968_4667029113323699_6238349744950711997_n-768x512.jpg 768w\" sizes=\"auto, (max-width: 1024px) 100vw, 1024px\" \/>\t\t\t\t\t\t\t\t\t\t\t\t\t\t\t<\/div>\n\t\t\t\t<\/div>\n\t\t\t\t\t<\/div>\n\t\t<\/div>\n\t\t\t\t<div class=\"elementor-column elementor-col-33 elementor-top-column elementor-element elementor-element-d0fff82\" data-id=\"d0fff82\" data-element_type=\"column\" data-e-type=\"column\">\n\t\t\t<div class=\"elementor-widget-wrap elementor-element-populated\">\n\t\t\t\t\t\t<div class=\"elementor-element elementor-element-624ab7f elementor-widget elementor-widget-image\" data-id=\"624ab7f\" data-element_type=\"widget\" data-e-type=\"widget\" data-widget_type=\"image.default\">\n\t\t\t\t<div class=\"elementor-widget-container\">\n\t\t\t\t\t\t\t\t\t\t\t\t\t\t\t<img loading=\"lazy\" decoding=\"async\" width=\"1024\" height=\"683\" src=\"https:\/\/spmaskiner.com\/wp-content\/uploads\/2022\/10\/IMG_1117-1024x683.jpg\" class=\"attachment-large size-large wp-image-9565\" alt=\"Sk\u00f6rdaraggregat gr\u00e4vmaskin\" srcset=\"https:\/\/spmaskiner.com\/wp-content\/uploads\/2022\/10\/IMG_1117-1024x683.jpg 1024w, https:\/\/spmaskiner.com\/wp-content\/uploads\/2022\/10\/IMG_1117-300x200.jpg 300w, https:\/\/spmaskiner.com\/wp-content\/uploads\/2022\/10\/IMG_1117-768x512.jpg 768w, https:\/\/spmaskiner.com\/wp-content\/uploads\/2022\/10\/IMG_1117-1536x1024.jpg 1536w, https:\/\/spmaskiner.com\/wp-content\/uploads\/2022\/10\/IMG_1117-2048x1365.jpg 2048w\" sizes=\"auto, (max-width: 1024px) 100vw, 1024px\" \/>\t\t\t\t\t\t\t\t\t\t\t\t\t\t\t<\/div>\n\t\t\t\t<\/div>\n\t\t\t\t\t<\/div>\n\t\t<\/div>\n\t\t\t\t<div class=\"elementor-column elementor-col-33 elementor-top-column elementor-element elementor-element-94195c7\" data-id=\"94195c7\" data-element_type=\"column\" data-e-type=\"column\">\n\t\t\t<div class=\"elementor-widget-wrap elementor-element-populated\">\n\t\t\t\t\t\t<div class=\"elementor-element elementor-element-f93ccbe elementor-widget elementor-widget-image\" data-id=\"f93ccbe\" data-element_type=\"widget\" data-e-type=\"widget\" data-widget_type=\"image.default\">\n\t\t\t\t<div class=\"elementor-widget-container\">\n\t\t\t\t\t\t\t\t\t\t\t\t\t\t\t<img loading=\"lazy\" decoding=\"async\" width=\"1024\" height=\"683\" src=\"https:\/\/spmaskiner.com\/wp-content\/uploads\/2022\/10\/IMG-20220107-WA0038-1024x683.jpg\" class=\"attachment-large size-large wp-image-9572\" alt=\"\" srcset=\"https:\/\/spmaskiner.com\/wp-content\/uploads\/2022\/10\/IMG-20220107-WA0038-1024x683.jpg 1024w, https:\/\/spmaskiner.com\/wp-content\/uploads\/2022\/10\/IMG-20220107-WA0038-300x200.jpg 300w, https:\/\/spmaskiner.com\/wp-content\/uploads\/2022\/10\/IMG-20220107-WA0038-768x512.jpg 768w, https:\/\/spmaskiner.com\/wp-content\/uploads\/2022\/10\/IMG-20220107-WA0038-1536x1024.jpg 1536w, https:\/\/spmaskiner.com\/wp-content\/uploads\/2022\/10\/IMG-20220107-WA0038.jpg 1920w\" sizes=\"auto, (max-width: 1024px) 100vw, 1024px\" \/>\t\t\t\t\t\t\t\t\t\t\t\t\t\t\t<\/div>\n\t\t\t\t<\/div>\n\t\t\t\t\t<\/div>\n\t\t<\/div>\n\t\t\t\t\t<\/div>\n\t\t<\/section>\n\t\t\t\t<\/div>\n\t\t","protected":false},"excerpt":{"rendered":"<p>Effektiva aggregat f\u00f6r gr\u00e4vmaskiner Med SP\u00b4s aggregat f\u00f6rvandlar du enkelt din gr\u00e4vmaskin till en effektiv sk\u00f6rdare. Med mer \u00e4n fyrtio \u00e5rs erfarenhet vill vi s\u00e4ga att vi \u00e4r experter p\u00e5 aggregatinstallationer och vi vet precis vad som kr\u00e4vs f\u00f6r att du ska f\u00e5 ut s\u00e5 mycket som m\u00f6jligt av din maskin och ditt aggregat. Genom [&hellip;]<\/p>\n","protected":false},"author":2,"featured_media":0,"parent":1267,"menu_order":102,"comment_status":"closed","ping_status":"closed","template":"elementor_header_footer","meta":{"_acf_changed":false,"site-sidebar-layout":"no-sidebar","site-content-layout":"page-builder","ast-site-content-layout":"default","site-content-style":"default","site-sidebar-style":"default","ast-global-header-display":"","ast-banner-title-visibility":"","ast-main-header-display":"","ast-hfb-above-header-display":"","ast-hfb-below-header-display":"","ast-hfb-mobile-header-display":"","site-post-title":"disabled","ast-breadcrumbs-content":"","ast-featured-img":"disabled","footer-sml-layout":"","ast-disable-related-posts":"","theme-transparent-header-meta":"default","adv-header-id-meta":"","stick-header-meta":"","header-above-stick-meta":"","header-main-stick-meta":"","header-below-stick-meta":"","astra-migrate-meta-layouts":"default","ast-page-background-enabled":"default","ast-page-background-meta":{"desktop":{"background-color":"","background-image":"","background-repeat":"repeat","background-position":"center center","background-size":"auto","background-attachment":"scroll","background-type":"","background-media":"","overlay-type":"","overlay-color":"","overlay-opacity":"","overlay-gradient":""},"tablet":{"background-color":"","background-image":"","background-repeat":"repeat","background-position":"center center","background-size":"auto","background-attachment":"scroll","background-type":"","background-media":"","overlay-type":"","overlay-color":"","overlay-opacity":"","overlay-gradient":""},"mobile":{"background-color":"","background-image":"","background-repeat":"repeat","background-position":"center center","background-size":"auto","background-attachment":"scroll","background-type":"","background-media":"","overlay-type":"","overlay-color":"","overlay-opacity":"","overlay-gradient":""}},"ast-content-background-meta":{"desktop":{"background-color":"var(--ast-global-color-5)","background-image":"","background-repeat":"repeat","background-position":"center center","background-size":"auto","background-attachment":"scroll","background-type":"","background-media":"","overlay-type":"","overlay-color":"","overlay-opacity":"","overlay-gradient":""},"tablet":{"background-color":"var(--ast-global-color-5)","background-image":"","background-repeat":"repeat","background-position":"center center","background-size":"auto","background-attachment":"scroll","background-type":"","background-media":"","overlay-type":"","overlay-color":"","overlay-opacity":"","overlay-gradient":""},"mobile":{"background-color":"var(--ast-global-color-5)","background-image":"","background-repeat":"repeat","background-position":"center center","background-size":"auto","background-attachment":"scroll","background-type":"","background-media":"","overlay-type":"","overlay-color":"","overlay-opacity":"","overlay-gradient":""}},"footnotes":""},"class_list":["post-9557","page","type-page","status-publish","hentry"],"acf":[],"yoast_head":"<!-- This site is optimized with the Yoast SEO plugin v26.9 - https:\/\/yoast.com\/product\/yoast-seo-wordpress\/ -->\n<title>Effektiva aggregat f\u00f6r gr\u00e4vmaskiner - SP Maskiner<\/title>\n<meta name=\"robots\" content=\"index, follow, max-snippet:-1, max-image-preview:large, max-video-preview:-1\" \/>\n<link rel=\"canonical\" href=\"https:\/\/spmaskiner.com\/sv\/kundfordelar\/effektiva-aggregat-for-gravmaskiner\/\" \/>\n<meta property=\"og:locale\" content=\"sv_SE\" \/>\n<meta property=\"og:type\" content=\"article\" \/>\n<meta property=\"og:title\" content=\"Effektiva aggregat f\u00f6r gr\u00e4vmaskiner - SP Maskiner\" \/>\n<meta property=\"og:description\" content=\"Effektiva aggregat f\u00f6r gr\u00e4vmaskiner Med SP\u00b4s aggregat f\u00f6rvandlar du enkelt din gr\u00e4vmaskin till en effektiv sk\u00f6rdare. Med mer \u00e4n fyrtio \u00e5rs erfarenhet vill vi s\u00e4ga att vi \u00e4r experter p\u00e5 aggregatinstallationer och vi vet precis vad som kr\u00e4vs f\u00f6r att du ska f\u00e5 ut s\u00e5 mycket som m\u00f6jligt av din maskin och ditt aggregat. Genom [&hellip;]\" \/>\n<meta property=\"og:url\" content=\"https:\/\/spmaskiner.com\/sv\/kundfordelar\/effektiva-aggregat-for-gravmaskiner\/\" \/>\n<meta property=\"og:site_name\" content=\"SP Maskiner\" \/>\n<meta property=\"article:modified_time\" content=\"2022-10-25T05:52:29+00:00\" \/>\n<meta property=\"og:image\" content=\"https:\/\/spmaskiner.com\/wp-content\/uploads\/2022\/10\/174245968_4667029113323699_6238349744950711997_n.jpg\" \/>\n\t<meta property=\"og:image:width\" content=\"1024\" \/>\n\t<meta property=\"og:image:height\" content=\"683\" \/>\n\t<meta property=\"og:image:type\" content=\"image\/jpeg\" \/>\n<meta name=\"twitter:card\" content=\"summary_large_image\" \/>\n<script type=\"application\/ld+json\" class=\"yoast-schema-graph\">{\"@context\":\"https:\/\/schema.org\",\"@graph\":[{\"@type\":\"WebPage\",\"@id\":\"https:\/\/spmaskiner.com\/sv\/kundfordelar\/effektiva-aggregat-for-gravmaskiner\/\",\"url\":\"https:\/\/spmaskiner.com\/sv\/kundfordelar\/effektiva-aggregat-for-gravmaskiner\/\",\"name\":\"Effektiva aggregat f\u00f6r gr\u00e4vmaskiner - SP Maskiner\",\"isPartOf\":{\"@id\":\"https:\/\/spmaskiner.com\/sv\/#website\"},\"primaryImageOfPage\":{\"@id\":\"https:\/\/spmaskiner.com\/sv\/kundfordelar\/effektiva-aggregat-for-gravmaskiner\/#primaryimage\"},\"image\":{\"@id\":\"https:\/\/spmaskiner.com\/sv\/kundfordelar\/effektiva-aggregat-for-gravmaskiner\/#primaryimage\"},\"thumbnailUrl\":\"https:\/\/spmaskiner.com\/wp-content\/uploads\/2022\/10\/174245968_4667029113323699_6238349744950711997_n.jpg\",\"datePublished\":\"2022-10-25T05:52:28+00:00\",\"dateModified\":\"2022-10-25T05:52:29+00:00\",\"breadcrumb\":{\"@id\":\"https:\/\/spmaskiner.com\/sv\/kundfordelar\/effektiva-aggregat-for-gravmaskiner\/#breadcrumb\"},\"inLanguage\":\"sv-SE\",\"potentialAction\":[{\"@type\":\"ReadAction\",\"target\":[\"https:\/\/spmaskiner.com\/sv\/kundfordelar\/effektiva-aggregat-for-gravmaskiner\/\"]}]},{\"@type\":\"ImageObject\",\"inLanguage\":\"sv-SE\",\"@id\":\"https:\/\/spmaskiner.com\/sv\/kundfordelar\/effektiva-aggregat-for-gravmaskiner\/#primaryimage\",\"url\":\"https:\/\/spmaskiner.com\/wp-content\/uploads\/2022\/10\/174245968_4667029113323699_6238349744950711997_n.jpg\",\"contentUrl\":\"https:\/\/spmaskiner.com\/wp-content\/uploads\/2022\/10\/174245968_4667029113323699_6238349744950711997_n.jpg\"},{\"@type\":\"BreadcrumbList\",\"@id\":\"https:\/\/spmaskiner.com\/sv\/kundfordelar\/effektiva-aggregat-for-gravmaskiner\/#breadcrumb\",\"itemListElement\":[{\"@type\":\"ListItem\",\"position\":1,\"name\":\"Home\",\"item\":\"https:\/\/spmaskiner.com\/sv\/\"},{\"@type\":\"ListItem\",\"position\":2,\"name\":\"Kundf\u00f6rdelar\",\"item\":\"https:\/\/spmaskiner.com\/sv\/kundfordelar\/\"},{\"@type\":\"ListItem\",\"position\":3,\"name\":\"Effektiva aggregat f\u00f6r gr\u00e4vmaskiner\"}]},{\"@type\":\"WebSite\",\"@id\":\"https:\/\/spmaskiner.com\/sv\/#website\",\"url\":\"https:\/\/spmaskiner.com\/sv\/\",\"name\":\"SP Maskiner\",\"description\":\"Always ahead\",\"publisher\":{\"@id\":\"https:\/\/spmaskiner.com\/sv\/#organization\"},\"potentialAction\":[{\"@type\":\"SearchAction\",\"target\":{\"@type\":\"EntryPoint\",\"urlTemplate\":\"https:\/\/spmaskiner.com\/sv\/?s={search_term_string}\"},\"query-input\":{\"@type\":\"PropertyValueSpecification\",\"valueRequired\":true,\"valueName\":\"search_term_string\"}}],\"inLanguage\":\"sv-SE\"},{\"@type\":\"Organization\",\"@id\":\"https:\/\/spmaskiner.com\/sv\/#organization\",\"name\":\"SP Maskiner\",\"url\":\"https:\/\/spmaskiner.com\/sv\/\",\"logo\":{\"@type\":\"ImageObject\",\"inLanguage\":\"sv-SE\",\"@id\":\"https:\/\/spmaskiner.com\/sv\/#\/schema\/logo\/image\/\",\"url\":\"https:\/\/spmaskiner.com\/wp-content\/uploads\/2021\/03\/spmaskiner-logotyp.png\",\"contentUrl\":\"https:\/\/spmaskiner.com\/wp-content\/uploads\/2021\/03\/spmaskiner-logotyp.png\",\"width\":350,\"height\":65,\"caption\":\"SP Maskiner\"},\"image\":{\"@id\":\"https:\/\/spmaskiner.com\/sv\/#\/schema\/logo\/image\/\"}}]}<\/script>\n<!-- \/ Yoast SEO plugin. -->","yoast_head_json":{"title":"Effektiva aggregat f\u00f6r gr\u00e4vmaskiner - SP Maskiner","robots":{"index":"index","follow":"follow","max-snippet":"max-snippet:-1","max-image-preview":"max-image-preview:large","max-video-preview":"max-video-preview:-1"},"canonical":"https:\/\/spmaskiner.com\/sv\/kundfordelar\/effektiva-aggregat-for-gravmaskiner\/","og_locale":"sv_SE","og_type":"article","og_title":"Effektiva aggregat f\u00f6r gr\u00e4vmaskiner - SP Maskiner","og_description":"Effektiva aggregat f\u00f6r gr\u00e4vmaskiner Med SP\u00b4s aggregat f\u00f6rvandlar du enkelt din gr\u00e4vmaskin till en effektiv sk\u00f6rdare. Med mer \u00e4n fyrtio \u00e5rs erfarenhet vill vi s\u00e4ga att vi \u00e4r experter p\u00e5 aggregatinstallationer och vi vet precis vad som kr\u00e4vs f\u00f6r att du ska f\u00e5 ut s\u00e5 mycket som m\u00f6jligt av din maskin och ditt aggregat. Genom [&hellip;]","og_url":"https:\/\/spmaskiner.com\/sv\/kundfordelar\/effektiva-aggregat-for-gravmaskiner\/","og_site_name":"SP Maskiner","article_modified_time":"2022-10-25T05:52:29+00:00","og_image":[{"width":1024,"height":683,"url":"https:\/\/spmaskiner.com\/wp-content\/uploads\/2022\/10\/174245968_4667029113323699_6238349744950711997_n.jpg","type":"image\/jpeg"}],"twitter_card":"summary_large_image","schema":{"@context":"https:\/\/schema.org","@graph":[{"@type":"WebPage","@id":"https:\/\/spmaskiner.com\/sv\/kundfordelar\/effektiva-aggregat-for-gravmaskiner\/","url":"https:\/\/spmaskiner.com\/sv\/kundfordelar\/effektiva-aggregat-for-gravmaskiner\/","name":"Effektiva aggregat f\u00f6r gr\u00e4vmaskiner - SP Maskiner","isPartOf":{"@id":"https:\/\/spmaskiner.com\/sv\/#website"},"primaryImageOfPage":{"@id":"https:\/\/spmaskiner.com\/sv\/kundfordelar\/effektiva-aggregat-for-gravmaskiner\/#primaryimage"},"image":{"@id":"https:\/\/spmaskiner.com\/sv\/kundfordelar\/effektiva-aggregat-for-gravmaskiner\/#primaryimage"},"thumbnailUrl":"https:\/\/spmaskiner.com\/wp-content\/uploads\/2022\/10\/174245968_4667029113323699_6238349744950711997_n.jpg","datePublished":"2022-10-25T05:52:28+00:00","dateModified":"2022-10-25T05:52:29+00:00","breadcrumb":{"@id":"https:\/\/spmaskiner.com\/sv\/kundfordelar\/effektiva-aggregat-for-gravmaskiner\/#breadcrumb"},"inLanguage":"sv-SE","potentialAction":[{"@type":"ReadAction","target":["https:\/\/spmaskiner.com\/sv\/kundfordelar\/effektiva-aggregat-for-gravmaskiner\/"]}]},{"@type":"ImageObject","inLanguage":"sv-SE","@id":"https:\/\/spmaskiner.com\/sv\/kundfordelar\/effektiva-aggregat-for-gravmaskiner\/#primaryimage","url":"https:\/\/spmaskiner.com\/wp-content\/uploads\/2022\/10\/174245968_4667029113323699_6238349744950711997_n.jpg","contentUrl":"https:\/\/spmaskiner.com\/wp-content\/uploads\/2022\/10\/174245968_4667029113323699_6238349744950711997_n.jpg"},{"@type":"BreadcrumbList","@id":"https:\/\/spmaskiner.com\/sv\/kundfordelar\/effektiva-aggregat-for-gravmaskiner\/#breadcrumb","itemListElement":[{"@type":"ListItem","position":1,"name":"Home","item":"https:\/\/spmaskiner.com\/sv\/"},{"@type":"ListItem","position":2,"name":"Kundf\u00f6rdelar","item":"https:\/\/spmaskiner.com\/sv\/kundfordelar\/"},{"@type":"ListItem","position":3,"name":"Effektiva aggregat f\u00f6r gr\u00e4vmaskiner"}]},{"@type":"WebSite","@id":"https:\/\/spmaskiner.com\/sv\/#website","url":"https:\/\/spmaskiner.com\/sv\/","name":"SP Maskiner","description":"Always ahead","publisher":{"@id":"https:\/\/spmaskiner.com\/sv\/#organization"},"potentialAction":[{"@type":"SearchAction","target":{"@type":"EntryPoint","urlTemplate":"https:\/\/spmaskiner.com\/sv\/?s={search_term_string}"},"query-input":{"@type":"PropertyValueSpecification","valueRequired":true,"valueName":"search_term_string"}}],"inLanguage":"sv-SE"},{"@type":"Organization","@id":"https:\/\/spmaskiner.com\/sv\/#organization","name":"SP Maskiner","url":"https:\/\/spmaskiner.com\/sv\/","logo":{"@type":"ImageObject","inLanguage":"sv-SE","@id":"https:\/\/spmaskiner.com\/sv\/#\/schema\/logo\/image\/","url":"https:\/\/spmaskiner.com\/wp-content\/uploads\/2021\/03\/spmaskiner-logotyp.png","contentUrl":"https:\/\/spmaskiner.com\/wp-content\/uploads\/2021\/03\/spmaskiner-logotyp.png","width":350,"height":65,"caption":"SP Maskiner"},"image":{"@id":"https:\/\/spmaskiner.com\/sv\/#\/schema\/logo\/image\/"}}]}},"_links":{"self":[{"href":"https:\/\/spmaskiner.com\/sv\/wp-json\/wp\/v2\/pages\/9557","targetHints":{"allow":["GET"]}}],"collection":[{"href":"https:\/\/spmaskiner.com\/sv\/wp-json\/wp\/v2\/pages"}],"about":[{"href":"https:\/\/spmaskiner.com\/sv\/wp-json\/wp\/v2\/types\/page"}],"author":[{"embeddable":true,"href":"https:\/\/spmaskiner.com\/sv\/wp-json\/wp\/v2\/users\/2"}],"replies":[{"embeddable":true,"href":"https:\/\/spmaskiner.com\/sv\/wp-json\/wp\/v2\/comments?post=9557"}],"version-history":[{"count":15,"href":"https:\/\/spmaskiner.com\/sv\/wp-json\/wp\/v2\/pages\/9557\/revisions"}],"predecessor-version":[{"id":9628,"href":"https:\/\/spmaskiner.com\/sv\/wp-json\/wp\/v2\/pages\/9557\/revisions\/9628"}],"up":[{"embeddable":true,"href":"https:\/\/spmaskiner.com\/sv\/wp-json\/wp\/v2\/pages\/1267"}],"wp:attachment":[{"href":"https:\/\/spmaskiner.com\/sv\/wp-json\/wp\/v2\/media?parent=9557"}],"curies":[{"name":"wp","href":"https:\/\/api.w.org\/{rel}","templated":true}]}}